{"id":7495,"date":"2025-03-24T13:42:53","date_gmt":"2025-03-24T13:42:53","guid":{"rendered":"https:\/\/awero.ee\/toode\/skorstenshatt-med-gnistfangare\/"},"modified":"2026-03-10T07:58:54","modified_gmt":"2026-03-10T07:58:54","slug":"skorstenshatt-med-gnistfangare","status":"publish","type":"product","link":"https:\/\/awero.ee\/sv\/toode\/skorstenshatt-med-gnistfangare\/","title":{"rendered":"Skorstenshuv med gnistskydd"},"content":{"rendered":"","protected":false},"excerpt":{"rendered":"<p>Denna skorstenshuv med gnistskydd f\u00e5ngar upp gnistor och gl\u00f6dande partiklar fr\u00e5n skorstenen och minskar risken f\u00f6r brand avsev\u00e4rt. Perfekt n\u00e4r badtunnan \u00e4r placerad n\u00e4ra byggnader, terrasser eller andra omr\u00e5den med brandrisk. <\/p>\n","protected":false},"featured_media":5235,"template":"","meta":{"_acf_changed":false},"product_brand":[],"product_cat":[583],"product_tag":[],"class_list":{"0":"post-7495","1":"product","2":"type-product","3":"status-publish","4":"has-post-thumbnail","6":"product_cat-extrautrustning","8":"first","9":"instock","10":"shipping-taxable","11":"product-type-simple"},"acf":[],"yoast_head":"<!-- This site is optimized with the Yoast SEO plugin v26.8 - https:\/\/yoast.com\/product\/yoast-seo-wordpress\/ -->\n<title>Skorstenshuv med gnistskydd - Awero - S\u00fcdamega L\u00f5una-Eestist<\/title>\n<meta name=\"robots\" content=\"index, follow, max-snippet:-1, max-image-preview:large, max-video-preview:-1\" \/>\n<link rel=\"canonical\" href=\"https:\/\/awero.ee\/sv\/toode\/skorstenshatt-med-gnistfangare\/\" \/>\n<meta property=\"og:locale\" content=\"sv_SE\" \/>\n<meta property=\"og:type\" content=\"article\" \/>\n<meta property=\"og:title\" content=\"Skorstenshuv med gnistskydd - Awero - S\u00fcdamega L\u00f5una-Eestist\" \/>\n<meta property=\"og:description\" content=\"Denna skorstenshuv med gnistskydd f\u00e5ngar upp gnistor och gl\u00f6dande partiklar fr\u00e5n skorstenen och minskar risken f\u00f6r brand avsev\u00e4rt. Perfekt n\u00e4r badtunnan \u00e4r placerad n\u00e4ra byggnader, terrasser eller andra omr\u00e5den med brandrisk.\" \/>\n<meta property=\"og:url\" content=\"https:\/\/awero.ee\/sv\/toode\/skorstenshatt-med-gnistfangare\/\" \/>\n<meta property=\"og:site_name\" content=\"Awero - S\u00fcdamega L\u00f5una-Eestist\" \/>\n<meta property=\"article:modified_time\" content=\"2026-03-10T07:58:54+00:00\" \/>\n<meta property=\"og:image\" content=\"https:\/\/awero.ee\/wp-content\/uploads\/2025\/03\/korstnamuts.png\" \/>\n\t<meta property=\"og:image:width\" content=\"875\" \/>\n\t<meta property=\"og:image:height\" content=\"1166\" \/>\n\t<meta property=\"og:image:type\" content=\"image\/png\" \/>\n<meta name=\"twitter:card\" content=\"summary_large_image\" \/>\n<script type=\"application\/ld+json\" class=\"yoast-schema-graph\">{\"@context\":\"https:\/\/schema.org\",\"@graph\":[{\"@type\":\"WebPage\",\"@id\":\"https:\/\/awero.ee\/sv\/toode\/skorstenshatt-med-gnistfangare\/\",\"url\":\"https:\/\/awero.ee\/sv\/toode\/skorstenshatt-med-gnistfangare\/\",\"name\":\"Skorstenshuv med gnistskydd - Awero - S\u00fcdamega L\u00f5una-Eestist\",\"isPartOf\":{\"@id\":\"https:\/\/awero.ee\/sv\/#website\"},\"primaryImageOfPage\":{\"@id\":\"https:\/\/awero.ee\/sv\/toode\/skorstenshatt-med-gnistfangare\/#primaryimage\"},\"image\":{\"@id\":\"https:\/\/awero.ee\/sv\/toode\/skorstenshatt-med-gnistfangare\/#primaryimage\"},\"thumbnailUrl\":\"https:\/\/awero.ee\/wp-content\/uploads\/2025\/03\/korstnamuts.png\",\"datePublished\":\"2025-03-24T13:42:53+00:00\",\"dateModified\":\"2026-03-10T07:58:54+00:00\",\"breadcrumb\":{\"@id\":\"https:\/\/awero.ee\/sv\/toode\/skorstenshatt-med-gnistfangare\/#breadcrumb\"},\"inLanguage\":\"sv-SE\",\"potentialAction\":[{\"@type\":\"ReadAction\",\"target\":[\"https:\/\/awero.ee\/sv\/toode\/skorstenshatt-med-gnistfangare\/\"]}]},{\"@type\":\"ImageObject\",\"inLanguage\":\"sv-SE\",\"@id\":\"https:\/\/awero.ee\/sv\/toode\/skorstenshatt-med-gnistfangare\/#primaryimage\",\"url\":\"https:\/\/awero.ee\/wp-content\/uploads\/2025\/03\/korstnamuts.png\",\"contentUrl\":\"https:\/\/awero.ee\/wp-content\/uploads\/2025\/03\/korstnamuts.png\",\"width\":875,\"height\":1166},{\"@type\":\"BreadcrumbList\",\"@id\":\"https:\/\/awero.ee\/sv\/toode\/skorstenshatt-med-gnistfangare\/#breadcrumb\",\"itemListElement\":[{\"@type\":\"ListItem\",\"position\":1,\"name\":\"Home\",\"item\":\"https:\/\/awero.ee\/sv\/startsida\/\"},{\"@type\":\"ListItem\",\"position\":2,\"name\":\"Butik\",\"item\":\"https:\/\/awero.ee\/sv\/butik\/\"},{\"@type\":\"ListItem\",\"position\":3,\"name\":\"Skorstenshuv med gnistskydd\"}]},{\"@type\":\"WebSite\",\"@id\":\"https:\/\/awero.ee\/sv\/#website\",\"url\":\"https:\/\/awero.ee\/sv\/\",\"name\":\"Awero - S\u00fcdamega L\u00f5una Eestist\",\"description\":\"\",\"publisher\":{\"@id\":\"https:\/\/awero.ee\/sv\/#organization\"},\"potentialAction\":[{\"@type\":\"SearchAction\",\"target\":{\"@type\":\"EntryPoint\",\"urlTemplate\":\"https:\/\/awero.ee\/sv\/?s={search_term_string}\"},\"query-input\":{\"@type\":\"PropertyValueSpecification\",\"valueRequired\":true,\"valueName\":\"search_term_string\"}}],\"inLanguage\":\"sv-SE\"},{\"@type\":\"Organization\",\"@id\":\"https:\/\/awero.ee\/sv\/#organization\",\"name\":\"Awero - S\u00fcdamega L\u00f5una Eestist\",\"url\":\"https:\/\/awero.ee\/sv\/\",\"logo\":{\"@type\":\"ImageObject\",\"inLanguage\":\"sv-SE\",\"@id\":\"https:\/\/awero.ee\/sv\/#\/schema\/logo\/image\/\",\"url\":\"https:\/\/awero.ee\/wp-content\/uploads\/2024\/07\/aweroplaceholder.jpg\",\"contentUrl\":\"https:\/\/awero.ee\/wp-content\/uploads\/2024\/07\/aweroplaceholder.jpg\",\"width\":1250,\"height\":834,\"caption\":\"Awero - S\u00fcdamega L\u00f5una Eestist\"},\"image\":{\"@id\":\"https:\/\/awero.ee\/sv\/#\/schema\/logo\/image\/\"}}]}<\/script>\n<!-- \/ Yoast SEO plugin. -->","yoast_head_json":{"title":"Skorstenshuv med gnistskydd - Awero - S\u00fcdamega L\u00f5una-Eestist","robots":{"index":"index","follow":"follow","max-snippet":"max-snippet:-1","max-image-preview":"max-image-preview:large","max-video-preview":"max-video-preview:-1"},"canonical":"https:\/\/awero.ee\/sv\/toode\/skorstenshatt-med-gnistfangare\/","og_locale":"sv_SE","og_type":"article","og_title":"Skorstenshuv med gnistskydd - Awero - S\u00fcdamega L\u00f5una-Eestist","og_description":"Denna skorstenshuv med gnistskydd f\u00e5ngar upp gnistor och gl\u00f6dande partiklar fr\u00e5n skorstenen och minskar risken f\u00f6r brand avsev\u00e4rt. Perfekt n\u00e4r badtunnan \u00e4r placerad n\u00e4ra byggnader, terrasser eller andra omr\u00e5den med brandrisk.","og_url":"https:\/\/awero.ee\/sv\/toode\/skorstenshatt-med-gnistfangare\/","og_site_name":"Awero - S\u00fcdamega L\u00f5una-Eestist","article_modified_time":"2026-03-10T07:58:54+00:00","og_image":[{"width":875,"height":1166,"url":"https:\/\/awero.ee\/wp-content\/uploads\/2025\/03\/korstnamuts.png","type":"image\/png"}],"twitter_card":"summary_large_image","schema":{"@context":"https:\/\/schema.org","@graph":[{"@type":"WebPage","@id":"https:\/\/awero.ee\/sv\/toode\/skorstenshatt-med-gnistfangare\/","url":"https:\/\/awero.ee\/sv\/toode\/skorstenshatt-med-gnistfangare\/","name":"Skorstenshuv med gnistskydd - Awero - S\u00fcdamega L\u00f5una-Eestist","isPartOf":{"@id":"https:\/\/awero.ee\/sv\/#website"},"primaryImageOfPage":{"@id":"https:\/\/awero.ee\/sv\/toode\/skorstenshatt-med-gnistfangare\/#primaryimage"},"image":{"@id":"https:\/\/awero.ee\/sv\/toode\/skorstenshatt-med-gnistfangare\/#primaryimage"},"thumbnailUrl":"https:\/\/awero.ee\/wp-content\/uploads\/2025\/03\/korstnamuts.png","datePublished":"2025-03-24T13:42:53+00:00","dateModified":"2026-03-10T07:58:54+00:00","breadcrumb":{"@id":"https:\/\/awero.ee\/sv\/toode\/skorstenshatt-med-gnistfangare\/#breadcrumb"},"inLanguage":"sv-SE","potentialAction":[{"@type":"ReadAction","target":["https:\/\/awero.ee\/sv\/toode\/skorstenshatt-med-gnistfangare\/"]}]},{"@type":"ImageObject","inLanguage":"sv-SE","@id":"https:\/\/awero.ee\/sv\/toode\/skorstenshatt-med-gnistfangare\/#primaryimage","url":"https:\/\/awero.ee\/wp-content\/uploads\/2025\/03\/korstnamuts.png","contentUrl":"https:\/\/awero.ee\/wp-content\/uploads\/2025\/03\/korstnamuts.png","width":875,"height":1166},{"@type":"BreadcrumbList","@id":"https:\/\/awero.ee\/sv\/toode\/skorstenshatt-med-gnistfangare\/#breadcrumb","itemListElement":[{"@type":"ListItem","position":1,"name":"Home","item":"https:\/\/awero.ee\/sv\/startsida\/"},{"@type":"ListItem","position":2,"name":"Butik","item":"https:\/\/awero.ee\/sv\/butik\/"},{"@type":"ListItem","position":3,"name":"Skorstenshuv med gnistskydd"}]},{"@type":"WebSite","@id":"https:\/\/awero.ee\/sv\/#website","url":"https:\/\/awero.ee\/sv\/","name":"Awero - S\u00fcdamega L\u00f5una Eestist","description":"","publisher":{"@id":"https:\/\/awero.ee\/sv\/#organization"},"potentialAction":[{"@type":"SearchAction","target":{"@type":"EntryPoint","urlTemplate":"https:\/\/awero.ee\/sv\/?s={search_term_string}"},"query-input":{"@type":"PropertyValueSpecification","valueRequired":true,"valueName":"search_term_string"}}],"inLanguage":"sv-SE"},{"@type":"Organization","@id":"https:\/\/awero.ee\/sv\/#organization","name":"Awero - S\u00fcdamega L\u00f5una Eestist","url":"https:\/\/awero.ee\/sv\/","logo":{"@type":"ImageObject","inLanguage":"sv-SE","@id":"https:\/\/awero.ee\/sv\/#\/schema\/logo\/image\/","url":"https:\/\/awero.ee\/wp-content\/uploads\/2024\/07\/aweroplaceholder.jpg","contentUrl":"https:\/\/awero.ee\/wp-content\/uploads\/2024\/07\/aweroplaceholder.jpg","width":1250,"height":834,"caption":"Awero - S\u00fcdamega L\u00f5una Eestist"},"image":{"@id":"https:\/\/awero.ee\/sv\/#\/schema\/logo\/image\/"}}]}},"_links":{"self":[{"href":"https:\/\/awero.ee\/sv\/wp-json\/wp\/v2\/product\/7495","targetHints":{"allow":["GET"]}}],"collection":[{"href":"https:\/\/awero.ee\/sv\/wp-json\/wp\/v2\/product"}],"about":[{"href":"https:\/\/awero.ee\/sv\/wp-json\/wp\/v2\/types\/product"}],"wp:featuredmedia":[{"embeddable":true,"href":"https:\/\/awero.ee\/sv\/wp-json\/wp\/v2\/media\/5235"}],"wp:attachment":[{"href":"https:\/\/awero.ee\/sv\/wp-json\/wp\/v2\/media?parent=7495"}],"wp:term":[{"taxonomy":"product_brand","embeddable":true,"href":"https:\/\/awero.ee\/sv\/wp-json\/wp\/v2\/product_brand?post=7495"},{"taxonomy":"product_cat","embeddable":true,"href":"https:\/\/awero.ee\/sv\/wp-json\/wp\/v2\/product_cat?post=7495"},{"taxonomy":"product_tag","embeddable":true,"href":"https:\/\/awero.ee\/sv\/wp-json\/wp\/v2\/product_tag?post=7495"}],"curies":[{"name":"wp","href":"https:\/\/api.w.org\/{rel}","templated":true}]}}