{"id":7494,"date":"2025-03-24T13:44:54","date_gmt":"2025-03-24T13:44:54","guid":{"rendered":"https:\/\/awero.ee\/toode\/hydromassage-motor-11-kw\/"},"modified":"2026-03-10T07:58:54","modified_gmt":"2026-03-10T07:58:54","slug":"hydromassage-motor-11-kw","status":"publish","type":"product","link":"https:\/\/awero.ee\/sv\/toode\/hydromassage-motor-11-kw\/","title":{"rendered":"Hydromassage (motor 1,1 kW)"},"content":{"rendered":"<p data-start=\"627\" data-end=\"649\"><strong>Huvudegenskaper:<\/strong><\/p>\n<ul>\n<li data-start=\"652\" data-end=\"679\">Motoreffekt: 1,1 kW<\/li>\n<li data-start=\"682\" data-end=\"713\">Stark vattentryck och massagingeffekt<\/li>\n<li data-start=\"716\" data-end=\"763\">Avsedd fr\u00e4mst f\u00f6r anv\u00e4ndning under varmare s\u00e4songer<\/li>\n<li data-start=\"766\" data-end=\"811\">\u00d6kad risk f\u00f6r frostskador vid vinterbruk<\/li>\n<\/ul>\n","protected":false},"excerpt":{"rendered":"<p data-start=\"124\" data-end=\"375\">Hydromassagesystemet \u00e4r utrustat med en <strong data-start=\"159\" data-end=\"190\">1,1 kW motor som ger sta<\/strong>rk och njutbar vattenmassage i badtunnan. Systemet \u00e4r fr\u00e4mst avsett f\u00f6r anv\u00e4ndning under varmare perioder, <strong data-start=\"315\" data-end=\"374\">eftersom det inte l\u00e4mpar sig f\u00f6r vinterbruk p\u00e5 grund av risken f\u00f6r frostskador.<\/strong> <\/p>\n<p data-start=\"377\" data-end=\"625\">Hydromassagen fungerar p\u00e5 principen med vattencirkulation och kr\u00e4ver kontinuerlig p\u00e5fyllning med vatten f\u00f6r korrekt och s\u00e4ker funktion. Vid l\u00e5ga temperaturer kan r\u00f6rsystemet och motorn skadas om enheten inte t\u00f6ms eller skyddas p\u00e5 r\u00e4tt s\u00e4tt. <\/p>\n","protected":false},"featured_media":5151,"template":"","meta":{"_acf_changed":false},"product_brand":[],"product_cat":[583],"product_tag":[],"class_list":{"0":"post-7494","1":"product","2":"type-product","3":"status-publish","4":"has-post-thumbnail","6":"product_cat-extrautrustning","8":"first","9":"instock","10":"shipping-taxable","11":"product-type-simple"},"acf":[],"yoast_head":"<!-- This site is optimized with the Yoast SEO plugin v26.8 - https:\/\/yoast.com\/product\/yoast-seo-wordpress\/ -->\n<title>Hydromassage (motor 1,1 kW) - Awero - S\u00fcdamega L\u00f5una-Eestist<\/title>\n<meta name=\"robots\" content=\"index, follow, max-snippet:-1, max-image-preview:large, max-video-preview:-1\" \/>\n<link rel=\"canonical\" href=\"https:\/\/awero.ee\/sv\/toode\/hydromassage-motor-11-kw\/\" \/>\n<meta property=\"og:locale\" content=\"sv_SE\" \/>\n<meta property=\"og:type\" content=\"article\" \/>\n<meta property=\"og:title\" content=\"Hydromassage (motor 1,1 kW) - Awero - S\u00fcdamega L\u00f5una-Eestist\" \/>\n<meta property=\"og:description\" content=\"Hydromassagesystemet \u00e4r utrustat med en 1,1 kW motor som ger stark och njutbar vattenmassage i badtunnan. Systemet \u00e4r fr\u00e4mst avsett f\u00f6r anv\u00e4ndning under varmare perioder, eftersom det inte l\u00e4mpar sig f\u00f6r vinterbruk p\u00e5 grund av risken f\u00f6r frostskador. Hydromassagen fungerar p\u00e5 principen med vattencirkulation och kr\u00e4ver kontinuerlig p\u00e5fyllning med vatten f\u00f6r korrekt och s\u00e4ker funktion. Vid l\u00e5ga temperaturer kan r\u00f6rsystemet och motorn skadas om enheten inte t\u00f6ms eller skyddas p\u00e5 r\u00e4tt s\u00e4tt.\" \/>\n<meta property=\"og:url\" content=\"https:\/\/awero.ee\/sv\/toode\/hydromassage-motor-11-kw\/\" \/>\n<meta property=\"og:site_name\" content=\"Awero - S\u00fcdamega L\u00f5una-Eestist\" \/>\n<meta property=\"article:modified_time\" content=\"2026-03-10T07:58:54+00:00\" \/>\n<meta property=\"og:image\" content=\"https:\/\/awero.ee\/wp-content\/uploads\/2025\/03\/Hudromassaaz.jpg\" \/>\n\t<meta property=\"og:image:width\" content=\"735\" \/>\n\t<meta property=\"og:image:height\" content=\"446\" \/>\n\t<meta property=\"og:image:type\" content=\"image\/jpeg\" \/>\n<meta name=\"twitter:card\" content=\"summary_large_image\" \/>\n<script type=\"application\/ld+json\" class=\"yoast-schema-graph\">{\"@context\":\"https:\/\/schema.org\",\"@graph\":[{\"@type\":\"WebPage\",\"@id\":\"https:\/\/awero.ee\/sv\/toode\/hydromassage-motor-11-kw\/\",\"url\":\"https:\/\/awero.ee\/sv\/toode\/hydromassage-motor-11-kw\/\",\"name\":\"Hydromassage (motor 1,1 kW) - Awero - S\u00fcdamega L\u00f5una-Eestist\",\"isPartOf\":{\"@id\":\"https:\/\/awero.ee\/sv\/#website\"},\"primaryImageOfPage\":{\"@id\":\"https:\/\/awero.ee\/sv\/toode\/hydromassage-motor-11-kw\/#primaryimage\"},\"image\":{\"@id\":\"https:\/\/awero.ee\/sv\/toode\/hydromassage-motor-11-kw\/#primaryimage\"},\"thumbnailUrl\":\"https:\/\/awero.ee\/wp-content\/uploads\/2025\/03\/Hudromassaaz.jpg\",\"datePublished\":\"2025-03-24T13:44:54+00:00\",\"dateModified\":\"2026-03-10T07:58:54+00:00\",\"breadcrumb\":{\"@id\":\"https:\/\/awero.ee\/sv\/toode\/hydromassage-motor-11-kw\/#breadcrumb\"},\"inLanguage\":\"sv-SE\",\"potentialAction\":[{\"@type\":\"ReadAction\",\"target\":[\"https:\/\/awero.ee\/sv\/toode\/hydromassage-motor-11-kw\/\"]}]},{\"@type\":\"ImageObject\",\"inLanguage\":\"sv-SE\",\"@id\":\"https:\/\/awero.ee\/sv\/toode\/hydromassage-motor-11-kw\/#primaryimage\",\"url\":\"https:\/\/awero.ee\/wp-content\/uploads\/2025\/03\/Hudromassaaz.jpg\",\"contentUrl\":\"https:\/\/awero.ee\/wp-content\/uploads\/2025\/03\/Hudromassaaz.jpg\",\"width\":735,\"height\":446},{\"@type\":\"BreadcrumbList\",\"@id\":\"https:\/\/awero.ee\/sv\/toode\/hydromassage-motor-11-kw\/#breadcrumb\",\"itemListElement\":[{\"@type\":\"ListItem\",\"position\":1,\"name\":\"Home\",\"item\":\"https:\/\/awero.ee\/sv\/startsida\/\"},{\"@type\":\"ListItem\",\"position\":2,\"name\":\"Butik\",\"item\":\"https:\/\/awero.ee\/sv\/butik\/\"},{\"@type\":\"ListItem\",\"position\":3,\"name\":\"Hydromassage (motor 1,1 kW)\"}]},{\"@type\":\"WebSite\",\"@id\":\"https:\/\/awero.ee\/sv\/#website\",\"url\":\"https:\/\/awero.ee\/sv\/\",\"name\":\"Awero - S\u00fcdamega L\u00f5una Eestist\",\"description\":\"\",\"publisher\":{\"@id\":\"https:\/\/awero.ee\/sv\/#organization\"},\"potentialAction\":[{\"@type\":\"SearchAction\",\"target\":{\"@type\":\"EntryPoint\",\"urlTemplate\":\"https:\/\/awero.ee\/sv\/?s={search_term_string}\"},\"query-input\":{\"@type\":\"PropertyValueSpecification\",\"valueRequired\":true,\"valueName\":\"search_term_string\"}}],\"inLanguage\":\"sv-SE\"},{\"@type\":\"Organization\",\"@id\":\"https:\/\/awero.ee\/sv\/#organization\",\"name\":\"Awero - S\u00fcdamega L\u00f5una Eestist\",\"url\":\"https:\/\/awero.ee\/sv\/\",\"logo\":{\"@type\":\"ImageObject\",\"inLanguage\":\"sv-SE\",\"@id\":\"https:\/\/awero.ee\/sv\/#\/schema\/logo\/image\/\",\"url\":\"https:\/\/awero.ee\/wp-content\/uploads\/2024\/07\/aweroplaceholder.jpg\",\"contentUrl\":\"https:\/\/awero.ee\/wp-content\/uploads\/2024\/07\/aweroplaceholder.jpg\",\"width\":1250,\"height\":834,\"caption\":\"Awero - S\u00fcdamega L\u00f5una Eestist\"},\"image\":{\"@id\":\"https:\/\/awero.ee\/sv\/#\/schema\/logo\/image\/\"}}]}<\/script>\n<!-- \/ Yoast SEO plugin. -->","yoast_head_json":{"title":"Hydromassage (motor 1,1 kW) - Awero - S\u00fcdamega L\u00f5una-Eestist","robots":{"index":"index","follow":"follow","max-snippet":"max-snippet:-1","max-image-preview":"max-image-preview:large","max-video-preview":"max-video-preview:-1"},"canonical":"https:\/\/awero.ee\/sv\/toode\/hydromassage-motor-11-kw\/","og_locale":"sv_SE","og_type":"article","og_title":"Hydromassage (motor 1,1 kW) - Awero - S\u00fcdamega L\u00f5una-Eestist","og_description":"Hydromassagesystemet \u00e4r utrustat med en 1,1 kW motor som ger stark och njutbar vattenmassage i badtunnan. Systemet \u00e4r fr\u00e4mst avsett f\u00f6r anv\u00e4ndning under varmare perioder, eftersom det inte l\u00e4mpar sig f\u00f6r vinterbruk p\u00e5 grund av risken f\u00f6r frostskador. Hydromassagen fungerar p\u00e5 principen med vattencirkulation och kr\u00e4ver kontinuerlig p\u00e5fyllning med vatten f\u00f6r korrekt och s\u00e4ker funktion. Vid l\u00e5ga temperaturer kan r\u00f6rsystemet och motorn skadas om enheten inte t\u00f6ms eller skyddas p\u00e5 r\u00e4tt s\u00e4tt.","og_url":"https:\/\/awero.ee\/sv\/toode\/hydromassage-motor-11-kw\/","og_site_name":"Awero - S\u00fcdamega L\u00f5una-Eestist","article_modified_time":"2026-03-10T07:58:54+00:00","og_image":[{"width":735,"height":446,"url":"https:\/\/awero.ee\/wp-content\/uploads\/2025\/03\/Hudromassaaz.jpg","type":"image\/jpeg"}],"twitter_card":"summary_large_image","schema":{"@context":"https:\/\/schema.org","@graph":[{"@type":"WebPage","@id":"https:\/\/awero.ee\/sv\/toode\/hydromassage-motor-11-kw\/","url":"https:\/\/awero.ee\/sv\/toode\/hydromassage-motor-11-kw\/","name":"Hydromassage (motor 1,1 kW) - Awero - S\u00fcdamega L\u00f5una-Eestist","isPartOf":{"@id":"https:\/\/awero.ee\/sv\/#website"},"primaryImageOfPage":{"@id":"https:\/\/awero.ee\/sv\/toode\/hydromassage-motor-11-kw\/#primaryimage"},"image":{"@id":"https:\/\/awero.ee\/sv\/toode\/hydromassage-motor-11-kw\/#primaryimage"},"thumbnailUrl":"https:\/\/awero.ee\/wp-content\/uploads\/2025\/03\/Hudromassaaz.jpg","datePublished":"2025-03-24T13:44:54+00:00","dateModified":"2026-03-10T07:58:54+00:00","breadcrumb":{"@id":"https:\/\/awero.ee\/sv\/toode\/hydromassage-motor-11-kw\/#breadcrumb"},"inLanguage":"sv-SE","potentialAction":[{"@type":"ReadAction","target":["https:\/\/awero.ee\/sv\/toode\/hydromassage-motor-11-kw\/"]}]},{"@type":"ImageObject","inLanguage":"sv-SE","@id":"https:\/\/awero.ee\/sv\/toode\/hydromassage-motor-11-kw\/#primaryimage","url":"https:\/\/awero.ee\/wp-content\/uploads\/2025\/03\/Hudromassaaz.jpg","contentUrl":"https:\/\/awero.ee\/wp-content\/uploads\/2025\/03\/Hudromassaaz.jpg","width":735,"height":446},{"@type":"BreadcrumbList","@id":"https:\/\/awero.ee\/sv\/toode\/hydromassage-motor-11-kw\/#breadcrumb","itemListElement":[{"@type":"ListItem","position":1,"name":"Home","item":"https:\/\/awero.ee\/sv\/startsida\/"},{"@type":"ListItem","position":2,"name":"Butik","item":"https:\/\/awero.ee\/sv\/butik\/"},{"@type":"ListItem","position":3,"name":"Hydromassage (motor 1,1 kW)"}]},{"@type":"WebSite","@id":"https:\/\/awero.ee\/sv\/#website","url":"https:\/\/awero.ee\/sv\/","name":"Awero - S\u00fcdamega L\u00f5una Eestist","description":"","publisher":{"@id":"https:\/\/awero.ee\/sv\/#organization"},"potentialAction":[{"@type":"SearchAction","target":{"@type":"EntryPoint","urlTemplate":"https:\/\/awero.ee\/sv\/?s={search_term_string}"},"query-input":{"@type":"PropertyValueSpecification","valueRequired":true,"valueName":"search_term_string"}}],"inLanguage":"sv-SE"},{"@type":"Organization","@id":"https:\/\/awero.ee\/sv\/#organization","name":"Awero - S\u00fcdamega L\u00f5una Eestist","url":"https:\/\/awero.ee\/sv\/","logo":{"@type":"ImageObject","inLanguage":"sv-SE","@id":"https:\/\/awero.ee\/sv\/#\/schema\/logo\/image\/","url":"https:\/\/awero.ee\/wp-content\/uploads\/2024\/07\/aweroplaceholder.jpg","contentUrl":"https:\/\/awero.ee\/wp-content\/uploads\/2024\/07\/aweroplaceholder.jpg","width":1250,"height":834,"caption":"Awero - S\u00fcdamega L\u00f5una Eestist"},"image":{"@id":"https:\/\/awero.ee\/sv\/#\/schema\/logo\/image\/"}}]}},"_links":{"self":[{"href":"https:\/\/awero.ee\/sv\/wp-json\/wp\/v2\/product\/7494","targetHints":{"allow":["GET"]}}],"collection":[{"href":"https:\/\/awero.ee\/sv\/wp-json\/wp\/v2\/product"}],"about":[{"href":"https:\/\/awero.ee\/sv\/wp-json\/wp\/v2\/types\/product"}],"wp:featuredmedia":[{"embeddable":true,"href":"https:\/\/awero.ee\/sv\/wp-json\/wp\/v2\/media\/5151"}],"wp:attachment":[{"href":"https:\/\/awero.ee\/sv\/wp-json\/wp\/v2\/media?parent=7494"}],"wp:term":[{"taxonomy":"product_brand","embeddable":true,"href":"https:\/\/awero.ee\/sv\/wp-json\/wp\/v2\/product_brand?post=7494"},{"taxonomy":"product_cat","embeddable":true,"href":"https:\/\/awero.ee\/sv\/wp-json\/wp\/v2\/product_cat?post=7494"},{"taxonomy":"product_tag","embeddable":true,"href":"https:\/\/awero.ee\/sv\/wp-json\/wp\/v2\/product_tag?post=7494"}],"curies":[{"name":"wp","href":"https:\/\/api.w.org\/{rel}","templated":true}]}}