{"id":7379,"date":"2025-04-13T17:23:23","date_gmt":"2025-04-13T17:23:23","guid":{"rendered":"https:\/\/awero.ee\/toode\/bastuvagn-pa-slapvagn\/"},"modified":"2026-04-01T12:31:54","modified_gmt":"2026-04-01T12:31:54","slug":"bastuvagn-pa-slapvagn","status":"publish","type":"product","link":"https:\/\/awero.ee\/sv\/toode\/bastuvagn-pa-slapvagn\/","title":{"rendered":"Bastuvagn p\u00e5 sl\u00e4pvagn"},"content":{"rendered":"<div style=\"width: 1920px;\" class=\"wp-video\"><video class=\"wp-video-shortcode\" id=\"video-7379-1\" width=\"1920\" height=\"1080\" preload=\"metadata\" controls=\"controls\"><source type=\"video\/mp4\" src=\"https:\/\/awero.ee\/wp-content\/uploads\/2025\/04\/Awero-karusaun-eng.mp4?_=1\" \/><a href=\"https:\/\/awero.ee\/wp-content\/uploads\/2025\/04\/Awero-karusaun-eng.mp4\">https:\/\/awero.ee\/wp-content\/uploads\/2025\/04\/Awero-karusaun-eng.mp4<\/a><\/video><\/div>\n<p>Bastun \u00e4r monterad p\u00e5 en sl\u00e4pvagn av B-kategori fr\u00e5n Tiki Trailer och inkluderar f\u00f6ljande:<\/p>\n<p>Vedeldat bastuaggregat Harvia inkl. bastustenar<br \/>\nEldbest\u00e4ndig rostfri skorsten inkl. 30 l varmvattentank<br \/>\nV\u00e4ggmaterial: 28 mm v\u00e4rmebehandlad furu<br \/>\nStarkt PVC-takmaterial<br \/>\nBastulavens material: v\u00e4rmebehandlad furu<br \/>\nSt\u00f6dben i alla fyra h\u00f6rn<br \/>\nGolvtrallar: v\u00e4rmebehandlad furu<br \/>\nBatteri med batteriladdare<br \/>\nInv\u00e4ndig och utv\u00e4ndig LED-belysning<br \/>\nTv\u00e5 f\u00f6nster med v\u00e4dringsfunktion<br \/>\nStereosystem (radio, Bluetooth, AUX, USB, h\u00f6gtalare)<br \/>\nF\u00f6rvaringsfack<br \/>TIKI plattformssl\u00e4p CP300-R\/DROP:<br \/>Flakets m\u00e5tt (m): 2.08 \u00d7 3.00<br \/>Sl\u00e4pets m\u00e5tt (m): 2.08 \u00d7 4.31<br \/>Lastningsh\u00f6jd (m): 0.58<br \/>Ram: Svetsad<br \/>Axel: Torsion<br \/>Bromsar: Nej<br \/>D\u00e4ck: 195\/55 R10C 4\u00d7100 M+S.<\/p>\n<p>TIKI plattformssl\u00e4p CP300-R\/DROP:<\/p>\n<p>Flakets m\u00e5tt (m): 2.08 \u00d7 3.00<br \/>\nSl\u00e4pets m\u00e5tt (m): 2.08 \u00d7 4.31<br \/>\nLastningsh\u00f6jd (m): 0.58<br \/>\nRam: Svetsad<br \/>\nAxel: Torsion<br \/>\nBromsar: Nej<br \/>\nD\u00e4ck: 195\/55 R10C 4\u00d7100 M+S.<\/p>\n","protected":false},"excerpt":{"rendered":"<p>Med smart design och genomt\u00e4nkt in i minsta detalj f\u00f6r att s\u00e4kerst\u00e4lla maximalt utrymme och maximal komfort \u00e4ven f\u00f6r flera bastubadare. Detta mobila bastusl\u00e4p \u00e4r tillverkat av h\u00e5llbart v\u00e4rmebehandlat tr\u00e4 och f\u00f6rsett med ett vedeldat bastuaggregat fr\u00e5n Harvia, batteridriven LED-belysning och ett musiksystem.<\/p>\n","protected":false},"featured_media":5337,"template":"","meta":{"_acf_changed":false},"product_brand":[],"product_cat":[573],"product_tag":[],"class_list":{"0":"post-7379","1":"product","2":"type-product","3":"status-publish","4":"has-post-thumbnail","6":"product_cat-produkter-pa-slapet","8":"first","9":"instock","10":"shipping-taxable","11":"product-type-simple"},"acf":[],"yoast_head":"<!-- This site is optimized with the Yoast SEO plugin v27.5 - https:\/\/yoast.com\/product\/yoast-seo-wordpress\/ -->\n<title>Bastuvagn p\u00e5 sl\u00e4pvagn - Awero - S\u00fcdamega L\u00f5una-Eestist<\/title>\n<meta name=\"robots\" content=\"index, follow, max-snippet:-1, max-image-preview:large, max-video-preview:-1\" \/>\n<link rel=\"canonical\" href=\"https:\/\/awero.ee\/sv\/toode\/bastuvagn-pa-slapvagn\/\" \/>\n<meta property=\"og:locale\" content=\"sv_SE\" \/>\n<meta property=\"og:type\" content=\"article\" \/>\n<meta property=\"og:title\" content=\"Bastuvagn p\u00e5 sl\u00e4pvagn - Awero - S\u00fcdamega L\u00f5una-Eestist\" \/>\n<meta property=\"og:description\" content=\"Med smart design och genomt\u00e4nkt in i minsta detalj f\u00f6r att s\u00e4kerst\u00e4lla maximalt utrymme och maximal komfort \u00e4ven f\u00f6r flera bastubadare. Detta mobila bastusl\u00e4p \u00e4r tillverkat av h\u00e5llbart v\u00e4rmebehandlat tr\u00e4 och f\u00f6rsett med ett vedeldat bastuaggregat fr\u00e5n Harvia, batteridriven LED-belysning och ett musiksystem.\" \/>\n<meta property=\"og:url\" content=\"https:\/\/awero.ee\/sv\/toode\/bastuvagn-pa-slapvagn\/\" \/>\n<meta property=\"og:site_name\" content=\"Awero - S\u00fcdamega L\u00f5una-Eestist\" \/>\n<meta property=\"article:modified_time\" content=\"2026-04-01T12:31:54+00:00\" \/>\n<meta property=\"og:image\" content=\"https:\/\/awero.ee\/wp-content\/uploads\/2025\/04\/Haagis_saun_loige.png\" \/>\n\t<meta property=\"og:image:width\" content=\"872\" \/>\n\t<meta property=\"og:image:height\" content=\"581\" \/>\n\t<meta property=\"og:image:type\" content=\"image\/png\" \/>\n<meta name=\"twitter:card\" content=\"summary_large_image\" \/>\n<meta name=\"twitter:label1\" content=\"Ber\u00e4knad l\u00e4stid\" \/>\n\t<meta name=\"twitter:data1\" content=\"1 minut\" \/>\n<script type=\"application\/ld+json\" class=\"yoast-schema-graph\">{\"@context\":\"https:\\\/\\\/schema.org\",\"@graph\":[{\"@type\":\"WebPage\",\"@id\":\"https:\\\/\\\/awero.ee\\\/sv\\\/toode\\\/bastuvagn-pa-slapvagn\\\/\",\"url\":\"https:\\\/\\\/awero.ee\\\/sv\\\/toode\\\/bastuvagn-pa-slapvagn\\\/\",\"name\":\"Bastuvagn p\u00e5 sl\u00e4pvagn - Awero - S\u00fcdamega L\u00f5una-Eestist\",\"isPartOf\":{\"@id\":\"https:\\\/\\\/awero.ee\\\/sv\\\/#website\"},\"primaryImageOfPage\":{\"@id\":\"https:\\\/\\\/awero.ee\\\/sv\\\/toode\\\/bastuvagn-pa-slapvagn\\\/#primaryimage\"},\"image\":{\"@id\":\"https:\\\/\\\/awero.ee\\\/sv\\\/toode\\\/bastuvagn-pa-slapvagn\\\/#primaryimage\"},\"thumbnailUrl\":\"https:\\\/\\\/awero.ee\\\/wp-content\\\/uploads\\\/2025\\\/04\\\/Haagis_saun_loige.png\",\"datePublished\":\"2025-04-13T17:23:23+00:00\",\"dateModified\":\"2026-04-01T12:31:54+00:00\",\"breadcrumb\":{\"@id\":\"https:\\\/\\\/awero.ee\\\/sv\\\/toode\\\/bastuvagn-pa-slapvagn\\\/#breadcrumb\"},\"inLanguage\":\"sv-SE\",\"potentialAction\":[{\"@type\":\"ReadAction\",\"target\":[\"https:\\\/\\\/awero.ee\\\/sv\\\/toode\\\/bastuvagn-pa-slapvagn\\\/\"]}]},{\"@type\":\"ImageObject\",\"inLanguage\":\"sv-SE\",\"@id\":\"https:\\\/\\\/awero.ee\\\/sv\\\/toode\\\/bastuvagn-pa-slapvagn\\\/#primaryimage\",\"url\":\"https:\\\/\\\/awero.ee\\\/wp-content\\\/uploads\\\/2025\\\/04\\\/Haagis_saun_loige.png\",\"contentUrl\":\"https:\\\/\\\/awero.ee\\\/wp-content\\\/uploads\\\/2025\\\/04\\\/Haagis_saun_loige.png\",\"width\":872,\"height\":581},{\"@type\":\"BreadcrumbList\",\"@id\":\"https:\\\/\\\/awero.ee\\\/sv\\\/toode\\\/bastuvagn-pa-slapvagn\\\/#breadcrumb\",\"itemListElement\":[{\"@type\":\"ListItem\",\"position\":1,\"name\":\"Home\",\"item\":\"https:\\\/\\\/awero.ee\\\/sv\\\/startsida\\\/\"},{\"@type\":\"ListItem\",\"position\":2,\"name\":\"Butik\",\"item\":\"https:\\\/\\\/awero.ee\\\/sv\\\/butik\\\/\"},{\"@type\":\"ListItem\",\"position\":3,\"name\":\"Bastuvagn p\u00e5 sl\u00e4pvagn\"}]},{\"@type\":\"WebSite\",\"@id\":\"https:\\\/\\\/awero.ee\\\/sv\\\/#website\",\"url\":\"https:\\\/\\\/awero.ee\\\/sv\\\/\",\"name\":\"Awero - S\u00fcdamega L\u00f5una Eestist\",\"description\":\"\",\"publisher\":{\"@id\":\"https:\\\/\\\/awero.ee\\\/sv\\\/#organization\"},\"potentialAction\":[{\"@type\":\"SearchAction\",\"target\":{\"@type\":\"EntryPoint\",\"urlTemplate\":\"https:\\\/\\\/awero.ee\\\/sv\\\/?s={search_term_string}\"},\"query-input\":{\"@type\":\"PropertyValueSpecification\",\"valueRequired\":true,\"valueName\":\"search_term_string\"}}],\"inLanguage\":\"sv-SE\"},{\"@type\":\"Organization\",\"@id\":\"https:\\\/\\\/awero.ee\\\/sv\\\/#organization\",\"name\":\"Awero - S\u00fcdamega L\u00f5una Eestist\",\"url\":\"https:\\\/\\\/awero.ee\\\/sv\\\/\",\"logo\":{\"@type\":\"ImageObject\",\"inLanguage\":\"sv-SE\",\"@id\":\"https:\\\/\\\/awero.ee\\\/sv\\\/#\\\/schema\\\/logo\\\/image\\\/\",\"url\":\"https:\\\/\\\/awero.ee\\\/wp-content\\\/uploads\\\/2024\\\/07\\\/aweroplaceholder.jpg\",\"contentUrl\":\"https:\\\/\\\/awero.ee\\\/wp-content\\\/uploads\\\/2024\\\/07\\\/aweroplaceholder.jpg\",\"width\":1250,\"height\":834,\"caption\":\"Awero - S\u00fcdamega L\u00f5una Eestist\"},\"image\":{\"@id\":\"https:\\\/\\\/awero.ee\\\/sv\\\/#\\\/schema\\\/logo\\\/image\\\/\"}}]}<\/script>\n<!-- \/ Yoast SEO plugin. -->","yoast_head_json":{"title":"Bastuvagn p\u00e5 sl\u00e4pvagn - Awero - S\u00fcdamega L\u00f5una-Eestist","robots":{"index":"index","follow":"follow","max-snippet":"max-snippet:-1","max-image-preview":"max-image-preview:large","max-video-preview":"max-video-preview:-1"},"canonical":"https:\/\/awero.ee\/sv\/toode\/bastuvagn-pa-slapvagn\/","og_locale":"sv_SE","og_type":"article","og_title":"Bastuvagn p\u00e5 sl\u00e4pvagn - Awero - S\u00fcdamega L\u00f5una-Eestist","og_description":"Med smart design och genomt\u00e4nkt in i minsta detalj f\u00f6r att s\u00e4kerst\u00e4lla maximalt utrymme och maximal komfort \u00e4ven f\u00f6r flera bastubadare. Detta mobila bastusl\u00e4p \u00e4r tillverkat av h\u00e5llbart v\u00e4rmebehandlat tr\u00e4 och f\u00f6rsett med ett vedeldat bastuaggregat fr\u00e5n Harvia, batteridriven LED-belysning och ett musiksystem.","og_url":"https:\/\/awero.ee\/sv\/toode\/bastuvagn-pa-slapvagn\/","og_site_name":"Awero - S\u00fcdamega L\u00f5una-Eestist","article_modified_time":"2026-04-01T12:31:54+00:00","og_image":[{"width":872,"height":581,"url":"https:\/\/awero.ee\/wp-content\/uploads\/2025\/04\/Haagis_saun_loige.png","type":"image\/png"}],"twitter_card":"summary_large_image","twitter_misc":{"Ber\u00e4knad l\u00e4stid":"1 minut"},"schema":{"@context":"https:\/\/schema.org","@graph":[{"@type":"WebPage","@id":"https:\/\/awero.ee\/sv\/toode\/bastuvagn-pa-slapvagn\/","url":"https:\/\/awero.ee\/sv\/toode\/bastuvagn-pa-slapvagn\/","name":"Bastuvagn p\u00e5 sl\u00e4pvagn - Awero - S\u00fcdamega L\u00f5una-Eestist","isPartOf":{"@id":"https:\/\/awero.ee\/sv\/#website"},"primaryImageOfPage":{"@id":"https:\/\/awero.ee\/sv\/toode\/bastuvagn-pa-slapvagn\/#primaryimage"},"image":{"@id":"https:\/\/awero.ee\/sv\/toode\/bastuvagn-pa-slapvagn\/#primaryimage"},"thumbnailUrl":"https:\/\/awero.ee\/wp-content\/uploads\/2025\/04\/Haagis_saun_loige.png","datePublished":"2025-04-13T17:23:23+00:00","dateModified":"2026-04-01T12:31:54+00:00","breadcrumb":{"@id":"https:\/\/awero.ee\/sv\/toode\/bastuvagn-pa-slapvagn\/#breadcrumb"},"inLanguage":"sv-SE","potentialAction":[{"@type":"ReadAction","target":["https:\/\/awero.ee\/sv\/toode\/bastuvagn-pa-slapvagn\/"]}]},{"@type":"ImageObject","inLanguage":"sv-SE","@id":"https:\/\/awero.ee\/sv\/toode\/bastuvagn-pa-slapvagn\/#primaryimage","url":"https:\/\/awero.ee\/wp-content\/uploads\/2025\/04\/Haagis_saun_loige.png","contentUrl":"https:\/\/awero.ee\/wp-content\/uploads\/2025\/04\/Haagis_saun_loige.png","width":872,"height":581},{"@type":"BreadcrumbList","@id":"https:\/\/awero.ee\/sv\/toode\/bastuvagn-pa-slapvagn\/#breadcrumb","itemListElement":[{"@type":"ListItem","position":1,"name":"Home","item":"https:\/\/awero.ee\/sv\/startsida\/"},{"@type":"ListItem","position":2,"name":"Butik","item":"https:\/\/awero.ee\/sv\/butik\/"},{"@type":"ListItem","position":3,"name":"Bastuvagn p\u00e5 sl\u00e4pvagn"}]},{"@type":"WebSite","@id":"https:\/\/awero.ee\/sv\/#website","url":"https:\/\/awero.ee\/sv\/","name":"Awero - S\u00fcdamega L\u00f5una Eestist","description":"","publisher":{"@id":"https:\/\/awero.ee\/sv\/#organization"},"potentialAction":[{"@type":"SearchAction","target":{"@type":"EntryPoint","urlTemplate":"https:\/\/awero.ee\/sv\/?s={search_term_string}"},"query-input":{"@type":"PropertyValueSpecification","valueRequired":true,"valueName":"search_term_string"}}],"inLanguage":"sv-SE"},{"@type":"Organization","@id":"https:\/\/awero.ee\/sv\/#organization","name":"Awero - S\u00fcdamega L\u00f5una Eestist","url":"https:\/\/awero.ee\/sv\/","logo":{"@type":"ImageObject","inLanguage":"sv-SE","@id":"https:\/\/awero.ee\/sv\/#\/schema\/logo\/image\/","url":"https:\/\/awero.ee\/wp-content\/uploads\/2024\/07\/aweroplaceholder.jpg","contentUrl":"https:\/\/awero.ee\/wp-content\/uploads\/2024\/07\/aweroplaceholder.jpg","width":1250,"height":834,"caption":"Awero - S\u00fcdamega L\u00f5una Eestist"},"image":{"@id":"https:\/\/awero.ee\/sv\/#\/schema\/logo\/image\/"}}]}},"_links":{"self":[{"href":"https:\/\/awero.ee\/sv\/wp-json\/wp\/v2\/product\/7379","targetHints":{"allow":["GET"]}}],"collection":[{"href":"https:\/\/awero.ee\/sv\/wp-json\/wp\/v2\/product"}],"about":[{"href":"https:\/\/awero.ee\/sv\/wp-json\/wp\/v2\/types\/product"}],"wp:featuredmedia":[{"embeddable":true,"href":"https:\/\/awero.ee\/sv\/wp-json\/wp\/v2\/media\/5337"}],"wp:attachment":[{"href":"https:\/\/awero.ee\/sv\/wp-json\/wp\/v2\/media?parent=7379"}],"wp:term":[{"taxonomy":"product_brand","embeddable":true,"href":"https:\/\/awero.ee\/sv\/wp-json\/wp\/v2\/product_brand?post=7379"},{"taxonomy":"product_cat","embeddable":true,"href":"https:\/\/awero.ee\/sv\/wp-json\/wp\/v2\/product_cat?post=7379"},{"taxonomy":"product_tag","embeddable":true,"href":"https:\/\/awero.ee\/sv\/wp-json\/wp\/v2\/product_tag?post=7379"}],"curies":[{"name":"wp","href":"https:\/\/api.w.org\/{rel}","templated":true}]}}