{"id":7343,"date":"2025-05-14T12:53:16","date_gmt":"2025-05-14T12:53:16","guid":{"rendered":"https:\/\/awero.ee\/toode\/biolan-torrtoalett-komplet\/"},"modified":"2026-04-01T12:31:37","modified_gmt":"2026-04-01T12:31:37","slug":"biolan-torrtoalett-komplet","status":"publish","type":"product","link":"https:\/\/awero.ee\/sv\/toode\/biolan-torrtoalett-komplet\/","title":{"rendered":"Biolan torrtoalett KOMPLET"},"content":{"rendered":"<p><span class=\"\">Biolan torrtoalett KOMPLET \u00e4r en luktfri och l\u00e4ttanv\u00e4nd torrtoalett till glesbygds- och fritidshus. Den installeras enkelt p\u00e5 golvet i toaletten i huset och den kan anv\u00e4ndas i ett separat utedass eller inomhus, \u00e4ven vid renovering av ett gammalt utedass. Biolan torrtoalett KOMPLET \u00e4r rent och trevligt f\u00f6r daglig anv\u00e4ndning. Det kr\u00e4ver varken vatten eller el, det r\u00e4cker med att anv\u00e4nda Biolan barkstr\u00f6 f\u00f6r komposten och torrklosetten.   <\/span><\/p>\n","protected":false},"excerpt":{"rendered":"<h4>Komfort ute p\u00e5 landet och i fritidshuset!<\/h4>\n<ul>\n<li>En ren och anv\u00e4ndarv\u00e4nlig torrtoalett<\/li>\n<li>Ventilationsr\u00f6ret fr\u00e5n tanken till taket f\u00f6rhindrar otrevlig lukt<\/li>\n<li>En bekv\u00e4m och hygienisk v\u00e4rmeisolerad sits<\/li>\n<li>L\u00e4tt att reng\u00f6ra<\/li>\n<li>Installeras p\u00e5 golvet<\/li>\n<\/ul>\n","protected":false},"featured_media":5703,"template":"","meta":{"_acf_changed":false},"product_brand":[],"product_cat":[583],"product_tag":[],"class_list":{"0":"post-7343","1":"product","2":"type-product","3":"status-publish","4":"has-post-thumbnail","6":"product_cat-extrautrustning","8":"first","9":"instock","10":"shipping-taxable","11":"product-type-simple"},"acf":[],"yoast_head":"<!-- This site is optimized with the Yoast SEO plugin v26.8 - https:\/\/yoast.com\/product\/yoast-seo-wordpress\/ -->\n<title>Biolan torrtoalett KOMPLET - Awero - S\u00fcdamega L\u00f5una-Eestist<\/title>\n<meta name=\"robots\" content=\"index, follow, max-snippet:-1, max-image-preview:large, max-video-preview:-1\" \/>\n<link rel=\"canonical\" href=\"https:\/\/awero.ee\/sv\/toode\/biolan-torrtoalett-komplet\/\" \/>\n<meta property=\"og:locale\" content=\"sv_SE\" \/>\n<meta property=\"og:type\" content=\"article\" \/>\n<meta property=\"og:title\" content=\"Biolan torrtoalett KOMPLET - Awero - S\u00fcdamega L\u00f5una-Eestist\" \/>\n<meta property=\"og:description\" content=\"Komfort ute p\u00e5 landet och i fritidshuset!  En ren och anv\u00e4ndarv\u00e4nlig torrtoalett  Ventilationsr\u00f6ret fr\u00e5n tanken till taket f\u00f6rhindrar otrevlig lukt  En bekv\u00e4m och hygienisk v\u00e4rmeisolerad sits  L\u00e4tt att reng\u00f6ra  Installeras p\u00e5 golvet\" \/>\n<meta property=\"og:url\" content=\"https:\/\/awero.ee\/sv\/toode\/biolan-torrtoalett-komplet\/\" \/>\n<meta property=\"og:site_name\" content=\"Awero - S\u00fcdamega L\u00f5una-Eestist\" \/>\n<meta property=\"article:modified_time\" content=\"2026-04-01T12:31:37+00:00\" \/>\n<meta property=\"og:image\" content=\"https:\/\/awero.ee\/wp-content\/uploads\/2025\/05\/biolan_kuivikekaymala_tummanharmaa-1120x500q85.jpg\" \/>\n\t<meta property=\"og:image:width\" content=\"373\" \/>\n\t<meta property=\"og:image:height\" content=\"500\" \/>\n\t<meta property=\"og:image:type\" content=\"image\/jpeg\" \/>\n<meta name=\"twitter:card\" content=\"summary_large_image\" \/>\n<script type=\"application\/ld+json\" class=\"yoast-schema-graph\">{\"@context\":\"https:\/\/schema.org\",\"@graph\":[{\"@type\":\"WebPage\",\"@id\":\"https:\/\/awero.ee\/sv\/toode\/biolan-torrtoalett-komplet\/\",\"url\":\"https:\/\/awero.ee\/sv\/toode\/biolan-torrtoalett-komplet\/\",\"name\":\"Biolan torrtoalett KOMPLET - Awero - S\u00fcdamega L\u00f5una-Eestist\",\"isPartOf\":{\"@id\":\"https:\/\/awero.ee\/sv\/#website\"},\"primaryImageOfPage\":{\"@id\":\"https:\/\/awero.ee\/sv\/toode\/biolan-torrtoalett-komplet\/#primaryimage\"},\"image\":{\"@id\":\"https:\/\/awero.ee\/sv\/toode\/biolan-torrtoalett-komplet\/#primaryimage\"},\"thumbnailUrl\":\"https:\/\/awero.ee\/wp-content\/uploads\/2025\/05\/biolan_kuivikekaymala_tummanharmaa-1120x500q85.jpg\",\"datePublished\":\"2025-05-14T12:53:16+00:00\",\"dateModified\":\"2026-04-01T12:31:37+00:00\",\"breadcrumb\":{\"@id\":\"https:\/\/awero.ee\/sv\/toode\/biolan-torrtoalett-komplet\/#breadcrumb\"},\"inLanguage\":\"sv-SE\",\"potentialAction\":[{\"@type\":\"ReadAction\",\"target\":[\"https:\/\/awero.ee\/sv\/toode\/biolan-torrtoalett-komplet\/\"]}]},{\"@type\":\"ImageObject\",\"inLanguage\":\"sv-SE\",\"@id\":\"https:\/\/awero.ee\/sv\/toode\/biolan-torrtoalett-komplet\/#primaryimage\",\"url\":\"https:\/\/awero.ee\/wp-content\/uploads\/2025\/05\/biolan_kuivikekaymala_tummanharmaa-1120x500q85.jpg\",\"contentUrl\":\"https:\/\/awero.ee\/wp-content\/uploads\/2025\/05\/biolan_kuivikekaymala_tummanharmaa-1120x500q85.jpg\",\"width\":373,\"height\":500},{\"@type\":\"BreadcrumbList\",\"@id\":\"https:\/\/awero.ee\/sv\/toode\/biolan-torrtoalett-komplet\/#breadcrumb\",\"itemListElement\":[{\"@type\":\"ListItem\",\"position\":1,\"name\":\"Home\",\"item\":\"https:\/\/awero.ee\/sv\/startsida\/\"},{\"@type\":\"ListItem\",\"position\":2,\"name\":\"Butik\",\"item\":\"https:\/\/awero.ee\/sv\/butik\/\"},{\"@type\":\"ListItem\",\"position\":3,\"name\":\"Biolan torrtoalett KOMPLET\"}]},{\"@type\":\"WebSite\",\"@id\":\"https:\/\/awero.ee\/sv\/#website\",\"url\":\"https:\/\/awero.ee\/sv\/\",\"name\":\"Awero - S\u00fcdamega L\u00f5una Eestist\",\"description\":\"\",\"publisher\":{\"@id\":\"https:\/\/awero.ee\/sv\/#organization\"},\"potentialAction\":[{\"@type\":\"SearchAction\",\"target\":{\"@type\":\"EntryPoint\",\"urlTemplate\":\"https:\/\/awero.ee\/sv\/?s={search_term_string}\"},\"query-input\":{\"@type\":\"PropertyValueSpecification\",\"valueRequired\":true,\"valueName\":\"search_term_string\"}}],\"inLanguage\":\"sv-SE\"},{\"@type\":\"Organization\",\"@id\":\"https:\/\/awero.ee\/sv\/#organization\",\"name\":\"Awero - S\u00fcdamega L\u00f5una Eestist\",\"url\":\"https:\/\/awero.ee\/sv\/\",\"logo\":{\"@type\":\"ImageObject\",\"inLanguage\":\"sv-SE\",\"@id\":\"https:\/\/awero.ee\/sv\/#\/schema\/logo\/image\/\",\"url\":\"https:\/\/awero.ee\/wp-content\/uploads\/2024\/07\/aweroplaceholder.jpg\",\"contentUrl\":\"https:\/\/awero.ee\/wp-content\/uploads\/2024\/07\/aweroplaceholder.jpg\",\"width\":1250,\"height\":834,\"caption\":\"Awero - S\u00fcdamega L\u00f5una Eestist\"},\"image\":{\"@id\":\"https:\/\/awero.ee\/sv\/#\/schema\/logo\/image\/\"}}]}<\/script>\n<!-- \/ Yoast SEO plugin. -->","yoast_head_json":{"title":"Biolan torrtoalett KOMPLET - Awero - S\u00fcdamega L\u00f5una-Eestist","robots":{"index":"index","follow":"follow","max-snippet":"max-snippet:-1","max-image-preview":"max-image-preview:large","max-video-preview":"max-video-preview:-1"},"canonical":"https:\/\/awero.ee\/sv\/toode\/biolan-torrtoalett-komplet\/","og_locale":"sv_SE","og_type":"article","og_title":"Biolan torrtoalett KOMPLET - Awero - S\u00fcdamega L\u00f5una-Eestist","og_description":"Komfort ute p\u00e5 landet och i fritidshuset!  En ren och anv\u00e4ndarv\u00e4nlig torrtoalett  Ventilationsr\u00f6ret fr\u00e5n tanken till taket f\u00f6rhindrar otrevlig lukt  En bekv\u00e4m och hygienisk v\u00e4rmeisolerad sits  L\u00e4tt att reng\u00f6ra  Installeras p\u00e5 golvet","og_url":"https:\/\/awero.ee\/sv\/toode\/biolan-torrtoalett-komplet\/","og_site_name":"Awero - S\u00fcdamega L\u00f5una-Eestist","article_modified_time":"2026-04-01T12:31:37+00:00","og_image":[{"width":373,"height":500,"url":"https:\/\/awero.ee\/wp-content\/uploads\/2025\/05\/biolan_kuivikekaymala_tummanharmaa-1120x500q85.jpg","type":"image\/jpeg"}],"twitter_card":"summary_large_image","schema":{"@context":"https:\/\/schema.org","@graph":[{"@type":"WebPage","@id":"https:\/\/awero.ee\/sv\/toode\/biolan-torrtoalett-komplet\/","url":"https:\/\/awero.ee\/sv\/toode\/biolan-torrtoalett-komplet\/","name":"Biolan torrtoalett KOMPLET - Awero - S\u00fcdamega L\u00f5una-Eestist","isPartOf":{"@id":"https:\/\/awero.ee\/sv\/#website"},"primaryImageOfPage":{"@id":"https:\/\/awero.ee\/sv\/toode\/biolan-torrtoalett-komplet\/#primaryimage"},"image":{"@id":"https:\/\/awero.ee\/sv\/toode\/biolan-torrtoalett-komplet\/#primaryimage"},"thumbnailUrl":"https:\/\/awero.ee\/wp-content\/uploads\/2025\/05\/biolan_kuivikekaymala_tummanharmaa-1120x500q85.jpg","datePublished":"2025-05-14T12:53:16+00:00","dateModified":"2026-04-01T12:31:37+00:00","breadcrumb":{"@id":"https:\/\/awero.ee\/sv\/toode\/biolan-torrtoalett-komplet\/#breadcrumb"},"inLanguage":"sv-SE","potentialAction":[{"@type":"ReadAction","target":["https:\/\/awero.ee\/sv\/toode\/biolan-torrtoalett-komplet\/"]}]},{"@type":"ImageObject","inLanguage":"sv-SE","@id":"https:\/\/awero.ee\/sv\/toode\/biolan-torrtoalett-komplet\/#primaryimage","url":"https:\/\/awero.ee\/wp-content\/uploads\/2025\/05\/biolan_kuivikekaymala_tummanharmaa-1120x500q85.jpg","contentUrl":"https:\/\/awero.ee\/wp-content\/uploads\/2025\/05\/biolan_kuivikekaymala_tummanharmaa-1120x500q85.jpg","width":373,"height":500},{"@type":"BreadcrumbList","@id":"https:\/\/awero.ee\/sv\/toode\/biolan-torrtoalett-komplet\/#breadcrumb","itemListElement":[{"@type":"ListItem","position":1,"name":"Home","item":"https:\/\/awero.ee\/sv\/startsida\/"},{"@type":"ListItem","position":2,"name":"Butik","item":"https:\/\/awero.ee\/sv\/butik\/"},{"@type":"ListItem","position":3,"name":"Biolan torrtoalett KOMPLET"}]},{"@type":"WebSite","@id":"https:\/\/awero.ee\/sv\/#website","url":"https:\/\/awero.ee\/sv\/","name":"Awero - S\u00fcdamega L\u00f5una Eestist","description":"","publisher":{"@id":"https:\/\/awero.ee\/sv\/#organization"},"potentialAction":[{"@type":"SearchAction","target":{"@type":"EntryPoint","urlTemplate":"https:\/\/awero.ee\/sv\/?s={search_term_string}"},"query-input":{"@type":"PropertyValueSpecification","valueRequired":true,"valueName":"search_term_string"}}],"inLanguage":"sv-SE"},{"@type":"Organization","@id":"https:\/\/awero.ee\/sv\/#organization","name":"Awero - S\u00fcdamega L\u00f5una Eestist","url":"https:\/\/awero.ee\/sv\/","logo":{"@type":"ImageObject","inLanguage":"sv-SE","@id":"https:\/\/awero.ee\/sv\/#\/schema\/logo\/image\/","url":"https:\/\/awero.ee\/wp-content\/uploads\/2024\/07\/aweroplaceholder.jpg","contentUrl":"https:\/\/awero.ee\/wp-content\/uploads\/2024\/07\/aweroplaceholder.jpg","width":1250,"height":834,"caption":"Awero - S\u00fcdamega L\u00f5una Eestist"},"image":{"@id":"https:\/\/awero.ee\/sv\/#\/schema\/logo\/image\/"}}]}},"_links":{"self":[{"href":"https:\/\/awero.ee\/sv\/wp-json\/wp\/v2\/product\/7343","targetHints":{"allow":["GET"]}}],"collection":[{"href":"https:\/\/awero.ee\/sv\/wp-json\/wp\/v2\/product"}],"about":[{"href":"https:\/\/awero.ee\/sv\/wp-json\/wp\/v2\/types\/product"}],"wp:featuredmedia":[{"embeddable":true,"href":"https:\/\/awero.ee\/sv\/wp-json\/wp\/v2\/media\/5703"}],"wp:attachment":[{"href":"https:\/\/awero.ee\/sv\/wp-json\/wp\/v2\/media?parent=7343"}],"wp:term":[{"taxonomy":"product_brand","embeddable":true,"href":"https:\/\/awero.ee\/sv\/wp-json\/wp\/v2\/product_brand?post=7343"},{"taxonomy":"product_cat","embeddable":true,"href":"https:\/\/awero.ee\/sv\/wp-json\/wp\/v2\/product_cat?post=7343"},{"taxonomy":"product_tag","embeddable":true,"href":"https:\/\/awero.ee\/sv\/wp-json\/wp\/v2\/product_tag?post=7343"}],"curies":[{"name":"wp","href":"https:\/\/api.w.org\/{rel}","templated":true}]}}