{"id":7336,"date":"2025-04-25T05:48:37","date_gmt":"2025-04-25T05:48:37","guid":{"rendered":"https:\/\/awero.ee\/toode\/inbyggnadsbadkar-till-altan-250\/"},"modified":"2026-05-07T18:08:39","modified_gmt":"2026-05-07T18:08:39","slug":"inbyggnadsbadkar-till-altan-250","status":"publish","type":"product","link":"https:\/\/awero.ee\/sv\/toode\/inbyggnadsbadkar-till-altan-250\/","title":{"rendered":"Inbyggnadsbadkar till altan 250"},"content":{"rendered":"<div class=\"p-rich_text_section\"><b data-stringify-type=\"bold\">Aweros Inbyggnadsbadkar 250<\/b> \u00e4r mer \u00e4n ett badkar \u2013 det \u00e4r en upplevelse som du kan anpassa precis efter dina \u00f6nskem\u00e5l. V\u00e4lj ut tillval som tar komforten och lyxen till en ny niv\u00e5.<br \/>\nMer njutning, mindre bekymmer: <\/div>\n<ul class=\"p-rich_text_list p-rich_text_list__bullet p-rich_text_list--nested\" data-stringify-type=\"unordered-list\" data-list-tree=\"true\" data-indent=\"0\" data-border=\"0\">\n<li data-stringify-indent=\"0\" data-stringify-border=\"0\"><b data-stringify-type=\"bold\">LED-belysning \u2013 <\/b>skapar en mysig och romantisk st\u00e4mning, s\u00e4rskilt p\u00e5 kv\u00e4llen.<\/li>\n<li data-stringify-indent=\"0\" data-stringify-border=\"0\"><b data-stringify-type=\"bold\">Bubbelsystem och massagefunktioner<\/b> \u2013 l\u00e5t kroppen slappna av som p\u00e5 en riktig lyxspa.<\/li>\n<li data-stringify-indent=\"0\" data-stringify-border=\"0\"><b data-stringify-type=\"bold\">Mjuka nackst\u00f6d<\/b> \u2013 alltid maximal komfort och maximalt st\u00f6d.<\/li>\n<li data-stringify-indent=\"0\" data-stringify-border=\"0\"><b data-stringify-type=\"bold\">Elv\u00e4rmeelement med filtersystem <\/b>\u2013 s\u00e4kerst\u00e4ller att vattnet alltid h\u00e5ller l\u00e4mplig temperatur och \u00e4r kristallklart \u2013 dygnet runt.<\/li>\n<\/ul>\n<div class=\"p-rich_text_section\"><b data-stringify-type=\"bold\">Vill du ha en helhetsl\u00f6sning?<\/b><br \/>\nFr\u00e5ga \u00e4ven efter offert f\u00f6r professionell montering \u2013 vi hj\u00e4lper dig att skapa en avkopplingsplats hemma som du har dr\u00f6mt om.<\/div>\n","protected":false},"excerpt":{"rendered":"<p>F\u00f6rest\u00e4ll dig en stund n\u00e4r dagens bekymmer sakta sm\u00e4lter bort&#8230; det varma vattnet smeker kroppen, ett milt ljus skapar st\u00e4mning och allt annat bara stannar till. <b data-stringify-type=\"bold\">Aweros Inbyggnadsbadkar 250<\/b> \u00e4r utarbetat f\u00f6r att ge ditt hem en s\u00e5dan frid och lyx \u2013 oavsett om du bor mitt i staden eller i ett lugnt st\u00e4lle ute p\u00e5 landet. Priset inkluderar: <a href=\"https:\/\/awero.ee\/sv\/produktkategorier\/innehall-till-badtunnor\/\">Glasfiberinsats,<\/a> <a href=\"https:\/\/awero.ee\/sv\/toode\/isolerat-lock-till-badtunna\/\"><span style=\"unicode-bidi: embed;\">Termolock<\/span><\/a>, <a href=\"https:\/\/awero.ee\/sv\/toode\/isolering-med-pur-skum-till-badtunna\/\">PUR-isolering.<\/a><\/p>\n","protected":false},"featured_media":7820,"template":"","meta":{"_acf_changed":false},"product_brand":[],"product_cat":[574,585],"product_tag":[],"class_list":{"0":"post-7336","1":"product","2":"type-product","3":"status-publish","4":"has-post-thumbnail","6":"product_cat-badtunnor","7":"product_cat-terrassbadkar","9":"first","10":"instock","11":"sale","12":"shipping-taxable","13":"product-type-variable"},"acf":[],"yoast_head":"<!-- This site is optimized with the Yoast SEO plugin v27.5 - https:\/\/yoast.com\/product\/yoast-seo-wordpress\/ -->\n<title>Inbyggnadsbadkar till altan 250 - Awero - S\u00fcdamega L\u00f5una-Eestist<\/title>\n<meta name=\"robots\" content=\"index, follow, max-snippet:-1, max-image-preview:large, max-video-preview:-1\" \/>\n<link rel=\"canonical\" href=\"https:\/\/awero.ee\/sv\/toode\/inbyggnadsbadkar-till-altan-250\/\" \/>\n<meta property=\"og:locale\" content=\"sv_SE\" \/>\n<meta property=\"og:type\" content=\"article\" \/>\n<meta property=\"og:title\" content=\"Inbyggnadsbadkar till altan 250 - Awero - S\u00fcdamega L\u00f5una-Eestist\" \/>\n<meta property=\"og:description\" content=\"F\u00f6rest\u00e4ll dig en stund n\u00e4r dagens bekymmer sakta sm\u00e4lter bort... det varma vattnet smeker kroppen, ett milt ljus skapar st\u00e4mning och allt annat bara stannar till. Aweros Inbyggnadsbadkar 250 \u00e4r utarbetat f\u00f6r att ge ditt hem en s\u00e5dan frid och lyx \u2013 oavsett om du bor mitt i staden eller i ett lugnt st\u00e4lle ute p\u00e5 landet. Priset inkluderar: Glasfiberinsats, Termolock, PUR-isolering.\" \/>\n<meta property=\"og:url\" content=\"https:\/\/awero.ee\/sv\/toode\/inbyggnadsbadkar-till-altan-250\/\" \/>\n<meta property=\"og:site_name\" content=\"Awero - S\u00fcdamega L\u00f5una-Eestist\" \/>\n<meta property=\"article:modified_time\" content=\"2026-05-07T18:08:39+00:00\" \/>\n<meta property=\"og:image\" content=\"https:\/\/awero.ee\/wp-content\/uploads\/2025\/04\/Terrassivann.jpg\" \/>\n\t<meta property=\"og:image:width\" content=\"1920\" \/>\n\t<meta property=\"og:image:height\" content=\"1280\" \/>\n\t<meta property=\"og:image:type\" content=\"image\/jpeg\" \/>\n<meta name=\"twitter:card\" content=\"summary_large_image\" \/>\n<meta name=\"twitter:label1\" content=\"Ber\u00e4knad l\u00e4stid\" \/>\n\t<meta name=\"twitter:data1\" content=\"1 minut\" \/>\n<script type=\"application\/ld+json\" class=\"yoast-schema-graph\">{\"@context\":\"https:\\\/\\\/schema.org\",\"@graph\":[{\"@type\":\"WebPage\",\"@id\":\"https:\\\/\\\/awero.ee\\\/sv\\\/toode\\\/inbyggnadsbadkar-till-altan-250\\\/\",\"url\":\"https:\\\/\\\/awero.ee\\\/sv\\\/toode\\\/inbyggnadsbadkar-till-altan-250\\\/\",\"name\":\"Inbyggnadsbadkar till altan 250 - Awero - S\u00fcdamega L\u00f5una-Eestist\",\"isPartOf\":{\"@id\":\"https:\\\/\\\/awero.ee\\\/sv\\\/#website\"},\"primaryImageOfPage\":{\"@id\":\"https:\\\/\\\/awero.ee\\\/sv\\\/toode\\\/inbyggnadsbadkar-till-altan-250\\\/#primaryimage\"},\"image\":{\"@id\":\"https:\\\/\\\/awero.ee\\\/sv\\\/toode\\\/inbyggnadsbadkar-till-altan-250\\\/#primaryimage\"},\"thumbnailUrl\":\"https:\\\/\\\/awero.ee\\\/wp-content\\\/uploads\\\/2025\\\/04\\\/3f-scaled.jpg\",\"datePublished\":\"2025-04-25T05:48:37+00:00\",\"dateModified\":\"2026-05-07T18:08:39+00:00\",\"breadcrumb\":{\"@id\":\"https:\\\/\\\/awero.ee\\\/sv\\\/toode\\\/inbyggnadsbadkar-till-altan-250\\\/#breadcrumb\"},\"inLanguage\":\"sv-SE\",\"potentialAction\":[{\"@type\":\"ReadAction\",\"target\":[\"https:\\\/\\\/awero.ee\\\/sv\\\/toode\\\/inbyggnadsbadkar-till-altan-250\\\/\"]}]},{\"@type\":\"ImageObject\",\"inLanguage\":\"sv-SE\",\"@id\":\"https:\\\/\\\/awero.ee\\\/sv\\\/toode\\\/inbyggnadsbadkar-till-altan-250\\\/#primaryimage\",\"url\":\"https:\\\/\\\/awero.ee\\\/wp-content\\\/uploads\\\/2025\\\/04\\\/3f-scaled.jpg\",\"contentUrl\":\"https:\\\/\\\/awero.ee\\\/wp-content\\\/uploads\\\/2025\\\/04\\\/3f-scaled.jpg\",\"width\":2560,\"height\":1600},{\"@type\":\"BreadcrumbList\",\"@id\":\"https:\\\/\\\/awero.ee\\\/sv\\\/toode\\\/inbyggnadsbadkar-till-altan-250\\\/#breadcrumb\",\"itemListElement\":[{\"@type\":\"ListItem\",\"position\":1,\"name\":\"Home\",\"item\":\"https:\\\/\\\/awero.ee\\\/sv\\\/startsida\\\/\"},{\"@type\":\"ListItem\",\"position\":2,\"name\":\"Butik\",\"item\":\"https:\\\/\\\/awero.ee\\\/sv\\\/butik\\\/\"},{\"@type\":\"ListItem\",\"position\":3,\"name\":\"Inbyggnadsbadkar till altan 250\"}]},{\"@type\":\"WebSite\",\"@id\":\"https:\\\/\\\/awero.ee\\\/sv\\\/#website\",\"url\":\"https:\\\/\\\/awero.ee\\\/sv\\\/\",\"name\":\"Awero - S\u00fcdamega L\u00f5una Eestist\",\"description\":\"\",\"publisher\":{\"@id\":\"https:\\\/\\\/awero.ee\\\/sv\\\/#organization\"},\"potentialAction\":[{\"@type\":\"SearchAction\",\"target\":{\"@type\":\"EntryPoint\",\"urlTemplate\":\"https:\\\/\\\/awero.ee\\\/sv\\\/?s={search_term_string}\"},\"query-input\":{\"@type\":\"PropertyValueSpecification\",\"valueRequired\":true,\"valueName\":\"search_term_string\"}}],\"inLanguage\":\"sv-SE\"},{\"@type\":\"Organization\",\"@id\":\"https:\\\/\\\/awero.ee\\\/sv\\\/#organization\",\"name\":\"Awero - S\u00fcdamega L\u00f5una Eestist\",\"url\":\"https:\\\/\\\/awero.ee\\\/sv\\\/\",\"logo\":{\"@type\":\"ImageObject\",\"inLanguage\":\"sv-SE\",\"@id\":\"https:\\\/\\\/awero.ee\\\/sv\\\/#\\\/schema\\\/logo\\\/image\\\/\",\"url\":\"https:\\\/\\\/awero.ee\\\/wp-content\\\/uploads\\\/2024\\\/07\\\/aweroplaceholder.jpg\",\"contentUrl\":\"https:\\\/\\\/awero.ee\\\/wp-content\\\/uploads\\\/2024\\\/07\\\/aweroplaceholder.jpg\",\"width\":1250,\"height\":834,\"caption\":\"Awero - S\u00fcdamega L\u00f5una Eestist\"},\"image\":{\"@id\":\"https:\\\/\\\/awero.ee\\\/sv\\\/#\\\/schema\\\/logo\\\/image\\\/\"}}]}<\/script>\n<!-- \/ Yoast SEO plugin. -->","yoast_head_json":{"title":"Inbyggnadsbadkar till altan 250 - Awero - S\u00fcdamega L\u00f5una-Eestist","robots":{"index":"index","follow":"follow","max-snippet":"max-snippet:-1","max-image-preview":"max-image-preview:large","max-video-preview":"max-video-preview:-1"},"canonical":"https:\/\/awero.ee\/sv\/toode\/inbyggnadsbadkar-till-altan-250\/","og_locale":"sv_SE","og_type":"article","og_title":"Inbyggnadsbadkar till altan 250 - Awero - S\u00fcdamega L\u00f5una-Eestist","og_description":"F\u00f6rest\u00e4ll dig en stund n\u00e4r dagens bekymmer sakta sm\u00e4lter bort... det varma vattnet smeker kroppen, ett milt ljus skapar st\u00e4mning och allt annat bara stannar till. Aweros Inbyggnadsbadkar 250 \u00e4r utarbetat f\u00f6r att ge ditt hem en s\u00e5dan frid och lyx \u2013 oavsett om du bor mitt i staden eller i ett lugnt st\u00e4lle ute p\u00e5 landet. Priset inkluderar: Glasfiberinsats, Termolock, PUR-isolering.","og_url":"https:\/\/awero.ee\/sv\/toode\/inbyggnadsbadkar-till-altan-250\/","og_site_name":"Awero - S\u00fcdamega L\u00f5una-Eestist","article_modified_time":"2026-05-07T18:08:39+00:00","og_image":[{"width":1920,"height":1280,"url":"https:\/\/awero.ee\/wp-content\/uploads\/2025\/04\/Terrassivann.jpg","type":"image\/jpeg"}],"twitter_card":"summary_large_image","twitter_misc":{"Ber\u00e4knad l\u00e4stid":"1 minut"},"schema":{"@context":"https:\/\/schema.org","@graph":[{"@type":"WebPage","@id":"https:\/\/awero.ee\/sv\/toode\/inbyggnadsbadkar-till-altan-250\/","url":"https:\/\/awero.ee\/sv\/toode\/inbyggnadsbadkar-till-altan-250\/","name":"Inbyggnadsbadkar till altan 250 - Awero - S\u00fcdamega L\u00f5una-Eestist","isPartOf":{"@id":"https:\/\/awero.ee\/sv\/#website"},"primaryImageOfPage":{"@id":"https:\/\/awero.ee\/sv\/toode\/inbyggnadsbadkar-till-altan-250\/#primaryimage"},"image":{"@id":"https:\/\/awero.ee\/sv\/toode\/inbyggnadsbadkar-till-altan-250\/#primaryimage"},"thumbnailUrl":"https:\/\/awero.ee\/wp-content\/uploads\/2025\/04\/3f-scaled.jpg","datePublished":"2025-04-25T05:48:37+00:00","dateModified":"2026-05-07T18:08:39+00:00","breadcrumb":{"@id":"https:\/\/awero.ee\/sv\/toode\/inbyggnadsbadkar-till-altan-250\/#breadcrumb"},"inLanguage":"sv-SE","potentialAction":[{"@type":"ReadAction","target":["https:\/\/awero.ee\/sv\/toode\/inbyggnadsbadkar-till-altan-250\/"]}]},{"@type":"ImageObject","inLanguage":"sv-SE","@id":"https:\/\/awero.ee\/sv\/toode\/inbyggnadsbadkar-till-altan-250\/#primaryimage","url":"https:\/\/awero.ee\/wp-content\/uploads\/2025\/04\/3f-scaled.jpg","contentUrl":"https:\/\/awero.ee\/wp-content\/uploads\/2025\/04\/3f-scaled.jpg","width":2560,"height":1600},{"@type":"BreadcrumbList","@id":"https:\/\/awero.ee\/sv\/toode\/inbyggnadsbadkar-till-altan-250\/#breadcrumb","itemListElement":[{"@type":"ListItem","position":1,"name":"Home","item":"https:\/\/awero.ee\/sv\/startsida\/"},{"@type":"ListItem","position":2,"name":"Butik","item":"https:\/\/awero.ee\/sv\/butik\/"},{"@type":"ListItem","position":3,"name":"Inbyggnadsbadkar till altan 250"}]},{"@type":"WebSite","@id":"https:\/\/awero.ee\/sv\/#website","url":"https:\/\/awero.ee\/sv\/","name":"Awero - S\u00fcdamega L\u00f5una Eestist","description":"","publisher":{"@id":"https:\/\/awero.ee\/sv\/#organization"},"potentialAction":[{"@type":"SearchAction","target":{"@type":"EntryPoint","urlTemplate":"https:\/\/awero.ee\/sv\/?s={search_term_string}"},"query-input":{"@type":"PropertyValueSpecification","valueRequired":true,"valueName":"search_term_string"}}],"inLanguage":"sv-SE"},{"@type":"Organization","@id":"https:\/\/awero.ee\/sv\/#organization","name":"Awero - S\u00fcdamega L\u00f5una Eestist","url":"https:\/\/awero.ee\/sv\/","logo":{"@type":"ImageObject","inLanguage":"sv-SE","@id":"https:\/\/awero.ee\/sv\/#\/schema\/logo\/image\/","url":"https:\/\/awero.ee\/wp-content\/uploads\/2024\/07\/aweroplaceholder.jpg","contentUrl":"https:\/\/awero.ee\/wp-content\/uploads\/2024\/07\/aweroplaceholder.jpg","width":1250,"height":834,"caption":"Awero - S\u00fcdamega L\u00f5una Eestist"},"image":{"@id":"https:\/\/awero.ee\/sv\/#\/schema\/logo\/image\/"}}]}},"_links":{"self":[{"href":"https:\/\/awero.ee\/sv\/wp-json\/wp\/v2\/product\/7336","targetHints":{"allow":["GET"]}}],"collection":[{"href":"https:\/\/awero.ee\/sv\/wp-json\/wp\/v2\/product"}],"about":[{"href":"https:\/\/awero.ee\/sv\/wp-json\/wp\/v2\/types\/product"}],"wp:featuredmedia":[{"embeddable":true,"href":"https:\/\/awero.ee\/sv\/wp-json\/wp\/v2\/media\/7820"}],"wp:attachment":[{"href":"https:\/\/awero.ee\/sv\/wp-json\/wp\/v2\/media?parent=7336"}],"wp:term":[{"taxonomy":"product_brand","embeddable":true,"href":"https:\/\/awero.ee\/sv\/wp-json\/wp\/v2\/product_brand?post=7336"},{"taxonomy":"product_cat","embeddable":true,"href":"https:\/\/awero.ee\/sv\/wp-json\/wp\/v2\/product_cat?post=7336"},{"taxonomy":"product_tag","embeddable":true,"href":"https:\/\/awero.ee\/sv\/wp-json\/wp\/v2\/product_tag?post=7336"}],"curies":[{"name":"wp","href":"https:\/\/api.w.org\/{rel}","templated":true}]}}