{"id":7330,"date":"2025-04-13T17:50:51","date_gmt":"2025-04-13T17:50:51","guid":{"rendered":"https:\/\/awero.ee\/toode\/tradgardshus\/"},"modified":"2026-04-01T12:32:24","modified_gmt":"2026-04-01T12:32:24","slug":"tradgardshus","status":"publish","type":"product","link":"https:\/\/awero.ee\/sv\/toode\/tradgardshus\/","title":{"rendered":"Tr\u00e4dg\u00e5rdshus"},"content":{"rendered":"<p>Beskrivning: I leveransen ing\u00e5r:<br \/>\nV\u00e4ggmaterial 24mm gran eller v\u00e4rmebehandlad furu<br \/>\nTakbel\u00e4ggning: svart pappshingel<br \/>\nL\u00e5sbar d\u00f6rr med glasruta.<\/p>\n<p>Tillval:<br \/>\nYtbehandling till monterad byggnad 90\u20ac.<\/p>\n","protected":false},"excerpt":{"rendered":"<p>Ett kompakt och stilfullt tr\u00e4dg\u00e5rdshus som \u00e4r perfekt f\u00f6r f\u00f6rvaring av tr\u00e4dg\u00e5rdsredskap, tillbeh\u00f6r eller annat. Tillverkat av h\u00e5llbar 24 mm naturlig gran eller 28 mm v\u00e4rmebehandlad furu. Tr\u00e4dg\u00e5rdshuset har ett klassiskt sadeltak t\u00e4ckt med pappshingel och en d\u00f6rr med en glasruta f\u00f6r naturlig belysning. En enkel och praktisk l\u00f6sning f\u00f6r varje hemtr\u00e4dg\u00e5rd. Huset kan best\u00e4llas s\u00e5v\u00e4l fabriksmonterat som omonterat.    <\/p>\n","protected":false},"featured_media":5379,"template":"","meta":{"_acf_changed":false},"product_brand":[],"product_cat":[572],"product_tag":[],"class_list":{"0":"post-7330","1":"product","2":"type-product","3":"status-publish","4":"has-post-thumbnail","6":"product_cat-tradgardsprodukter","8":"first","9":"instock","10":"shipping-taxable","11":"product-type-variable"},"acf":[],"yoast_head":"<!-- This site is optimized with the Yoast SEO plugin v27.5 - https:\/\/yoast.com\/product\/yoast-seo-wordpress\/ -->\n<title>Tr\u00e4dg\u00e5rdshus - Awero - S\u00fcdamega L\u00f5una-Eestist<\/title>\n<meta name=\"robots\" content=\"index, follow, max-snippet:-1, max-image-preview:large, max-video-preview:-1\" \/>\n<link rel=\"canonical\" href=\"https:\/\/awero.ee\/sv\/toode\/tradgardshus\/\" \/>\n<meta property=\"og:locale\" content=\"sv_SE\" \/>\n<meta property=\"og:type\" content=\"article\" \/>\n<meta property=\"og:title\" content=\"Tr\u00e4dg\u00e5rdshus - Awero - S\u00fcdamega L\u00f5una-Eestist\" \/>\n<meta property=\"og:description\" content=\"Ett kompakt och stilfullt tr\u00e4dg\u00e5rdshus som \u00e4r perfekt f\u00f6r f\u00f6rvaring av tr\u00e4dg\u00e5rdsredskap, tillbeh\u00f6r eller annat. Tillverkat av h\u00e5llbar 24 mm naturlig gran eller 28 mm v\u00e4rmebehandlad furu. Tr\u00e4dg\u00e5rdshuset har ett klassiskt sadeltak t\u00e4ckt med pappshingel och en d\u00f6rr med en glasruta f\u00f6r naturlig belysning. En enkel och praktisk l\u00f6sning f\u00f6r varje hemtr\u00e4dg\u00e5rd. Huset kan best\u00e4llas s\u00e5v\u00e4l fabriksmonterat som omonterat.\" \/>\n<meta property=\"og:url\" content=\"https:\/\/awero.ee\/sv\/toode\/tradgardshus\/\" \/>\n<meta property=\"og:site_name\" content=\"Awero - S\u00fcdamega L\u00f5una-Eestist\" \/>\n<meta property=\"article:modified_time\" content=\"2026-04-01T12:32:24+00:00\" \/>\n<meta property=\"og:image\" content=\"https:\/\/awero.ee\/wp-content\/uploads\/2025\/04\/aiamaja_termo.jpg\" \/>\n\t<meta property=\"og:image:width\" content=\"1920\" \/>\n\t<meta property=\"og:image:height\" content=\"1280\" \/>\n\t<meta property=\"og:image:type\" content=\"image\/jpeg\" \/>\n<meta name=\"twitter:card\" content=\"summary_large_image\" \/>\n<script type=\"application\/ld+json\" class=\"yoast-schema-graph\">{\"@context\":\"https:\\\/\\\/schema.org\",\"@graph\":[{\"@type\":\"WebPage\",\"@id\":\"https:\\\/\\\/awero.ee\\\/sv\\\/toode\\\/tradgardshus\\\/\",\"url\":\"https:\\\/\\\/awero.ee\\\/sv\\\/toode\\\/tradgardshus\\\/\",\"name\":\"Tr\u00e4dg\u00e5rdshus - Awero - S\u00fcdamega L\u00f5una-Eestist\",\"isPartOf\":{\"@id\":\"https:\\\/\\\/awero.ee\\\/sv\\\/#website\"},\"primaryImageOfPage\":{\"@id\":\"https:\\\/\\\/awero.ee\\\/sv\\\/toode\\\/tradgardshus\\\/#primaryimage\"},\"image\":{\"@id\":\"https:\\\/\\\/awero.ee\\\/sv\\\/toode\\\/tradgardshus\\\/#primaryimage\"},\"thumbnailUrl\":\"https:\\\/\\\/awero.ee\\\/wp-content\\\/uploads\\\/2025\\\/04\\\/aiamaja_termo.jpg\",\"datePublished\":\"2025-04-13T17:50:51+00:00\",\"dateModified\":\"2026-04-01T12:32:24+00:00\",\"breadcrumb\":{\"@id\":\"https:\\\/\\\/awero.ee\\\/sv\\\/toode\\\/tradgardshus\\\/#breadcrumb\"},\"inLanguage\":\"sv-SE\",\"potentialAction\":[{\"@type\":\"ReadAction\",\"target\":[\"https:\\\/\\\/awero.ee\\\/sv\\\/toode\\\/tradgardshus\\\/\"]}]},{\"@type\":\"ImageObject\",\"inLanguage\":\"sv-SE\",\"@id\":\"https:\\\/\\\/awero.ee\\\/sv\\\/toode\\\/tradgardshus\\\/#primaryimage\",\"url\":\"https:\\\/\\\/awero.ee\\\/wp-content\\\/uploads\\\/2025\\\/04\\\/aiamaja_termo.jpg\",\"contentUrl\":\"https:\\\/\\\/awero.ee\\\/wp-content\\\/uploads\\\/2025\\\/04\\\/aiamaja_termo.jpg\",\"width\":1920,\"height\":1280},{\"@type\":\"BreadcrumbList\",\"@id\":\"https:\\\/\\\/awero.ee\\\/sv\\\/toode\\\/tradgardshus\\\/#breadcrumb\",\"itemListElement\":[{\"@type\":\"ListItem\",\"position\":1,\"name\":\"Home\",\"item\":\"https:\\\/\\\/awero.ee\\\/sv\\\/startsida\\\/\"},{\"@type\":\"ListItem\",\"position\":2,\"name\":\"Butik\",\"item\":\"https:\\\/\\\/awero.ee\\\/sv\\\/butik\\\/\"},{\"@type\":\"ListItem\",\"position\":3,\"name\":\"Tr\u00e4dg\u00e5rdshus\"}]},{\"@type\":\"WebSite\",\"@id\":\"https:\\\/\\\/awero.ee\\\/sv\\\/#website\",\"url\":\"https:\\\/\\\/awero.ee\\\/sv\\\/\",\"name\":\"Awero - S\u00fcdamega L\u00f5una Eestist\",\"description\":\"\",\"publisher\":{\"@id\":\"https:\\\/\\\/awero.ee\\\/sv\\\/#organization\"},\"potentialAction\":[{\"@type\":\"SearchAction\",\"target\":{\"@type\":\"EntryPoint\",\"urlTemplate\":\"https:\\\/\\\/awero.ee\\\/sv\\\/?s={search_term_string}\"},\"query-input\":{\"@type\":\"PropertyValueSpecification\",\"valueRequired\":true,\"valueName\":\"search_term_string\"}}],\"inLanguage\":\"sv-SE\"},{\"@type\":\"Organization\",\"@id\":\"https:\\\/\\\/awero.ee\\\/sv\\\/#organization\",\"name\":\"Awero - S\u00fcdamega L\u00f5una Eestist\",\"url\":\"https:\\\/\\\/awero.ee\\\/sv\\\/\",\"logo\":{\"@type\":\"ImageObject\",\"inLanguage\":\"sv-SE\",\"@id\":\"https:\\\/\\\/awero.ee\\\/sv\\\/#\\\/schema\\\/logo\\\/image\\\/\",\"url\":\"https:\\\/\\\/awero.ee\\\/wp-content\\\/uploads\\\/2024\\\/07\\\/aweroplaceholder.jpg\",\"contentUrl\":\"https:\\\/\\\/awero.ee\\\/wp-content\\\/uploads\\\/2024\\\/07\\\/aweroplaceholder.jpg\",\"width\":1250,\"height\":834,\"caption\":\"Awero - S\u00fcdamega L\u00f5una Eestist\"},\"image\":{\"@id\":\"https:\\\/\\\/awero.ee\\\/sv\\\/#\\\/schema\\\/logo\\\/image\\\/\"}}]}<\/script>\n<!-- \/ Yoast SEO plugin. -->","yoast_head_json":{"title":"Tr\u00e4dg\u00e5rdshus - Awero - S\u00fcdamega L\u00f5una-Eestist","robots":{"index":"index","follow":"follow","max-snippet":"max-snippet:-1","max-image-preview":"max-image-preview:large","max-video-preview":"max-video-preview:-1"},"canonical":"https:\/\/awero.ee\/sv\/toode\/tradgardshus\/","og_locale":"sv_SE","og_type":"article","og_title":"Tr\u00e4dg\u00e5rdshus - Awero - S\u00fcdamega L\u00f5una-Eestist","og_description":"Ett kompakt och stilfullt tr\u00e4dg\u00e5rdshus som \u00e4r perfekt f\u00f6r f\u00f6rvaring av tr\u00e4dg\u00e5rdsredskap, tillbeh\u00f6r eller annat. Tillverkat av h\u00e5llbar 24 mm naturlig gran eller 28 mm v\u00e4rmebehandlad furu. Tr\u00e4dg\u00e5rdshuset har ett klassiskt sadeltak t\u00e4ckt med pappshingel och en d\u00f6rr med en glasruta f\u00f6r naturlig belysning. En enkel och praktisk l\u00f6sning f\u00f6r varje hemtr\u00e4dg\u00e5rd. Huset kan best\u00e4llas s\u00e5v\u00e4l fabriksmonterat som omonterat.","og_url":"https:\/\/awero.ee\/sv\/toode\/tradgardshus\/","og_site_name":"Awero - S\u00fcdamega L\u00f5una-Eestist","article_modified_time":"2026-04-01T12:32:24+00:00","og_image":[{"width":1920,"height":1280,"url":"https:\/\/awero.ee\/wp-content\/uploads\/2025\/04\/aiamaja_termo.jpg","type":"image\/jpeg"}],"twitter_card":"summary_large_image","schema":{"@context":"https:\/\/schema.org","@graph":[{"@type":"WebPage","@id":"https:\/\/awero.ee\/sv\/toode\/tradgardshus\/","url":"https:\/\/awero.ee\/sv\/toode\/tradgardshus\/","name":"Tr\u00e4dg\u00e5rdshus - Awero - S\u00fcdamega L\u00f5una-Eestist","isPartOf":{"@id":"https:\/\/awero.ee\/sv\/#website"},"primaryImageOfPage":{"@id":"https:\/\/awero.ee\/sv\/toode\/tradgardshus\/#primaryimage"},"image":{"@id":"https:\/\/awero.ee\/sv\/toode\/tradgardshus\/#primaryimage"},"thumbnailUrl":"https:\/\/awero.ee\/wp-content\/uploads\/2025\/04\/aiamaja_termo.jpg","datePublished":"2025-04-13T17:50:51+00:00","dateModified":"2026-04-01T12:32:24+00:00","breadcrumb":{"@id":"https:\/\/awero.ee\/sv\/toode\/tradgardshus\/#breadcrumb"},"inLanguage":"sv-SE","potentialAction":[{"@type":"ReadAction","target":["https:\/\/awero.ee\/sv\/toode\/tradgardshus\/"]}]},{"@type":"ImageObject","inLanguage":"sv-SE","@id":"https:\/\/awero.ee\/sv\/toode\/tradgardshus\/#primaryimage","url":"https:\/\/awero.ee\/wp-content\/uploads\/2025\/04\/aiamaja_termo.jpg","contentUrl":"https:\/\/awero.ee\/wp-content\/uploads\/2025\/04\/aiamaja_termo.jpg","width":1920,"height":1280},{"@type":"BreadcrumbList","@id":"https:\/\/awero.ee\/sv\/toode\/tradgardshus\/#breadcrumb","itemListElement":[{"@type":"ListItem","position":1,"name":"Home","item":"https:\/\/awero.ee\/sv\/startsida\/"},{"@type":"ListItem","position":2,"name":"Butik","item":"https:\/\/awero.ee\/sv\/butik\/"},{"@type":"ListItem","position":3,"name":"Tr\u00e4dg\u00e5rdshus"}]},{"@type":"WebSite","@id":"https:\/\/awero.ee\/sv\/#website","url":"https:\/\/awero.ee\/sv\/","name":"Awero - S\u00fcdamega L\u00f5una Eestist","description":"","publisher":{"@id":"https:\/\/awero.ee\/sv\/#organization"},"potentialAction":[{"@type":"SearchAction","target":{"@type":"EntryPoint","urlTemplate":"https:\/\/awero.ee\/sv\/?s={search_term_string}"},"query-input":{"@type":"PropertyValueSpecification","valueRequired":true,"valueName":"search_term_string"}}],"inLanguage":"sv-SE"},{"@type":"Organization","@id":"https:\/\/awero.ee\/sv\/#organization","name":"Awero - S\u00fcdamega L\u00f5una Eestist","url":"https:\/\/awero.ee\/sv\/","logo":{"@type":"ImageObject","inLanguage":"sv-SE","@id":"https:\/\/awero.ee\/sv\/#\/schema\/logo\/image\/","url":"https:\/\/awero.ee\/wp-content\/uploads\/2024\/07\/aweroplaceholder.jpg","contentUrl":"https:\/\/awero.ee\/wp-content\/uploads\/2024\/07\/aweroplaceholder.jpg","width":1250,"height":834,"caption":"Awero - S\u00fcdamega L\u00f5una Eestist"},"image":{"@id":"https:\/\/awero.ee\/sv\/#\/schema\/logo\/image\/"}}]}},"_links":{"self":[{"href":"https:\/\/awero.ee\/sv\/wp-json\/wp\/v2\/product\/7330","targetHints":{"allow":["GET"]}}],"collection":[{"href":"https:\/\/awero.ee\/sv\/wp-json\/wp\/v2\/product"}],"about":[{"href":"https:\/\/awero.ee\/sv\/wp-json\/wp\/v2\/types\/product"}],"wp:featuredmedia":[{"embeddable":true,"href":"https:\/\/awero.ee\/sv\/wp-json\/wp\/v2\/media\/5379"}],"wp:attachment":[{"href":"https:\/\/awero.ee\/sv\/wp-json\/wp\/v2\/media?parent=7330"}],"wp:term":[{"taxonomy":"product_brand","embeddable":true,"href":"https:\/\/awero.ee\/sv\/wp-json\/wp\/v2\/product_brand?post=7330"},{"taxonomy":"product_cat","embeddable":true,"href":"https:\/\/awero.ee\/sv\/wp-json\/wp\/v2\/product_cat?post=7330"},{"taxonomy":"product_tag","embeddable":true,"href":"https:\/\/awero.ee\/sv\/wp-json\/wp\/v2\/product_tag?post=7330"}],"curies":[{"name":"wp","href":"https:\/\/api.w.org\/{rel}","templated":true}]}}