{"id":7151,"date":"2025-02-19T09:10:34","date_gmt":"2025-02-19T09:10:34","guid":{"rendered":"https:\/\/awero.ee\/toode\/kallbadtunna-ofuro\/"},"modified":"2026-05-07T18:08:38","modified_gmt":"2026-05-07T18:08:38","slug":"kallbadtunna-ofuro","status":"publish","type":"product","link":"https:\/\/awero.ee\/sv\/toode\/kallbadtunna-ofuro\/","title":{"rendered":"Kallbadtunna Ofuro"},"content":{"rendered":"<div class=\"container single-product-description-text\">\n<div class=\"container single-product-description-text\">\n<p><strong>I leveransen ing\u00e5r:<\/strong><\/p>\n<ul>\n<li><strong>glasfiberinsats<\/strong> (f\u00e4rgurval: gr\u00e5, vit, svart, ljusbl\u00e5, bl\u00e5)<\/li>\n<li>ytterh\u00f6lje av v\u00e4rmebehandlat tr\u00e4 (ytbehandlat med tr\u00e4skyddsmedel)<\/li>\n<li>fyrkantig trappa (ytbehandlad med tr\u00e4skyddsmedel).<\/li>\n<\/ul>\n<p>Kallbadtunnan kan kompletteras med ett isolerat lock och en vattenkylare\/-v\u00e4rmare som m\u00f6jligg\u00f6r att anv\u00e4nda tunnan f\u00f6r b\u00e5de k\u00f6ld- och v\u00e4rmeterapi. Tunnan kan dessutom f\u00f6rses med utv\u00e4ndig PUR-isolering f\u00f6r l\u00e5ngsammare f\u00f6r\u00e4ndring av vattentemperaturen. \u00c4ven LED-belysning och termometer finns tillg\u00e4ngliga som tillval.  <\/p>\n<p>Komplekti ei kuulu termopuidust kate jahutusseadmele.<\/p>\n<\/div>\n<\/div>\n","protected":false},"excerpt":{"rendered":"<p>V\u00e5rt produktutbud har nu kompletterats med den <strong>nya kallbadtunnan Ofuro IceTub<\/strong> f\u00f6r uppfriskande kallbad f\u00f6r tv\u00e5 personer. Kallbadtunnan har en l\u00e4ttsk\u00f6tt <strong>glasfiberinsats <\/strong>med ergonomiska s\u00e4ten, en oval form och ett h\u00e5llbart ytterh\u00f6lje av <strong>v\u00e4rmebehandlat tr\u00e4.<\/strong> <\/p>\n","protected":false},"featured_media":4890,"template":"","meta":{"_acf_changed":false},"product_brand":[],"product_cat":[574,578],"product_tag":[],"class_list":{"0":"post-7151","1":"product","2":"type-product","3":"status-publish","4":"has-post-thumbnail","6":"product_cat-badtunnor","7":"product_cat-isbadstunnor","9":"first","10":"instock","11":"sale","12":"shipping-taxable","13":"product-type-variable"},"acf":[],"yoast_head":"<!-- This site is optimized with the Yoast SEO plugin v27.5 - https:\/\/yoast.com\/product\/yoast-seo-wordpress\/ -->\n<title>Kallbadtunna Ofuro - Awero - S\u00fcdamega L\u00f5una-Eestist<\/title>\n<meta name=\"robots\" content=\"index, follow, max-snippet:-1, max-image-preview:large, max-video-preview:-1\" \/>\n<link rel=\"canonical\" href=\"https:\/\/awero.ee\/sv\/toode\/kallbadtunna-ofuro\/\" \/>\n<meta property=\"og:locale\" content=\"sv_SE\" \/>\n<meta property=\"og:type\" content=\"article\" \/>\n<meta property=\"og:title\" content=\"Kallbadtunna Ofuro - Awero - S\u00fcdamega L\u00f5una-Eestist\" \/>\n<meta property=\"og:description\" content=\"V\u00e5rt produktutbud har nu kompletterats med den nya kallbadtunnan Ofuro IceTub f\u00f6r uppfriskande kallbad f\u00f6r tv\u00e5 personer. Kallbadtunnan har en l\u00e4ttsk\u00f6tt glasfiberinsats med ergonomiska s\u00e4ten, en oval form och ett h\u00e5llbart ytterh\u00f6lje av v\u00e4rmebehandlat tr\u00e4.\" \/>\n<meta property=\"og:url\" content=\"https:\/\/awero.ee\/sv\/toode\/kallbadtunna-ofuro\/\" \/>\n<meta property=\"og:site_name\" content=\"Awero - S\u00fcdamega L\u00f5una-Eestist\" \/>\n<meta property=\"article:modified_time\" content=\"2026-05-07T18:08:38+00:00\" \/>\n<meta property=\"og:image\" content=\"https:\/\/awero.ee\/wp-content\/uploads\/2025\/02\/Ofuro-termo-chiller.jpg\" \/>\n\t<meta property=\"og:image:width\" content=\"2500\" \/>\n\t<meta property=\"og:image:height\" content=\"1667\" \/>\n\t<meta property=\"og:image:type\" content=\"image\/jpeg\" \/>\n<meta name=\"twitter:card\" content=\"summary_large_image\" \/>\n<script type=\"application\/ld+json\" class=\"yoast-schema-graph\">{\"@context\":\"https:\\\/\\\/schema.org\",\"@graph\":[{\"@type\":\"WebPage\",\"@id\":\"https:\\\/\\\/awero.ee\\\/sv\\\/toode\\\/kallbadtunna-ofuro\\\/\",\"url\":\"https:\\\/\\\/awero.ee\\\/sv\\\/toode\\\/kallbadtunna-ofuro\\\/\",\"name\":\"Kallbadtunna Ofuro - Awero - S\u00fcdamega L\u00f5una-Eestist\",\"isPartOf\":{\"@id\":\"https:\\\/\\\/awero.ee\\\/sv\\\/#website\"},\"primaryImageOfPage\":{\"@id\":\"https:\\\/\\\/awero.ee\\\/sv\\\/toode\\\/kallbadtunna-ofuro\\\/#primaryimage\"},\"image\":{\"@id\":\"https:\\\/\\\/awero.ee\\\/sv\\\/toode\\\/kallbadtunna-ofuro\\\/#primaryimage\"},\"thumbnailUrl\":\"https:\\\/\\\/awero.ee\\\/wp-content\\\/uploads\\\/2025\\\/02\\\/Ofuro-termo-chiller.jpg\",\"datePublished\":\"2025-02-19T09:10:34+00:00\",\"dateModified\":\"2026-05-07T18:08:38+00:00\",\"breadcrumb\":{\"@id\":\"https:\\\/\\\/awero.ee\\\/sv\\\/toode\\\/kallbadtunna-ofuro\\\/#breadcrumb\"},\"inLanguage\":\"sv-SE\",\"potentialAction\":[{\"@type\":\"ReadAction\",\"target\":[\"https:\\\/\\\/awero.ee\\\/sv\\\/toode\\\/kallbadtunna-ofuro\\\/\"]}]},{\"@type\":\"ImageObject\",\"inLanguage\":\"sv-SE\",\"@id\":\"https:\\\/\\\/awero.ee\\\/sv\\\/toode\\\/kallbadtunna-ofuro\\\/#primaryimage\",\"url\":\"https:\\\/\\\/awero.ee\\\/wp-content\\\/uploads\\\/2025\\\/02\\\/Ofuro-termo-chiller.jpg\",\"contentUrl\":\"https:\\\/\\\/awero.ee\\\/wp-content\\\/uploads\\\/2025\\\/02\\\/Ofuro-termo-chiller.jpg\",\"width\":2500,\"height\":1667},{\"@type\":\"BreadcrumbList\",\"@id\":\"https:\\\/\\\/awero.ee\\\/sv\\\/toode\\\/kallbadtunna-ofuro\\\/#breadcrumb\",\"itemListElement\":[{\"@type\":\"ListItem\",\"position\":1,\"name\":\"Home\",\"item\":\"https:\\\/\\\/awero.ee\\\/sv\\\/startsida\\\/\"},{\"@type\":\"ListItem\",\"position\":2,\"name\":\"Butik\",\"item\":\"https:\\\/\\\/awero.ee\\\/sv\\\/butik\\\/\"},{\"@type\":\"ListItem\",\"position\":3,\"name\":\"Kallbadtunna Ofuro\"}]},{\"@type\":\"WebSite\",\"@id\":\"https:\\\/\\\/awero.ee\\\/sv\\\/#website\",\"url\":\"https:\\\/\\\/awero.ee\\\/sv\\\/\",\"name\":\"Awero - S\u00fcdamega L\u00f5una Eestist\",\"description\":\"\",\"publisher\":{\"@id\":\"https:\\\/\\\/awero.ee\\\/sv\\\/#organization\"},\"potentialAction\":[{\"@type\":\"SearchAction\",\"target\":{\"@type\":\"EntryPoint\",\"urlTemplate\":\"https:\\\/\\\/awero.ee\\\/sv\\\/?s={search_term_string}\"},\"query-input\":{\"@type\":\"PropertyValueSpecification\",\"valueRequired\":true,\"valueName\":\"search_term_string\"}}],\"inLanguage\":\"sv-SE\"},{\"@type\":\"Organization\",\"@id\":\"https:\\\/\\\/awero.ee\\\/sv\\\/#organization\",\"name\":\"Awero - S\u00fcdamega L\u00f5una Eestist\",\"url\":\"https:\\\/\\\/awero.ee\\\/sv\\\/\",\"logo\":{\"@type\":\"ImageObject\",\"inLanguage\":\"sv-SE\",\"@id\":\"https:\\\/\\\/awero.ee\\\/sv\\\/#\\\/schema\\\/logo\\\/image\\\/\",\"url\":\"https:\\\/\\\/awero.ee\\\/wp-content\\\/uploads\\\/2024\\\/07\\\/aweroplaceholder.jpg\",\"contentUrl\":\"https:\\\/\\\/awero.ee\\\/wp-content\\\/uploads\\\/2024\\\/07\\\/aweroplaceholder.jpg\",\"width\":1250,\"height\":834,\"caption\":\"Awero - S\u00fcdamega L\u00f5una Eestist\"},\"image\":{\"@id\":\"https:\\\/\\\/awero.ee\\\/sv\\\/#\\\/schema\\\/logo\\\/image\\\/\"}}]}<\/script>\n<!-- \/ Yoast SEO plugin. -->","yoast_head_json":{"title":"Kallbadtunna Ofuro - Awero - S\u00fcdamega L\u00f5una-Eestist","robots":{"index":"index","follow":"follow","max-snippet":"max-snippet:-1","max-image-preview":"max-image-preview:large","max-video-preview":"max-video-preview:-1"},"canonical":"https:\/\/awero.ee\/sv\/toode\/kallbadtunna-ofuro\/","og_locale":"sv_SE","og_type":"article","og_title":"Kallbadtunna Ofuro - Awero - S\u00fcdamega L\u00f5una-Eestist","og_description":"V\u00e5rt produktutbud har nu kompletterats med den nya kallbadtunnan Ofuro IceTub f\u00f6r uppfriskande kallbad f\u00f6r tv\u00e5 personer. Kallbadtunnan har en l\u00e4ttsk\u00f6tt glasfiberinsats med ergonomiska s\u00e4ten, en oval form och ett h\u00e5llbart ytterh\u00f6lje av v\u00e4rmebehandlat tr\u00e4.","og_url":"https:\/\/awero.ee\/sv\/toode\/kallbadtunna-ofuro\/","og_site_name":"Awero - S\u00fcdamega L\u00f5una-Eestist","article_modified_time":"2026-05-07T18:08:38+00:00","og_image":[{"width":2500,"height":1667,"url":"https:\/\/awero.ee\/wp-content\/uploads\/2025\/02\/Ofuro-termo-chiller.jpg","type":"image\/jpeg"}],"twitter_card":"summary_large_image","schema":{"@context":"https:\/\/schema.org","@graph":[{"@type":"WebPage","@id":"https:\/\/awero.ee\/sv\/toode\/kallbadtunna-ofuro\/","url":"https:\/\/awero.ee\/sv\/toode\/kallbadtunna-ofuro\/","name":"Kallbadtunna Ofuro - Awero - S\u00fcdamega L\u00f5una-Eestist","isPartOf":{"@id":"https:\/\/awero.ee\/sv\/#website"},"primaryImageOfPage":{"@id":"https:\/\/awero.ee\/sv\/toode\/kallbadtunna-ofuro\/#primaryimage"},"image":{"@id":"https:\/\/awero.ee\/sv\/toode\/kallbadtunna-ofuro\/#primaryimage"},"thumbnailUrl":"https:\/\/awero.ee\/wp-content\/uploads\/2025\/02\/Ofuro-termo-chiller.jpg","datePublished":"2025-02-19T09:10:34+00:00","dateModified":"2026-05-07T18:08:38+00:00","breadcrumb":{"@id":"https:\/\/awero.ee\/sv\/toode\/kallbadtunna-ofuro\/#breadcrumb"},"inLanguage":"sv-SE","potentialAction":[{"@type":"ReadAction","target":["https:\/\/awero.ee\/sv\/toode\/kallbadtunna-ofuro\/"]}]},{"@type":"ImageObject","inLanguage":"sv-SE","@id":"https:\/\/awero.ee\/sv\/toode\/kallbadtunna-ofuro\/#primaryimage","url":"https:\/\/awero.ee\/wp-content\/uploads\/2025\/02\/Ofuro-termo-chiller.jpg","contentUrl":"https:\/\/awero.ee\/wp-content\/uploads\/2025\/02\/Ofuro-termo-chiller.jpg","width":2500,"height":1667},{"@type":"BreadcrumbList","@id":"https:\/\/awero.ee\/sv\/toode\/kallbadtunna-ofuro\/#breadcrumb","itemListElement":[{"@type":"ListItem","position":1,"name":"Home","item":"https:\/\/awero.ee\/sv\/startsida\/"},{"@type":"ListItem","position":2,"name":"Butik","item":"https:\/\/awero.ee\/sv\/butik\/"},{"@type":"ListItem","position":3,"name":"Kallbadtunna Ofuro"}]},{"@type":"WebSite","@id":"https:\/\/awero.ee\/sv\/#website","url":"https:\/\/awero.ee\/sv\/","name":"Awero - S\u00fcdamega L\u00f5una Eestist","description":"","publisher":{"@id":"https:\/\/awero.ee\/sv\/#organization"},"potentialAction":[{"@type":"SearchAction","target":{"@type":"EntryPoint","urlTemplate":"https:\/\/awero.ee\/sv\/?s={search_term_string}"},"query-input":{"@type":"PropertyValueSpecification","valueRequired":true,"valueName":"search_term_string"}}],"inLanguage":"sv-SE"},{"@type":"Organization","@id":"https:\/\/awero.ee\/sv\/#organization","name":"Awero - S\u00fcdamega L\u00f5una Eestist","url":"https:\/\/awero.ee\/sv\/","logo":{"@type":"ImageObject","inLanguage":"sv-SE","@id":"https:\/\/awero.ee\/sv\/#\/schema\/logo\/image\/","url":"https:\/\/awero.ee\/wp-content\/uploads\/2024\/07\/aweroplaceholder.jpg","contentUrl":"https:\/\/awero.ee\/wp-content\/uploads\/2024\/07\/aweroplaceholder.jpg","width":1250,"height":834,"caption":"Awero - S\u00fcdamega L\u00f5una Eestist"},"image":{"@id":"https:\/\/awero.ee\/sv\/#\/schema\/logo\/image\/"}}]}},"_links":{"self":[{"href":"https:\/\/awero.ee\/sv\/wp-json\/wp\/v2\/product\/7151","targetHints":{"allow":["GET"]}}],"collection":[{"href":"https:\/\/awero.ee\/sv\/wp-json\/wp\/v2\/product"}],"about":[{"href":"https:\/\/awero.ee\/sv\/wp-json\/wp\/v2\/types\/product"}],"wp:featuredmedia":[{"embeddable":true,"href":"https:\/\/awero.ee\/sv\/wp-json\/wp\/v2\/media\/4890"}],"wp:attachment":[{"href":"https:\/\/awero.ee\/sv\/wp-json\/wp\/v2\/media?parent=7151"}],"wp:term":[{"taxonomy":"product_brand","embeddable":true,"href":"https:\/\/awero.ee\/sv\/wp-json\/wp\/v2\/product_brand?post=7151"},{"taxonomy":"product_cat","embeddable":true,"href":"https:\/\/awero.ee\/sv\/wp-json\/wp\/v2\/product_cat?post=7151"},{"taxonomy":"product_tag","embeddable":true,"href":"https:\/\/awero.ee\/sv\/wp-json\/wp\/v2\/product_tag?post=7151"}],"curies":[{"name":"wp","href":"https:\/\/api.w.org\/{rel}","templated":true}]}}