{"id":6989,"date":"2024-12-12T12:07:18","date_gmt":"2024-12-12T12:07:18","guid":{"rendered":"https:\/\/awero.ee\/toode\/isolering-med-pur-skum-till-badtunna\/"},"modified":"2026-04-01T12:32:24","modified_gmt":"2026-04-01T12:32:24","slug":"isolering-med-pur-skum-till-badtunna","status":"publish","type":"product","link":"https:\/\/awero.ee\/sv\/toode\/isolering-med-pur-skum-till-badtunna\/","title":{"rendered":"Isolering med PUR-skum till badtunna"},"content":{"rendered":"<p>Isolerskiktet i polyuretanskum h\u00e5ller v\u00e4rmen l\u00e4nge tack vare luftt\u00e4t isolering. Med denna isoleringsl\u00f6sning kan du njuta av varmt vatten under l\u00e4ngre tid och l\u00e4ngre och behagligare badupplevelser. Genom att minska v\u00e4rmef\u00f6rlusten minskar du \u00e4ven uppv\u00e4rmningskostnaderna och badupplevelsen blir milj\u00f6v\u00e4nligare.  <\/p>\n<p>Perfekt f\u00f6r anv\u00e4ndning b\u00e5de inomhus och utomhus.<\/p>\n","protected":false},"excerpt":{"rendered":"<p>Priset anges inklusive moms (24%).<\/p>\n<p>Ett isolerskikt av polyuretanskum (PUR-skum) till badtunnan \u00e4r ett enkelt hj\u00e4lpmedel f\u00f6r att kunna njuta av avslappnande badupplevelser l\u00e4ngre. Polyuretanskum hj\u00e4lper till att uppr\u00e4tth\u00e5lla vattentemperaturen och minska energikostnaderna. V\u00e4lkommen till den nya generationens badupplevelse som kombinerar v\u00e4rme och komfort!  <\/p>\n","protected":false},"featured_media":5163,"template":"","meta":{"_acf_changed":false},"product_brand":[],"product_cat":[583],"product_tag":[],"class_list":{"0":"post-6989","1":"product","2":"type-product","3":"status-publish","4":"has-post-thumbnail","6":"product_cat-extrautrustning","8":"first","9":"instock","10":"shipping-taxable","11":"product-type-variable"},"acf":[],"yoast_head":"<!-- This site is optimized with the Yoast SEO plugin v26.8 - https:\/\/yoast.com\/product\/yoast-seo-wordpress\/ -->\n<title>Isolering med PUR-skum till badtunna - Awero - S\u00fcdamega L\u00f5una-Eestist<\/title>\n<meta name=\"robots\" content=\"index, follow, max-snippet:-1, max-image-preview:large, max-video-preview:-1\" \/>\n<link rel=\"canonical\" href=\"https:\/\/awero.ee\/sv\/toode\/isolering-med-pur-skum-till-badtunna\/\" \/>\n<meta property=\"og:locale\" content=\"sv_SE\" \/>\n<meta property=\"og:type\" content=\"article\" \/>\n<meta property=\"og:title\" content=\"Isolering med PUR-skum till badtunna - Awero - S\u00fcdamega L\u00f5una-Eestist\" \/>\n<meta property=\"og:description\" content=\"Priset anges inklusive moms (24%). Ett isolerskikt av polyuretanskum (PUR-skum) till badtunnan \u00e4r ett enkelt hj\u00e4lpmedel f\u00f6r att kunna njuta av avslappnande badupplevelser l\u00e4ngre. Polyuretanskum hj\u00e4lper till att uppr\u00e4tth\u00e5lla vattentemperaturen och minska energikostnaderna. V\u00e4lkommen till den nya generationens badupplevelse som kombinerar v\u00e4rme och komfort!\" \/>\n<meta property=\"og:url\" content=\"https:\/\/awero.ee\/sv\/toode\/isolering-med-pur-skum-till-badtunna\/\" \/>\n<meta property=\"og:site_name\" content=\"Awero - S\u00fcdamega L\u00f5una-Eestist\" \/>\n<meta property=\"article:modified_time\" content=\"2026-04-01T12:32:24+00:00\" \/>\n<meta property=\"og:image\" content=\"https:\/\/awero.ee\/wp-content\/uploads\/2024\/12\/PUR-vahuga-soojustamine.jpg\" \/>\n\t<meta property=\"og:image:width\" content=\"1600\" \/>\n\t<meta property=\"og:image:height\" content=\"1600\" \/>\n\t<meta property=\"og:image:type\" content=\"image\/jpeg\" \/>\n<meta name=\"twitter:card\" content=\"summary_large_image\" \/>\n<script type=\"application\/ld+json\" class=\"yoast-schema-graph\">{\"@context\":\"https:\/\/schema.org\",\"@graph\":[{\"@type\":\"WebPage\",\"@id\":\"https:\/\/awero.ee\/sv\/toode\/isolering-med-pur-skum-till-badtunna\/\",\"url\":\"https:\/\/awero.ee\/sv\/toode\/isolering-med-pur-skum-till-badtunna\/\",\"name\":\"Isolering med PUR-skum till badtunna - Awero - S\u00fcdamega L\u00f5una-Eestist\",\"isPartOf\":{\"@id\":\"https:\/\/awero.ee\/sv\/#website\"},\"primaryImageOfPage\":{\"@id\":\"https:\/\/awero.ee\/sv\/toode\/isolering-med-pur-skum-till-badtunna\/#primaryimage\"},\"image\":{\"@id\":\"https:\/\/awero.ee\/sv\/toode\/isolering-med-pur-skum-till-badtunna\/#primaryimage\"},\"thumbnailUrl\":\"https:\/\/awero.ee\/wp-content\/uploads\/2024\/12\/PUR-vahuga-soojustamine.jpg\",\"datePublished\":\"2024-12-12T12:07:18+00:00\",\"dateModified\":\"2026-04-01T12:32:24+00:00\",\"breadcrumb\":{\"@id\":\"https:\/\/awero.ee\/sv\/toode\/isolering-med-pur-skum-till-badtunna\/#breadcrumb\"},\"inLanguage\":\"sv-SE\",\"potentialAction\":[{\"@type\":\"ReadAction\",\"target\":[\"https:\/\/awero.ee\/sv\/toode\/isolering-med-pur-skum-till-badtunna\/\"]}]},{\"@type\":\"ImageObject\",\"inLanguage\":\"sv-SE\",\"@id\":\"https:\/\/awero.ee\/sv\/toode\/isolering-med-pur-skum-till-badtunna\/#primaryimage\",\"url\":\"https:\/\/awero.ee\/wp-content\/uploads\/2024\/12\/PUR-vahuga-soojustamine.jpg\",\"contentUrl\":\"https:\/\/awero.ee\/wp-content\/uploads\/2024\/12\/PUR-vahuga-soojustamine.jpg\",\"width\":1600,\"height\":1600},{\"@type\":\"BreadcrumbList\",\"@id\":\"https:\/\/awero.ee\/sv\/toode\/isolering-med-pur-skum-till-badtunna\/#breadcrumb\",\"itemListElement\":[{\"@type\":\"ListItem\",\"position\":1,\"name\":\"Home\",\"item\":\"https:\/\/awero.ee\/sv\/startsida\/\"},{\"@type\":\"ListItem\",\"position\":2,\"name\":\"Butik\",\"item\":\"https:\/\/awero.ee\/sv\/butik\/\"},{\"@type\":\"ListItem\",\"position\":3,\"name\":\"Isolering med PUR-skum till badtunna\"}]},{\"@type\":\"WebSite\",\"@id\":\"https:\/\/awero.ee\/sv\/#website\",\"url\":\"https:\/\/awero.ee\/sv\/\",\"name\":\"Awero - S\u00fcdamega L\u00f5una Eestist\",\"description\":\"\",\"publisher\":{\"@id\":\"https:\/\/awero.ee\/sv\/#organization\"},\"potentialAction\":[{\"@type\":\"SearchAction\",\"target\":{\"@type\":\"EntryPoint\",\"urlTemplate\":\"https:\/\/awero.ee\/sv\/?s={search_term_string}\"},\"query-input\":{\"@type\":\"PropertyValueSpecification\",\"valueRequired\":true,\"valueName\":\"search_term_string\"}}],\"inLanguage\":\"sv-SE\"},{\"@type\":\"Organization\",\"@id\":\"https:\/\/awero.ee\/sv\/#organization\",\"name\":\"Awero - S\u00fcdamega L\u00f5una Eestist\",\"url\":\"https:\/\/awero.ee\/sv\/\",\"logo\":{\"@type\":\"ImageObject\",\"inLanguage\":\"sv-SE\",\"@id\":\"https:\/\/awero.ee\/sv\/#\/schema\/logo\/image\/\",\"url\":\"https:\/\/awero.ee\/wp-content\/uploads\/2024\/07\/aweroplaceholder.jpg\",\"contentUrl\":\"https:\/\/awero.ee\/wp-content\/uploads\/2024\/07\/aweroplaceholder.jpg\",\"width\":1250,\"height\":834,\"caption\":\"Awero - S\u00fcdamega L\u00f5una Eestist\"},\"image\":{\"@id\":\"https:\/\/awero.ee\/sv\/#\/schema\/logo\/image\/\"}}]}<\/script>\n<!-- \/ Yoast SEO plugin. -->","yoast_head_json":{"title":"Isolering med PUR-skum till badtunna - Awero - S\u00fcdamega L\u00f5una-Eestist","robots":{"index":"index","follow":"follow","max-snippet":"max-snippet:-1","max-image-preview":"max-image-preview:large","max-video-preview":"max-video-preview:-1"},"canonical":"https:\/\/awero.ee\/sv\/toode\/isolering-med-pur-skum-till-badtunna\/","og_locale":"sv_SE","og_type":"article","og_title":"Isolering med PUR-skum till badtunna - Awero - S\u00fcdamega L\u00f5una-Eestist","og_description":"Priset anges inklusive moms (24%). Ett isolerskikt av polyuretanskum (PUR-skum) till badtunnan \u00e4r ett enkelt hj\u00e4lpmedel f\u00f6r att kunna njuta av avslappnande badupplevelser l\u00e4ngre. Polyuretanskum hj\u00e4lper till att uppr\u00e4tth\u00e5lla vattentemperaturen och minska energikostnaderna. V\u00e4lkommen till den nya generationens badupplevelse som kombinerar v\u00e4rme och komfort!","og_url":"https:\/\/awero.ee\/sv\/toode\/isolering-med-pur-skum-till-badtunna\/","og_site_name":"Awero - S\u00fcdamega L\u00f5una-Eestist","article_modified_time":"2026-04-01T12:32:24+00:00","og_image":[{"width":1600,"height":1600,"url":"https:\/\/awero.ee\/wp-content\/uploads\/2024\/12\/PUR-vahuga-soojustamine.jpg","type":"image\/jpeg"}],"twitter_card":"summary_large_image","schema":{"@context":"https:\/\/schema.org","@graph":[{"@type":"WebPage","@id":"https:\/\/awero.ee\/sv\/toode\/isolering-med-pur-skum-till-badtunna\/","url":"https:\/\/awero.ee\/sv\/toode\/isolering-med-pur-skum-till-badtunna\/","name":"Isolering med PUR-skum till badtunna - Awero - S\u00fcdamega L\u00f5una-Eestist","isPartOf":{"@id":"https:\/\/awero.ee\/sv\/#website"},"primaryImageOfPage":{"@id":"https:\/\/awero.ee\/sv\/toode\/isolering-med-pur-skum-till-badtunna\/#primaryimage"},"image":{"@id":"https:\/\/awero.ee\/sv\/toode\/isolering-med-pur-skum-till-badtunna\/#primaryimage"},"thumbnailUrl":"https:\/\/awero.ee\/wp-content\/uploads\/2024\/12\/PUR-vahuga-soojustamine.jpg","datePublished":"2024-12-12T12:07:18+00:00","dateModified":"2026-04-01T12:32:24+00:00","breadcrumb":{"@id":"https:\/\/awero.ee\/sv\/toode\/isolering-med-pur-skum-till-badtunna\/#breadcrumb"},"inLanguage":"sv-SE","potentialAction":[{"@type":"ReadAction","target":["https:\/\/awero.ee\/sv\/toode\/isolering-med-pur-skum-till-badtunna\/"]}]},{"@type":"ImageObject","inLanguage":"sv-SE","@id":"https:\/\/awero.ee\/sv\/toode\/isolering-med-pur-skum-till-badtunna\/#primaryimage","url":"https:\/\/awero.ee\/wp-content\/uploads\/2024\/12\/PUR-vahuga-soojustamine.jpg","contentUrl":"https:\/\/awero.ee\/wp-content\/uploads\/2024\/12\/PUR-vahuga-soojustamine.jpg","width":1600,"height":1600},{"@type":"BreadcrumbList","@id":"https:\/\/awero.ee\/sv\/toode\/isolering-med-pur-skum-till-badtunna\/#breadcrumb","itemListElement":[{"@type":"ListItem","position":1,"name":"Home","item":"https:\/\/awero.ee\/sv\/startsida\/"},{"@type":"ListItem","position":2,"name":"Butik","item":"https:\/\/awero.ee\/sv\/butik\/"},{"@type":"ListItem","position":3,"name":"Isolering med PUR-skum till badtunna"}]},{"@type":"WebSite","@id":"https:\/\/awero.ee\/sv\/#website","url":"https:\/\/awero.ee\/sv\/","name":"Awero - S\u00fcdamega L\u00f5una Eestist","description":"","publisher":{"@id":"https:\/\/awero.ee\/sv\/#organization"},"potentialAction":[{"@type":"SearchAction","target":{"@type":"EntryPoint","urlTemplate":"https:\/\/awero.ee\/sv\/?s={search_term_string}"},"query-input":{"@type":"PropertyValueSpecification","valueRequired":true,"valueName":"search_term_string"}}],"inLanguage":"sv-SE"},{"@type":"Organization","@id":"https:\/\/awero.ee\/sv\/#organization","name":"Awero - S\u00fcdamega L\u00f5una Eestist","url":"https:\/\/awero.ee\/sv\/","logo":{"@type":"ImageObject","inLanguage":"sv-SE","@id":"https:\/\/awero.ee\/sv\/#\/schema\/logo\/image\/","url":"https:\/\/awero.ee\/wp-content\/uploads\/2024\/07\/aweroplaceholder.jpg","contentUrl":"https:\/\/awero.ee\/wp-content\/uploads\/2024\/07\/aweroplaceholder.jpg","width":1250,"height":834,"caption":"Awero - S\u00fcdamega L\u00f5una Eestist"},"image":{"@id":"https:\/\/awero.ee\/sv\/#\/schema\/logo\/image\/"}}]}},"_links":{"self":[{"href":"https:\/\/awero.ee\/sv\/wp-json\/wp\/v2\/product\/6989","targetHints":{"allow":["GET"]}}],"collection":[{"href":"https:\/\/awero.ee\/sv\/wp-json\/wp\/v2\/product"}],"about":[{"href":"https:\/\/awero.ee\/sv\/wp-json\/wp\/v2\/types\/product"}],"wp:featuredmedia":[{"embeddable":true,"href":"https:\/\/awero.ee\/sv\/wp-json\/wp\/v2\/media\/5163"}],"wp:attachment":[{"href":"https:\/\/awero.ee\/sv\/wp-json\/wp\/v2\/media?parent=6989"}],"wp:term":[{"taxonomy":"product_brand","embeddable":true,"href":"https:\/\/awero.ee\/sv\/wp-json\/wp\/v2\/product_brand?post=6989"},{"taxonomy":"product_cat","embeddable":true,"href":"https:\/\/awero.ee\/sv\/wp-json\/wp\/v2\/product_cat?post=6989"},{"taxonomy":"product_tag","embeddable":true,"href":"https:\/\/awero.ee\/sv\/wp-json\/wp\/v2\/product_tag?post=6989"}],"curies":[{"name":"wp","href":"https:\/\/api.w.org\/{rel}","templated":true}]}}