{"id":6987,"date":"2024-12-12T12:06:56","date_gmt":"2024-12-12T12:06:56","guid":{"rendered":"https:\/\/awero.ee\/toode\/doseringsenhet-for-vattenrengoringstabletter-combitab\/"},"modified":"2026-03-10T07:59:00","modified_gmt":"2026-03-10T07:59:00","slug":"doseringsenhet-for-vattenrengoringstabletter-combitab","status":"publish","type":"product","link":"https:\/\/awero.ee\/sv\/toode\/doseringsenhet-for-vattenrengoringstabletter-combitab\/","title":{"rendered":"Doseringsenhet f\u00f6r vattenreng\u00f6ringstabletter CombiTab"},"content":{"rendered":"<p>Doseringsenheten f\u00f6r vattenreng\u00f6ringstabletter \u00e4r utarbetad f\u00f6r att underl\u00e4tta anv\u00e4ndning av vattenreng\u00f6ringsmedel och s\u00e4kerst\u00e4lla stabil vattenkvalitet i badtunnan. Doseringsenheten m\u00f6jligg\u00f6r korrekt dosering av reng\u00f6ringstabletter efter vattenvolym och behov. Den hj\u00e4lper \u00e4ven till att g\u00f6ra vattenreng\u00f6ringsprocessen effektiv och minska sl\u00f6seri med vattenreng\u00f6ringsmedel. Dess design \u00e4r avskalad och anv\u00e4ndarv\u00e4nlig.   <\/p>\n<p>Doseringsenheten f\u00f6r vattenreng\u00f6ringstabletter \u00e4r perfekt f\u00f6r anv\u00e4ndning med vattenreng\u00f6ringstabletter och s\u00e4kerst\u00e4ller precis och bekv\u00e4m dosering. F\u00f6lj noggrant instruktioner och rekommendationer f\u00f6r justering och underh\u00e5ll av doseringsenheten p\u00e5 f\u00f6rpackningen. F\u00f6rvaras o\u00e5tkomligt f\u00f6r barn.  <\/p>\n","protected":false},"excerpt":{"rendered":"<p>Denna doseringsenhet f\u00f6r vattenreng\u00f6ringstabletter \u00e4r en bekv\u00e4m och praktisk enhet f\u00f6r precis dosering av vattenreng\u00f6ringsmedel. Den \u00e4r ett bekv\u00e4mt hj\u00e4lpmedel som s\u00e4kerst\u00e4ller optimal anv\u00e4ndning av vattenreng\u00f6ringsmedel och en stabil vattenkvalitet. <\/p>\n","protected":false},"featured_media":5109,"template":"","meta":{"_acf_changed":false},"product_brand":[],"product_cat":[583],"product_tag":[],"class_list":{"0":"post-6987","1":"product","2":"type-product","3":"status-publish","4":"has-post-thumbnail","6":"product_cat-extrautrustning","8":"first","9":"outofstock","10":"shipping-taxable","11":"product-type-simple"},"acf":[],"yoast_head":"<!-- This site is optimized with the Yoast SEO plugin v26.8 - https:\/\/yoast.com\/product\/yoast-seo-wordpress\/ -->\n<title>Doseringsenhet f\u00f6r vattenreng\u00f6ringstabletter CombiTab - Awero - S\u00fcdamega L\u00f5una-Eestist<\/title>\n<meta name=\"robots\" content=\"index, follow, max-snippet:-1, max-image-preview:large, max-video-preview:-1\" \/>\n<link rel=\"canonical\" href=\"https:\/\/awero.ee\/sv\/toode\/doseringsenhet-for-vattenrengoringstabletter-combitab\/\" \/>\n<meta property=\"og:locale\" content=\"sv_SE\" \/>\n<meta property=\"og:type\" content=\"article\" \/>\n<meta property=\"og:title\" content=\"Doseringsenhet f\u00f6r vattenreng\u00f6ringstabletter CombiTab - Awero - S\u00fcdamega L\u00f5una-Eestist\" \/>\n<meta property=\"og:description\" content=\"Denna doseringsenhet f\u00f6r vattenreng\u00f6ringstabletter \u00e4r en bekv\u00e4m och praktisk enhet f\u00f6r precis dosering av vattenreng\u00f6ringsmedel. Den \u00e4r ett bekv\u00e4mt hj\u00e4lpmedel som s\u00e4kerst\u00e4ller optimal anv\u00e4ndning av vattenreng\u00f6ringsmedel och en stabil vattenkvalitet.\" \/>\n<meta property=\"og:url\" content=\"https:\/\/awero.ee\/sv\/toode\/doseringsenhet-for-vattenrengoringstabletter-combitab\/\" \/>\n<meta property=\"og:site_name\" content=\"Awero - S\u00fcdamega L\u00f5una-Eestist\" \/>\n<meta property=\"article:modified_time\" content=\"2026-03-10T07:59:00+00:00\" \/>\n<meta property=\"og:image\" content=\"https:\/\/awero.ee\/wp-content\/uploads\/2024\/12\/Dosaator.jpg\" \/>\n\t<meta property=\"og:image:width\" content=\"780\" \/>\n\t<meta property=\"og:image:height\" content=\"708\" \/>\n\t<meta property=\"og:image:type\" content=\"image\/jpeg\" \/>\n<meta name=\"twitter:card\" content=\"summary_large_image\" \/>\n<meta name=\"twitter:label1\" content=\"Ber\u00e4knad l\u00e4stid\" \/>\n\t<meta name=\"twitter:data1\" content=\"1 minut\" \/>\n<script type=\"application\/ld+json\" class=\"yoast-schema-graph\">{\"@context\":\"https:\/\/schema.org\",\"@graph\":[{\"@type\":\"WebPage\",\"@id\":\"https:\/\/awero.ee\/sv\/toode\/doseringsenhet-for-vattenrengoringstabletter-combitab\/\",\"url\":\"https:\/\/awero.ee\/sv\/toode\/doseringsenhet-for-vattenrengoringstabletter-combitab\/\",\"name\":\"Doseringsenhet f\u00f6r vattenreng\u00f6ringstabletter CombiTab - Awero - S\u00fcdamega L\u00f5una-Eestist\",\"isPartOf\":{\"@id\":\"https:\/\/awero.ee\/sv\/#website\"},\"primaryImageOfPage\":{\"@id\":\"https:\/\/awero.ee\/sv\/toode\/doseringsenhet-for-vattenrengoringstabletter-combitab\/#primaryimage\"},\"image\":{\"@id\":\"https:\/\/awero.ee\/sv\/toode\/doseringsenhet-for-vattenrengoringstabletter-combitab\/#primaryimage\"},\"thumbnailUrl\":\"https:\/\/awero.ee\/wp-content\/uploads\/2024\/12\/Dosaator.jpg\",\"datePublished\":\"2024-12-12T12:06:56+00:00\",\"dateModified\":\"2026-03-10T07:59:00+00:00\",\"breadcrumb\":{\"@id\":\"https:\/\/awero.ee\/sv\/toode\/doseringsenhet-for-vattenrengoringstabletter-combitab\/#breadcrumb\"},\"inLanguage\":\"sv-SE\",\"potentialAction\":[{\"@type\":\"ReadAction\",\"target\":[\"https:\/\/awero.ee\/sv\/toode\/doseringsenhet-for-vattenrengoringstabletter-combitab\/\"]}]},{\"@type\":\"ImageObject\",\"inLanguage\":\"sv-SE\",\"@id\":\"https:\/\/awero.ee\/sv\/toode\/doseringsenhet-for-vattenrengoringstabletter-combitab\/#primaryimage\",\"url\":\"https:\/\/awero.ee\/wp-content\/uploads\/2024\/12\/Dosaator.jpg\",\"contentUrl\":\"https:\/\/awero.ee\/wp-content\/uploads\/2024\/12\/Dosaator.jpg\",\"width\":780,\"height\":708},{\"@type\":\"BreadcrumbList\",\"@id\":\"https:\/\/awero.ee\/sv\/toode\/doseringsenhet-for-vattenrengoringstabletter-combitab\/#breadcrumb\",\"itemListElement\":[{\"@type\":\"ListItem\",\"position\":1,\"name\":\"Home\",\"item\":\"https:\/\/awero.ee\/sv\/startsida\/\"},{\"@type\":\"ListItem\",\"position\":2,\"name\":\"Butik\",\"item\":\"https:\/\/awero.ee\/sv\/butik\/\"},{\"@type\":\"ListItem\",\"position\":3,\"name\":\"Doseringsenhet f\u00f6r vattenreng\u00f6ringstabletter CombiTab\"}]},{\"@type\":\"WebSite\",\"@id\":\"https:\/\/awero.ee\/sv\/#website\",\"url\":\"https:\/\/awero.ee\/sv\/\",\"name\":\"Awero - S\u00fcdamega L\u00f5una Eestist\",\"description\":\"\",\"publisher\":{\"@id\":\"https:\/\/awero.ee\/sv\/#organization\"},\"potentialAction\":[{\"@type\":\"SearchAction\",\"target\":{\"@type\":\"EntryPoint\",\"urlTemplate\":\"https:\/\/awero.ee\/sv\/?s={search_term_string}\"},\"query-input\":{\"@type\":\"PropertyValueSpecification\",\"valueRequired\":true,\"valueName\":\"search_term_string\"}}],\"inLanguage\":\"sv-SE\"},{\"@type\":\"Organization\",\"@id\":\"https:\/\/awero.ee\/sv\/#organization\",\"name\":\"Awero - S\u00fcdamega L\u00f5una Eestist\",\"url\":\"https:\/\/awero.ee\/sv\/\",\"logo\":{\"@type\":\"ImageObject\",\"inLanguage\":\"sv-SE\",\"@id\":\"https:\/\/awero.ee\/sv\/#\/schema\/logo\/image\/\",\"url\":\"https:\/\/awero.ee\/wp-content\/uploads\/2024\/07\/aweroplaceholder.jpg\",\"contentUrl\":\"https:\/\/awero.ee\/wp-content\/uploads\/2024\/07\/aweroplaceholder.jpg\",\"width\":1250,\"height\":834,\"caption\":\"Awero - S\u00fcdamega L\u00f5una Eestist\"},\"image\":{\"@id\":\"https:\/\/awero.ee\/sv\/#\/schema\/logo\/image\/\"}}]}<\/script>\n<!-- \/ Yoast SEO plugin. -->","yoast_head_json":{"title":"Doseringsenhet f\u00f6r vattenreng\u00f6ringstabletter CombiTab - Awero - S\u00fcdamega L\u00f5una-Eestist","robots":{"index":"index","follow":"follow","max-snippet":"max-snippet:-1","max-image-preview":"max-image-preview:large","max-video-preview":"max-video-preview:-1"},"canonical":"https:\/\/awero.ee\/sv\/toode\/doseringsenhet-for-vattenrengoringstabletter-combitab\/","og_locale":"sv_SE","og_type":"article","og_title":"Doseringsenhet f\u00f6r vattenreng\u00f6ringstabletter CombiTab - Awero - S\u00fcdamega L\u00f5una-Eestist","og_description":"Denna doseringsenhet f\u00f6r vattenreng\u00f6ringstabletter \u00e4r en bekv\u00e4m och praktisk enhet f\u00f6r precis dosering av vattenreng\u00f6ringsmedel. Den \u00e4r ett bekv\u00e4mt hj\u00e4lpmedel som s\u00e4kerst\u00e4ller optimal anv\u00e4ndning av vattenreng\u00f6ringsmedel och en stabil vattenkvalitet.","og_url":"https:\/\/awero.ee\/sv\/toode\/doseringsenhet-for-vattenrengoringstabletter-combitab\/","og_site_name":"Awero - S\u00fcdamega L\u00f5una-Eestist","article_modified_time":"2026-03-10T07:59:00+00:00","og_image":[{"width":780,"height":708,"url":"https:\/\/awero.ee\/wp-content\/uploads\/2024\/12\/Dosaator.jpg","type":"image\/jpeg"}],"twitter_card":"summary_large_image","twitter_misc":{"Ber\u00e4knad l\u00e4stid":"1 minut"},"schema":{"@context":"https:\/\/schema.org","@graph":[{"@type":"WebPage","@id":"https:\/\/awero.ee\/sv\/toode\/doseringsenhet-for-vattenrengoringstabletter-combitab\/","url":"https:\/\/awero.ee\/sv\/toode\/doseringsenhet-for-vattenrengoringstabletter-combitab\/","name":"Doseringsenhet f\u00f6r vattenreng\u00f6ringstabletter CombiTab - Awero - S\u00fcdamega L\u00f5una-Eestist","isPartOf":{"@id":"https:\/\/awero.ee\/sv\/#website"},"primaryImageOfPage":{"@id":"https:\/\/awero.ee\/sv\/toode\/doseringsenhet-for-vattenrengoringstabletter-combitab\/#primaryimage"},"image":{"@id":"https:\/\/awero.ee\/sv\/toode\/doseringsenhet-for-vattenrengoringstabletter-combitab\/#primaryimage"},"thumbnailUrl":"https:\/\/awero.ee\/wp-content\/uploads\/2024\/12\/Dosaator.jpg","datePublished":"2024-12-12T12:06:56+00:00","dateModified":"2026-03-10T07:59:00+00:00","breadcrumb":{"@id":"https:\/\/awero.ee\/sv\/toode\/doseringsenhet-for-vattenrengoringstabletter-combitab\/#breadcrumb"},"inLanguage":"sv-SE","potentialAction":[{"@type":"ReadAction","target":["https:\/\/awero.ee\/sv\/toode\/doseringsenhet-for-vattenrengoringstabletter-combitab\/"]}]},{"@type":"ImageObject","inLanguage":"sv-SE","@id":"https:\/\/awero.ee\/sv\/toode\/doseringsenhet-for-vattenrengoringstabletter-combitab\/#primaryimage","url":"https:\/\/awero.ee\/wp-content\/uploads\/2024\/12\/Dosaator.jpg","contentUrl":"https:\/\/awero.ee\/wp-content\/uploads\/2024\/12\/Dosaator.jpg","width":780,"height":708},{"@type":"BreadcrumbList","@id":"https:\/\/awero.ee\/sv\/toode\/doseringsenhet-for-vattenrengoringstabletter-combitab\/#breadcrumb","itemListElement":[{"@type":"ListItem","position":1,"name":"Home","item":"https:\/\/awero.ee\/sv\/startsida\/"},{"@type":"ListItem","position":2,"name":"Butik","item":"https:\/\/awero.ee\/sv\/butik\/"},{"@type":"ListItem","position":3,"name":"Doseringsenhet f\u00f6r vattenreng\u00f6ringstabletter CombiTab"}]},{"@type":"WebSite","@id":"https:\/\/awero.ee\/sv\/#website","url":"https:\/\/awero.ee\/sv\/","name":"Awero - S\u00fcdamega L\u00f5una Eestist","description":"","publisher":{"@id":"https:\/\/awero.ee\/sv\/#organization"},"potentialAction":[{"@type":"SearchAction","target":{"@type":"EntryPoint","urlTemplate":"https:\/\/awero.ee\/sv\/?s={search_term_string}"},"query-input":{"@type":"PropertyValueSpecification","valueRequired":true,"valueName":"search_term_string"}}],"inLanguage":"sv-SE"},{"@type":"Organization","@id":"https:\/\/awero.ee\/sv\/#organization","name":"Awero - S\u00fcdamega L\u00f5una Eestist","url":"https:\/\/awero.ee\/sv\/","logo":{"@type":"ImageObject","inLanguage":"sv-SE","@id":"https:\/\/awero.ee\/sv\/#\/schema\/logo\/image\/","url":"https:\/\/awero.ee\/wp-content\/uploads\/2024\/07\/aweroplaceholder.jpg","contentUrl":"https:\/\/awero.ee\/wp-content\/uploads\/2024\/07\/aweroplaceholder.jpg","width":1250,"height":834,"caption":"Awero - S\u00fcdamega L\u00f5una Eestist"},"image":{"@id":"https:\/\/awero.ee\/sv\/#\/schema\/logo\/image\/"}}]}},"_links":{"self":[{"href":"https:\/\/awero.ee\/sv\/wp-json\/wp\/v2\/product\/6987","targetHints":{"allow":["GET"]}}],"collection":[{"href":"https:\/\/awero.ee\/sv\/wp-json\/wp\/v2\/product"}],"about":[{"href":"https:\/\/awero.ee\/sv\/wp-json\/wp\/v2\/types\/product"}],"wp:featuredmedia":[{"embeddable":true,"href":"https:\/\/awero.ee\/sv\/wp-json\/wp\/v2\/media\/5109"}],"wp:attachment":[{"href":"https:\/\/awero.ee\/sv\/wp-json\/wp\/v2\/media?parent=6987"}],"wp:term":[{"taxonomy":"product_brand","embeddable":true,"href":"https:\/\/awero.ee\/sv\/wp-json\/wp\/v2\/product_brand?post=6987"},{"taxonomy":"product_cat","embeddable":true,"href":"https:\/\/awero.ee\/sv\/wp-json\/wp\/v2\/product_cat?post=6987"},{"taxonomy":"product_tag","embeddable":true,"href":"https:\/\/awero.ee\/sv\/wp-json\/wp\/v2\/product_tag?post=6987"}],"curies":[{"name":"wp","href":"https:\/\/api.w.org\/{rel}","templated":true}]}}