{"id":6984,"date":"2024-12-12T12:06:56","date_gmt":"2024-12-12T12:06:56","guid":{"rendered":"https:\/\/awero.ee\/toode\/vattenrengoringstabletter-combitab-800g\/"},"modified":"2026-03-10T07:59:00","modified_gmt":"2026-03-10T07:59:00","slug":"vattenrengoringstabletter-combitab-800g","status":"publish","type":"product","link":"https:\/\/awero.ee\/sv\/toode\/vattenrengoringstabletter-combitab-800g\/","title":{"rendered":"Vattenreng\u00f6ringstabletter CombiTab (800g)"},"content":{"rendered":"<div align=\"justify\">\n<p>Vattenreng\u00f6ringstabletter CombiTab \u00e4r utarbetade f\u00f6r att s\u00e4kerst\u00e4lla rent och klart vatten i badtunnan och att samtidigt minska det obehag och de lukter som orsakas av anv\u00e4ndning av klor. Tabletternas sammans\u00e4ttning \u00e4r klorfri och s\u00e5ledes hudv\u00e4nlig och s\u00e4ker f\u00f6r s\u00e5v\u00e4l anv\u00e4ndare som milj\u00f6n. Aktivt syre verkar snabbt och effektivt och f\u00f6rst\u00f6r bakterier, virus och andra mikroorganismer. CombiTab varken l\u00e4mnar obehagliga lukter eller irriterar huden eller \u00f6gonen.   <\/p>\n<p><strong>Kasutamine<\/strong><\/p>\n<p>En f\u00f6rpackning inneh\u00e5ller 800 g vattenreng\u00f6ringstabletter (1 tablett = 20g). CombiTab-tabletterna \u00e4r l\u00e4ttanv\u00e4nda: tills\u00e4tt tabletter i vattnet i badtunnan enligt instruktionerna p\u00e5 f\u00f6rpackningen och l\u00e5t verka. <\/p>\n<p>Vid pooler tills\u00e4tts 1 CombiTab-tablett dagligen per 3000 liter poolvatten. Dosen ska \u00f6kas vid h\u00f6g vattentemperatur och frekvent badande. Om CombiTab anv\u00e4nds i jacuzzier\/badtunnor med hett vatten (upp till 1000 liter), tills\u00e4tt 1 tablett var 3:e dag (eller varannan dag vid intensiv anv\u00e4ndning). L\u00e5t filtersystemet vara ig\u00e5ng i minst 2 timmar efter badet. Se till att CombiTab-tabletterna f\u00f6rvaras skyddade fr\u00e5n fukt. F\u00f6rvaras i originalf\u00f6rpackningen, o\u00e5tkomligt f\u00f6r barn och skyddat fr\u00e5n direkt solljus. L\u00e4s alltid igenom etiketten och produktinformationen innan produkten anv\u00e4nds.      <\/p>\n<\/div>\n","protected":false},"excerpt":{"rendered":"<div align=\"justify\">\n<p>Vattenreng\u00f6ringstabletter CombiTab \u00e4r en effektiv och bekv\u00e4m l\u00f6sning f\u00f6r att h\u00e5lla vattnet i badtunnan rent och g\u00f6ra badupplevelsen behaglig och problemfri. Dessa tabletter \u00e4r klorfria, den aktiva ingrediensen \u00e4r aktivt syre som s\u00e4kerst\u00e4ller effektiv vattenreng\u00f6ring och desinfektion. <\/p>\n<\/div>\n","protected":false},"featured_media":5112,"template":"","meta":{"_acf_changed":false},"product_brand":[],"product_cat":[583],"product_tag":[],"class_list":{"0":"post-6984","1":"product","2":"type-product","3":"status-publish","4":"has-post-thumbnail","6":"product_cat-extrautrustning","8":"first","9":"instock","10":"shipping-taxable","11":"product-type-simple"},"acf":[],"yoast_head":"<!-- This site is optimized with the Yoast SEO plugin v26.8 - https:\/\/yoast.com\/product\/yoast-seo-wordpress\/ -->\n<title>Vattenreng\u00f6ringstabletter CombiTab (800g) - Awero - S\u00fcdamega L\u00f5una-Eestist<\/title>\n<meta name=\"robots\" content=\"index, follow, max-snippet:-1, max-image-preview:large, max-video-preview:-1\" \/>\n<link rel=\"canonical\" href=\"https:\/\/awero.ee\/sv\/toode\/vattenrengoringstabletter-combitab-800g\/\" \/>\n<meta property=\"og:locale\" content=\"sv_SE\" \/>\n<meta property=\"og:type\" content=\"article\" \/>\n<meta property=\"og:title\" content=\"Vattenreng\u00f6ringstabletter CombiTab (800g) - Awero - S\u00fcdamega L\u00f5una-Eestist\" \/>\n<meta property=\"og:description\" content=\"Vattenreng\u00f6ringstabletter CombiTab \u00e4r en effektiv och bekv\u00e4m l\u00f6sning f\u00f6r att h\u00e5lla vattnet i badtunnan rent och g\u00f6ra badupplevelsen behaglig och problemfri. Dessa tabletter \u00e4r klorfria, den aktiva ingrediensen \u00e4r aktivt syre som s\u00e4kerst\u00e4ller effektiv vattenreng\u00f6ring och desinfektion.\" \/>\n<meta property=\"og:url\" content=\"https:\/\/awero.ee\/sv\/toode\/vattenrengoringstabletter-combitab-800g\/\" \/>\n<meta property=\"og:site_name\" content=\"Awero - S\u00fcdamega L\u00f5una-Eestist\" \/>\n<meta property=\"article:modified_time\" content=\"2026-03-10T07:59:00+00:00\" \/>\n<meta property=\"og:image\" content=\"https:\/\/awero.ee\/wp-content\/uploads\/2024\/12\/CombiTab-veepuhastustabletid.jpg\" \/>\n\t<meta property=\"og:image:width\" content=\"816\" \/>\n\t<meta property=\"og:image:height\" content=\"826\" \/>\n\t<meta property=\"og:image:type\" content=\"image\/jpeg\" \/>\n<meta name=\"twitter:card\" content=\"summary_large_image\" \/>\n<meta name=\"twitter:label1\" content=\"Ber\u00e4knad l\u00e4stid\" \/>\n\t<meta name=\"twitter:data1\" content=\"1 minut\" \/>\n<script type=\"application\/ld+json\" class=\"yoast-schema-graph\">{\"@context\":\"https:\/\/schema.org\",\"@graph\":[{\"@type\":\"WebPage\",\"@id\":\"https:\/\/awero.ee\/sv\/toode\/vattenrengoringstabletter-combitab-800g\/\",\"url\":\"https:\/\/awero.ee\/sv\/toode\/vattenrengoringstabletter-combitab-800g\/\",\"name\":\"Vattenreng\u00f6ringstabletter CombiTab (800g) - Awero - S\u00fcdamega L\u00f5una-Eestist\",\"isPartOf\":{\"@id\":\"https:\/\/awero.ee\/sv\/#website\"},\"primaryImageOfPage\":{\"@id\":\"https:\/\/awero.ee\/sv\/toode\/vattenrengoringstabletter-combitab-800g\/#primaryimage\"},\"image\":{\"@id\":\"https:\/\/awero.ee\/sv\/toode\/vattenrengoringstabletter-combitab-800g\/#primaryimage\"},\"thumbnailUrl\":\"https:\/\/awero.ee\/wp-content\/uploads\/2024\/12\/CombiTab-veepuhastustabletid.jpg\",\"datePublished\":\"2024-12-12T12:06:56+00:00\",\"dateModified\":\"2026-03-10T07:59:00+00:00\",\"breadcrumb\":{\"@id\":\"https:\/\/awero.ee\/sv\/toode\/vattenrengoringstabletter-combitab-800g\/#breadcrumb\"},\"inLanguage\":\"sv-SE\",\"potentialAction\":[{\"@type\":\"ReadAction\",\"target\":[\"https:\/\/awero.ee\/sv\/toode\/vattenrengoringstabletter-combitab-800g\/\"]}]},{\"@type\":\"ImageObject\",\"inLanguage\":\"sv-SE\",\"@id\":\"https:\/\/awero.ee\/sv\/toode\/vattenrengoringstabletter-combitab-800g\/#primaryimage\",\"url\":\"https:\/\/awero.ee\/wp-content\/uploads\/2024\/12\/CombiTab-veepuhastustabletid.jpg\",\"contentUrl\":\"https:\/\/awero.ee\/wp-content\/uploads\/2024\/12\/CombiTab-veepuhastustabletid.jpg\",\"width\":816,\"height\":826},{\"@type\":\"BreadcrumbList\",\"@id\":\"https:\/\/awero.ee\/sv\/toode\/vattenrengoringstabletter-combitab-800g\/#breadcrumb\",\"itemListElement\":[{\"@type\":\"ListItem\",\"position\":1,\"name\":\"Home\",\"item\":\"https:\/\/awero.ee\/sv\/startsida\/\"},{\"@type\":\"ListItem\",\"position\":2,\"name\":\"Butik\",\"item\":\"https:\/\/awero.ee\/sv\/butik\/\"},{\"@type\":\"ListItem\",\"position\":3,\"name\":\"Vattenreng\u00f6ringstabletter CombiTab (800g)\"}]},{\"@type\":\"WebSite\",\"@id\":\"https:\/\/awero.ee\/sv\/#website\",\"url\":\"https:\/\/awero.ee\/sv\/\",\"name\":\"Awero - S\u00fcdamega L\u00f5una Eestist\",\"description\":\"\",\"publisher\":{\"@id\":\"https:\/\/awero.ee\/sv\/#organization\"},\"potentialAction\":[{\"@type\":\"SearchAction\",\"target\":{\"@type\":\"EntryPoint\",\"urlTemplate\":\"https:\/\/awero.ee\/sv\/?s={search_term_string}\"},\"query-input\":{\"@type\":\"PropertyValueSpecification\",\"valueRequired\":true,\"valueName\":\"search_term_string\"}}],\"inLanguage\":\"sv-SE\"},{\"@type\":\"Organization\",\"@id\":\"https:\/\/awero.ee\/sv\/#organization\",\"name\":\"Awero - S\u00fcdamega L\u00f5una Eestist\",\"url\":\"https:\/\/awero.ee\/sv\/\",\"logo\":{\"@type\":\"ImageObject\",\"inLanguage\":\"sv-SE\",\"@id\":\"https:\/\/awero.ee\/sv\/#\/schema\/logo\/image\/\",\"url\":\"https:\/\/awero.ee\/wp-content\/uploads\/2024\/07\/aweroplaceholder.jpg\",\"contentUrl\":\"https:\/\/awero.ee\/wp-content\/uploads\/2024\/07\/aweroplaceholder.jpg\",\"width\":1250,\"height\":834,\"caption\":\"Awero - S\u00fcdamega L\u00f5una Eestist\"},\"image\":{\"@id\":\"https:\/\/awero.ee\/sv\/#\/schema\/logo\/image\/\"}}]}<\/script>\n<!-- \/ Yoast SEO plugin. -->","yoast_head_json":{"title":"Vattenreng\u00f6ringstabletter CombiTab (800g) - Awero - S\u00fcdamega L\u00f5una-Eestist","robots":{"index":"index","follow":"follow","max-snippet":"max-snippet:-1","max-image-preview":"max-image-preview:large","max-video-preview":"max-video-preview:-1"},"canonical":"https:\/\/awero.ee\/sv\/toode\/vattenrengoringstabletter-combitab-800g\/","og_locale":"sv_SE","og_type":"article","og_title":"Vattenreng\u00f6ringstabletter CombiTab (800g) - Awero - S\u00fcdamega L\u00f5una-Eestist","og_description":"Vattenreng\u00f6ringstabletter CombiTab \u00e4r en effektiv och bekv\u00e4m l\u00f6sning f\u00f6r att h\u00e5lla vattnet i badtunnan rent och g\u00f6ra badupplevelsen behaglig och problemfri. Dessa tabletter \u00e4r klorfria, den aktiva ingrediensen \u00e4r aktivt syre som s\u00e4kerst\u00e4ller effektiv vattenreng\u00f6ring och desinfektion.","og_url":"https:\/\/awero.ee\/sv\/toode\/vattenrengoringstabletter-combitab-800g\/","og_site_name":"Awero - S\u00fcdamega L\u00f5una-Eestist","article_modified_time":"2026-03-10T07:59:00+00:00","og_image":[{"width":816,"height":826,"url":"https:\/\/awero.ee\/wp-content\/uploads\/2024\/12\/CombiTab-veepuhastustabletid.jpg","type":"image\/jpeg"}],"twitter_card":"summary_large_image","twitter_misc":{"Ber\u00e4knad l\u00e4stid":"1 minut"},"schema":{"@context":"https:\/\/schema.org","@graph":[{"@type":"WebPage","@id":"https:\/\/awero.ee\/sv\/toode\/vattenrengoringstabletter-combitab-800g\/","url":"https:\/\/awero.ee\/sv\/toode\/vattenrengoringstabletter-combitab-800g\/","name":"Vattenreng\u00f6ringstabletter CombiTab (800g) - Awero - S\u00fcdamega L\u00f5una-Eestist","isPartOf":{"@id":"https:\/\/awero.ee\/sv\/#website"},"primaryImageOfPage":{"@id":"https:\/\/awero.ee\/sv\/toode\/vattenrengoringstabletter-combitab-800g\/#primaryimage"},"image":{"@id":"https:\/\/awero.ee\/sv\/toode\/vattenrengoringstabletter-combitab-800g\/#primaryimage"},"thumbnailUrl":"https:\/\/awero.ee\/wp-content\/uploads\/2024\/12\/CombiTab-veepuhastustabletid.jpg","datePublished":"2024-12-12T12:06:56+00:00","dateModified":"2026-03-10T07:59:00+00:00","breadcrumb":{"@id":"https:\/\/awero.ee\/sv\/toode\/vattenrengoringstabletter-combitab-800g\/#breadcrumb"},"inLanguage":"sv-SE","potentialAction":[{"@type":"ReadAction","target":["https:\/\/awero.ee\/sv\/toode\/vattenrengoringstabletter-combitab-800g\/"]}]},{"@type":"ImageObject","inLanguage":"sv-SE","@id":"https:\/\/awero.ee\/sv\/toode\/vattenrengoringstabletter-combitab-800g\/#primaryimage","url":"https:\/\/awero.ee\/wp-content\/uploads\/2024\/12\/CombiTab-veepuhastustabletid.jpg","contentUrl":"https:\/\/awero.ee\/wp-content\/uploads\/2024\/12\/CombiTab-veepuhastustabletid.jpg","width":816,"height":826},{"@type":"BreadcrumbList","@id":"https:\/\/awero.ee\/sv\/toode\/vattenrengoringstabletter-combitab-800g\/#breadcrumb","itemListElement":[{"@type":"ListItem","position":1,"name":"Home","item":"https:\/\/awero.ee\/sv\/startsida\/"},{"@type":"ListItem","position":2,"name":"Butik","item":"https:\/\/awero.ee\/sv\/butik\/"},{"@type":"ListItem","position":3,"name":"Vattenreng\u00f6ringstabletter CombiTab (800g)"}]},{"@type":"WebSite","@id":"https:\/\/awero.ee\/sv\/#website","url":"https:\/\/awero.ee\/sv\/","name":"Awero - S\u00fcdamega L\u00f5una Eestist","description":"","publisher":{"@id":"https:\/\/awero.ee\/sv\/#organization"},"potentialAction":[{"@type":"SearchAction","target":{"@type":"EntryPoint","urlTemplate":"https:\/\/awero.ee\/sv\/?s={search_term_string}"},"query-input":{"@type":"PropertyValueSpecification","valueRequired":true,"valueName":"search_term_string"}}],"inLanguage":"sv-SE"},{"@type":"Organization","@id":"https:\/\/awero.ee\/sv\/#organization","name":"Awero - S\u00fcdamega L\u00f5una Eestist","url":"https:\/\/awero.ee\/sv\/","logo":{"@type":"ImageObject","inLanguage":"sv-SE","@id":"https:\/\/awero.ee\/sv\/#\/schema\/logo\/image\/","url":"https:\/\/awero.ee\/wp-content\/uploads\/2024\/07\/aweroplaceholder.jpg","contentUrl":"https:\/\/awero.ee\/wp-content\/uploads\/2024\/07\/aweroplaceholder.jpg","width":1250,"height":834,"caption":"Awero - S\u00fcdamega L\u00f5una Eestist"},"image":{"@id":"https:\/\/awero.ee\/sv\/#\/schema\/logo\/image\/"}}]}},"_links":{"self":[{"href":"https:\/\/awero.ee\/sv\/wp-json\/wp\/v2\/product\/6984","targetHints":{"allow":["GET"]}}],"collection":[{"href":"https:\/\/awero.ee\/sv\/wp-json\/wp\/v2\/product"}],"about":[{"href":"https:\/\/awero.ee\/sv\/wp-json\/wp\/v2\/types\/product"}],"wp:featuredmedia":[{"embeddable":true,"href":"https:\/\/awero.ee\/sv\/wp-json\/wp\/v2\/media\/5112"}],"wp:attachment":[{"href":"https:\/\/awero.ee\/sv\/wp-json\/wp\/v2\/media?parent=6984"}],"wp:term":[{"taxonomy":"product_brand","embeddable":true,"href":"https:\/\/awero.ee\/sv\/wp-json\/wp\/v2\/product_brand?post=6984"},{"taxonomy":"product_cat","embeddable":true,"href":"https:\/\/awero.ee\/sv\/wp-json\/wp\/v2\/product_cat?post=6984"},{"taxonomy":"product_tag","embeddable":true,"href":"https:\/\/awero.ee\/sv\/wp-json\/wp\/v2\/product_tag?post=6984"}],"curies":[{"name":"wp","href":"https:\/\/api.w.org\/{rel}","templated":true}]}}