{"id":6983,"date":"2024-12-12T12:06:34","date_gmt":"2024-12-12T12:06:34","guid":{"rendered":"https:\/\/awero.ee\/toode\/vattenfiltreringssystem-med-filterbollar\/"},"modified":"2026-03-10T07:59:00","modified_gmt":"2026-03-10T07:59:00","slug":"vattenfiltreringssystem-med-filterbollar","status":"publish","type":"product","link":"https:\/\/awero.ee\/sv\/toode\/vattenfiltreringssystem-med-filterbollar\/","title":{"rendered":"Vattenfiltreringssystem med filterbollar"},"content":{"rendered":"<p>Filterbollar s\u00e4kerst\u00e4ller rent och kristallklart vatten och \u00e4r mycket mer effektiva j\u00e4mf\u00f6rt med filterelement och sandfilter. Filterbollar kan anv\u00e4ndas i filter med valfri form och de filtrerar ut till och med 0,01 mm flytande partiklar (medan sandfilter klarar ner till 0,04 mm). Filterbollar kan tv\u00e4ttas i tv\u00e4ttmaskin utan tv\u00e4ttmedel och anv\u00e4ndas i flera s\u00e4songer.  <\/p>\n<p><strong>N\u00e4rmare information:<\/strong><\/p>\n<p>Max vattenvolym: 14 m\u00b3<\/p>\n<p>Pumpeffekt: 100 W \/ 4000 l\/h<\/p>\n<p>Reng\u00f6ringseffekt: 3800 l\/h<\/p>\n<p>Filterhusets diameter: 25 cm<\/p>\n<p>Filterbollarnas vikt: 320 g<\/p>\n<p>Insp\u00e4nning: 230 V \/ 50 Hz<\/p>\n<p>Slanganslutning: \u00d8 32\/38 mm<\/p>\n<p>M\u00e5tt: l\u00e4ngd 51,4 cm x bredd 28,7 cm x h\u00f6jd 43,2 cm<\/p>\n<p>OBS! Starta aldrig filtersystemet medan n\u00e5gon vistas i badtunnan<\/p>\n<p>Detta filtersystem f\u00e5r inte anv\u00e4ndas under vinters\u00e4songen p\u00e5 grund av frostrisk. Kontakta v\u00e5ra f\u00f6rs\u00e4ljningsspecialister f\u00f6r n\u00e4rmare information. Om du vill anv\u00e4nda badtunnan vintertid, st\u00e4ng genomf\u00f6ringarna f\u00f6r filtersystemet med hj\u00e4lp av medf\u00f6ljande proppar.  <\/p>\n<p><a class=\"btn_1 button\" href=\"https:\/\/www.ecosauna.ee\/wp-content\/uploads\/2022\/03\/MV-1087-Filterballs-System-100W-BOG-PR-2.pdf\" target=\"_blank\" rel=\"noopener\">Ladda ned bruksanvisningen.<\/a><\/p>\n","protected":false},"excerpt":{"rendered":"<p><strong>Priset anges inklusive moms.<\/strong><\/p>\n<p>Vattenfiltreringssystemet med filterbollar \u00e4r en ekonomisk och effektiv l\u00f6sning f\u00f6r att s\u00e4kerst\u00e4lla rent vatten i badtunnan eller en mindre tr\u00e4dg\u00e5rdspool med volym upp till 14 m\u00b3. Tack vare enkel anv\u00e4ndning och effektiv filtreringsf\u00f6rm\u00e5ga blir vattenreng\u00f6ringen lekande l\u00e4tt och trevlig. <\/p>\n<p><strong>Ej l\u00e4mplig f\u00f6r anv\u00e4ndning vintertid p\u00e5 grund av frostrisk!<\/strong> Fr\u00e5ga n\u00e4rmare hos v\u00e5ra specialister.<\/p>\n","protected":false},"featured_media":7788,"template":"","meta":{"_acf_changed":false},"product_brand":[],"product_cat":[583],"product_tag":[832],"class_list":{"0":"post-6983","1":"product","2":"type-product","3":"status-publish","4":"has-post-thumbnail","6":"product_cat-extrautrustning","7":"product_tag-etkumblustunni_lisad-sv","9":"first","10":"instock","11":"shipping-taxable","12":"product-type-simple"},"acf":[],"yoast_head":"<!-- This site is optimized with the Yoast SEO plugin v26.8 - https:\/\/yoast.com\/product\/yoast-seo-wordpress\/ -->\n<title>Vattenfiltreringssystem med filterbollar - Awero - S\u00fcdamega L\u00f5una-Eestist<\/title>\n<meta name=\"robots\" content=\"index, follow, max-snippet:-1, max-image-preview:large, max-video-preview:-1\" \/>\n<link rel=\"canonical\" href=\"https:\/\/awero.ee\/sv\/toode\/vattenfiltreringssystem-med-filterbollar\/\" \/>\n<meta property=\"og:locale\" content=\"sv_SE\" \/>\n<meta property=\"og:type\" content=\"article\" \/>\n<meta property=\"og:title\" content=\"Vattenfiltreringssystem med filterbollar - Awero - S\u00fcdamega L\u00f5una-Eestist\" \/>\n<meta property=\"og:description\" content=\"Priset anges inklusive moms. Vattenfiltreringssystemet med filterbollar \u00e4r en ekonomisk och effektiv l\u00f6sning f\u00f6r att s\u00e4kerst\u00e4lla rent vatten i badtunnan eller en mindre tr\u00e4dg\u00e5rdspool med volym upp till 14 m\u00b3. Tack vare enkel anv\u00e4ndning och effektiv filtreringsf\u00f6rm\u00e5ga blir vattenreng\u00f6ringen lekande l\u00e4tt och trevlig.  Ej l\u00e4mplig f\u00f6r anv\u00e4ndning vintertid p\u00e5 grund av frostrisk! Fr\u00e5ga n\u00e4rmare hos v\u00e5ra specialister.\" \/>\n<meta property=\"og:url\" content=\"https:\/\/awero.ee\/sv\/toode\/vattenfiltreringssystem-med-filterbollar\/\" \/>\n<meta property=\"og:site_name\" content=\"Awero - S\u00fcdamega L\u00f5una-Eestist\" \/>\n<meta property=\"article:modified_time\" content=\"2026-03-10T07:59:00+00:00\" \/>\n<meta property=\"og:image\" content=\"https:\/\/awero.ee\/wp-content\/uploads\/2024\/12\/Filtripallidega-filtrisusteem.jpg\" \/>\n\t<meta property=\"og:image:width\" content=\"724\" \/>\n\t<meta property=\"og:image:height\" content=\"497\" \/>\n\t<meta property=\"og:image:type\" content=\"image\/jpeg\" \/>\n<meta name=\"twitter:card\" content=\"summary_large_image\" \/>\n<meta name=\"twitter:label1\" content=\"Ber\u00e4knad l\u00e4stid\" \/>\n\t<meta name=\"twitter:data1\" content=\"1 minut\" \/>\n<script type=\"application\/ld+json\" class=\"yoast-schema-graph\">{\"@context\":\"https:\/\/schema.org\",\"@graph\":[{\"@type\":\"WebPage\",\"@id\":\"https:\/\/awero.ee\/sv\/toode\/vattenfiltreringssystem-med-filterbollar\/\",\"url\":\"https:\/\/awero.ee\/sv\/toode\/vattenfiltreringssystem-med-filterbollar\/\",\"name\":\"Vattenfiltreringssystem med filterbollar - Awero - S\u00fcdamega L\u00f5una-Eestist\",\"isPartOf\":{\"@id\":\"https:\/\/awero.ee\/sv\/#website\"},\"primaryImageOfPage\":{\"@id\":\"https:\/\/awero.ee\/sv\/toode\/vattenfiltreringssystem-med-filterbollar\/#primaryimage\"},\"image\":{\"@id\":\"https:\/\/awero.ee\/sv\/toode\/vattenfiltreringssystem-med-filterbollar\/#primaryimage\"},\"thumbnailUrl\":\"https:\/\/awero.ee\/wp-content\/uploads\/2024\/12\/Filtrisusteem-uus.jpg\",\"datePublished\":\"2024-12-12T12:06:34+00:00\",\"dateModified\":\"2026-03-10T07:59:00+00:00\",\"breadcrumb\":{\"@id\":\"https:\/\/awero.ee\/sv\/toode\/vattenfiltreringssystem-med-filterbollar\/#breadcrumb\"},\"inLanguage\":\"sv-SE\",\"potentialAction\":[{\"@type\":\"ReadAction\",\"target\":[\"https:\/\/awero.ee\/sv\/toode\/vattenfiltreringssystem-med-filterbollar\/\"]}]},{\"@type\":\"ImageObject\",\"inLanguage\":\"sv-SE\",\"@id\":\"https:\/\/awero.ee\/sv\/toode\/vattenfiltreringssystem-med-filterbollar\/#primaryimage\",\"url\":\"https:\/\/awero.ee\/wp-content\/uploads\/2024\/12\/Filtrisusteem-uus.jpg\",\"contentUrl\":\"https:\/\/awero.ee\/wp-content\/uploads\/2024\/12\/Filtrisusteem-uus.jpg\",\"width\":1315,\"height\":1293},{\"@type\":\"BreadcrumbList\",\"@id\":\"https:\/\/awero.ee\/sv\/toode\/vattenfiltreringssystem-med-filterbollar\/#breadcrumb\",\"itemListElement\":[{\"@type\":\"ListItem\",\"position\":1,\"name\":\"Home\",\"item\":\"https:\/\/awero.ee\/sv\/startsida\/\"},{\"@type\":\"ListItem\",\"position\":2,\"name\":\"Butik\",\"item\":\"https:\/\/awero.ee\/sv\/butik\/\"},{\"@type\":\"ListItem\",\"position\":3,\"name\":\"Vattenfiltreringssystem med filterbollar\"}]},{\"@type\":\"WebSite\",\"@id\":\"https:\/\/awero.ee\/sv\/#website\",\"url\":\"https:\/\/awero.ee\/sv\/\",\"name\":\"Awero - S\u00fcdamega L\u00f5una Eestist\",\"description\":\"\",\"publisher\":{\"@id\":\"https:\/\/awero.ee\/sv\/#organization\"},\"potentialAction\":[{\"@type\":\"SearchAction\",\"target\":{\"@type\":\"EntryPoint\",\"urlTemplate\":\"https:\/\/awero.ee\/sv\/?s={search_term_string}\"},\"query-input\":{\"@type\":\"PropertyValueSpecification\",\"valueRequired\":true,\"valueName\":\"search_term_string\"}}],\"inLanguage\":\"sv-SE\"},{\"@type\":\"Organization\",\"@id\":\"https:\/\/awero.ee\/sv\/#organization\",\"name\":\"Awero - S\u00fcdamega L\u00f5una Eestist\",\"url\":\"https:\/\/awero.ee\/sv\/\",\"logo\":{\"@type\":\"ImageObject\",\"inLanguage\":\"sv-SE\",\"@id\":\"https:\/\/awero.ee\/sv\/#\/schema\/logo\/image\/\",\"url\":\"https:\/\/awero.ee\/wp-content\/uploads\/2024\/07\/aweroplaceholder.jpg\",\"contentUrl\":\"https:\/\/awero.ee\/wp-content\/uploads\/2024\/07\/aweroplaceholder.jpg\",\"width\":1250,\"height\":834,\"caption\":\"Awero - S\u00fcdamega L\u00f5una Eestist\"},\"image\":{\"@id\":\"https:\/\/awero.ee\/sv\/#\/schema\/logo\/image\/\"}}]}<\/script>\n<!-- \/ Yoast SEO plugin. -->","yoast_head_json":{"title":"Vattenfiltreringssystem med filterbollar - Awero - S\u00fcdamega L\u00f5una-Eestist","robots":{"index":"index","follow":"follow","max-snippet":"max-snippet:-1","max-image-preview":"max-image-preview:large","max-video-preview":"max-video-preview:-1"},"canonical":"https:\/\/awero.ee\/sv\/toode\/vattenfiltreringssystem-med-filterbollar\/","og_locale":"sv_SE","og_type":"article","og_title":"Vattenfiltreringssystem med filterbollar - Awero - S\u00fcdamega L\u00f5una-Eestist","og_description":"Priset anges inklusive moms. Vattenfiltreringssystemet med filterbollar \u00e4r en ekonomisk och effektiv l\u00f6sning f\u00f6r att s\u00e4kerst\u00e4lla rent vatten i badtunnan eller en mindre tr\u00e4dg\u00e5rdspool med volym upp till 14 m\u00b3. Tack vare enkel anv\u00e4ndning och effektiv filtreringsf\u00f6rm\u00e5ga blir vattenreng\u00f6ringen lekande l\u00e4tt och trevlig.  Ej l\u00e4mplig f\u00f6r anv\u00e4ndning vintertid p\u00e5 grund av frostrisk! Fr\u00e5ga n\u00e4rmare hos v\u00e5ra specialister.","og_url":"https:\/\/awero.ee\/sv\/toode\/vattenfiltreringssystem-med-filterbollar\/","og_site_name":"Awero - S\u00fcdamega L\u00f5una-Eestist","article_modified_time":"2026-03-10T07:59:00+00:00","og_image":[{"width":724,"height":497,"url":"https:\/\/awero.ee\/wp-content\/uploads\/2024\/12\/Filtripallidega-filtrisusteem.jpg","type":"image\/jpeg"}],"twitter_card":"summary_large_image","twitter_misc":{"Ber\u00e4knad l\u00e4stid":"1 minut"},"schema":{"@context":"https:\/\/schema.org","@graph":[{"@type":"WebPage","@id":"https:\/\/awero.ee\/sv\/toode\/vattenfiltreringssystem-med-filterbollar\/","url":"https:\/\/awero.ee\/sv\/toode\/vattenfiltreringssystem-med-filterbollar\/","name":"Vattenfiltreringssystem med filterbollar - Awero - S\u00fcdamega L\u00f5una-Eestist","isPartOf":{"@id":"https:\/\/awero.ee\/sv\/#website"},"primaryImageOfPage":{"@id":"https:\/\/awero.ee\/sv\/toode\/vattenfiltreringssystem-med-filterbollar\/#primaryimage"},"image":{"@id":"https:\/\/awero.ee\/sv\/toode\/vattenfiltreringssystem-med-filterbollar\/#primaryimage"},"thumbnailUrl":"https:\/\/awero.ee\/wp-content\/uploads\/2024\/12\/Filtrisusteem-uus.jpg","datePublished":"2024-12-12T12:06:34+00:00","dateModified":"2026-03-10T07:59:00+00:00","breadcrumb":{"@id":"https:\/\/awero.ee\/sv\/toode\/vattenfiltreringssystem-med-filterbollar\/#breadcrumb"},"inLanguage":"sv-SE","potentialAction":[{"@type":"ReadAction","target":["https:\/\/awero.ee\/sv\/toode\/vattenfiltreringssystem-med-filterbollar\/"]}]},{"@type":"ImageObject","inLanguage":"sv-SE","@id":"https:\/\/awero.ee\/sv\/toode\/vattenfiltreringssystem-med-filterbollar\/#primaryimage","url":"https:\/\/awero.ee\/wp-content\/uploads\/2024\/12\/Filtrisusteem-uus.jpg","contentUrl":"https:\/\/awero.ee\/wp-content\/uploads\/2024\/12\/Filtrisusteem-uus.jpg","width":1315,"height":1293},{"@type":"BreadcrumbList","@id":"https:\/\/awero.ee\/sv\/toode\/vattenfiltreringssystem-med-filterbollar\/#breadcrumb","itemListElement":[{"@type":"ListItem","position":1,"name":"Home","item":"https:\/\/awero.ee\/sv\/startsida\/"},{"@type":"ListItem","position":2,"name":"Butik","item":"https:\/\/awero.ee\/sv\/butik\/"},{"@type":"ListItem","position":3,"name":"Vattenfiltreringssystem med filterbollar"}]},{"@type":"WebSite","@id":"https:\/\/awero.ee\/sv\/#website","url":"https:\/\/awero.ee\/sv\/","name":"Awero - S\u00fcdamega L\u00f5una Eestist","description":"","publisher":{"@id":"https:\/\/awero.ee\/sv\/#organization"},"potentialAction":[{"@type":"SearchAction","target":{"@type":"EntryPoint","urlTemplate":"https:\/\/awero.ee\/sv\/?s={search_term_string}"},"query-input":{"@type":"PropertyValueSpecification","valueRequired":true,"valueName":"search_term_string"}}],"inLanguage":"sv-SE"},{"@type":"Organization","@id":"https:\/\/awero.ee\/sv\/#organization","name":"Awero - S\u00fcdamega L\u00f5una Eestist","url":"https:\/\/awero.ee\/sv\/","logo":{"@type":"ImageObject","inLanguage":"sv-SE","@id":"https:\/\/awero.ee\/sv\/#\/schema\/logo\/image\/","url":"https:\/\/awero.ee\/wp-content\/uploads\/2024\/07\/aweroplaceholder.jpg","contentUrl":"https:\/\/awero.ee\/wp-content\/uploads\/2024\/07\/aweroplaceholder.jpg","width":1250,"height":834,"caption":"Awero - S\u00fcdamega L\u00f5una Eestist"},"image":{"@id":"https:\/\/awero.ee\/sv\/#\/schema\/logo\/image\/"}}]}},"_links":{"self":[{"href":"https:\/\/awero.ee\/sv\/wp-json\/wp\/v2\/product\/6983","targetHints":{"allow":["GET"]}}],"collection":[{"href":"https:\/\/awero.ee\/sv\/wp-json\/wp\/v2\/product"}],"about":[{"href":"https:\/\/awero.ee\/sv\/wp-json\/wp\/v2\/types\/product"}],"wp:featuredmedia":[{"embeddable":true,"href":"https:\/\/awero.ee\/sv\/wp-json\/wp\/v2\/media\/7788"}],"wp:attachment":[{"href":"https:\/\/awero.ee\/sv\/wp-json\/wp\/v2\/media?parent=6983"}],"wp:term":[{"taxonomy":"product_brand","embeddable":true,"href":"https:\/\/awero.ee\/sv\/wp-json\/wp\/v2\/product_brand?post=6983"},{"taxonomy":"product_cat","embeddable":true,"href":"https:\/\/awero.ee\/sv\/wp-json\/wp\/v2\/product_cat?post=6983"},{"taxonomy":"product_tag","embeddable":true,"href":"https:\/\/awero.ee\/sv\/wp-json\/wp\/v2\/product_tag?post=6983"}],"curies":[{"name":"wp","href":"https:\/\/api.w.org\/{rel}","templated":true}]}}