{"id":6981,"date":"2024-12-12T12:00:46","date_gmt":"2024-12-12T12:00:46","guid":{"rendered":"https:\/\/awero.ee\/toode\/nackkudde\/"},"modified":"2026-03-10T07:59:00","modified_gmt":"2026-03-10T07:59:00","slug":"nackkudde","status":"publish","type":"product","link":"https:\/\/awero.ee\/sv\/toode\/nackkudde\/","title":{"rendered":"Nackkudde"},"content":{"rendered":"<p>Nackkudden \u00e4r tillverkad av ett mjukt, vattenbest\u00e4ndigt material som bekv\u00e4mt st\u00f6djer anv\u00e4ndarens huvud och nacke. Dess ergonomiska design hj\u00e4lper till att minska tryck och lindra sp\u00e4nningar samt l\u00e5ter anv\u00e4ndaren njuta f\u00f6r fullt av ett avslappnande bad i badtunnan. Nackkudden h\u00f6jer \u00e4ven badtunnans estetiska v\u00e4rde genom att skapa en st\u00e4mning av avkoppling och lyx. Nackkudden s\u00e4tts fast vid badtunnan med hj\u00e4lp av sugkoppar.   <\/p>\n<p><strong>N\u00e4rmare information: <\/strong><\/p>\n<p>: Passar de flesta badtunnor, placeras och avl\u00e4gsnas enkelt efter behov. Nackkudden kan enkelt reng\u00f6ras med vatten och \u00e4r l\u00e4mplig f\u00f6r b\u00e5de inomhus- och utomhusbruk. <\/p>\n","protected":false},"excerpt":{"rendered":"<p><strong>Priset anges inklusive moms.<\/strong><\/p>\n<p>En nackkudde \u00e4r ett suver\u00e4nt tillval till badtunnor. Den ger anv\u00e4ndaren en bekv\u00e4m och avslappnande upplevelse och fungerar som ett stilfullt komplement till badtunnan. Oavsett om det g\u00e4ller en kv\u00e4ll av avkoppling med v\u00e4nner utomhus eller en privat stund f\u00f6r dig sj\u00e4lv \u2013 denna nackkudde hj\u00e4lper till att g\u00f6ra badupplevelsen \u00e4nnu sk\u00f6nare och bekv\u00e4mare.  <\/p>\n","protected":false},"featured_media":5103,"template":"","meta":{"_acf_changed":false},"product_brand":[],"product_cat":[583],"product_tag":[832],"class_list":{"0":"post-6981","1":"product","2":"type-product","3":"status-publish","4":"has-post-thumbnail","6":"product_cat-extrautrustning","7":"product_tag-etkumblustunni_lisad-sv","9":"first","10":"instock","11":"shipping-taxable","12":"product-type-simple"},"acf":[],"yoast_head":"<!-- This site is optimized with the Yoast SEO plugin v26.8 - https:\/\/yoast.com\/product\/yoast-seo-wordpress\/ -->\n<title>Nackkudde - Awero - S\u00fcdamega L\u00f5una-Eestist<\/title>\n<meta name=\"robots\" content=\"index, follow, max-snippet:-1, max-image-preview:large, max-video-preview:-1\" \/>\n<link rel=\"canonical\" href=\"https:\/\/awero.ee\/sv\/toode\/nackkudde\/\" \/>\n<meta property=\"og:locale\" content=\"sv_SE\" \/>\n<meta property=\"og:type\" content=\"article\" \/>\n<meta property=\"og:title\" content=\"Nackkudde - Awero - S\u00fcdamega L\u00f5una-Eestist\" \/>\n<meta property=\"og:description\" content=\"Priset anges inklusive moms. En nackkudde \u00e4r ett suver\u00e4nt tillval till badtunnor. Den ger anv\u00e4ndaren en bekv\u00e4m och avslappnande upplevelse och fungerar som ett stilfullt komplement till badtunnan. Oavsett om det g\u00e4ller en kv\u00e4ll av avkoppling med v\u00e4nner utomhus eller en privat stund f\u00f6r dig sj\u00e4lv \u2013 denna nackkudde hj\u00e4lper till att g\u00f6ra badupplevelsen \u00e4nnu sk\u00f6nare och bekv\u00e4mare.\" \/>\n<meta property=\"og:url\" content=\"https:\/\/awero.ee\/sv\/toode\/nackkudde\/\" \/>\n<meta property=\"og:site_name\" content=\"Awero - S\u00fcdamega L\u00f5una-Eestist\" \/>\n<meta property=\"article:modified_time\" content=\"2026-03-10T07:59:00+00:00\" \/>\n<meta property=\"og:image\" content=\"https:\/\/awero.ee\/wp-content\/uploads\/2024\/12\/Peapadi.jpg\" \/>\n\t<meta property=\"og:image:width\" content=\"339\" \/>\n\t<meta property=\"og:image:height\" content=\"320\" \/>\n\t<meta property=\"og:image:type\" content=\"image\/jpeg\" \/>\n<meta name=\"twitter:card\" content=\"summary_large_image\" \/>\n<meta name=\"twitter:label1\" content=\"Ber\u00e4knad l\u00e4stid\" \/>\n\t<meta name=\"twitter:data1\" content=\"1 minut\" \/>\n<script type=\"application\/ld+json\" class=\"yoast-schema-graph\">{\"@context\":\"https:\/\/schema.org\",\"@graph\":[{\"@type\":\"WebPage\",\"@id\":\"https:\/\/awero.ee\/sv\/toode\/nackkudde\/\",\"url\":\"https:\/\/awero.ee\/sv\/toode\/nackkudde\/\",\"name\":\"Nackkudde - Awero - S\u00fcdamega L\u00f5una-Eestist\",\"isPartOf\":{\"@id\":\"https:\/\/awero.ee\/sv\/#website\"},\"primaryImageOfPage\":{\"@id\":\"https:\/\/awero.ee\/sv\/toode\/nackkudde\/#primaryimage\"},\"image\":{\"@id\":\"https:\/\/awero.ee\/sv\/toode\/nackkudde\/#primaryimage\"},\"thumbnailUrl\":\"https:\/\/awero.ee\/wp-content\/uploads\/2024\/12\/Peapadi.jpg\",\"datePublished\":\"2024-12-12T12:00:46+00:00\",\"dateModified\":\"2026-03-10T07:59:00+00:00\",\"breadcrumb\":{\"@id\":\"https:\/\/awero.ee\/sv\/toode\/nackkudde\/#breadcrumb\"},\"inLanguage\":\"sv-SE\",\"potentialAction\":[{\"@type\":\"ReadAction\",\"target\":[\"https:\/\/awero.ee\/sv\/toode\/nackkudde\/\"]}]},{\"@type\":\"ImageObject\",\"inLanguage\":\"sv-SE\",\"@id\":\"https:\/\/awero.ee\/sv\/toode\/nackkudde\/#primaryimage\",\"url\":\"https:\/\/awero.ee\/wp-content\/uploads\/2024\/12\/Peapadi.jpg\",\"contentUrl\":\"https:\/\/awero.ee\/wp-content\/uploads\/2024\/12\/Peapadi.jpg\",\"width\":339,\"height\":320},{\"@type\":\"BreadcrumbList\",\"@id\":\"https:\/\/awero.ee\/sv\/toode\/nackkudde\/#breadcrumb\",\"itemListElement\":[{\"@type\":\"ListItem\",\"position\":1,\"name\":\"Home\",\"item\":\"https:\/\/awero.ee\/sv\/startsida\/\"},{\"@type\":\"ListItem\",\"position\":2,\"name\":\"Butik\",\"item\":\"https:\/\/awero.ee\/sv\/butik\/\"},{\"@type\":\"ListItem\",\"position\":3,\"name\":\"Nackkudde\"}]},{\"@type\":\"WebSite\",\"@id\":\"https:\/\/awero.ee\/sv\/#website\",\"url\":\"https:\/\/awero.ee\/sv\/\",\"name\":\"Awero - S\u00fcdamega L\u00f5una Eestist\",\"description\":\"\",\"publisher\":{\"@id\":\"https:\/\/awero.ee\/sv\/#organization\"},\"potentialAction\":[{\"@type\":\"SearchAction\",\"target\":{\"@type\":\"EntryPoint\",\"urlTemplate\":\"https:\/\/awero.ee\/sv\/?s={search_term_string}\"},\"query-input\":{\"@type\":\"PropertyValueSpecification\",\"valueRequired\":true,\"valueName\":\"search_term_string\"}}],\"inLanguage\":\"sv-SE\"},{\"@type\":\"Organization\",\"@id\":\"https:\/\/awero.ee\/sv\/#organization\",\"name\":\"Awero - S\u00fcdamega L\u00f5una Eestist\",\"url\":\"https:\/\/awero.ee\/sv\/\",\"logo\":{\"@type\":\"ImageObject\",\"inLanguage\":\"sv-SE\",\"@id\":\"https:\/\/awero.ee\/sv\/#\/schema\/logo\/image\/\",\"url\":\"https:\/\/awero.ee\/wp-content\/uploads\/2024\/07\/aweroplaceholder.jpg\",\"contentUrl\":\"https:\/\/awero.ee\/wp-content\/uploads\/2024\/07\/aweroplaceholder.jpg\",\"width\":1250,\"height\":834,\"caption\":\"Awero - S\u00fcdamega L\u00f5una Eestist\"},\"image\":{\"@id\":\"https:\/\/awero.ee\/sv\/#\/schema\/logo\/image\/\"}}]}<\/script>\n<!-- \/ Yoast SEO plugin. -->","yoast_head_json":{"title":"Nackkudde - Awero - S\u00fcdamega L\u00f5una-Eestist","robots":{"index":"index","follow":"follow","max-snippet":"max-snippet:-1","max-image-preview":"max-image-preview:large","max-video-preview":"max-video-preview:-1"},"canonical":"https:\/\/awero.ee\/sv\/toode\/nackkudde\/","og_locale":"sv_SE","og_type":"article","og_title":"Nackkudde - Awero - S\u00fcdamega L\u00f5una-Eestist","og_description":"Priset anges inklusive moms. En nackkudde \u00e4r ett suver\u00e4nt tillval till badtunnor. Den ger anv\u00e4ndaren en bekv\u00e4m och avslappnande upplevelse och fungerar som ett stilfullt komplement till badtunnan. Oavsett om det g\u00e4ller en kv\u00e4ll av avkoppling med v\u00e4nner utomhus eller en privat stund f\u00f6r dig sj\u00e4lv \u2013 denna nackkudde hj\u00e4lper till att g\u00f6ra badupplevelsen \u00e4nnu sk\u00f6nare och bekv\u00e4mare.","og_url":"https:\/\/awero.ee\/sv\/toode\/nackkudde\/","og_site_name":"Awero - S\u00fcdamega L\u00f5una-Eestist","article_modified_time":"2026-03-10T07:59:00+00:00","og_image":[{"width":339,"height":320,"url":"https:\/\/awero.ee\/wp-content\/uploads\/2024\/12\/Peapadi.jpg","type":"image\/jpeg"}],"twitter_card":"summary_large_image","twitter_misc":{"Ber\u00e4knad l\u00e4stid":"1 minut"},"schema":{"@context":"https:\/\/schema.org","@graph":[{"@type":"WebPage","@id":"https:\/\/awero.ee\/sv\/toode\/nackkudde\/","url":"https:\/\/awero.ee\/sv\/toode\/nackkudde\/","name":"Nackkudde - Awero - S\u00fcdamega L\u00f5una-Eestist","isPartOf":{"@id":"https:\/\/awero.ee\/sv\/#website"},"primaryImageOfPage":{"@id":"https:\/\/awero.ee\/sv\/toode\/nackkudde\/#primaryimage"},"image":{"@id":"https:\/\/awero.ee\/sv\/toode\/nackkudde\/#primaryimage"},"thumbnailUrl":"https:\/\/awero.ee\/wp-content\/uploads\/2024\/12\/Peapadi.jpg","datePublished":"2024-12-12T12:00:46+00:00","dateModified":"2026-03-10T07:59:00+00:00","breadcrumb":{"@id":"https:\/\/awero.ee\/sv\/toode\/nackkudde\/#breadcrumb"},"inLanguage":"sv-SE","potentialAction":[{"@type":"ReadAction","target":["https:\/\/awero.ee\/sv\/toode\/nackkudde\/"]}]},{"@type":"ImageObject","inLanguage":"sv-SE","@id":"https:\/\/awero.ee\/sv\/toode\/nackkudde\/#primaryimage","url":"https:\/\/awero.ee\/wp-content\/uploads\/2024\/12\/Peapadi.jpg","contentUrl":"https:\/\/awero.ee\/wp-content\/uploads\/2024\/12\/Peapadi.jpg","width":339,"height":320},{"@type":"BreadcrumbList","@id":"https:\/\/awero.ee\/sv\/toode\/nackkudde\/#breadcrumb","itemListElement":[{"@type":"ListItem","position":1,"name":"Home","item":"https:\/\/awero.ee\/sv\/startsida\/"},{"@type":"ListItem","position":2,"name":"Butik","item":"https:\/\/awero.ee\/sv\/butik\/"},{"@type":"ListItem","position":3,"name":"Nackkudde"}]},{"@type":"WebSite","@id":"https:\/\/awero.ee\/sv\/#website","url":"https:\/\/awero.ee\/sv\/","name":"Awero - S\u00fcdamega L\u00f5una Eestist","description":"","publisher":{"@id":"https:\/\/awero.ee\/sv\/#organization"},"potentialAction":[{"@type":"SearchAction","target":{"@type":"EntryPoint","urlTemplate":"https:\/\/awero.ee\/sv\/?s={search_term_string}"},"query-input":{"@type":"PropertyValueSpecification","valueRequired":true,"valueName":"search_term_string"}}],"inLanguage":"sv-SE"},{"@type":"Organization","@id":"https:\/\/awero.ee\/sv\/#organization","name":"Awero - S\u00fcdamega L\u00f5una Eestist","url":"https:\/\/awero.ee\/sv\/","logo":{"@type":"ImageObject","inLanguage":"sv-SE","@id":"https:\/\/awero.ee\/sv\/#\/schema\/logo\/image\/","url":"https:\/\/awero.ee\/wp-content\/uploads\/2024\/07\/aweroplaceholder.jpg","contentUrl":"https:\/\/awero.ee\/wp-content\/uploads\/2024\/07\/aweroplaceholder.jpg","width":1250,"height":834,"caption":"Awero - S\u00fcdamega L\u00f5una Eestist"},"image":{"@id":"https:\/\/awero.ee\/sv\/#\/schema\/logo\/image\/"}}]}},"_links":{"self":[{"href":"https:\/\/awero.ee\/sv\/wp-json\/wp\/v2\/product\/6981","targetHints":{"allow":["GET"]}}],"collection":[{"href":"https:\/\/awero.ee\/sv\/wp-json\/wp\/v2\/product"}],"about":[{"href":"https:\/\/awero.ee\/sv\/wp-json\/wp\/v2\/types\/product"}],"wp:featuredmedia":[{"embeddable":true,"href":"https:\/\/awero.ee\/sv\/wp-json\/wp\/v2\/media\/5103"}],"wp:attachment":[{"href":"https:\/\/awero.ee\/sv\/wp-json\/wp\/v2\/media?parent=6981"}],"wp:term":[{"taxonomy":"product_brand","embeddable":true,"href":"https:\/\/awero.ee\/sv\/wp-json\/wp\/v2\/product_brand?post=6981"},{"taxonomy":"product_cat","embeddable":true,"href":"https:\/\/awero.ee\/sv\/wp-json\/wp\/v2\/product_cat?post=6981"},{"taxonomy":"product_tag","embeddable":true,"href":"https:\/\/awero.ee\/sv\/wp-json\/wp\/v2\/product_tag?post=6981"}],"curies":[{"name":"wp","href":"https:\/\/api.w.org\/{rel}","templated":true}]}}