{"id":6977,"date":"2024-12-12T12:00:46","date_gmt":"2024-12-12T12:00:46","guid":{"rendered":"https:\/\/awero.ee\/toode\/fyrkantig-trappa-med-tva-steg-till-badtunna\/"},"modified":"2026-03-10T07:59:11","modified_gmt":"2026-03-10T07:59:11","slug":"fyrkantig-trappa-med-tva-steg-till-badtunna","status":"publish","type":"product","link":"https:\/\/awero.ee\/sv\/toode\/fyrkantig-trappa-med-tva-steg-till-badtunna\/","title":{"rendered":"Fyrkantig trappa med tv\u00e5 steg till badtunna"},"content":{"rendered":"<p>Trappan best\u00e5r av tv\u00e5 trappsteg med olika m\u00e5tt som placeras ovanp\u00e5 varandra, vid behov kan de monteras fast vid varandra.<\/p>\n<p><strong>St\u00f6rre trappdel:<\/strong> 835 mm (bredd) X 440 mm (djup) X 310 mm (h\u00f6jd)<\/p>\n<p><strong>Mindre trappdel<\/strong>: 500 mm (bredd) X 285 mm (djup) X 310 mm (h\u00f6jd)<\/p>\n<p><strong>N\u00e4rmare information:<\/strong><\/p>\n<p>Om trappan \u00e4r obehandlad s\u00e5 rekommenderas det att m\u00e5la den eller olja den med ett s\u00e4rskilt tr\u00e4skyddsmedel. Detta hj\u00e4lper till att beh\u00e5lla tr\u00e4ets sk\u00f6nhet och h\u00e5llbarhet och skyddar det fr\u00e5n fukt och UV-str\u00e5lning. Det rekommenderas att upprepa ytbehandlingen varje \u00e5r.   Reng\u00f6r trappan regelbundet fr\u00e5n damm, smuts och andra f\u00f6roreningar med en mjuk borste eller trasa.<\/p>\n<p><strong>OBS!<\/strong> <strong>Denna produkt \u00e4r f\u00f6r stor f\u00f6r att levereras till paketbox.<\/strong> Trappan kan levereras med kurir, v\u00e4nligen kontakta v\u00e5r f\u00f6rs\u00e4ljningsspecialist innan du best\u00e4ller.<\/p>\n","protected":false},"excerpt":{"rendered":"<p><strong>Priset anges inklusive moms.<\/strong><\/p>\n<p>En trappa till badtunna g\u00f6r det bekv\u00e4mt och s\u00e4kert att kliva in i och ut ur badtunnan. V\u00e5r trappa \u00e4r tillverkad av h\u00e5llbart v\u00e4rmebehandlat tr\u00e4 med l\u00e5ng livsl\u00e4ngd. K\u00f6p din trappa redan idag och ta ett steg n\u00e4rmare ditt eget paradis i badtunnan!  <\/p>\n","protected":false},"featured_media":5223,"template":"","meta":{"_acf_changed":false},"product_brand":[],"product_cat":[583],"product_tag":[832],"class_list":{"0":"post-6977","1":"product","2":"type-product","3":"status-publish","4":"has-post-thumbnail","6":"product_cat-extrautrustning","7":"product_tag-etkumblustunni_lisad-sv","9":"first","10":"instock","11":"shipping-taxable","12":"product-type-variable"},"acf":[],"yoast_head":"<!-- This site is optimized with the Yoast SEO plugin v27.5 - https:\/\/yoast.com\/product\/yoast-seo-wordpress\/ -->\n<title>Fyrkantig trappa med tv\u00e5 steg till badtunna - Awero - S\u00fcdamega L\u00f5una-Eestist<\/title>\n<meta name=\"robots\" content=\"index, follow, max-snippet:-1, max-image-preview:large, max-video-preview:-1\" \/>\n<link rel=\"canonical\" href=\"https:\/\/awero.ee\/sv\/toode\/fyrkantig-trappa-med-tva-steg-till-badtunna\/\" \/>\n<meta property=\"og:locale\" content=\"sv_SE\" \/>\n<meta property=\"og:type\" content=\"article\" \/>\n<meta property=\"og:title\" content=\"Fyrkantig trappa med tv\u00e5 steg till badtunna - Awero - S\u00fcdamega L\u00f5una-Eestist\" \/>\n<meta property=\"og:description\" content=\"Priset anges inklusive moms. En trappa till badtunna g\u00f6r det bekv\u00e4mt och s\u00e4kert att kliva in i och ut ur badtunnan. V\u00e5r trappa \u00e4r tillverkad av h\u00e5llbart v\u00e4rmebehandlat tr\u00e4 med l\u00e5ng livsl\u00e4ngd. K\u00f6p din trappa redan idag och ta ett steg n\u00e4rmare ditt eget paradis i badtunnan!\" \/>\n<meta property=\"og:url\" content=\"https:\/\/awero.ee\/sv\/toode\/fyrkantig-trappa-med-tva-steg-till-badtunna\/\" \/>\n<meta property=\"og:site_name\" content=\"Awero - S\u00fcdamega L\u00f5una-Eestist\" \/>\n<meta property=\"article:modified_time\" content=\"2026-03-10T07:59:11+00:00\" \/>\n<meta property=\"og:image\" content=\"https:\/\/awero.ee\/wp-content\/uploads\/2024\/12\/Trepp_1_w.png\" \/>\n\t<meta property=\"og:image:width\" content=\"1076\" \/>\n\t<meta property=\"og:image:height\" content=\"718\" \/>\n\t<meta property=\"og:image:type\" content=\"image\/png\" \/>\n<meta name=\"twitter:card\" content=\"summary_large_image\" \/>\n<meta name=\"twitter:label1\" content=\"Ber\u00e4knad l\u00e4stid\" \/>\n\t<meta name=\"twitter:data1\" content=\"1 minut\" \/>\n<script type=\"application\/ld+json\" class=\"yoast-schema-graph\">{\"@context\":\"https:\\\/\\\/schema.org\",\"@graph\":[{\"@type\":\"WebPage\",\"@id\":\"https:\\\/\\\/awero.ee\\\/sv\\\/toode\\\/fyrkantig-trappa-med-tva-steg-till-badtunna\\\/\",\"url\":\"https:\\\/\\\/awero.ee\\\/sv\\\/toode\\\/fyrkantig-trappa-med-tva-steg-till-badtunna\\\/\",\"name\":\"Fyrkantig trappa med tv\u00e5 steg till badtunna - Awero - S\u00fcdamega L\u00f5una-Eestist\",\"isPartOf\":{\"@id\":\"https:\\\/\\\/awero.ee\\\/sv\\\/#website\"},\"primaryImageOfPage\":{\"@id\":\"https:\\\/\\\/awero.ee\\\/sv\\\/toode\\\/fyrkantig-trappa-med-tva-steg-till-badtunna\\\/#primaryimage\"},\"image\":{\"@id\":\"https:\\\/\\\/awero.ee\\\/sv\\\/toode\\\/fyrkantig-trappa-med-tva-steg-till-badtunna\\\/#primaryimage\"},\"thumbnailUrl\":\"https:\\\/\\\/awero.ee\\\/wp-content\\\/uploads\\\/2024\\\/12\\\/Trepp_1_w.png\",\"datePublished\":\"2024-12-12T12:00:46+00:00\",\"dateModified\":\"2026-03-10T07:59:11+00:00\",\"breadcrumb\":{\"@id\":\"https:\\\/\\\/awero.ee\\\/sv\\\/toode\\\/fyrkantig-trappa-med-tva-steg-till-badtunna\\\/#breadcrumb\"},\"inLanguage\":\"sv-SE\",\"potentialAction\":[{\"@type\":\"ReadAction\",\"target\":[\"https:\\\/\\\/awero.ee\\\/sv\\\/toode\\\/fyrkantig-trappa-med-tva-steg-till-badtunna\\\/\"]}]},{\"@type\":\"ImageObject\",\"inLanguage\":\"sv-SE\",\"@id\":\"https:\\\/\\\/awero.ee\\\/sv\\\/toode\\\/fyrkantig-trappa-med-tva-steg-till-badtunna\\\/#primaryimage\",\"url\":\"https:\\\/\\\/awero.ee\\\/wp-content\\\/uploads\\\/2024\\\/12\\\/Trepp_1_w.png\",\"contentUrl\":\"https:\\\/\\\/awero.ee\\\/wp-content\\\/uploads\\\/2024\\\/12\\\/Trepp_1_w.png\",\"width\":1076,\"height\":718},{\"@type\":\"BreadcrumbList\",\"@id\":\"https:\\\/\\\/awero.ee\\\/sv\\\/toode\\\/fyrkantig-trappa-med-tva-steg-till-badtunna\\\/#breadcrumb\",\"itemListElement\":[{\"@type\":\"ListItem\",\"position\":1,\"name\":\"Home\",\"item\":\"https:\\\/\\\/awero.ee\\\/sv\\\/startsida\\\/\"},{\"@type\":\"ListItem\",\"position\":2,\"name\":\"Butik\",\"item\":\"https:\\\/\\\/awero.ee\\\/sv\\\/butik\\\/\"},{\"@type\":\"ListItem\",\"position\":3,\"name\":\"Fyrkantig trappa med tv\u00e5 steg till badtunna\"}]},{\"@type\":\"WebSite\",\"@id\":\"https:\\\/\\\/awero.ee\\\/sv\\\/#website\",\"url\":\"https:\\\/\\\/awero.ee\\\/sv\\\/\",\"name\":\"Awero - S\u00fcdamega L\u00f5una Eestist\",\"description\":\"\",\"publisher\":{\"@id\":\"https:\\\/\\\/awero.ee\\\/sv\\\/#organization\"},\"potentialAction\":[{\"@type\":\"SearchAction\",\"target\":{\"@type\":\"EntryPoint\",\"urlTemplate\":\"https:\\\/\\\/awero.ee\\\/sv\\\/?s={search_term_string}\"},\"query-input\":{\"@type\":\"PropertyValueSpecification\",\"valueRequired\":true,\"valueName\":\"search_term_string\"}}],\"inLanguage\":\"sv-SE\"},{\"@type\":\"Organization\",\"@id\":\"https:\\\/\\\/awero.ee\\\/sv\\\/#organization\",\"name\":\"Awero - S\u00fcdamega L\u00f5una Eestist\",\"url\":\"https:\\\/\\\/awero.ee\\\/sv\\\/\",\"logo\":{\"@type\":\"ImageObject\",\"inLanguage\":\"sv-SE\",\"@id\":\"https:\\\/\\\/awero.ee\\\/sv\\\/#\\\/schema\\\/logo\\\/image\\\/\",\"url\":\"https:\\\/\\\/awero.ee\\\/wp-content\\\/uploads\\\/2024\\\/07\\\/aweroplaceholder.jpg\",\"contentUrl\":\"https:\\\/\\\/awero.ee\\\/wp-content\\\/uploads\\\/2024\\\/07\\\/aweroplaceholder.jpg\",\"width\":1250,\"height\":834,\"caption\":\"Awero - S\u00fcdamega L\u00f5una Eestist\"},\"image\":{\"@id\":\"https:\\\/\\\/awero.ee\\\/sv\\\/#\\\/schema\\\/logo\\\/image\\\/\"}}]}<\/script>\n<!-- \/ Yoast SEO plugin. -->","yoast_head_json":{"title":"Fyrkantig trappa med tv\u00e5 steg till badtunna - Awero - S\u00fcdamega L\u00f5una-Eestist","robots":{"index":"index","follow":"follow","max-snippet":"max-snippet:-1","max-image-preview":"max-image-preview:large","max-video-preview":"max-video-preview:-1"},"canonical":"https:\/\/awero.ee\/sv\/toode\/fyrkantig-trappa-med-tva-steg-till-badtunna\/","og_locale":"sv_SE","og_type":"article","og_title":"Fyrkantig trappa med tv\u00e5 steg till badtunna - Awero - S\u00fcdamega L\u00f5una-Eestist","og_description":"Priset anges inklusive moms. En trappa till badtunna g\u00f6r det bekv\u00e4mt och s\u00e4kert att kliva in i och ut ur badtunnan. V\u00e5r trappa \u00e4r tillverkad av h\u00e5llbart v\u00e4rmebehandlat tr\u00e4 med l\u00e5ng livsl\u00e4ngd. K\u00f6p din trappa redan idag och ta ett steg n\u00e4rmare ditt eget paradis i badtunnan!","og_url":"https:\/\/awero.ee\/sv\/toode\/fyrkantig-trappa-med-tva-steg-till-badtunna\/","og_site_name":"Awero - S\u00fcdamega L\u00f5una-Eestist","article_modified_time":"2026-03-10T07:59:11+00:00","og_image":[{"width":1076,"height":718,"url":"https:\/\/awero.ee\/wp-content\/uploads\/2024\/12\/Trepp_1_w.png","type":"image\/png"}],"twitter_card":"summary_large_image","twitter_misc":{"Ber\u00e4knad l\u00e4stid":"1 minut"},"schema":{"@context":"https:\/\/schema.org","@graph":[{"@type":"WebPage","@id":"https:\/\/awero.ee\/sv\/toode\/fyrkantig-trappa-med-tva-steg-till-badtunna\/","url":"https:\/\/awero.ee\/sv\/toode\/fyrkantig-trappa-med-tva-steg-till-badtunna\/","name":"Fyrkantig trappa med tv\u00e5 steg till badtunna - Awero - S\u00fcdamega L\u00f5una-Eestist","isPartOf":{"@id":"https:\/\/awero.ee\/sv\/#website"},"primaryImageOfPage":{"@id":"https:\/\/awero.ee\/sv\/toode\/fyrkantig-trappa-med-tva-steg-till-badtunna\/#primaryimage"},"image":{"@id":"https:\/\/awero.ee\/sv\/toode\/fyrkantig-trappa-med-tva-steg-till-badtunna\/#primaryimage"},"thumbnailUrl":"https:\/\/awero.ee\/wp-content\/uploads\/2024\/12\/Trepp_1_w.png","datePublished":"2024-12-12T12:00:46+00:00","dateModified":"2026-03-10T07:59:11+00:00","breadcrumb":{"@id":"https:\/\/awero.ee\/sv\/toode\/fyrkantig-trappa-med-tva-steg-till-badtunna\/#breadcrumb"},"inLanguage":"sv-SE","potentialAction":[{"@type":"ReadAction","target":["https:\/\/awero.ee\/sv\/toode\/fyrkantig-trappa-med-tva-steg-till-badtunna\/"]}]},{"@type":"ImageObject","inLanguage":"sv-SE","@id":"https:\/\/awero.ee\/sv\/toode\/fyrkantig-trappa-med-tva-steg-till-badtunna\/#primaryimage","url":"https:\/\/awero.ee\/wp-content\/uploads\/2024\/12\/Trepp_1_w.png","contentUrl":"https:\/\/awero.ee\/wp-content\/uploads\/2024\/12\/Trepp_1_w.png","width":1076,"height":718},{"@type":"BreadcrumbList","@id":"https:\/\/awero.ee\/sv\/toode\/fyrkantig-trappa-med-tva-steg-till-badtunna\/#breadcrumb","itemListElement":[{"@type":"ListItem","position":1,"name":"Home","item":"https:\/\/awero.ee\/sv\/startsida\/"},{"@type":"ListItem","position":2,"name":"Butik","item":"https:\/\/awero.ee\/sv\/butik\/"},{"@type":"ListItem","position":3,"name":"Fyrkantig trappa med tv\u00e5 steg till badtunna"}]},{"@type":"WebSite","@id":"https:\/\/awero.ee\/sv\/#website","url":"https:\/\/awero.ee\/sv\/","name":"Awero - S\u00fcdamega L\u00f5una Eestist","description":"","publisher":{"@id":"https:\/\/awero.ee\/sv\/#organization"},"potentialAction":[{"@type":"SearchAction","target":{"@type":"EntryPoint","urlTemplate":"https:\/\/awero.ee\/sv\/?s={search_term_string}"},"query-input":{"@type":"PropertyValueSpecification","valueRequired":true,"valueName":"search_term_string"}}],"inLanguage":"sv-SE"},{"@type":"Organization","@id":"https:\/\/awero.ee\/sv\/#organization","name":"Awero - S\u00fcdamega L\u00f5una Eestist","url":"https:\/\/awero.ee\/sv\/","logo":{"@type":"ImageObject","inLanguage":"sv-SE","@id":"https:\/\/awero.ee\/sv\/#\/schema\/logo\/image\/","url":"https:\/\/awero.ee\/wp-content\/uploads\/2024\/07\/aweroplaceholder.jpg","contentUrl":"https:\/\/awero.ee\/wp-content\/uploads\/2024\/07\/aweroplaceholder.jpg","width":1250,"height":834,"caption":"Awero - S\u00fcdamega L\u00f5una Eestist"},"image":{"@id":"https:\/\/awero.ee\/sv\/#\/schema\/logo\/image\/"}}]}},"_links":{"self":[{"href":"https:\/\/awero.ee\/sv\/wp-json\/wp\/v2\/product\/6977","targetHints":{"allow":["GET"]}}],"collection":[{"href":"https:\/\/awero.ee\/sv\/wp-json\/wp\/v2\/product"}],"about":[{"href":"https:\/\/awero.ee\/sv\/wp-json\/wp\/v2\/types\/product"}],"wp:featuredmedia":[{"embeddable":true,"href":"https:\/\/awero.ee\/sv\/wp-json\/wp\/v2\/media\/5223"}],"wp:attachment":[{"href":"https:\/\/awero.ee\/sv\/wp-json\/wp\/v2\/media?parent=6977"}],"wp:term":[{"taxonomy":"product_brand","embeddable":true,"href":"https:\/\/awero.ee\/sv\/wp-json\/wp\/v2\/product_brand?post=6977"},{"taxonomy":"product_cat","embeddable":true,"href":"https:\/\/awero.ee\/sv\/wp-json\/wp\/v2\/product_cat?post=6977"},{"taxonomy":"product_tag","embeddable":true,"href":"https:\/\/awero.ee\/sv\/wp-json\/wp\/v2\/product_tag?post=6977"}],"curies":[{"name":"wp","href":"https:\/\/api.w.org\/{rel}","templated":true}]}}