{"id":6965,"date":"2024-12-12T12:00:46","date_gmt":"2024-12-12T12:00:46","guid":{"rendered":"https:\/\/awero.ee\/toode\/stereosystem-mariine-for-badtunnor-och-bastur\/"},"modified":"2026-03-10T07:59:11","modified_gmt":"2026-03-10T07:59:11","slug":"stereosystem-mariine-for-badtunnor-och-bastur","status":"publish","type":"product","link":"https:\/\/awero.ee\/sv\/toode\/stereosystem-mariine-for-badtunnor-och-bastur\/","title":{"rendered":"Stereosystem Mariine f\u00f6r badtunnor och bastur"},"content":{"rendered":"<p>Stereosystemet Mariine har olika funktioner f\u00f6r musiknjutning. Du kan v\u00e4lja din favoritmusik i smarta enheter och spela upp den via<em> Bluetooth-anslutningen<\/em>. Den inbyggda radion l\u00e5ter dig lyssna p\u00e5 dina favoritprogram eller uppt\u00e4cka nya musikkanaler. Dessutom kan du anv\u00e4nda AUX-ing\u00e5ngen f\u00f6r att ansluta olika ljudenheter s\u00e5som MP3-spelare. I leveransen ing\u00e5r tv\u00e5 h\u00f6gtalare, antenn, AUX-ing\u00e5ng. inbyggd radio och <em>Bluetooth-anslutning.<\/em>   <\/p>\n<p>Stereosystemet \u00e4r designat f\u00f6r anv\u00e4ndning i fuktiga milj\u00f6er.<\/p>\n","protected":false},"excerpt":{"rendered":"<p><strong>Priset anges inklusive moms<\/strong><\/p>\n<p>Mariine-stereosystemet \u00e4r ett suver\u00e4nt val f\u00f6r alla som vill njuta av s\u00e5v\u00e4l bad som underh\u00e5llning och lyssna p\u00e5 musik i badtunnans avslappnande omfamning.<\/p>\n","protected":false},"featured_media":5055,"template":"","meta":{"_acf_changed":false},"product_brand":[],"product_cat":[583],"product_tag":[],"class_list":{"0":"post-6965","1":"product","2":"type-product","3":"status-publish","4":"has-post-thumbnail","6":"product_cat-extrautrustning","8":"first","9":"instock","10":"shipping-taxable","11":"product-type-variable"},"acf":[],"yoast_head":"<!-- This site is optimized with the Yoast SEO plugin v26.8 - https:\/\/yoast.com\/product\/yoast-seo-wordpress\/ -->\n<title>Stereosystem Mariine f\u00f6r badtunnor och bastur - Awero - S\u00fcdamega L\u00f5una-Eestist<\/title>\n<meta name=\"robots\" content=\"index, follow, max-snippet:-1, max-image-preview:large, max-video-preview:-1\" \/>\n<link rel=\"canonical\" href=\"https:\/\/awero.ee\/sv\/toode\/stereosystem-mariine-for-badtunnor-och-bastur\/\" \/>\n<meta property=\"og:locale\" content=\"sv_SE\" \/>\n<meta property=\"og:type\" content=\"article\" \/>\n<meta property=\"og:title\" content=\"Stereosystem Mariine f\u00f6r badtunnor och bastur - Awero - S\u00fcdamega L\u00f5una-Eestist\" \/>\n<meta property=\"og:description\" content=\"Priset anges inklusive moms Mariine-stereosystemet \u00e4r ett suver\u00e4nt val f\u00f6r alla som vill njuta av s\u00e5v\u00e4l bad som underh\u00e5llning och lyssna p\u00e5 musik i badtunnans avslappnande omfamning.\" \/>\n<meta property=\"og:url\" content=\"https:\/\/awero.ee\/sv\/toode\/stereosystem-mariine-for-badtunnor-och-bastur\/\" \/>\n<meta property=\"og:site_name\" content=\"Awero - S\u00fcdamega L\u00f5una-Eestist\" \/>\n<meta property=\"article:modified_time\" content=\"2026-03-10T07:59:11+00:00\" \/>\n<meta property=\"og:image\" content=\"https:\/\/awero.ee\/wp-content\/uploads\/2024\/12\/Stereo-vaike-GR304.jpg\" \/>\n\t<meta property=\"og:image:width\" content=\"762\" \/>\n\t<meta property=\"og:image:height\" content=\"762\" \/>\n\t<meta property=\"og:image:type\" content=\"image\/jpeg\" \/>\n<meta name=\"twitter:card\" content=\"summary_large_image\" \/>\n<script type=\"application\/ld+json\" class=\"yoast-schema-graph\">{\"@context\":\"https:\/\/schema.org\",\"@graph\":[{\"@type\":\"WebPage\",\"@id\":\"https:\/\/awero.ee\/sv\/toode\/stereosystem-mariine-for-badtunnor-och-bastur\/\",\"url\":\"https:\/\/awero.ee\/sv\/toode\/stereosystem-mariine-for-badtunnor-och-bastur\/\",\"name\":\"Stereosystem Mariine f\u00f6r badtunnor och bastur - Awero - S\u00fcdamega L\u00f5una-Eestist\",\"isPartOf\":{\"@id\":\"https:\/\/awero.ee\/sv\/#website\"},\"primaryImageOfPage\":{\"@id\":\"https:\/\/awero.ee\/sv\/toode\/stereosystem-mariine-for-badtunnor-och-bastur\/#primaryimage\"},\"image\":{\"@id\":\"https:\/\/awero.ee\/sv\/toode\/stereosystem-mariine-for-badtunnor-och-bastur\/#primaryimage\"},\"thumbnailUrl\":\"https:\/\/awero.ee\/wp-content\/uploads\/2024\/12\/Stereo-vaike-GR304.jpg\",\"datePublished\":\"2024-12-12T12:00:46+00:00\",\"dateModified\":\"2026-03-10T07:59:11+00:00\",\"breadcrumb\":{\"@id\":\"https:\/\/awero.ee\/sv\/toode\/stereosystem-mariine-for-badtunnor-och-bastur\/#breadcrumb\"},\"inLanguage\":\"sv-SE\",\"potentialAction\":[{\"@type\":\"ReadAction\",\"target\":[\"https:\/\/awero.ee\/sv\/toode\/stereosystem-mariine-for-badtunnor-och-bastur\/\"]}]},{\"@type\":\"ImageObject\",\"inLanguage\":\"sv-SE\",\"@id\":\"https:\/\/awero.ee\/sv\/toode\/stereosystem-mariine-for-badtunnor-och-bastur\/#primaryimage\",\"url\":\"https:\/\/awero.ee\/wp-content\/uploads\/2024\/12\/Stereo-vaike-GR304.jpg\",\"contentUrl\":\"https:\/\/awero.ee\/wp-content\/uploads\/2024\/12\/Stereo-vaike-GR304.jpg\",\"width\":762,\"height\":762},{\"@type\":\"BreadcrumbList\",\"@id\":\"https:\/\/awero.ee\/sv\/toode\/stereosystem-mariine-for-badtunnor-och-bastur\/#breadcrumb\",\"itemListElement\":[{\"@type\":\"ListItem\",\"position\":1,\"name\":\"Home\",\"item\":\"https:\/\/awero.ee\/sv\/startsida\/\"},{\"@type\":\"ListItem\",\"position\":2,\"name\":\"Butik\",\"item\":\"https:\/\/awero.ee\/sv\/butik\/\"},{\"@type\":\"ListItem\",\"position\":3,\"name\":\"Stereosystem Mariine f\u00f6r badtunnor och bastur\"}]},{\"@type\":\"WebSite\",\"@id\":\"https:\/\/awero.ee\/sv\/#website\",\"url\":\"https:\/\/awero.ee\/sv\/\",\"name\":\"Awero - S\u00fcdamega L\u00f5una Eestist\",\"description\":\"\",\"publisher\":{\"@id\":\"https:\/\/awero.ee\/sv\/#organization\"},\"potentialAction\":[{\"@type\":\"SearchAction\",\"target\":{\"@type\":\"EntryPoint\",\"urlTemplate\":\"https:\/\/awero.ee\/sv\/?s={search_term_string}\"},\"query-input\":{\"@type\":\"PropertyValueSpecification\",\"valueRequired\":true,\"valueName\":\"search_term_string\"}}],\"inLanguage\":\"sv-SE\"},{\"@type\":\"Organization\",\"@id\":\"https:\/\/awero.ee\/sv\/#organization\",\"name\":\"Awero - S\u00fcdamega L\u00f5una Eestist\",\"url\":\"https:\/\/awero.ee\/sv\/\",\"logo\":{\"@type\":\"ImageObject\",\"inLanguage\":\"sv-SE\",\"@id\":\"https:\/\/awero.ee\/sv\/#\/schema\/logo\/image\/\",\"url\":\"https:\/\/awero.ee\/wp-content\/uploads\/2024\/07\/aweroplaceholder.jpg\",\"contentUrl\":\"https:\/\/awero.ee\/wp-content\/uploads\/2024\/07\/aweroplaceholder.jpg\",\"width\":1250,\"height\":834,\"caption\":\"Awero - S\u00fcdamega L\u00f5una Eestist\"},\"image\":{\"@id\":\"https:\/\/awero.ee\/sv\/#\/schema\/logo\/image\/\"}}]}<\/script>\n<!-- \/ Yoast SEO plugin. -->","yoast_head_json":{"title":"Stereosystem Mariine f\u00f6r badtunnor och bastur - Awero - S\u00fcdamega L\u00f5una-Eestist","robots":{"index":"index","follow":"follow","max-snippet":"max-snippet:-1","max-image-preview":"max-image-preview:large","max-video-preview":"max-video-preview:-1"},"canonical":"https:\/\/awero.ee\/sv\/toode\/stereosystem-mariine-for-badtunnor-och-bastur\/","og_locale":"sv_SE","og_type":"article","og_title":"Stereosystem Mariine f\u00f6r badtunnor och bastur - Awero - S\u00fcdamega L\u00f5una-Eestist","og_description":"Priset anges inklusive moms Mariine-stereosystemet \u00e4r ett suver\u00e4nt val f\u00f6r alla som vill njuta av s\u00e5v\u00e4l bad som underh\u00e5llning och lyssna p\u00e5 musik i badtunnans avslappnande omfamning.","og_url":"https:\/\/awero.ee\/sv\/toode\/stereosystem-mariine-for-badtunnor-och-bastur\/","og_site_name":"Awero - S\u00fcdamega L\u00f5una-Eestist","article_modified_time":"2026-03-10T07:59:11+00:00","og_image":[{"width":762,"height":762,"url":"https:\/\/awero.ee\/wp-content\/uploads\/2024\/12\/Stereo-vaike-GR304.jpg","type":"image\/jpeg"}],"twitter_card":"summary_large_image","schema":{"@context":"https:\/\/schema.org","@graph":[{"@type":"WebPage","@id":"https:\/\/awero.ee\/sv\/toode\/stereosystem-mariine-for-badtunnor-och-bastur\/","url":"https:\/\/awero.ee\/sv\/toode\/stereosystem-mariine-for-badtunnor-och-bastur\/","name":"Stereosystem Mariine f\u00f6r badtunnor och bastur - Awero - S\u00fcdamega L\u00f5una-Eestist","isPartOf":{"@id":"https:\/\/awero.ee\/sv\/#website"},"primaryImageOfPage":{"@id":"https:\/\/awero.ee\/sv\/toode\/stereosystem-mariine-for-badtunnor-och-bastur\/#primaryimage"},"image":{"@id":"https:\/\/awero.ee\/sv\/toode\/stereosystem-mariine-for-badtunnor-och-bastur\/#primaryimage"},"thumbnailUrl":"https:\/\/awero.ee\/wp-content\/uploads\/2024\/12\/Stereo-vaike-GR304.jpg","datePublished":"2024-12-12T12:00:46+00:00","dateModified":"2026-03-10T07:59:11+00:00","breadcrumb":{"@id":"https:\/\/awero.ee\/sv\/toode\/stereosystem-mariine-for-badtunnor-och-bastur\/#breadcrumb"},"inLanguage":"sv-SE","potentialAction":[{"@type":"ReadAction","target":["https:\/\/awero.ee\/sv\/toode\/stereosystem-mariine-for-badtunnor-och-bastur\/"]}]},{"@type":"ImageObject","inLanguage":"sv-SE","@id":"https:\/\/awero.ee\/sv\/toode\/stereosystem-mariine-for-badtunnor-och-bastur\/#primaryimage","url":"https:\/\/awero.ee\/wp-content\/uploads\/2024\/12\/Stereo-vaike-GR304.jpg","contentUrl":"https:\/\/awero.ee\/wp-content\/uploads\/2024\/12\/Stereo-vaike-GR304.jpg","width":762,"height":762},{"@type":"BreadcrumbList","@id":"https:\/\/awero.ee\/sv\/toode\/stereosystem-mariine-for-badtunnor-och-bastur\/#breadcrumb","itemListElement":[{"@type":"ListItem","position":1,"name":"Home","item":"https:\/\/awero.ee\/sv\/startsida\/"},{"@type":"ListItem","position":2,"name":"Butik","item":"https:\/\/awero.ee\/sv\/butik\/"},{"@type":"ListItem","position":3,"name":"Stereosystem Mariine f\u00f6r badtunnor och bastur"}]},{"@type":"WebSite","@id":"https:\/\/awero.ee\/sv\/#website","url":"https:\/\/awero.ee\/sv\/","name":"Awero - S\u00fcdamega L\u00f5una Eestist","description":"","publisher":{"@id":"https:\/\/awero.ee\/sv\/#organization"},"potentialAction":[{"@type":"SearchAction","target":{"@type":"EntryPoint","urlTemplate":"https:\/\/awero.ee\/sv\/?s={search_term_string}"},"query-input":{"@type":"PropertyValueSpecification","valueRequired":true,"valueName":"search_term_string"}}],"inLanguage":"sv-SE"},{"@type":"Organization","@id":"https:\/\/awero.ee\/sv\/#organization","name":"Awero - S\u00fcdamega L\u00f5una Eestist","url":"https:\/\/awero.ee\/sv\/","logo":{"@type":"ImageObject","inLanguage":"sv-SE","@id":"https:\/\/awero.ee\/sv\/#\/schema\/logo\/image\/","url":"https:\/\/awero.ee\/wp-content\/uploads\/2024\/07\/aweroplaceholder.jpg","contentUrl":"https:\/\/awero.ee\/wp-content\/uploads\/2024\/07\/aweroplaceholder.jpg","width":1250,"height":834,"caption":"Awero - S\u00fcdamega L\u00f5una Eestist"},"image":{"@id":"https:\/\/awero.ee\/sv\/#\/schema\/logo\/image\/"}}]}},"_links":{"self":[{"href":"https:\/\/awero.ee\/sv\/wp-json\/wp\/v2\/product\/6965","targetHints":{"allow":["GET"]}}],"collection":[{"href":"https:\/\/awero.ee\/sv\/wp-json\/wp\/v2\/product"}],"about":[{"href":"https:\/\/awero.ee\/sv\/wp-json\/wp\/v2\/types\/product"}],"wp:featuredmedia":[{"embeddable":true,"href":"https:\/\/awero.ee\/sv\/wp-json\/wp\/v2\/media\/5055"}],"wp:attachment":[{"href":"https:\/\/awero.ee\/sv\/wp-json\/wp\/v2\/media?parent=6965"}],"wp:term":[{"taxonomy":"product_brand","embeddable":true,"href":"https:\/\/awero.ee\/sv\/wp-json\/wp\/v2\/product_brand?post=6965"},{"taxonomy":"product_cat","embeddable":true,"href":"https:\/\/awero.ee\/sv\/wp-json\/wp\/v2\/product_cat?post=6965"},{"taxonomy":"product_tag","embeddable":true,"href":"https:\/\/awero.ee\/sv\/wp-json\/wp\/v2\/product_tag?post=6965"}],"curies":[{"name":"wp","href":"https:\/\/api.w.org\/{rel}","templated":true}]}}