{"id":6963,"date":"2024-12-12T12:00:46","date_gmt":"2024-12-12T12:00:46","guid":{"rendered":"https:\/\/awero.ee\/toode\/mugghallare-med-5-fack-smide\/"},"modified":"2026-04-01T12:32:22","modified_gmt":"2026-04-01T12:32:22","slug":"mugghallare-med-5-fack-smide","status":"publish","type":"product","link":"https:\/\/awero.ee\/sv\/toode\/mugghallare-med-5-fack-smide\/","title":{"rendered":"Muggh\u00e5llare med 5 fack, smide"},"content":{"rendered":"<p>Den smidda muggh\u00e5llaren ger badtunnan en tidl\u00f6s stil och elegans. Muggh\u00e5llaren med fem fack \u00e4r ett tillval med elegant design f\u00f6r badtunnor som g\u00f6r det bekv\u00e4mt att ha dryckerna n\u00e4ra till hands utan att beh\u00f6va kliva ut ur tunnan. Smidesj\u00e4rn \u00e4r ett h\u00e5llbart material som s\u00e4kerst\u00e4ller l\u00e5ng livsl\u00e4ngd och h\u00e5llbarhet. Muggh\u00e5llarens innerdiameter \u00e4r 80 mm. Den kan \u00e4ven anv\u00e4ndas f\u00f6r andra f\u00f6rem\u00e5l f\u00f6rutom drycker.    <\/p>\n","protected":false},"excerpt":{"rendered":"<p><strong>Priset anges inklusive moms.<\/strong><\/p>\n<p>Muggh\u00e5llaren med fem fack \u00e4r ett suver\u00e4nt tillval f\u00f6r badtunnor. Muggh\u00e5llaren kompletterar din avkoppling med extra funktionalitet och elegans. Oavsett om det g\u00e4ller en romantisk kv\u00e4ll f\u00f6r tv\u00e5 eller en rolig kv\u00e4ll med v\u00e4nner \u2013 muggh\u00e5llaren g\u00f6r badupplevelsen i badtunnan \u00e4nnu trevligare och bekv\u00e4mare.  <\/p>\n","protected":false},"featured_media":5100,"template":"","meta":{"_acf_changed":false},"product_brand":[],"product_cat":[583],"product_tag":[],"class_list":{"0":"post-6963","1":"product","2":"type-product","3":"status-publish","4":"has-post-thumbnail","6":"product_cat-extrautrustning","8":"first","9":"instock","10":"shipping-taxable","11":"product-type-variable"},"acf":[],"yoast_head":"<!-- This site is optimized with the Yoast SEO plugin v26.8 - https:\/\/yoast.com\/product\/yoast-seo-wordpress\/ -->\n<title>Muggh\u00e5llare med 5 fack, smide - Awero - S\u00fcdamega L\u00f5una-Eestist<\/title>\n<meta name=\"robots\" content=\"index, follow, max-snippet:-1, max-image-preview:large, max-video-preview:-1\" \/>\n<link rel=\"canonical\" href=\"https:\/\/awero.ee\/sv\/toode\/mugghallare-med-5-fack-smide\/\" \/>\n<meta property=\"og:locale\" content=\"sv_SE\" \/>\n<meta property=\"og:type\" content=\"article\" \/>\n<meta property=\"og:title\" content=\"Muggh\u00e5llare med 5 fack, smide - Awero - S\u00fcdamega L\u00f5una-Eestist\" \/>\n<meta property=\"og:description\" content=\"Priset anges inklusive moms. Muggh\u00e5llaren med fem fack \u00e4r ett suver\u00e4nt tillval f\u00f6r badtunnor. Muggh\u00e5llaren kompletterar din avkoppling med extra funktionalitet och elegans. Oavsett om det g\u00e4ller en romantisk kv\u00e4ll f\u00f6r tv\u00e5 eller en rolig kv\u00e4ll med v\u00e4nner \u2013 muggh\u00e5llaren g\u00f6r badupplevelsen i badtunnan \u00e4nnu trevligare och bekv\u00e4mare.\" \/>\n<meta property=\"og:url\" content=\"https:\/\/awero.ee\/sv\/toode\/mugghallare-med-5-fack-smide\/\" \/>\n<meta property=\"og:site_name\" content=\"Awero - S\u00fcdamega L\u00f5una-Eestist\" \/>\n<meta property=\"article:modified_time\" content=\"2026-04-01T12:32:22+00:00\" \/>\n<meta property=\"og:image\" content=\"https:\/\/awero.ee\/wp-content\/uploads\/2024\/12\/Topsihoidja_5_w.png\" \/>\n\t<meta property=\"og:image:width\" content=\"2500\" \/>\n\t<meta property=\"og:image:height\" content=\"1667\" \/>\n\t<meta property=\"og:image:type\" content=\"image\/png\" \/>\n<meta name=\"twitter:card\" content=\"summary_large_image\" \/>\n<script type=\"application\/ld+json\" class=\"yoast-schema-graph\">{\"@context\":\"https:\/\/schema.org\",\"@graph\":[{\"@type\":\"WebPage\",\"@id\":\"https:\/\/awero.ee\/sv\/toode\/mugghallare-med-5-fack-smide\/\",\"url\":\"https:\/\/awero.ee\/sv\/toode\/mugghallare-med-5-fack-smide\/\",\"name\":\"Muggh\u00e5llare med 5 fack, smide - Awero - S\u00fcdamega L\u00f5una-Eestist\",\"isPartOf\":{\"@id\":\"https:\/\/awero.ee\/sv\/#website\"},\"primaryImageOfPage\":{\"@id\":\"https:\/\/awero.ee\/sv\/toode\/mugghallare-med-5-fack-smide\/#primaryimage\"},\"image\":{\"@id\":\"https:\/\/awero.ee\/sv\/toode\/mugghallare-med-5-fack-smide\/#primaryimage\"},\"thumbnailUrl\":\"https:\/\/awero.ee\/wp-content\/uploads\/2024\/12\/Topsihoidja_5_w.png\",\"datePublished\":\"2024-12-12T12:00:46+00:00\",\"dateModified\":\"2026-04-01T12:32:22+00:00\",\"breadcrumb\":{\"@id\":\"https:\/\/awero.ee\/sv\/toode\/mugghallare-med-5-fack-smide\/#breadcrumb\"},\"inLanguage\":\"sv-SE\",\"potentialAction\":[{\"@type\":\"ReadAction\",\"target\":[\"https:\/\/awero.ee\/sv\/toode\/mugghallare-med-5-fack-smide\/\"]}]},{\"@type\":\"ImageObject\",\"inLanguage\":\"sv-SE\",\"@id\":\"https:\/\/awero.ee\/sv\/toode\/mugghallare-med-5-fack-smide\/#primaryimage\",\"url\":\"https:\/\/awero.ee\/wp-content\/uploads\/2024\/12\/Topsihoidja_5_w.png\",\"contentUrl\":\"https:\/\/awero.ee\/wp-content\/uploads\/2024\/12\/Topsihoidja_5_w.png\",\"width\":2500,\"height\":1667},{\"@type\":\"BreadcrumbList\",\"@id\":\"https:\/\/awero.ee\/sv\/toode\/mugghallare-med-5-fack-smide\/#breadcrumb\",\"itemListElement\":[{\"@type\":\"ListItem\",\"position\":1,\"name\":\"Home\",\"item\":\"https:\/\/awero.ee\/sv\/startsida\/\"},{\"@type\":\"ListItem\",\"position\":2,\"name\":\"Butik\",\"item\":\"https:\/\/awero.ee\/sv\/butik\/\"},{\"@type\":\"ListItem\",\"position\":3,\"name\":\"Muggh\u00e5llare med 5 fack, smide\"}]},{\"@type\":\"WebSite\",\"@id\":\"https:\/\/awero.ee\/sv\/#website\",\"url\":\"https:\/\/awero.ee\/sv\/\",\"name\":\"Awero - S\u00fcdamega L\u00f5una Eestist\",\"description\":\"\",\"publisher\":{\"@id\":\"https:\/\/awero.ee\/sv\/#organization\"},\"potentialAction\":[{\"@type\":\"SearchAction\",\"target\":{\"@type\":\"EntryPoint\",\"urlTemplate\":\"https:\/\/awero.ee\/sv\/?s={search_term_string}\"},\"query-input\":{\"@type\":\"PropertyValueSpecification\",\"valueRequired\":true,\"valueName\":\"search_term_string\"}}],\"inLanguage\":\"sv-SE\"},{\"@type\":\"Organization\",\"@id\":\"https:\/\/awero.ee\/sv\/#organization\",\"name\":\"Awero - S\u00fcdamega L\u00f5una Eestist\",\"url\":\"https:\/\/awero.ee\/sv\/\",\"logo\":{\"@type\":\"ImageObject\",\"inLanguage\":\"sv-SE\",\"@id\":\"https:\/\/awero.ee\/sv\/#\/schema\/logo\/image\/\",\"url\":\"https:\/\/awero.ee\/wp-content\/uploads\/2024\/07\/aweroplaceholder.jpg\",\"contentUrl\":\"https:\/\/awero.ee\/wp-content\/uploads\/2024\/07\/aweroplaceholder.jpg\",\"width\":1250,\"height\":834,\"caption\":\"Awero - S\u00fcdamega L\u00f5una Eestist\"},\"image\":{\"@id\":\"https:\/\/awero.ee\/sv\/#\/schema\/logo\/image\/\"}}]}<\/script>\n<!-- \/ Yoast SEO plugin. -->","yoast_head_json":{"title":"Muggh\u00e5llare med 5 fack, smide - Awero - S\u00fcdamega L\u00f5una-Eestist","robots":{"index":"index","follow":"follow","max-snippet":"max-snippet:-1","max-image-preview":"max-image-preview:large","max-video-preview":"max-video-preview:-1"},"canonical":"https:\/\/awero.ee\/sv\/toode\/mugghallare-med-5-fack-smide\/","og_locale":"sv_SE","og_type":"article","og_title":"Muggh\u00e5llare med 5 fack, smide - Awero - S\u00fcdamega L\u00f5una-Eestist","og_description":"Priset anges inklusive moms. Muggh\u00e5llaren med fem fack \u00e4r ett suver\u00e4nt tillval f\u00f6r badtunnor. Muggh\u00e5llaren kompletterar din avkoppling med extra funktionalitet och elegans. Oavsett om det g\u00e4ller en romantisk kv\u00e4ll f\u00f6r tv\u00e5 eller en rolig kv\u00e4ll med v\u00e4nner \u2013 muggh\u00e5llaren g\u00f6r badupplevelsen i badtunnan \u00e4nnu trevligare och bekv\u00e4mare.","og_url":"https:\/\/awero.ee\/sv\/toode\/mugghallare-med-5-fack-smide\/","og_site_name":"Awero - S\u00fcdamega L\u00f5una-Eestist","article_modified_time":"2026-04-01T12:32:22+00:00","og_image":[{"width":2500,"height":1667,"url":"https:\/\/awero.ee\/wp-content\/uploads\/2024\/12\/Topsihoidja_5_w.png","type":"image\/png"}],"twitter_card":"summary_large_image","schema":{"@context":"https:\/\/schema.org","@graph":[{"@type":"WebPage","@id":"https:\/\/awero.ee\/sv\/toode\/mugghallare-med-5-fack-smide\/","url":"https:\/\/awero.ee\/sv\/toode\/mugghallare-med-5-fack-smide\/","name":"Muggh\u00e5llare med 5 fack, smide - Awero - S\u00fcdamega L\u00f5una-Eestist","isPartOf":{"@id":"https:\/\/awero.ee\/sv\/#website"},"primaryImageOfPage":{"@id":"https:\/\/awero.ee\/sv\/toode\/mugghallare-med-5-fack-smide\/#primaryimage"},"image":{"@id":"https:\/\/awero.ee\/sv\/toode\/mugghallare-med-5-fack-smide\/#primaryimage"},"thumbnailUrl":"https:\/\/awero.ee\/wp-content\/uploads\/2024\/12\/Topsihoidja_5_w.png","datePublished":"2024-12-12T12:00:46+00:00","dateModified":"2026-04-01T12:32:22+00:00","breadcrumb":{"@id":"https:\/\/awero.ee\/sv\/toode\/mugghallare-med-5-fack-smide\/#breadcrumb"},"inLanguage":"sv-SE","potentialAction":[{"@type":"ReadAction","target":["https:\/\/awero.ee\/sv\/toode\/mugghallare-med-5-fack-smide\/"]}]},{"@type":"ImageObject","inLanguage":"sv-SE","@id":"https:\/\/awero.ee\/sv\/toode\/mugghallare-med-5-fack-smide\/#primaryimage","url":"https:\/\/awero.ee\/wp-content\/uploads\/2024\/12\/Topsihoidja_5_w.png","contentUrl":"https:\/\/awero.ee\/wp-content\/uploads\/2024\/12\/Topsihoidja_5_w.png","width":2500,"height":1667},{"@type":"BreadcrumbList","@id":"https:\/\/awero.ee\/sv\/toode\/mugghallare-med-5-fack-smide\/#breadcrumb","itemListElement":[{"@type":"ListItem","position":1,"name":"Home","item":"https:\/\/awero.ee\/sv\/startsida\/"},{"@type":"ListItem","position":2,"name":"Butik","item":"https:\/\/awero.ee\/sv\/butik\/"},{"@type":"ListItem","position":3,"name":"Muggh\u00e5llare med 5 fack, smide"}]},{"@type":"WebSite","@id":"https:\/\/awero.ee\/sv\/#website","url":"https:\/\/awero.ee\/sv\/","name":"Awero - S\u00fcdamega L\u00f5una Eestist","description":"","publisher":{"@id":"https:\/\/awero.ee\/sv\/#organization"},"potentialAction":[{"@type":"SearchAction","target":{"@type":"EntryPoint","urlTemplate":"https:\/\/awero.ee\/sv\/?s={search_term_string}"},"query-input":{"@type":"PropertyValueSpecification","valueRequired":true,"valueName":"search_term_string"}}],"inLanguage":"sv-SE"},{"@type":"Organization","@id":"https:\/\/awero.ee\/sv\/#organization","name":"Awero - S\u00fcdamega L\u00f5una Eestist","url":"https:\/\/awero.ee\/sv\/","logo":{"@type":"ImageObject","inLanguage":"sv-SE","@id":"https:\/\/awero.ee\/sv\/#\/schema\/logo\/image\/","url":"https:\/\/awero.ee\/wp-content\/uploads\/2024\/07\/aweroplaceholder.jpg","contentUrl":"https:\/\/awero.ee\/wp-content\/uploads\/2024\/07\/aweroplaceholder.jpg","width":1250,"height":834,"caption":"Awero - S\u00fcdamega L\u00f5una Eestist"},"image":{"@id":"https:\/\/awero.ee\/sv\/#\/schema\/logo\/image\/"}}]}},"_links":{"self":[{"href":"https:\/\/awero.ee\/sv\/wp-json\/wp\/v2\/product\/6963","targetHints":{"allow":["GET"]}}],"collection":[{"href":"https:\/\/awero.ee\/sv\/wp-json\/wp\/v2\/product"}],"about":[{"href":"https:\/\/awero.ee\/sv\/wp-json\/wp\/v2\/types\/product"}],"wp:featuredmedia":[{"embeddable":true,"href":"https:\/\/awero.ee\/sv\/wp-json\/wp\/v2\/media\/5100"}],"wp:attachment":[{"href":"https:\/\/awero.ee\/sv\/wp-json\/wp\/v2\/media?parent=6963"}],"wp:term":[{"taxonomy":"product_brand","embeddable":true,"href":"https:\/\/awero.ee\/sv\/wp-json\/wp\/v2\/product_brand?post=6963"},{"taxonomy":"product_cat","embeddable":true,"href":"https:\/\/awero.ee\/sv\/wp-json\/wp\/v2\/product_cat?post=6963"},{"taxonomy":"product_tag","embeddable":true,"href":"https:\/\/awero.ee\/sv\/wp-json\/wp\/v2\/product_tag?post=6963"}],"curies":[{"name":"wp","href":"https:\/\/api.w.org\/{rel}","templated":true}]}}