{"id":6962,"date":"2024-12-12T12:00:46","date_gmt":"2024-12-12T12:00:46","guid":{"rendered":"https:\/\/awero.ee\/toode\/vattenfiltreringssystem-med-pappersfilter\/"},"modified":"2026-03-10T07:59:00","modified_gmt":"2026-03-10T07:59:00","slug":"vattenfiltreringssystem-med-pappersfilter","status":"publish","type":"product","link":"https:\/\/awero.ee\/sv\/toode\/vattenfiltreringssystem-med-pappersfilter\/","title":{"rendered":"Vattenfiltreringssystem med pappersfilter"},"content":{"rendered":"<p>Fl\u00f6de: 2000l\/h.<\/p>\n<p>Effekt: 40W.<\/p>\n<p>Sp\u00e4nning: 12V.<\/p>\n<p>Max vattentemperatur: 34\u00b0C<\/p>\n<p>Min vattentemperatur: 4\u00b0C<\/p>\n<p>Allt n\u00f6dv\u00e4ndigt ing\u00e5r: fl\u00f6te, stomme, bas, filterram, patron, krok, st\u00f6dpinne, st\u00f6dklammer, st\u00f6dknapp, st\u00f6dmutter, krok till st\u00f6dpinnen, stopp till st\u00f6dpinnen, f\u00e4stskruvar med ribbor och brickor, transformator.<\/p>\n<p>Detta filtersystem monteras fast vid badtunnans kant med hj\u00e4lp av ramen. Filtret med transformator (12v) kan placeras p\u00e5 poolkanten men elkontakterna f\u00f6r transformator ska placeras p\u00e5 minst 3,5 m avst\u00e5nd fr\u00e5n poolkanten. Filtersystemet monteras och installeras bekv\u00e4mt och snabbt. Kontrollera att enheten sitter v\u00e5gr\u00e4tt innan den tas i bruk.  <\/p>\n<p>Starta aldrig filtersystemet medan n\u00e5gon vistas i badtunnan. <\/p>\n<p>F\u00f6r att f\u00f6rl\u00e4nga filterelementets livsl\u00e4ngd rekommenderas det att tv\u00e4tta filterelementet varje vecka (eller var 30:e dag). Vid behov kan du k\u00f6pa ett nytt <a href=\"https:\/\/awero.ee\/sv\/toode\/filterelement\/\">filterelement<\/a> hos oss. Pumpen ska reng\u00f6ras minst tv\u00e5 g\u00e5nger om \u00e5ret. <\/p>\n","protected":false},"excerpt":{"rendered":"<p><strong>Priset anges inklusive moms.<\/strong><\/p>\n<p>Letar du efter en perfekt l\u00f6sning f\u00f6r en \u00e4nnu bekv\u00e4mare badupplevelse i badtunnan?<\/p>\n<p>SI 4000 CANCIO K-STYLE \u00e4r ett anv\u00e4ndarv\u00e4nligt flytande filtersystem. Filtersystemet g\u00f6r vattenreng\u00f6ringen i badtunnan enkel, snabb och bekv\u00e4m. <\/p>\n","protected":false},"featured_media":5058,"template":"","meta":{"_acf_changed":false},"product_brand":[],"product_cat":[583],"product_tag":[],"class_list":{"0":"post-6962","1":"product","2":"type-product","3":"status-publish","4":"has-post-thumbnail","6":"product_cat-extrautrustning","8":"first","9":"outofstock","10":"shipping-taxable","11":"product-type-simple"},"acf":[],"yoast_head":"<!-- This site is optimized with the Yoast SEO plugin v26.8 - https:\/\/yoast.com\/product\/yoast-seo-wordpress\/ -->\n<title>Vattenfiltreringssystem med pappersfilter - Awero - S\u00fcdamega L\u00f5una-Eestist<\/title>\n<meta name=\"robots\" content=\"index, follow, max-snippet:-1, max-image-preview:large, max-video-preview:-1\" \/>\n<link rel=\"canonical\" href=\"https:\/\/awero.ee\/sv\/toode\/vattenfiltreringssystem-med-pappersfilter\/\" \/>\n<meta property=\"og:locale\" content=\"sv_SE\" \/>\n<meta property=\"og:type\" content=\"article\" \/>\n<meta property=\"og:title\" content=\"Vattenfiltreringssystem med pappersfilter - Awero - S\u00fcdamega L\u00f5una-Eestist\" \/>\n<meta property=\"og:description\" content=\"Priset anges inklusive moms. Letar du efter en perfekt l\u00f6sning f\u00f6r en \u00e4nnu bekv\u00e4mare badupplevelse i badtunnan? SI 4000 CANCIO K-STYLE \u00e4r ett anv\u00e4ndarv\u00e4nligt flytande filtersystem. Filtersystemet g\u00f6r vattenreng\u00f6ringen i badtunnan enkel, snabb och bekv\u00e4m.\" \/>\n<meta property=\"og:url\" content=\"https:\/\/awero.ee\/sv\/toode\/vattenfiltreringssystem-med-pappersfilter\/\" \/>\n<meta property=\"og:site_name\" content=\"Awero - S\u00fcdamega L\u00f5una-Eestist\" \/>\n<meta property=\"article:modified_time\" content=\"2026-03-10T07:59:00+00:00\" \/>\n<meta property=\"og:image\" content=\"https:\/\/awero.ee\/wp-content\/uploads\/2024\/12\/Paberfiltriga-vee-filtreerimissusteem.jpg\" \/>\n\t<meta property=\"og:image:width\" content=\"201\" \/>\n\t<meta property=\"og:image:height\" content=\"250\" \/>\n\t<meta property=\"og:image:type\" content=\"image\/jpeg\" \/>\n<meta name=\"twitter:card\" content=\"summary_large_image\" \/>\n<meta name=\"twitter:label1\" content=\"Ber\u00e4knad l\u00e4stid\" \/>\n\t<meta name=\"twitter:data1\" content=\"1 minut\" \/>\n<script type=\"application\/ld+json\" class=\"yoast-schema-graph\">{\"@context\":\"https:\/\/schema.org\",\"@graph\":[{\"@type\":\"WebPage\",\"@id\":\"https:\/\/awero.ee\/sv\/toode\/vattenfiltreringssystem-med-pappersfilter\/\",\"url\":\"https:\/\/awero.ee\/sv\/toode\/vattenfiltreringssystem-med-pappersfilter\/\",\"name\":\"Vattenfiltreringssystem med pappersfilter - Awero - S\u00fcdamega L\u00f5una-Eestist\",\"isPartOf\":{\"@id\":\"https:\/\/awero.ee\/sv\/#website\"},\"primaryImageOfPage\":{\"@id\":\"https:\/\/awero.ee\/sv\/toode\/vattenfiltreringssystem-med-pappersfilter\/#primaryimage\"},\"image\":{\"@id\":\"https:\/\/awero.ee\/sv\/toode\/vattenfiltreringssystem-med-pappersfilter\/#primaryimage\"},\"thumbnailUrl\":\"https:\/\/awero.ee\/wp-content\/uploads\/2024\/12\/Paberfiltriga-vee-filtreerimissusteem.jpg\",\"datePublished\":\"2024-12-12T12:00:46+00:00\",\"dateModified\":\"2026-03-10T07:59:00+00:00\",\"breadcrumb\":{\"@id\":\"https:\/\/awero.ee\/sv\/toode\/vattenfiltreringssystem-med-pappersfilter\/#breadcrumb\"},\"inLanguage\":\"sv-SE\",\"potentialAction\":[{\"@type\":\"ReadAction\",\"target\":[\"https:\/\/awero.ee\/sv\/toode\/vattenfiltreringssystem-med-pappersfilter\/\"]}]},{\"@type\":\"ImageObject\",\"inLanguage\":\"sv-SE\",\"@id\":\"https:\/\/awero.ee\/sv\/toode\/vattenfiltreringssystem-med-pappersfilter\/#primaryimage\",\"url\":\"https:\/\/awero.ee\/wp-content\/uploads\/2024\/12\/Paberfiltriga-vee-filtreerimissusteem.jpg\",\"contentUrl\":\"https:\/\/awero.ee\/wp-content\/uploads\/2024\/12\/Paberfiltriga-vee-filtreerimissusteem.jpg\",\"width\":201,\"height\":250},{\"@type\":\"BreadcrumbList\",\"@id\":\"https:\/\/awero.ee\/sv\/toode\/vattenfiltreringssystem-med-pappersfilter\/#breadcrumb\",\"itemListElement\":[{\"@type\":\"ListItem\",\"position\":1,\"name\":\"Home\",\"item\":\"https:\/\/awero.ee\/sv\/startsida\/\"},{\"@type\":\"ListItem\",\"position\":2,\"name\":\"Butik\",\"item\":\"https:\/\/awero.ee\/sv\/butik\/\"},{\"@type\":\"ListItem\",\"position\":3,\"name\":\"Vattenfiltreringssystem med pappersfilter\"}]},{\"@type\":\"WebSite\",\"@id\":\"https:\/\/awero.ee\/sv\/#website\",\"url\":\"https:\/\/awero.ee\/sv\/\",\"name\":\"Awero - S\u00fcdamega L\u00f5una Eestist\",\"description\":\"\",\"publisher\":{\"@id\":\"https:\/\/awero.ee\/sv\/#organization\"},\"potentialAction\":[{\"@type\":\"SearchAction\",\"target\":{\"@type\":\"EntryPoint\",\"urlTemplate\":\"https:\/\/awero.ee\/sv\/?s={search_term_string}\"},\"query-input\":{\"@type\":\"PropertyValueSpecification\",\"valueRequired\":true,\"valueName\":\"search_term_string\"}}],\"inLanguage\":\"sv-SE\"},{\"@type\":\"Organization\",\"@id\":\"https:\/\/awero.ee\/sv\/#organization\",\"name\":\"Awero - S\u00fcdamega L\u00f5una Eestist\",\"url\":\"https:\/\/awero.ee\/sv\/\",\"logo\":{\"@type\":\"ImageObject\",\"inLanguage\":\"sv-SE\",\"@id\":\"https:\/\/awero.ee\/sv\/#\/schema\/logo\/image\/\",\"url\":\"https:\/\/awero.ee\/wp-content\/uploads\/2024\/07\/aweroplaceholder.jpg\",\"contentUrl\":\"https:\/\/awero.ee\/wp-content\/uploads\/2024\/07\/aweroplaceholder.jpg\",\"width\":1250,\"height\":834,\"caption\":\"Awero - S\u00fcdamega L\u00f5una Eestist\"},\"image\":{\"@id\":\"https:\/\/awero.ee\/sv\/#\/schema\/logo\/image\/\"}}]}<\/script>\n<!-- \/ Yoast SEO plugin. -->","yoast_head_json":{"title":"Vattenfiltreringssystem med pappersfilter - Awero - S\u00fcdamega L\u00f5una-Eestist","robots":{"index":"index","follow":"follow","max-snippet":"max-snippet:-1","max-image-preview":"max-image-preview:large","max-video-preview":"max-video-preview:-1"},"canonical":"https:\/\/awero.ee\/sv\/toode\/vattenfiltreringssystem-med-pappersfilter\/","og_locale":"sv_SE","og_type":"article","og_title":"Vattenfiltreringssystem med pappersfilter - Awero - S\u00fcdamega L\u00f5una-Eestist","og_description":"Priset anges inklusive moms. Letar du efter en perfekt l\u00f6sning f\u00f6r en \u00e4nnu bekv\u00e4mare badupplevelse i badtunnan? SI 4000 CANCIO K-STYLE \u00e4r ett anv\u00e4ndarv\u00e4nligt flytande filtersystem. Filtersystemet g\u00f6r vattenreng\u00f6ringen i badtunnan enkel, snabb och bekv\u00e4m.","og_url":"https:\/\/awero.ee\/sv\/toode\/vattenfiltreringssystem-med-pappersfilter\/","og_site_name":"Awero - S\u00fcdamega L\u00f5una-Eestist","article_modified_time":"2026-03-10T07:59:00+00:00","og_image":[{"width":201,"height":250,"url":"https:\/\/awero.ee\/wp-content\/uploads\/2024\/12\/Paberfiltriga-vee-filtreerimissusteem.jpg","type":"image\/jpeg"}],"twitter_card":"summary_large_image","twitter_misc":{"Ber\u00e4knad l\u00e4stid":"1 minut"},"schema":{"@context":"https:\/\/schema.org","@graph":[{"@type":"WebPage","@id":"https:\/\/awero.ee\/sv\/toode\/vattenfiltreringssystem-med-pappersfilter\/","url":"https:\/\/awero.ee\/sv\/toode\/vattenfiltreringssystem-med-pappersfilter\/","name":"Vattenfiltreringssystem med pappersfilter - Awero - S\u00fcdamega L\u00f5una-Eestist","isPartOf":{"@id":"https:\/\/awero.ee\/sv\/#website"},"primaryImageOfPage":{"@id":"https:\/\/awero.ee\/sv\/toode\/vattenfiltreringssystem-med-pappersfilter\/#primaryimage"},"image":{"@id":"https:\/\/awero.ee\/sv\/toode\/vattenfiltreringssystem-med-pappersfilter\/#primaryimage"},"thumbnailUrl":"https:\/\/awero.ee\/wp-content\/uploads\/2024\/12\/Paberfiltriga-vee-filtreerimissusteem.jpg","datePublished":"2024-12-12T12:00:46+00:00","dateModified":"2026-03-10T07:59:00+00:00","breadcrumb":{"@id":"https:\/\/awero.ee\/sv\/toode\/vattenfiltreringssystem-med-pappersfilter\/#breadcrumb"},"inLanguage":"sv-SE","potentialAction":[{"@type":"ReadAction","target":["https:\/\/awero.ee\/sv\/toode\/vattenfiltreringssystem-med-pappersfilter\/"]}]},{"@type":"ImageObject","inLanguage":"sv-SE","@id":"https:\/\/awero.ee\/sv\/toode\/vattenfiltreringssystem-med-pappersfilter\/#primaryimage","url":"https:\/\/awero.ee\/wp-content\/uploads\/2024\/12\/Paberfiltriga-vee-filtreerimissusteem.jpg","contentUrl":"https:\/\/awero.ee\/wp-content\/uploads\/2024\/12\/Paberfiltriga-vee-filtreerimissusteem.jpg","width":201,"height":250},{"@type":"BreadcrumbList","@id":"https:\/\/awero.ee\/sv\/toode\/vattenfiltreringssystem-med-pappersfilter\/#breadcrumb","itemListElement":[{"@type":"ListItem","position":1,"name":"Home","item":"https:\/\/awero.ee\/sv\/startsida\/"},{"@type":"ListItem","position":2,"name":"Butik","item":"https:\/\/awero.ee\/sv\/butik\/"},{"@type":"ListItem","position":3,"name":"Vattenfiltreringssystem med pappersfilter"}]},{"@type":"WebSite","@id":"https:\/\/awero.ee\/sv\/#website","url":"https:\/\/awero.ee\/sv\/","name":"Awero - S\u00fcdamega L\u00f5una Eestist","description":"","publisher":{"@id":"https:\/\/awero.ee\/sv\/#organization"},"potentialAction":[{"@type":"SearchAction","target":{"@type":"EntryPoint","urlTemplate":"https:\/\/awero.ee\/sv\/?s={search_term_string}"},"query-input":{"@type":"PropertyValueSpecification","valueRequired":true,"valueName":"search_term_string"}}],"inLanguage":"sv-SE"},{"@type":"Organization","@id":"https:\/\/awero.ee\/sv\/#organization","name":"Awero - S\u00fcdamega L\u00f5una Eestist","url":"https:\/\/awero.ee\/sv\/","logo":{"@type":"ImageObject","inLanguage":"sv-SE","@id":"https:\/\/awero.ee\/sv\/#\/schema\/logo\/image\/","url":"https:\/\/awero.ee\/wp-content\/uploads\/2024\/07\/aweroplaceholder.jpg","contentUrl":"https:\/\/awero.ee\/wp-content\/uploads\/2024\/07\/aweroplaceholder.jpg","width":1250,"height":834,"caption":"Awero - S\u00fcdamega L\u00f5una Eestist"},"image":{"@id":"https:\/\/awero.ee\/sv\/#\/schema\/logo\/image\/"}}]}},"_links":{"self":[{"href":"https:\/\/awero.ee\/sv\/wp-json\/wp\/v2\/product\/6962","targetHints":{"allow":["GET"]}}],"collection":[{"href":"https:\/\/awero.ee\/sv\/wp-json\/wp\/v2\/product"}],"about":[{"href":"https:\/\/awero.ee\/sv\/wp-json\/wp\/v2\/types\/product"}],"wp:featuredmedia":[{"embeddable":true,"href":"https:\/\/awero.ee\/sv\/wp-json\/wp\/v2\/media\/5058"}],"wp:attachment":[{"href":"https:\/\/awero.ee\/sv\/wp-json\/wp\/v2\/media?parent=6962"}],"wp:term":[{"taxonomy":"product_brand","embeddable":true,"href":"https:\/\/awero.ee\/sv\/wp-json\/wp\/v2\/product_brand?post=6962"},{"taxonomy":"product_cat","embeddable":true,"href":"https:\/\/awero.ee\/sv\/wp-json\/wp\/v2\/product_cat?post=6962"},{"taxonomy":"product_tag","embeddable":true,"href":"https:\/\/awero.ee\/sv\/wp-json\/wp\/v2\/product_tag?post=6962"}],"curies":[{"name":"wp","href":"https:\/\/api.w.org\/{rel}","templated":true}]}}