{"id":6925,"date":"2024-12-12T12:00:46","date_gmt":"2024-12-12T12:00:46","guid":{"rendered":"https:\/\/awero.ee\/toode\/pvc-overdrag-till-badtunna\/"},"modified":"2026-04-01T12:32:25","modified_gmt":"2026-04-01T12:32:25","slug":"pvc-overdrag-till-badtunna","status":"publish","type":"product","link":"https:\/\/awero.ee\/sv\/toode\/pvc-overdrag-till-badtunna\/","title":{"rendered":"PVC-\u00f6verdrag till badtunna"},"content":{"rendered":"<p>PVC \u00e4r ett v\u00e4derbest\u00e4ndigt och rept\u00e5ligt material med l\u00e5ng livsl\u00e4ngd. \u00d6verdraget \u00e4r enkelt att reng\u00f6ra och l\u00e4ttsk\u00f6tt \u2013 det r\u00e4cker oftast med att sk\u00f6lja med vatten eller tv\u00e4tta f\u00f6rsiktigt med tv\u00e5ll\u00f6sning. <\/p>\n<p>PVC-\u00f6verdrag finns tillg\u00e4ngliga f\u00f6r badtunnor med s\u00e5v\u00e4l intern som extern kamin och med tre olika diametrar &#8211; 160 cm, 180 cm och 200 cm (m\u00e5ttet avser badtunnans diameter, sj\u00e4lva \u00f6verdraget \u00e4r st\u00f6rre f\u00f6r att kanten ska kunna vikas ned f\u00f6r b\u00e4ttre t\u00e4ckning).<\/p>\n<p>N\u00e4rmare information:<\/p>\n<p>\u00d6verdraget \u00e4r av PVC (polyvinylklorid). PVC \u00e4r en syntetisk polymer, dvs. en plast, som \u00e4r en av de vanligaste typerna av plast i v\u00e4rlden. <\/p>\n","protected":false},"excerpt":{"rendered":"<p>Ett PVC-\u00f6verdrag \u00e4r ett suver\u00e4nt val f\u00f6r alla som uppskattar h\u00e5llbarhet och enkelt underh\u00e5ll n\u00e4r det g\u00e4ller att skydda badtunnan. \u00d6verdraget hj\u00e4lper till att skydda vattnet i badtunnan fr\u00e5n f\u00f6roreningar och smuts fr\u00e5n utemilj\u00f6n och f\u00f6rl\u00e4nger s\u00e5ledes underh\u00e5llsintervallet. <\/p>\n","protected":false},"featured_media":5118,"template":"","meta":{"_acf_changed":false},"product_brand":[],"product_cat":[583],"product_tag":[],"class_list":{"0":"post-6925","1":"product","2":"type-product","3":"status-publish","4":"has-post-thumbnail","6":"product_cat-extrautrustning","8":"first","9":"instock","10":"shipping-taxable","11":"product-type-variable"},"acf":[],"yoast_head":"<!-- This site is optimized with the Yoast SEO plugin v26.8 - https:\/\/yoast.com\/product\/yoast-seo-wordpress\/ -->\n<title>PVC-\u00f6verdrag till badtunna - Awero - S\u00fcdamega L\u00f5una-Eestist<\/title>\n<meta name=\"robots\" content=\"index, follow, max-snippet:-1, max-image-preview:large, max-video-preview:-1\" \/>\n<link rel=\"canonical\" href=\"https:\/\/awero.ee\/sv\/toode\/pvc-overdrag-till-badtunna\/\" \/>\n<meta property=\"og:locale\" content=\"sv_SE\" \/>\n<meta property=\"og:type\" content=\"article\" \/>\n<meta property=\"og:title\" content=\"PVC-\u00f6verdrag till badtunna - Awero - S\u00fcdamega L\u00f5una-Eestist\" \/>\n<meta property=\"og:description\" content=\"Ett PVC-\u00f6verdrag \u00e4r ett suver\u00e4nt val f\u00f6r alla som uppskattar h\u00e5llbarhet och enkelt underh\u00e5ll n\u00e4r det g\u00e4ller att skydda badtunnan. \u00d6verdraget hj\u00e4lper till att skydda vattnet i badtunnan fr\u00e5n f\u00f6roreningar och smuts fr\u00e5n utemilj\u00f6n och f\u00f6rl\u00e4nger s\u00e5ledes underh\u00e5llsintervallet.\" \/>\n<meta property=\"og:url\" content=\"https:\/\/awero.ee\/sv\/toode\/pvc-overdrag-till-badtunna\/\" \/>\n<meta property=\"og:site_name\" content=\"Awero - S\u00fcdamega L\u00f5una-Eestist\" \/>\n<meta property=\"article:modified_time\" content=\"2026-04-01T12:32:25+00:00\" \/>\n<meta property=\"og:image\" content=\"https:\/\/awero.ee\/wp-content\/uploads\/2024\/12\/Kate_pvc.png\" \/>\n\t<meta property=\"og:image:width\" content=\"1329\" \/>\n\t<meta property=\"og:image:height\" content=\"886\" \/>\n\t<meta property=\"og:image:type\" content=\"image\/png\" \/>\n<meta name=\"twitter:card\" content=\"summary_large_image\" \/>\n<meta name=\"twitter:label1\" content=\"Ber\u00e4knad l\u00e4stid\" \/>\n\t<meta name=\"twitter:data1\" content=\"1 minut\" \/>\n<script type=\"application\/ld+json\" class=\"yoast-schema-graph\">{\"@context\":\"https:\/\/schema.org\",\"@graph\":[{\"@type\":\"WebPage\",\"@id\":\"https:\/\/awero.ee\/sv\/toode\/pvc-overdrag-till-badtunna\/\",\"url\":\"https:\/\/awero.ee\/sv\/toode\/pvc-overdrag-till-badtunna\/\",\"name\":\"PVC-\u00f6verdrag till badtunna - Awero - S\u00fcdamega L\u00f5una-Eestist\",\"isPartOf\":{\"@id\":\"https:\/\/awero.ee\/sv\/#website\"},\"primaryImageOfPage\":{\"@id\":\"https:\/\/awero.ee\/sv\/toode\/pvc-overdrag-till-badtunna\/#primaryimage\"},\"image\":{\"@id\":\"https:\/\/awero.ee\/sv\/toode\/pvc-overdrag-till-badtunna\/#primaryimage\"},\"thumbnailUrl\":\"https:\/\/awero.ee\/wp-content\/uploads\/2024\/12\/Kate_pvc.png\",\"datePublished\":\"2024-12-12T12:00:46+00:00\",\"dateModified\":\"2026-04-01T12:32:25+00:00\",\"breadcrumb\":{\"@id\":\"https:\/\/awero.ee\/sv\/toode\/pvc-overdrag-till-badtunna\/#breadcrumb\"},\"inLanguage\":\"sv-SE\",\"potentialAction\":[{\"@type\":\"ReadAction\",\"target\":[\"https:\/\/awero.ee\/sv\/toode\/pvc-overdrag-till-badtunna\/\"]}]},{\"@type\":\"ImageObject\",\"inLanguage\":\"sv-SE\",\"@id\":\"https:\/\/awero.ee\/sv\/toode\/pvc-overdrag-till-badtunna\/#primaryimage\",\"url\":\"https:\/\/awero.ee\/wp-content\/uploads\/2024\/12\/Kate_pvc.png\",\"contentUrl\":\"https:\/\/awero.ee\/wp-content\/uploads\/2024\/12\/Kate_pvc.png\",\"width\":2500,\"height\":1667},{\"@type\":\"BreadcrumbList\",\"@id\":\"https:\/\/awero.ee\/sv\/toode\/pvc-overdrag-till-badtunna\/#breadcrumb\",\"itemListElement\":[{\"@type\":\"ListItem\",\"position\":1,\"name\":\"Home\",\"item\":\"https:\/\/awero.ee\/sv\/startsida\/\"},{\"@type\":\"ListItem\",\"position\":2,\"name\":\"Butik\",\"item\":\"https:\/\/awero.ee\/sv\/butik\/\"},{\"@type\":\"ListItem\",\"position\":3,\"name\":\"PVC-\u00f6verdrag till badtunna\"}]},{\"@type\":\"WebSite\",\"@id\":\"https:\/\/awero.ee\/sv\/#website\",\"url\":\"https:\/\/awero.ee\/sv\/\",\"name\":\"Awero - S\u00fcdamega L\u00f5una Eestist\",\"description\":\"\",\"publisher\":{\"@id\":\"https:\/\/awero.ee\/sv\/#organization\"},\"potentialAction\":[{\"@type\":\"SearchAction\",\"target\":{\"@type\":\"EntryPoint\",\"urlTemplate\":\"https:\/\/awero.ee\/sv\/?s={search_term_string}\"},\"query-input\":{\"@type\":\"PropertyValueSpecification\",\"valueRequired\":true,\"valueName\":\"search_term_string\"}}],\"inLanguage\":\"sv-SE\"},{\"@type\":\"Organization\",\"@id\":\"https:\/\/awero.ee\/sv\/#organization\",\"name\":\"Awero - S\u00fcdamega L\u00f5una Eestist\",\"url\":\"https:\/\/awero.ee\/sv\/\",\"logo\":{\"@type\":\"ImageObject\",\"inLanguage\":\"sv-SE\",\"@id\":\"https:\/\/awero.ee\/sv\/#\/schema\/logo\/image\/\",\"url\":\"https:\/\/awero.ee\/wp-content\/uploads\/2024\/07\/aweroplaceholder.jpg\",\"contentUrl\":\"https:\/\/awero.ee\/wp-content\/uploads\/2024\/07\/aweroplaceholder.jpg\",\"width\":1250,\"height\":834,\"caption\":\"Awero - S\u00fcdamega L\u00f5una Eestist\"},\"image\":{\"@id\":\"https:\/\/awero.ee\/sv\/#\/schema\/logo\/image\/\"}}]}<\/script>\n<!-- \/ Yoast SEO plugin. -->","yoast_head_json":{"title":"PVC-\u00f6verdrag till badtunna - Awero - S\u00fcdamega L\u00f5una-Eestist","robots":{"index":"index","follow":"follow","max-snippet":"max-snippet:-1","max-image-preview":"max-image-preview:large","max-video-preview":"max-video-preview:-1"},"canonical":"https:\/\/awero.ee\/sv\/toode\/pvc-overdrag-till-badtunna\/","og_locale":"sv_SE","og_type":"article","og_title":"PVC-\u00f6verdrag till badtunna - Awero - S\u00fcdamega L\u00f5una-Eestist","og_description":"Ett PVC-\u00f6verdrag \u00e4r ett suver\u00e4nt val f\u00f6r alla som uppskattar h\u00e5llbarhet och enkelt underh\u00e5ll n\u00e4r det g\u00e4ller att skydda badtunnan. \u00d6verdraget hj\u00e4lper till att skydda vattnet i badtunnan fr\u00e5n f\u00f6roreningar och smuts fr\u00e5n utemilj\u00f6n och f\u00f6rl\u00e4nger s\u00e5ledes underh\u00e5llsintervallet.","og_url":"https:\/\/awero.ee\/sv\/toode\/pvc-overdrag-till-badtunna\/","og_site_name":"Awero - S\u00fcdamega L\u00f5una-Eestist","article_modified_time":"2026-04-01T12:32:25+00:00","og_image":[{"width":1329,"height":886,"url":"https:\/\/awero.ee\/wp-content\/uploads\/2024\/12\/Kate_pvc.png","type":"image\/png"}],"twitter_card":"summary_large_image","twitter_misc":{"Ber\u00e4knad l\u00e4stid":"1 minut"},"schema":{"@context":"https:\/\/schema.org","@graph":[{"@type":"WebPage","@id":"https:\/\/awero.ee\/sv\/toode\/pvc-overdrag-till-badtunna\/","url":"https:\/\/awero.ee\/sv\/toode\/pvc-overdrag-till-badtunna\/","name":"PVC-\u00f6verdrag till badtunna - Awero - S\u00fcdamega L\u00f5una-Eestist","isPartOf":{"@id":"https:\/\/awero.ee\/sv\/#website"},"primaryImageOfPage":{"@id":"https:\/\/awero.ee\/sv\/toode\/pvc-overdrag-till-badtunna\/#primaryimage"},"image":{"@id":"https:\/\/awero.ee\/sv\/toode\/pvc-overdrag-till-badtunna\/#primaryimage"},"thumbnailUrl":"https:\/\/awero.ee\/wp-content\/uploads\/2024\/12\/Kate_pvc.png","datePublished":"2024-12-12T12:00:46+00:00","dateModified":"2026-04-01T12:32:25+00:00","breadcrumb":{"@id":"https:\/\/awero.ee\/sv\/toode\/pvc-overdrag-till-badtunna\/#breadcrumb"},"inLanguage":"sv-SE","potentialAction":[{"@type":"ReadAction","target":["https:\/\/awero.ee\/sv\/toode\/pvc-overdrag-till-badtunna\/"]}]},{"@type":"ImageObject","inLanguage":"sv-SE","@id":"https:\/\/awero.ee\/sv\/toode\/pvc-overdrag-till-badtunna\/#primaryimage","url":"https:\/\/awero.ee\/wp-content\/uploads\/2024\/12\/Kate_pvc.png","contentUrl":"https:\/\/awero.ee\/wp-content\/uploads\/2024\/12\/Kate_pvc.png","width":2500,"height":1667},{"@type":"BreadcrumbList","@id":"https:\/\/awero.ee\/sv\/toode\/pvc-overdrag-till-badtunna\/#breadcrumb","itemListElement":[{"@type":"ListItem","position":1,"name":"Home","item":"https:\/\/awero.ee\/sv\/startsida\/"},{"@type":"ListItem","position":2,"name":"Butik","item":"https:\/\/awero.ee\/sv\/butik\/"},{"@type":"ListItem","position":3,"name":"PVC-\u00f6verdrag till badtunna"}]},{"@type":"WebSite","@id":"https:\/\/awero.ee\/sv\/#website","url":"https:\/\/awero.ee\/sv\/","name":"Awero - S\u00fcdamega L\u00f5una Eestist","description":"","publisher":{"@id":"https:\/\/awero.ee\/sv\/#organization"},"potentialAction":[{"@type":"SearchAction","target":{"@type":"EntryPoint","urlTemplate":"https:\/\/awero.ee\/sv\/?s={search_term_string}"},"query-input":{"@type":"PropertyValueSpecification","valueRequired":true,"valueName":"search_term_string"}}],"inLanguage":"sv-SE"},{"@type":"Organization","@id":"https:\/\/awero.ee\/sv\/#organization","name":"Awero - S\u00fcdamega L\u00f5una Eestist","url":"https:\/\/awero.ee\/sv\/","logo":{"@type":"ImageObject","inLanguage":"sv-SE","@id":"https:\/\/awero.ee\/sv\/#\/schema\/logo\/image\/","url":"https:\/\/awero.ee\/wp-content\/uploads\/2024\/07\/aweroplaceholder.jpg","contentUrl":"https:\/\/awero.ee\/wp-content\/uploads\/2024\/07\/aweroplaceholder.jpg","width":1250,"height":834,"caption":"Awero - S\u00fcdamega L\u00f5una Eestist"},"image":{"@id":"https:\/\/awero.ee\/sv\/#\/schema\/logo\/image\/"}}]}},"_links":{"self":[{"href":"https:\/\/awero.ee\/sv\/wp-json\/wp\/v2\/product\/6925","targetHints":{"allow":["GET"]}}],"collection":[{"href":"https:\/\/awero.ee\/sv\/wp-json\/wp\/v2\/product"}],"about":[{"href":"https:\/\/awero.ee\/sv\/wp-json\/wp\/v2\/types\/product"}],"wp:featuredmedia":[{"embeddable":true,"href":"https:\/\/awero.ee\/sv\/wp-json\/wp\/v2\/media\/5118"}],"wp:attachment":[{"href":"https:\/\/awero.ee\/sv\/wp-json\/wp\/v2\/media?parent=6925"}],"wp:term":[{"taxonomy":"product_brand","embeddable":true,"href":"https:\/\/awero.ee\/sv\/wp-json\/wp\/v2\/product_brand?post=6925"},{"taxonomy":"product_cat","embeddable":true,"href":"https:\/\/awero.ee\/sv\/wp-json\/wp\/v2\/product_cat?post=6925"},{"taxonomy":"product_tag","embeddable":true,"href":"https:\/\/awero.ee\/sv\/wp-json\/wp\/v2\/product_tag?post=6925"}],"curies":[{"name":"wp","href":"https:\/\/api.w.org\/{rel}","templated":true}]}}