{"id":6908,"date":"2024-12-12T12:00:45","date_gmt":"2024-12-12T12:00:45","guid":{"rendered":"https:\/\/awero.ee\/toode\/isolerat-lock-till-badtunna\/"},"modified":"2026-04-01T12:32:23","modified_gmt":"2026-04-01T12:32:23","slug":"isolerat-lock-till-badtunna","status":"publish","type":"product","link":"https:\/\/awero.ee\/sv\/toode\/isolerat-lock-till-badtunna\/","title":{"rendered":"Isolerat lock till badtunna"},"content":{"rendered":"<div align=\"justify\">\n<p>Det isolerade termolocket \u00e4r tillverkat av ett h\u00e5llbart och h\u00f6gkvalitativt material som hj\u00e4lper till att minska v\u00e4rmef\u00f6rlusten i badtunnan. Locket bidrar till snabbare uppv\u00e4rmning av vattnet i badtunnan under eldning och l\u00e5ngsammare nedkylning av vattnet p\u00e5 kyligare dagar. F\u00f6rutom v\u00e4rmeisolering skyddar termolocket vattnet fr\u00e5n f\u00f6roreningar och smuts fr\u00e5n utemilj\u00f6n och s\u00e4kerst\u00e4ller s\u00e5ledes en renare och h\u00e4lsosammare badmilj\u00f6. Termolocket \u00e4r vikbart i mitten (viks i tv\u00e5 delar) f\u00f6r att det ska vara l\u00e4ttare och bekv\u00e4mare att lyfta.   <\/p>\n<p><strong>Modeller och storlekar:<\/strong><\/p>\n<p>IceTub 100<\/p>\n<p>IconTub 200<\/p>\n<p>Diameter 160 cm<\/p>\n<p>Diameter 200 cm<\/p>\n<p>Diameter 220 cm<\/p>\n<p>MulliXKing<\/p>\n<p>Ofuro<\/p>\n<p>Lock med specialm\u00e5tt \u2013 fr\u00e5ga om priset.<\/p>\n<p>&nbsp;<\/p>\n<p><strong>OBS! Denna produkt \u00e4r f\u00f6r stor f\u00f6r att levereras till paketbox. <\/strong> Produkten kan l\u00e4mnas ut p\u00e5 v\u00e5r fabrik (med upph\u00e4mtning) eller levereras med kurir. Fr\u00e5ga g\u00e4rna v\u00e5ra <a href=\"https:\/\/awero.ee\/sv\/kontakt\/\">f\u00f6rs\u00e4ljningsspecialister<\/a> om n\u00e4rmare information. Kontakta v\u00e5ra f\u00f6rs\u00e4ljningsspecialister f\u00f6r n\u00e4rmare information om termolockets l\u00e4mplighet f\u00f6r din badtunna och montering och hitta en perfekt l\u00f6sning f\u00f6r att komplettera din badupplevelse.  <\/p>\n<p>F\u00f6rs\u00e4kra dig om att termolocket monteras korrekt i enlighet med tillverkarens anvisningar f\u00f6r att s\u00e4kerst\u00e4lla optimal v\u00e4rmeisolering och skydd fr\u00e5n yttre p\u00e5verkningar.<\/p>\n<\/div>\n","protected":false},"excerpt":{"rendered":"<div align=\"justify\">\n<p>Priset anges inklusive moms.<\/p>\n<p>Vill du uppr\u00e4tth\u00e5lla vattentemperaturen i badtunnan och h\u00e5lla vattnet rent? Se v\u00e5rt isolerade termolock som \u00e4r utarbetat f\u00f6r att s\u00e4kerst\u00e4lla trevliga och sk\u00f6na badupplevelser \u00e5ret runt. Termolock finns tillg\u00e4ngliga i flera olika modeller och storlekar beroende p\u00e5 storleken p\u00e5 din badtunna.  <\/p>\n<\/div>\n","protected":false},"featured_media":5115,"template":"","meta":{"_acf_changed":false},"product_brand":[],"product_cat":[583],"product_tag":[],"class_list":{"0":"post-6908","1":"product","2":"type-product","3":"status-publish","4":"has-post-thumbnail","6":"product_cat-extrautrustning","8":"first","9":"instock","10":"shipping-taxable","11":"product-type-variable"},"acf":[],"yoast_head":"<!-- This site is optimized with the Yoast SEO plugin v26.8 - https:\/\/yoast.com\/product\/yoast-seo-wordpress\/ -->\n<title>Isolerat lock till badtunna - Awero - S\u00fcdamega L\u00f5una-Eestist<\/title>\n<meta name=\"robots\" content=\"index, follow, max-snippet:-1, max-image-preview:large, max-video-preview:-1\" \/>\n<link rel=\"canonical\" href=\"https:\/\/awero.ee\/sv\/toode\/isolerat-lock-till-badtunna\/\" \/>\n<meta property=\"og:locale\" content=\"sv_SE\" \/>\n<meta property=\"og:type\" content=\"article\" \/>\n<meta property=\"og:title\" content=\"Isolerat lock till badtunna - Awero - S\u00fcdamega L\u00f5una-Eestist\" \/>\n<meta property=\"og:description\" content=\"Priset anges inklusive moms. Vill du uppr\u00e4tth\u00e5lla vattentemperaturen i badtunnan och h\u00e5lla vattnet rent? Se v\u00e5rt isolerade termolock som \u00e4r utarbetat f\u00f6r att s\u00e4kerst\u00e4lla trevliga och sk\u00f6na badupplevelser \u00e5ret runt. Termolock finns tillg\u00e4ngliga i flera olika modeller och storlekar beroende p\u00e5 storleken p\u00e5 din badtunna.\" \/>\n<meta property=\"og:url\" content=\"https:\/\/awero.ee\/sv\/toode\/isolerat-lock-till-badtunna\/\" \/>\n<meta property=\"og:site_name\" content=\"Awero - S\u00fcdamega L\u00f5una-Eestist\" \/>\n<meta property=\"article:modified_time\" content=\"2026-04-01T12:32:23+00:00\" \/>\n<meta property=\"og:image\" content=\"https:\/\/awero.ee\/wp-content\/uploads\/2024\/12\/Kate_soojustatud.png\" \/>\n\t<meta property=\"og:image:width\" content=\"1329\" \/>\n\t<meta property=\"og:image:height\" content=\"886\" \/>\n\t<meta property=\"og:image:type\" content=\"image\/png\" \/>\n<meta name=\"twitter:card\" content=\"summary_large_image\" \/>\n<meta name=\"twitter:label1\" content=\"Ber\u00e4knad l\u00e4stid\" \/>\n\t<meta name=\"twitter:data1\" content=\"1 minut\" \/>\n<script type=\"application\/ld+json\" class=\"yoast-schema-graph\">{\"@context\":\"https:\/\/schema.org\",\"@graph\":[{\"@type\":\"WebPage\",\"@id\":\"https:\/\/awero.ee\/sv\/toode\/isolerat-lock-till-badtunna\/\",\"url\":\"https:\/\/awero.ee\/sv\/toode\/isolerat-lock-till-badtunna\/\",\"name\":\"Isolerat lock till badtunna - Awero - S\u00fcdamega L\u00f5una-Eestist\",\"isPartOf\":{\"@id\":\"https:\/\/awero.ee\/sv\/#website\"},\"primaryImageOfPage\":{\"@id\":\"https:\/\/awero.ee\/sv\/toode\/isolerat-lock-till-badtunna\/#primaryimage\"},\"image\":{\"@id\":\"https:\/\/awero.ee\/sv\/toode\/isolerat-lock-till-badtunna\/#primaryimage\"},\"thumbnailUrl\":\"https:\/\/awero.ee\/wp-content\/uploads\/2024\/12\/Kate_soojustatud.png\",\"datePublished\":\"2024-12-12T12:00:45+00:00\",\"dateModified\":\"2026-04-01T12:32:23+00:00\",\"breadcrumb\":{\"@id\":\"https:\/\/awero.ee\/sv\/toode\/isolerat-lock-till-badtunna\/#breadcrumb\"},\"inLanguage\":\"sv-SE\",\"potentialAction\":[{\"@type\":\"ReadAction\",\"target\":[\"https:\/\/awero.ee\/sv\/toode\/isolerat-lock-till-badtunna\/\"]}]},{\"@type\":\"ImageObject\",\"inLanguage\":\"sv-SE\",\"@id\":\"https:\/\/awero.ee\/sv\/toode\/isolerat-lock-till-badtunna\/#primaryimage\",\"url\":\"https:\/\/awero.ee\/wp-content\/uploads\/2024\/12\/Kate_soojustatud.png\",\"contentUrl\":\"https:\/\/awero.ee\/wp-content\/uploads\/2024\/12\/Kate_soojustatud.png\",\"width\":2500,\"height\":1667},{\"@type\":\"BreadcrumbList\",\"@id\":\"https:\/\/awero.ee\/sv\/toode\/isolerat-lock-till-badtunna\/#breadcrumb\",\"itemListElement\":[{\"@type\":\"ListItem\",\"position\":1,\"name\":\"Home\",\"item\":\"https:\/\/awero.ee\/sv\/startsida\/\"},{\"@type\":\"ListItem\",\"position\":2,\"name\":\"Butik\",\"item\":\"https:\/\/awero.ee\/sv\/butik\/\"},{\"@type\":\"ListItem\",\"position\":3,\"name\":\"Isolerat lock till badtunna\"}]},{\"@type\":\"WebSite\",\"@id\":\"https:\/\/awero.ee\/sv\/#website\",\"url\":\"https:\/\/awero.ee\/sv\/\",\"name\":\"Awero - S\u00fcdamega L\u00f5una Eestist\",\"description\":\"\",\"publisher\":{\"@id\":\"https:\/\/awero.ee\/sv\/#organization\"},\"potentialAction\":[{\"@type\":\"SearchAction\",\"target\":{\"@type\":\"EntryPoint\",\"urlTemplate\":\"https:\/\/awero.ee\/sv\/?s={search_term_string}\"},\"query-input\":{\"@type\":\"PropertyValueSpecification\",\"valueRequired\":true,\"valueName\":\"search_term_string\"}}],\"inLanguage\":\"sv-SE\"},{\"@type\":\"Organization\",\"@id\":\"https:\/\/awero.ee\/sv\/#organization\",\"name\":\"Awero - S\u00fcdamega L\u00f5una Eestist\",\"url\":\"https:\/\/awero.ee\/sv\/\",\"logo\":{\"@type\":\"ImageObject\",\"inLanguage\":\"sv-SE\",\"@id\":\"https:\/\/awero.ee\/sv\/#\/schema\/logo\/image\/\",\"url\":\"https:\/\/awero.ee\/wp-content\/uploads\/2024\/07\/aweroplaceholder.jpg\",\"contentUrl\":\"https:\/\/awero.ee\/wp-content\/uploads\/2024\/07\/aweroplaceholder.jpg\",\"width\":1250,\"height\":834,\"caption\":\"Awero - S\u00fcdamega L\u00f5una Eestist\"},\"image\":{\"@id\":\"https:\/\/awero.ee\/sv\/#\/schema\/logo\/image\/\"}}]}<\/script>\n<!-- \/ Yoast SEO plugin. -->","yoast_head_json":{"title":"Isolerat lock till badtunna - Awero - S\u00fcdamega L\u00f5una-Eestist","robots":{"index":"index","follow":"follow","max-snippet":"max-snippet:-1","max-image-preview":"max-image-preview:large","max-video-preview":"max-video-preview:-1"},"canonical":"https:\/\/awero.ee\/sv\/toode\/isolerat-lock-till-badtunna\/","og_locale":"sv_SE","og_type":"article","og_title":"Isolerat lock till badtunna - Awero - S\u00fcdamega L\u00f5una-Eestist","og_description":"Priset anges inklusive moms. Vill du uppr\u00e4tth\u00e5lla vattentemperaturen i badtunnan och h\u00e5lla vattnet rent? Se v\u00e5rt isolerade termolock som \u00e4r utarbetat f\u00f6r att s\u00e4kerst\u00e4lla trevliga och sk\u00f6na badupplevelser \u00e5ret runt. Termolock finns tillg\u00e4ngliga i flera olika modeller och storlekar beroende p\u00e5 storleken p\u00e5 din badtunna.","og_url":"https:\/\/awero.ee\/sv\/toode\/isolerat-lock-till-badtunna\/","og_site_name":"Awero - S\u00fcdamega L\u00f5una-Eestist","article_modified_time":"2026-04-01T12:32:23+00:00","og_image":[{"width":1329,"height":886,"url":"https:\/\/awero.ee\/wp-content\/uploads\/2024\/12\/Kate_soojustatud.png","type":"image\/png"}],"twitter_card":"summary_large_image","twitter_misc":{"Ber\u00e4knad l\u00e4stid":"1 minut"},"schema":{"@context":"https:\/\/schema.org","@graph":[{"@type":"WebPage","@id":"https:\/\/awero.ee\/sv\/toode\/isolerat-lock-till-badtunna\/","url":"https:\/\/awero.ee\/sv\/toode\/isolerat-lock-till-badtunna\/","name":"Isolerat lock till badtunna - Awero - S\u00fcdamega L\u00f5una-Eestist","isPartOf":{"@id":"https:\/\/awero.ee\/sv\/#website"},"primaryImageOfPage":{"@id":"https:\/\/awero.ee\/sv\/toode\/isolerat-lock-till-badtunna\/#primaryimage"},"image":{"@id":"https:\/\/awero.ee\/sv\/toode\/isolerat-lock-till-badtunna\/#primaryimage"},"thumbnailUrl":"https:\/\/awero.ee\/wp-content\/uploads\/2024\/12\/Kate_soojustatud.png","datePublished":"2024-12-12T12:00:45+00:00","dateModified":"2026-04-01T12:32:23+00:00","breadcrumb":{"@id":"https:\/\/awero.ee\/sv\/toode\/isolerat-lock-till-badtunna\/#breadcrumb"},"inLanguage":"sv-SE","potentialAction":[{"@type":"ReadAction","target":["https:\/\/awero.ee\/sv\/toode\/isolerat-lock-till-badtunna\/"]}]},{"@type":"ImageObject","inLanguage":"sv-SE","@id":"https:\/\/awero.ee\/sv\/toode\/isolerat-lock-till-badtunna\/#primaryimage","url":"https:\/\/awero.ee\/wp-content\/uploads\/2024\/12\/Kate_soojustatud.png","contentUrl":"https:\/\/awero.ee\/wp-content\/uploads\/2024\/12\/Kate_soojustatud.png","width":2500,"height":1667},{"@type":"BreadcrumbList","@id":"https:\/\/awero.ee\/sv\/toode\/isolerat-lock-till-badtunna\/#breadcrumb","itemListElement":[{"@type":"ListItem","position":1,"name":"Home","item":"https:\/\/awero.ee\/sv\/startsida\/"},{"@type":"ListItem","position":2,"name":"Butik","item":"https:\/\/awero.ee\/sv\/butik\/"},{"@type":"ListItem","position":3,"name":"Isolerat lock till badtunna"}]},{"@type":"WebSite","@id":"https:\/\/awero.ee\/sv\/#website","url":"https:\/\/awero.ee\/sv\/","name":"Awero - S\u00fcdamega L\u00f5una Eestist","description":"","publisher":{"@id":"https:\/\/awero.ee\/sv\/#organization"},"potentialAction":[{"@type":"SearchAction","target":{"@type":"EntryPoint","urlTemplate":"https:\/\/awero.ee\/sv\/?s={search_term_string}"},"query-input":{"@type":"PropertyValueSpecification","valueRequired":true,"valueName":"search_term_string"}}],"inLanguage":"sv-SE"},{"@type":"Organization","@id":"https:\/\/awero.ee\/sv\/#organization","name":"Awero - S\u00fcdamega L\u00f5una Eestist","url":"https:\/\/awero.ee\/sv\/","logo":{"@type":"ImageObject","inLanguage":"sv-SE","@id":"https:\/\/awero.ee\/sv\/#\/schema\/logo\/image\/","url":"https:\/\/awero.ee\/wp-content\/uploads\/2024\/07\/aweroplaceholder.jpg","contentUrl":"https:\/\/awero.ee\/wp-content\/uploads\/2024\/07\/aweroplaceholder.jpg","width":1250,"height":834,"caption":"Awero - S\u00fcdamega L\u00f5una Eestist"},"image":{"@id":"https:\/\/awero.ee\/sv\/#\/schema\/logo\/image\/"}}]}},"_links":{"self":[{"href":"https:\/\/awero.ee\/sv\/wp-json\/wp\/v2\/product\/6908","targetHints":{"allow":["GET"]}}],"collection":[{"href":"https:\/\/awero.ee\/sv\/wp-json\/wp\/v2\/product"}],"about":[{"href":"https:\/\/awero.ee\/sv\/wp-json\/wp\/v2\/types\/product"}],"wp:featuredmedia":[{"embeddable":true,"href":"https:\/\/awero.ee\/sv\/wp-json\/wp\/v2\/media\/5115"}],"wp:attachment":[{"href":"https:\/\/awero.ee\/sv\/wp-json\/wp\/v2\/media?parent=6908"}],"wp:term":[{"taxonomy":"product_brand","embeddable":true,"href":"https:\/\/awero.ee\/sv\/wp-json\/wp\/v2\/product_brand?post=6908"},{"taxonomy":"product_cat","embeddable":true,"href":"https:\/\/awero.ee\/sv\/wp-json\/wp\/v2\/product_cat?post=6908"},{"taxonomy":"product_tag","embeddable":true,"href":"https:\/\/awero.ee\/sv\/wp-json\/wp\/v2\/product_tag?post=6908"}],"curies":[{"name":"wp","href":"https:\/\/api.w.org\/{rel}","templated":true}]}}