{"id":14587,"date":"2026-04-15T08:05:59","date_gmt":"2026-04-15T08:05:59","guid":{"rendered":"https:\/\/awero.ee\/?post_type=product&#038;p=14587"},"modified":"2026-04-15T09:22:24","modified_gmt":"2026-04-15T09:22:24","slug":"kumblustunn-ofuro-gaasiahjuga-kasutatud","status":"publish","type":"product","link":"https:\/\/awero.ee\/sv\/toode\/kumblustunn-ofuro-gaasiahjuga-kasutatud\/","title":{"rendered":"K\u00fcmblust\u00fcnn Ofuro gaasiahjuga (kasutatud)"},"content":{"rendered":"<p><strong>Komplekti kuulub:<\/strong><\/p>\n<ul>\n<li>Soojustatud termokate<\/li>\n<li>LED<\/li>\n<li>Gaasiahi<\/li>\n<li>Sees p\u00f5hjas on veidi katlakivi ja muud mustust mis on pinnakatte k\u00fcljes<\/li>\n<li>V\u00e4lise osa viimistlusv\u00e4rvitoon on kanarbik<\/li>\n<\/ul>\n","protected":false},"excerpt":{"rendered":"<p><strong>Ofuro<\/strong> erilisus peitub <strong>selle ergonoomilistes istmetes<\/strong> ja lihtsasti hooldatavas <strong>klaasfiibrist <\/strong>sisus, luksuslikus termopuidust \u00fcmbrises ja kvaliteetsest roostevaba terasest gaasiahjus. Vannivee k\u00fctmine on mugav ja kiire, et saaksid pakutavat harmooniat ja m\u00f5nusaid olemishetki kiiremini nautima hakata.<\/p>\n","protected":false},"featured_media":1548,"template":"","meta":{"_acf_changed":false},"product_brand":[],"product_cat":[311,1919],"product_tag":[],"class_list":{"0":"post-14587","1":"product","2":"type-product","3":"status-publish","4":"has-post-thumbnail","6":"product_cat-laotooted","7":"product_cat-kumblustunnid-ladu","9":"first","10":"instock","11":"shipping-taxable","12":"product-type-simple"},"acf":[],"yoast_head":"<!-- This site is optimized with the Yoast SEO plugin v26.8 - https:\/\/yoast.com\/product\/yoast-seo-wordpress\/ -->\n<title>K\u00fcmblust\u00fcnn Ofuro gaasiahjuga (kasutatud) - Awero - S\u00fcdamega L\u00f5una-Eestist<\/title>\n<meta name=\"robots\" content=\"index, follow, max-snippet:-1, max-image-preview:large, max-video-preview:-1\" \/>\n<link rel=\"canonical\" href=\"https:\/\/awero.ee\/sv\/toode\/kumblustunn-ofuro-gaasiahjuga-kasutatud\/\" \/>\n<meta property=\"og:locale\" content=\"sv_SE\" \/>\n<meta property=\"og:type\" content=\"article\" \/>\n<meta property=\"og:title\" content=\"K\u00fcmblust\u00fcnn Ofuro gaasiahjuga (kasutatud) - Awero - S\u00fcdamega L\u00f5una-Eestist\" \/>\n<meta property=\"og:description\" content=\"Ofuro erilisus peitub selle ergonoomilistes istmetes ja lihtsasti hooldatavas klaasfiibrist sisus, luksuslikus termopuidust \u00fcmbrises ja kvaliteetsest roostevaba terasest gaasiahjus. Vannivee k\u00fctmine on mugav ja kiire, et saaksid pakutavat harmooniat ja m\u00f5nusaid olemishetki kiiremini nautima hakata.\" \/>\n<meta property=\"og:url\" content=\"https:\/\/awero.ee\/sv\/toode\/kumblustunn-ofuro-gaasiahjuga-kasutatud\/\" \/>\n<meta property=\"og:site_name\" content=\"Awero - S\u00fcdamega L\u00f5una-Eestist\" \/>\n<meta property=\"article:modified_time\" content=\"2026-04-15T09:22:24+00:00\" \/>\n<meta property=\"og:image\" content=\"https:\/\/awero.ee\/wp-content\/uploads\/2025\/02\/Ofuro_gaasiahjuga_1_w.png\" \/>\n\t<meta property=\"og:image:width\" content=\"872\" \/>\n\t<meta property=\"og:image:height\" content=\"581\" \/>\n\t<meta property=\"og:image:type\" content=\"image\/png\" \/>\n<meta name=\"twitter:card\" content=\"summary_large_image\" \/>\n<meta name=\"twitter:label1\" content=\"Ber\u00e4knad l\u00e4stid\" \/>\n\t<meta name=\"twitter:data1\" content=\"1 minut\" \/>\n<script type=\"application\/ld+json\" class=\"yoast-schema-graph\">{\"@context\":\"https:\/\/schema.org\",\"@graph\":[{\"@type\":\"WebPage\",\"@id\":\"https:\/\/awero.ee\/sv\/toode\/kumblustunn-ofuro-gaasiahjuga-kasutatud\/\",\"url\":\"https:\/\/awero.ee\/sv\/toode\/kumblustunn-ofuro-gaasiahjuga-kasutatud\/\",\"name\":\"K\u00fcmblust\u00fcnn Ofuro gaasiahjuga (kasutatud) - Awero - S\u00fcdamega L\u00f5una-Eestist\",\"isPartOf\":{\"@id\":\"https:\/\/awero.ee\/sv\/#website\"},\"primaryImageOfPage\":{\"@id\":\"https:\/\/awero.ee\/sv\/toode\/kumblustunn-ofuro-gaasiahjuga-kasutatud\/#primaryimage\"},\"image\":{\"@id\":\"https:\/\/awero.ee\/sv\/toode\/kumblustunn-ofuro-gaasiahjuga-kasutatud\/#primaryimage\"},\"thumbnailUrl\":\"https:\/\/awero.ee\/wp-content\/uploads\/2025\/02\/Ofuro_gaasiahjuga_1_w.png\",\"datePublished\":\"2026-04-15T08:05:59+00:00\",\"dateModified\":\"2026-04-15T09:22:24+00:00\",\"breadcrumb\":{\"@id\":\"https:\/\/awero.ee\/sv\/toode\/kumblustunn-ofuro-gaasiahjuga-kasutatud\/#breadcrumb\"},\"inLanguage\":\"sv-SE\",\"potentialAction\":[{\"@type\":\"ReadAction\",\"target\":[\"https:\/\/awero.ee\/sv\/toode\/kumblustunn-ofuro-gaasiahjuga-kasutatud\/\"]}]},{\"@type\":\"ImageObject\",\"inLanguage\":\"sv-SE\",\"@id\":\"https:\/\/awero.ee\/sv\/toode\/kumblustunn-ofuro-gaasiahjuga-kasutatud\/#primaryimage\",\"url\":\"https:\/\/awero.ee\/wp-content\/uploads\/2025\/02\/Ofuro_gaasiahjuga_1_w.png\",\"contentUrl\":\"https:\/\/awero.ee\/wp-content\/uploads\/2025\/02\/Ofuro_gaasiahjuga_1_w.png\",\"width\":872,\"height\":581},{\"@type\":\"BreadcrumbList\",\"@id\":\"https:\/\/awero.ee\/sv\/toode\/kumblustunn-ofuro-gaasiahjuga-kasutatud\/#breadcrumb\",\"itemListElement\":[{\"@type\":\"ListItem\",\"position\":1,\"name\":\"Home\",\"item\":\"https:\/\/awero.ee\/sv\/startsida\/\"},{\"@type\":\"ListItem\",\"position\":2,\"name\":\"Butik\",\"item\":\"https:\/\/awero.ee\/sv\/butik\/\"},{\"@type\":\"ListItem\",\"position\":3,\"name\":\"K\u00fcmblust\u00fcnn Ofuro gaasiahjuga (kasutatud)\"}]},{\"@type\":\"WebSite\",\"@id\":\"https:\/\/awero.ee\/sv\/#website\",\"url\":\"https:\/\/awero.ee\/sv\/\",\"name\":\"Awero - S\u00fcdamega L\u00f5una Eestist\",\"description\":\"\",\"publisher\":{\"@id\":\"https:\/\/awero.ee\/sv\/#organization\"},\"potentialAction\":[{\"@type\":\"SearchAction\",\"target\":{\"@type\":\"EntryPoint\",\"urlTemplate\":\"https:\/\/awero.ee\/sv\/?s={search_term_string}\"},\"query-input\":{\"@type\":\"PropertyValueSpecification\",\"valueRequired\":true,\"valueName\":\"search_term_string\"}}],\"inLanguage\":\"sv-SE\"},{\"@type\":\"Organization\",\"@id\":\"https:\/\/awero.ee\/sv\/#organization\",\"name\":\"Awero - S\u00fcdamega L\u00f5una Eestist\",\"url\":\"https:\/\/awero.ee\/sv\/\",\"logo\":{\"@type\":\"ImageObject\",\"inLanguage\":\"sv-SE\",\"@id\":\"https:\/\/awero.ee\/sv\/#\/schema\/logo\/image\/\",\"url\":\"https:\/\/awero.ee\/wp-content\/uploads\/2024\/07\/aweroplaceholder.jpg\",\"contentUrl\":\"https:\/\/awero.ee\/wp-content\/uploads\/2024\/07\/aweroplaceholder.jpg\",\"width\":1250,\"height\":834,\"caption\":\"Awero - S\u00fcdamega L\u00f5una Eestist\"},\"image\":{\"@id\":\"https:\/\/awero.ee\/sv\/#\/schema\/logo\/image\/\"}}]}<\/script>\n<!-- \/ Yoast SEO plugin. -->","yoast_head_json":{"title":"K\u00fcmblust\u00fcnn Ofuro gaasiahjuga (kasutatud) - Awero - S\u00fcdamega L\u00f5una-Eestist","robots":{"index":"index","follow":"follow","max-snippet":"max-snippet:-1","max-image-preview":"max-image-preview:large","max-video-preview":"max-video-preview:-1"},"canonical":"https:\/\/awero.ee\/sv\/toode\/kumblustunn-ofuro-gaasiahjuga-kasutatud\/","og_locale":"sv_SE","og_type":"article","og_title":"K\u00fcmblust\u00fcnn Ofuro gaasiahjuga (kasutatud) - Awero - S\u00fcdamega L\u00f5una-Eestist","og_description":"Ofuro erilisus peitub selle ergonoomilistes istmetes ja lihtsasti hooldatavas klaasfiibrist sisus, luksuslikus termopuidust \u00fcmbrises ja kvaliteetsest roostevaba terasest gaasiahjus. Vannivee k\u00fctmine on mugav ja kiire, et saaksid pakutavat harmooniat ja m\u00f5nusaid olemishetki kiiremini nautima hakata.","og_url":"https:\/\/awero.ee\/sv\/toode\/kumblustunn-ofuro-gaasiahjuga-kasutatud\/","og_site_name":"Awero - S\u00fcdamega L\u00f5una-Eestist","article_modified_time":"2026-04-15T09:22:24+00:00","og_image":[{"width":872,"height":581,"url":"https:\/\/awero.ee\/wp-content\/uploads\/2025\/02\/Ofuro_gaasiahjuga_1_w.png","type":"image\/png"}],"twitter_card":"summary_large_image","twitter_misc":{"Ber\u00e4knad l\u00e4stid":"1 minut"},"schema":{"@context":"https:\/\/schema.org","@graph":[{"@type":"WebPage","@id":"https:\/\/awero.ee\/sv\/toode\/kumblustunn-ofuro-gaasiahjuga-kasutatud\/","url":"https:\/\/awero.ee\/sv\/toode\/kumblustunn-ofuro-gaasiahjuga-kasutatud\/","name":"K\u00fcmblust\u00fcnn Ofuro gaasiahjuga (kasutatud) - Awero - S\u00fcdamega L\u00f5una-Eestist","isPartOf":{"@id":"https:\/\/awero.ee\/sv\/#website"},"primaryImageOfPage":{"@id":"https:\/\/awero.ee\/sv\/toode\/kumblustunn-ofuro-gaasiahjuga-kasutatud\/#primaryimage"},"image":{"@id":"https:\/\/awero.ee\/sv\/toode\/kumblustunn-ofuro-gaasiahjuga-kasutatud\/#primaryimage"},"thumbnailUrl":"https:\/\/awero.ee\/wp-content\/uploads\/2025\/02\/Ofuro_gaasiahjuga_1_w.png","datePublished":"2026-04-15T08:05:59+00:00","dateModified":"2026-04-15T09:22:24+00:00","breadcrumb":{"@id":"https:\/\/awero.ee\/sv\/toode\/kumblustunn-ofuro-gaasiahjuga-kasutatud\/#breadcrumb"},"inLanguage":"sv-SE","potentialAction":[{"@type":"ReadAction","target":["https:\/\/awero.ee\/sv\/toode\/kumblustunn-ofuro-gaasiahjuga-kasutatud\/"]}]},{"@type":"ImageObject","inLanguage":"sv-SE","@id":"https:\/\/awero.ee\/sv\/toode\/kumblustunn-ofuro-gaasiahjuga-kasutatud\/#primaryimage","url":"https:\/\/awero.ee\/wp-content\/uploads\/2025\/02\/Ofuro_gaasiahjuga_1_w.png","contentUrl":"https:\/\/awero.ee\/wp-content\/uploads\/2025\/02\/Ofuro_gaasiahjuga_1_w.png","width":872,"height":581},{"@type":"BreadcrumbList","@id":"https:\/\/awero.ee\/sv\/toode\/kumblustunn-ofuro-gaasiahjuga-kasutatud\/#breadcrumb","itemListElement":[{"@type":"ListItem","position":1,"name":"Home","item":"https:\/\/awero.ee\/sv\/startsida\/"},{"@type":"ListItem","position":2,"name":"Butik","item":"https:\/\/awero.ee\/sv\/butik\/"},{"@type":"ListItem","position":3,"name":"K\u00fcmblust\u00fcnn Ofuro gaasiahjuga (kasutatud)"}]},{"@type":"WebSite","@id":"https:\/\/awero.ee\/sv\/#website","url":"https:\/\/awero.ee\/sv\/","name":"Awero - S\u00fcdamega L\u00f5una Eestist","description":"","publisher":{"@id":"https:\/\/awero.ee\/sv\/#organization"},"potentialAction":[{"@type":"SearchAction","target":{"@type":"EntryPoint","urlTemplate":"https:\/\/awero.ee\/sv\/?s={search_term_string}"},"query-input":{"@type":"PropertyValueSpecification","valueRequired":true,"valueName":"search_term_string"}}],"inLanguage":"sv-SE"},{"@type":"Organization","@id":"https:\/\/awero.ee\/sv\/#organization","name":"Awero - S\u00fcdamega L\u00f5una Eestist","url":"https:\/\/awero.ee\/sv\/","logo":{"@type":"ImageObject","inLanguage":"sv-SE","@id":"https:\/\/awero.ee\/sv\/#\/schema\/logo\/image\/","url":"https:\/\/awero.ee\/wp-content\/uploads\/2024\/07\/aweroplaceholder.jpg","contentUrl":"https:\/\/awero.ee\/wp-content\/uploads\/2024\/07\/aweroplaceholder.jpg","width":1250,"height":834,"caption":"Awero - S\u00fcdamega L\u00f5una Eestist"},"image":{"@id":"https:\/\/awero.ee\/sv\/#\/schema\/logo\/image\/"}}]}},"_links":{"self":[{"href":"https:\/\/awero.ee\/sv\/wp-json\/wp\/v2\/product\/14587","targetHints":{"allow":["GET"]}}],"collection":[{"href":"https:\/\/awero.ee\/sv\/wp-json\/wp\/v2\/product"}],"about":[{"href":"https:\/\/awero.ee\/sv\/wp-json\/wp\/v2\/types\/product"}],"wp:featuredmedia":[{"embeddable":true,"href":"https:\/\/awero.ee\/sv\/wp-json\/wp\/v2\/media\/1548"}],"wp:attachment":[{"href":"https:\/\/awero.ee\/sv\/wp-json\/wp\/v2\/media?parent=14587"}],"wp:term":[{"taxonomy":"product_brand","embeddable":true,"href":"https:\/\/awero.ee\/sv\/wp-json\/wp\/v2\/product_brand?post=14587"},{"taxonomy":"product_cat","embeddable":true,"href":"https:\/\/awero.ee\/sv\/wp-json\/wp\/v2\/product_cat?post=14587"},{"taxonomy":"product_tag","embeddable":true,"href":"https:\/\/awero.ee\/sv\/wp-json\/wp\/v2\/product_tag?post=14587"}],"curies":[{"name":"wp","href":"https:\/\/api.w.org\/{rel}","templated":true}]}}