{"id":12821,"date":"2025-10-22T12:16:54","date_gmt":"2025-10-22T12:16:54","guid":{"rendered":"https:\/\/awero.ee\/toode\/vattenkylare-g-05\/"},"modified":"2026-04-01T12:31:37","modified_gmt":"2026-04-01T12:31:37","slug":"vattenkylare-g-05","status":"publish","type":"product","link":"https:\/\/awero.ee\/sv\/toode\/vattenkylare-g-05\/","title":{"rendered":"Vattenkylare G-05"},"content":{"rendered":"<p>Beskrivning: I leveransen ing\u00e5r:<\/p>\n<p>\u2022 Vattenkylare G-05 \/ 220V \u2013 0,5 HP<br \/>\n\u2022 Anslutningsdetaljer<\/p>\n<p>&nbsp;<\/p>\n<p><strong>Bland Awero-modellerna passar enheten perfekt f\u00f6r isbadstunnor <a href=\"https:\/\/awero.ee\/sv\/toode\/icetub-100\/\">IceTub 100<\/a> och <a href=\"https:\/\/awero.ee\/sv\/toode\/icon-icetub\/\">Icon IceTub.<\/a><br \/><\/strong><\/p>\n<p>&nbsp;<\/p>\n<p data-start=\"53\" data-end=\"74\"><strong>Tekniska data <\/strong><\/p>\n<ul data-start=\"76\" data-end=\"505\">\n<li data-start=\"76\" data-end=\"104\">\n<p data-start=\"78\" data-end=\"104\">Ing\u00e5ngseffekt: 695 W<\/p>\n<\/li>\n<li data-start=\"105\" data-end=\"130\">\n<p data-start=\"107\" data-end=\"130\">Arbetsfrekvens: 50 Hz<\/p>\n<\/li>\n<li data-start=\"131\" data-end=\"158\">\n<p data-start=\"133\" data-end=\"158\">Arbetssp\u00e4nning: 220\u2013240 V<\/p>\n<\/li>\n<li data-start=\"159\" data-end=\"186\">\n<p data-start=\"161\" data-end=\"186\">Str\u00f6m: 3,2 A<\/p>\n<\/li>\n<li data-start=\"187\" data-end=\"221\">\n<p data-start=\"189\" data-end=\"221\">Kompresoreffekt: 410 W<\/p>\n<\/li>\n<li data-start=\"222\" data-end=\"252\">\n<p data-start=\"224\" data-end=\"252\">Kylkapacitet: 1200 W<\/p>\n<\/li>\n<li data-start=\"253\" data-end=\"275\">\n<p data-start=\"255\" data-end=\"275\">Kylmedium: R32<\/p>\n<\/li>\n<li data-start=\"276\" data-end=\"313\">\n<p data-start=\"278\" data-end=\"313\">Kyltemperatur: upp till 3 \u00b0C<\/p>\n<\/li>\n<li data-start=\"314\" data-end=\"356\">\n<p data-start=\"316\" data-end=\"356\">Kylningstid: 20 \u00b0C \u2192 3 \u00b0C \u2248 8 timmar<\/p>\n<\/li>\n<li data-start=\"357\" data-end=\"392\">\n<p data-start=\"359\" data-end=\"392\">Arbetsomr\u00e5de: 2 \u00b0C \u2013 45 \u00b0C<\/p>\n<\/li>\n<li data-start=\"393\" data-end=\"426\">\n<p data-start=\"395\" data-end=\"426\">Vattentankvolym: 300\u2013400 L<\/p>\n<\/li>\n<li data-start=\"427\" data-end=\"452\">\n<p data-start=\"429\" data-end=\"452\">Nettovikt: 22,2 kg<\/p>\n<\/li>\n<li data-start=\"453\" data-end=\"505\">\n<p data-start=\"455\" data-end=\"505\">Produktm\u00e5tt (B \u00d7 D \u00d7 H): 375 \u00d7 300 \u00d7 345 mm<\/p>\n<\/li>\n<\/ul>\n","protected":false},"excerpt":{"rendered":"<p><strong data-start=\"123\" data-end=\"141\">Vattenkylaren G-05 <\/strong>\u00e4r en kompakt kylutrustning f\u00f6r isbad som kan kyla upp till 400 liter vatten till 3 \u00b0C. Den breda driftstemperaturen +2\u2026+45 \u00b0C s\u00e4kerst\u00e4ller stabil och effektiv kylning \u00e4ven vid intensiv anv\u00e4ndning. Perfekt f\u00f6r isbad och kylterapil\u00f6sningar.  <\/p>\n","protected":false},"featured_media":8606,"template":"","meta":{"_acf_changed":false},"product_brand":[],"product_cat":[1651,583],"product_tag":[],"class_list":{"0":"post-12821","1":"product","2":"type-product","3":"status-publish","4":"has-post-thumbnail","6":"product_cat-uncategorized-et","7":"product_cat-extrautrustning","9":"first","10":"instock","11":"shipping-taxable","12":"product-type-simple"},"acf":[],"yoast_head":"<!-- This site is optimized with the Yoast SEO plugin v26.8 - https:\/\/yoast.com\/product\/yoast-seo-wordpress\/ -->\n<title>Vattenkylare G-05 - Awero - S\u00fcdamega L\u00f5una-Eestist<\/title>\n<meta name=\"robots\" content=\"index, follow, max-snippet:-1, max-image-preview:large, max-video-preview:-1\" \/>\n<link rel=\"canonical\" href=\"https:\/\/awero.ee\/sv\/toode\/vattenkylare-g-05\/\" \/>\n<meta property=\"og:locale\" content=\"sv_SE\" \/>\n<meta property=\"og:type\" content=\"article\" \/>\n<meta property=\"og:title\" content=\"Vattenkylare G-05 - Awero - S\u00fcdamega L\u00f5una-Eestist\" \/>\n<meta property=\"og:description\" content=\"Vattenkylaren G-05 \u00e4r en kompakt kylutrustning f\u00f6r isbad som kan kyla upp till 400 liter vatten till 3 \u00b0C. Den breda driftstemperaturen +2\u2026+45 \u00b0C s\u00e4kerst\u00e4ller stabil och effektiv kylning \u00e4ven vid intensiv anv\u00e4ndning. Perfekt f\u00f6r isbad och kylterapil\u00f6sningar.\" \/>\n<meta property=\"og:url\" content=\"https:\/\/awero.ee\/sv\/toode\/vattenkylare-g-05\/\" \/>\n<meta property=\"og:site_name\" content=\"Awero - S\u00fcdamega L\u00f5una-Eestist\" \/>\n<meta property=\"article:modified_time\" content=\"2026-04-01T12:31:37+00:00\" \/>\n<meta property=\"og:image\" content=\"https:\/\/awero.ee\/wp-content\/uploads\/2025\/10\/WhatsApp-Image-2025-04-18-at-11.53.42.jpeg\" \/>\n\t<meta property=\"og:image:width\" content=\"1600\" \/>\n\t<meta property=\"og:image:height\" content=\"1600\" \/>\n\t<meta property=\"og:image:type\" content=\"image\/jpeg\" \/>\n<meta name=\"twitter:card\" content=\"summary_large_image\" \/>\n<script type=\"application\/ld+json\" class=\"yoast-schema-graph\">{\"@context\":\"https:\/\/schema.org\",\"@graph\":[{\"@type\":\"WebPage\",\"@id\":\"https:\/\/awero.ee\/sv\/toode\/vattenkylare-g-05\/\",\"url\":\"https:\/\/awero.ee\/sv\/toode\/vattenkylare-g-05\/\",\"name\":\"Vattenkylare G-05 - Awero - S\u00fcdamega L\u00f5una-Eestist\",\"isPartOf\":{\"@id\":\"https:\/\/awero.ee\/sv\/#website\"},\"primaryImageOfPage\":{\"@id\":\"https:\/\/awero.ee\/sv\/toode\/vattenkylare-g-05\/#primaryimage\"},\"image\":{\"@id\":\"https:\/\/awero.ee\/sv\/toode\/vattenkylare-g-05\/#primaryimage\"},\"thumbnailUrl\":\"https:\/\/awero.ee\/wp-content\/uploads\/2025\/10\/WhatsApp-Image-2025-04-18-at-11.53.42.jpeg\",\"datePublished\":\"2025-10-22T12:16:54+00:00\",\"dateModified\":\"2026-04-01T12:31:37+00:00\",\"breadcrumb\":{\"@id\":\"https:\/\/awero.ee\/sv\/toode\/vattenkylare-g-05\/#breadcrumb\"},\"inLanguage\":\"sv-SE\",\"potentialAction\":[{\"@type\":\"ReadAction\",\"target\":[\"https:\/\/awero.ee\/sv\/toode\/vattenkylare-g-05\/\"]}]},{\"@type\":\"ImageObject\",\"inLanguage\":\"sv-SE\",\"@id\":\"https:\/\/awero.ee\/sv\/toode\/vattenkylare-g-05\/#primaryimage\",\"url\":\"https:\/\/awero.ee\/wp-content\/uploads\/2025\/10\/WhatsApp-Image-2025-04-18-at-11.53.42.jpeg\",\"contentUrl\":\"https:\/\/awero.ee\/wp-content\/uploads\/2025\/10\/WhatsApp-Image-2025-04-18-at-11.53.42.jpeg\",\"width\":1600,\"height\":1600},{\"@type\":\"BreadcrumbList\",\"@id\":\"https:\/\/awero.ee\/sv\/toode\/vattenkylare-g-05\/#breadcrumb\",\"itemListElement\":[{\"@type\":\"ListItem\",\"position\":1,\"name\":\"Home\",\"item\":\"https:\/\/awero.ee\/sv\/startsida\/\"},{\"@type\":\"ListItem\",\"position\":2,\"name\":\"Butik\",\"item\":\"https:\/\/awero.ee\/sv\/butik\/\"},{\"@type\":\"ListItem\",\"position\":3,\"name\":\"Vattenkylare G-05\"}]},{\"@type\":\"WebSite\",\"@id\":\"https:\/\/awero.ee\/sv\/#website\",\"url\":\"https:\/\/awero.ee\/sv\/\",\"name\":\"Awero - S\u00fcdamega L\u00f5una Eestist\",\"description\":\"\",\"publisher\":{\"@id\":\"https:\/\/awero.ee\/sv\/#organization\"},\"potentialAction\":[{\"@type\":\"SearchAction\",\"target\":{\"@type\":\"EntryPoint\",\"urlTemplate\":\"https:\/\/awero.ee\/sv\/?s={search_term_string}\"},\"query-input\":{\"@type\":\"PropertyValueSpecification\",\"valueRequired\":true,\"valueName\":\"search_term_string\"}}],\"inLanguage\":\"sv-SE\"},{\"@type\":\"Organization\",\"@id\":\"https:\/\/awero.ee\/sv\/#organization\",\"name\":\"Awero - S\u00fcdamega L\u00f5una Eestist\",\"url\":\"https:\/\/awero.ee\/sv\/\",\"logo\":{\"@type\":\"ImageObject\",\"inLanguage\":\"sv-SE\",\"@id\":\"https:\/\/awero.ee\/sv\/#\/schema\/logo\/image\/\",\"url\":\"https:\/\/awero.ee\/wp-content\/uploads\/2024\/07\/aweroplaceholder.jpg\",\"contentUrl\":\"https:\/\/awero.ee\/wp-content\/uploads\/2024\/07\/aweroplaceholder.jpg\",\"width\":1250,\"height\":834,\"caption\":\"Awero - S\u00fcdamega L\u00f5una Eestist\"},\"image\":{\"@id\":\"https:\/\/awero.ee\/sv\/#\/schema\/logo\/image\/\"}}]}<\/script>\n<!-- \/ Yoast SEO plugin. -->","yoast_head_json":{"title":"Vattenkylare G-05 - Awero - S\u00fcdamega L\u00f5una-Eestist","robots":{"index":"index","follow":"follow","max-snippet":"max-snippet:-1","max-image-preview":"max-image-preview:large","max-video-preview":"max-video-preview:-1"},"canonical":"https:\/\/awero.ee\/sv\/toode\/vattenkylare-g-05\/","og_locale":"sv_SE","og_type":"article","og_title":"Vattenkylare G-05 - Awero - S\u00fcdamega L\u00f5una-Eestist","og_description":"Vattenkylaren G-05 \u00e4r en kompakt kylutrustning f\u00f6r isbad som kan kyla upp till 400 liter vatten till 3 \u00b0C. Den breda driftstemperaturen +2\u2026+45 \u00b0C s\u00e4kerst\u00e4ller stabil och effektiv kylning \u00e4ven vid intensiv anv\u00e4ndning. Perfekt f\u00f6r isbad och kylterapil\u00f6sningar.","og_url":"https:\/\/awero.ee\/sv\/toode\/vattenkylare-g-05\/","og_site_name":"Awero - S\u00fcdamega L\u00f5una-Eestist","article_modified_time":"2026-04-01T12:31:37+00:00","og_image":[{"width":1600,"height":1600,"url":"https:\/\/awero.ee\/wp-content\/uploads\/2025\/10\/WhatsApp-Image-2025-04-18-at-11.53.42.jpeg","type":"image\/jpeg"}],"twitter_card":"summary_large_image","schema":{"@context":"https:\/\/schema.org","@graph":[{"@type":"WebPage","@id":"https:\/\/awero.ee\/sv\/toode\/vattenkylare-g-05\/","url":"https:\/\/awero.ee\/sv\/toode\/vattenkylare-g-05\/","name":"Vattenkylare G-05 - Awero - S\u00fcdamega L\u00f5una-Eestist","isPartOf":{"@id":"https:\/\/awero.ee\/sv\/#website"},"primaryImageOfPage":{"@id":"https:\/\/awero.ee\/sv\/toode\/vattenkylare-g-05\/#primaryimage"},"image":{"@id":"https:\/\/awero.ee\/sv\/toode\/vattenkylare-g-05\/#primaryimage"},"thumbnailUrl":"https:\/\/awero.ee\/wp-content\/uploads\/2025\/10\/WhatsApp-Image-2025-04-18-at-11.53.42.jpeg","datePublished":"2025-10-22T12:16:54+00:00","dateModified":"2026-04-01T12:31:37+00:00","breadcrumb":{"@id":"https:\/\/awero.ee\/sv\/toode\/vattenkylare-g-05\/#breadcrumb"},"inLanguage":"sv-SE","potentialAction":[{"@type":"ReadAction","target":["https:\/\/awero.ee\/sv\/toode\/vattenkylare-g-05\/"]}]},{"@type":"ImageObject","inLanguage":"sv-SE","@id":"https:\/\/awero.ee\/sv\/toode\/vattenkylare-g-05\/#primaryimage","url":"https:\/\/awero.ee\/wp-content\/uploads\/2025\/10\/WhatsApp-Image-2025-04-18-at-11.53.42.jpeg","contentUrl":"https:\/\/awero.ee\/wp-content\/uploads\/2025\/10\/WhatsApp-Image-2025-04-18-at-11.53.42.jpeg","width":1600,"height":1600},{"@type":"BreadcrumbList","@id":"https:\/\/awero.ee\/sv\/toode\/vattenkylare-g-05\/#breadcrumb","itemListElement":[{"@type":"ListItem","position":1,"name":"Home","item":"https:\/\/awero.ee\/sv\/startsida\/"},{"@type":"ListItem","position":2,"name":"Butik","item":"https:\/\/awero.ee\/sv\/butik\/"},{"@type":"ListItem","position":3,"name":"Vattenkylare G-05"}]},{"@type":"WebSite","@id":"https:\/\/awero.ee\/sv\/#website","url":"https:\/\/awero.ee\/sv\/","name":"Awero - S\u00fcdamega L\u00f5una Eestist","description":"","publisher":{"@id":"https:\/\/awero.ee\/sv\/#organization"},"potentialAction":[{"@type":"SearchAction","target":{"@type":"EntryPoint","urlTemplate":"https:\/\/awero.ee\/sv\/?s={search_term_string}"},"query-input":{"@type":"PropertyValueSpecification","valueRequired":true,"valueName":"search_term_string"}}],"inLanguage":"sv-SE"},{"@type":"Organization","@id":"https:\/\/awero.ee\/sv\/#organization","name":"Awero - S\u00fcdamega L\u00f5una Eestist","url":"https:\/\/awero.ee\/sv\/","logo":{"@type":"ImageObject","inLanguage":"sv-SE","@id":"https:\/\/awero.ee\/sv\/#\/schema\/logo\/image\/","url":"https:\/\/awero.ee\/wp-content\/uploads\/2024\/07\/aweroplaceholder.jpg","contentUrl":"https:\/\/awero.ee\/wp-content\/uploads\/2024\/07\/aweroplaceholder.jpg","width":1250,"height":834,"caption":"Awero - S\u00fcdamega L\u00f5una Eestist"},"image":{"@id":"https:\/\/awero.ee\/sv\/#\/schema\/logo\/image\/"}}]}},"_links":{"self":[{"href":"https:\/\/awero.ee\/sv\/wp-json\/wp\/v2\/product\/12821","targetHints":{"allow":["GET"]}}],"collection":[{"href":"https:\/\/awero.ee\/sv\/wp-json\/wp\/v2\/product"}],"about":[{"href":"https:\/\/awero.ee\/sv\/wp-json\/wp\/v2\/types\/product"}],"wp:featuredmedia":[{"embeddable":true,"href":"https:\/\/awero.ee\/sv\/wp-json\/wp\/v2\/media\/8606"}],"wp:attachment":[{"href":"https:\/\/awero.ee\/sv\/wp-json\/wp\/v2\/media?parent=12821"}],"wp:term":[{"taxonomy":"product_brand","embeddable":true,"href":"https:\/\/awero.ee\/sv\/wp-json\/wp\/v2\/product_brand?post=12821"},{"taxonomy":"product_cat","embeddable":true,"href":"https:\/\/awero.ee\/sv\/wp-json\/wp\/v2\/product_cat?post=12821"},{"taxonomy":"product_tag","embeddable":true,"href":"https:\/\/awero.ee\/sv\/wp-json\/wp\/v2\/product_tag?post=12821"}],"curies":[{"name":"wp","href":"https:\/\/api.w.org\/{rel}","templated":true}]}}