{"id":12766,"date":"2025-10-27T11:52:46","date_gmt":"2025-10-27T11:52:46","guid":{"rendered":"https:\/\/awero.ee\/toode\/led-belysning-med-vattentermometer\/"},"modified":"2026-04-01T12:32:22","modified_gmt":"2026-04-01T12:32:22","slug":"led-belysning-med-vattentermometer","status":"publish","type":"product","link":"https:\/\/awero.ee\/sv\/toode\/led-belysning-med-vattentermometer\/","title":{"rendered":"LED-belysning med vattentermometer"},"content":{"rendered":"<p>LED-lampan f\u00f6r badtunnor \u00e4r tillverkad av v\u00e4der- och slitstarka material, vilket s\u00e4kerst\u00e4ller en l\u00e5ng livsl\u00e4ngd.<br \/>Lampan \u00e4r utrustad med flerf\u00e4rgade RGB-LED-lampor som l\u00e5ter dig v\u00e4lja mellan olika ljusl\u00e4gen och f\u00e4rgtoner efter hum\u00f6r.<\/p>\n<p>Antalet LED-lampor beror p\u00e5 badtunnans storlek och \u00f6nskad ljuseffekt:<\/p>\n<p>1 LED-lampa \u2013 skapar en mjuk och mysig st\u00e4mning, s\u00e4rskilt l\u00e4mplig f\u00f6r mindre modeller och istunnor.<br \/>\n2 LED-lampor \u2013 ger j\u00e4mnare belysning och g\u00f6r vattnet och badtunnans insida visuellt rymligare.<br \/>\n3 LED-lampor \u2013 ger fullst\u00e4ndig belysning och stark ljuseffekt, l\u00e4mplig f\u00f6r st\u00f6rre badtunnor eller f\u00f6r dem som vill ha maximal atmosf\u00e4r.<\/p>\n","protected":false},"excerpt":{"rendered":"<p>LED-lampan med vattentermometer kombinerar atmosf\u00e4r och funktionalitet \u2013 skapar st\u00e4mningsbelysning och visar vattentemperaturen.<br \/>LED-tekniken garanterar l\u00e5g energif\u00f6rbrukning och l\u00e4ngre livsl\u00e4ngd j\u00e4mf\u00f6rt med traditionella lampor.<br \/>\nLED-lampan kan installeras i glasfiber- och akrylinneh\u00e5llande badtunnor.<\/p>\n","protected":false},"featured_media":8633,"template":"","meta":{"_acf_changed":false},"product_brand":[],"product_cat":[583],"product_tag":[],"class_list":{"0":"post-12766","1":"product","2":"type-product","3":"status-publish","4":"has-post-thumbnail","6":"product_cat-extrautrustning","7":"product_shipping_class-pakiautomaat","9":"first","10":"instock","11":"shipping-taxable","12":"product-type-variable"},"acf":[],"yoast_head":"<!-- This site is optimized with the Yoast SEO plugin v26.8 - https:\/\/yoast.com\/product\/yoast-seo-wordpress\/ -->\n<title>LED-belysning med vattentermometer - Awero - S\u00fcdamega L\u00f5una-Eestist<\/title>\n<meta name=\"robots\" content=\"index, follow, max-snippet:-1, max-image-preview:large, max-video-preview:-1\" \/>\n<link rel=\"canonical\" href=\"https:\/\/awero.ee\/sv\/toode\/led-belysning-med-vattentermometer\/\" \/>\n<meta property=\"og:locale\" content=\"sv_SE\" \/>\n<meta property=\"og:type\" content=\"article\" \/>\n<meta property=\"og:title\" content=\"LED-belysning med vattentermometer - Awero - S\u00fcdamega L\u00f5una-Eestist\" \/>\n<meta property=\"og:description\" content=\"LED-lampan med vattentermometer kombinerar atmosf\u00e4r och funktionalitet \u2013 skapar st\u00e4mningsbelysning och visar vattentemperaturen.LED-tekniken garanterar l\u00e5g energif\u00f6rbrukning och l\u00e4ngre livsl\u00e4ngd j\u00e4mf\u00f6rt med traditionella lampor. LED-lampan kan installeras i glasfiber- och akrylinneh\u00e5llande badtunnor.\" \/>\n<meta property=\"og:url\" content=\"https:\/\/awero.ee\/sv\/toode\/led-belysning-med-vattentermometer\/\" \/>\n<meta property=\"og:site_name\" content=\"Awero - S\u00fcdamega L\u00f5una-Eestist\" \/>\n<meta property=\"article:modified_time\" content=\"2026-04-01T12:32:22+00:00\" \/>\n<meta property=\"og:image\" content=\"https:\/\/awero.ee\/wp-content\/uploads\/2025\/10\/WhatsApp-Image-2025-10-27-at-09.40.35_7be80c80.jpg\" \/>\n\t<meta property=\"og:image:width\" content=\"1600\" \/>\n\t<meta property=\"og:image:height\" content=\"1066\" \/>\n\t<meta property=\"og:image:type\" content=\"image\/jpeg\" \/>\n<meta name=\"twitter:card\" content=\"summary_large_image\" \/>\n<meta name=\"twitter:label1\" content=\"Ber\u00e4knad l\u00e4stid\" \/>\n\t<meta name=\"twitter:data1\" content=\"1 minut\" \/>\n<script type=\"application\/ld+json\" class=\"yoast-schema-graph\">{\"@context\":\"https:\/\/schema.org\",\"@graph\":[{\"@type\":\"WebPage\",\"@id\":\"https:\/\/awero.ee\/sv\/toode\/led-belysning-med-vattentermometer\/\",\"url\":\"https:\/\/awero.ee\/sv\/toode\/led-belysning-med-vattentermometer\/\",\"name\":\"LED-belysning med vattentermometer - Awero - S\u00fcdamega L\u00f5una-Eestist\",\"isPartOf\":{\"@id\":\"https:\/\/awero.ee\/sv\/#website\"},\"primaryImageOfPage\":{\"@id\":\"https:\/\/awero.ee\/sv\/toode\/led-belysning-med-vattentermometer\/#primaryimage\"},\"image\":{\"@id\":\"https:\/\/awero.ee\/sv\/toode\/led-belysning-med-vattentermometer\/#primaryimage\"},\"thumbnailUrl\":\"https:\/\/awero.ee\/wp-content\/uploads\/2025\/10\/WhatsApp-Image-2025-10-27-at-09.40.35_7be80c80.jpg\",\"datePublished\":\"2025-10-27T11:52:46+00:00\",\"dateModified\":\"2026-04-01T12:32:22+00:00\",\"breadcrumb\":{\"@id\":\"https:\/\/awero.ee\/sv\/toode\/led-belysning-med-vattentermometer\/#breadcrumb\"},\"inLanguage\":\"sv-SE\",\"potentialAction\":[{\"@type\":\"ReadAction\",\"target\":[\"https:\/\/awero.ee\/sv\/toode\/led-belysning-med-vattentermometer\/\"]}]},{\"@type\":\"ImageObject\",\"inLanguage\":\"sv-SE\",\"@id\":\"https:\/\/awero.ee\/sv\/toode\/led-belysning-med-vattentermometer\/#primaryimage\",\"url\":\"https:\/\/awero.ee\/wp-content\/uploads\/2025\/10\/WhatsApp-Image-2025-10-27-at-09.40.35_7be80c80.jpg\",\"contentUrl\":\"https:\/\/awero.ee\/wp-content\/uploads\/2025\/10\/WhatsApp-Image-2025-10-27-at-09.40.35_7be80c80.jpg\",\"width\":1600,\"height\":1066},{\"@type\":\"BreadcrumbList\",\"@id\":\"https:\/\/awero.ee\/sv\/toode\/led-belysning-med-vattentermometer\/#breadcrumb\",\"itemListElement\":[{\"@type\":\"ListItem\",\"position\":1,\"name\":\"Home\",\"item\":\"https:\/\/awero.ee\/sv\/startsida\/\"},{\"@type\":\"ListItem\",\"position\":2,\"name\":\"Butik\",\"item\":\"https:\/\/awero.ee\/sv\/butik\/\"},{\"@type\":\"ListItem\",\"position\":3,\"name\":\"LED-belysning med vattentermometer\"}]},{\"@type\":\"WebSite\",\"@id\":\"https:\/\/awero.ee\/sv\/#website\",\"url\":\"https:\/\/awero.ee\/sv\/\",\"name\":\"Awero - S\u00fcdamega L\u00f5una Eestist\",\"description\":\"\",\"publisher\":{\"@id\":\"https:\/\/awero.ee\/sv\/#organization\"},\"potentialAction\":[{\"@type\":\"SearchAction\",\"target\":{\"@type\":\"EntryPoint\",\"urlTemplate\":\"https:\/\/awero.ee\/sv\/?s={search_term_string}\"},\"query-input\":{\"@type\":\"PropertyValueSpecification\",\"valueRequired\":true,\"valueName\":\"search_term_string\"}}],\"inLanguage\":\"sv-SE\"},{\"@type\":\"Organization\",\"@id\":\"https:\/\/awero.ee\/sv\/#organization\",\"name\":\"Awero - S\u00fcdamega L\u00f5una Eestist\",\"url\":\"https:\/\/awero.ee\/sv\/\",\"logo\":{\"@type\":\"ImageObject\",\"inLanguage\":\"sv-SE\",\"@id\":\"https:\/\/awero.ee\/sv\/#\/schema\/logo\/image\/\",\"url\":\"https:\/\/awero.ee\/wp-content\/uploads\/2024\/07\/aweroplaceholder.jpg\",\"contentUrl\":\"https:\/\/awero.ee\/wp-content\/uploads\/2024\/07\/aweroplaceholder.jpg\",\"width\":1250,\"height\":834,\"caption\":\"Awero - S\u00fcdamega L\u00f5una Eestist\"},\"image\":{\"@id\":\"https:\/\/awero.ee\/sv\/#\/schema\/logo\/image\/\"}}]}<\/script>\n<!-- \/ Yoast SEO plugin. -->","yoast_head_json":{"title":"LED-belysning med vattentermometer - Awero - S\u00fcdamega L\u00f5una-Eestist","robots":{"index":"index","follow":"follow","max-snippet":"max-snippet:-1","max-image-preview":"max-image-preview:large","max-video-preview":"max-video-preview:-1"},"canonical":"https:\/\/awero.ee\/sv\/toode\/led-belysning-med-vattentermometer\/","og_locale":"sv_SE","og_type":"article","og_title":"LED-belysning med vattentermometer - Awero - S\u00fcdamega L\u00f5una-Eestist","og_description":"LED-lampan med vattentermometer kombinerar atmosf\u00e4r och funktionalitet \u2013 skapar st\u00e4mningsbelysning och visar vattentemperaturen.LED-tekniken garanterar l\u00e5g energif\u00f6rbrukning och l\u00e4ngre livsl\u00e4ngd j\u00e4mf\u00f6rt med traditionella lampor. LED-lampan kan installeras i glasfiber- och akrylinneh\u00e5llande badtunnor.","og_url":"https:\/\/awero.ee\/sv\/toode\/led-belysning-med-vattentermometer\/","og_site_name":"Awero - S\u00fcdamega L\u00f5una-Eestist","article_modified_time":"2026-04-01T12:32:22+00:00","og_image":[{"width":1600,"height":1066,"url":"https:\/\/awero.ee\/wp-content\/uploads\/2025\/10\/WhatsApp-Image-2025-10-27-at-09.40.35_7be80c80.jpg","type":"image\/jpeg"}],"twitter_card":"summary_large_image","twitter_misc":{"Ber\u00e4knad l\u00e4stid":"1 minut"},"schema":{"@context":"https:\/\/schema.org","@graph":[{"@type":"WebPage","@id":"https:\/\/awero.ee\/sv\/toode\/led-belysning-med-vattentermometer\/","url":"https:\/\/awero.ee\/sv\/toode\/led-belysning-med-vattentermometer\/","name":"LED-belysning med vattentermometer - Awero - S\u00fcdamega L\u00f5una-Eestist","isPartOf":{"@id":"https:\/\/awero.ee\/sv\/#website"},"primaryImageOfPage":{"@id":"https:\/\/awero.ee\/sv\/toode\/led-belysning-med-vattentermometer\/#primaryimage"},"image":{"@id":"https:\/\/awero.ee\/sv\/toode\/led-belysning-med-vattentermometer\/#primaryimage"},"thumbnailUrl":"https:\/\/awero.ee\/wp-content\/uploads\/2025\/10\/WhatsApp-Image-2025-10-27-at-09.40.35_7be80c80.jpg","datePublished":"2025-10-27T11:52:46+00:00","dateModified":"2026-04-01T12:32:22+00:00","breadcrumb":{"@id":"https:\/\/awero.ee\/sv\/toode\/led-belysning-med-vattentermometer\/#breadcrumb"},"inLanguage":"sv-SE","potentialAction":[{"@type":"ReadAction","target":["https:\/\/awero.ee\/sv\/toode\/led-belysning-med-vattentermometer\/"]}]},{"@type":"ImageObject","inLanguage":"sv-SE","@id":"https:\/\/awero.ee\/sv\/toode\/led-belysning-med-vattentermometer\/#primaryimage","url":"https:\/\/awero.ee\/wp-content\/uploads\/2025\/10\/WhatsApp-Image-2025-10-27-at-09.40.35_7be80c80.jpg","contentUrl":"https:\/\/awero.ee\/wp-content\/uploads\/2025\/10\/WhatsApp-Image-2025-10-27-at-09.40.35_7be80c80.jpg","width":1600,"height":1066},{"@type":"BreadcrumbList","@id":"https:\/\/awero.ee\/sv\/toode\/led-belysning-med-vattentermometer\/#breadcrumb","itemListElement":[{"@type":"ListItem","position":1,"name":"Home","item":"https:\/\/awero.ee\/sv\/startsida\/"},{"@type":"ListItem","position":2,"name":"Butik","item":"https:\/\/awero.ee\/sv\/butik\/"},{"@type":"ListItem","position":3,"name":"LED-belysning med vattentermometer"}]},{"@type":"WebSite","@id":"https:\/\/awero.ee\/sv\/#website","url":"https:\/\/awero.ee\/sv\/","name":"Awero - S\u00fcdamega L\u00f5una Eestist","description":"","publisher":{"@id":"https:\/\/awero.ee\/sv\/#organization"},"potentialAction":[{"@type":"SearchAction","target":{"@type":"EntryPoint","urlTemplate":"https:\/\/awero.ee\/sv\/?s={search_term_string}"},"query-input":{"@type":"PropertyValueSpecification","valueRequired":true,"valueName":"search_term_string"}}],"inLanguage":"sv-SE"},{"@type":"Organization","@id":"https:\/\/awero.ee\/sv\/#organization","name":"Awero - S\u00fcdamega L\u00f5una Eestist","url":"https:\/\/awero.ee\/sv\/","logo":{"@type":"ImageObject","inLanguage":"sv-SE","@id":"https:\/\/awero.ee\/sv\/#\/schema\/logo\/image\/","url":"https:\/\/awero.ee\/wp-content\/uploads\/2024\/07\/aweroplaceholder.jpg","contentUrl":"https:\/\/awero.ee\/wp-content\/uploads\/2024\/07\/aweroplaceholder.jpg","width":1250,"height":834,"caption":"Awero - S\u00fcdamega L\u00f5una Eestist"},"image":{"@id":"https:\/\/awero.ee\/sv\/#\/schema\/logo\/image\/"}}]}},"_links":{"self":[{"href":"https:\/\/awero.ee\/sv\/wp-json\/wp\/v2\/product\/12766","targetHints":{"allow":["GET"]}}],"collection":[{"href":"https:\/\/awero.ee\/sv\/wp-json\/wp\/v2\/product"}],"about":[{"href":"https:\/\/awero.ee\/sv\/wp-json\/wp\/v2\/types\/product"}],"wp:featuredmedia":[{"embeddable":true,"href":"https:\/\/awero.ee\/sv\/wp-json\/wp\/v2\/media\/8633"}],"wp:attachment":[{"href":"https:\/\/awero.ee\/sv\/wp-json\/wp\/v2\/media?parent=12766"}],"wp:term":[{"taxonomy":"product_brand","embeddable":true,"href":"https:\/\/awero.ee\/sv\/wp-json\/wp\/v2\/product_brand?post=12766"},{"taxonomy":"product_cat","embeddable":true,"href":"https:\/\/awero.ee\/sv\/wp-json\/wp\/v2\/product_cat?post=12766"},{"taxonomy":"product_tag","embeddable":true,"href":"https:\/\/awero.ee\/sv\/wp-json\/wp\/v2\/product_tag?post=12766"}],"curies":[{"name":"wp","href":"https:\/\/api.w.org\/{rel}","templated":true}]}}