{"id":11144,"date":"2026-02-13T08:06:24","date_gmt":"2026-02-13T08:06:24","guid":{"rendered":"https:\/\/awero.ee\/toode\/elektrikuttekomplekt-3-kw-wi-fi-juhtimisega\/"},"modified":"2026-04-01T12:31:35","modified_gmt":"2026-04-01T12:31:35","slug":"elektrikuttekomplekt-3-kw-wi-fi-juhtimisega","status":"publish","type":"product","link":"https:\/\/awero.ee\/sv\/toode\/elektrikuttekomplekt-3-kw-wi-fi-juhtimisega\/","title":{"rendered":"Balboa elektrik\u00fcttekomplekt 3 kW"},"content":{"rendered":"<h4 data-start=\"128\" data-end=\"186\"><\/h4>\n<h4 data-start=\"128\" data-end=\"186\"><strong data-start=\"128\" data-end=\"184\">Elektrik\u00fcttekeha (Balboa BP200):<\/strong><\/h4>\n<ul data-start=\"187\" data-end=\"511\">\n<li data-start=\"187\" data-end=\"223\">\n<p data-start=\"189\" data-end=\"223\"><strong data-start=\"189\" data-end=\"204\">Toitepinge:<\/strong> 230\u202fV AC \/ 50\u202fHz<\/p>\n<\/li>\n<li data-start=\"224\" data-end=\"252\">\n<p data-start=\"226\" data-end=\"252\"><strong data-start=\"226\" data-end=\"243\">K\u00fcttev\u00f5imsus:<\/strong> 3,0\u202fkW<\/p>\n<\/li>\n<li data-start=\"253\" data-end=\"283\">\n<p data-start=\"255\" data-end=\"283\"><strong data-start=\"255\" data-end=\"267\">T\u00f6\u00f6vool:<\/strong> umbes 11\u201313\u202fA<\/p>\n<\/li>\n<li data-start=\"284\" data-end=\"357\">\n<p data-start=\"286\" data-end=\"357\"><strong data-start=\"286\" data-end=\"313\">K\u00fctteelemendi materjal:<\/strong> Incoloy (roostevaba ja koroosioonikindel)<\/p>\n<\/li>\n<li data-start=\"358\" data-end=\"452\">\n<p data-start=\"360\" data-end=\"452\"><strong data-start=\"360\" data-end=\"384\">Temperatuuriandurid:<\/strong> M7 patenteeritud sensorid (ohutu ja t\u00e4pne temperatuuri juhtimine)<\/p>\n<\/li>\n<li data-start=\"453\" data-end=\"511\">\n<p data-start=\"455\" data-end=\"511\"><strong data-start=\"455\" data-end=\"467\">\u00dchendus:<\/strong> 2-tolline torustik<\/p>\n<\/li>\n<\/ul>\n<h4 data-start=\"125\" data-end=\"195\"><strong data-start=\"125\" data-end=\"193\">Tsirkulatsioonipump (Balboa Koller 0,27\u202fHP):<\/strong><\/h4>\n<ul data-start=\"196\" data-end=\"305\">\n<li data-start=\"196\" data-end=\"228\">\n<p data-start=\"198\" data-end=\"228\"><strong data-start=\"198\" data-end=\"210\">V\u00f5imsus:<\/strong> 200\u202fW (0,27\u202fHP)<\/p>\n<\/li>\n<li data-start=\"229\" data-end=\"264\">\n<p data-start=\"231\" data-end=\"264\"><strong data-start=\"231\" data-end=\"251\">P\u00f6\u00f6rlemiskiirus:<\/strong> 2800\u202fp\/min<\/p>\n<\/li>\n<li data-start=\"265\" data-end=\"305\">\n<p data-start=\"267\" data-end=\"305\"><strong data-start=\"267\" data-end=\"293\">Maksimaalne veevool:<\/strong> 114\u202fL\/min<\/p>\n<\/li>\n<\/ul>\n","protected":false},"excerpt":{"rendered":"<p data-start=\"240\" data-end=\"428\">Muuda oma k\u00fcmblust\u00fcnni kasutamine veelgi mugavamaks ja kaasaegsemaks! Elektrik\u00fctte komplekt v\u00f5imaldab vee soojendamist ja temperatuuri hoidmist automaatselt ning mugavalt \u2013 ka distantsilt.<\/p>\n<p data-start=\"430\" data-end=\"571\">Komplekt sobib ideaalselt lisavarustusena v\u00f5i p\u00f5hik\u00fctteallikana k\u00fcmblust\u00fcnnidele, pakkudes stabiilset ja energiat\u00f5husat lahendust vee temperatuuri reguleerimiseks.<\/p>\n<h4 data-start=\"573\" data-end=\"595\">Komplekt sisaldab:<\/h4>\n<ul data-start=\"596\" data-end=\"883\">\n<li data-start=\"596\" data-end=\"682\">\n<p data-start=\"598\" data-end=\"682\"><strong data-start=\"598\" data-end=\"622\">Tsirkulatsioonipumpa<\/strong> \u2013 tagab vee pideva liikumise l\u00e4bi elektrik\u00fcttekeha, kuna k\u00fcttekehal endal puudub sisseehitatud tsirkulatsioon. See v\u00f5imaldab \u00fchtlast soojusjaotust ja efektiivset vee kuumutamist.<\/p>\n<\/li>\n<li data-start=\"683\" data-end=\"750\">\n<p data-start=\"685\" data-end=\"750\"><strong data-start=\"685\" data-end=\"710\">3 kW elektrik\u00fcttekeha<\/strong> \u2013 tagab vee \u00fchtlase ja kontrollitud soojenemise ning hoiab stabiilselt soovitud temperatuuri.<\/p>\n<\/li>\n<li data-start=\"751\" data-end=\"813\">\n<p data-start=\"753\" data-end=\"813\"><strong data-start=\"753\" data-end=\"770\">WiFi-moodulit<\/strong> \u2013 v\u00f5imaldab juhtimist nutiseadme kaudu.<\/p>\n<\/li>\n<li data-start=\"814\" data-end=\"883\">\n<p data-start=\"816\" data-end=\"883\"><strong data-start=\"816\" data-end=\"831\">Juhtpaneeli<\/strong> \u2013 juhtimislahendus, mille kaudu saab seadistada temperatuuri ning juhtida mullis\u00fcsteemi ja LED-valgustust.<\/p>\n<\/li>\n<\/ul>\n<p>&nbsp;<\/p>\n","protected":false},"featured_media":11125,"template":"","meta":{"_acf_changed":false},"product_brand":[],"product_cat":[583],"product_tag":[832],"class_list":{"0":"post-11144","1":"product","2":"type-product","3":"status-publish","4":"has-post-thumbnail","6":"product_cat-extrautrustning","7":"product_tag-etkumblustunni_lisad-sv","9":"first","10":"instock","11":"shipping-taxable","12":"product-type-simple"},"acf":[],"yoast_head":"<!-- This site is optimized with the Yoast SEO plugin v26.8 - https:\/\/yoast.com\/product\/yoast-seo-wordpress\/ -->\n<title>Balboa elektrik\u00fcttekomplekt 3 kW - Awero - S\u00fcdamega L\u00f5una-Eestist<\/title>\n<meta name=\"robots\" content=\"index, follow, max-snippet:-1, max-image-preview:large, max-video-preview:-1\" \/>\n<link rel=\"canonical\" href=\"https:\/\/awero.ee\/sv\/toode\/elektrikuttekomplekt-3-kw-wi-fi-juhtimisega\/\" \/>\n<meta property=\"og:locale\" content=\"sv_SE\" \/>\n<meta property=\"og:type\" content=\"article\" \/>\n<meta property=\"og:title\" content=\"Balboa elektrik\u00fcttekomplekt 3 kW - Awero - S\u00fcdamega L\u00f5una-Eestist\" \/>\n<meta property=\"og:description\" content=\"Muuda oma k\u00fcmblust\u00fcnni kasutamine veelgi mugavamaks ja kaasaegsemaks! Elektrik\u00fctte komplekt v\u00f5imaldab vee soojendamist ja temperatuuri hoidmist automaatselt ning mugavalt \u2013 ka distantsilt. Komplekt sobib ideaalselt lisavarustusena v\u00f5i p\u00f5hik\u00fctteallikana k\u00fcmblust\u00fcnnidele, pakkudes stabiilset ja energiat\u00f5husat lahendust vee temperatuuri reguleerimiseks.  Komplekt sisaldab:    Tsirkulatsioonipumpa \u2013 tagab vee pideva liikumise l\u00e4bi elektrik\u00fcttekeha, kuna k\u00fcttekehal endal puudub sisseehitatud tsirkulatsioon. See v\u00f5imaldab \u00fchtlast soojusjaotust ja efektiivset vee kuumutamist.    3 kW elektrik\u00fcttekeha \u2013 tagab vee \u00fchtlase ja kontrollitud soojenemise ning hoiab stabiilselt soovitud temperatuuri.    WiFi-moodulit \u2013 v\u00f5imaldab juhtimist nutiseadme kaudu.    Juhtpaneeli \u2013 juhtimislahendus, mille kaudu saab seadistada temperatuuri ning juhtida mullis\u00fcsteemi ja LED-valgustust.   &nbsp;\" \/>\n<meta property=\"og:url\" content=\"https:\/\/awero.ee\/sv\/toode\/elektrikuttekomplekt-3-kw-wi-fi-juhtimisega\/\" \/>\n<meta property=\"og:site_name\" content=\"Awero - S\u00fcdamega L\u00f5una-Eestist\" \/>\n<meta property=\"article:modified_time\" content=\"2026-04-01T12:31:35+00:00\" \/>\n<meta property=\"og:image\" content=\"https:\/\/awero.ee\/wp-content\/uploads\/2026\/02\/Elektrikute-Balboa-canva.png\" \/>\n\t<meta property=\"og:image:width\" content=\"971\" \/>\n\t<meta property=\"og:image:height\" content=\"582\" \/>\n\t<meta property=\"og:image:type\" content=\"image\/png\" \/>\n<meta name=\"twitter:card\" content=\"summary_large_image\" \/>\n<script type=\"application\/ld+json\" class=\"yoast-schema-graph\">{\"@context\":\"https:\/\/schema.org\",\"@graph\":[{\"@type\":\"WebPage\",\"@id\":\"https:\/\/awero.ee\/sv\/toode\/elektrikuttekomplekt-3-kw-wi-fi-juhtimisega\/\",\"url\":\"https:\/\/awero.ee\/sv\/toode\/elektrikuttekomplekt-3-kw-wi-fi-juhtimisega\/\",\"name\":\"Balboa elektrik\u00fcttekomplekt 3 kW - Awero - S\u00fcdamega L\u00f5una-Eestist\",\"isPartOf\":{\"@id\":\"https:\/\/awero.ee\/sv\/#website\"},\"primaryImageOfPage\":{\"@id\":\"https:\/\/awero.ee\/sv\/toode\/elektrikuttekomplekt-3-kw-wi-fi-juhtimisega\/#primaryimage\"},\"image\":{\"@id\":\"https:\/\/awero.ee\/sv\/toode\/elektrikuttekomplekt-3-kw-wi-fi-juhtimisega\/#primaryimage\"},\"thumbnailUrl\":\"https:\/\/awero.ee\/wp-content\/uploads\/2026\/02\/Elektrikute-Balboa-canva.png\",\"datePublished\":\"2026-02-13T08:06:24+00:00\",\"dateModified\":\"2026-04-01T12:31:35+00:00\",\"breadcrumb\":{\"@id\":\"https:\/\/awero.ee\/sv\/toode\/elektrikuttekomplekt-3-kw-wi-fi-juhtimisega\/#breadcrumb\"},\"inLanguage\":\"sv-SE\",\"potentialAction\":[{\"@type\":\"ReadAction\",\"target\":[\"https:\/\/awero.ee\/sv\/toode\/elektrikuttekomplekt-3-kw-wi-fi-juhtimisega\/\"]}]},{\"@type\":\"ImageObject\",\"inLanguage\":\"sv-SE\",\"@id\":\"https:\/\/awero.ee\/sv\/toode\/elektrikuttekomplekt-3-kw-wi-fi-juhtimisega\/#primaryimage\",\"url\":\"https:\/\/awero.ee\/wp-content\/uploads\/2026\/02\/Elektrikute-Balboa-canva.png\",\"contentUrl\":\"https:\/\/awero.ee\/wp-content\/uploads\/2026\/02\/Elektrikute-Balboa-canva.png\",\"width\":971,\"height\":582},{\"@type\":\"BreadcrumbList\",\"@id\":\"https:\/\/awero.ee\/sv\/toode\/elektrikuttekomplekt-3-kw-wi-fi-juhtimisega\/#breadcrumb\",\"itemListElement\":[{\"@type\":\"ListItem\",\"position\":1,\"name\":\"Home\",\"item\":\"https:\/\/awero.ee\/sv\/startsida\/\"},{\"@type\":\"ListItem\",\"position\":2,\"name\":\"Butik\",\"item\":\"https:\/\/awero.ee\/sv\/butik\/\"},{\"@type\":\"ListItem\",\"position\":3,\"name\":\"Balboa elektrik\u00fcttekomplekt 3 kW\"}]},{\"@type\":\"WebSite\",\"@id\":\"https:\/\/awero.ee\/sv\/#website\",\"url\":\"https:\/\/awero.ee\/sv\/\",\"name\":\"Awero - S\u00fcdamega L\u00f5una Eestist\",\"description\":\"\",\"publisher\":{\"@id\":\"https:\/\/awero.ee\/sv\/#organization\"},\"potentialAction\":[{\"@type\":\"SearchAction\",\"target\":{\"@type\":\"EntryPoint\",\"urlTemplate\":\"https:\/\/awero.ee\/sv\/?s={search_term_string}\"},\"query-input\":{\"@type\":\"PropertyValueSpecification\",\"valueRequired\":true,\"valueName\":\"search_term_string\"}}],\"inLanguage\":\"sv-SE\"},{\"@type\":\"Organization\",\"@id\":\"https:\/\/awero.ee\/sv\/#organization\",\"name\":\"Awero - S\u00fcdamega L\u00f5una Eestist\",\"url\":\"https:\/\/awero.ee\/sv\/\",\"logo\":{\"@type\":\"ImageObject\",\"inLanguage\":\"sv-SE\",\"@id\":\"https:\/\/awero.ee\/sv\/#\/schema\/logo\/image\/\",\"url\":\"https:\/\/awero.ee\/wp-content\/uploads\/2024\/07\/aweroplaceholder.jpg\",\"contentUrl\":\"https:\/\/awero.ee\/wp-content\/uploads\/2024\/07\/aweroplaceholder.jpg\",\"width\":1250,\"height\":834,\"caption\":\"Awero - S\u00fcdamega L\u00f5una Eestist\"},\"image\":{\"@id\":\"https:\/\/awero.ee\/sv\/#\/schema\/logo\/image\/\"}}]}<\/script>\n<!-- \/ Yoast SEO plugin. -->","yoast_head_json":{"title":"Balboa elektrik\u00fcttekomplekt 3 kW - Awero - S\u00fcdamega L\u00f5una-Eestist","robots":{"index":"index","follow":"follow","max-snippet":"max-snippet:-1","max-image-preview":"max-image-preview:large","max-video-preview":"max-video-preview:-1"},"canonical":"https:\/\/awero.ee\/sv\/toode\/elektrikuttekomplekt-3-kw-wi-fi-juhtimisega\/","og_locale":"sv_SE","og_type":"article","og_title":"Balboa elektrik\u00fcttekomplekt 3 kW - Awero - S\u00fcdamega L\u00f5una-Eestist","og_description":"Muuda oma k\u00fcmblust\u00fcnni kasutamine veelgi mugavamaks ja kaasaegsemaks! Elektrik\u00fctte komplekt v\u00f5imaldab vee soojendamist ja temperatuuri hoidmist automaatselt ning mugavalt \u2013 ka distantsilt. Komplekt sobib ideaalselt lisavarustusena v\u00f5i p\u00f5hik\u00fctteallikana k\u00fcmblust\u00fcnnidele, pakkudes stabiilset ja energiat\u00f5husat lahendust vee temperatuuri reguleerimiseks.  Komplekt sisaldab:    Tsirkulatsioonipumpa \u2013 tagab vee pideva liikumise l\u00e4bi elektrik\u00fcttekeha, kuna k\u00fcttekehal endal puudub sisseehitatud tsirkulatsioon. See v\u00f5imaldab \u00fchtlast soojusjaotust ja efektiivset vee kuumutamist.    3 kW elektrik\u00fcttekeha \u2013 tagab vee \u00fchtlase ja kontrollitud soojenemise ning hoiab stabiilselt soovitud temperatuuri.    WiFi-moodulit \u2013 v\u00f5imaldab juhtimist nutiseadme kaudu.    Juhtpaneeli \u2013 juhtimislahendus, mille kaudu saab seadistada temperatuuri ning juhtida mullis\u00fcsteemi ja LED-valgustust.   &nbsp;","og_url":"https:\/\/awero.ee\/sv\/toode\/elektrikuttekomplekt-3-kw-wi-fi-juhtimisega\/","og_site_name":"Awero - S\u00fcdamega L\u00f5una-Eestist","article_modified_time":"2026-04-01T12:31:35+00:00","og_image":[{"width":971,"height":582,"url":"https:\/\/awero.ee\/wp-content\/uploads\/2026\/02\/Elektrikute-Balboa-canva.png","type":"image\/png"}],"twitter_card":"summary_large_image","schema":{"@context":"https:\/\/schema.org","@graph":[{"@type":"WebPage","@id":"https:\/\/awero.ee\/sv\/toode\/elektrikuttekomplekt-3-kw-wi-fi-juhtimisega\/","url":"https:\/\/awero.ee\/sv\/toode\/elektrikuttekomplekt-3-kw-wi-fi-juhtimisega\/","name":"Balboa elektrik\u00fcttekomplekt 3 kW - Awero - S\u00fcdamega L\u00f5una-Eestist","isPartOf":{"@id":"https:\/\/awero.ee\/sv\/#website"},"primaryImageOfPage":{"@id":"https:\/\/awero.ee\/sv\/toode\/elektrikuttekomplekt-3-kw-wi-fi-juhtimisega\/#primaryimage"},"image":{"@id":"https:\/\/awero.ee\/sv\/toode\/elektrikuttekomplekt-3-kw-wi-fi-juhtimisega\/#primaryimage"},"thumbnailUrl":"https:\/\/awero.ee\/wp-content\/uploads\/2026\/02\/Elektrikute-Balboa-canva.png","datePublished":"2026-02-13T08:06:24+00:00","dateModified":"2026-04-01T12:31:35+00:00","breadcrumb":{"@id":"https:\/\/awero.ee\/sv\/toode\/elektrikuttekomplekt-3-kw-wi-fi-juhtimisega\/#breadcrumb"},"inLanguage":"sv-SE","potentialAction":[{"@type":"ReadAction","target":["https:\/\/awero.ee\/sv\/toode\/elektrikuttekomplekt-3-kw-wi-fi-juhtimisega\/"]}]},{"@type":"ImageObject","inLanguage":"sv-SE","@id":"https:\/\/awero.ee\/sv\/toode\/elektrikuttekomplekt-3-kw-wi-fi-juhtimisega\/#primaryimage","url":"https:\/\/awero.ee\/wp-content\/uploads\/2026\/02\/Elektrikute-Balboa-canva.png","contentUrl":"https:\/\/awero.ee\/wp-content\/uploads\/2026\/02\/Elektrikute-Balboa-canva.png","width":971,"height":582},{"@type":"BreadcrumbList","@id":"https:\/\/awero.ee\/sv\/toode\/elektrikuttekomplekt-3-kw-wi-fi-juhtimisega\/#breadcrumb","itemListElement":[{"@type":"ListItem","position":1,"name":"Home","item":"https:\/\/awero.ee\/sv\/startsida\/"},{"@type":"ListItem","position":2,"name":"Butik","item":"https:\/\/awero.ee\/sv\/butik\/"},{"@type":"ListItem","position":3,"name":"Balboa elektrik\u00fcttekomplekt 3 kW"}]},{"@type":"WebSite","@id":"https:\/\/awero.ee\/sv\/#website","url":"https:\/\/awero.ee\/sv\/","name":"Awero - S\u00fcdamega L\u00f5una Eestist","description":"","publisher":{"@id":"https:\/\/awero.ee\/sv\/#organization"},"potentialAction":[{"@type":"SearchAction","target":{"@type":"EntryPoint","urlTemplate":"https:\/\/awero.ee\/sv\/?s={search_term_string}"},"query-input":{"@type":"PropertyValueSpecification","valueRequired":true,"valueName":"search_term_string"}}],"inLanguage":"sv-SE"},{"@type":"Organization","@id":"https:\/\/awero.ee\/sv\/#organization","name":"Awero - S\u00fcdamega L\u00f5una Eestist","url":"https:\/\/awero.ee\/sv\/","logo":{"@type":"ImageObject","inLanguage":"sv-SE","@id":"https:\/\/awero.ee\/sv\/#\/schema\/logo\/image\/","url":"https:\/\/awero.ee\/wp-content\/uploads\/2024\/07\/aweroplaceholder.jpg","contentUrl":"https:\/\/awero.ee\/wp-content\/uploads\/2024\/07\/aweroplaceholder.jpg","width":1250,"height":834,"caption":"Awero - S\u00fcdamega L\u00f5una Eestist"},"image":{"@id":"https:\/\/awero.ee\/sv\/#\/schema\/logo\/image\/"}}]}},"_links":{"self":[{"href":"https:\/\/awero.ee\/sv\/wp-json\/wp\/v2\/product\/11144","targetHints":{"allow":["GET"]}}],"collection":[{"href":"https:\/\/awero.ee\/sv\/wp-json\/wp\/v2\/product"}],"about":[{"href":"https:\/\/awero.ee\/sv\/wp-json\/wp\/v2\/types\/product"}],"wp:featuredmedia":[{"embeddable":true,"href":"https:\/\/awero.ee\/sv\/wp-json\/wp\/v2\/media\/11125"}],"wp:attachment":[{"href":"https:\/\/awero.ee\/sv\/wp-json\/wp\/v2\/media?parent=11144"}],"wp:term":[{"taxonomy":"product_brand","embeddable":true,"href":"https:\/\/awero.ee\/sv\/wp-json\/wp\/v2\/product_brand?post=11144"},{"taxonomy":"product_cat","embeddable":true,"href":"https:\/\/awero.ee\/sv\/wp-json\/wp\/v2\/product_cat?post=11144"},{"taxonomy":"product_tag","embeddable":true,"href":"https:\/\/awero.ee\/sv\/wp-json\/wp\/v2\/product_tag?post=11144"}],"curies":[{"name":"wp","href":"https:\/\/api.w.org\/{rel}","templated":true}]}}