{"id":7472,"date":"2025-01-06T15:18:18","date_gmt":"2025-01-06T15:18:18","guid":{"rendered":"https:\/\/awero.ee\/integritetspolicy\/"},"modified":"2026-01-12T09:02:12","modified_gmt":"2026-01-12T09:02:12","slug":"integritetspolicy","status":"publish","type":"page","link":"https:\/\/awero.ee\/sv\/integritetspolicy\/","title":{"rendered":"Integritetspolicy"},"content":{"rendered":"\n<h2 class=\"wp-block-heading\">1. Allm\u00e4nna best\u00e4mmelser<\/h2>\n\n<p>1.1. Denna integritetspolicy reglerar insamling, behandling och lagring av personuppgifter av Awero O\u00dc (registreringskod 16456392), bel\u00e4get p\u00e5: Valga l\u00e4n, Otep\u00e4\u00e4 kommun, Sihva by, Vokipoe, 67301 <strong>(h\u00e4refter databehandlaren)<\/strong>.<\/p>\n\n<p>1.2 <strong>Den registrerade<\/strong> \u00e4r en kund eller annan fysisk person vars personuppgifter behandlas av databehandlaren.<\/p>\n\n<p>1.3.<strong>En kund \u00e4r<\/strong> vem som helst som k\u00f6per varor eller tj\u00e4nster fr\u00e5n databehandlarens webbutik.<\/p>\n\n<p>1.4. Databehandlaren f\u00f6ljer till\u00e4mplig lagstiftning vid behandling av personuppgifter och behandlar uppgifter lagligt, r\u00e4ttvist och s\u00e4kert. Databehandlaren kan visa att behandlingen av personuppgifter \u00f6verensst\u00e4mmer med till\u00e4mplig lagstiftning. <\/p>\n\n<hr class=\"wp-block-separator has-alpha-channel-opacity\"\/>\n\n<h2 class=\"wp-block-heading\">2. Insamling, behandling och lagring av personuppgifter<\/h2>\n\n<p>2.1. Personuppgifter samlas in elektroniskt via webbplatsen, e-post och vid behov p\u00e5 papper.<\/p>\n\n<p>2.2. Genom att l\u00e4mna uppgifter ger den registrerade databehandlaren r\u00e4tt att behandla s\u00e5dana personuppgifter f\u00f6r de \u00e4ndam\u00e5l som definieras i integritetspolicyn.<\/p>\n\n<p>2.3. Den registrerade \u00e4r ansvarig f\u00f6r riktigheten av de uppgifter som l\u00e4mnas och \u00e4r skyldig att meddela databehandlaren om f\u00f6r\u00e4ndringar i uppgifterna.<\/p>\n\n<p>2.4. Databehandlaren ansvarar inte f\u00f6r skador som uppst\u00e5r p\u00e5 grund av inl\u00e4mning av felaktiga uppgifter.<\/p>\n\n<hr class=\"wp-block-separator has-alpha-channel-opacity\"\/>\n\n<h2 class=\"wp-block-heading\">3. Behandling av kunders personuppgifte<\/h2>\n\n<h3 class=\"wp-block-heading\">3.1. Behandlade personuppgifter:<\/h3>\n\n<ul class=\"wp-block-list\">\n<li>F\u00f6r- och efternamn<\/li>\n\n\n\n<li>F\u00f6delsedatum (vid behov)<\/li>\n\n\n\n<li>Telefonnummer<\/li>\n\n\n\n<li>E-postadress<\/li>\n\n\n\n<li>Leveransadress<\/li>\n\n\n\n<li>Bankkontonummer<\/li>\n\n\n\n<li>Betalningsuppgifter (k\u00f6phistorik)<\/li>\n\n\n\n<li>IP-adress<\/li>\n\n\n\n<li>Kundsupportskommunikationsdata<\/li>\n<\/ul>\n\n<h3 class=\"wp-block-heading\">3.2. Databehandlaren kan ocks\u00e5 samla in uppgifter som \u00e4r tillg\u00e4ngliga i offentliga register.<\/h3>\n\n<h3 class=\"wp-block-heading\">3.3. Den r\u00e4ttsliga grunden f\u00f6r behandling av personuppgifter \u00e4r:<\/h3>\n\n<ul class=\"wp-block-list\">\n<li><strong>GDPR art 6(1)(a)<\/strong> \u2013 den registrerades samtycke<\/li>\n\n\n\n<li><strong>GDPR art 6(1)(b) <\/strong>\u2013 fullg\u00f6rande av avtal<\/li>\n\n\n\n<li><strong>GDPR art 6(1)(c) <\/strong>\u2013 fullg\u00f6rande av r\u00e4ttslig f\u00f6rpliktelse<\/li>\n\n\n\n<li><strong>GDPR art 6(1)(f)<\/strong> \u2013 ber\u00e4ttigat intresse<\/li>\n<\/ul>\n\n<h3 class=\"wp-block-heading\">3.4. Behandlings\u00e4ndam\u00e5l och lagringsperioder:<\/h3>\n\n<figure class=\"wp-block-table\"><table class=\"has-fixed-layout\"><thead><tr><th>\u00c4ndam\u00e5l<\/th><th>Lagringsperiod<\/th><\/tr><\/thead><tbody><tr><td>Best\u00e4llningsbehandling<\/td><td>3 \u00e5r efter best\u00e4llningens fullg\u00f6rande<\/td><\/tr><tr><td>Webbutikens funktion<\/td><td>Tills kontoavslutning<\/td><\/tr><tr><td>Kundhantering<\/td><td>Tills kontoavslutning<\/td><\/tr><tr><td>Finansiell verksamhet, bokf\u00f6ring<\/td><td>7 \u00e5r enligt lag<\/td><\/tr><tr><td>Marknadsf\u00f6ring (baserat p\u00e5 samtycke)<\/td><td>Tills samtycket \u00e5terkallas<\/td><\/tr><tr><td>S\u00e4kerhet och trygghet<\/td><td>Som f\u00f6reskrivs i lag<\/td><\/tr><\/tbody><\/table><\/figure>\n\n<h3 class=\"wp-block-heading\">3.5. \u00d6verf\u00f6ring av personuppgifter:<\/h3>\n\n<p><\/p>\n\n<p>Personuppgifter kan delas med f\u00f6ljande parter:<\/p>\n\n<ul class=\"wp-block-list\">\n<li><strong>Maksekeskus AS <\/strong>\u2013 f\u00f6r betalningsbehandling<\/li>\n\n\n\n<li><strong>Transport- och kurirf\u00f6retag<\/strong> \u2013 f\u00f6r leverans av varor<\/li>\n\n\n\n<li><strong>Bokf\u00f6ringstj\u00e4nsteleverant\u00f6rer<\/strong> \u2013 f\u00f6r fullg\u00f6rande av lagstadgade skyldigheter<\/li>\n\n\n\n<li><strong>IT-tj\u00e4nsteleverant\u00f6rer<\/strong> \u2013 f\u00f6r att s\u00e4kerst\u00e4lla webbplatsens funktionalitet och datahosting<\/li>\n<\/ul>\n\n<p>Alla auktoriserade behandlare \u00e4r skyldiga att s\u00e4kerst\u00e4lla dataskydd i enlighet med GDPR artikel 28.<\/p>\n\n<h3 class=\"wp-block-heading\">3.6. S\u00e4kerhet och tekniska \u00e5tg\u00e4rder:<\/h3>\n\n<p>Databehandlaren implementerar f\u00f6ljande s\u00e4kerhets\u00e5tg\u00e4rder:<\/p>\n\n<ul class=\"wp-block-list\">\n<li>Datautbyte med webbutiken sker via en krypterad TLS-anslutning<\/li>\n\n\n\n<li>L\u00f6senord lagras krypterade (i hashad form)<\/li>\n\n\n\n<li>Standardkryptering anv\u00e4nds f\u00f6r att skicka e-post<\/li>\n\n\n\n<li>Servrar skyddas med brandv\u00e4ggar och antivirusprogram<\/li>\n\n\n\n<li>Regelbundna s\u00e4kerhetskopior g\u00f6rs och lagras separat fr\u00e5n servern<\/li>\n<\/ul>\n\n<h3 class=\"wp-block-heading\">3.7. Lagringsperiod:<\/h3>\n\n<p>Personuppgifter lagras f\u00f6r sitt avsedda syfte, men inte l\u00e4ngre \u00e4n 7 \u00e5r eller tills den r\u00e4ttsliga grundens (t.ex. samtyckets) giltighet.<\/p>\n\n<hr class=\"wp-block-separator has-alpha-channel-opacity\"\/>\n\n<h2 class=\"wp-block-heading\">4. Den registrerades r\u00e4ttigheter<\/h2>\n\n<p>4.1. R\u00e4tt att f\u00e5 tillg\u00e5ng till sina personuppgifter<\/p>\n\n<p>4.2. R\u00e4tt att f\u00e5 information om behandlingen av personuppgifter<\/p>\n\n<p>4.3. R\u00e4tt till r\u00e4ttelse och komplettering av uppgifter<\/p>\n\n<p>4.4. R\u00e4tt att \u00e5terkalla samtycke<\/p>\n\n<p>4.5. F\u00f6r att ut\u00f6va r\u00e4ttigheter kan kontakt tas p\u00e5 e-postadressen <strong><a>info@awero.ee<\/a><\/strong><\/p>\n\n<p>4.6. R\u00e4tt att l\u00e4mna in klagom\u00e5l till Datainspektionen: <strong><a>info@aki.ee<\/a><\/strong><\/p>\n\n<hr class=\"wp-block-separator has-alpha-channel-opacity\"\/>\n\n<h2 class=\"wp-block-heading\">5. Ytterligare best\u00e4mmelser<\/h2>\n\n<h3 class=\"wp-block-heading\">5.1. Kontoavslutning och radering av uppgifter<\/h3>\n\n<ul class=\"wp-block-list\">\n<li>Vid kontoavslutning raderas personuppgifter, utom uppgifter som kr\u00e4vs enligt lag att beh\u00e5lla (t.ex. k\u00f6phistorik).<\/li>\n\n\n\n<li>Raderingsbeg\u00e4ran besvaras inom upp till 30 dagar.<\/li>\n<\/ul>\n\n<h3 class=\"wp-block-heading\">5.2. \u00d6verf\u00f6ring av uppgifter<\/h3>\n\n<ul class=\"wp-block-list\">\n<li>Beg\u00e4ran besvaras senast inom 30 dagar<\/li>\n\n\n\n<li>Identitet verifieras innan uppgifter sl\u00e4pps<\/li>\n<\/ul>\n\n<h3 class=\"wp-block-heading\">5.3. Begr\u00e4nsning av behandling och inv\u00e4ndningar<\/h3>\n\n<ul class=\"wp-block-list\">\n<li>Kunden har r\u00e4tt att beg\u00e4ra begr\u00e4nsning av behandling eller att inv\u00e4nda om det saknas r\u00e4ttslig grund f\u00f6r behandling<\/li>\n<\/ul>\n\n<hr class=\"wp-block-separator has-alpha-channel-opacity\"\/>\n\n<h2 class=\"wp-block-heading\">6. Slutbest\u00e4mmelser<\/h2>\n\n<p>6.1. Integritetspolicyn \u00e4r uppr\u00e4ttad i enlighet med den allm\u00e4nna dataskyddsf\u00f6rordningen (EU) 2016\/679 och Republiken Estlands personuppgiftsskyddslag.<\/p>\n\n<p>6.2. Andmet\u00f6\u00f6tlejal on \u00f5igus privaatsuspoliitikat muuta. Muudatustest teavitatakse veebilehel <strong><a class=\"\" href=\"https:\/\/awero.ee\/sv\/\">https:\/\/awero.ee<\/a><\/strong>.<\/p>\n","protected":false},"excerpt":{"rendered":"<p>1. Allm\u00e4nna best\u00e4mmelser 1.1. Denna integritetspolicy reglerar insamling, behandling och lagring av personuppgifter av Awero O\u00dc (registreringskod 16456392), bel\u00e4get p\u00e5: Valga l\u00e4n, Otep\u00e4\u00e4 kommun, Sihva by, Vokipoe, 67301 (h\u00e4refter databehandlaren). 1.2 Den registrerade \u00e4r en kund eller annan fysisk person vars personuppgifter behandlas av databehandlaren. 1.3.En kund \u00e4r vem som helst som k\u00f6per varor eller [&hellip;]<\/p>\n","protected":false},"author":1,"featured_media":0,"parent":0,"menu_order":0,"comment_status":"closed","ping_status":"closed","template":"privacy.php","meta":{"_acf_changed":false,"footnotes":""},"class_list":["post-7472","page","type-page","status-publish","hentry"],"acf":[],"yoast_head":"<!-- This site is optimized with the Yoast SEO plugin v26.8 - https:\/\/yoast.com\/product\/yoast-seo-wordpress\/ -->\n<title>Integritetspolicy - Awero - S\u00fcdamega L\u00f5una-Eestist<\/title>\n<meta name=\"robots\" content=\"index, follow, max-snippet:-1, max-image-preview:large, max-video-preview:-1\" \/>\n<link rel=\"canonical\" href=\"https:\/\/awero.ee\/sv\/integritetspolicy\/\" \/>\n<meta property=\"og:locale\" content=\"sv_SE\" \/>\n<meta property=\"og:type\" content=\"article\" \/>\n<meta property=\"og:title\" content=\"Integritetspolicy - Awero - S\u00fcdamega L\u00f5una-Eestist\" \/>\n<meta property=\"og:description\" content=\"1. Allm\u00e4nna best\u00e4mmelser 1.1. Denna integritetspolicy reglerar insamling, behandling och lagring av personuppgifter av Awero O\u00dc (registreringskod 16456392), bel\u00e4get p\u00e5: Valga l\u00e4n, Otep\u00e4\u00e4 kommun, Sihva by, Vokipoe, 67301 (h\u00e4refter databehandlaren). 1.2 Den registrerade \u00e4r en kund eller annan fysisk person vars personuppgifter behandlas av databehandlaren. 1.3.En kund \u00e4r vem som helst som k\u00f6per varor eller [&hellip;]\" \/>\n<meta property=\"og:url\" content=\"https:\/\/awero.ee\/sv\/integritetspolicy\/\" \/>\n<meta property=\"og:site_name\" content=\"Awero - S\u00fcdamega L\u00f5una-Eestist\" \/>\n<meta property=\"article:modified_time\" content=\"2026-01-12T09:02:12+00:00\" \/>\n<meta property=\"og:image\" content=\"https:\/\/awero.ee\/wp-content\/uploads\/2025\/06\/land.png\" \/>\n\t<meta property=\"og:image:width\" content=\"1200\" \/>\n\t<meta property=\"og:image:height\" content=\"675\" \/>\n\t<meta property=\"og:image:type\" content=\"image\/png\" \/>\n<meta name=\"twitter:card\" content=\"summary_large_image\" \/>\n<meta name=\"twitter:label1\" content=\"Ber\u00e4knad l\u00e4stid\" \/>\n\t<meta name=\"twitter:data1\" content=\"3 minuter\" \/>\n<script type=\"application\/ld+json\" class=\"yoast-schema-graph\">{\"@context\":\"https:\/\/schema.org\",\"@graph\":[{\"@type\":\"WebPage\",\"@id\":\"https:\/\/awero.ee\/sv\/integritetspolicy\/\",\"url\":\"https:\/\/awero.ee\/sv\/integritetspolicy\/\",\"name\":\"Integritetspolicy - Awero - S\u00fcdamega L\u00f5una-Eestist\",\"isPartOf\":{\"@id\":\"https:\/\/awero.ee\/sv\/#website\"},\"datePublished\":\"2025-01-06T15:18:18+00:00\",\"dateModified\":\"2026-01-12T09:02:12+00:00\",\"breadcrumb\":{\"@id\":\"https:\/\/awero.ee\/sv\/integritetspolicy\/#breadcrumb\"},\"inLanguage\":\"sv-SE\",\"potentialAction\":[{\"@type\":\"ReadAction\",\"target\":[\"https:\/\/awero.ee\/sv\/integritetspolicy\/\"]}]},{\"@type\":\"BreadcrumbList\",\"@id\":\"https:\/\/awero.ee\/sv\/integritetspolicy\/#breadcrumb\",\"itemListElement\":[{\"@type\":\"ListItem\",\"position\":1,\"name\":\"Home\",\"item\":\"https:\/\/awero.ee\/sv\/startsida\/\"},{\"@type\":\"ListItem\",\"position\":2,\"name\":\"Integritetspolicy\"}]},{\"@type\":\"WebSite\",\"@id\":\"https:\/\/awero.ee\/sv\/#website\",\"url\":\"https:\/\/awero.ee\/sv\/\",\"name\":\"Awero - S\u00fcdamega L\u00f5una Eestist\",\"description\":\"\",\"publisher\":{\"@id\":\"https:\/\/awero.ee\/sv\/#organization\"},\"potentialAction\":[{\"@type\":\"SearchAction\",\"target\":{\"@type\":\"EntryPoint\",\"urlTemplate\":\"https:\/\/awero.ee\/sv\/?s={search_term_string}\"},\"query-input\":{\"@type\":\"PropertyValueSpecification\",\"valueRequired\":true,\"valueName\":\"search_term_string\"}}],\"inLanguage\":\"sv-SE\"},{\"@type\":\"Organization\",\"@id\":\"https:\/\/awero.ee\/sv\/#organization\",\"name\":\"Awero - S\u00fcdamega L\u00f5una Eestist\",\"url\":\"https:\/\/awero.ee\/sv\/\",\"logo\":{\"@type\":\"ImageObject\",\"inLanguage\":\"sv-SE\",\"@id\":\"https:\/\/awero.ee\/sv\/#\/schema\/logo\/image\/\",\"url\":\"https:\/\/awero.ee\/wp-content\/uploads\/2024\/07\/aweroplaceholder.jpg\",\"contentUrl\":\"https:\/\/awero.ee\/wp-content\/uploads\/2024\/07\/aweroplaceholder.jpg\",\"width\":1250,\"height\":834,\"caption\":\"Awero - S\u00fcdamega L\u00f5una Eestist\"},\"image\":{\"@id\":\"https:\/\/awero.ee\/sv\/#\/schema\/logo\/image\/\"}}]}<\/script>\n<!-- \/ Yoast SEO plugin. -->","yoast_head_json":{"title":"Integritetspolicy - Awero - S\u00fcdamega L\u00f5una-Eestist","robots":{"index":"index","follow":"follow","max-snippet":"max-snippet:-1","max-image-preview":"max-image-preview:large","max-video-preview":"max-video-preview:-1"},"canonical":"https:\/\/awero.ee\/sv\/integritetspolicy\/","og_locale":"sv_SE","og_type":"article","og_title":"Integritetspolicy - Awero - S\u00fcdamega L\u00f5una-Eestist","og_description":"1. Allm\u00e4nna best\u00e4mmelser 1.1. Denna integritetspolicy reglerar insamling, behandling och lagring av personuppgifter av Awero O\u00dc (registreringskod 16456392), bel\u00e4get p\u00e5: Valga l\u00e4n, Otep\u00e4\u00e4 kommun, Sihva by, Vokipoe, 67301 (h\u00e4refter databehandlaren). 1.2 Den registrerade \u00e4r en kund eller annan fysisk person vars personuppgifter behandlas av databehandlaren. 1.3.En kund \u00e4r vem som helst som k\u00f6per varor eller [&hellip;]","og_url":"https:\/\/awero.ee\/sv\/integritetspolicy\/","og_site_name":"Awero - S\u00fcdamega L\u00f5una-Eestist","article_modified_time":"2026-01-12T09:02:12+00:00","og_image":[{"width":1200,"height":675,"url":"https:\/\/awero.ee\/wp-content\/uploads\/2025\/06\/land.png","type":"image\/png"}],"twitter_card":"summary_large_image","twitter_misc":{"Ber\u00e4knad l\u00e4stid":"3 minuter"},"schema":{"@context":"https:\/\/schema.org","@graph":[{"@type":"WebPage","@id":"https:\/\/awero.ee\/sv\/integritetspolicy\/","url":"https:\/\/awero.ee\/sv\/integritetspolicy\/","name":"Integritetspolicy - Awero - S\u00fcdamega L\u00f5una-Eestist","isPartOf":{"@id":"https:\/\/awero.ee\/sv\/#website"},"datePublished":"2025-01-06T15:18:18+00:00","dateModified":"2026-01-12T09:02:12+00:00","breadcrumb":{"@id":"https:\/\/awero.ee\/sv\/integritetspolicy\/#breadcrumb"},"inLanguage":"sv-SE","potentialAction":[{"@type":"ReadAction","target":["https:\/\/awero.ee\/sv\/integritetspolicy\/"]}]},{"@type":"BreadcrumbList","@id":"https:\/\/awero.ee\/sv\/integritetspolicy\/#breadcrumb","itemListElement":[{"@type":"ListItem","position":1,"name":"Home","item":"https:\/\/awero.ee\/sv\/startsida\/"},{"@type":"ListItem","position":2,"name":"Integritetspolicy"}]},{"@type":"WebSite","@id":"https:\/\/awero.ee\/sv\/#website","url":"https:\/\/awero.ee\/sv\/","name":"Awero - S\u00fcdamega L\u00f5una Eestist","description":"","publisher":{"@id":"https:\/\/awero.ee\/sv\/#organization"},"potentialAction":[{"@type":"SearchAction","target":{"@type":"EntryPoint","urlTemplate":"https:\/\/awero.ee\/sv\/?s={search_term_string}"},"query-input":{"@type":"PropertyValueSpecification","valueRequired":true,"valueName":"search_term_string"}}],"inLanguage":"sv-SE"},{"@type":"Organization","@id":"https:\/\/awero.ee\/sv\/#organization","name":"Awero - S\u00fcdamega L\u00f5una Eestist","url":"https:\/\/awero.ee\/sv\/","logo":{"@type":"ImageObject","inLanguage":"sv-SE","@id":"https:\/\/awero.ee\/sv\/#\/schema\/logo\/image\/","url":"https:\/\/awero.ee\/wp-content\/uploads\/2024\/07\/aweroplaceholder.jpg","contentUrl":"https:\/\/awero.ee\/wp-content\/uploads\/2024\/07\/aweroplaceholder.jpg","width":1250,"height":834,"caption":"Awero - S\u00fcdamega L\u00f5una Eestist"},"image":{"@id":"https:\/\/awero.ee\/sv\/#\/schema\/logo\/image\/"}}]}},"_links":{"self":[{"href":"https:\/\/awero.ee\/sv\/wp-json\/wp\/v2\/pages\/7472","targetHints":{"allow":["GET"]}}],"collection":[{"href":"https:\/\/awero.ee\/sv\/wp-json\/wp\/v2\/pages"}],"about":[{"href":"https:\/\/awero.ee\/sv\/wp-json\/wp\/v2\/types\/page"}],"author":[{"embeddable":true,"href":"https:\/\/awero.ee\/sv\/wp-json\/wp\/v2\/users\/1"}],"replies":[{"embeddable":true,"href":"https:\/\/awero.ee\/sv\/wp-json\/wp\/v2\/comments?post=7472"}],"version-history":[{"count":3,"href":"https:\/\/awero.ee\/sv\/wp-json\/wp\/v2\/pages\/7472\/revisions"}],"predecessor-version":[{"id":10652,"href":"https:\/\/awero.ee\/sv\/wp-json\/wp\/v2\/pages\/7472\/revisions\/10652"}],"wp:attachment":[{"href":"https:\/\/awero.ee\/sv\/wp-json\/wp\/v2\/media?parent=7472"}],"curies":[{"name":"wp","href":"https:\/\/api.w.org\/{rel}","templated":true}]}}