{"id":8815,"date":"2025-11-03T11:59:09","date_gmt":"2025-11-03T11:59:09","guid":{"rendered":"https:\/\/awero.ee\/?post_type=product&#038;p=8815"},"modified":"2026-04-01T12:31:36","modified_gmt":"2026-04-01T12:31:36","slug":"haagisel-spa","status":"publish","type":"product","link":"https:\/\/awero.ee\/lv\/toode\/haagisel-spa\/","title":{"rendered":"Haagisel Spa"},"content":{"rendered":"<p>Palun tutvuge tootelehega, kus on esitatud toote m\u00f5\u00f5dud.<\/p>\n<p>&nbsp;<\/p>\n<p><strong>NB!<\/strong> Haagise <strong data-start=\"158\" data-end=\"194\">registreerimine (arvele v\u00f5tmine)<\/strong> ei sisaldu toote hinnas ning on v\u00f5imalik <strong data-start=\"236\" data-end=\"253\">lisatasu eest<\/strong>. Soovi korral korraldame haagise registreerimise kliendi nimele.<\/p>\n","protected":false},"excerpt":{"rendered":"<p>Haagisel Spa \u00fchendab kaasaegse sauna ja kvaliteetse k\u00fcmblust\u00fcnni, pakkudes terviklikku heaoluelamust nii kodu\u00f5ues kui ka looduse keskel.<br \/>\nSaun on disainitud poolkuu-kujulise klaasfassaadi ja klaasuksega. Varustuses on sise- ja v\u00e4lisvalgustus, must PVC katus ning Harvia Linear Compact 18 keris koos roostevabast terasest korstna ja veepaagiga.<\/p>\n<p>Sauna k\u00f5rval asub Icon Tub 200 k\u00fcmblust\u00fcnn halli klaasfiibersisuga, varustatud kahe LED-valgusti, mullis\u00fcsteemi ning digitaalse termomeetriga.<br \/>\nMugavust lisavad stereos\u00fcsteem ja soojustatud kate, mis aitavad hoida vee temperatuuri ja v\u00e4hendada k\u00fcttekulu.<\/p>\n<p>Tulemus on elegantne ja funktsionaalne liikuv spa, mis pakub luksust, mugavust ja t\u00f5elist saunaelamust k\u00f5ikjal, kuhu tee viib.<\/p>\n","protected":false},"featured_media":9757,"template":"","meta":{"_acf_changed":false},"product_brand":[],"product_cat":[318],"product_tag":[],"class_list":{"0":"post-8815","1":"product","2":"type-product","3":"status-publish","4":"has-post-thumbnail","6":"product_cat-haagisel-tooted","8":"first","9":"instock","10":"sale","11":"shipping-taxable","12":"product-type-simple"},"acf":[],"yoast_head":"<!-- This site is optimized with the Yoast SEO plugin v27.5 - https:\/\/yoast.com\/product\/yoast-seo-wordpress\/ -->\n<title>Haagisel Spa - Awero - S\u00fcdamega L\u00f5una-Eestist<\/title>\n<meta name=\"robots\" content=\"index, follow, max-snippet:-1, max-image-preview:large, max-video-preview:-1\" \/>\n<link rel=\"canonical\" href=\"https:\/\/awero.ee\/lv\/toode\/haagisel-spa\/\" \/>\n<meta property=\"og:locale\" content=\"lv_LV\" \/>\n<meta property=\"og:type\" content=\"article\" \/>\n<meta property=\"og:title\" content=\"Haagisel Spa - Awero - S\u00fcdamega L\u00f5una-Eestist\" \/>\n<meta property=\"og:description\" content=\"Haagisel Spa \u00fchendab kaasaegse sauna ja kvaliteetse k\u00fcmblust\u00fcnni, pakkudes terviklikku heaoluelamust nii kodu\u00f5ues kui ka looduse keskel. Saun on disainitud poolkuu-kujulise klaasfassaadi ja klaasuksega. Varustuses on sise- ja v\u00e4lisvalgustus, must PVC katus ning Harvia Linear Compact 18 keris koos roostevabast terasest korstna ja veepaagiga.  Sauna k\u00f5rval asub Icon Tub 200 k\u00fcmblust\u00fcnn halli klaasfiibersisuga, varustatud kahe LED-valgusti, mullis\u00fcsteemi ning digitaalse termomeetriga. Mugavust lisavad stereos\u00fcsteem ja soojustatud kate, mis aitavad hoida vee temperatuuri ja v\u00e4hendada k\u00fcttekulu.  Tulemus on elegantne ja funktsionaalne liikuv spa, mis pakub luksust, mugavust ja t\u00f5elist saunaelamust k\u00f5ikjal, kuhu tee viib.\" \/>\n<meta property=\"og:url\" content=\"https:\/\/awero.ee\/lv\/toode\/haagisel-spa\/\" \/>\n<meta property=\"og:site_name\" content=\"Awero - S\u00fcdamega L\u00f5una-Eestist\" \/>\n<meta property=\"article:modified_time\" content=\"2026-04-01T12:31:36+00:00\" \/>\n<meta property=\"og:image\" content=\"https:\/\/awero.ee\/wp-content\/uploads\/2025\/11\/IMG_1024.jpg\" \/>\n\t<meta property=\"og:image:width\" content=\"1344\" \/>\n\t<meta property=\"og:image:height\" content=\"768\" \/>\n\t<meta property=\"og:image:type\" content=\"image\/jpeg\" \/>\n<meta name=\"twitter:card\" content=\"summary_large_image\" \/>\n<meta name=\"twitter:label1\" content=\"Est. reading time\" \/>\n\t<meta name=\"twitter:data1\" content=\"1 minute\" \/>\n<script type=\"application\/ld+json\" class=\"yoast-schema-graph\">{\"@context\":\"https:\\\/\\\/schema.org\",\"@graph\":[{\"@type\":\"WebPage\",\"@id\":\"https:\\\/\\\/awero.ee\\\/lv\\\/toode\\\/haagisel-spa\\\/\",\"url\":\"https:\\\/\\\/awero.ee\\\/lv\\\/toode\\\/haagisel-spa\\\/\",\"name\":\"Haagisel Spa - Awero - S\u00fcdamega L\u00f5una-Eestist\",\"isPartOf\":{\"@id\":\"https:\\\/\\\/awero.ee\\\/lv\\\/#website\"},\"primaryImageOfPage\":{\"@id\":\"https:\\\/\\\/awero.ee\\\/lv\\\/toode\\\/haagisel-spa\\\/#primaryimage\"},\"image\":{\"@id\":\"https:\\\/\\\/awero.ee\\\/lv\\\/toode\\\/haagisel-spa\\\/#primaryimage\"},\"thumbnailUrl\":\"https:\\\/\\\/awero.ee\\\/wp-content\\\/uploads\\\/2025\\\/11\\\/IMG_1024.jpg\",\"datePublished\":\"2025-11-03T11:59:09+00:00\",\"dateModified\":\"2026-04-01T12:31:36+00:00\",\"breadcrumb\":{\"@id\":\"https:\\\/\\\/awero.ee\\\/lv\\\/toode\\\/haagisel-spa\\\/#breadcrumb\"},\"inLanguage\":\"lv-LV\",\"potentialAction\":[{\"@type\":\"ReadAction\",\"target\":[\"https:\\\/\\\/awero.ee\\\/lv\\\/toode\\\/haagisel-spa\\\/\"]}]},{\"@type\":\"ImageObject\",\"inLanguage\":\"lv-LV\",\"@id\":\"https:\\\/\\\/awero.ee\\\/lv\\\/toode\\\/haagisel-spa\\\/#primaryimage\",\"url\":\"https:\\\/\\\/awero.ee\\\/wp-content\\\/uploads\\\/2025\\\/11\\\/IMG_1024.jpg\",\"contentUrl\":\"https:\\\/\\\/awero.ee\\\/wp-content\\\/uploads\\\/2025\\\/11\\\/IMG_1024.jpg\",\"width\":1344,\"height\":768},{\"@type\":\"BreadcrumbList\",\"@id\":\"https:\\\/\\\/awero.ee\\\/lv\\\/toode\\\/haagisel-spa\\\/#breadcrumb\",\"itemListElement\":[{\"@type\":\"ListItem\",\"position\":1,\"name\":\"Home\",\"item\":\"https:\\\/\\\/awero.ee\\\/lv\\\/sakums\\\/\"},{\"@type\":\"ListItem\",\"position\":2,\"name\":\"Veikals\",\"item\":\"https:\\\/\\\/awero.ee\\\/lv\\\/veikals\\\/\"},{\"@type\":\"ListItem\",\"position\":3,\"name\":\"Haagisel Spa\"}]},{\"@type\":\"WebSite\",\"@id\":\"https:\\\/\\\/awero.ee\\\/lv\\\/#website\",\"url\":\"https:\\\/\\\/awero.ee\\\/lv\\\/\",\"name\":\"Awero - S\u00fcdamega L\u00f5una Eestist\",\"description\":\"\",\"publisher\":{\"@id\":\"https:\\\/\\\/awero.ee\\\/lv\\\/#organization\"},\"potentialAction\":[{\"@type\":\"SearchAction\",\"target\":{\"@type\":\"EntryPoint\",\"urlTemplate\":\"https:\\\/\\\/awero.ee\\\/lv\\\/?s={search_term_string}\"},\"query-input\":{\"@type\":\"PropertyValueSpecification\",\"valueRequired\":true,\"valueName\":\"search_term_string\"}}],\"inLanguage\":\"lv-LV\"},{\"@type\":\"Organization\",\"@id\":\"https:\\\/\\\/awero.ee\\\/lv\\\/#organization\",\"name\":\"Awero - S\u00fcdamega L\u00f5una Eestist\",\"url\":\"https:\\\/\\\/awero.ee\\\/lv\\\/\",\"logo\":{\"@type\":\"ImageObject\",\"inLanguage\":\"lv-LV\",\"@id\":\"https:\\\/\\\/awero.ee\\\/lv\\\/#\\\/schema\\\/logo\\\/image\\\/\",\"url\":\"https:\\\/\\\/awero.ee\\\/wp-content\\\/uploads\\\/2024\\\/07\\\/aweroplaceholder.jpg\",\"contentUrl\":\"https:\\\/\\\/awero.ee\\\/wp-content\\\/uploads\\\/2024\\\/07\\\/aweroplaceholder.jpg\",\"width\":1250,\"height\":834,\"caption\":\"Awero - S\u00fcdamega L\u00f5una Eestist\"},\"image\":{\"@id\":\"https:\\\/\\\/awero.ee\\\/lv\\\/#\\\/schema\\\/logo\\\/image\\\/\"}}]}<\/script>\n<!-- \/ Yoast SEO plugin. -->","yoast_head_json":{"title":"Haagisel Spa - Awero - S\u00fcdamega L\u00f5una-Eestist","robots":{"index":"index","follow":"follow","max-snippet":"max-snippet:-1","max-image-preview":"max-image-preview:large","max-video-preview":"max-video-preview:-1"},"canonical":"https:\/\/awero.ee\/lv\/toode\/haagisel-spa\/","og_locale":"lv_LV","og_type":"article","og_title":"Haagisel Spa - Awero - S\u00fcdamega L\u00f5una-Eestist","og_description":"Haagisel Spa \u00fchendab kaasaegse sauna ja kvaliteetse k\u00fcmblust\u00fcnni, pakkudes terviklikku heaoluelamust nii kodu\u00f5ues kui ka looduse keskel. Saun on disainitud poolkuu-kujulise klaasfassaadi ja klaasuksega. Varustuses on sise- ja v\u00e4lisvalgustus, must PVC katus ning Harvia Linear Compact 18 keris koos roostevabast terasest korstna ja veepaagiga.  Sauna k\u00f5rval asub Icon Tub 200 k\u00fcmblust\u00fcnn halli klaasfiibersisuga, varustatud kahe LED-valgusti, mullis\u00fcsteemi ning digitaalse termomeetriga. Mugavust lisavad stereos\u00fcsteem ja soojustatud kate, mis aitavad hoida vee temperatuuri ja v\u00e4hendada k\u00fcttekulu.  Tulemus on elegantne ja funktsionaalne liikuv spa, mis pakub luksust, mugavust ja t\u00f5elist saunaelamust k\u00f5ikjal, kuhu tee viib.","og_url":"https:\/\/awero.ee\/lv\/toode\/haagisel-spa\/","og_site_name":"Awero - S\u00fcdamega L\u00f5una-Eestist","article_modified_time":"2026-04-01T12:31:36+00:00","og_image":[{"width":1344,"height":768,"url":"https:\/\/awero.ee\/wp-content\/uploads\/2025\/11\/IMG_1024.jpg","type":"image\/jpeg"}],"twitter_card":"summary_large_image","twitter_misc":{"Est. reading time":"1 minute"},"schema":{"@context":"https:\/\/schema.org","@graph":[{"@type":"WebPage","@id":"https:\/\/awero.ee\/lv\/toode\/haagisel-spa\/","url":"https:\/\/awero.ee\/lv\/toode\/haagisel-spa\/","name":"Haagisel Spa - Awero - S\u00fcdamega L\u00f5una-Eestist","isPartOf":{"@id":"https:\/\/awero.ee\/lv\/#website"},"primaryImageOfPage":{"@id":"https:\/\/awero.ee\/lv\/toode\/haagisel-spa\/#primaryimage"},"image":{"@id":"https:\/\/awero.ee\/lv\/toode\/haagisel-spa\/#primaryimage"},"thumbnailUrl":"https:\/\/awero.ee\/wp-content\/uploads\/2025\/11\/IMG_1024.jpg","datePublished":"2025-11-03T11:59:09+00:00","dateModified":"2026-04-01T12:31:36+00:00","breadcrumb":{"@id":"https:\/\/awero.ee\/lv\/toode\/haagisel-spa\/#breadcrumb"},"inLanguage":"lv-LV","potentialAction":[{"@type":"ReadAction","target":["https:\/\/awero.ee\/lv\/toode\/haagisel-spa\/"]}]},{"@type":"ImageObject","inLanguage":"lv-LV","@id":"https:\/\/awero.ee\/lv\/toode\/haagisel-spa\/#primaryimage","url":"https:\/\/awero.ee\/wp-content\/uploads\/2025\/11\/IMG_1024.jpg","contentUrl":"https:\/\/awero.ee\/wp-content\/uploads\/2025\/11\/IMG_1024.jpg","width":1344,"height":768},{"@type":"BreadcrumbList","@id":"https:\/\/awero.ee\/lv\/toode\/haagisel-spa\/#breadcrumb","itemListElement":[{"@type":"ListItem","position":1,"name":"Home","item":"https:\/\/awero.ee\/lv\/sakums\/"},{"@type":"ListItem","position":2,"name":"Veikals","item":"https:\/\/awero.ee\/lv\/veikals\/"},{"@type":"ListItem","position":3,"name":"Haagisel Spa"}]},{"@type":"WebSite","@id":"https:\/\/awero.ee\/lv\/#website","url":"https:\/\/awero.ee\/lv\/","name":"Awero - S\u00fcdamega L\u00f5una Eestist","description":"","publisher":{"@id":"https:\/\/awero.ee\/lv\/#organization"},"potentialAction":[{"@type":"SearchAction","target":{"@type":"EntryPoint","urlTemplate":"https:\/\/awero.ee\/lv\/?s={search_term_string}"},"query-input":{"@type":"PropertyValueSpecification","valueRequired":true,"valueName":"search_term_string"}}],"inLanguage":"lv-LV"},{"@type":"Organization","@id":"https:\/\/awero.ee\/lv\/#organization","name":"Awero - S\u00fcdamega L\u00f5una Eestist","url":"https:\/\/awero.ee\/lv\/","logo":{"@type":"ImageObject","inLanguage":"lv-LV","@id":"https:\/\/awero.ee\/lv\/#\/schema\/logo\/image\/","url":"https:\/\/awero.ee\/wp-content\/uploads\/2024\/07\/aweroplaceholder.jpg","contentUrl":"https:\/\/awero.ee\/wp-content\/uploads\/2024\/07\/aweroplaceholder.jpg","width":1250,"height":834,"caption":"Awero - S\u00fcdamega L\u00f5una Eestist"},"image":{"@id":"https:\/\/awero.ee\/lv\/#\/schema\/logo\/image\/"}}]}},"_links":{"self":[{"href":"https:\/\/awero.ee\/lv\/wp-json\/wp\/v2\/product\/8815","targetHints":{"allow":["GET"]}}],"collection":[{"href":"https:\/\/awero.ee\/lv\/wp-json\/wp\/v2\/product"}],"about":[{"href":"https:\/\/awero.ee\/lv\/wp-json\/wp\/v2\/types\/product"}],"wp:featuredmedia":[{"embeddable":true,"href":"https:\/\/awero.ee\/lv\/wp-json\/wp\/v2\/media\/9757"}],"wp:attachment":[{"href":"https:\/\/awero.ee\/lv\/wp-json\/wp\/v2\/media?parent=8815"}],"wp:term":[{"taxonomy":"product_brand","embeddable":true,"href":"https:\/\/awero.ee\/lv\/wp-json\/wp\/v2\/product_brand?post=8815"},{"taxonomy":"product_cat","embeddable":true,"href":"https:\/\/awero.ee\/lv\/wp-json\/wp\/v2\/product_cat?post=8815"},{"taxonomy":"product_tag","embeddable":true,"href":"https:\/\/awero.ee\/lv\/wp-json\/wp\/v2\/product_tag?post=8815"}],"curies":[{"name":"wp","href":"https:\/\/api.w.org\/{rel}","templated":true}]}}