{"id":8801,"date":"2025-11-03T10:33:23","date_gmt":"2025-11-03T10:33:23","guid":{"rendered":"https:\/\/awero.ee\/?post_type=product&#038;p=8801"},"modified":"2026-04-01T12:31:36","modified_gmt":"2026-04-01T12:31:36","slug":"haagisel-kumblustunn-hexagon","status":"publish","type":"product","link":"https:\/\/awero.ee\/lv\/toode\/haagisel-kumblustunn-hexagon\/","title":{"rendered":"Haagisel k\u00fcmblust\u00fcnn Hexagon"},"content":{"rendered":"<p><strong>K\u00fcmblust\u00fcnni info: <\/strong><\/p>\n<p>\u2022 Sisu: Hall<br \/>\n\u2022 Ahju t\u00fc\u00fcp: AISI 304 roostevabast terasest v\u00e4lisahi (30 kW)<br \/>\n\u2022 Materjal: termom\u00e4nd<br \/>\n\u2022 V\u00e4lisviimistlus: pruun p\u00e4hkel<br \/>\n\u2022 Sisu: Klaasfiiber<br \/>\n\u2022 Inimeste arv: 5\u20137 inimest<br \/>\n\u2022 K\u00fctteaeg 5\u201338 \u00b0C: ~2,5 h<br \/>\n\u2022 Mahutavus: 1500 L<br \/>\n\u2022 V\u00e4line l\u00e4bim\u00f5\u00f5t: 2000 mm<br \/>\n\u2022 Sisemine l\u00e4bim\u00f5\u00f5t: 1850 mm<br \/>\n\u2022 K\u00f5rgus: 970 mm<br \/>\n\u2022 S\u00fcgavus: 940 mm<br \/>\n\u2022 Panipaik<br \/>\n\u2022 K\u00e4sipuuga trepp<br \/>\n\u2022 PVC kate<\/p>\n<p><strong>RESPO B-kategooria platvormhaagis:<\/strong><\/p>\n<p>\u2022 Pikkus: 4621 mm<br \/>\n\u2022 Laius: 2007 mm<br \/>\n\u2022 K\u00f5rgus: 600 mm<br \/>\n\u2022 Veokasti pikkus: 3074 mm<\/p>\n<p>Madalate 10-tolliste ratastega, varustatud lehtvedru- ja amortvedrustusega.<\/p>\n<p>Igas nurgas on tugijala v\u00f5tmega reguleeritavad haagisuvila nurgatoed, millest iga\u00fche kandev\u00f5ime on 500 kg.<\/p>\n<p>&nbsp;<\/p>\n<p><strong>NB!<\/strong> Haagise <strong data-start=\"158\" data-end=\"194\">registreerimine (arvele v\u00f5tmine)<\/strong> ei sisaldu toote hinnas ning on v\u00f5imalik <strong data-start=\"236\" data-end=\"253\">lisatasu eest<\/strong>. Soovi korral korraldame haagise registreerimise kliendi nimel.<\/p>\n","protected":false},"excerpt":{"rendered":"<p data-start=\"186\" data-end=\"522\">Haagisel k\u00fcmblust\u00fcnn &#8221;Hexagon&#8221; &#8211; \u00fchendab endas silmapaistva disaini, praktilise liikuvuse ja kasutusmugavuse. <strong data-start=\"301\" data-end=\"334\">Kuuek\u00fclgne klaasfiibrist sisu<\/strong> pakub avaramat ruumitunnet ning ergonoomilisi istekohti, muutes k\u00fcmblemise mugavaks mitmele kasutajale korraga. Vastupidav konstruktsioon tagab pika kasutusea ka intensiivsel kasutamisel.<\/p>\n<p data-start=\"524\" data-end=\"847\">K\u00fcmblust\u00fcnni v\u00e4limus on viimistletud <strong data-start=\"561\" data-end=\"589\">kvaliteetse termopuiduga<\/strong>, mis lisab loomulikku esteetikat ja kaitseb konstruktsiooni ilmastikum\u00f5jude eest. Haagisele paigaldatud lahendus v\u00f5imaldab k\u00fcmblust\u00fcnni h\u00f5lpsalt transportida erinevatesse asukohtadesse, olles ideaalne nii rendiks, \u00fcritustele kui ka privaatseks kasutamiseks.<\/p>\n","protected":false},"featured_media":8802,"template":"","meta":{"_acf_changed":false},"product_brand":[],"product_cat":[318],"product_tag":[],"class_list":{"0":"post-8801","1":"product","2":"type-product","3":"status-publish","4":"has-post-thumbnail","6":"product_cat-haagisel-tooted","8":"first","9":"instock","10":"sale","11":"shipping-taxable","12":"product-type-simple"},"acf":[],"yoast_head":"<!-- This site is optimized with the Yoast SEO plugin v27.5 - https:\/\/yoast.com\/product\/yoast-seo-wordpress\/ -->\n<title>Haagisel k\u00fcmblust\u00fcnn Hexagon - Awero - S\u00fcdamega L\u00f5una-Eestist<\/title>\n<meta name=\"robots\" content=\"index, follow, max-snippet:-1, max-image-preview:large, max-video-preview:-1\" \/>\n<link rel=\"canonical\" href=\"https:\/\/awero.ee\/lv\/toode\/haagisel-kumblustunn-hexagon\/\" \/>\n<meta property=\"og:locale\" content=\"lv_LV\" \/>\n<meta property=\"og:type\" content=\"article\" \/>\n<meta property=\"og:title\" content=\"Haagisel k\u00fcmblust\u00fcnn Hexagon - Awero - S\u00fcdamega L\u00f5una-Eestist\" \/>\n<meta property=\"og:description\" content=\"Haagisel k\u00fcmblust\u00fcnn &#039;&#039;Hexagon&#039;&#039; - \u00fchendab endas silmapaistva disaini, praktilise liikuvuse ja kasutusmugavuse. Kuuek\u00fclgne klaasfiibrist sisu pakub avaramat ruumitunnet ning ergonoomilisi istekohti, muutes k\u00fcmblemise mugavaks mitmele kasutajale korraga. Vastupidav konstruktsioon tagab pika kasutusea ka intensiivsel kasutamisel. K\u00fcmblust\u00fcnni v\u00e4limus on viimistletud kvaliteetse termopuiduga, mis lisab loomulikku esteetikat ja kaitseb konstruktsiooni ilmastikum\u00f5jude eest. Haagisele paigaldatud lahendus v\u00f5imaldab k\u00fcmblust\u00fcnni h\u00f5lpsalt transportida erinevatesse asukohtadesse, olles ideaalne nii rendiks, \u00fcritustele kui ka privaatseks kasutamiseks.\" \/>\n<meta property=\"og:url\" content=\"https:\/\/awero.ee\/lv\/toode\/haagisel-kumblustunn-hexagon\/\" \/>\n<meta property=\"og:site_name\" content=\"Awero - S\u00fcdamega L\u00f5una-Eestist\" \/>\n<meta property=\"article:modified_time\" content=\"2026-04-01T12:31:36+00:00\" \/>\n<meta property=\"og:image\" content=\"https:\/\/awero.ee\/wp-content\/uploads\/2025\/11\/2f-6-scaled.jpg\" \/>\n\t<meta property=\"og:image:width\" content=\"2560\" \/>\n\t<meta property=\"og:image:height\" content=\"1936\" \/>\n\t<meta property=\"og:image:type\" content=\"image\/jpeg\" \/>\n<meta name=\"twitter:card\" content=\"summary_large_image\" \/>\n<meta name=\"twitter:label1\" content=\"Est. reading time\" \/>\n\t<meta name=\"twitter:data1\" content=\"1 minute\" \/>\n<script type=\"application\/ld+json\" class=\"yoast-schema-graph\">{\"@context\":\"https:\\\/\\\/schema.org\",\"@graph\":[{\"@type\":\"WebPage\",\"@id\":\"https:\\\/\\\/awero.ee\\\/lv\\\/toode\\\/haagisel-kumblustunn-hexagon\\\/\",\"url\":\"https:\\\/\\\/awero.ee\\\/lv\\\/toode\\\/haagisel-kumblustunn-hexagon\\\/\",\"name\":\"Haagisel k\u00fcmblust\u00fcnn Hexagon - Awero - S\u00fcdamega L\u00f5una-Eestist\",\"isPartOf\":{\"@id\":\"https:\\\/\\\/awero.ee\\\/lv\\\/#website\"},\"primaryImageOfPage\":{\"@id\":\"https:\\\/\\\/awero.ee\\\/lv\\\/toode\\\/haagisel-kumblustunn-hexagon\\\/#primaryimage\"},\"image\":{\"@id\":\"https:\\\/\\\/awero.ee\\\/lv\\\/toode\\\/haagisel-kumblustunn-hexagon\\\/#primaryimage\"},\"thumbnailUrl\":\"https:\\\/\\\/awero.ee\\\/wp-content\\\/uploads\\\/2025\\\/11\\\/2f-6-scaled.jpg\",\"datePublished\":\"2025-11-03T10:33:23+00:00\",\"dateModified\":\"2026-04-01T12:31:36+00:00\",\"breadcrumb\":{\"@id\":\"https:\\\/\\\/awero.ee\\\/lv\\\/toode\\\/haagisel-kumblustunn-hexagon\\\/#breadcrumb\"},\"inLanguage\":\"lv-LV\",\"potentialAction\":[{\"@type\":\"ReadAction\",\"target\":[\"https:\\\/\\\/awero.ee\\\/lv\\\/toode\\\/haagisel-kumblustunn-hexagon\\\/\"]}]},{\"@type\":\"ImageObject\",\"inLanguage\":\"lv-LV\",\"@id\":\"https:\\\/\\\/awero.ee\\\/lv\\\/toode\\\/haagisel-kumblustunn-hexagon\\\/#primaryimage\",\"url\":\"https:\\\/\\\/awero.ee\\\/wp-content\\\/uploads\\\/2025\\\/11\\\/2f-6-scaled.jpg\",\"contentUrl\":\"https:\\\/\\\/awero.ee\\\/wp-content\\\/uploads\\\/2025\\\/11\\\/2f-6-scaled.jpg\",\"width\":2560,\"height\":1936},{\"@type\":\"BreadcrumbList\",\"@id\":\"https:\\\/\\\/awero.ee\\\/lv\\\/toode\\\/haagisel-kumblustunn-hexagon\\\/#breadcrumb\",\"itemListElement\":[{\"@type\":\"ListItem\",\"position\":1,\"name\":\"Home\",\"item\":\"https:\\\/\\\/awero.ee\\\/lv\\\/sakums\\\/\"},{\"@type\":\"ListItem\",\"position\":2,\"name\":\"Veikals\",\"item\":\"https:\\\/\\\/awero.ee\\\/lv\\\/veikals\\\/\"},{\"@type\":\"ListItem\",\"position\":3,\"name\":\"Haagisel k\u00fcmblust\u00fcnn Hexagon\"}]},{\"@type\":\"WebSite\",\"@id\":\"https:\\\/\\\/awero.ee\\\/lv\\\/#website\",\"url\":\"https:\\\/\\\/awero.ee\\\/lv\\\/\",\"name\":\"Awero - S\u00fcdamega L\u00f5una Eestist\",\"description\":\"\",\"publisher\":{\"@id\":\"https:\\\/\\\/awero.ee\\\/lv\\\/#organization\"},\"potentialAction\":[{\"@type\":\"SearchAction\",\"target\":{\"@type\":\"EntryPoint\",\"urlTemplate\":\"https:\\\/\\\/awero.ee\\\/lv\\\/?s={search_term_string}\"},\"query-input\":{\"@type\":\"PropertyValueSpecification\",\"valueRequired\":true,\"valueName\":\"search_term_string\"}}],\"inLanguage\":\"lv-LV\"},{\"@type\":\"Organization\",\"@id\":\"https:\\\/\\\/awero.ee\\\/lv\\\/#organization\",\"name\":\"Awero - S\u00fcdamega L\u00f5una Eestist\",\"url\":\"https:\\\/\\\/awero.ee\\\/lv\\\/\",\"logo\":{\"@type\":\"ImageObject\",\"inLanguage\":\"lv-LV\",\"@id\":\"https:\\\/\\\/awero.ee\\\/lv\\\/#\\\/schema\\\/logo\\\/image\\\/\",\"url\":\"https:\\\/\\\/awero.ee\\\/wp-content\\\/uploads\\\/2024\\\/07\\\/aweroplaceholder.jpg\",\"contentUrl\":\"https:\\\/\\\/awero.ee\\\/wp-content\\\/uploads\\\/2024\\\/07\\\/aweroplaceholder.jpg\",\"width\":1250,\"height\":834,\"caption\":\"Awero - S\u00fcdamega L\u00f5una Eestist\"},\"image\":{\"@id\":\"https:\\\/\\\/awero.ee\\\/lv\\\/#\\\/schema\\\/logo\\\/image\\\/\"}}]}<\/script>\n<!-- \/ Yoast SEO plugin. -->","yoast_head_json":{"title":"Haagisel k\u00fcmblust\u00fcnn Hexagon - Awero - S\u00fcdamega L\u00f5una-Eestist","robots":{"index":"index","follow":"follow","max-snippet":"max-snippet:-1","max-image-preview":"max-image-preview:large","max-video-preview":"max-video-preview:-1"},"canonical":"https:\/\/awero.ee\/lv\/toode\/haagisel-kumblustunn-hexagon\/","og_locale":"lv_LV","og_type":"article","og_title":"Haagisel k\u00fcmblust\u00fcnn Hexagon - Awero - S\u00fcdamega L\u00f5una-Eestist","og_description":"Haagisel k\u00fcmblust\u00fcnn ''Hexagon'' - \u00fchendab endas silmapaistva disaini, praktilise liikuvuse ja kasutusmugavuse. Kuuek\u00fclgne klaasfiibrist sisu pakub avaramat ruumitunnet ning ergonoomilisi istekohti, muutes k\u00fcmblemise mugavaks mitmele kasutajale korraga. Vastupidav konstruktsioon tagab pika kasutusea ka intensiivsel kasutamisel. K\u00fcmblust\u00fcnni v\u00e4limus on viimistletud kvaliteetse termopuiduga, mis lisab loomulikku esteetikat ja kaitseb konstruktsiooni ilmastikum\u00f5jude eest. Haagisele paigaldatud lahendus v\u00f5imaldab k\u00fcmblust\u00fcnni h\u00f5lpsalt transportida erinevatesse asukohtadesse, olles ideaalne nii rendiks, \u00fcritustele kui ka privaatseks kasutamiseks.","og_url":"https:\/\/awero.ee\/lv\/toode\/haagisel-kumblustunn-hexagon\/","og_site_name":"Awero - S\u00fcdamega L\u00f5una-Eestist","article_modified_time":"2026-04-01T12:31:36+00:00","og_image":[{"width":2560,"height":1936,"url":"https:\/\/awero.ee\/wp-content\/uploads\/2025\/11\/2f-6-scaled.jpg","type":"image\/jpeg"}],"twitter_card":"summary_large_image","twitter_misc":{"Est. reading time":"1 minute"},"schema":{"@context":"https:\/\/schema.org","@graph":[{"@type":"WebPage","@id":"https:\/\/awero.ee\/lv\/toode\/haagisel-kumblustunn-hexagon\/","url":"https:\/\/awero.ee\/lv\/toode\/haagisel-kumblustunn-hexagon\/","name":"Haagisel k\u00fcmblust\u00fcnn Hexagon - Awero - S\u00fcdamega L\u00f5una-Eestist","isPartOf":{"@id":"https:\/\/awero.ee\/lv\/#website"},"primaryImageOfPage":{"@id":"https:\/\/awero.ee\/lv\/toode\/haagisel-kumblustunn-hexagon\/#primaryimage"},"image":{"@id":"https:\/\/awero.ee\/lv\/toode\/haagisel-kumblustunn-hexagon\/#primaryimage"},"thumbnailUrl":"https:\/\/awero.ee\/wp-content\/uploads\/2025\/11\/2f-6-scaled.jpg","datePublished":"2025-11-03T10:33:23+00:00","dateModified":"2026-04-01T12:31:36+00:00","breadcrumb":{"@id":"https:\/\/awero.ee\/lv\/toode\/haagisel-kumblustunn-hexagon\/#breadcrumb"},"inLanguage":"lv-LV","potentialAction":[{"@type":"ReadAction","target":["https:\/\/awero.ee\/lv\/toode\/haagisel-kumblustunn-hexagon\/"]}]},{"@type":"ImageObject","inLanguage":"lv-LV","@id":"https:\/\/awero.ee\/lv\/toode\/haagisel-kumblustunn-hexagon\/#primaryimage","url":"https:\/\/awero.ee\/wp-content\/uploads\/2025\/11\/2f-6-scaled.jpg","contentUrl":"https:\/\/awero.ee\/wp-content\/uploads\/2025\/11\/2f-6-scaled.jpg","width":2560,"height":1936},{"@type":"BreadcrumbList","@id":"https:\/\/awero.ee\/lv\/toode\/haagisel-kumblustunn-hexagon\/#breadcrumb","itemListElement":[{"@type":"ListItem","position":1,"name":"Home","item":"https:\/\/awero.ee\/lv\/sakums\/"},{"@type":"ListItem","position":2,"name":"Veikals","item":"https:\/\/awero.ee\/lv\/veikals\/"},{"@type":"ListItem","position":3,"name":"Haagisel k\u00fcmblust\u00fcnn Hexagon"}]},{"@type":"WebSite","@id":"https:\/\/awero.ee\/lv\/#website","url":"https:\/\/awero.ee\/lv\/","name":"Awero - S\u00fcdamega L\u00f5una Eestist","description":"","publisher":{"@id":"https:\/\/awero.ee\/lv\/#organization"},"potentialAction":[{"@type":"SearchAction","target":{"@type":"EntryPoint","urlTemplate":"https:\/\/awero.ee\/lv\/?s={search_term_string}"},"query-input":{"@type":"PropertyValueSpecification","valueRequired":true,"valueName":"search_term_string"}}],"inLanguage":"lv-LV"},{"@type":"Organization","@id":"https:\/\/awero.ee\/lv\/#organization","name":"Awero - S\u00fcdamega L\u00f5una Eestist","url":"https:\/\/awero.ee\/lv\/","logo":{"@type":"ImageObject","inLanguage":"lv-LV","@id":"https:\/\/awero.ee\/lv\/#\/schema\/logo\/image\/","url":"https:\/\/awero.ee\/wp-content\/uploads\/2024\/07\/aweroplaceholder.jpg","contentUrl":"https:\/\/awero.ee\/wp-content\/uploads\/2024\/07\/aweroplaceholder.jpg","width":1250,"height":834,"caption":"Awero - S\u00fcdamega L\u00f5una Eestist"},"image":{"@id":"https:\/\/awero.ee\/lv\/#\/schema\/logo\/image\/"}}]}},"_links":{"self":[{"href":"https:\/\/awero.ee\/lv\/wp-json\/wp\/v2\/product\/8801","targetHints":{"allow":["GET"]}}],"collection":[{"href":"https:\/\/awero.ee\/lv\/wp-json\/wp\/v2\/product"}],"about":[{"href":"https:\/\/awero.ee\/lv\/wp-json\/wp\/v2\/types\/product"}],"wp:featuredmedia":[{"embeddable":true,"href":"https:\/\/awero.ee\/lv\/wp-json\/wp\/v2\/media\/8802"}],"wp:attachment":[{"href":"https:\/\/awero.ee\/lv\/wp-json\/wp\/v2\/media?parent=8801"}],"wp:term":[{"taxonomy":"product_brand","embeddable":true,"href":"https:\/\/awero.ee\/lv\/wp-json\/wp\/v2\/product_brand?post=8801"},{"taxonomy":"product_cat","embeddable":true,"href":"https:\/\/awero.ee\/lv\/wp-json\/wp\/v2\/product_cat?post=8801"},{"taxonomy":"product_tag","embeddable":true,"href":"https:\/\/awero.ee\/lv\/wp-json\/wp\/v2\/product_tag?post=8801"}],"curies":[{"name":"wp","href":"https:\/\/api.w.org\/{rel}","templated":true}]}}