{"id":2728,"date":"2025-04-13T16:59:30","date_gmt":"2025-04-13T16:59:30","guid":{"rendered":"https:\/\/awero.ee\/?post_type=product&#038;p=2728"},"modified":"2026-04-01T12:32:24","modified_gmt":"2026-04-01T12:32:24","slug":"jacuzzy-integreeritud-ahjuga","status":"publish","type":"product","link":"https:\/\/awero.ee\/lv\/toode\/jacuzzy-integreeritud-ahjuga\/","title":{"rendered":"Jacuzzi integreeritud ahjuga"},"content":{"rendered":"","protected":false},"excerpt":{"rendered":"<p>2,4m \u00d7 2,4m suurune k\u00fcmblust\u00fcnn akr\u00fc\u00fclist sisuga on varustatud roostevabast terasest integreeritud traditsioonilise puuk\u00fctte ahjuga. Sile ja vastupidav\u00a0 sisepind on kergesti hooldatav ning ergonoomiliselt vormitud, pakkudes mugavaid istekohti ja lamamisasendit. Integreeritud puuk\u00fctteahi tagab naturaalse ja t\u00f5husa veesoojenduse, sobides suurep\u00e4raselt looduss\u00f5bralikuks l\u00f5\u00f5gastuseks igal aastaajal. Elegantne ja praktiline valik nii koduaeda kui ka suvilasse.<\/p>\n","protected":false},"featured_media":3654,"template":"","meta":{"_acf_changed":false},"product_brand":[],"product_cat":[214,274],"product_tag":[],"class_list":{"0":"post-2728","1":"product","2":"type-product","3":"status-publish","4":"has-post-thumbnail","6":"product_cat-kumblustunnid","7":"product_cat-integreeritud-ahi","9":"first","10":"instock","11":"sale","12":"shipping-taxable","13":"product-type-variable"},"acf":[],"yoast_head":"<!-- This site is optimized with the Yoast SEO plugin v26.8 - https:\/\/yoast.com\/product\/yoast-seo-wordpress\/ -->\n<title>Jacuzzi integreeritud ahjuga - Awero - S\u00fcdamega L\u00f5una-Eestist<\/title>\n<meta name=\"robots\" content=\"index, follow, max-snippet:-1, max-image-preview:large, max-video-preview:-1\" \/>\n<link rel=\"canonical\" href=\"https:\/\/awero.ee\/lv\/toode\/jacuzzy-integreeritud-ahjuga\/\" \/>\n<meta property=\"og:locale\" content=\"lv_LV\" \/>\n<meta property=\"og:type\" content=\"article\" \/>\n<meta property=\"og:title\" content=\"Jacuzzi integreeritud ahjuga - Awero - S\u00fcdamega L\u00f5una-Eestist\" \/>\n<meta property=\"og:description\" content=\"2,4m \u00d7 2,4m suurune k\u00fcmblust\u00fcnn akr\u00fc\u00fclist sisuga on varustatud roostevabast terasest integreeritud traditsioonilise puuk\u00fctte ahjuga. Sile ja vastupidav\u00a0 sisepind on kergesti hooldatav ning ergonoomiliselt vormitud, pakkudes mugavaid istekohti ja lamamisasendit. Integreeritud puuk\u00fctteahi tagab naturaalse ja t\u00f5husa veesoojenduse, sobides suurep\u00e4raselt looduss\u00f5bralikuks l\u00f5\u00f5gastuseks igal aastaajal. Elegantne ja praktiline valik nii koduaeda kui ka suvilasse.\" \/>\n<meta property=\"og:url\" content=\"https:\/\/awero.ee\/lv\/toode\/jacuzzy-integreeritud-ahjuga\/\" \/>\n<meta property=\"og:site_name\" content=\"Awero - S\u00fcdamega L\u00f5una-Eestist\" \/>\n<meta property=\"article:modified_time\" content=\"2026-04-01T12:32:24+00:00\" \/>\n<meta property=\"og:image\" content=\"https:\/\/awero.ee\/wp-content\/uploads\/2025\/04\/3-1-scaled.jpg\" \/>\n\t<meta property=\"og:image:width\" content=\"2560\" \/>\n\t<meta property=\"og:image:height\" content=\"1920\" \/>\n\t<meta property=\"og:image:type\" content=\"image\/jpeg\" \/>\n<meta name=\"twitter:card\" content=\"summary_large_image\" \/>\n<meta name=\"twitter:label1\" content=\"Est. reading time\" \/>\n\t<meta name=\"twitter:data1\" content=\"1 minute\" \/>\n<script type=\"application\/ld+json\" class=\"yoast-schema-graph\">{\"@context\":\"https:\/\/schema.org\",\"@graph\":[{\"@type\":\"WebPage\",\"@id\":\"https:\/\/awero.ee\/lv\/toode\/jacuzzy-integreeritud-ahjuga\/\",\"url\":\"https:\/\/awero.ee\/lv\/toode\/jacuzzy-integreeritud-ahjuga\/\",\"name\":\"Jacuzzi integreeritud ahjuga - Awero - S\u00fcdamega L\u00f5una-Eestist\",\"isPartOf\":{\"@id\":\"https:\/\/awero.ee\/lv\/#website\"},\"primaryImageOfPage\":{\"@id\":\"https:\/\/awero.ee\/lv\/toode\/jacuzzy-integreeritud-ahjuga\/#primaryimage\"},\"image\":{\"@id\":\"https:\/\/awero.ee\/lv\/toode\/jacuzzy-integreeritud-ahjuga\/#primaryimage\"},\"thumbnailUrl\":\"https:\/\/awero.ee\/wp-content\/uploads\/2025\/04\/3-1-scaled.jpg\",\"datePublished\":\"2025-04-13T16:59:30+00:00\",\"dateModified\":\"2026-04-01T12:32:24+00:00\",\"breadcrumb\":{\"@id\":\"https:\/\/awero.ee\/lv\/toode\/jacuzzy-integreeritud-ahjuga\/#breadcrumb\"},\"inLanguage\":\"lv-LV\",\"potentialAction\":[{\"@type\":\"ReadAction\",\"target\":[\"https:\/\/awero.ee\/lv\/toode\/jacuzzy-integreeritud-ahjuga\/\"]}]},{\"@type\":\"ImageObject\",\"inLanguage\":\"lv-LV\",\"@id\":\"https:\/\/awero.ee\/lv\/toode\/jacuzzy-integreeritud-ahjuga\/#primaryimage\",\"url\":\"https:\/\/awero.ee\/wp-content\/uploads\/2025\/04\/3-1-scaled.jpg\",\"contentUrl\":\"https:\/\/awero.ee\/wp-content\/uploads\/2025\/04\/3-1-scaled.jpg\",\"width\":2560,\"height\":1920},{\"@type\":\"BreadcrumbList\",\"@id\":\"https:\/\/awero.ee\/lv\/toode\/jacuzzy-integreeritud-ahjuga\/#breadcrumb\",\"itemListElement\":[{\"@type\":\"ListItem\",\"position\":1,\"name\":\"Home\",\"item\":\"https:\/\/awero.ee\/lv\/sakums\/\"},{\"@type\":\"ListItem\",\"position\":2,\"name\":\"Veikals\",\"item\":\"https:\/\/awero.ee\/lv\/veikals\/\"},{\"@type\":\"ListItem\",\"position\":3,\"name\":\"Jacuzzi integreeritud ahjuga\"}]},{\"@type\":\"WebSite\",\"@id\":\"https:\/\/awero.ee\/lv\/#website\",\"url\":\"https:\/\/awero.ee\/lv\/\",\"name\":\"Awero - S\u00fcdamega L\u00f5una Eestist\",\"description\":\"\",\"publisher\":{\"@id\":\"https:\/\/awero.ee\/lv\/#organization\"},\"potentialAction\":[{\"@type\":\"SearchAction\",\"target\":{\"@type\":\"EntryPoint\",\"urlTemplate\":\"https:\/\/awero.ee\/lv\/?s={search_term_string}\"},\"query-input\":{\"@type\":\"PropertyValueSpecification\",\"valueRequired\":true,\"valueName\":\"search_term_string\"}}],\"inLanguage\":\"lv-LV\"},{\"@type\":\"Organization\",\"@id\":\"https:\/\/awero.ee\/lv\/#organization\",\"name\":\"Awero - S\u00fcdamega L\u00f5una Eestist\",\"url\":\"https:\/\/awero.ee\/lv\/\",\"logo\":{\"@type\":\"ImageObject\",\"inLanguage\":\"lv-LV\",\"@id\":\"https:\/\/awero.ee\/lv\/#\/schema\/logo\/image\/\",\"url\":\"https:\/\/awero.ee\/wp-content\/uploads\/2024\/07\/aweroplaceholder.jpg\",\"contentUrl\":\"https:\/\/awero.ee\/wp-content\/uploads\/2024\/07\/aweroplaceholder.jpg\",\"width\":1250,\"height\":834,\"caption\":\"Awero - S\u00fcdamega L\u00f5una Eestist\"},\"image\":{\"@id\":\"https:\/\/awero.ee\/lv\/#\/schema\/logo\/image\/\"}}]}<\/script>\n<!-- \/ Yoast SEO plugin. -->","yoast_head_json":{"title":"Jacuzzi integreeritud ahjuga - Awero - S\u00fcdamega L\u00f5una-Eestist","robots":{"index":"index","follow":"follow","max-snippet":"max-snippet:-1","max-image-preview":"max-image-preview:large","max-video-preview":"max-video-preview:-1"},"canonical":"https:\/\/awero.ee\/lv\/toode\/jacuzzy-integreeritud-ahjuga\/","og_locale":"lv_LV","og_type":"article","og_title":"Jacuzzi integreeritud ahjuga - Awero - S\u00fcdamega L\u00f5una-Eestist","og_description":"2,4m \u00d7 2,4m suurune k\u00fcmblust\u00fcnn akr\u00fc\u00fclist sisuga on varustatud roostevabast terasest integreeritud traditsioonilise puuk\u00fctte ahjuga. Sile ja vastupidav\u00a0 sisepind on kergesti hooldatav ning ergonoomiliselt vormitud, pakkudes mugavaid istekohti ja lamamisasendit. Integreeritud puuk\u00fctteahi tagab naturaalse ja t\u00f5husa veesoojenduse, sobides suurep\u00e4raselt looduss\u00f5bralikuks l\u00f5\u00f5gastuseks igal aastaajal. Elegantne ja praktiline valik nii koduaeda kui ka suvilasse.","og_url":"https:\/\/awero.ee\/lv\/toode\/jacuzzy-integreeritud-ahjuga\/","og_site_name":"Awero - S\u00fcdamega L\u00f5una-Eestist","article_modified_time":"2026-04-01T12:32:24+00:00","og_image":[{"width":2560,"height":1920,"url":"https:\/\/awero.ee\/wp-content\/uploads\/2025\/04\/3-1-scaled.jpg","type":"image\/jpeg"}],"twitter_card":"summary_large_image","twitter_misc":{"Est. reading time":"1 minute"},"schema":{"@context":"https:\/\/schema.org","@graph":[{"@type":"WebPage","@id":"https:\/\/awero.ee\/lv\/toode\/jacuzzy-integreeritud-ahjuga\/","url":"https:\/\/awero.ee\/lv\/toode\/jacuzzy-integreeritud-ahjuga\/","name":"Jacuzzi integreeritud ahjuga - Awero - S\u00fcdamega L\u00f5una-Eestist","isPartOf":{"@id":"https:\/\/awero.ee\/lv\/#website"},"primaryImageOfPage":{"@id":"https:\/\/awero.ee\/lv\/toode\/jacuzzy-integreeritud-ahjuga\/#primaryimage"},"image":{"@id":"https:\/\/awero.ee\/lv\/toode\/jacuzzy-integreeritud-ahjuga\/#primaryimage"},"thumbnailUrl":"https:\/\/awero.ee\/wp-content\/uploads\/2025\/04\/3-1-scaled.jpg","datePublished":"2025-04-13T16:59:30+00:00","dateModified":"2026-04-01T12:32:24+00:00","breadcrumb":{"@id":"https:\/\/awero.ee\/lv\/toode\/jacuzzy-integreeritud-ahjuga\/#breadcrumb"},"inLanguage":"lv-LV","potentialAction":[{"@type":"ReadAction","target":["https:\/\/awero.ee\/lv\/toode\/jacuzzy-integreeritud-ahjuga\/"]}]},{"@type":"ImageObject","inLanguage":"lv-LV","@id":"https:\/\/awero.ee\/lv\/toode\/jacuzzy-integreeritud-ahjuga\/#primaryimage","url":"https:\/\/awero.ee\/wp-content\/uploads\/2025\/04\/3-1-scaled.jpg","contentUrl":"https:\/\/awero.ee\/wp-content\/uploads\/2025\/04\/3-1-scaled.jpg","width":2560,"height":1920},{"@type":"BreadcrumbList","@id":"https:\/\/awero.ee\/lv\/toode\/jacuzzy-integreeritud-ahjuga\/#breadcrumb","itemListElement":[{"@type":"ListItem","position":1,"name":"Home","item":"https:\/\/awero.ee\/lv\/sakums\/"},{"@type":"ListItem","position":2,"name":"Veikals","item":"https:\/\/awero.ee\/lv\/veikals\/"},{"@type":"ListItem","position":3,"name":"Jacuzzi integreeritud ahjuga"}]},{"@type":"WebSite","@id":"https:\/\/awero.ee\/lv\/#website","url":"https:\/\/awero.ee\/lv\/","name":"Awero - S\u00fcdamega L\u00f5una Eestist","description":"","publisher":{"@id":"https:\/\/awero.ee\/lv\/#organization"},"potentialAction":[{"@type":"SearchAction","target":{"@type":"EntryPoint","urlTemplate":"https:\/\/awero.ee\/lv\/?s={search_term_string}"},"query-input":{"@type":"PropertyValueSpecification","valueRequired":true,"valueName":"search_term_string"}}],"inLanguage":"lv-LV"},{"@type":"Organization","@id":"https:\/\/awero.ee\/lv\/#organization","name":"Awero - S\u00fcdamega L\u00f5una Eestist","url":"https:\/\/awero.ee\/lv\/","logo":{"@type":"ImageObject","inLanguage":"lv-LV","@id":"https:\/\/awero.ee\/lv\/#\/schema\/logo\/image\/","url":"https:\/\/awero.ee\/wp-content\/uploads\/2024\/07\/aweroplaceholder.jpg","contentUrl":"https:\/\/awero.ee\/wp-content\/uploads\/2024\/07\/aweroplaceholder.jpg","width":1250,"height":834,"caption":"Awero - S\u00fcdamega L\u00f5una Eestist"},"image":{"@id":"https:\/\/awero.ee\/lv\/#\/schema\/logo\/image\/"}}]}},"_links":{"self":[{"href":"https:\/\/awero.ee\/lv\/wp-json\/wp\/v2\/product\/2728","targetHints":{"allow":["GET"]}}],"collection":[{"href":"https:\/\/awero.ee\/lv\/wp-json\/wp\/v2\/product"}],"about":[{"href":"https:\/\/awero.ee\/lv\/wp-json\/wp\/v2\/types\/product"}],"wp:featuredmedia":[{"embeddable":true,"href":"https:\/\/awero.ee\/lv\/wp-json\/wp\/v2\/media\/3654"}],"wp:attachment":[{"href":"https:\/\/awero.ee\/lv\/wp-json\/wp\/v2\/media?parent=2728"}],"wp:term":[{"taxonomy":"product_brand","embeddable":true,"href":"https:\/\/awero.ee\/lv\/wp-json\/wp\/v2\/product_brand?post=2728"},{"taxonomy":"product_cat","embeddable":true,"href":"https:\/\/awero.ee\/lv\/wp-json\/wp\/v2\/product_cat?post=2728"},{"taxonomy":"product_tag","embeddable":true,"href":"https:\/\/awero.ee\/lv\/wp-json\/wp\/v2\/product_tag?post=2728"}],"curies":[{"name":"wp","href":"https:\/\/api.w.org\/{rel}","templated":true}]}}