{"id":12807,"date":"2025-02-17T11:40:51","date_gmt":"2025-02-17T11:40:51","guid":{"rendered":"https:\/\/awero.ee\/toode\/filtra-bumbinas-700-g\/"},"modified":"2026-03-10T07:58:58","modified_gmt":"2026-03-10T07:58:58","slug":"filtra-bumbinas-700-g","status":"publish","type":"product","link":"https:\/\/awero.ee\/lv\/toode\/filtra-bumbinas-700-g\/","title":{"rendered":"Filtra bumbi\u0146as (700 g)"},"content":{"rendered":"<p data-start=\"726\" data-end=\"748\"><strong data-start=\"726\" data-end=\"748\">Galven\u0101s \u012bpa\u0161\u012bbas:<\/strong><\/p>\n<ul>\n<li data-start=\"751\" data-end=\"774\">Efekt\u012bva \u016bdens filtr\u0113\u0161ana<\/li>\n<li data-start=\"777\" data-end=\"815\">Paredz\u0113tas lieto\u0161anai filtra sist\u0113m\u0101s<\/li>\n<li data-start=\"818\" data-end=\"845\">Vieglas un atk\u0101rtoti lietojamas<\/li>\n<li data-start=\"848\" data-end=\"877\">Vienk\u0101r\u0161a apkope un t\u012br\u012b\u0161ana<\/li>\n<li data-start=\"880\" data-end=\"908\">Atbalsta vienm\u0113r\u012bgu \u016bdens cirkul\u0101cijuToetavad \u00fchtlast veeringlust<\/li>\n<\/ul>\n<p data-start=\"910\" data-end=\"1022\">Filtra bumbi\u0146as ir praktiska izv\u0113le, lai saglab\u0101tu kubula \u016bdens t\u012br\u012bbu un nodro\u0161in\u0101tu filtra sist\u0113mas uzticam\u012bbu.Filterpallid on praktiline valik k\u00fcmblust\u00fcnni vee puhtuse hoidmiseks ning filtris\u00fcsteemi t\u00f6\u00f6kindluse tagamiseks.<\/p>\n","protected":false},"excerpt":{"rendered":"<p data-start=\"185\" data-end=\"410\">Filtra bumbi\u0146as ir efekt\u012bvs un m\u016bsdien\u012bgs risin\u0101jums kubula \u016bdens filtr\u0113\u0161anai. T\u0101s paredz\u0113tas lieto\u0161anai speci\u0101l\u0101s <a href=\"https:\/\/awero.ee\/lv\/toode\/filtracijas-sistema-ar-filtresanas-bumbinam-filtermax\/\">filtra sist\u0113m\u0101s<\/a> un nodro\u0161ina \u016bdens t\u012br\u012bbu, pal\u012bdzot notvert net\u012brumus, smalkas da\u013ci\u0146as un peldo\u0161os pies\u0101r\u0146ojumus. <\/p>\n<p data-start=\"412\" data-end=\"724\">Sal\u012bdzinot ar tradicion\u0101lajiem filtra risin\u0101jumiem, filtra bumbi\u0146as ir viegl\u0101kas, iztur\u012bgas un atk\u0101rtoti lietojamas. T\u0101s nodro\u0161ina vienm\u0113r\u012bgu \u016bdens pl\u016bsmu un atbalsta visas filtra sist\u0113mas efekt\u012bvu darb\u012bbu. Filtra bumbi\u0146as ir viegli uzturamas un nepiecie\u0161am\u012bbas gad\u012bjum\u0101 mazg\u0101jamas, kas padara to lieto\u0161anu \u0113rtu un ekonomisku.  <\/p>\n","protected":false},"featured_media":12808,"template":"","meta":{"_acf_changed":false},"product_brand":[],"product_cat":[1617],"product_tag":[],"class_list":{"0":"post-12807","1":"product","2":"type-product","3":"status-publish","4":"has-post-thumbnail","6":"product_cat-papildaprikojums","7":"product_shipping_class-pakiautomaat","9":"first","10":"instock","11":"shipping-taxable","12":"product-type-simple"},"acf":[],"yoast_head":"<!-- This site is optimized with the Yoast SEO plugin v26.8 - https:\/\/yoast.com\/product\/yoast-seo-wordpress\/ -->\n<title>Filtra bumbi\u0146as (700 g) - Awero - S\u00fcdamega L\u00f5una-Eestist<\/title>\n<meta name=\"robots\" content=\"index, follow, max-snippet:-1, max-image-preview:large, max-video-preview:-1\" \/>\n<link rel=\"canonical\" href=\"https:\/\/awero.ee\/lv\/toode\/filtra-bumbinas-700-g\/\" \/>\n<meta property=\"og:locale\" content=\"lv_LV\" \/>\n<meta property=\"og:type\" content=\"article\" \/>\n<meta property=\"og:title\" content=\"Filtra bumbi\u0146as (700 g) - Awero - S\u00fcdamega L\u00f5una-Eestist\" \/>\n<meta property=\"og:description\" content=\"Filtra bumbi\u0146as ir efekt\u012bvs un m\u016bsdien\u012bgs risin\u0101jums kubula \u016bdens filtr\u0113\u0161anai. T\u0101s paredz\u0113tas lieto\u0161anai speci\u0101l\u0101s filtra sist\u0113m\u0101s un nodro\u0161ina \u016bdens t\u012br\u012bbu, pal\u012bdzot notvert net\u012brumus, smalkas da\u013ci\u0146as un peldo\u0161os pies\u0101r\u0146ojumus. Sal\u012bdzinot ar tradicion\u0101lajiem filtra risin\u0101jumiem, filtra bumbi\u0146as ir viegl\u0101kas, iztur\u012bgas un atk\u0101rtoti lietojamas. T\u0101s nodro\u0161ina vienm\u0113r\u012bgu \u016bdens pl\u016bsmu un atbalsta visas filtra sist\u0113mas efekt\u012bvu darb\u012bbu. Filtra bumbi\u0146as ir viegli uzturamas un nepiecie\u0161am\u012bbas gad\u012bjum\u0101 mazg\u0101jamas, kas padara to lieto\u0161anu \u0113rtu un ekonomisku.\" \/>\n<meta property=\"og:url\" content=\"https:\/\/awero.ee\/lv\/toode\/filtra-bumbinas-700-g\/\" \/>\n<meta property=\"og:site_name\" content=\"Awero - S\u00fcdamega L\u00f5una-Eestist\" \/>\n<meta property=\"article:modified_time\" content=\"2026-03-10T07:58:58+00:00\" \/>\n<meta property=\"og:image\" content=\"https:\/\/awero.ee\/wp-content\/uploads\/2025\/02\/Filtripallid.jpg\" \/>\n\t<meta property=\"og:image:width\" content=\"967\" \/>\n\t<meta property=\"og:image:height\" content=\"834\" \/>\n\t<meta property=\"og:image:type\" content=\"image\/jpeg\" \/>\n<meta name=\"twitter:card\" content=\"summary_large_image\" \/>\n<script type=\"application\/ld+json\" class=\"yoast-schema-graph\">{\"@context\":\"https:\/\/schema.org\",\"@graph\":[{\"@type\":\"WebPage\",\"@id\":\"https:\/\/awero.ee\/lv\/toode\/filtra-bumbinas-700-g\/\",\"url\":\"https:\/\/awero.ee\/lv\/toode\/filtra-bumbinas-700-g\/\",\"name\":\"Filtra bumbi\u0146as (700 g) - Awero - S\u00fcdamega L\u00f5una-Eestist\",\"isPartOf\":{\"@id\":\"https:\/\/awero.ee\/lv\/#website\"},\"primaryImageOfPage\":{\"@id\":\"https:\/\/awero.ee\/lv\/toode\/filtra-bumbinas-700-g\/#primaryimage\"},\"image\":{\"@id\":\"https:\/\/awero.ee\/lv\/toode\/filtra-bumbinas-700-g\/#primaryimage\"},\"thumbnailUrl\":\"https:\/\/awero.ee\/wp-content\/uploads\/2025\/02\/Filtripallid.jpg\",\"datePublished\":\"2025-02-17T11:40:51+00:00\",\"dateModified\":\"2026-03-10T07:58:58+00:00\",\"breadcrumb\":{\"@id\":\"https:\/\/awero.ee\/lv\/toode\/filtra-bumbinas-700-g\/#breadcrumb\"},\"inLanguage\":\"lv-LV\",\"potentialAction\":[{\"@type\":\"ReadAction\",\"target\":[\"https:\/\/awero.ee\/lv\/toode\/filtra-bumbinas-700-g\/\"]}]},{\"@type\":\"ImageObject\",\"inLanguage\":\"lv-LV\",\"@id\":\"https:\/\/awero.ee\/lv\/toode\/filtra-bumbinas-700-g\/#primaryimage\",\"url\":\"https:\/\/awero.ee\/wp-content\/uploads\/2025\/02\/Filtripallid.jpg\",\"contentUrl\":\"https:\/\/awero.ee\/wp-content\/uploads\/2025\/02\/Filtripallid.jpg\",\"width\":967,\"height\":834},{\"@type\":\"BreadcrumbList\",\"@id\":\"https:\/\/awero.ee\/lv\/toode\/filtra-bumbinas-700-g\/#breadcrumb\",\"itemListElement\":[{\"@type\":\"ListItem\",\"position\":1,\"name\":\"Home\",\"item\":\"https:\/\/awero.ee\/lv\/sakums\/\"},{\"@type\":\"ListItem\",\"position\":2,\"name\":\"Veikals\",\"item\":\"https:\/\/awero.ee\/lv\/veikals\/\"},{\"@type\":\"ListItem\",\"position\":3,\"name\":\"Filtra bumbi\u0146as (700 g)\"}]},{\"@type\":\"WebSite\",\"@id\":\"https:\/\/awero.ee\/lv\/#website\",\"url\":\"https:\/\/awero.ee\/lv\/\",\"name\":\"Awero - S\u00fcdamega L\u00f5una Eestist\",\"description\":\"\",\"publisher\":{\"@id\":\"https:\/\/awero.ee\/lv\/#organization\"},\"potentialAction\":[{\"@type\":\"SearchAction\",\"target\":{\"@type\":\"EntryPoint\",\"urlTemplate\":\"https:\/\/awero.ee\/lv\/?s={search_term_string}\"},\"query-input\":{\"@type\":\"PropertyValueSpecification\",\"valueRequired\":true,\"valueName\":\"search_term_string\"}}],\"inLanguage\":\"lv-LV\"},{\"@type\":\"Organization\",\"@id\":\"https:\/\/awero.ee\/lv\/#organization\",\"name\":\"Awero - S\u00fcdamega L\u00f5una Eestist\",\"url\":\"https:\/\/awero.ee\/lv\/\",\"logo\":{\"@type\":\"ImageObject\",\"inLanguage\":\"lv-LV\",\"@id\":\"https:\/\/awero.ee\/lv\/#\/schema\/logo\/image\/\",\"url\":\"https:\/\/awero.ee\/wp-content\/uploads\/2024\/07\/aweroplaceholder.jpg\",\"contentUrl\":\"https:\/\/awero.ee\/wp-content\/uploads\/2024\/07\/aweroplaceholder.jpg\",\"width\":1250,\"height\":834,\"caption\":\"Awero - S\u00fcdamega L\u00f5una Eestist\"},\"image\":{\"@id\":\"https:\/\/awero.ee\/lv\/#\/schema\/logo\/image\/\"}}]}<\/script>\n<!-- \/ Yoast SEO plugin. -->","yoast_head_json":{"title":"Filtra bumbi\u0146as (700 g) - Awero - S\u00fcdamega L\u00f5una-Eestist","robots":{"index":"index","follow":"follow","max-snippet":"max-snippet:-1","max-image-preview":"max-image-preview:large","max-video-preview":"max-video-preview:-1"},"canonical":"https:\/\/awero.ee\/lv\/toode\/filtra-bumbinas-700-g\/","og_locale":"lv_LV","og_type":"article","og_title":"Filtra bumbi\u0146as (700 g) - Awero - S\u00fcdamega L\u00f5una-Eestist","og_description":"Filtra bumbi\u0146as ir efekt\u012bvs un m\u016bsdien\u012bgs risin\u0101jums kubula \u016bdens filtr\u0113\u0161anai. T\u0101s paredz\u0113tas lieto\u0161anai speci\u0101l\u0101s filtra sist\u0113m\u0101s un nodro\u0161ina \u016bdens t\u012br\u012bbu, pal\u012bdzot notvert net\u012brumus, smalkas da\u013ci\u0146as un peldo\u0161os pies\u0101r\u0146ojumus. Sal\u012bdzinot ar tradicion\u0101lajiem filtra risin\u0101jumiem, filtra bumbi\u0146as ir viegl\u0101kas, iztur\u012bgas un atk\u0101rtoti lietojamas. T\u0101s nodro\u0161ina vienm\u0113r\u012bgu \u016bdens pl\u016bsmu un atbalsta visas filtra sist\u0113mas efekt\u012bvu darb\u012bbu. Filtra bumbi\u0146as ir viegli uzturamas un nepiecie\u0161am\u012bbas gad\u012bjum\u0101 mazg\u0101jamas, kas padara to lieto\u0161anu \u0113rtu un ekonomisku.","og_url":"https:\/\/awero.ee\/lv\/toode\/filtra-bumbinas-700-g\/","og_site_name":"Awero - S\u00fcdamega L\u00f5una-Eestist","article_modified_time":"2026-03-10T07:58:58+00:00","og_image":[{"width":967,"height":834,"url":"https:\/\/awero.ee\/wp-content\/uploads\/2025\/02\/Filtripallid.jpg","type":"image\/jpeg"}],"twitter_card":"summary_large_image","schema":{"@context":"https:\/\/schema.org","@graph":[{"@type":"WebPage","@id":"https:\/\/awero.ee\/lv\/toode\/filtra-bumbinas-700-g\/","url":"https:\/\/awero.ee\/lv\/toode\/filtra-bumbinas-700-g\/","name":"Filtra bumbi\u0146as (700 g) - Awero - S\u00fcdamega L\u00f5una-Eestist","isPartOf":{"@id":"https:\/\/awero.ee\/lv\/#website"},"primaryImageOfPage":{"@id":"https:\/\/awero.ee\/lv\/toode\/filtra-bumbinas-700-g\/#primaryimage"},"image":{"@id":"https:\/\/awero.ee\/lv\/toode\/filtra-bumbinas-700-g\/#primaryimage"},"thumbnailUrl":"https:\/\/awero.ee\/wp-content\/uploads\/2025\/02\/Filtripallid.jpg","datePublished":"2025-02-17T11:40:51+00:00","dateModified":"2026-03-10T07:58:58+00:00","breadcrumb":{"@id":"https:\/\/awero.ee\/lv\/toode\/filtra-bumbinas-700-g\/#breadcrumb"},"inLanguage":"lv-LV","potentialAction":[{"@type":"ReadAction","target":["https:\/\/awero.ee\/lv\/toode\/filtra-bumbinas-700-g\/"]}]},{"@type":"ImageObject","inLanguage":"lv-LV","@id":"https:\/\/awero.ee\/lv\/toode\/filtra-bumbinas-700-g\/#primaryimage","url":"https:\/\/awero.ee\/wp-content\/uploads\/2025\/02\/Filtripallid.jpg","contentUrl":"https:\/\/awero.ee\/wp-content\/uploads\/2025\/02\/Filtripallid.jpg","width":967,"height":834},{"@type":"BreadcrumbList","@id":"https:\/\/awero.ee\/lv\/toode\/filtra-bumbinas-700-g\/#breadcrumb","itemListElement":[{"@type":"ListItem","position":1,"name":"Home","item":"https:\/\/awero.ee\/lv\/sakums\/"},{"@type":"ListItem","position":2,"name":"Veikals","item":"https:\/\/awero.ee\/lv\/veikals\/"},{"@type":"ListItem","position":3,"name":"Filtra bumbi\u0146as (700 g)"}]},{"@type":"WebSite","@id":"https:\/\/awero.ee\/lv\/#website","url":"https:\/\/awero.ee\/lv\/","name":"Awero - S\u00fcdamega L\u00f5una Eestist","description":"","publisher":{"@id":"https:\/\/awero.ee\/lv\/#organization"},"potentialAction":[{"@type":"SearchAction","target":{"@type":"EntryPoint","urlTemplate":"https:\/\/awero.ee\/lv\/?s={search_term_string}"},"query-input":{"@type":"PropertyValueSpecification","valueRequired":true,"valueName":"search_term_string"}}],"inLanguage":"lv-LV"},{"@type":"Organization","@id":"https:\/\/awero.ee\/lv\/#organization","name":"Awero - S\u00fcdamega L\u00f5una Eestist","url":"https:\/\/awero.ee\/lv\/","logo":{"@type":"ImageObject","inLanguage":"lv-LV","@id":"https:\/\/awero.ee\/lv\/#\/schema\/logo\/image\/","url":"https:\/\/awero.ee\/wp-content\/uploads\/2024\/07\/aweroplaceholder.jpg","contentUrl":"https:\/\/awero.ee\/wp-content\/uploads\/2024\/07\/aweroplaceholder.jpg","width":1250,"height":834,"caption":"Awero - S\u00fcdamega L\u00f5una Eestist"},"image":{"@id":"https:\/\/awero.ee\/lv\/#\/schema\/logo\/image\/"}}]}},"_links":{"self":[{"href":"https:\/\/awero.ee\/lv\/wp-json\/wp\/v2\/product\/12807","targetHints":{"allow":["GET"]}}],"collection":[{"href":"https:\/\/awero.ee\/lv\/wp-json\/wp\/v2\/product"}],"about":[{"href":"https:\/\/awero.ee\/lv\/wp-json\/wp\/v2\/types\/product"}],"wp:featuredmedia":[{"embeddable":true,"href":"https:\/\/awero.ee\/lv\/wp-json\/wp\/v2\/media\/12808"}],"wp:attachment":[{"href":"https:\/\/awero.ee\/lv\/wp-json\/wp\/v2\/media?parent=12807"}],"wp:term":[{"taxonomy":"product_brand","embeddable":true,"href":"https:\/\/awero.ee\/lv\/wp-json\/wp\/v2\/product_brand?post=12807"},{"taxonomy":"product_cat","embeddable":true,"href":"https:\/\/awero.ee\/lv\/wp-json\/wp\/v2\/product_cat?post=12807"},{"taxonomy":"product_tag","embeddable":true,"href":"https:\/\/awero.ee\/lv\/wp-json\/wp\/v2\/product_tag?post=12807"}],"curies":[{"name":"wp","href":"https:\/\/api.w.org\/{rel}","templated":true}]}}