{"id":12803,"date":"2025-03-01T06:40:55","date_gmt":"2025-03-01T06:40:55","guid":{"rendered":"https:\/\/awero.ee\/toode\/elektriska-apsilde-6-kw\/"},"modified":"2026-03-10T07:58:57","modified_gmt":"2026-03-10T07:58:57","slug":"elektriska-apsilde-6-kw","status":"publish","type":"product","link":"https:\/\/awero.ee\/lv\/toode\/elektriska-apsilde-6-kw\/","title":{"rendered":"Elektrisk\u0101 apsilde 6 kW"},"content":{"rendered":"<p data-start=\"619\" data-end=\"641\"><strong data-start=\"619\" data-end=\"641\">Tehniskie dati<\/strong><\/p>\n<ul>\n<li data-start=\"644\" data-end=\"661\">Jauda: 6 kW<\/li>\n<li data-start=\"664\" data-end=\"697\">Baro\u0161ana: tr\u012bsf\u0101zu (400 V)<\/li>\n<li data-start=\"700\" data-end=\"723\">Str\u0101vas pat\u0113ri\u0146\u0161: 3 \u00d7 9 A<\/li>\n<li data-start=\"726\" data-end=\"754\">Darbojas kop\u0101 ar filtr\u0101cijas sist\u0113mu<\/li>\n<li data-start=\"757\" data-end=\"807\">Sildelementam nav ieb\u016bv\u0113tas cirkul\u0101cijas sist\u0113mas<\/li>\n<\/ul>\n","protected":false},"excerpt":{"rendered":"<p data-start=\"180\" data-end=\"386\">Tr\u012bsf\u0101\u017eu 6 kW elektriskais sildelements ir paredz\u0113ts kublas \u016bdens \u0101trai un efekt\u012bvai uzsild\u012b\u0161anai. Liel\u0101ka siltumjauda \u013cauj sa\u012bsin\u0101t uzsild\u012b\u0161anas laiku un labi piem\u0113rots regul\u0101rai lieto\u0161anai. <\/p>\n<p data-start=\"388\" data-end=\"617\">Ier\u012bce darbojas tikai kop\u0101 ar <strong data-start=\"401\" data-end=\"437\"><a href=\"https:\/\/awero.ee\/lv\/toode\/filtracijas-sistema-ar-filtresanas-bumbinam-filtermax\/\">filtr\u0101cijas sist\u0113mu,<\/a><\/strong> jo sildelementam nav neatkar\u012bgas cirkul\u0101cijas. Filtr\u0101cijas sist\u0113ma nodro\u0161ina \u016bdens past\u0101v\u012bgu cirkul\u0101ciju caur sildelementu, kas nepiecie\u0161ama gan efekt\u012bvai sild\u012b\u0161anai, gan dro\u0161ai darb\u012bbai. <\/p>\n","protected":false},"featured_media":12804,"template":"","meta":{"_acf_changed":false},"product_brand":[],"product_cat":[1617],"product_tag":[],"class_list":{"0":"post-12803","1":"product","2":"type-product","3":"status-publish","4":"has-post-thumbnail","6":"product_cat-papildaprikojums","8":"first","9":"instock","10":"shipping-taxable","11":"product-type-simple"},"acf":[],"yoast_head":"<!-- This site is optimized with the Yoast SEO plugin v26.8 - https:\/\/yoast.com\/product\/yoast-seo-wordpress\/ -->\n<title>Elektrisk\u0101 apsilde 6 kW - Awero - S\u00fcdamega L\u00f5una-Eestist<\/title>\n<meta name=\"robots\" content=\"index, follow, max-snippet:-1, max-image-preview:large, max-video-preview:-1\" \/>\n<link rel=\"canonical\" href=\"https:\/\/awero.ee\/lv\/toode\/elektriska-apsilde-6-kw\/\" \/>\n<meta property=\"og:locale\" content=\"lv_LV\" \/>\n<meta property=\"og:type\" content=\"article\" \/>\n<meta property=\"og:title\" content=\"Elektrisk\u0101 apsilde 6 kW - Awero - S\u00fcdamega L\u00f5una-Eestist\" \/>\n<meta property=\"og:description\" content=\"Tr\u012bsf\u0101\u017eu 6 kW elektriskais sildelements ir paredz\u0113ts kublas \u016bdens \u0101trai un efekt\u012bvai uzsild\u012b\u0161anai. Liel\u0101ka siltumjauda \u013cauj sa\u012bsin\u0101t uzsild\u012b\u0161anas laiku un labi piem\u0113rots regul\u0101rai lieto\u0161anai. Ier\u012bce darbojas tikai kop\u0101 ar filtr\u0101cijas sist\u0113mu, jo sildelementam nav neatkar\u012bgas cirkul\u0101cijas. Filtr\u0101cijas sist\u0113ma nodro\u0161ina \u016bdens past\u0101v\u012bgu cirkul\u0101ciju caur sildelementu, kas nepiecie\u0161ama gan efekt\u012bvai sild\u012b\u0161anai, gan dro\u0161ai darb\u012bbai.\" \/>\n<meta property=\"og:url\" content=\"https:\/\/awero.ee\/lv\/toode\/elektriska-apsilde-6-kw\/\" \/>\n<meta property=\"og:site_name\" content=\"Awero - S\u00fcdamega L\u00f5una-Eestist\" \/>\n<meta property=\"article:modified_time\" content=\"2026-03-10T07:58:57+00:00\" \/>\n<meta property=\"og:image\" content=\"https:\/\/awero.ee\/wp-content\/uploads\/2025\/03\/Elektrikutte-element-6kW.jpg\" \/>\n\t<meta property=\"og:image:width\" content=\"768\" \/>\n\t<meta property=\"og:image:height\" content=\"843\" \/>\n\t<meta property=\"og:image:type\" content=\"image\/jpeg\" \/>\n<meta name=\"twitter:card\" content=\"summary_large_image\" \/>\n<script type=\"application\/ld+json\" class=\"yoast-schema-graph\">{\"@context\":\"https:\/\/schema.org\",\"@graph\":[{\"@type\":\"WebPage\",\"@id\":\"https:\/\/awero.ee\/lv\/toode\/elektriska-apsilde-6-kw\/\",\"url\":\"https:\/\/awero.ee\/lv\/toode\/elektriska-apsilde-6-kw\/\",\"name\":\"Elektrisk\u0101 apsilde 6 kW - Awero - S\u00fcdamega L\u00f5una-Eestist\",\"isPartOf\":{\"@id\":\"https:\/\/awero.ee\/lv\/#website\"},\"primaryImageOfPage\":{\"@id\":\"https:\/\/awero.ee\/lv\/toode\/elektriska-apsilde-6-kw\/#primaryimage\"},\"image\":{\"@id\":\"https:\/\/awero.ee\/lv\/toode\/elektriska-apsilde-6-kw\/#primaryimage\"},\"thumbnailUrl\":\"https:\/\/awero.ee\/wp-content\/uploads\/2025\/03\/Elektrikutte-element-6kW.jpg\",\"datePublished\":\"2025-03-01T06:40:55+00:00\",\"dateModified\":\"2026-03-10T07:58:57+00:00\",\"breadcrumb\":{\"@id\":\"https:\/\/awero.ee\/lv\/toode\/elektriska-apsilde-6-kw\/#breadcrumb\"},\"inLanguage\":\"lv-LV\",\"potentialAction\":[{\"@type\":\"ReadAction\",\"target\":[\"https:\/\/awero.ee\/lv\/toode\/elektriska-apsilde-6-kw\/\"]}]},{\"@type\":\"ImageObject\",\"inLanguage\":\"lv-LV\",\"@id\":\"https:\/\/awero.ee\/lv\/toode\/elektriska-apsilde-6-kw\/#primaryimage\",\"url\":\"https:\/\/awero.ee\/wp-content\/uploads\/2025\/03\/Elektrikutte-element-6kW.jpg\",\"contentUrl\":\"https:\/\/awero.ee\/wp-content\/uploads\/2025\/03\/Elektrikutte-element-6kW.jpg\",\"width\":768,\"height\":843},{\"@type\":\"BreadcrumbList\",\"@id\":\"https:\/\/awero.ee\/lv\/toode\/elektriska-apsilde-6-kw\/#breadcrumb\",\"itemListElement\":[{\"@type\":\"ListItem\",\"position\":1,\"name\":\"Home\",\"item\":\"https:\/\/awero.ee\/lv\/sakums\/\"},{\"@type\":\"ListItem\",\"position\":2,\"name\":\"Veikals\",\"item\":\"https:\/\/awero.ee\/lv\/veikals\/\"},{\"@type\":\"ListItem\",\"position\":3,\"name\":\"Elektrisk\u0101 apsilde 6 kW\"}]},{\"@type\":\"WebSite\",\"@id\":\"https:\/\/awero.ee\/lv\/#website\",\"url\":\"https:\/\/awero.ee\/lv\/\",\"name\":\"Awero - S\u00fcdamega L\u00f5una Eestist\",\"description\":\"\",\"publisher\":{\"@id\":\"https:\/\/awero.ee\/lv\/#organization\"},\"potentialAction\":[{\"@type\":\"SearchAction\",\"target\":{\"@type\":\"EntryPoint\",\"urlTemplate\":\"https:\/\/awero.ee\/lv\/?s={search_term_string}\"},\"query-input\":{\"@type\":\"PropertyValueSpecification\",\"valueRequired\":true,\"valueName\":\"search_term_string\"}}],\"inLanguage\":\"lv-LV\"},{\"@type\":\"Organization\",\"@id\":\"https:\/\/awero.ee\/lv\/#organization\",\"name\":\"Awero - S\u00fcdamega L\u00f5una Eestist\",\"url\":\"https:\/\/awero.ee\/lv\/\",\"logo\":{\"@type\":\"ImageObject\",\"inLanguage\":\"lv-LV\",\"@id\":\"https:\/\/awero.ee\/lv\/#\/schema\/logo\/image\/\",\"url\":\"https:\/\/awero.ee\/wp-content\/uploads\/2024\/07\/aweroplaceholder.jpg\",\"contentUrl\":\"https:\/\/awero.ee\/wp-content\/uploads\/2024\/07\/aweroplaceholder.jpg\",\"width\":1250,\"height\":834,\"caption\":\"Awero - S\u00fcdamega L\u00f5una Eestist\"},\"image\":{\"@id\":\"https:\/\/awero.ee\/lv\/#\/schema\/logo\/image\/\"}}]}<\/script>\n<!-- \/ Yoast SEO plugin. -->","yoast_head_json":{"title":"Elektrisk\u0101 apsilde 6 kW - Awero - S\u00fcdamega L\u00f5una-Eestist","robots":{"index":"index","follow":"follow","max-snippet":"max-snippet:-1","max-image-preview":"max-image-preview:large","max-video-preview":"max-video-preview:-1"},"canonical":"https:\/\/awero.ee\/lv\/toode\/elektriska-apsilde-6-kw\/","og_locale":"lv_LV","og_type":"article","og_title":"Elektrisk\u0101 apsilde 6 kW - Awero - S\u00fcdamega L\u00f5una-Eestist","og_description":"Tr\u012bsf\u0101\u017eu 6 kW elektriskais sildelements ir paredz\u0113ts kublas \u016bdens \u0101trai un efekt\u012bvai uzsild\u012b\u0161anai. Liel\u0101ka siltumjauda \u013cauj sa\u012bsin\u0101t uzsild\u012b\u0161anas laiku un labi piem\u0113rots regul\u0101rai lieto\u0161anai. Ier\u012bce darbojas tikai kop\u0101 ar filtr\u0101cijas sist\u0113mu, jo sildelementam nav neatkar\u012bgas cirkul\u0101cijas. Filtr\u0101cijas sist\u0113ma nodro\u0161ina \u016bdens past\u0101v\u012bgu cirkul\u0101ciju caur sildelementu, kas nepiecie\u0161ama gan efekt\u012bvai sild\u012b\u0161anai, gan dro\u0161ai darb\u012bbai.","og_url":"https:\/\/awero.ee\/lv\/toode\/elektriska-apsilde-6-kw\/","og_site_name":"Awero - S\u00fcdamega L\u00f5una-Eestist","article_modified_time":"2026-03-10T07:58:57+00:00","og_image":[{"width":768,"height":843,"url":"https:\/\/awero.ee\/wp-content\/uploads\/2025\/03\/Elektrikutte-element-6kW.jpg","type":"image\/jpeg"}],"twitter_card":"summary_large_image","schema":{"@context":"https:\/\/schema.org","@graph":[{"@type":"WebPage","@id":"https:\/\/awero.ee\/lv\/toode\/elektriska-apsilde-6-kw\/","url":"https:\/\/awero.ee\/lv\/toode\/elektriska-apsilde-6-kw\/","name":"Elektrisk\u0101 apsilde 6 kW - Awero - S\u00fcdamega L\u00f5una-Eestist","isPartOf":{"@id":"https:\/\/awero.ee\/lv\/#website"},"primaryImageOfPage":{"@id":"https:\/\/awero.ee\/lv\/toode\/elektriska-apsilde-6-kw\/#primaryimage"},"image":{"@id":"https:\/\/awero.ee\/lv\/toode\/elektriska-apsilde-6-kw\/#primaryimage"},"thumbnailUrl":"https:\/\/awero.ee\/wp-content\/uploads\/2025\/03\/Elektrikutte-element-6kW.jpg","datePublished":"2025-03-01T06:40:55+00:00","dateModified":"2026-03-10T07:58:57+00:00","breadcrumb":{"@id":"https:\/\/awero.ee\/lv\/toode\/elektriska-apsilde-6-kw\/#breadcrumb"},"inLanguage":"lv-LV","potentialAction":[{"@type":"ReadAction","target":["https:\/\/awero.ee\/lv\/toode\/elektriska-apsilde-6-kw\/"]}]},{"@type":"ImageObject","inLanguage":"lv-LV","@id":"https:\/\/awero.ee\/lv\/toode\/elektriska-apsilde-6-kw\/#primaryimage","url":"https:\/\/awero.ee\/wp-content\/uploads\/2025\/03\/Elektrikutte-element-6kW.jpg","contentUrl":"https:\/\/awero.ee\/wp-content\/uploads\/2025\/03\/Elektrikutte-element-6kW.jpg","width":768,"height":843},{"@type":"BreadcrumbList","@id":"https:\/\/awero.ee\/lv\/toode\/elektriska-apsilde-6-kw\/#breadcrumb","itemListElement":[{"@type":"ListItem","position":1,"name":"Home","item":"https:\/\/awero.ee\/lv\/sakums\/"},{"@type":"ListItem","position":2,"name":"Veikals","item":"https:\/\/awero.ee\/lv\/veikals\/"},{"@type":"ListItem","position":3,"name":"Elektrisk\u0101 apsilde 6 kW"}]},{"@type":"WebSite","@id":"https:\/\/awero.ee\/lv\/#website","url":"https:\/\/awero.ee\/lv\/","name":"Awero - S\u00fcdamega L\u00f5una Eestist","description":"","publisher":{"@id":"https:\/\/awero.ee\/lv\/#organization"},"potentialAction":[{"@type":"SearchAction","target":{"@type":"EntryPoint","urlTemplate":"https:\/\/awero.ee\/lv\/?s={search_term_string}"},"query-input":{"@type":"PropertyValueSpecification","valueRequired":true,"valueName":"search_term_string"}}],"inLanguage":"lv-LV"},{"@type":"Organization","@id":"https:\/\/awero.ee\/lv\/#organization","name":"Awero - S\u00fcdamega L\u00f5una Eestist","url":"https:\/\/awero.ee\/lv\/","logo":{"@type":"ImageObject","inLanguage":"lv-LV","@id":"https:\/\/awero.ee\/lv\/#\/schema\/logo\/image\/","url":"https:\/\/awero.ee\/wp-content\/uploads\/2024\/07\/aweroplaceholder.jpg","contentUrl":"https:\/\/awero.ee\/wp-content\/uploads\/2024\/07\/aweroplaceholder.jpg","width":1250,"height":834,"caption":"Awero - S\u00fcdamega L\u00f5una Eestist"},"image":{"@id":"https:\/\/awero.ee\/lv\/#\/schema\/logo\/image\/"}}]}},"_links":{"self":[{"href":"https:\/\/awero.ee\/lv\/wp-json\/wp\/v2\/product\/12803","targetHints":{"allow":["GET"]}}],"collection":[{"href":"https:\/\/awero.ee\/lv\/wp-json\/wp\/v2\/product"}],"about":[{"href":"https:\/\/awero.ee\/lv\/wp-json\/wp\/v2\/types\/product"}],"wp:featuredmedia":[{"embeddable":true,"href":"https:\/\/awero.ee\/lv\/wp-json\/wp\/v2\/media\/12804"}],"wp:attachment":[{"href":"https:\/\/awero.ee\/lv\/wp-json\/wp\/v2\/media?parent=12803"}],"wp:term":[{"taxonomy":"product_brand","embeddable":true,"href":"https:\/\/awero.ee\/lv\/wp-json\/wp\/v2\/product_brand?post=12803"},{"taxonomy":"product_cat","embeddable":true,"href":"https:\/\/awero.ee\/lv\/wp-json\/wp\/v2\/product_cat?post=12803"},{"taxonomy":"product_tag","embeddable":true,"href":"https:\/\/awero.ee\/lv\/wp-json\/wp\/v2\/product_tag?post=12803"}],"curies":[{"name":"wp","href":"https:\/\/api.w.org\/{rel}","templated":true}]}}