{"id":12796,"date":"2025-03-24T13:44:54","date_gmt":"2025-03-24T13:44:54","guid":{"rendered":"https:\/\/awero.ee\/toode\/hidromasaza-motors-11-kw\/"},"modified":"2026-03-10T07:58:54","modified_gmt":"2026-03-10T07:58:54","slug":"hidromasaza-motors-11-kw","status":"publish","type":"product","link":"https:\/\/awero.ee\/lv\/toode\/hidromasaza-motors-11-kw\/","title":{"rendered":"Hidromas\u0101\u017ea (motors 1,1 kW)"},"content":{"rendered":"<p data-start=\"627\" data-end=\"649\"><strong>Galven\u0101s \u012bpa\u0161\u012bbas:<\/strong><\/p>\n<ul>\n<li data-start=\"652\" data-end=\"679\">Motora jauda: 1,1 kW<\/li>\n<li data-start=\"682\" data-end=\"713\">Sp\u0113c\u012bgs \u016bdens spiediens un mas\u0101\u017eas efekts<\/li>\n<li data-start=\"716\" data-end=\"763\">Paredz\u0113ta galvenok\u0101rt silt\u0101kam gadalaikam<\/li>\n<li data-start=\"766\" data-end=\"811\">Ziem\u0101 palielin\u0101ts sal\u0161anas risks<\/li>\n<\/ul>\n","protected":false},"excerpt":{"rendered":"<p data-start=\"124\" data-end=\"375\">Hidromas\u0101\u017eas sist\u0113ma ir apr\u012bkota ar 1,1 kW jaud\u012bgu motoru, kas nodro\u0161ina sp\u0113c\u012bgu un pat\u012bkamu \u016bdens mas\u0101\u017eu kubul\u0101. Sist\u0113ma paredz\u0113ta galvenok\u0101rt silt\u0101kam laikam, <strong data-start=\"315\" data-end=\"374\">jo ziem\u0101 to izmantot nav ieteicams sal\u0161anas riska d\u0113\u013c.<\/strong> <\/p>\n<p data-start=\"377\" data-end=\"625\">Hidromas\u0101\u017ea darbojas \u016bdens cirkul\u0101cijas princip\u0101 un prasa nep\u0101rtrauktu \u016bdens piepild\u012bjumu, lai darbotos pareizi un dro\u0161i. Zemu temperat\u016bru apst\u0101k\u013cos sist\u0113mas cauru\u013cvadi un motors var tikt boj\u0101ti, ja ier\u012bce nav pareizi iztuk\u0161ota vai aizsarg\u0101ta. <\/p>\n","protected":false},"featured_media":12797,"template":"","meta":{"_acf_changed":false},"product_brand":[],"product_cat":[1617],"product_tag":[],"class_list":{"0":"post-12796","1":"product","2":"type-product","3":"status-publish","4":"has-post-thumbnail","6":"product_cat-papildaprikojums","8":"first","9":"instock","10":"shipping-taxable","11":"product-type-simple"},"acf":[],"yoast_head":"<!-- This site is optimized with the Yoast SEO plugin v26.8 - https:\/\/yoast.com\/product\/yoast-seo-wordpress\/ -->\n<title>Hidromas\u0101\u017ea (motors 1,1 kW) - Awero - S\u00fcdamega L\u00f5una-Eestist<\/title>\n<meta name=\"robots\" content=\"index, follow, max-snippet:-1, max-image-preview:large, max-video-preview:-1\" \/>\n<link rel=\"canonical\" href=\"https:\/\/awero.ee\/lv\/toode\/hidromasaza-motors-11-kw\/\" \/>\n<meta property=\"og:locale\" content=\"lv_LV\" \/>\n<meta property=\"og:type\" content=\"article\" \/>\n<meta property=\"og:title\" content=\"Hidromas\u0101\u017ea (motors 1,1 kW) - Awero - S\u00fcdamega L\u00f5una-Eestist\" \/>\n<meta property=\"og:description\" content=\"Hidromas\u0101\u017eas sist\u0113ma ir apr\u012bkota ar 1,1 kW jaud\u012bgu motoru, kas nodro\u0161ina sp\u0113c\u012bgu un pat\u012bkamu \u016bdens mas\u0101\u017eu kubul\u0101. Sist\u0113ma paredz\u0113ta galvenok\u0101rt silt\u0101kam laikam, jo ziem\u0101 to izmantot nav ieteicams sal\u0161anas riska d\u0113\u013c. Hidromas\u0101\u017ea darbojas \u016bdens cirkul\u0101cijas princip\u0101 un prasa nep\u0101rtrauktu \u016bdens piepild\u012bjumu, lai darbotos pareizi un dro\u0161i. Zemu temperat\u016bru apst\u0101k\u013cos sist\u0113mas cauru\u013cvadi un motors var tikt boj\u0101ti, ja ier\u012bce nav pareizi iztuk\u0161ota vai aizsarg\u0101ta.\" \/>\n<meta property=\"og:url\" content=\"https:\/\/awero.ee\/lv\/toode\/hidromasaza-motors-11-kw\/\" \/>\n<meta property=\"og:site_name\" content=\"Awero - S\u00fcdamega L\u00f5una-Eestist\" \/>\n<meta property=\"article:modified_time\" content=\"2026-03-10T07:58:54+00:00\" \/>\n<meta property=\"og:image\" content=\"https:\/\/awero.ee\/wp-content\/uploads\/2025\/03\/Hudromassaaz.jpg\" \/>\n\t<meta property=\"og:image:width\" content=\"735\" \/>\n\t<meta property=\"og:image:height\" content=\"446\" \/>\n\t<meta property=\"og:image:type\" content=\"image\/jpeg\" \/>\n<meta name=\"twitter:card\" content=\"summary_large_image\" \/>\n<script type=\"application\/ld+json\" class=\"yoast-schema-graph\">{\"@context\":\"https:\/\/schema.org\",\"@graph\":[{\"@type\":\"WebPage\",\"@id\":\"https:\/\/awero.ee\/lv\/toode\/hidromasaza-motors-11-kw\/\",\"url\":\"https:\/\/awero.ee\/lv\/toode\/hidromasaza-motors-11-kw\/\",\"name\":\"Hidromas\u0101\u017ea (motors 1,1 kW) - Awero - S\u00fcdamega L\u00f5una-Eestist\",\"isPartOf\":{\"@id\":\"https:\/\/awero.ee\/lv\/#website\"},\"primaryImageOfPage\":{\"@id\":\"https:\/\/awero.ee\/lv\/toode\/hidromasaza-motors-11-kw\/#primaryimage\"},\"image\":{\"@id\":\"https:\/\/awero.ee\/lv\/toode\/hidromasaza-motors-11-kw\/#primaryimage\"},\"thumbnailUrl\":\"https:\/\/awero.ee\/wp-content\/uploads\/2025\/03\/Hudromassaaz.jpg\",\"datePublished\":\"2025-03-24T13:44:54+00:00\",\"dateModified\":\"2026-03-10T07:58:54+00:00\",\"breadcrumb\":{\"@id\":\"https:\/\/awero.ee\/lv\/toode\/hidromasaza-motors-11-kw\/#breadcrumb\"},\"inLanguage\":\"lv-LV\",\"potentialAction\":[{\"@type\":\"ReadAction\",\"target\":[\"https:\/\/awero.ee\/lv\/toode\/hidromasaza-motors-11-kw\/\"]}]},{\"@type\":\"ImageObject\",\"inLanguage\":\"lv-LV\",\"@id\":\"https:\/\/awero.ee\/lv\/toode\/hidromasaza-motors-11-kw\/#primaryimage\",\"url\":\"https:\/\/awero.ee\/wp-content\/uploads\/2025\/03\/Hudromassaaz.jpg\",\"contentUrl\":\"https:\/\/awero.ee\/wp-content\/uploads\/2025\/03\/Hudromassaaz.jpg\",\"width\":735,\"height\":446},{\"@type\":\"BreadcrumbList\",\"@id\":\"https:\/\/awero.ee\/lv\/toode\/hidromasaza-motors-11-kw\/#breadcrumb\",\"itemListElement\":[{\"@type\":\"ListItem\",\"position\":1,\"name\":\"Home\",\"item\":\"https:\/\/awero.ee\/lv\/sakums\/\"},{\"@type\":\"ListItem\",\"position\":2,\"name\":\"Veikals\",\"item\":\"https:\/\/awero.ee\/lv\/veikals\/\"},{\"@type\":\"ListItem\",\"position\":3,\"name\":\"Hidromas\u0101\u017ea (motors 1,1 kW)\"}]},{\"@type\":\"WebSite\",\"@id\":\"https:\/\/awero.ee\/lv\/#website\",\"url\":\"https:\/\/awero.ee\/lv\/\",\"name\":\"Awero - S\u00fcdamega L\u00f5una Eestist\",\"description\":\"\",\"publisher\":{\"@id\":\"https:\/\/awero.ee\/lv\/#organization\"},\"potentialAction\":[{\"@type\":\"SearchAction\",\"target\":{\"@type\":\"EntryPoint\",\"urlTemplate\":\"https:\/\/awero.ee\/lv\/?s={search_term_string}\"},\"query-input\":{\"@type\":\"PropertyValueSpecification\",\"valueRequired\":true,\"valueName\":\"search_term_string\"}}],\"inLanguage\":\"lv-LV\"},{\"@type\":\"Organization\",\"@id\":\"https:\/\/awero.ee\/lv\/#organization\",\"name\":\"Awero - S\u00fcdamega L\u00f5una Eestist\",\"url\":\"https:\/\/awero.ee\/lv\/\",\"logo\":{\"@type\":\"ImageObject\",\"inLanguage\":\"lv-LV\",\"@id\":\"https:\/\/awero.ee\/lv\/#\/schema\/logo\/image\/\",\"url\":\"https:\/\/awero.ee\/wp-content\/uploads\/2024\/07\/aweroplaceholder.jpg\",\"contentUrl\":\"https:\/\/awero.ee\/wp-content\/uploads\/2024\/07\/aweroplaceholder.jpg\",\"width\":1250,\"height\":834,\"caption\":\"Awero - S\u00fcdamega L\u00f5una Eestist\"},\"image\":{\"@id\":\"https:\/\/awero.ee\/lv\/#\/schema\/logo\/image\/\"}}]}<\/script>\n<!-- \/ Yoast SEO plugin. -->","yoast_head_json":{"title":"Hidromas\u0101\u017ea (motors 1,1 kW) - Awero - S\u00fcdamega L\u00f5una-Eestist","robots":{"index":"index","follow":"follow","max-snippet":"max-snippet:-1","max-image-preview":"max-image-preview:large","max-video-preview":"max-video-preview:-1"},"canonical":"https:\/\/awero.ee\/lv\/toode\/hidromasaza-motors-11-kw\/","og_locale":"lv_LV","og_type":"article","og_title":"Hidromas\u0101\u017ea (motors 1,1 kW) - Awero - S\u00fcdamega L\u00f5una-Eestist","og_description":"Hidromas\u0101\u017eas sist\u0113ma ir apr\u012bkota ar 1,1 kW jaud\u012bgu motoru, kas nodro\u0161ina sp\u0113c\u012bgu un pat\u012bkamu \u016bdens mas\u0101\u017eu kubul\u0101. Sist\u0113ma paredz\u0113ta galvenok\u0101rt silt\u0101kam laikam, jo ziem\u0101 to izmantot nav ieteicams sal\u0161anas riska d\u0113\u013c. Hidromas\u0101\u017ea darbojas \u016bdens cirkul\u0101cijas princip\u0101 un prasa nep\u0101rtrauktu \u016bdens piepild\u012bjumu, lai darbotos pareizi un dro\u0161i. Zemu temperat\u016bru apst\u0101k\u013cos sist\u0113mas cauru\u013cvadi un motors var tikt boj\u0101ti, ja ier\u012bce nav pareizi iztuk\u0161ota vai aizsarg\u0101ta.","og_url":"https:\/\/awero.ee\/lv\/toode\/hidromasaza-motors-11-kw\/","og_site_name":"Awero - S\u00fcdamega L\u00f5una-Eestist","article_modified_time":"2026-03-10T07:58:54+00:00","og_image":[{"width":735,"height":446,"url":"https:\/\/awero.ee\/wp-content\/uploads\/2025\/03\/Hudromassaaz.jpg","type":"image\/jpeg"}],"twitter_card":"summary_large_image","schema":{"@context":"https:\/\/schema.org","@graph":[{"@type":"WebPage","@id":"https:\/\/awero.ee\/lv\/toode\/hidromasaza-motors-11-kw\/","url":"https:\/\/awero.ee\/lv\/toode\/hidromasaza-motors-11-kw\/","name":"Hidromas\u0101\u017ea (motors 1,1 kW) - Awero - S\u00fcdamega L\u00f5una-Eestist","isPartOf":{"@id":"https:\/\/awero.ee\/lv\/#website"},"primaryImageOfPage":{"@id":"https:\/\/awero.ee\/lv\/toode\/hidromasaza-motors-11-kw\/#primaryimage"},"image":{"@id":"https:\/\/awero.ee\/lv\/toode\/hidromasaza-motors-11-kw\/#primaryimage"},"thumbnailUrl":"https:\/\/awero.ee\/wp-content\/uploads\/2025\/03\/Hudromassaaz.jpg","datePublished":"2025-03-24T13:44:54+00:00","dateModified":"2026-03-10T07:58:54+00:00","breadcrumb":{"@id":"https:\/\/awero.ee\/lv\/toode\/hidromasaza-motors-11-kw\/#breadcrumb"},"inLanguage":"lv-LV","potentialAction":[{"@type":"ReadAction","target":["https:\/\/awero.ee\/lv\/toode\/hidromasaza-motors-11-kw\/"]}]},{"@type":"ImageObject","inLanguage":"lv-LV","@id":"https:\/\/awero.ee\/lv\/toode\/hidromasaza-motors-11-kw\/#primaryimage","url":"https:\/\/awero.ee\/wp-content\/uploads\/2025\/03\/Hudromassaaz.jpg","contentUrl":"https:\/\/awero.ee\/wp-content\/uploads\/2025\/03\/Hudromassaaz.jpg","width":735,"height":446},{"@type":"BreadcrumbList","@id":"https:\/\/awero.ee\/lv\/toode\/hidromasaza-motors-11-kw\/#breadcrumb","itemListElement":[{"@type":"ListItem","position":1,"name":"Home","item":"https:\/\/awero.ee\/lv\/sakums\/"},{"@type":"ListItem","position":2,"name":"Veikals","item":"https:\/\/awero.ee\/lv\/veikals\/"},{"@type":"ListItem","position":3,"name":"Hidromas\u0101\u017ea (motors 1,1 kW)"}]},{"@type":"WebSite","@id":"https:\/\/awero.ee\/lv\/#website","url":"https:\/\/awero.ee\/lv\/","name":"Awero - S\u00fcdamega L\u00f5una Eestist","description":"","publisher":{"@id":"https:\/\/awero.ee\/lv\/#organization"},"potentialAction":[{"@type":"SearchAction","target":{"@type":"EntryPoint","urlTemplate":"https:\/\/awero.ee\/lv\/?s={search_term_string}"},"query-input":{"@type":"PropertyValueSpecification","valueRequired":true,"valueName":"search_term_string"}}],"inLanguage":"lv-LV"},{"@type":"Organization","@id":"https:\/\/awero.ee\/lv\/#organization","name":"Awero - S\u00fcdamega L\u00f5una Eestist","url":"https:\/\/awero.ee\/lv\/","logo":{"@type":"ImageObject","inLanguage":"lv-LV","@id":"https:\/\/awero.ee\/lv\/#\/schema\/logo\/image\/","url":"https:\/\/awero.ee\/wp-content\/uploads\/2024\/07\/aweroplaceholder.jpg","contentUrl":"https:\/\/awero.ee\/wp-content\/uploads\/2024\/07\/aweroplaceholder.jpg","width":1250,"height":834,"caption":"Awero - S\u00fcdamega L\u00f5una Eestist"},"image":{"@id":"https:\/\/awero.ee\/lv\/#\/schema\/logo\/image\/"}}]}},"_links":{"self":[{"href":"https:\/\/awero.ee\/lv\/wp-json\/wp\/v2\/product\/12796","targetHints":{"allow":["GET"]}}],"collection":[{"href":"https:\/\/awero.ee\/lv\/wp-json\/wp\/v2\/product"}],"about":[{"href":"https:\/\/awero.ee\/lv\/wp-json\/wp\/v2\/types\/product"}],"wp:featuredmedia":[{"embeddable":true,"href":"https:\/\/awero.ee\/lv\/wp-json\/wp\/v2\/media\/12797"}],"wp:attachment":[{"href":"https:\/\/awero.ee\/lv\/wp-json\/wp\/v2\/media?parent=12796"}],"wp:term":[{"taxonomy":"product_brand","embeddable":true,"href":"https:\/\/awero.ee\/lv\/wp-json\/wp\/v2\/product_brand?post=12796"},{"taxonomy":"product_cat","embeddable":true,"href":"https:\/\/awero.ee\/lv\/wp-json\/wp\/v2\/product_cat?post=12796"},{"taxonomy":"product_tag","embeddable":true,"href":"https:\/\/awero.ee\/lv\/wp-json\/wp\/v2\/product_tag?post=12796"}],"curies":[{"name":"wp","href":"https:\/\/api.w.org\/{rel}","templated":true}]}}