{"id":12793,"date":"2025-03-01T06:41:20","date_gmt":"2025-03-01T06:41:20","guid":{"rendered":"https:\/\/awero.ee\/toode\/elektriskais-sildelements-3-kw\/"},"modified":"2026-03-10T07:58:56","modified_gmt":"2026-03-10T07:58:56","slug":"elektriskais-sildelements-3-kw","status":"publish","type":"product","link":"https:\/\/awero.ee\/lv\/toode\/elektriskais-sildelements-3-kw\/","title":{"rendered":"Elektriskais sildelements 3 kW"},"content":{"rendered":"<p><strong data-start=\"641\" data-end=\"663\">Galven\u0101s \u012bpa\u0161\u012bbas:<\/strong><\/p>\n<ul>\n<li>Jauda: 3 kW<\/li>\n<li>Str\u0101vas pat\u0113ri\u0146\u0161: 12 A<\/li>\n<li>Baro\u0161ana: vienf\u0101zes (230 V)<\/li>\n<li>Paredz\u0113ts kublas \u016bdens uzsild\u012b\u0161anai<\/li>\n<li>Darbojas tikai kop\u0101 ar filtr\u0101cijas sist\u0113mu<\/li>\n<li>Sildelementam nav ieb\u016bv\u0113tas cirkul\u0101cijas sist\u0113mas<\/li>\n<li>Efekt\u012bvs un energoefekt\u012bvs risin\u0101jums<\/li>\n<\/ul>\n","protected":false},"excerpt":{"rendered":"<p data-start=\"143\" data-end=\"417\">3 kW elektriskais sildelements ir uzticams un efekt\u012bvs risin\u0101jums kublas \u016bdens uzsild\u012b\u0161anai. Ier\u012bce paredz\u0113ta lieto\u0161anai kop\u0101 ar <strong data-start=\"280\" data-end=\"309\"><a href=\"https:\/\/awero.ee\/lv\/toode\/filtracijas-sistema-ar-filtresanas-bumbinam-filtermax\/\">filtr\u0101cijas sist\u0113mu, <\/a><\/strong>jo sildelementam nav neatkar\u012bgas cirkul\u0101cijas \u2013 \u016bdens pl\u016bsma caur sildelementu tiek nodro\u0161in\u0101ta ar filtr\u0101cijas sist\u0113mas pal\u012bdz\u012bbu. <\/p>\n<p data-start=\"419\" data-end=\"639\">Elektrisk\u0101 apsilde nodro\u0161ina stabilu un vienm\u0113r\u012bgu uzsild\u012b\u0161anu un ir piem\u0113rota gan sezon\u0101lai, gan regul\u0101rai lieto\u0161anai. Pateicoties vienf\u0101zes piesl\u0113gumam, uzst\u0101d\u012b\u0161ana ir vienk\u0101r\u0161a un piem\u0113rota standarta m\u0101jsaimniec\u012bbas elektrot\u012bklam. <\/p>\n","protected":false},"featured_media":12794,"template":"","meta":{"_acf_changed":false},"product_brand":[],"product_cat":[1617],"product_tag":[],"class_list":{"0":"post-12793","1":"product","2":"type-product","3":"status-publish","4":"has-post-thumbnail","6":"product_cat-papildaprikojums","8":"first","9":"instock","10":"shipping-taxable","11":"product-type-simple"},"acf":[],"yoast_head":"<!-- This site is optimized with the Yoast SEO plugin v27.5 - https:\/\/yoast.com\/product\/yoast-seo-wordpress\/ -->\n<title>Elektriskais sildelements 3 kW - Awero - S\u00fcdamega L\u00f5una-Eestist<\/title>\n<meta name=\"robots\" content=\"index, follow, max-snippet:-1, max-image-preview:large, max-video-preview:-1\" \/>\n<link rel=\"canonical\" href=\"https:\/\/awero.ee\/lv\/toode\/elektriskais-sildelements-3-kw\/\" \/>\n<meta property=\"og:locale\" content=\"lv_LV\" \/>\n<meta property=\"og:type\" content=\"article\" \/>\n<meta property=\"og:title\" content=\"Elektriskais sildelements 3 kW - Awero - S\u00fcdamega L\u00f5una-Eestist\" \/>\n<meta property=\"og:description\" content=\"3 kW elektriskais sildelements ir uzticams un efekt\u012bvs risin\u0101jums kublas \u016bdens uzsild\u012b\u0161anai. Ier\u012bce paredz\u0113ta lieto\u0161anai kop\u0101 ar filtr\u0101cijas sist\u0113mu, jo sildelementam nav neatkar\u012bgas cirkul\u0101cijas \u2013 \u016bdens pl\u016bsma caur sildelementu tiek nodro\u0161in\u0101ta ar filtr\u0101cijas sist\u0113mas pal\u012bdz\u012bbu. Elektrisk\u0101 apsilde nodro\u0161ina stabilu un vienm\u0113r\u012bgu uzsild\u012b\u0161anu un ir piem\u0113rota gan sezon\u0101lai, gan regul\u0101rai lieto\u0161anai. Pateicoties vienf\u0101zes piesl\u0113gumam, uzst\u0101d\u012b\u0161ana ir vienk\u0101r\u0161a un piem\u0113rota standarta m\u0101jsaimniec\u012bbas elektrot\u012bklam.\" \/>\n<meta property=\"og:url\" content=\"https:\/\/awero.ee\/lv\/toode\/elektriskais-sildelements-3-kw\/\" \/>\n<meta property=\"og:site_name\" content=\"Awero - S\u00fcdamega L\u00f5una-Eestist\" \/>\n<meta property=\"article:modified_time\" content=\"2026-03-10T07:58:56+00:00\" \/>\n<meta property=\"og:image\" content=\"https:\/\/awero.ee\/wp-content\/uploads\/2025\/03\/Elektrikutte-element-3kW.png\" \/>\n\t<meta property=\"og:image:width\" content=\"700\" \/>\n\t<meta property=\"og:image:height\" content=\"700\" \/>\n\t<meta property=\"og:image:type\" content=\"image\/png\" \/>\n<meta name=\"twitter:card\" content=\"summary_large_image\" \/>\n<script type=\"application\/ld+json\" class=\"yoast-schema-graph\">{\"@context\":\"https:\\\/\\\/schema.org\",\"@graph\":[{\"@type\":\"WebPage\",\"@id\":\"https:\\\/\\\/awero.ee\\\/lv\\\/toode\\\/elektriskais-sildelements-3-kw\\\/\",\"url\":\"https:\\\/\\\/awero.ee\\\/lv\\\/toode\\\/elektriskais-sildelements-3-kw\\\/\",\"name\":\"Elektriskais sildelements 3 kW - Awero - S\u00fcdamega L\u00f5una-Eestist\",\"isPartOf\":{\"@id\":\"https:\\\/\\\/awero.ee\\\/lv\\\/#website\"},\"primaryImageOfPage\":{\"@id\":\"https:\\\/\\\/awero.ee\\\/lv\\\/toode\\\/elektriskais-sildelements-3-kw\\\/#primaryimage\"},\"image\":{\"@id\":\"https:\\\/\\\/awero.ee\\\/lv\\\/toode\\\/elektriskais-sildelements-3-kw\\\/#primaryimage\"},\"thumbnailUrl\":\"https:\\\/\\\/awero.ee\\\/wp-content\\\/uploads\\\/2025\\\/03\\\/Elektrikutte-element-3kW.png\",\"datePublished\":\"2025-03-01T06:41:20+00:00\",\"dateModified\":\"2026-03-10T07:58:56+00:00\",\"breadcrumb\":{\"@id\":\"https:\\\/\\\/awero.ee\\\/lv\\\/toode\\\/elektriskais-sildelements-3-kw\\\/#breadcrumb\"},\"inLanguage\":\"lv-LV\",\"potentialAction\":[{\"@type\":\"ReadAction\",\"target\":[\"https:\\\/\\\/awero.ee\\\/lv\\\/toode\\\/elektriskais-sildelements-3-kw\\\/\"]}]},{\"@type\":\"ImageObject\",\"inLanguage\":\"lv-LV\",\"@id\":\"https:\\\/\\\/awero.ee\\\/lv\\\/toode\\\/elektriskais-sildelements-3-kw\\\/#primaryimage\",\"url\":\"https:\\\/\\\/awero.ee\\\/wp-content\\\/uploads\\\/2025\\\/03\\\/Elektrikutte-element-3kW.png\",\"contentUrl\":\"https:\\\/\\\/awero.ee\\\/wp-content\\\/uploads\\\/2025\\\/03\\\/Elektrikutte-element-3kW.png\",\"width\":700,\"height\":700},{\"@type\":\"BreadcrumbList\",\"@id\":\"https:\\\/\\\/awero.ee\\\/lv\\\/toode\\\/elektriskais-sildelements-3-kw\\\/#breadcrumb\",\"itemListElement\":[{\"@type\":\"ListItem\",\"position\":1,\"name\":\"Home\",\"item\":\"https:\\\/\\\/awero.ee\\\/lv\\\/sakums\\\/\"},{\"@type\":\"ListItem\",\"position\":2,\"name\":\"Veikals\",\"item\":\"https:\\\/\\\/awero.ee\\\/lv\\\/veikals\\\/\"},{\"@type\":\"ListItem\",\"position\":3,\"name\":\"Elektriskais sildelements 3 kW\"}]},{\"@type\":\"WebSite\",\"@id\":\"https:\\\/\\\/awero.ee\\\/lv\\\/#website\",\"url\":\"https:\\\/\\\/awero.ee\\\/lv\\\/\",\"name\":\"Awero - S\u00fcdamega L\u00f5una Eestist\",\"description\":\"\",\"publisher\":{\"@id\":\"https:\\\/\\\/awero.ee\\\/lv\\\/#organization\"},\"potentialAction\":[{\"@type\":\"SearchAction\",\"target\":{\"@type\":\"EntryPoint\",\"urlTemplate\":\"https:\\\/\\\/awero.ee\\\/lv\\\/?s={search_term_string}\"},\"query-input\":{\"@type\":\"PropertyValueSpecification\",\"valueRequired\":true,\"valueName\":\"search_term_string\"}}],\"inLanguage\":\"lv-LV\"},{\"@type\":\"Organization\",\"@id\":\"https:\\\/\\\/awero.ee\\\/lv\\\/#organization\",\"name\":\"Awero - S\u00fcdamega L\u00f5una Eestist\",\"url\":\"https:\\\/\\\/awero.ee\\\/lv\\\/\",\"logo\":{\"@type\":\"ImageObject\",\"inLanguage\":\"lv-LV\",\"@id\":\"https:\\\/\\\/awero.ee\\\/lv\\\/#\\\/schema\\\/logo\\\/image\\\/\",\"url\":\"https:\\\/\\\/awero.ee\\\/wp-content\\\/uploads\\\/2024\\\/07\\\/aweroplaceholder.jpg\",\"contentUrl\":\"https:\\\/\\\/awero.ee\\\/wp-content\\\/uploads\\\/2024\\\/07\\\/aweroplaceholder.jpg\",\"width\":1250,\"height\":834,\"caption\":\"Awero - S\u00fcdamega L\u00f5una Eestist\"},\"image\":{\"@id\":\"https:\\\/\\\/awero.ee\\\/lv\\\/#\\\/schema\\\/logo\\\/image\\\/\"}}]}<\/script>\n<!-- \/ Yoast SEO plugin. -->","yoast_head_json":{"title":"Elektriskais sildelements 3 kW - Awero - S\u00fcdamega L\u00f5una-Eestist","robots":{"index":"index","follow":"follow","max-snippet":"max-snippet:-1","max-image-preview":"max-image-preview:large","max-video-preview":"max-video-preview:-1"},"canonical":"https:\/\/awero.ee\/lv\/toode\/elektriskais-sildelements-3-kw\/","og_locale":"lv_LV","og_type":"article","og_title":"Elektriskais sildelements 3 kW - Awero - S\u00fcdamega L\u00f5una-Eestist","og_description":"3 kW elektriskais sildelements ir uzticams un efekt\u012bvs risin\u0101jums kublas \u016bdens uzsild\u012b\u0161anai. Ier\u012bce paredz\u0113ta lieto\u0161anai kop\u0101 ar filtr\u0101cijas sist\u0113mu, jo sildelementam nav neatkar\u012bgas cirkul\u0101cijas \u2013 \u016bdens pl\u016bsma caur sildelementu tiek nodro\u0161in\u0101ta ar filtr\u0101cijas sist\u0113mas pal\u012bdz\u012bbu. Elektrisk\u0101 apsilde nodro\u0161ina stabilu un vienm\u0113r\u012bgu uzsild\u012b\u0161anu un ir piem\u0113rota gan sezon\u0101lai, gan regul\u0101rai lieto\u0161anai. Pateicoties vienf\u0101zes piesl\u0113gumam, uzst\u0101d\u012b\u0161ana ir vienk\u0101r\u0161a un piem\u0113rota standarta m\u0101jsaimniec\u012bbas elektrot\u012bklam.","og_url":"https:\/\/awero.ee\/lv\/toode\/elektriskais-sildelements-3-kw\/","og_site_name":"Awero - S\u00fcdamega L\u00f5una-Eestist","article_modified_time":"2026-03-10T07:58:56+00:00","og_image":[{"width":700,"height":700,"url":"https:\/\/awero.ee\/wp-content\/uploads\/2025\/03\/Elektrikutte-element-3kW.png","type":"image\/png"}],"twitter_card":"summary_large_image","schema":{"@context":"https:\/\/schema.org","@graph":[{"@type":"WebPage","@id":"https:\/\/awero.ee\/lv\/toode\/elektriskais-sildelements-3-kw\/","url":"https:\/\/awero.ee\/lv\/toode\/elektriskais-sildelements-3-kw\/","name":"Elektriskais sildelements 3 kW - Awero - S\u00fcdamega L\u00f5una-Eestist","isPartOf":{"@id":"https:\/\/awero.ee\/lv\/#website"},"primaryImageOfPage":{"@id":"https:\/\/awero.ee\/lv\/toode\/elektriskais-sildelements-3-kw\/#primaryimage"},"image":{"@id":"https:\/\/awero.ee\/lv\/toode\/elektriskais-sildelements-3-kw\/#primaryimage"},"thumbnailUrl":"https:\/\/awero.ee\/wp-content\/uploads\/2025\/03\/Elektrikutte-element-3kW.png","datePublished":"2025-03-01T06:41:20+00:00","dateModified":"2026-03-10T07:58:56+00:00","breadcrumb":{"@id":"https:\/\/awero.ee\/lv\/toode\/elektriskais-sildelements-3-kw\/#breadcrumb"},"inLanguage":"lv-LV","potentialAction":[{"@type":"ReadAction","target":["https:\/\/awero.ee\/lv\/toode\/elektriskais-sildelements-3-kw\/"]}]},{"@type":"ImageObject","inLanguage":"lv-LV","@id":"https:\/\/awero.ee\/lv\/toode\/elektriskais-sildelements-3-kw\/#primaryimage","url":"https:\/\/awero.ee\/wp-content\/uploads\/2025\/03\/Elektrikutte-element-3kW.png","contentUrl":"https:\/\/awero.ee\/wp-content\/uploads\/2025\/03\/Elektrikutte-element-3kW.png","width":700,"height":700},{"@type":"BreadcrumbList","@id":"https:\/\/awero.ee\/lv\/toode\/elektriskais-sildelements-3-kw\/#breadcrumb","itemListElement":[{"@type":"ListItem","position":1,"name":"Home","item":"https:\/\/awero.ee\/lv\/sakums\/"},{"@type":"ListItem","position":2,"name":"Veikals","item":"https:\/\/awero.ee\/lv\/veikals\/"},{"@type":"ListItem","position":3,"name":"Elektriskais sildelements 3 kW"}]},{"@type":"WebSite","@id":"https:\/\/awero.ee\/lv\/#website","url":"https:\/\/awero.ee\/lv\/","name":"Awero - S\u00fcdamega L\u00f5una Eestist","description":"","publisher":{"@id":"https:\/\/awero.ee\/lv\/#organization"},"potentialAction":[{"@type":"SearchAction","target":{"@type":"EntryPoint","urlTemplate":"https:\/\/awero.ee\/lv\/?s={search_term_string}"},"query-input":{"@type":"PropertyValueSpecification","valueRequired":true,"valueName":"search_term_string"}}],"inLanguage":"lv-LV"},{"@type":"Organization","@id":"https:\/\/awero.ee\/lv\/#organization","name":"Awero - S\u00fcdamega L\u00f5una Eestist","url":"https:\/\/awero.ee\/lv\/","logo":{"@type":"ImageObject","inLanguage":"lv-LV","@id":"https:\/\/awero.ee\/lv\/#\/schema\/logo\/image\/","url":"https:\/\/awero.ee\/wp-content\/uploads\/2024\/07\/aweroplaceholder.jpg","contentUrl":"https:\/\/awero.ee\/wp-content\/uploads\/2024\/07\/aweroplaceholder.jpg","width":1250,"height":834,"caption":"Awero - S\u00fcdamega L\u00f5una Eestist"},"image":{"@id":"https:\/\/awero.ee\/lv\/#\/schema\/logo\/image\/"}}]}},"_links":{"self":[{"href":"https:\/\/awero.ee\/lv\/wp-json\/wp\/v2\/product\/12793","targetHints":{"allow":["GET"]}}],"collection":[{"href":"https:\/\/awero.ee\/lv\/wp-json\/wp\/v2\/product"}],"about":[{"href":"https:\/\/awero.ee\/lv\/wp-json\/wp\/v2\/types\/product"}],"wp:featuredmedia":[{"embeddable":true,"href":"https:\/\/awero.ee\/lv\/wp-json\/wp\/v2\/media\/12794"}],"wp:attachment":[{"href":"https:\/\/awero.ee\/lv\/wp-json\/wp\/v2\/media?parent=12793"}],"wp:term":[{"taxonomy":"product_brand","embeddable":true,"href":"https:\/\/awero.ee\/lv\/wp-json\/wp\/v2\/product_brand?post=12793"},{"taxonomy":"product_cat","embeddable":true,"href":"https:\/\/awero.ee\/lv\/wp-json\/wp\/v2\/product_cat?post=12793"},{"taxonomy":"product_tag","embeddable":true,"href":"https:\/\/awero.ee\/lv\/wp-json\/wp\/v2\/product_tag?post=12793"}],"curies":[{"name":"wp","href":"https:\/\/api.w.org\/{rel}","templated":true}]}}