{"id":12749,"date":"2025-10-27T11:52:46","date_gmt":"2025-10-27T11:52:46","guid":{"rendered":"https:\/\/awero.ee\/toode\/led-apgaismojums-ar-udens-termometru\/"},"modified":"2026-04-01T12:32:22","modified_gmt":"2026-04-01T12:32:22","slug":"led-apgaismojums-ar-udens-termometru","status":"publish","type":"product","link":"https:\/\/awero.ee\/lv\/toode\/led-apgaismojums-ar-udens-termometru\/","title":{"rendered":"LED apgaismojums ar \u016bdens termometru"},"content":{"rendered":"<p>LED gaismeklis kubulam ir izgatavots no laikapst\u0101k\u013ciem un nodilumiztur\u012bgiem materi\u0101liem, nodro\u0161inot ilgsto\u0161u lieto\u0161anas laiku.<\/p>\n<p>Gaismeklis ir apr\u012bkots ar daudzkr\u0101su RGB LED lamp\u0101m, kas \u013cauj izv\u0113l\u0113ties starp da\u017e\u0101diem gaismas re\u017e\u012bmiem un kr\u0101su to\u0146iem p\u0113c noska\u0146ojuma.<\/p>\n<p>LED gaismek\u013cu skaits ir atkar\u012bgs no kubula lieluma un v\u0113lam\u0101 gaismas efekta:<\/p>\n<p>1 LED gaismeklis \u2013 rada maigu un m\u0101j\u012bgu noska\u0146u, \u012bpa\u0161i piem\u0113rots maz\u0101kiem mode\u013ciem un ledus kubuliem.<br \/>\n2 LED gaismek\u013ci \u2013 nodro\u0161ina vienm\u0113r\u012bg\u0101ku apgaismojumu un padara \u016bdeni un kubula iek\u0161pusi vizu\u0101li pla\u0161\u0101ku.<br \/>\n3 LED gaismek\u013ci \u2013 sniedz piln\u012bgu apgaismojumu un sp\u0113c\u012bgu gaismas efektu, piem\u0113rots liel\u0101kiem kubuliem vai tiem, kas v\u0113las maksim\u0101lu atmosf\u0113ru.<\/p>\n","protected":false},"excerpt":{"rendered":"<p>LED gaismeklis ar \u016bdens termometru apvieno atmosf\u0113ru un funkcionalit\u0101ti \u2013 rada noska\u0146ojuma apgaismojumu un r\u0101da \u016bdens temperat\u016bru.<\/p>\n<p>LED tehnolo\u0123ija nodro\u0161ina zemu ener\u0123ijas pat\u0113ri\u0146u un ilg\u0101ku kalpo\u0161anas laiku, sal\u012bdzinot ar tradicion\u0101lajiem gaismek\u013ciem.<br \/>\nLED gaismekli var uzst\u0101d\u012bt stikla \u0161\u0137iedras un akrila kubulos.<\/p>\n","protected":false},"featured_media":12750,"template":"","meta":{"_acf_changed":false},"product_brand":[],"product_cat":[1617],"product_tag":[],"class_list":{"0":"post-12749","1":"product","2":"type-product","3":"status-publish","4":"has-post-thumbnail","6":"product_cat-papildaprikojums","7":"product_shipping_class-pakiautomaat","9":"first","10":"instock","11":"shipping-taxable","12":"product-type-variable"},"acf":[],"yoast_head":"<!-- This site is optimized with the Yoast SEO plugin v26.8 - https:\/\/yoast.com\/product\/yoast-seo-wordpress\/ -->\n<title>LED apgaismojums ar \u016bdens termometru - Awero - S\u00fcdamega L\u00f5una-Eestist<\/title>\n<meta name=\"robots\" content=\"index, follow, max-snippet:-1, max-image-preview:large, max-video-preview:-1\" \/>\n<link rel=\"canonical\" href=\"https:\/\/awero.ee\/lv\/toode\/led-apgaismojums-ar-udens-termometru\/\" \/>\n<meta property=\"og:locale\" content=\"lv_LV\" \/>\n<meta property=\"og:type\" content=\"article\" \/>\n<meta property=\"og:title\" content=\"LED apgaismojums ar \u016bdens termometru - Awero - S\u00fcdamega L\u00f5una-Eestist\" \/>\n<meta property=\"og:description\" content=\"LED gaismeklis ar \u016bdens termometru apvieno atmosf\u0113ru un funkcionalit\u0101ti \u2013 rada noska\u0146ojuma apgaismojumu un r\u0101da \u016bdens temperat\u016bru.LED tehnolo\u0123ija nodro\u0161ina zemu ener\u0123ijas pat\u0113ri\u0146u un ilg\u0101ku kalpo\u0161anas laiku, sal\u012bdzinot ar tradicion\u0101lajiem gaismek\u013ciem. LED gaismekli var uzst\u0101d\u012bt stikla \u0161\u0137iedras un akrila kubulos.\" \/>\n<meta property=\"og:url\" content=\"https:\/\/awero.ee\/lv\/toode\/led-apgaismojums-ar-udens-termometru\/\" \/>\n<meta property=\"og:site_name\" content=\"Awero - S\u00fcdamega L\u00f5una-Eestist\" \/>\n<meta property=\"article:modified_time\" content=\"2026-04-01T12:32:22+00:00\" \/>\n<meta property=\"og:image\" content=\"https:\/\/awero.ee\/wp-content\/uploads\/2025\/10\/WhatsApp-Image-2025-10-27-at-09.40.35_7be80c80.jpg\" \/>\n\t<meta property=\"og:image:width\" content=\"1600\" \/>\n\t<meta property=\"og:image:height\" content=\"1066\" \/>\n\t<meta property=\"og:image:type\" content=\"image\/jpeg\" \/>\n<meta name=\"twitter:card\" content=\"summary_large_image\" \/>\n<meta name=\"twitter:label1\" content=\"Est. reading time\" \/>\n\t<meta name=\"twitter:data1\" content=\"1 minute\" \/>\n<script type=\"application\/ld+json\" class=\"yoast-schema-graph\">{\"@context\":\"https:\/\/schema.org\",\"@graph\":[{\"@type\":\"WebPage\",\"@id\":\"https:\/\/awero.ee\/lv\/toode\/led-apgaismojums-ar-udens-termometru\/\",\"url\":\"https:\/\/awero.ee\/lv\/toode\/led-apgaismojums-ar-udens-termometru\/\",\"name\":\"LED apgaismojums ar \u016bdens termometru - Awero - S\u00fcdamega L\u00f5una-Eestist\",\"isPartOf\":{\"@id\":\"https:\/\/awero.ee\/lv\/#website\"},\"primaryImageOfPage\":{\"@id\":\"https:\/\/awero.ee\/lv\/toode\/led-apgaismojums-ar-udens-termometru\/#primaryimage\"},\"image\":{\"@id\":\"https:\/\/awero.ee\/lv\/toode\/led-apgaismojums-ar-udens-termometru\/#primaryimage\"},\"thumbnailUrl\":\"https:\/\/awero.ee\/wp-content\/uploads\/2025\/10\/WhatsApp-Image-2025-10-27-at-09.40.35_7be80c80.jpg\",\"datePublished\":\"2025-10-27T11:52:46+00:00\",\"dateModified\":\"2026-04-01T12:32:22+00:00\",\"breadcrumb\":{\"@id\":\"https:\/\/awero.ee\/lv\/toode\/led-apgaismojums-ar-udens-termometru\/#breadcrumb\"},\"inLanguage\":\"lv-LV\",\"potentialAction\":[{\"@type\":\"ReadAction\",\"target\":[\"https:\/\/awero.ee\/lv\/toode\/led-apgaismojums-ar-udens-termometru\/\"]}]},{\"@type\":\"ImageObject\",\"inLanguage\":\"lv-LV\",\"@id\":\"https:\/\/awero.ee\/lv\/toode\/led-apgaismojums-ar-udens-termometru\/#primaryimage\",\"url\":\"https:\/\/awero.ee\/wp-content\/uploads\/2025\/10\/WhatsApp-Image-2025-10-27-at-09.40.35_7be80c80.jpg\",\"contentUrl\":\"https:\/\/awero.ee\/wp-content\/uploads\/2025\/10\/WhatsApp-Image-2025-10-27-at-09.40.35_7be80c80.jpg\",\"width\":1600,\"height\":1066},{\"@type\":\"BreadcrumbList\",\"@id\":\"https:\/\/awero.ee\/lv\/toode\/led-apgaismojums-ar-udens-termometru\/#breadcrumb\",\"itemListElement\":[{\"@type\":\"ListItem\",\"position\":1,\"name\":\"Home\",\"item\":\"https:\/\/awero.ee\/lv\/sakums\/\"},{\"@type\":\"ListItem\",\"position\":2,\"name\":\"Veikals\",\"item\":\"https:\/\/awero.ee\/lv\/veikals\/\"},{\"@type\":\"ListItem\",\"position\":3,\"name\":\"LED apgaismojums ar \u016bdens termometru\"}]},{\"@type\":\"WebSite\",\"@id\":\"https:\/\/awero.ee\/lv\/#website\",\"url\":\"https:\/\/awero.ee\/lv\/\",\"name\":\"Awero - S\u00fcdamega L\u00f5una Eestist\",\"description\":\"\",\"publisher\":{\"@id\":\"https:\/\/awero.ee\/lv\/#organization\"},\"potentialAction\":[{\"@type\":\"SearchAction\",\"target\":{\"@type\":\"EntryPoint\",\"urlTemplate\":\"https:\/\/awero.ee\/lv\/?s={search_term_string}\"},\"query-input\":{\"@type\":\"PropertyValueSpecification\",\"valueRequired\":true,\"valueName\":\"search_term_string\"}}],\"inLanguage\":\"lv-LV\"},{\"@type\":\"Organization\",\"@id\":\"https:\/\/awero.ee\/lv\/#organization\",\"name\":\"Awero - S\u00fcdamega L\u00f5una Eestist\",\"url\":\"https:\/\/awero.ee\/lv\/\",\"logo\":{\"@type\":\"ImageObject\",\"inLanguage\":\"lv-LV\",\"@id\":\"https:\/\/awero.ee\/lv\/#\/schema\/logo\/image\/\",\"url\":\"https:\/\/awero.ee\/wp-content\/uploads\/2024\/07\/aweroplaceholder.jpg\",\"contentUrl\":\"https:\/\/awero.ee\/wp-content\/uploads\/2024\/07\/aweroplaceholder.jpg\",\"width\":1250,\"height\":834,\"caption\":\"Awero - S\u00fcdamega L\u00f5una Eestist\"},\"image\":{\"@id\":\"https:\/\/awero.ee\/lv\/#\/schema\/logo\/image\/\"}}]}<\/script>\n<!-- \/ Yoast SEO plugin. -->","yoast_head_json":{"title":"LED apgaismojums ar \u016bdens termometru - Awero - S\u00fcdamega L\u00f5una-Eestist","robots":{"index":"index","follow":"follow","max-snippet":"max-snippet:-1","max-image-preview":"max-image-preview:large","max-video-preview":"max-video-preview:-1"},"canonical":"https:\/\/awero.ee\/lv\/toode\/led-apgaismojums-ar-udens-termometru\/","og_locale":"lv_LV","og_type":"article","og_title":"LED apgaismojums ar \u016bdens termometru - Awero - S\u00fcdamega L\u00f5una-Eestist","og_description":"LED gaismeklis ar \u016bdens termometru apvieno atmosf\u0113ru un funkcionalit\u0101ti \u2013 rada noska\u0146ojuma apgaismojumu un r\u0101da \u016bdens temperat\u016bru.LED tehnolo\u0123ija nodro\u0161ina zemu ener\u0123ijas pat\u0113ri\u0146u un ilg\u0101ku kalpo\u0161anas laiku, sal\u012bdzinot ar tradicion\u0101lajiem gaismek\u013ciem. LED gaismekli var uzst\u0101d\u012bt stikla \u0161\u0137iedras un akrila kubulos.","og_url":"https:\/\/awero.ee\/lv\/toode\/led-apgaismojums-ar-udens-termometru\/","og_site_name":"Awero - S\u00fcdamega L\u00f5una-Eestist","article_modified_time":"2026-04-01T12:32:22+00:00","og_image":[{"width":1600,"height":1066,"url":"https:\/\/awero.ee\/wp-content\/uploads\/2025\/10\/WhatsApp-Image-2025-10-27-at-09.40.35_7be80c80.jpg","type":"image\/jpeg"}],"twitter_card":"summary_large_image","twitter_misc":{"Est. reading time":"1 minute"},"schema":{"@context":"https:\/\/schema.org","@graph":[{"@type":"WebPage","@id":"https:\/\/awero.ee\/lv\/toode\/led-apgaismojums-ar-udens-termometru\/","url":"https:\/\/awero.ee\/lv\/toode\/led-apgaismojums-ar-udens-termometru\/","name":"LED apgaismojums ar \u016bdens termometru - Awero - S\u00fcdamega L\u00f5una-Eestist","isPartOf":{"@id":"https:\/\/awero.ee\/lv\/#website"},"primaryImageOfPage":{"@id":"https:\/\/awero.ee\/lv\/toode\/led-apgaismojums-ar-udens-termometru\/#primaryimage"},"image":{"@id":"https:\/\/awero.ee\/lv\/toode\/led-apgaismojums-ar-udens-termometru\/#primaryimage"},"thumbnailUrl":"https:\/\/awero.ee\/wp-content\/uploads\/2025\/10\/WhatsApp-Image-2025-10-27-at-09.40.35_7be80c80.jpg","datePublished":"2025-10-27T11:52:46+00:00","dateModified":"2026-04-01T12:32:22+00:00","breadcrumb":{"@id":"https:\/\/awero.ee\/lv\/toode\/led-apgaismojums-ar-udens-termometru\/#breadcrumb"},"inLanguage":"lv-LV","potentialAction":[{"@type":"ReadAction","target":["https:\/\/awero.ee\/lv\/toode\/led-apgaismojums-ar-udens-termometru\/"]}]},{"@type":"ImageObject","inLanguage":"lv-LV","@id":"https:\/\/awero.ee\/lv\/toode\/led-apgaismojums-ar-udens-termometru\/#primaryimage","url":"https:\/\/awero.ee\/wp-content\/uploads\/2025\/10\/WhatsApp-Image-2025-10-27-at-09.40.35_7be80c80.jpg","contentUrl":"https:\/\/awero.ee\/wp-content\/uploads\/2025\/10\/WhatsApp-Image-2025-10-27-at-09.40.35_7be80c80.jpg","width":1600,"height":1066},{"@type":"BreadcrumbList","@id":"https:\/\/awero.ee\/lv\/toode\/led-apgaismojums-ar-udens-termometru\/#breadcrumb","itemListElement":[{"@type":"ListItem","position":1,"name":"Home","item":"https:\/\/awero.ee\/lv\/sakums\/"},{"@type":"ListItem","position":2,"name":"Veikals","item":"https:\/\/awero.ee\/lv\/veikals\/"},{"@type":"ListItem","position":3,"name":"LED apgaismojums ar \u016bdens termometru"}]},{"@type":"WebSite","@id":"https:\/\/awero.ee\/lv\/#website","url":"https:\/\/awero.ee\/lv\/","name":"Awero - S\u00fcdamega L\u00f5una Eestist","description":"","publisher":{"@id":"https:\/\/awero.ee\/lv\/#organization"},"potentialAction":[{"@type":"SearchAction","target":{"@type":"EntryPoint","urlTemplate":"https:\/\/awero.ee\/lv\/?s={search_term_string}"},"query-input":{"@type":"PropertyValueSpecification","valueRequired":true,"valueName":"search_term_string"}}],"inLanguage":"lv-LV"},{"@type":"Organization","@id":"https:\/\/awero.ee\/lv\/#organization","name":"Awero - S\u00fcdamega L\u00f5una Eestist","url":"https:\/\/awero.ee\/lv\/","logo":{"@type":"ImageObject","inLanguage":"lv-LV","@id":"https:\/\/awero.ee\/lv\/#\/schema\/logo\/image\/","url":"https:\/\/awero.ee\/wp-content\/uploads\/2024\/07\/aweroplaceholder.jpg","contentUrl":"https:\/\/awero.ee\/wp-content\/uploads\/2024\/07\/aweroplaceholder.jpg","width":1250,"height":834,"caption":"Awero - S\u00fcdamega L\u00f5una Eestist"},"image":{"@id":"https:\/\/awero.ee\/lv\/#\/schema\/logo\/image\/"}}]}},"_links":{"self":[{"href":"https:\/\/awero.ee\/lv\/wp-json\/wp\/v2\/product\/12749","targetHints":{"allow":["GET"]}}],"collection":[{"href":"https:\/\/awero.ee\/lv\/wp-json\/wp\/v2\/product"}],"about":[{"href":"https:\/\/awero.ee\/lv\/wp-json\/wp\/v2\/types\/product"}],"wp:featuredmedia":[{"embeddable":true,"href":"https:\/\/awero.ee\/lv\/wp-json\/wp\/v2\/media\/12750"}],"wp:attachment":[{"href":"https:\/\/awero.ee\/lv\/wp-json\/wp\/v2\/media?parent=12749"}],"wp:term":[{"taxonomy":"product_brand","embeddable":true,"href":"https:\/\/awero.ee\/lv\/wp-json\/wp\/v2\/product_brand?post=12749"},{"taxonomy":"product_cat","embeddable":true,"href":"https:\/\/awero.ee\/lv\/wp-json\/wp\/v2\/product_cat?post=12749"},{"taxonomy":"product_tag","embeddable":true,"href":"https:\/\/awero.ee\/lv\/wp-json\/wp\/v2\/product_tag?post=12749"}],"curies":[{"name":"wp","href":"https:\/\/api.w.org\/{rel}","templated":true}]}}