{"id":12724,"date":"2024-12-12T12:06:34","date_gmt":"2024-12-12T12:06:34","guid":{"rendered":"https:\/\/awero.ee\/toode\/filtracijas-sistema-ar-filtresanas-bumbinam-filtermax\/"},"modified":"2026-03-10T07:59:00","modified_gmt":"2026-03-10T07:59:00","slug":"filtracijas-sistema-ar-filtresanas-bumbinam-filtermax","status":"publish","type":"product","link":"https:\/\/awero.ee\/lv\/toode\/filtracijas-sistema-ar-filtresanas-bumbinam-filtermax\/","title":{"rendered":"Filtr\u0101cijas sist\u0113ma ar filtr\u0113\u0161anas bumbi\u0146\u0101m FilterMax"},"content":{"rendered":"<p data-start=\"148\" data-end=\"470\">Filtr\u0113\u0161anas sist\u0113ma ar filtr\u0113\u0161anas bumbi\u0146\u0101m FilterMax ir m\u016bsdien\u012bgs, pieejams un efekt\u012bvs risin\u0101jums gan baseina \u016bdens, gan karsto vannoju uztur\u0113\u0161anai. \u0160\u012b kompakt\u0101 sist\u0113ma apvieno priek\u0161filtru, cirkul\u0101cijas s\u016bkni un iztur\u012bgu tvertni ar UV aizsardz\u012bbu, nodro\u0161inot uzticamu un \u0113rtu \u016bdens att\u012br\u012b\u0161anu m\u0101jas apst\u0101k\u013cos. <\/p>\n<p data-start=\"472\" data-end=\"871\">Filtr\u0113\u0161anas sist\u0113mas sirds ir inovat\u012bvas filtr\u0113\u0161anas bumbi\u0146as, kas nodro\u0161ina l\u012bdz pat 3 mikronu smalkfiltr\u0113\u0161anu \u2013 b\u016btiski t\u012br\u0101ku \u016bdeni sal\u012bdzin\u0101jum\u0101 ar tradicion\u0101lo smil\u0161u filtru. Filtr\u0113\u0161anas bumbi\u0146as ir vieglas, atk\u0101rtoti lietojamas un mazg\u0101jamas (ar \u0161\u013c\u016bteni vai ve\u013cas ma\u0161\u012bn\u0101 30 \u00b0C, bez mazg\u0101\u0161anas l\u012bdzek\u013ca un centrif\u016bgas), kas padara apkopi \u0101tru un samazina \u016bdens un ener\u0123ijas pat\u0113ri\u0146u. Atpaka\u013cmazg\u0101\u0161ana nav nepiecie\u0161ama.  <\/p>\n<p data-start=\"873\" data-end=\"1302\">FilterMax piem\u0113rots baseiniem un karsto vannoju uztur\u0113\u0161anai l\u012bdz 25 m\u00b3 tilpumam, nodro\u0161inot efekt\u012bvu filtr\u0113\u0161anu un nep\u0101rtrauktu \u016bdens cirkul\u0101ciju. Ier\u012bce darbojas pie zem\u0101 spiediena, t\u0101d\u0113\u013c darbs ir kluss, energoefekt\u012bvs un saudz\u012bgs pret sist\u0113mas komponentiem. Kompaktais dizains un vieglais svars padara uzst\u0101d\u012b\u0161anu un uzglab\u0101\u0161anu vienk\u0101r\u0161u.  <\/p>\n<p data-start=\"873\" data-end=\"1302\">Komplekt\u0101 ir visi nepiecie\u0161amie deta\u013cas un savienojumi, lai sist\u0113mu var\u0113tu uzreiz uzst\u0101d\u012bt un palaist darb\u012bb\u0101.<\/p>\n<h3 data-start=\"1309\" data-end=\"1330\">Tehniskie dati<\/h3>\n<ul data-start=\"1331\" data-end=\"1785\">\n<li style=\"list-style-type: none;\" data-start=\"1331\" data-end=\"1380\">\n<ul data-start=\"158\" data-end=\"592\">\n<li data-start=\"158\" data-end=\"187\">\n<p data-start=\"160\" data-end=\"187\"><strong data-start=\"160\" data-end=\"174\">Tilpums:<\/strong> l\u012bdz 25 m\u00b3<\/p>\n<\/li>\n<li data-start=\"188\" data-end=\"237\">\n<p data-start=\"190\" data-end=\"237\"><strong data-start=\"190\" data-end=\"214\">Filtr\u0113\u0161anas jauda: <\/strong>4,8 m\u00b3\/h (166 L\/min)<\/p>\n<\/li>\n<li data-start=\"238\" data-end=\"265\">\n<p data-start=\"240\" data-end=\"265\"><strong data-start=\"240\" data-end=\"258\">S\u016bk\u0146a jauda<\/strong>: 80 W<\/p>\n<\/li>\n<li data-start=\"266\" data-end=\"294\">\n<p data-start=\"268\" data-end=\"294\"><strong data-start=\"268\" data-end=\"278\">Baro\u0161ana: <\/strong>230 V \u2013 50 Hz<\/p>\n<\/li>\n<li data-start=\"295\" data-end=\"351\">\n<p data-start=\"297\" data-end=\"351\"><strong data-start=\"297\" data-end=\"318\">Maksim\u0101lais spiediens:<\/strong> 1 bar (darba diapazons 0,2\u20130,5 bar)<\/p>\n<\/li>\n<li data-start=\"352\" data-end=\"397\">\n<p data-start=\"354\" data-end=\"397\"><strong data-start=\"354\" data-end=\"379\">Tvertnes izm\u0113rs un tilpums:<\/strong> \u00d8 250 mm \/ 12 L<\/p>\n<\/li>\n<li data-start=\"398\" data-end=\"472\">\n<p data-start=\"400\" data-end=\"472\"><strong data-start=\"400\" data-end=\"426\">Filtr\u0113\u0161anas materi\u0101la daudzums: <\/strong>250 g filtr\u0113\u0161anas bumbi\u0146as (\u2248 9 kg smilts ekvivalents)<\/p>\n<\/li>\n<li data-start=\"473\" data-end=\"509\">\n<p data-start=\"475\" data-end=\"509\"><strong data-start=\"475\" data-end=\"503\">Maksim\u0101lais pacel\u0161anas augstums:<\/strong> 6 m<\/p>\n<\/li>\n<li data-start=\"510\" data-end=\"535\">\n<p data-start=\"512\" data-end=\"535\"><strong data-start=\"512\" data-end=\"528\">Aizsardz\u012bbas klase:<\/strong> IPX8<\/p>\n<\/li>\n<li data-start=\"536\" data-end=\"569\">\n<p data-start=\"538\" data-end=\"569\"><strong data-start=\"538\" data-end=\"549\">Izm\u0113ri: <\/strong>33 \u00d7 39,5 \u00d7 38 cm<\/p>\n<\/li>\n<li data-start=\"570\" data-end=\"592\">\n<p data-start=\"572\" data-end=\"592\"><strong data-start=\"572\" data-end=\"585\">Neto svars: <\/strong>6 kg<\/p>\n<\/li>\n<li data-start=\"570\" data-end=\"592\"><strong>Darba diapazons:<\/strong> +5\u2026+35 \u00b0C<\/li>\n<\/ul>\n<\/li>\n<\/ul>\n<h3 data-start=\"2200\" data-end=\"2221\"><\/h3>\n<h3 data-start=\"69\" data-end=\"92\">\u26a0 Dro\u0161\u012bba un apkope<\/h3>\n<ul>\n<li style=\"list-style-type: none;\">\n<ul data-start=\"93\" data-end=\"866\">\n<li data-start=\"93\" data-end=\"196\">\n<p data-start=\"69\" data-end=\"92\">\u26a0 <strong data-start=\"95\" data-end=\"122\">Ziem\u0101 nedr\u012bkst lietot <\/strong>\u2013 sal\u0161anas riska d\u0113\u013c sist\u0113mu nepiecie\u0161ams iztuk\u0161ot un glab\u0101t saus\u0101 viet\u0101.<\/p>\n<\/li>\n<li data-start=\"197\" data-end=\"241\">\n<p data-start=\"199\" data-end=\"241\">S\u016bkni nekad nedr\u012bkst darbin\u0101t bez \u016bdens.<\/p>\n<\/li>\n<li data-start=\"242\" data-end=\"314\">\n<p data-start=\"244\" data-end=\"314\">Pirms v\u0101ka vai filtra atv\u0113r\u0161anas vienm\u0113r atvienojiet ier\u012bci no str\u0101vas t\u012bkla.<\/p>\n<\/li>\n<li data-start=\"315\" data-end=\"406\">\n<p data-start=\"317\" data-end=\"406\">Dr\u012bkst izmantot tikai filtr\u0113\u0161anas bumbi\u0146as \u2013 citu materi\u0101lu lieto\u0161ana var boj\u0101t sist\u0113mu.<\/p>\n<\/li>\n<li data-start=\"407\" data-end=\"511\">\n<p data-start=\"409\" data-end=\"511\">Nepiecie\u0161ama regul\u0101ra apkope: priek\u0161filtra un filtr\u0113\u0161anas bumbi\u0146u t\u012br\u012b\u0161ana un spiediena uzraudz\u012bba manometr\u0101.<\/p>\n<\/li>\n<li data-start=\"512\" data-end=\"602\">\n<p data-start=\"514\" data-end=\"602\">Ja spiediens manometr\u0101 sasniedz sarkano zonu, filtr\u0113\u0161anas bumbi\u0146as j\u0101t\u012bra.<\/p>\n<\/li>\n<li data-start=\"603\" data-end=\"698\">\n<p data-start=\"605\" data-end=\"698\">Filtr\u0113\u0161anas bumbi\u0146as var mazg\u0101t ar \u0161\u013c\u016bteni vai ve\u013cas ma\u0161\u012bn\u0101 (30 \u00b0C, bez mazg\u0101\u0161anas l\u012bdzek\u013ca un centrif\u016bgas).<\/p>\n<\/li>\n<li data-start=\"699\" data-end=\"759\">\n<p data-start=\"701\" data-end=\"759\"><strong data-start=\"701\" data-end=\"757\">\u26a0 Sist\u0113mas darb\u012bbas laik\u0101 nav ieteicams atrasties \u016bden\u012b.<\/strong><\/p>\n<\/li>\n<li data-start=\"760\" data-end=\"866\">\n<p data-start=\"762\" data-end=\"866\">S\u016bk\u0146a dro\u0161a darb\u012bba ir nodro\u0161in\u0101ta tikai tad, ja iev\u0113roti pareizi uzst\u0101d\u012b\u0161anas un lieto\u0161anas nor\u0101d\u012bjumi.<\/p>\n<\/li>\n<\/ul>\n<\/li>\n<\/ul>\n<p>&nbsp;<\/p>\n<p>&nbsp;<\/p>\n","protected":false},"excerpt":{"rendered":"<p data-start=\"125\" data-end=\"430\">Filtr\u0113\u0161anas sist\u0113ma ar filtr\u0113\u0161anas bumbi\u0146\u0101m FilterMax ir pieejams un efekt\u012bvs risin\u0101jums, kas nodro\u0161ina t\u012bru \u016bdeni karst\u0101 vann\u0101 vai maz\u0101k\u0101 d\u0101rza basein\u0101 l\u012bdz 25 m\u00b3 tilpumam. Pateicoties vienk\u0101r\u0161ai lieto\u0161anai un lieliskai filtr\u0113\u0161anas sp\u0113jai, sist\u0113ma padara \u016bdens kop\u0161anu \u0113rtu un bez probl\u0113m\u0101m. <\/p>\n<p data-start=\"432\" data-end=\"618\">Svar\u012bgi: sal\u0161anas riska d\u0113\u013c nav piem\u0113rota lieto\u0161anai ziem\u0101.<br \/>\nDarba diapazons: +5\u2026+35 \u00b0C. Ier\u012bci j\u0101iztuk\u0161o un j\u0101glab\u0101 saus\u0101 telp\u0101. Lai sa\u0146emtu prec\u012bz\u0101ku inform\u0101ciju un padomus, sazinieties ar m\u016bsu speci\u0101listiem.  <\/p>\n<p>Ar filtr\u0113\u0161anas sist\u0113mu iesak\u0101m papildus ieg\u0101d\u0101ties \u016bdens att\u012br\u012b\u0161anas tabletes CombiTab (800 g) un CombiTab dozatoru \u016bdens att\u012br\u012b\u0161anas tablet\u0113m.<\/p>\n","protected":false},"featured_media":12735,"template":"","meta":{"_acf_changed":false},"product_brand":[],"product_cat":[1617],"product_tag":[1632],"class_list":{"0":"post-12724","1":"product","2":"type-product","3":"status-publish","4":"has-post-thumbnail","6":"product_cat-papildaprikojums","7":"product_tag-etkumblustunni_lisad","9":"first","10":"instock","11":"shipping-taxable","12":"product-type-simple"},"acf":[],"yoast_head":"<!-- This site is optimized with the Yoast SEO plugin v26.8 - https:\/\/yoast.com\/product\/yoast-seo-wordpress\/ -->\n<title>Filtr\u0101cijas sist\u0113ma ar filtr\u0113\u0161anas bumbi\u0146\u0101m FilterMax - Awero - S\u00fcdamega L\u00f5una-Eestist<\/title>\n<meta name=\"robots\" content=\"index, follow, max-snippet:-1, max-image-preview:large, max-video-preview:-1\" \/>\n<link rel=\"canonical\" href=\"https:\/\/awero.ee\/lv\/toode\/filtracijas-sistema-ar-filtresanas-bumbinam-filtermax\/\" \/>\n<meta property=\"og:locale\" content=\"lv_LV\" \/>\n<meta property=\"og:type\" content=\"article\" \/>\n<meta property=\"og:title\" content=\"Filtr\u0101cijas sist\u0113ma ar filtr\u0113\u0161anas bumbi\u0146\u0101m FilterMax - Awero - S\u00fcdamega L\u00f5una-Eestist\" \/>\n<meta property=\"og:description\" content=\"Filtr\u0113\u0161anas sist\u0113ma ar filtr\u0113\u0161anas bumbi\u0146\u0101m FilterMax ir pieejams un efekt\u012bvs risin\u0101jums, kas nodro\u0161ina t\u012bru \u016bdeni karst\u0101 vann\u0101 vai maz\u0101k\u0101 d\u0101rza basein\u0101 l\u012bdz 25 m\u00b3 tilpumam. Pateicoties vienk\u0101r\u0161ai lieto\u0161anai un lieliskai filtr\u0113\u0161anas sp\u0113jai, sist\u0113ma padara \u016bdens kop\u0161anu \u0113rtu un bez probl\u0113m\u0101m. Svar\u012bgi: sal\u0161anas riska d\u0113\u013c nav piem\u0113rota lieto\u0161anai ziem\u0101. Darba diapazons: +5\u2026+35 \u00b0C. Ier\u012bci j\u0101iztuk\u0161o un j\u0101glab\u0101 saus\u0101 telp\u0101. Lai sa\u0146emtu prec\u012bz\u0101ku inform\u0101ciju un padomus, sazinieties ar m\u016bsu speci\u0101listiem.  Ar filtr\u0113\u0161anas sist\u0113mu iesak\u0101m papildus ieg\u0101d\u0101ties \u016bdens att\u012br\u012b\u0161anas tabletes CombiTab (800 g) un CombiTab dozatoru \u016bdens att\u012br\u012b\u0161anas tablet\u0113m.\" \/>\n<meta property=\"og:url\" content=\"https:\/\/awero.ee\/lv\/toode\/filtracijas-sistema-ar-filtresanas-bumbinam-filtermax\/\" \/>\n<meta property=\"og:site_name\" content=\"Awero - S\u00fcdamega L\u00f5una-Eestist\" \/>\n<meta property=\"article:modified_time\" content=\"2026-03-10T07:59:00+00:00\" \/>\n<meta property=\"og:image\" content=\"https:\/\/awero.ee\/wp-content\/uploads\/2024\/12\/Filtrisusteem-uus.jpg\" \/>\n\t<meta property=\"og:image:width\" content=\"1315\" \/>\n\t<meta property=\"og:image:height\" content=\"1293\" \/>\n\t<meta property=\"og:image:type\" content=\"image\/jpeg\" \/>\n<meta name=\"twitter:card\" content=\"summary_large_image\" \/>\n<meta name=\"twitter:label1\" content=\"Est. reading time\" \/>\n\t<meta name=\"twitter:data1\" content=\"2 minutes\" \/>\n<script type=\"application\/ld+json\" class=\"yoast-schema-graph\">{\"@context\":\"https:\/\/schema.org\",\"@graph\":[{\"@type\":\"WebPage\",\"@id\":\"https:\/\/awero.ee\/lv\/toode\/filtracijas-sistema-ar-filtresanas-bumbinam-filtermax\/\",\"url\":\"https:\/\/awero.ee\/lv\/toode\/filtracijas-sistema-ar-filtresanas-bumbinam-filtermax\/\",\"name\":\"Filtr\u0101cijas sist\u0113ma ar filtr\u0113\u0161anas bumbi\u0146\u0101m FilterMax - Awero - S\u00fcdamega L\u00f5una-Eestist\",\"isPartOf\":{\"@id\":\"https:\/\/awero.ee\/lv\/#website\"},\"primaryImageOfPage\":{\"@id\":\"https:\/\/awero.ee\/lv\/toode\/filtracijas-sistema-ar-filtresanas-bumbinam-filtermax\/#primaryimage\"},\"image\":{\"@id\":\"https:\/\/awero.ee\/lv\/toode\/filtracijas-sistema-ar-filtresanas-bumbinam-filtermax\/#primaryimage\"},\"thumbnailUrl\":\"https:\/\/awero.ee\/wp-content\/uploads\/2024\/12\/Filtrisusteem-uus.jpg\",\"datePublished\":\"2024-12-12T12:06:34+00:00\",\"dateModified\":\"2026-03-10T07:59:00+00:00\",\"breadcrumb\":{\"@id\":\"https:\/\/awero.ee\/lv\/toode\/filtracijas-sistema-ar-filtresanas-bumbinam-filtermax\/#breadcrumb\"},\"inLanguage\":\"lv-LV\",\"potentialAction\":[{\"@type\":\"ReadAction\",\"target\":[\"https:\/\/awero.ee\/lv\/toode\/filtracijas-sistema-ar-filtresanas-bumbinam-filtermax\/\"]}]},{\"@type\":\"ImageObject\",\"inLanguage\":\"lv-LV\",\"@id\":\"https:\/\/awero.ee\/lv\/toode\/filtracijas-sistema-ar-filtresanas-bumbinam-filtermax\/#primaryimage\",\"url\":\"https:\/\/awero.ee\/wp-content\/uploads\/2024\/12\/Filtrisusteem-uus.jpg\",\"contentUrl\":\"https:\/\/awero.ee\/wp-content\/uploads\/2024\/12\/Filtrisusteem-uus.jpg\",\"width\":1315,\"height\":1293},{\"@type\":\"BreadcrumbList\",\"@id\":\"https:\/\/awero.ee\/lv\/toode\/filtracijas-sistema-ar-filtresanas-bumbinam-filtermax\/#breadcrumb\",\"itemListElement\":[{\"@type\":\"ListItem\",\"position\":1,\"name\":\"Home\",\"item\":\"https:\/\/awero.ee\/lv\/sakums\/\"},{\"@type\":\"ListItem\",\"position\":2,\"name\":\"Veikals\",\"item\":\"https:\/\/awero.ee\/lv\/veikals\/\"},{\"@type\":\"ListItem\",\"position\":3,\"name\":\"Filtr\u0101cijas sist\u0113ma ar filtr\u0113\u0161anas bumbi\u0146\u0101m FilterMax\"}]},{\"@type\":\"WebSite\",\"@id\":\"https:\/\/awero.ee\/lv\/#website\",\"url\":\"https:\/\/awero.ee\/lv\/\",\"name\":\"Awero - S\u00fcdamega L\u00f5una Eestist\",\"description\":\"\",\"publisher\":{\"@id\":\"https:\/\/awero.ee\/lv\/#organization\"},\"potentialAction\":[{\"@type\":\"SearchAction\",\"target\":{\"@type\":\"EntryPoint\",\"urlTemplate\":\"https:\/\/awero.ee\/lv\/?s={search_term_string}\"},\"query-input\":{\"@type\":\"PropertyValueSpecification\",\"valueRequired\":true,\"valueName\":\"search_term_string\"}}],\"inLanguage\":\"lv-LV\"},{\"@type\":\"Organization\",\"@id\":\"https:\/\/awero.ee\/lv\/#organization\",\"name\":\"Awero - S\u00fcdamega L\u00f5una Eestist\",\"url\":\"https:\/\/awero.ee\/lv\/\",\"logo\":{\"@type\":\"ImageObject\",\"inLanguage\":\"lv-LV\",\"@id\":\"https:\/\/awero.ee\/lv\/#\/schema\/logo\/image\/\",\"url\":\"https:\/\/awero.ee\/wp-content\/uploads\/2024\/07\/aweroplaceholder.jpg\",\"contentUrl\":\"https:\/\/awero.ee\/wp-content\/uploads\/2024\/07\/aweroplaceholder.jpg\",\"width\":1250,\"height\":834,\"caption\":\"Awero - S\u00fcdamega L\u00f5una Eestist\"},\"image\":{\"@id\":\"https:\/\/awero.ee\/lv\/#\/schema\/logo\/image\/\"}}]}<\/script>\n<!-- \/ Yoast SEO plugin. -->","yoast_head_json":{"title":"Filtr\u0101cijas sist\u0113ma ar filtr\u0113\u0161anas bumbi\u0146\u0101m FilterMax - Awero - S\u00fcdamega L\u00f5una-Eestist","robots":{"index":"index","follow":"follow","max-snippet":"max-snippet:-1","max-image-preview":"max-image-preview:large","max-video-preview":"max-video-preview:-1"},"canonical":"https:\/\/awero.ee\/lv\/toode\/filtracijas-sistema-ar-filtresanas-bumbinam-filtermax\/","og_locale":"lv_LV","og_type":"article","og_title":"Filtr\u0101cijas sist\u0113ma ar filtr\u0113\u0161anas bumbi\u0146\u0101m FilterMax - Awero - S\u00fcdamega L\u00f5una-Eestist","og_description":"Filtr\u0113\u0161anas sist\u0113ma ar filtr\u0113\u0161anas bumbi\u0146\u0101m FilterMax ir pieejams un efekt\u012bvs risin\u0101jums, kas nodro\u0161ina t\u012bru \u016bdeni karst\u0101 vann\u0101 vai maz\u0101k\u0101 d\u0101rza basein\u0101 l\u012bdz 25 m\u00b3 tilpumam. Pateicoties vienk\u0101r\u0161ai lieto\u0161anai un lieliskai filtr\u0113\u0161anas sp\u0113jai, sist\u0113ma padara \u016bdens kop\u0161anu \u0113rtu un bez probl\u0113m\u0101m. Svar\u012bgi: sal\u0161anas riska d\u0113\u013c nav piem\u0113rota lieto\u0161anai ziem\u0101. Darba diapazons: +5\u2026+35 \u00b0C. Ier\u012bci j\u0101iztuk\u0161o un j\u0101glab\u0101 saus\u0101 telp\u0101. Lai sa\u0146emtu prec\u012bz\u0101ku inform\u0101ciju un padomus, sazinieties ar m\u016bsu speci\u0101listiem.  Ar filtr\u0113\u0161anas sist\u0113mu iesak\u0101m papildus ieg\u0101d\u0101ties \u016bdens att\u012br\u012b\u0161anas tabletes CombiTab (800 g) un CombiTab dozatoru \u016bdens att\u012br\u012b\u0161anas tablet\u0113m.","og_url":"https:\/\/awero.ee\/lv\/toode\/filtracijas-sistema-ar-filtresanas-bumbinam-filtermax\/","og_site_name":"Awero - S\u00fcdamega L\u00f5una-Eestist","article_modified_time":"2026-03-10T07:59:00+00:00","og_image":[{"width":1315,"height":1293,"url":"https:\/\/awero.ee\/wp-content\/uploads\/2024\/12\/Filtrisusteem-uus.jpg","type":"image\/jpeg"}],"twitter_card":"summary_large_image","twitter_misc":{"Est. reading time":"2 minutes"},"schema":{"@context":"https:\/\/schema.org","@graph":[{"@type":"WebPage","@id":"https:\/\/awero.ee\/lv\/toode\/filtracijas-sistema-ar-filtresanas-bumbinam-filtermax\/","url":"https:\/\/awero.ee\/lv\/toode\/filtracijas-sistema-ar-filtresanas-bumbinam-filtermax\/","name":"Filtr\u0101cijas sist\u0113ma ar filtr\u0113\u0161anas bumbi\u0146\u0101m FilterMax - Awero - S\u00fcdamega L\u00f5una-Eestist","isPartOf":{"@id":"https:\/\/awero.ee\/lv\/#website"},"primaryImageOfPage":{"@id":"https:\/\/awero.ee\/lv\/toode\/filtracijas-sistema-ar-filtresanas-bumbinam-filtermax\/#primaryimage"},"image":{"@id":"https:\/\/awero.ee\/lv\/toode\/filtracijas-sistema-ar-filtresanas-bumbinam-filtermax\/#primaryimage"},"thumbnailUrl":"https:\/\/awero.ee\/wp-content\/uploads\/2024\/12\/Filtrisusteem-uus.jpg","datePublished":"2024-12-12T12:06:34+00:00","dateModified":"2026-03-10T07:59:00+00:00","breadcrumb":{"@id":"https:\/\/awero.ee\/lv\/toode\/filtracijas-sistema-ar-filtresanas-bumbinam-filtermax\/#breadcrumb"},"inLanguage":"lv-LV","potentialAction":[{"@type":"ReadAction","target":["https:\/\/awero.ee\/lv\/toode\/filtracijas-sistema-ar-filtresanas-bumbinam-filtermax\/"]}]},{"@type":"ImageObject","inLanguage":"lv-LV","@id":"https:\/\/awero.ee\/lv\/toode\/filtracijas-sistema-ar-filtresanas-bumbinam-filtermax\/#primaryimage","url":"https:\/\/awero.ee\/wp-content\/uploads\/2024\/12\/Filtrisusteem-uus.jpg","contentUrl":"https:\/\/awero.ee\/wp-content\/uploads\/2024\/12\/Filtrisusteem-uus.jpg","width":1315,"height":1293},{"@type":"BreadcrumbList","@id":"https:\/\/awero.ee\/lv\/toode\/filtracijas-sistema-ar-filtresanas-bumbinam-filtermax\/#breadcrumb","itemListElement":[{"@type":"ListItem","position":1,"name":"Home","item":"https:\/\/awero.ee\/lv\/sakums\/"},{"@type":"ListItem","position":2,"name":"Veikals","item":"https:\/\/awero.ee\/lv\/veikals\/"},{"@type":"ListItem","position":3,"name":"Filtr\u0101cijas sist\u0113ma ar filtr\u0113\u0161anas bumbi\u0146\u0101m FilterMax"}]},{"@type":"WebSite","@id":"https:\/\/awero.ee\/lv\/#website","url":"https:\/\/awero.ee\/lv\/","name":"Awero - S\u00fcdamega L\u00f5una Eestist","description":"","publisher":{"@id":"https:\/\/awero.ee\/lv\/#organization"},"potentialAction":[{"@type":"SearchAction","target":{"@type":"EntryPoint","urlTemplate":"https:\/\/awero.ee\/lv\/?s={search_term_string}"},"query-input":{"@type":"PropertyValueSpecification","valueRequired":true,"valueName":"search_term_string"}}],"inLanguage":"lv-LV"},{"@type":"Organization","@id":"https:\/\/awero.ee\/lv\/#organization","name":"Awero - S\u00fcdamega L\u00f5una Eestist","url":"https:\/\/awero.ee\/lv\/","logo":{"@type":"ImageObject","inLanguage":"lv-LV","@id":"https:\/\/awero.ee\/lv\/#\/schema\/logo\/image\/","url":"https:\/\/awero.ee\/wp-content\/uploads\/2024\/07\/aweroplaceholder.jpg","contentUrl":"https:\/\/awero.ee\/wp-content\/uploads\/2024\/07\/aweroplaceholder.jpg","width":1250,"height":834,"caption":"Awero - S\u00fcdamega L\u00f5una Eestist"},"image":{"@id":"https:\/\/awero.ee\/lv\/#\/schema\/logo\/image\/"}}]}},"_links":{"self":[{"href":"https:\/\/awero.ee\/lv\/wp-json\/wp\/v2\/product\/12724","targetHints":{"allow":["GET"]}}],"collection":[{"href":"https:\/\/awero.ee\/lv\/wp-json\/wp\/v2\/product"}],"about":[{"href":"https:\/\/awero.ee\/lv\/wp-json\/wp\/v2\/types\/product"}],"wp:featuredmedia":[{"embeddable":true,"href":"https:\/\/awero.ee\/lv\/wp-json\/wp\/v2\/media\/12735"}],"wp:attachment":[{"href":"https:\/\/awero.ee\/lv\/wp-json\/wp\/v2\/media?parent=12724"}],"wp:term":[{"taxonomy":"product_brand","embeddable":true,"href":"https:\/\/awero.ee\/lv\/wp-json\/wp\/v2\/product_brand?post=12724"},{"taxonomy":"product_cat","embeddable":true,"href":"https:\/\/awero.ee\/lv\/wp-json\/wp\/v2\/product_cat?post=12724"},{"taxonomy":"product_tag","embeddable":true,"href":"https:\/\/awero.ee\/lv\/wp-json\/wp\/v2\/product_tag?post=12724"}],"curies":[{"name":"wp","href":"https:\/\/api.w.org\/{rel}","templated":true}]}}