{"id":12706,"date":"2026-02-13T08:06:24","date_gmt":"2026-02-13T08:06:24","guid":{"rendered":"https:\/\/awero.ee\/toode\/balboa-elektriskais-silditaja-komplekts-3-kw\/"},"modified":"2026-04-01T12:31:35","modified_gmt":"2026-04-01T12:31:35","slug":"balboa-elektriskais-silditaja-komplekts-3-kw","status":"publish","type":"product","link":"https:\/\/awero.ee\/lv\/toode\/balboa-elektriskais-silditaja-komplekts-3-kw\/","title":{"rendered":"Balboa elektriskais sild\u012bt\u0101ja komplekts 3 kW"},"content":{"rendered":"<h4 data-start=\"128\" data-end=\"186\"><\/h4>\n<h4 data-start=\"128\" data-end=\"186\"><strong data-start=\"128\" data-end=\"184\">Elektriskais sild\u012bt\u0101js (Balboa BP200):<\/strong><\/h4>\n<ul data-start=\"187\" data-end=\"511\">\n<li data-start=\"187\" data-end=\"223\">\n<p data-start=\"189\" data-end=\"223\">Baro\u0161anas spriegums: 230 V AC \/ 50 Hz<\/p>\n<\/li>\n<li data-start=\"224\" data-end=\"252\">\n<p data-start=\"226\" data-end=\"252\">Sild\u012b\u0161anas jauda: 3,0 kW<\/p>\n<\/li>\n<li data-start=\"253\" data-end=\"283\">\n<p data-start=\"255\" data-end=\"283\">Darba str\u0101va: aptuveni 11\u201313 A<\/p>\n<\/li>\n<li data-start=\"284\" data-end=\"357\">\n<p data-start=\"286\" data-end=\"357\">Sildelementa materi\u0101ls: Incoloy (ner\u016bs\u0113jo\u0161s un korozijiztur\u012bgs)<\/p>\n<\/li>\n<li data-start=\"358\" data-end=\"452\">\n<p data-start=\"360\" data-end=\"452\">Temperat\u016bras sensori: M7 patent\u0113tie sensori (dro\u0161a un prec\u012bza temperat\u016bras kontrole)<\/p>\n<\/li>\n<li data-start=\"453\" data-end=\"511\">\n<p data-start=\"455\" data-end=\"511\">Savienojums: 2 collu cauru\u013cvads<\/p>\n<\/li>\n<\/ul>\n<h4 data-start=\"125\" data-end=\"195\"><strong data-start=\"125\" data-end=\"193\">Cirkul\u0101cijas s\u016bknis (Balboa Koller 0,27 HP):<\/strong><\/h4>\n<ul data-start=\"196\" data-end=\"305\">\n<li data-start=\"196\" data-end=\"228\">\n<p data-start=\"198\" data-end=\"228\">Jauda: 200 W (0,27 HP)<\/p>\n<\/li>\n<li data-start=\"229\" data-end=\"264\">\n<p data-start=\"231\" data-end=\"264\">Rot\u0101cijas \u0101trums: 2800 apgr.\/min<\/p>\n<\/li>\n<li data-start=\"265\" data-end=\"305\">\n<p data-start=\"267\" data-end=\"305\">Maksim\u0101l\u0101 \u016bdens pl\u016bsma: 114 L\/min<\/p>\n<\/li>\n<\/ul>\n","protected":false},"excerpt":{"rendered":"<p data-start=\"240\" data-end=\"428\">Padariet sava kublas izmanto\u0161anu v\u0113l \u0113rt\u0101ku un m\u016bsdien\u012bg\u0101ku! Elektrisk\u0101s apkures komplekts \u013cauj autom\u0101tiski un \u0113rti uzsild\u012bt \u016bdeni un uztur\u0113t temperat\u016bru \u2013 ar\u012b att\u0101lin\u0101ti. <\/p>\n<p data-start=\"430\" data-end=\"571\">Komplekts ir ide\u0101li piem\u0113rots k\u0101 papildu apr\u012bkojums vai k\u0101 galvenais siltuma avots kubl\u0101m, nodro\u0161inot stabilu un energoefekt\u012bvu risin\u0101jumu \u016bdens temperat\u016bras regul\u0113\u0161anai.<\/p>\n<h4 data-start=\"573\" data-end=\"595\">Komplekt\u0101 ietilpst:<\/h4>\n<ul data-start=\"596\" data-end=\"883\">\n<li data-start=\"596\" data-end=\"682\">\n<p data-start=\"598\" data-end=\"682\">Cirkul\u0101cijas s\u016bknis \u2013 nodro\u0161ina nep\u0101rtrauktu \u016bdens pl\u016bsmu caur elektrisko sild\u012bt\u0101ju, jo pa\u0161am sild\u012bt\u0101jam nav ieb\u016bv\u0113tas cirkul\u0101cijas. Tas nodro\u0161ina vienm\u0113r\u012bgu siltuma sadali un efekt\u012bvu \u016bdens uzsild\u012b\u0161anu. <\/p>\n<\/li>\n<li data-start=\"683\" data-end=\"750\">\n<p data-start=\"685\" data-end=\"750\">3 kW elektriskais sild\u012bt\u0101js \u2013 nodro\u0161ina vienm\u0113r\u012bgu un kontrol\u0113tu \u016bdens uzsild\u012b\u0161anu un stabili uztur v\u0113lamo temperat\u016bru.<\/p>\n<\/li>\n<li data-start=\"751\" data-end=\"813\">\n<p data-start=\"753\" data-end=\"813\">WiFi modulis \u2013 \u013cauj vad\u012bt ier\u012bci ar viedier\u012bces pal\u012bdz\u012bbu.<\/p>\n<\/li>\n<li data-start=\"814\" data-end=\"883\">\n<p data-start=\"816\" data-end=\"883\">Vad\u012bbas panelis \u2013 vad\u012bbas risin\u0101jums, ar kura pal\u012bdz\u012bbu var iestat\u012bt temperat\u016bru un vad\u012bt burbu\u013cu sist\u0113mu un LED apgaismojumu.<\/p>\n<\/li>\n<\/ul>\n<p>&nbsp;<\/p>\n","protected":false},"featured_media":12707,"template":"","meta":{"_acf_changed":false},"product_brand":[],"product_cat":[1617],"product_tag":[1632],"class_list":{"0":"post-12706","1":"product","2":"type-product","3":"status-publish","4":"has-post-thumbnail","6":"product_cat-papildaprikojums","7":"product_tag-etkumblustunni_lisad","9":"first","10":"instock","11":"shipping-taxable","12":"product-type-simple"},"acf":[],"yoast_head":"<!-- This site is optimized with the Yoast SEO plugin v26.8 - https:\/\/yoast.com\/product\/yoast-seo-wordpress\/ -->\n<title>Balboa elektriskais sild\u012bt\u0101ja komplekts 3 kW - Awero - S\u00fcdamega L\u00f5una-Eestist<\/title>\n<meta name=\"robots\" content=\"index, follow, max-snippet:-1, max-image-preview:large, max-video-preview:-1\" \/>\n<link rel=\"canonical\" href=\"https:\/\/awero.ee\/lv\/toode\/balboa-elektriskais-silditaja-komplekts-3-kw\/\" \/>\n<meta property=\"og:locale\" content=\"lv_LV\" \/>\n<meta property=\"og:type\" content=\"article\" \/>\n<meta property=\"og:title\" content=\"Balboa elektriskais sild\u012bt\u0101ja komplekts 3 kW - Awero - S\u00fcdamega L\u00f5una-Eestist\" \/>\n<meta property=\"og:description\" content=\"Padariet sava kublas izmanto\u0161anu v\u0113l \u0113rt\u0101ku un m\u016bsdien\u012bg\u0101ku! Elektrisk\u0101s apkures komplekts \u013cauj autom\u0101tiski un \u0113rti uzsild\u012bt \u016bdeni un uztur\u0113t temperat\u016bru \u2013 ar\u012b att\u0101lin\u0101ti. Komplekts ir ide\u0101li piem\u0113rots k\u0101 papildu apr\u012bkojums vai k\u0101 galvenais siltuma avots kubl\u0101m, nodro\u0161inot stabilu un energoefekt\u012bvu risin\u0101jumu \u016bdens temperat\u016bras regul\u0113\u0161anai. Komplekt\u0101 ietilpst:   Cirkul\u0101cijas s\u016bknis \u2013 nodro\u0161ina nep\u0101rtrauktu \u016bdens pl\u016bsmu caur elektrisko sild\u012bt\u0101ju, jo pa\u0161am sild\u012bt\u0101jam nav ieb\u016bv\u0113tas cirkul\u0101cijas. Tas nodro\u0161ina vienm\u0113r\u012bgu siltuma sadali un efekt\u012bvu \u016bdens uzsild\u012b\u0161anu.   3 kW elektriskais sild\u012bt\u0101js \u2013 nodro\u0161ina vienm\u0113r\u012bgu un kontrol\u0113tu \u016bdens uzsild\u012b\u0161anu un stabili uztur v\u0113lamo temperat\u016bru.   WiFi modulis \u2013 \u013cauj vad\u012bt ier\u012bci ar viedier\u012bces pal\u012bdz\u012bbu.   Vad\u012bbas panelis \u2013 vad\u012bbas risin\u0101jums, ar kura pal\u012bdz\u012bbu var iestat\u012bt temperat\u016bru un vad\u012bt burbu\u013cu sist\u0113mu un LED apgaismojumu.  &nbsp;\" \/>\n<meta property=\"og:url\" content=\"https:\/\/awero.ee\/lv\/toode\/balboa-elektriskais-silditaja-komplekts-3-kw\/\" \/>\n<meta property=\"og:site_name\" content=\"Awero - S\u00fcdamega L\u00f5una-Eestist\" \/>\n<meta property=\"article:modified_time\" content=\"2026-04-01T12:31:35+00:00\" \/>\n<meta property=\"og:image\" content=\"https:\/\/awero.ee\/wp-content\/uploads\/2026\/02\/Elektrikute-Balboa-canva.png\" \/>\n\t<meta property=\"og:image:width\" content=\"971\" \/>\n\t<meta property=\"og:image:height\" content=\"582\" \/>\n\t<meta property=\"og:image:type\" content=\"image\/png\" \/>\n<meta name=\"twitter:card\" content=\"summary_large_image\" \/>\n<script type=\"application\/ld+json\" class=\"yoast-schema-graph\">{\"@context\":\"https:\/\/schema.org\",\"@graph\":[{\"@type\":\"WebPage\",\"@id\":\"https:\/\/awero.ee\/lv\/toode\/balboa-elektriskais-silditaja-komplekts-3-kw\/\",\"url\":\"https:\/\/awero.ee\/lv\/toode\/balboa-elektriskais-silditaja-komplekts-3-kw\/\",\"name\":\"Balboa elektriskais sild\u012bt\u0101ja komplekts 3 kW - Awero - S\u00fcdamega L\u00f5una-Eestist\",\"isPartOf\":{\"@id\":\"https:\/\/awero.ee\/lv\/#website\"},\"primaryImageOfPage\":{\"@id\":\"https:\/\/awero.ee\/lv\/toode\/balboa-elektriskais-silditaja-komplekts-3-kw\/#primaryimage\"},\"image\":{\"@id\":\"https:\/\/awero.ee\/lv\/toode\/balboa-elektriskais-silditaja-komplekts-3-kw\/#primaryimage\"},\"thumbnailUrl\":\"https:\/\/awero.ee\/wp-content\/uploads\/2026\/02\/Elektrikute-Balboa-canva.png\",\"datePublished\":\"2026-02-13T08:06:24+00:00\",\"dateModified\":\"2026-04-01T12:31:35+00:00\",\"breadcrumb\":{\"@id\":\"https:\/\/awero.ee\/lv\/toode\/balboa-elektriskais-silditaja-komplekts-3-kw\/#breadcrumb\"},\"inLanguage\":\"lv-LV\",\"potentialAction\":[{\"@type\":\"ReadAction\",\"target\":[\"https:\/\/awero.ee\/lv\/toode\/balboa-elektriskais-silditaja-komplekts-3-kw\/\"]}]},{\"@type\":\"ImageObject\",\"inLanguage\":\"lv-LV\",\"@id\":\"https:\/\/awero.ee\/lv\/toode\/balboa-elektriskais-silditaja-komplekts-3-kw\/#primaryimage\",\"url\":\"https:\/\/awero.ee\/wp-content\/uploads\/2026\/02\/Elektrikute-Balboa-canva.png\",\"contentUrl\":\"https:\/\/awero.ee\/wp-content\/uploads\/2026\/02\/Elektrikute-Balboa-canva.png\",\"width\":971,\"height\":582},{\"@type\":\"BreadcrumbList\",\"@id\":\"https:\/\/awero.ee\/lv\/toode\/balboa-elektriskais-silditaja-komplekts-3-kw\/#breadcrumb\",\"itemListElement\":[{\"@type\":\"ListItem\",\"position\":1,\"name\":\"Home\",\"item\":\"https:\/\/awero.ee\/lv\/sakums\/\"},{\"@type\":\"ListItem\",\"position\":2,\"name\":\"Veikals\",\"item\":\"https:\/\/awero.ee\/lv\/veikals\/\"},{\"@type\":\"ListItem\",\"position\":3,\"name\":\"Balboa elektriskais sild\u012bt\u0101ja komplekts 3 kW\"}]},{\"@type\":\"WebSite\",\"@id\":\"https:\/\/awero.ee\/lv\/#website\",\"url\":\"https:\/\/awero.ee\/lv\/\",\"name\":\"Awero - S\u00fcdamega L\u00f5una Eestist\",\"description\":\"\",\"publisher\":{\"@id\":\"https:\/\/awero.ee\/lv\/#organization\"},\"potentialAction\":[{\"@type\":\"SearchAction\",\"target\":{\"@type\":\"EntryPoint\",\"urlTemplate\":\"https:\/\/awero.ee\/lv\/?s={search_term_string}\"},\"query-input\":{\"@type\":\"PropertyValueSpecification\",\"valueRequired\":true,\"valueName\":\"search_term_string\"}}],\"inLanguage\":\"lv-LV\"},{\"@type\":\"Organization\",\"@id\":\"https:\/\/awero.ee\/lv\/#organization\",\"name\":\"Awero - S\u00fcdamega L\u00f5una Eestist\",\"url\":\"https:\/\/awero.ee\/lv\/\",\"logo\":{\"@type\":\"ImageObject\",\"inLanguage\":\"lv-LV\",\"@id\":\"https:\/\/awero.ee\/lv\/#\/schema\/logo\/image\/\",\"url\":\"https:\/\/awero.ee\/wp-content\/uploads\/2024\/07\/aweroplaceholder.jpg\",\"contentUrl\":\"https:\/\/awero.ee\/wp-content\/uploads\/2024\/07\/aweroplaceholder.jpg\",\"width\":1250,\"height\":834,\"caption\":\"Awero - S\u00fcdamega L\u00f5una Eestist\"},\"image\":{\"@id\":\"https:\/\/awero.ee\/lv\/#\/schema\/logo\/image\/\"}}]}<\/script>\n<!-- \/ Yoast SEO plugin. -->","yoast_head_json":{"title":"Balboa elektriskais sild\u012bt\u0101ja komplekts 3 kW - Awero - S\u00fcdamega L\u00f5una-Eestist","robots":{"index":"index","follow":"follow","max-snippet":"max-snippet:-1","max-image-preview":"max-image-preview:large","max-video-preview":"max-video-preview:-1"},"canonical":"https:\/\/awero.ee\/lv\/toode\/balboa-elektriskais-silditaja-komplekts-3-kw\/","og_locale":"lv_LV","og_type":"article","og_title":"Balboa elektriskais sild\u012bt\u0101ja komplekts 3 kW - Awero - S\u00fcdamega L\u00f5una-Eestist","og_description":"Padariet sava kublas izmanto\u0161anu v\u0113l \u0113rt\u0101ku un m\u016bsdien\u012bg\u0101ku! Elektrisk\u0101s apkures komplekts \u013cauj autom\u0101tiski un \u0113rti uzsild\u012bt \u016bdeni un uztur\u0113t temperat\u016bru \u2013 ar\u012b att\u0101lin\u0101ti. Komplekts ir ide\u0101li piem\u0113rots k\u0101 papildu apr\u012bkojums vai k\u0101 galvenais siltuma avots kubl\u0101m, nodro\u0161inot stabilu un energoefekt\u012bvu risin\u0101jumu \u016bdens temperat\u016bras regul\u0113\u0161anai. Komplekt\u0101 ietilpst:   Cirkul\u0101cijas s\u016bknis \u2013 nodro\u0161ina nep\u0101rtrauktu \u016bdens pl\u016bsmu caur elektrisko sild\u012bt\u0101ju, jo pa\u0161am sild\u012bt\u0101jam nav ieb\u016bv\u0113tas cirkul\u0101cijas. Tas nodro\u0161ina vienm\u0113r\u012bgu siltuma sadali un efekt\u012bvu \u016bdens uzsild\u012b\u0161anu.   3 kW elektriskais sild\u012bt\u0101js \u2013 nodro\u0161ina vienm\u0113r\u012bgu un kontrol\u0113tu \u016bdens uzsild\u012b\u0161anu un stabili uztur v\u0113lamo temperat\u016bru.   WiFi modulis \u2013 \u013cauj vad\u012bt ier\u012bci ar viedier\u012bces pal\u012bdz\u012bbu.   Vad\u012bbas panelis \u2013 vad\u012bbas risin\u0101jums, ar kura pal\u012bdz\u012bbu var iestat\u012bt temperat\u016bru un vad\u012bt burbu\u013cu sist\u0113mu un LED apgaismojumu.  &nbsp;","og_url":"https:\/\/awero.ee\/lv\/toode\/balboa-elektriskais-silditaja-komplekts-3-kw\/","og_site_name":"Awero - S\u00fcdamega L\u00f5una-Eestist","article_modified_time":"2026-04-01T12:31:35+00:00","og_image":[{"width":971,"height":582,"url":"https:\/\/awero.ee\/wp-content\/uploads\/2026\/02\/Elektrikute-Balboa-canva.png","type":"image\/png"}],"twitter_card":"summary_large_image","schema":{"@context":"https:\/\/schema.org","@graph":[{"@type":"WebPage","@id":"https:\/\/awero.ee\/lv\/toode\/balboa-elektriskais-silditaja-komplekts-3-kw\/","url":"https:\/\/awero.ee\/lv\/toode\/balboa-elektriskais-silditaja-komplekts-3-kw\/","name":"Balboa elektriskais sild\u012bt\u0101ja komplekts 3 kW - Awero - S\u00fcdamega L\u00f5una-Eestist","isPartOf":{"@id":"https:\/\/awero.ee\/lv\/#website"},"primaryImageOfPage":{"@id":"https:\/\/awero.ee\/lv\/toode\/balboa-elektriskais-silditaja-komplekts-3-kw\/#primaryimage"},"image":{"@id":"https:\/\/awero.ee\/lv\/toode\/balboa-elektriskais-silditaja-komplekts-3-kw\/#primaryimage"},"thumbnailUrl":"https:\/\/awero.ee\/wp-content\/uploads\/2026\/02\/Elektrikute-Balboa-canva.png","datePublished":"2026-02-13T08:06:24+00:00","dateModified":"2026-04-01T12:31:35+00:00","breadcrumb":{"@id":"https:\/\/awero.ee\/lv\/toode\/balboa-elektriskais-silditaja-komplekts-3-kw\/#breadcrumb"},"inLanguage":"lv-LV","potentialAction":[{"@type":"ReadAction","target":["https:\/\/awero.ee\/lv\/toode\/balboa-elektriskais-silditaja-komplekts-3-kw\/"]}]},{"@type":"ImageObject","inLanguage":"lv-LV","@id":"https:\/\/awero.ee\/lv\/toode\/balboa-elektriskais-silditaja-komplekts-3-kw\/#primaryimage","url":"https:\/\/awero.ee\/wp-content\/uploads\/2026\/02\/Elektrikute-Balboa-canva.png","contentUrl":"https:\/\/awero.ee\/wp-content\/uploads\/2026\/02\/Elektrikute-Balboa-canva.png","width":971,"height":582},{"@type":"BreadcrumbList","@id":"https:\/\/awero.ee\/lv\/toode\/balboa-elektriskais-silditaja-komplekts-3-kw\/#breadcrumb","itemListElement":[{"@type":"ListItem","position":1,"name":"Home","item":"https:\/\/awero.ee\/lv\/sakums\/"},{"@type":"ListItem","position":2,"name":"Veikals","item":"https:\/\/awero.ee\/lv\/veikals\/"},{"@type":"ListItem","position":3,"name":"Balboa elektriskais sild\u012bt\u0101ja komplekts 3 kW"}]},{"@type":"WebSite","@id":"https:\/\/awero.ee\/lv\/#website","url":"https:\/\/awero.ee\/lv\/","name":"Awero - S\u00fcdamega L\u00f5una Eestist","description":"","publisher":{"@id":"https:\/\/awero.ee\/lv\/#organization"},"potentialAction":[{"@type":"SearchAction","target":{"@type":"EntryPoint","urlTemplate":"https:\/\/awero.ee\/lv\/?s={search_term_string}"},"query-input":{"@type":"PropertyValueSpecification","valueRequired":true,"valueName":"search_term_string"}}],"inLanguage":"lv-LV"},{"@type":"Organization","@id":"https:\/\/awero.ee\/lv\/#organization","name":"Awero - S\u00fcdamega L\u00f5una Eestist","url":"https:\/\/awero.ee\/lv\/","logo":{"@type":"ImageObject","inLanguage":"lv-LV","@id":"https:\/\/awero.ee\/lv\/#\/schema\/logo\/image\/","url":"https:\/\/awero.ee\/wp-content\/uploads\/2024\/07\/aweroplaceholder.jpg","contentUrl":"https:\/\/awero.ee\/wp-content\/uploads\/2024\/07\/aweroplaceholder.jpg","width":1250,"height":834,"caption":"Awero - S\u00fcdamega L\u00f5una Eestist"},"image":{"@id":"https:\/\/awero.ee\/lv\/#\/schema\/logo\/image\/"}}]}},"_links":{"self":[{"href":"https:\/\/awero.ee\/lv\/wp-json\/wp\/v2\/product\/12706","targetHints":{"allow":["GET"]}}],"collection":[{"href":"https:\/\/awero.ee\/lv\/wp-json\/wp\/v2\/product"}],"about":[{"href":"https:\/\/awero.ee\/lv\/wp-json\/wp\/v2\/types\/product"}],"wp:featuredmedia":[{"embeddable":true,"href":"https:\/\/awero.ee\/lv\/wp-json\/wp\/v2\/media\/12707"}],"wp:attachment":[{"href":"https:\/\/awero.ee\/lv\/wp-json\/wp\/v2\/media?parent=12706"}],"wp:term":[{"taxonomy":"product_brand","embeddable":true,"href":"https:\/\/awero.ee\/lv\/wp-json\/wp\/v2\/product_brand?post=12706"},{"taxonomy":"product_cat","embeddable":true,"href":"https:\/\/awero.ee\/lv\/wp-json\/wp\/v2\/product_cat?post=12706"},{"taxonomy":"product_tag","embeddable":true,"href":"https:\/\/awero.ee\/lv\/wp-json\/wp\/v2\/product_tag?post=12706"}],"curies":[{"name":"wp","href":"https:\/\/api.w.org\/{rel}","templated":true}]}}