{"id":12485,"date":"2024-07-16T08:02:52","date_gmt":"2024-07-16T08:02:52","guid":{"rendered":"https:\/\/awero.ee\/toode\/divpadsmitstura-kublu-ieliktnis-2000x2000-mm\/"},"modified":"2026-02-27T08:27:00","modified_gmt":"2026-02-27T08:27:00","slug":"divpadsmitstura-kublu-ieliktnis-2000x2000-mm","status":"publish","type":"product","link":"https:\/\/awero.ee\/lv\/toode\/divpadsmitstura-kublu-ieliktnis-2000x2000-mm\/","title":{"rendered":"Divpadsmitst\u016bra kublu ieliktnis 2000&#215;2000 mm"},"content":{"rendered":"","protected":false},"excerpt":{"rendered":"","protected":false},"featured_media":3495,"template":"","meta":{"_acf_changed":false},"product_brand":[],"product_cat":[1627],"product_tag":[],"class_list":{"0":"post-12485","1":"product","2":"type-product","3":"status-publish","4":"has-post-thumbnail","6":"product_cat-kublu-caulas","8":"first","9":"instock","10":"shipping-taxable","11":"product-type-variable"},"acf":[],"yoast_head":"<!-- This site is optimized with the Yoast SEO plugin v26.8 - https:\/\/yoast.com\/product\/yoast-seo-wordpress\/ -->\n<title>Divpadsmitst\u016bra kublu ieliktnis 2000x2000 mm - Awero - S\u00fcdamega L\u00f5una-Eestist<\/title>\n<meta name=\"robots\" content=\"index, follow, max-snippet:-1, max-image-preview:large, max-video-preview:-1\" \/>\n<link rel=\"canonical\" href=\"https:\/\/awero.ee\/lv\/toode\/divpadsmitstura-kublu-ieliktnis-2000x2000-mm\/\" \/>\n<meta property=\"og:locale\" content=\"lv_LV\" \/>\n<meta property=\"og:type\" content=\"article\" \/>\n<meta property=\"og:title\" content=\"Divpadsmitst\u016bra kublu ieliktnis 2000x2000 mm - Awero - S\u00fcdamega L\u00f5una-Eestist\" \/>\n<meta property=\"og:url\" content=\"https:\/\/awero.ee\/lv\/toode\/divpadsmitstura-kublu-ieliktnis-2000x2000-mm\/\" \/>\n<meta property=\"og:site_name\" content=\"Awero - S\u00fcdamega L\u00f5una-Eestist\" \/>\n<meta property=\"article:modified_time\" content=\"2026-02-27T08:27:00+00:00\" \/>\n<meta property=\"og:image\" content=\"https:\/\/awero.ee\/wp-content\/uploads\/2025\/06\/land.png\" \/>\n\t<meta property=\"og:image:width\" content=\"1200\" \/>\n\t<meta property=\"og:image:height\" content=\"675\" \/>\n\t<meta property=\"og:image:type\" content=\"image\/png\" \/>\n<meta name=\"twitter:card\" content=\"summary_large_image\" \/>\n<script type=\"application\/ld+json\" class=\"yoast-schema-graph\">{\"@context\":\"https:\/\/schema.org\",\"@graph\":[{\"@type\":\"WebPage\",\"@id\":\"https:\/\/awero.ee\/lv\/toode\/divpadsmitstura-kublu-ieliktnis-2000x2000-mm\/\",\"url\":\"https:\/\/awero.ee\/lv\/toode\/divpadsmitstura-kublu-ieliktnis-2000x2000-mm\/\",\"name\":\"Divpadsmitst\u016bra kublu ieliktnis 2000x2000 mm - Awero - S\u00fcdamega L\u00f5una-Eestist\",\"isPartOf\":{\"@id\":\"https:\/\/awero.ee\/lv\/#website\"},\"primaryImageOfPage\":{\"@id\":\"https:\/\/awero.ee\/lv\/toode\/divpadsmitstura-kublu-ieliktnis-2000x2000-mm\/#primaryimage\"},\"image\":{\"@id\":\"https:\/\/awero.ee\/lv\/toode\/divpadsmitstura-kublu-ieliktnis-2000x2000-mm\/#primaryimage\"},\"thumbnailUrl\":\"https:\/\/awero.ee\/wp-content\/uploads\/2024\/09\/Tunnisisu_kaksteistnurkne_2000x2000mm_hall.png\",\"datePublished\":\"2024-07-16T08:02:52+00:00\",\"dateModified\":\"2026-02-27T08:27:00+00:00\",\"breadcrumb\":{\"@id\":\"https:\/\/awero.ee\/lv\/toode\/divpadsmitstura-kublu-ieliktnis-2000x2000-mm\/#breadcrumb\"},\"inLanguage\":\"lv-LV\",\"potentialAction\":[{\"@type\":\"ReadAction\",\"target\":[\"https:\/\/awero.ee\/lv\/toode\/divpadsmitstura-kublu-ieliktnis-2000x2000-mm\/\"]}]},{\"@type\":\"ImageObject\",\"inLanguage\":\"lv-LV\",\"@id\":\"https:\/\/awero.ee\/lv\/toode\/divpadsmitstura-kublu-ieliktnis-2000x2000-mm\/#primaryimage\",\"url\":\"https:\/\/awero.ee\/wp-content\/uploads\/2024\/09\/Tunnisisu_kaksteistnurkne_2000x2000mm_hall.png\",\"contentUrl\":\"https:\/\/awero.ee\/wp-content\/uploads\/2024\/09\/Tunnisisu_kaksteistnurkne_2000x2000mm_hall.png\",\"width\":1250,\"height\":834},{\"@type\":\"BreadcrumbList\",\"@id\":\"https:\/\/awero.ee\/lv\/toode\/divpadsmitstura-kublu-ieliktnis-2000x2000-mm\/#breadcrumb\",\"itemListElement\":[{\"@type\":\"ListItem\",\"position\":1,\"name\":\"Home\",\"item\":\"https:\/\/awero.ee\/lv\/sakums\/\"},{\"@type\":\"ListItem\",\"position\":2,\"name\":\"Veikals\",\"item\":\"https:\/\/awero.ee\/lv\/veikals\/\"},{\"@type\":\"ListItem\",\"position\":3,\"name\":\"Divpadsmitst\u016bra kublu ieliktnis 2000&#215;2000 mm\"}]},{\"@type\":\"WebSite\",\"@id\":\"https:\/\/awero.ee\/lv\/#website\",\"url\":\"https:\/\/awero.ee\/lv\/\",\"name\":\"Awero - S\u00fcdamega L\u00f5una Eestist\",\"description\":\"\",\"publisher\":{\"@id\":\"https:\/\/awero.ee\/lv\/#organization\"},\"potentialAction\":[{\"@type\":\"SearchAction\",\"target\":{\"@type\":\"EntryPoint\",\"urlTemplate\":\"https:\/\/awero.ee\/lv\/?s={search_term_string}\"},\"query-input\":{\"@type\":\"PropertyValueSpecification\",\"valueRequired\":true,\"valueName\":\"search_term_string\"}}],\"inLanguage\":\"lv-LV\"},{\"@type\":\"Organization\",\"@id\":\"https:\/\/awero.ee\/lv\/#organization\",\"name\":\"Awero - S\u00fcdamega L\u00f5una Eestist\",\"url\":\"https:\/\/awero.ee\/lv\/\",\"logo\":{\"@type\":\"ImageObject\",\"inLanguage\":\"lv-LV\",\"@id\":\"https:\/\/awero.ee\/lv\/#\/schema\/logo\/image\/\",\"url\":\"https:\/\/awero.ee\/wp-content\/uploads\/2024\/07\/aweroplaceholder.jpg\",\"contentUrl\":\"https:\/\/awero.ee\/wp-content\/uploads\/2024\/07\/aweroplaceholder.jpg\",\"width\":1250,\"height\":834,\"caption\":\"Awero - S\u00fcdamega L\u00f5una Eestist\"},\"image\":{\"@id\":\"https:\/\/awero.ee\/lv\/#\/schema\/logo\/image\/\"}}]}<\/script>\n<!-- \/ Yoast SEO plugin. -->","yoast_head_json":{"title":"Divpadsmitst\u016bra kublu ieliktnis 2000x2000 mm - Awero - S\u00fcdamega L\u00f5una-Eestist","robots":{"index":"index","follow":"follow","max-snippet":"max-snippet:-1","max-image-preview":"max-image-preview:large","max-video-preview":"max-video-preview:-1"},"canonical":"https:\/\/awero.ee\/lv\/toode\/divpadsmitstura-kublu-ieliktnis-2000x2000-mm\/","og_locale":"lv_LV","og_type":"article","og_title":"Divpadsmitst\u016bra kublu ieliktnis 2000x2000 mm - Awero - S\u00fcdamega L\u00f5una-Eestist","og_url":"https:\/\/awero.ee\/lv\/toode\/divpadsmitstura-kublu-ieliktnis-2000x2000-mm\/","og_site_name":"Awero - S\u00fcdamega L\u00f5una-Eestist","article_modified_time":"2026-02-27T08:27:00+00:00","og_image":[{"width":1200,"height":675,"url":"https:\/\/awero.ee\/wp-content\/uploads\/2025\/06\/land.png","type":"image\/png"}],"twitter_card":"summary_large_image","schema":{"@context":"https:\/\/schema.org","@graph":[{"@type":"WebPage","@id":"https:\/\/awero.ee\/lv\/toode\/divpadsmitstura-kublu-ieliktnis-2000x2000-mm\/","url":"https:\/\/awero.ee\/lv\/toode\/divpadsmitstura-kublu-ieliktnis-2000x2000-mm\/","name":"Divpadsmitst\u016bra kublu ieliktnis 2000x2000 mm - Awero - S\u00fcdamega L\u00f5una-Eestist","isPartOf":{"@id":"https:\/\/awero.ee\/lv\/#website"},"primaryImageOfPage":{"@id":"https:\/\/awero.ee\/lv\/toode\/divpadsmitstura-kublu-ieliktnis-2000x2000-mm\/#primaryimage"},"image":{"@id":"https:\/\/awero.ee\/lv\/toode\/divpadsmitstura-kublu-ieliktnis-2000x2000-mm\/#primaryimage"},"thumbnailUrl":"https:\/\/awero.ee\/wp-content\/uploads\/2024\/09\/Tunnisisu_kaksteistnurkne_2000x2000mm_hall.png","datePublished":"2024-07-16T08:02:52+00:00","dateModified":"2026-02-27T08:27:00+00:00","breadcrumb":{"@id":"https:\/\/awero.ee\/lv\/toode\/divpadsmitstura-kublu-ieliktnis-2000x2000-mm\/#breadcrumb"},"inLanguage":"lv-LV","potentialAction":[{"@type":"ReadAction","target":["https:\/\/awero.ee\/lv\/toode\/divpadsmitstura-kublu-ieliktnis-2000x2000-mm\/"]}]},{"@type":"ImageObject","inLanguage":"lv-LV","@id":"https:\/\/awero.ee\/lv\/toode\/divpadsmitstura-kublu-ieliktnis-2000x2000-mm\/#primaryimage","url":"https:\/\/awero.ee\/wp-content\/uploads\/2024\/09\/Tunnisisu_kaksteistnurkne_2000x2000mm_hall.png","contentUrl":"https:\/\/awero.ee\/wp-content\/uploads\/2024\/09\/Tunnisisu_kaksteistnurkne_2000x2000mm_hall.png","width":1250,"height":834},{"@type":"BreadcrumbList","@id":"https:\/\/awero.ee\/lv\/toode\/divpadsmitstura-kublu-ieliktnis-2000x2000-mm\/#breadcrumb","itemListElement":[{"@type":"ListItem","position":1,"name":"Home","item":"https:\/\/awero.ee\/lv\/sakums\/"},{"@type":"ListItem","position":2,"name":"Veikals","item":"https:\/\/awero.ee\/lv\/veikals\/"},{"@type":"ListItem","position":3,"name":"Divpadsmitst\u016bra kublu ieliktnis 2000&#215;2000 mm"}]},{"@type":"WebSite","@id":"https:\/\/awero.ee\/lv\/#website","url":"https:\/\/awero.ee\/lv\/","name":"Awero - S\u00fcdamega L\u00f5una Eestist","description":"","publisher":{"@id":"https:\/\/awero.ee\/lv\/#organization"},"potentialAction":[{"@type":"SearchAction","target":{"@type":"EntryPoint","urlTemplate":"https:\/\/awero.ee\/lv\/?s={search_term_string}"},"query-input":{"@type":"PropertyValueSpecification","valueRequired":true,"valueName":"search_term_string"}}],"inLanguage":"lv-LV"},{"@type":"Organization","@id":"https:\/\/awero.ee\/lv\/#organization","name":"Awero - S\u00fcdamega L\u00f5una Eestist","url":"https:\/\/awero.ee\/lv\/","logo":{"@type":"ImageObject","inLanguage":"lv-LV","@id":"https:\/\/awero.ee\/lv\/#\/schema\/logo\/image\/","url":"https:\/\/awero.ee\/wp-content\/uploads\/2024\/07\/aweroplaceholder.jpg","contentUrl":"https:\/\/awero.ee\/wp-content\/uploads\/2024\/07\/aweroplaceholder.jpg","width":1250,"height":834,"caption":"Awero - S\u00fcdamega L\u00f5una Eestist"},"image":{"@id":"https:\/\/awero.ee\/lv\/#\/schema\/logo\/image\/"}}]}},"_links":{"self":[{"href":"https:\/\/awero.ee\/lv\/wp-json\/wp\/v2\/product\/12485","targetHints":{"allow":["GET"]}}],"collection":[{"href":"https:\/\/awero.ee\/lv\/wp-json\/wp\/v2\/product"}],"about":[{"href":"https:\/\/awero.ee\/lv\/wp-json\/wp\/v2\/types\/product"}],"wp:featuredmedia":[{"embeddable":true,"href":"https:\/\/awero.ee\/lv\/wp-json\/wp\/v2\/media\/3495"}],"wp:attachment":[{"href":"https:\/\/awero.ee\/lv\/wp-json\/wp\/v2\/media?parent=12485"}],"wp:term":[{"taxonomy":"product_brand","embeddable":true,"href":"https:\/\/awero.ee\/lv\/wp-json\/wp\/v2\/product_brand?post=12485"},{"taxonomy":"product_cat","embeddable":true,"href":"https:\/\/awero.ee\/lv\/wp-json\/wp\/v2\/product_cat?post=12485"},{"taxonomy":"product_tag","embeddable":true,"href":"https:\/\/awero.ee\/lv\/wp-json\/wp\/v2\/product_tag?post=12485"}],"curies":[{"name":"wp","href":"https:\/\/api.w.org\/{rel}","templated":true}]}}