{"id":12356,"date":"2025-04-13T17:31:24","date_gmt":"2025-04-13T17:31:24","guid":{"rendered":"https:\/\/awero.ee\/toode\/ara-tualete\/"},"modified":"2026-04-01T12:32:24","modified_gmt":"2026-04-01T12:32:24","slug":"ara-tualete","status":"publish","type":"product","link":"https:\/\/awero.ee\/lv\/toode\/ara-tualete\/","title":{"rendered":"\u0100ra tualete"},"content":{"rendered":"<p><strong><span dir=\"ltr\" role=\"presentation\">Komplekt\u0101cij\u0101:<\/span><\/strong><br role=\"presentation\"><span dir=\"ltr\" role=\"presentation\">Sienu materi\u0101ls \u2013 24 mm egle vai termiski apstr\u0101d\u0101ta priede<\/span><br role=\"presentation\"><span dir=\"ltr\" role=\"presentation\">Jumta seguma materi\u0101ls \u2013 melni bitumena \u0161inde\u013ci<\/span><br role=\"presentation\"><span dir=\"ltr\" role=\"presentation\">Ieejas durvis \u2013 aizsl\u0113dzamas, ar logu.<\/span><\/p>\n<p><strong><span dir=\"ltr\" role=\"presentation\">Papildus:<\/span><\/strong><br role=\"presentation\"><span dir=\"ltr\" role=\"presentation\">Biolan saus\u0101s tualetes komplekts <strong>380 eiro<\/strong><\/span><br role=\"presentation\"><span dir=\"ltr\" role=\"presentation\">\u0100r\u0113j\u0101 apdare saliktam nami\u0146am <strong>90 eiro.<\/strong><\/span><\/p>\n<p>&nbsp;<\/p>\n","protected":false},"excerpt":{"rendered":"<p>Izgatavota no iztur\u012bgas 24 mm dab\u012bgas egles vai 28 mm termiski apstr\u0101d\u0101tas priedes. Nami\u0146am ir klasisks sl\u012bpais jumts, kas p\u0101rkl\u0101ts ar bitumena \u0161inde\u013ciem, un durvis ar logu, kas nodro\u0161ina dabisko apgaismojumu. Kompakts, bet funkcion\u0101ls risin\u0101jums lauku m\u0101jai, vasarn\u012bcai vai me\u017ea st\u016br\u012btim. Viegli uzst\u0101d\u0101ma un piem\u0113rota lieto\u0161anai jebkur\u0101 gadalaik\u0101.   <\/p>\n","protected":false},"featured_media":12361,"template":"","meta":{"_acf_changed":false},"product_brand":[],"product_cat":[1618],"product_tag":[],"class_list":{"0":"post-12356","1":"product","2":"type-product","3":"status-publish","4":"has-post-thumbnail","6":"product_cat-darza-preces","8":"first","9":"instock","10":"shipping-taxable","11":"product-type-variable"},"acf":[],"yoast_head":"<!-- This site is optimized with the Yoast SEO plugin v26.8 - https:\/\/yoast.com\/product\/yoast-seo-wordpress\/ -->\n<title>\u0100ra tualete - Awero - S\u00fcdamega L\u00f5una-Eestist<\/title>\n<meta name=\"robots\" content=\"index, follow, max-snippet:-1, max-image-preview:large, max-video-preview:-1\" \/>\n<link rel=\"canonical\" href=\"https:\/\/awero.ee\/lv\/toode\/ara-tualete\/\" \/>\n<meta property=\"og:locale\" content=\"lv_LV\" \/>\n<meta property=\"og:type\" content=\"article\" \/>\n<meta property=\"og:title\" content=\"\u0100ra tualete - Awero - S\u00fcdamega L\u00f5una-Eestist\" \/>\n<meta property=\"og:description\" content=\"Izgatavota no iztur\u012bgas 24 mm dab\u012bgas egles vai 28 mm termiski apstr\u0101d\u0101tas priedes. Nami\u0146am ir klasisks sl\u012bpais jumts, kas p\u0101rkl\u0101ts ar bitumena \u0161inde\u013ciem, un durvis ar logu, kas nodro\u0161ina dabisko apgaismojumu. Kompakts, bet funkcion\u0101ls risin\u0101jums lauku m\u0101jai, vasarn\u012bcai vai me\u017ea st\u016br\u012btim. Viegli uzst\u0101d\u0101ma un piem\u0113rota lieto\u0161anai jebkur\u0101 gadalaik\u0101.\" \/>\n<meta property=\"og:url\" content=\"https:\/\/awero.ee\/lv\/toode\/ara-tualete\/\" \/>\n<meta property=\"og:site_name\" content=\"Awero - S\u00fcdamega L\u00f5una-Eestist\" \/>\n<meta property=\"article:modified_time\" content=\"2026-04-01T12:32:24+00:00\" \/>\n<meta property=\"og:image\" content=\"https:\/\/awero.ee\/wp-content\/uploads\/2025\/04\/Valiwc.jpg\" \/>\n\t<meta property=\"og:image:width\" content=\"1920\" \/>\n\t<meta property=\"og:image:height\" content=\"1280\" \/>\n\t<meta property=\"og:image:type\" content=\"image\/jpeg\" \/>\n<meta name=\"twitter:card\" content=\"summary_large_image\" \/>\n<script type=\"application\/ld+json\" class=\"yoast-schema-graph\">{\"@context\":\"https:\/\/schema.org\",\"@graph\":[{\"@type\":\"WebPage\",\"@id\":\"https:\/\/awero.ee\/lv\/toode\/ara-tualete\/\",\"url\":\"https:\/\/awero.ee\/lv\/toode\/ara-tualete\/\",\"name\":\"\u0100ra tualete - Awero - S\u00fcdamega L\u00f5una-Eestist\",\"isPartOf\":{\"@id\":\"https:\/\/awero.ee\/lv\/#website\"},\"primaryImageOfPage\":{\"@id\":\"https:\/\/awero.ee\/lv\/toode\/ara-tualete\/#primaryimage\"},\"image\":{\"@id\":\"https:\/\/awero.ee\/lv\/toode\/ara-tualete\/#primaryimage\"},\"thumbnailUrl\":\"https:\/\/awero.ee\/wp-content\/uploads\/2025\/04\/Valiwc.jpg\",\"datePublished\":\"2025-04-13T17:31:24+00:00\",\"dateModified\":\"2026-04-01T12:32:24+00:00\",\"breadcrumb\":{\"@id\":\"https:\/\/awero.ee\/lv\/toode\/ara-tualete\/#breadcrumb\"},\"inLanguage\":\"lv-LV\",\"potentialAction\":[{\"@type\":\"ReadAction\",\"target\":[\"https:\/\/awero.ee\/lv\/toode\/ara-tualete\/\"]}]},{\"@type\":\"ImageObject\",\"inLanguage\":\"lv-LV\",\"@id\":\"https:\/\/awero.ee\/lv\/toode\/ara-tualete\/#primaryimage\",\"url\":\"https:\/\/awero.ee\/wp-content\/uploads\/2025\/04\/Valiwc.jpg\",\"contentUrl\":\"https:\/\/awero.ee\/wp-content\/uploads\/2025\/04\/Valiwc.jpg\",\"width\":1920,\"height\":1280},{\"@type\":\"BreadcrumbList\",\"@id\":\"https:\/\/awero.ee\/lv\/toode\/ara-tualete\/#breadcrumb\",\"itemListElement\":[{\"@type\":\"ListItem\",\"position\":1,\"name\":\"Home\",\"item\":\"https:\/\/awero.ee\/lv\/sakums\/\"},{\"@type\":\"ListItem\",\"position\":2,\"name\":\"Veikals\",\"item\":\"https:\/\/awero.ee\/lv\/veikals\/\"},{\"@type\":\"ListItem\",\"position\":3,\"name\":\"\u0100ra tualete\"}]},{\"@type\":\"WebSite\",\"@id\":\"https:\/\/awero.ee\/lv\/#website\",\"url\":\"https:\/\/awero.ee\/lv\/\",\"name\":\"Awero - S\u00fcdamega L\u00f5una Eestist\",\"description\":\"\",\"publisher\":{\"@id\":\"https:\/\/awero.ee\/lv\/#organization\"},\"potentialAction\":[{\"@type\":\"SearchAction\",\"target\":{\"@type\":\"EntryPoint\",\"urlTemplate\":\"https:\/\/awero.ee\/lv\/?s={search_term_string}\"},\"query-input\":{\"@type\":\"PropertyValueSpecification\",\"valueRequired\":true,\"valueName\":\"search_term_string\"}}],\"inLanguage\":\"lv-LV\"},{\"@type\":\"Organization\",\"@id\":\"https:\/\/awero.ee\/lv\/#organization\",\"name\":\"Awero - S\u00fcdamega L\u00f5una Eestist\",\"url\":\"https:\/\/awero.ee\/lv\/\",\"logo\":{\"@type\":\"ImageObject\",\"inLanguage\":\"lv-LV\",\"@id\":\"https:\/\/awero.ee\/lv\/#\/schema\/logo\/image\/\",\"url\":\"https:\/\/awero.ee\/wp-content\/uploads\/2024\/07\/aweroplaceholder.jpg\",\"contentUrl\":\"https:\/\/awero.ee\/wp-content\/uploads\/2024\/07\/aweroplaceholder.jpg\",\"width\":1250,\"height\":834,\"caption\":\"Awero - S\u00fcdamega L\u00f5una Eestist\"},\"image\":{\"@id\":\"https:\/\/awero.ee\/lv\/#\/schema\/logo\/image\/\"}}]}<\/script>\n<!-- \/ Yoast SEO plugin. -->","yoast_head_json":{"title":"\u0100ra tualete - Awero - S\u00fcdamega L\u00f5una-Eestist","robots":{"index":"index","follow":"follow","max-snippet":"max-snippet:-1","max-image-preview":"max-image-preview:large","max-video-preview":"max-video-preview:-1"},"canonical":"https:\/\/awero.ee\/lv\/toode\/ara-tualete\/","og_locale":"lv_LV","og_type":"article","og_title":"\u0100ra tualete - Awero - S\u00fcdamega L\u00f5una-Eestist","og_description":"Izgatavota no iztur\u012bgas 24 mm dab\u012bgas egles vai 28 mm termiski apstr\u0101d\u0101tas priedes. Nami\u0146am ir klasisks sl\u012bpais jumts, kas p\u0101rkl\u0101ts ar bitumena \u0161inde\u013ciem, un durvis ar logu, kas nodro\u0161ina dabisko apgaismojumu. Kompakts, bet funkcion\u0101ls risin\u0101jums lauku m\u0101jai, vasarn\u012bcai vai me\u017ea st\u016br\u012btim. Viegli uzst\u0101d\u0101ma un piem\u0113rota lieto\u0161anai jebkur\u0101 gadalaik\u0101.","og_url":"https:\/\/awero.ee\/lv\/toode\/ara-tualete\/","og_site_name":"Awero - S\u00fcdamega L\u00f5una-Eestist","article_modified_time":"2026-04-01T12:32:24+00:00","og_image":[{"width":1920,"height":1280,"url":"https:\/\/awero.ee\/wp-content\/uploads\/2025\/04\/Valiwc.jpg","type":"image\/jpeg"}],"twitter_card":"summary_large_image","schema":{"@context":"https:\/\/schema.org","@graph":[{"@type":"WebPage","@id":"https:\/\/awero.ee\/lv\/toode\/ara-tualete\/","url":"https:\/\/awero.ee\/lv\/toode\/ara-tualete\/","name":"\u0100ra tualete - Awero - S\u00fcdamega L\u00f5una-Eestist","isPartOf":{"@id":"https:\/\/awero.ee\/lv\/#website"},"primaryImageOfPage":{"@id":"https:\/\/awero.ee\/lv\/toode\/ara-tualete\/#primaryimage"},"image":{"@id":"https:\/\/awero.ee\/lv\/toode\/ara-tualete\/#primaryimage"},"thumbnailUrl":"https:\/\/awero.ee\/wp-content\/uploads\/2025\/04\/Valiwc.jpg","datePublished":"2025-04-13T17:31:24+00:00","dateModified":"2026-04-01T12:32:24+00:00","breadcrumb":{"@id":"https:\/\/awero.ee\/lv\/toode\/ara-tualete\/#breadcrumb"},"inLanguage":"lv-LV","potentialAction":[{"@type":"ReadAction","target":["https:\/\/awero.ee\/lv\/toode\/ara-tualete\/"]}]},{"@type":"ImageObject","inLanguage":"lv-LV","@id":"https:\/\/awero.ee\/lv\/toode\/ara-tualete\/#primaryimage","url":"https:\/\/awero.ee\/wp-content\/uploads\/2025\/04\/Valiwc.jpg","contentUrl":"https:\/\/awero.ee\/wp-content\/uploads\/2025\/04\/Valiwc.jpg","width":1920,"height":1280},{"@type":"BreadcrumbList","@id":"https:\/\/awero.ee\/lv\/toode\/ara-tualete\/#breadcrumb","itemListElement":[{"@type":"ListItem","position":1,"name":"Home","item":"https:\/\/awero.ee\/lv\/sakums\/"},{"@type":"ListItem","position":2,"name":"Veikals","item":"https:\/\/awero.ee\/lv\/veikals\/"},{"@type":"ListItem","position":3,"name":"\u0100ra tualete"}]},{"@type":"WebSite","@id":"https:\/\/awero.ee\/lv\/#website","url":"https:\/\/awero.ee\/lv\/","name":"Awero - S\u00fcdamega L\u00f5una Eestist","description":"","publisher":{"@id":"https:\/\/awero.ee\/lv\/#organization"},"potentialAction":[{"@type":"SearchAction","target":{"@type":"EntryPoint","urlTemplate":"https:\/\/awero.ee\/lv\/?s={search_term_string}"},"query-input":{"@type":"PropertyValueSpecification","valueRequired":true,"valueName":"search_term_string"}}],"inLanguage":"lv-LV"},{"@type":"Organization","@id":"https:\/\/awero.ee\/lv\/#organization","name":"Awero - S\u00fcdamega L\u00f5una Eestist","url":"https:\/\/awero.ee\/lv\/","logo":{"@type":"ImageObject","inLanguage":"lv-LV","@id":"https:\/\/awero.ee\/lv\/#\/schema\/logo\/image\/","url":"https:\/\/awero.ee\/wp-content\/uploads\/2024\/07\/aweroplaceholder.jpg","contentUrl":"https:\/\/awero.ee\/wp-content\/uploads\/2024\/07\/aweroplaceholder.jpg","width":1250,"height":834,"caption":"Awero - S\u00fcdamega L\u00f5una Eestist"},"image":{"@id":"https:\/\/awero.ee\/lv\/#\/schema\/logo\/image\/"}}]}},"_links":{"self":[{"href":"https:\/\/awero.ee\/lv\/wp-json\/wp\/v2\/product\/12356","targetHints":{"allow":["GET"]}}],"collection":[{"href":"https:\/\/awero.ee\/lv\/wp-json\/wp\/v2\/product"}],"about":[{"href":"https:\/\/awero.ee\/lv\/wp-json\/wp\/v2\/types\/product"}],"wp:featuredmedia":[{"embeddable":true,"href":"https:\/\/awero.ee\/lv\/wp-json\/wp\/v2\/media\/12361"}],"wp:attachment":[{"href":"https:\/\/awero.ee\/lv\/wp-json\/wp\/v2\/media?parent=12356"}],"wp:term":[{"taxonomy":"product_brand","embeddable":true,"href":"https:\/\/awero.ee\/lv\/wp-json\/wp\/v2\/product_brand?post=12356"},{"taxonomy":"product_cat","embeddable":true,"href":"https:\/\/awero.ee\/lv\/wp-json\/wp\/v2\/product_cat?post=12356"},{"taxonomy":"product_tag","embeddable":true,"href":"https:\/\/awero.ee\/lv\/wp-json\/wp\/v2\/product_tag?post=12356"}],"curies":[{"name":"wp","href":"https:\/\/api.w.org\/{rel}","templated":true}]}}