{"id":12340,"date":"2025-04-13T17:23:23","date_gmt":"2025-04-13T17:23:23","guid":{"rendered":"https:\/\/awero.ee\/toode\/vagonina-sauna-uz-piekabes\/"},"modified":"2026-04-01T12:31:54","modified_gmt":"2026-04-01T12:31:54","slug":"vagonina-sauna-uz-piekabes","status":"publish","type":"product","link":"https:\/\/awero.ee\/lv\/toode\/vagonina-sauna-uz-piekabes\/","title":{"rendered":"Vagoni\u0146a sauna uz piekabes"},"content":{"rendered":"<div style=\"width: 1920px;\" class=\"wp-video\"><video class=\"wp-video-shortcode\" id=\"video-12340-1\" width=\"1920\" height=\"1080\" preload=\"metadata\" controls=\"controls\"><source type=\"video\/mp4\" src=\"https:\/\/awero.ee\/wp-content\/uploads\/2025\/04\/Awero-karusaun-eng.mp4?_=1\" \/><a href=\"https:\/\/awero.ee\/wp-content\/uploads\/2025\/04\/Awero-karusaun-eng.mp4\">https:\/\/awero.ee\/wp-content\/uploads\/2025\/04\/Awero-karusaun-eng.mp4<\/a><\/video><\/div>\n<p>Sauna ir uzst\u0101d\u012bta uz RESPO piekabes un ietver:<\/p>\n<p>\u2022 Harvia malkas apkures kr\u0101sns ar kr\u0101sns akme\u0146iem<br \/>\n\u2022 Ugunsiztur\u012bgs ner\u016bs\u0113jo\u0161\u0101 t\u0113rauda d\u016bmvads ar 30 L karst\u0101 \u016bdens tvertni<br \/>\n\u2022 Sienu materi\u0101ls: 28 mm termiski apstr\u0101d\u0101ta priede<br \/>\n\u2022 Iztur\u012bga PVC jumta seguma k\u0101rta<br \/>\n\u2022 Lavu materi\u0101ls: termiski apstr\u0101d\u0101ta priede<br \/>\n\u2022 Atbalsta k\u0101jas visos \u010detros st\u016bros<br \/>\n\u2022 Gr\u012bdas re\u017e\u0123i: termiski apstr\u0101d\u0101ta priede<br \/>\n\u2022 Akumulators ar akumulatora l\u0101d\u0113t\u0101ju<br \/>\n\u2022 LED apgaismojums saun\u0101 iek\u0161pus\u0113 un \u0101rpus\u0113<br \/>\n\u2022 Divi logi ar ventil\u0101cijas funkciju<br \/>\n\u2022 Stereo sist\u0113ma (radio, Bluetooth, AUX, USB, ska\u013cru\u0146i)<br \/>\n\u2022 Glab\u0101\u0161anas nodal\u012bjums<\/p>\n<p>&nbsp;<\/p>\n<p>RESPO B kategorijas platformas piekabe:<\/p>\n<ul>\n<li>Garums: 4621 mm<\/li>\n<li>Platums: 2007 mm<\/li>\n<li>Augstums: 600 mm<\/li>\n<li>Kravas kastes garums: 3074 mm<\/li>\n<\/ul>\n<p>Zema 10 collu rite\u0146u versija, apr\u012bkota ar lapveida atsperu un amortizatoru balstiek\u0101rtu.<\/p>\n<p>Katram st\u016brim ir pieejams piekabes st\u016bra balsts, ko var regul\u0113t ar atsl\u0113gu, un katra neso\u0161\u0101 sp\u0113ja ir 500 kg.<\/p>\n<p>&nbsp;<\/p>\n<p><strong>NB! <\/strong><strong data-start=\"158\" data-end=\"194\">Piekabes re\u0123istr\u0101cija <\/strong><strong data-start=\"236\" data-end=\"253\">(iek\u013cau\u0161ana re\u0123istr\u0101)<\/strong> nav iek\u013cauta produkta cen\u0101 un ir pieejama par papildu maksu. V\u0113lmes gad\u012bjum\u0101 m\u0113s varam noorganiz\u0113t piekabes re\u0123istr\u0101ciju klienta v\u0101rd\u0101. <\/p>\n","protected":false},"excerpt":{"rendered":"<p data-start=\"164\" data-end=\"435\">Piekabes vagona tipa <strong data-start=\"186\" data-end=\"236\">sauna ir gudri izstr\u0101d\u0101ta <\/strong>un p\u0101rdom\u0101ta l\u012bdz s\u012bk\u0101kaj\u0101m deta\u013c\u0101m, lai nodro\u0161in\u0101tu maksim\u0101lu telpas izmanto\u0161anu un<strong data-start=\"280\" data-end=\"322\"> \u0113rt\u012bbu vair\u0101ku cilv\u0113ku vienlaic\u012bgai lieto\u0161anai.<\/strong> P\u0101rdom\u0101t\u0101 pl\u0101nojuma risin\u0101jums rada pla\u0161u un funkcion\u0101lu telpu, nodro\u0161inot kvalitat\u012bvu saunas pieredzi jebkur\u0101 situ\u0101cij\u0101. <\/p>\n<p data-start=\"437\" data-end=\"811\">Mobil\u0101 piekabes sauna ir izgatavota no iztur\u012bgas un <strong data-start=\"473\" data-end=\"524\">laikapst\u0101k\u013ciem notur\u012bgas termokoksnes<\/strong>, kas nodro\u0161ina ilgu lieto\u0161anas m\u016b\u017eu un reprezentablu izskatu. Sauna ir apr\u012bkota a<strong data-start=\"595\" data-end=\"622\">r Harvia malkas apkures kr\u0101sni,<\/strong> kas nodro\u0161ina \u012bstu un karstu tvaiku. \u0112rt\u012bbu un noska\u0146u papildina akumulatora<strong data-start=\"686\" data-end=\"713\"> baro\u0161anas LED apgaismojums<\/strong> un m\u016bzikas sist\u0113ma, \u013caujot saunu izmantot ar\u012b viet\u0101s, kur nav past\u0101v\u012bga elektr\u012bbas piesl\u0113guma.  <\/p>\n<p data-start=\"813\" data-end=\"914\">Ide\u0101li piem\u0113rota gan priv\u0101tai, gan komerci\u0101lai lieto\u0161anai, pas\u0101kumiem, \u012brei un mobilai saunas pieredzei.<\/p>\n","protected":false},"featured_media":12341,"template":"","meta":{"_acf_changed":false},"product_brand":[],"product_cat":[1619],"product_tag":[],"class_list":{"0":"post-12340","1":"product","2":"type-product","3":"status-publish","4":"has-post-thumbnail","6":"product_cat-preces-uz-piekabem","8":"first","9":"instock","10":"shipping-taxable","11":"product-type-simple"},"acf":[],"yoast_head":"<!-- This site is optimized with the Yoast SEO plugin v27.5 - https:\/\/yoast.com\/product\/yoast-seo-wordpress\/ -->\n<title>Vagoni\u0146a sauna uz piekabes - Awero - S\u00fcdamega L\u00f5una-Eestist<\/title>\n<meta name=\"robots\" content=\"index, follow, max-snippet:-1, max-image-preview:large, max-video-preview:-1\" \/>\n<link rel=\"canonical\" href=\"https:\/\/awero.ee\/lv\/toode\/vagonina-sauna-uz-piekabes\/\" \/>\n<meta property=\"og:locale\" content=\"lv_LV\" \/>\n<meta property=\"og:type\" content=\"article\" \/>\n<meta property=\"og:title\" content=\"Vagoni\u0146a sauna uz piekabes - Awero - S\u00fcdamega L\u00f5una-Eestist\" \/>\n<meta property=\"og:description\" content=\"Piekabes vagona tipa sauna ir gudri izstr\u0101d\u0101ta un p\u0101rdom\u0101ta l\u012bdz s\u012bk\u0101kaj\u0101m deta\u013c\u0101m, lai nodro\u0161in\u0101tu maksim\u0101lu telpas izmanto\u0161anu un \u0113rt\u012bbu vair\u0101ku cilv\u0113ku vienlaic\u012bgai lieto\u0161anai. P\u0101rdom\u0101t\u0101 pl\u0101nojuma risin\u0101jums rada pla\u0161u un funkcion\u0101lu telpu, nodro\u0161inot kvalitat\u012bvu saunas pieredzi jebkur\u0101 situ\u0101cij\u0101. Mobil\u0101 piekabes sauna ir izgatavota no iztur\u012bgas un laikapst\u0101k\u013ciem notur\u012bgas termokoksnes, kas nodro\u0161ina ilgu lieto\u0161anas m\u016b\u017eu un reprezentablu izskatu. Sauna ir apr\u012bkota ar Harvia malkas apkures kr\u0101sni, kas nodro\u0161ina \u012bstu un karstu tvaiku. \u0112rt\u012bbu un noska\u0146u papildina akumulatora baro\u0161anas LED apgaismojums un m\u016bzikas sist\u0113ma, \u013caujot saunu izmantot ar\u012b viet\u0101s, kur nav past\u0101v\u012bga elektr\u012bbas piesl\u0113guma.  Ide\u0101li piem\u0113rota gan priv\u0101tai, gan komerci\u0101lai lieto\u0161anai, pas\u0101kumiem, \u012brei un mobilai saunas pieredzei.\" \/>\n<meta property=\"og:url\" content=\"https:\/\/awero.ee\/lv\/toode\/vagonina-sauna-uz-piekabes\/\" \/>\n<meta property=\"og:site_name\" content=\"Awero - S\u00fcdamega L\u00f5una-Eestist\" \/>\n<meta property=\"article:modified_time\" content=\"2026-04-01T12:31:54+00:00\" \/>\n<meta property=\"og:image\" content=\"https:\/\/awero.ee\/wp-content\/uploads\/2025\/04\/Haagis_saun_loige.png\" \/>\n\t<meta property=\"og:image:width\" content=\"872\" \/>\n\t<meta property=\"og:image:height\" content=\"581\" \/>\n\t<meta property=\"og:image:type\" content=\"image\/png\" \/>\n<meta name=\"twitter:card\" content=\"summary_large_image\" \/>\n<meta name=\"twitter:label1\" content=\"Est. reading time\" \/>\n\t<meta name=\"twitter:data1\" content=\"1 minute\" \/>\n<script type=\"application\/ld+json\" class=\"yoast-schema-graph\">{\"@context\":\"https:\\\/\\\/schema.org\",\"@graph\":[{\"@type\":\"WebPage\",\"@id\":\"https:\\\/\\\/awero.ee\\\/lv\\\/toode\\\/vagonina-sauna-uz-piekabes\\\/\",\"url\":\"https:\\\/\\\/awero.ee\\\/lv\\\/toode\\\/vagonina-sauna-uz-piekabes\\\/\",\"name\":\"Vagoni\u0146a sauna uz piekabes - Awero - S\u00fcdamega L\u00f5una-Eestist\",\"isPartOf\":{\"@id\":\"https:\\\/\\\/awero.ee\\\/lv\\\/#website\"},\"primaryImageOfPage\":{\"@id\":\"https:\\\/\\\/awero.ee\\\/lv\\\/toode\\\/vagonina-sauna-uz-piekabes\\\/#primaryimage\"},\"image\":{\"@id\":\"https:\\\/\\\/awero.ee\\\/lv\\\/toode\\\/vagonina-sauna-uz-piekabes\\\/#primaryimage\"},\"thumbnailUrl\":\"https:\\\/\\\/awero.ee\\\/wp-content\\\/uploads\\\/2025\\\/04\\\/Haagis_saun_loige.png\",\"datePublished\":\"2025-04-13T17:23:23+00:00\",\"dateModified\":\"2026-04-01T12:31:54+00:00\",\"breadcrumb\":{\"@id\":\"https:\\\/\\\/awero.ee\\\/lv\\\/toode\\\/vagonina-sauna-uz-piekabes\\\/#breadcrumb\"},\"inLanguage\":\"lv-LV\",\"potentialAction\":[{\"@type\":\"ReadAction\",\"target\":[\"https:\\\/\\\/awero.ee\\\/lv\\\/toode\\\/vagonina-sauna-uz-piekabes\\\/\"]}]},{\"@type\":\"ImageObject\",\"inLanguage\":\"lv-LV\",\"@id\":\"https:\\\/\\\/awero.ee\\\/lv\\\/toode\\\/vagonina-sauna-uz-piekabes\\\/#primaryimage\",\"url\":\"https:\\\/\\\/awero.ee\\\/wp-content\\\/uploads\\\/2025\\\/04\\\/Haagis_saun_loige.png\",\"contentUrl\":\"https:\\\/\\\/awero.ee\\\/wp-content\\\/uploads\\\/2025\\\/04\\\/Haagis_saun_loige.png\",\"width\":872,\"height\":581},{\"@type\":\"BreadcrumbList\",\"@id\":\"https:\\\/\\\/awero.ee\\\/lv\\\/toode\\\/vagonina-sauna-uz-piekabes\\\/#breadcrumb\",\"itemListElement\":[{\"@type\":\"ListItem\",\"position\":1,\"name\":\"Home\",\"item\":\"https:\\\/\\\/awero.ee\\\/lv\\\/sakums\\\/\"},{\"@type\":\"ListItem\",\"position\":2,\"name\":\"Veikals\",\"item\":\"https:\\\/\\\/awero.ee\\\/lv\\\/veikals\\\/\"},{\"@type\":\"ListItem\",\"position\":3,\"name\":\"Vagoni\u0146a sauna uz piekabes\"}]},{\"@type\":\"WebSite\",\"@id\":\"https:\\\/\\\/awero.ee\\\/lv\\\/#website\",\"url\":\"https:\\\/\\\/awero.ee\\\/lv\\\/\",\"name\":\"Awero - S\u00fcdamega L\u00f5una Eestist\",\"description\":\"\",\"publisher\":{\"@id\":\"https:\\\/\\\/awero.ee\\\/lv\\\/#organization\"},\"potentialAction\":[{\"@type\":\"SearchAction\",\"target\":{\"@type\":\"EntryPoint\",\"urlTemplate\":\"https:\\\/\\\/awero.ee\\\/lv\\\/?s={search_term_string}\"},\"query-input\":{\"@type\":\"PropertyValueSpecification\",\"valueRequired\":true,\"valueName\":\"search_term_string\"}}],\"inLanguage\":\"lv-LV\"},{\"@type\":\"Organization\",\"@id\":\"https:\\\/\\\/awero.ee\\\/lv\\\/#organization\",\"name\":\"Awero - S\u00fcdamega L\u00f5una Eestist\",\"url\":\"https:\\\/\\\/awero.ee\\\/lv\\\/\",\"logo\":{\"@type\":\"ImageObject\",\"inLanguage\":\"lv-LV\",\"@id\":\"https:\\\/\\\/awero.ee\\\/lv\\\/#\\\/schema\\\/logo\\\/image\\\/\",\"url\":\"https:\\\/\\\/awero.ee\\\/wp-content\\\/uploads\\\/2024\\\/07\\\/aweroplaceholder.jpg\",\"contentUrl\":\"https:\\\/\\\/awero.ee\\\/wp-content\\\/uploads\\\/2024\\\/07\\\/aweroplaceholder.jpg\",\"width\":1250,\"height\":834,\"caption\":\"Awero - S\u00fcdamega L\u00f5una Eestist\"},\"image\":{\"@id\":\"https:\\\/\\\/awero.ee\\\/lv\\\/#\\\/schema\\\/logo\\\/image\\\/\"}}]}<\/script>\n<!-- \/ Yoast SEO plugin. -->","yoast_head_json":{"title":"Vagoni\u0146a sauna uz piekabes - Awero - S\u00fcdamega L\u00f5una-Eestist","robots":{"index":"index","follow":"follow","max-snippet":"max-snippet:-1","max-image-preview":"max-image-preview:large","max-video-preview":"max-video-preview:-1"},"canonical":"https:\/\/awero.ee\/lv\/toode\/vagonina-sauna-uz-piekabes\/","og_locale":"lv_LV","og_type":"article","og_title":"Vagoni\u0146a sauna uz piekabes - Awero - S\u00fcdamega L\u00f5una-Eestist","og_description":"Piekabes vagona tipa sauna ir gudri izstr\u0101d\u0101ta un p\u0101rdom\u0101ta l\u012bdz s\u012bk\u0101kaj\u0101m deta\u013c\u0101m, lai nodro\u0161in\u0101tu maksim\u0101lu telpas izmanto\u0161anu un \u0113rt\u012bbu vair\u0101ku cilv\u0113ku vienlaic\u012bgai lieto\u0161anai. P\u0101rdom\u0101t\u0101 pl\u0101nojuma risin\u0101jums rada pla\u0161u un funkcion\u0101lu telpu, nodro\u0161inot kvalitat\u012bvu saunas pieredzi jebkur\u0101 situ\u0101cij\u0101. Mobil\u0101 piekabes sauna ir izgatavota no iztur\u012bgas un laikapst\u0101k\u013ciem notur\u012bgas termokoksnes, kas nodro\u0161ina ilgu lieto\u0161anas m\u016b\u017eu un reprezentablu izskatu. Sauna ir apr\u012bkota ar Harvia malkas apkures kr\u0101sni, kas nodro\u0161ina \u012bstu un karstu tvaiku. \u0112rt\u012bbu un noska\u0146u papildina akumulatora baro\u0161anas LED apgaismojums un m\u016bzikas sist\u0113ma, \u013caujot saunu izmantot ar\u012b viet\u0101s, kur nav past\u0101v\u012bga elektr\u012bbas piesl\u0113guma.  Ide\u0101li piem\u0113rota gan priv\u0101tai, gan komerci\u0101lai lieto\u0161anai, pas\u0101kumiem, \u012brei un mobilai saunas pieredzei.","og_url":"https:\/\/awero.ee\/lv\/toode\/vagonina-sauna-uz-piekabes\/","og_site_name":"Awero - S\u00fcdamega L\u00f5una-Eestist","article_modified_time":"2026-04-01T12:31:54+00:00","og_image":[{"width":872,"height":581,"url":"https:\/\/awero.ee\/wp-content\/uploads\/2025\/04\/Haagis_saun_loige.png","type":"image\/png"}],"twitter_card":"summary_large_image","twitter_misc":{"Est. reading time":"1 minute"},"schema":{"@context":"https:\/\/schema.org","@graph":[{"@type":"WebPage","@id":"https:\/\/awero.ee\/lv\/toode\/vagonina-sauna-uz-piekabes\/","url":"https:\/\/awero.ee\/lv\/toode\/vagonina-sauna-uz-piekabes\/","name":"Vagoni\u0146a sauna uz piekabes - Awero - S\u00fcdamega L\u00f5una-Eestist","isPartOf":{"@id":"https:\/\/awero.ee\/lv\/#website"},"primaryImageOfPage":{"@id":"https:\/\/awero.ee\/lv\/toode\/vagonina-sauna-uz-piekabes\/#primaryimage"},"image":{"@id":"https:\/\/awero.ee\/lv\/toode\/vagonina-sauna-uz-piekabes\/#primaryimage"},"thumbnailUrl":"https:\/\/awero.ee\/wp-content\/uploads\/2025\/04\/Haagis_saun_loige.png","datePublished":"2025-04-13T17:23:23+00:00","dateModified":"2026-04-01T12:31:54+00:00","breadcrumb":{"@id":"https:\/\/awero.ee\/lv\/toode\/vagonina-sauna-uz-piekabes\/#breadcrumb"},"inLanguage":"lv-LV","potentialAction":[{"@type":"ReadAction","target":["https:\/\/awero.ee\/lv\/toode\/vagonina-sauna-uz-piekabes\/"]}]},{"@type":"ImageObject","inLanguage":"lv-LV","@id":"https:\/\/awero.ee\/lv\/toode\/vagonina-sauna-uz-piekabes\/#primaryimage","url":"https:\/\/awero.ee\/wp-content\/uploads\/2025\/04\/Haagis_saun_loige.png","contentUrl":"https:\/\/awero.ee\/wp-content\/uploads\/2025\/04\/Haagis_saun_loige.png","width":872,"height":581},{"@type":"BreadcrumbList","@id":"https:\/\/awero.ee\/lv\/toode\/vagonina-sauna-uz-piekabes\/#breadcrumb","itemListElement":[{"@type":"ListItem","position":1,"name":"Home","item":"https:\/\/awero.ee\/lv\/sakums\/"},{"@type":"ListItem","position":2,"name":"Veikals","item":"https:\/\/awero.ee\/lv\/veikals\/"},{"@type":"ListItem","position":3,"name":"Vagoni\u0146a sauna uz piekabes"}]},{"@type":"WebSite","@id":"https:\/\/awero.ee\/lv\/#website","url":"https:\/\/awero.ee\/lv\/","name":"Awero - S\u00fcdamega L\u00f5una Eestist","description":"","publisher":{"@id":"https:\/\/awero.ee\/lv\/#organization"},"potentialAction":[{"@type":"SearchAction","target":{"@type":"EntryPoint","urlTemplate":"https:\/\/awero.ee\/lv\/?s={search_term_string}"},"query-input":{"@type":"PropertyValueSpecification","valueRequired":true,"valueName":"search_term_string"}}],"inLanguage":"lv-LV"},{"@type":"Organization","@id":"https:\/\/awero.ee\/lv\/#organization","name":"Awero - S\u00fcdamega L\u00f5una Eestist","url":"https:\/\/awero.ee\/lv\/","logo":{"@type":"ImageObject","inLanguage":"lv-LV","@id":"https:\/\/awero.ee\/lv\/#\/schema\/logo\/image\/","url":"https:\/\/awero.ee\/wp-content\/uploads\/2024\/07\/aweroplaceholder.jpg","contentUrl":"https:\/\/awero.ee\/wp-content\/uploads\/2024\/07\/aweroplaceholder.jpg","width":1250,"height":834,"caption":"Awero - S\u00fcdamega L\u00f5una Eestist"},"image":{"@id":"https:\/\/awero.ee\/lv\/#\/schema\/logo\/image\/"}}]}},"_links":{"self":[{"href":"https:\/\/awero.ee\/lv\/wp-json\/wp\/v2\/product\/12340","targetHints":{"allow":["GET"]}}],"collection":[{"href":"https:\/\/awero.ee\/lv\/wp-json\/wp\/v2\/product"}],"about":[{"href":"https:\/\/awero.ee\/lv\/wp-json\/wp\/v2\/types\/product"}],"wp:featuredmedia":[{"embeddable":true,"href":"https:\/\/awero.ee\/lv\/wp-json\/wp\/v2\/media\/12341"}],"wp:attachment":[{"href":"https:\/\/awero.ee\/lv\/wp-json\/wp\/v2\/media?parent=12340"}],"wp:term":[{"taxonomy":"product_brand","embeddable":true,"href":"https:\/\/awero.ee\/lv\/wp-json\/wp\/v2\/product_brand?post=12340"},{"taxonomy":"product_cat","embeddable":true,"href":"https:\/\/awero.ee\/lv\/wp-json\/wp\/v2\/product_cat?post=12340"},{"taxonomy":"product_tag","embeddable":true,"href":"https:\/\/awero.ee\/lv\/wp-json\/wp\/v2\/product_tag?post=12340"}],"curies":[{"name":"wp","href":"https:\/\/api.w.org\/{rel}","templated":true}]}}