{"id":12322,"date":"2025-04-13T17:20:32","date_gmt":"2025-04-13T17:20:32","guid":{"rendered":"https:\/\/awero.ee\/toode\/icon-tub-200-uz-piekabes\/"},"modified":"2026-04-01T12:31:54","modified_gmt":"2026-04-01T12:31:54","slug":"icon-tub-200-uz-piekabes","status":"publish","type":"product","link":"https:\/\/awero.ee\/lv\/toode\/icon-tub-200-uz-piekabes\/","title":{"rendered":"Icon Tub 200 uz piekabes"},"content":{"rendered":"<div style=\"width: 3840px;\" class=\"wp-video\"><video class=\"wp-video-shortcode\" id=\"video-12322-1\" width=\"3840\" height=\"2160\" preload=\"metadata\" controls=\"controls\"><source type=\"video\/mp4\" src=\"https:\/\/awero.ee\/wp-content\/uploads\/2025\/05\/Haagise_icon_tub_video.mp4?_=1\" \/><a href=\"https:\/\/awero.ee\/wp-content\/uploads\/2025\/05\/Haagise_icon_tub_video.mp4\">https:\/\/awero.ee\/wp-content\/uploads\/2025\/05\/Haagise_icon_tub_video.mp4<\/a><\/video><\/div>\n<p>&nbsp;<\/p>\n<p>\u2022 Ergonomiska \u010detrst\u016bra stikla \u0161\u0137iedras \u010daula<br \/>\n\u2022 Ner\u016bs\u0113jo\u0161\u0101 t\u0113rauda (AISI 304) integr\u0113t\u0101 kr\u0101sns (30 kW)<br \/>\n\u2022 2 m d\u016bmvads ar aizsargre\u017e\u0123i<br \/>\n\u2022 Notekas kr\u0101ns<br \/>\n\u2022 K\u0101pnes<br \/>\n\u2022 Termokoka \u0101r\u0113j\u0101 apdare, rieksts<br \/>\n\u2022 Akumulators, skavas, masas sl\u0113dzis<br \/>\n\u2022 Mariine stereo komplekts L<br \/>\n\u2022 Digit\u0101lais \u016bdens termometrs<br \/>\n\u2022 LED apgaismojums ar 2 lamp\u0101m + uz piekabes 4 gab.<br \/>\n\u2022 Burbu\u013cu sist\u0113ma ar 12 sprausl\u0101m<br \/>\n\u2022 Izol\u0113ts termov\u0101ks \u00d8 205 cm ar 8 stiprin\u0101jumiem<br \/>\n\u2022 Personu skaits: 6<br \/>\n\u2022 Kurin\u0101\u0161anas laiks 5\u201338 \u00b0C: 1,5\u20132 h<br \/>\n\u2022 Tilpums: 1150 l<br \/>\n\u2022 \u0100r\u0113jais diametrs: 2050 mm<br \/>\n\u2022 Iek\u0161\u0113jais diametrs: 1770 mm<br \/>\n\u2022 Augstums: 1100 mm<br \/>\n\u2022 Dzi\u013cums: 990 mm<br \/>\n\u2022 Svars: 300 kg<\/p>\n<p>&nbsp;<\/p>\n<p>RESPO B kategorijas platformas piekabe:<\/p>\n<ul>\n<li>Garums: 4621 mm<\/li>\n<li>Platums: 2007 mm<\/li>\n<li>Augstums: 600 mm<\/li>\n<li>Kravas kastes garums: 3074 mm<\/li>\n<\/ul>\n<p>Zema 10 collu rite\u0146u versija, apr\u012bkota ar lapveida atsperu un amortizatoru balstiek\u0101rtu.<\/p>\n<p>Katram st\u016brim ir pieejams piekabes st\u016bra balsts, ko var regul\u0113t ar atsl\u0113gu, un katra neso\u0161\u0101 sp\u0113ja ir 500 kg.<\/p>\n<p><strong>NB! <\/strong><strong data-start=\"158\" data-end=\"194\">Piekabes re\u0123istr\u0101cija <\/strong><strong data-start=\"236\" data-end=\"253\">(iek\u013cau\u0161ana re\u0123istr\u0101)<\/strong> nav iek\u013cauta produkta cen\u0101 un ir pieejama par papildu maksu. V\u0113lmes gad\u012bjum\u0101 m\u0113s varam noorganiz\u0113t piekabes re\u0123istr\u0101ciju klienta v\u0101rd\u0101. <\/p>\n<p>&nbsp;<\/p>\n","protected":false},"excerpt":{"rendered":"<p data-start=\"121\" data-end=\"526\">Piekabes kublu vanna ir praktisks un pievilc\u012bgs risin\u0101jums tiem, kas nov\u0113rt\u0113 mobilit\u0101ti, \u0113rtumu un kvalit\u0101ti.<strong data-start=\"235\" data-end=\"286\"> \u0112rtais, taisnst\u016brveida stikla\u0161\u0137iedras <\/strong>ieliktnis nodro\u0161ina komfortablu s\u0113d\u0113\u0161anas poz\u012bciju un ir \u013coti iztur\u012bgs. A<strong data-start=\"381\" data-end=\"418\">pstr\u0101d\u0101ts ar termokoka izskatu, <\/strong>kublu vannai pie\u0161\u0137ir dabisku un elegantu izskatu, k\u0101 ar\u012b nodro\u0161ina ilgu lieto\u0161anas m\u016b\u017eu pat main\u012bgos laikapst\u0101k\u013cos.<\/p>\n<p data-start=\"528\" data-end=\"804\">Pateicoties piekabes risin\u0101jumam, kublu vannu ir viegli transport\u0113t uz da\u017e\u0101d\u0101m viet\u0101m \u2013 ide\u0101li piem\u0113rota gan pas\u0101kumiem, gan \u012brei, gan priv\u0101tai lieto\u0161anai. Kvalitat\u012bvi materi\u0101li un p\u0101rdom\u0101t\u0101 konstrukcija padara produktu uzticamu, un lieto\u0161anas \u0113rtums ir augst\u0101kaj\u0101 l\u012bmen\u012b! <\/p>\n","protected":false},"featured_media":12323,"template":"","meta":{"_acf_changed":false},"product_brand":[],"product_cat":[1619],"product_tag":[],"class_list":{"0":"post-12322","1":"product","2":"type-product","3":"status-publish","4":"has-post-thumbnail","6":"product_cat-preces-uz-piekabem","8":"first","9":"instock","10":"shipping-taxable","11":"product-type-simple"},"acf":[],"yoast_head":"<!-- This site is optimized with the Yoast SEO plugin v27.5 - https:\/\/yoast.com\/product\/yoast-seo-wordpress\/ -->\n<title>Icon Tub 200 uz piekabes - Awero - S\u00fcdamega L\u00f5una-Eestist<\/title>\n<meta name=\"robots\" content=\"index, follow, max-snippet:-1, max-image-preview:large, max-video-preview:-1\" \/>\n<link rel=\"canonical\" href=\"https:\/\/awero.ee\/lv\/toode\/icon-tub-200-uz-piekabes\/\" \/>\n<meta property=\"og:locale\" content=\"lv_LV\" \/>\n<meta property=\"og:type\" content=\"article\" \/>\n<meta property=\"og:title\" content=\"Icon Tub 200 uz piekabes - Awero - S\u00fcdamega L\u00f5una-Eestist\" \/>\n<meta property=\"og:description\" content=\"Piekabes kublu vanna ir praktisks un pievilc\u012bgs risin\u0101jums tiem, kas nov\u0113rt\u0113 mobilit\u0101ti, \u0113rtumu un kvalit\u0101ti. \u0112rtais, taisnst\u016brveida stikla\u0161\u0137iedras ieliktnis nodro\u0161ina komfortablu s\u0113d\u0113\u0161anas poz\u012bciju un ir \u013coti iztur\u012bgs. Apstr\u0101d\u0101ts ar termokoka izskatu, kublu vannai pie\u0161\u0137ir dabisku un elegantu izskatu, k\u0101 ar\u012b nodro\u0161ina ilgu lieto\u0161anas m\u016b\u017eu pat main\u012bgos laikapst\u0101k\u013cos. Pateicoties piekabes risin\u0101jumam, kublu vannu ir viegli transport\u0113t uz da\u017e\u0101d\u0101m viet\u0101m \u2013 ide\u0101li piem\u0113rota gan pas\u0101kumiem, gan \u012brei, gan priv\u0101tai lieto\u0161anai. Kvalitat\u012bvi materi\u0101li un p\u0101rdom\u0101t\u0101 konstrukcija padara produktu uzticamu, un lieto\u0161anas \u0113rtums ir augst\u0101kaj\u0101 l\u012bmen\u012b!\" \/>\n<meta property=\"og:url\" content=\"https:\/\/awero.ee\/lv\/toode\/icon-tub-200-uz-piekabes\/\" \/>\n<meta property=\"og:site_name\" content=\"Awero - S\u00fcdamega L\u00f5una-Eestist\" \/>\n<meta property=\"article:modified_time\" content=\"2026-04-01T12:31:54+00:00\" \/>\n<meta property=\"og:image\" content=\"https:\/\/awero.ee\/wp-content\/uploads\/2025\/04\/Icon-Tube-200-haagisel_eest_kattega.jpg\" \/>\n\t<meta property=\"og:image:width\" content=\"1920\" \/>\n\t<meta property=\"og:image:height\" content=\"1280\" \/>\n\t<meta property=\"og:image:type\" content=\"image\/jpeg\" \/>\n<meta name=\"twitter:card\" content=\"summary_large_image\" \/>\n<meta name=\"twitter:label1\" content=\"Est. reading time\" \/>\n\t<meta name=\"twitter:data1\" content=\"1 minute\" \/>\n<script type=\"application\/ld+json\" class=\"yoast-schema-graph\">{\"@context\":\"https:\\\/\\\/schema.org\",\"@graph\":[{\"@type\":\"WebPage\",\"@id\":\"https:\\\/\\\/awero.ee\\\/lv\\\/toode\\\/icon-tub-200-uz-piekabes\\\/\",\"url\":\"https:\\\/\\\/awero.ee\\\/lv\\\/toode\\\/icon-tub-200-uz-piekabes\\\/\",\"name\":\"Icon Tub 200 uz piekabes - Awero - S\u00fcdamega L\u00f5una-Eestist\",\"isPartOf\":{\"@id\":\"https:\\\/\\\/awero.ee\\\/lv\\\/#website\"},\"primaryImageOfPage\":{\"@id\":\"https:\\\/\\\/awero.ee\\\/lv\\\/toode\\\/icon-tub-200-uz-piekabes\\\/#primaryimage\"},\"image\":{\"@id\":\"https:\\\/\\\/awero.ee\\\/lv\\\/toode\\\/icon-tub-200-uz-piekabes\\\/#primaryimage\"},\"thumbnailUrl\":\"https:\\\/\\\/awero.ee\\\/wp-content\\\/uploads\\\/2025\\\/04\\\/Icon-Tube-200-haagisel_eest_kattega.jpg\",\"datePublished\":\"2025-04-13T17:20:32+00:00\",\"dateModified\":\"2026-04-01T12:31:54+00:00\",\"breadcrumb\":{\"@id\":\"https:\\\/\\\/awero.ee\\\/lv\\\/toode\\\/icon-tub-200-uz-piekabes\\\/#breadcrumb\"},\"inLanguage\":\"lv-LV\",\"potentialAction\":[{\"@type\":\"ReadAction\",\"target\":[\"https:\\\/\\\/awero.ee\\\/lv\\\/toode\\\/icon-tub-200-uz-piekabes\\\/\"]}]},{\"@type\":\"ImageObject\",\"inLanguage\":\"lv-LV\",\"@id\":\"https:\\\/\\\/awero.ee\\\/lv\\\/toode\\\/icon-tub-200-uz-piekabes\\\/#primaryimage\",\"url\":\"https:\\\/\\\/awero.ee\\\/wp-content\\\/uploads\\\/2025\\\/04\\\/Icon-Tube-200-haagisel_eest_kattega.jpg\",\"contentUrl\":\"https:\\\/\\\/awero.ee\\\/wp-content\\\/uploads\\\/2025\\\/04\\\/Icon-Tube-200-haagisel_eest_kattega.jpg\",\"width\":1920,\"height\":1280},{\"@type\":\"BreadcrumbList\",\"@id\":\"https:\\\/\\\/awero.ee\\\/lv\\\/toode\\\/icon-tub-200-uz-piekabes\\\/#breadcrumb\",\"itemListElement\":[{\"@type\":\"ListItem\",\"position\":1,\"name\":\"Home\",\"item\":\"https:\\\/\\\/awero.ee\\\/lv\\\/sakums\\\/\"},{\"@type\":\"ListItem\",\"position\":2,\"name\":\"Veikals\",\"item\":\"https:\\\/\\\/awero.ee\\\/lv\\\/veikals\\\/\"},{\"@type\":\"ListItem\",\"position\":3,\"name\":\"Icon Tub 200 uz piekabes\"}]},{\"@type\":\"WebSite\",\"@id\":\"https:\\\/\\\/awero.ee\\\/lv\\\/#website\",\"url\":\"https:\\\/\\\/awero.ee\\\/lv\\\/\",\"name\":\"Awero - S\u00fcdamega L\u00f5una Eestist\",\"description\":\"\",\"publisher\":{\"@id\":\"https:\\\/\\\/awero.ee\\\/lv\\\/#organization\"},\"potentialAction\":[{\"@type\":\"SearchAction\",\"target\":{\"@type\":\"EntryPoint\",\"urlTemplate\":\"https:\\\/\\\/awero.ee\\\/lv\\\/?s={search_term_string}\"},\"query-input\":{\"@type\":\"PropertyValueSpecification\",\"valueRequired\":true,\"valueName\":\"search_term_string\"}}],\"inLanguage\":\"lv-LV\"},{\"@type\":\"Organization\",\"@id\":\"https:\\\/\\\/awero.ee\\\/lv\\\/#organization\",\"name\":\"Awero - S\u00fcdamega L\u00f5una Eestist\",\"url\":\"https:\\\/\\\/awero.ee\\\/lv\\\/\",\"logo\":{\"@type\":\"ImageObject\",\"inLanguage\":\"lv-LV\",\"@id\":\"https:\\\/\\\/awero.ee\\\/lv\\\/#\\\/schema\\\/logo\\\/image\\\/\",\"url\":\"https:\\\/\\\/awero.ee\\\/wp-content\\\/uploads\\\/2024\\\/07\\\/aweroplaceholder.jpg\",\"contentUrl\":\"https:\\\/\\\/awero.ee\\\/wp-content\\\/uploads\\\/2024\\\/07\\\/aweroplaceholder.jpg\",\"width\":1250,\"height\":834,\"caption\":\"Awero - S\u00fcdamega L\u00f5una Eestist\"},\"image\":{\"@id\":\"https:\\\/\\\/awero.ee\\\/lv\\\/#\\\/schema\\\/logo\\\/image\\\/\"}}]}<\/script>\n<!-- \/ Yoast SEO plugin. -->","yoast_head_json":{"title":"Icon Tub 200 uz piekabes - Awero - S\u00fcdamega L\u00f5una-Eestist","robots":{"index":"index","follow":"follow","max-snippet":"max-snippet:-1","max-image-preview":"max-image-preview:large","max-video-preview":"max-video-preview:-1"},"canonical":"https:\/\/awero.ee\/lv\/toode\/icon-tub-200-uz-piekabes\/","og_locale":"lv_LV","og_type":"article","og_title":"Icon Tub 200 uz piekabes - Awero - S\u00fcdamega L\u00f5una-Eestist","og_description":"Piekabes kublu vanna ir praktisks un pievilc\u012bgs risin\u0101jums tiem, kas nov\u0113rt\u0113 mobilit\u0101ti, \u0113rtumu un kvalit\u0101ti. \u0112rtais, taisnst\u016brveida stikla\u0161\u0137iedras ieliktnis nodro\u0161ina komfortablu s\u0113d\u0113\u0161anas poz\u012bciju un ir \u013coti iztur\u012bgs. Apstr\u0101d\u0101ts ar termokoka izskatu, kublu vannai pie\u0161\u0137ir dabisku un elegantu izskatu, k\u0101 ar\u012b nodro\u0161ina ilgu lieto\u0161anas m\u016b\u017eu pat main\u012bgos laikapst\u0101k\u013cos. Pateicoties piekabes risin\u0101jumam, kublu vannu ir viegli transport\u0113t uz da\u017e\u0101d\u0101m viet\u0101m \u2013 ide\u0101li piem\u0113rota gan pas\u0101kumiem, gan \u012brei, gan priv\u0101tai lieto\u0161anai. Kvalitat\u012bvi materi\u0101li un p\u0101rdom\u0101t\u0101 konstrukcija padara produktu uzticamu, un lieto\u0161anas \u0113rtums ir augst\u0101kaj\u0101 l\u012bmen\u012b!","og_url":"https:\/\/awero.ee\/lv\/toode\/icon-tub-200-uz-piekabes\/","og_site_name":"Awero - S\u00fcdamega L\u00f5una-Eestist","article_modified_time":"2026-04-01T12:31:54+00:00","og_image":[{"width":1920,"height":1280,"url":"https:\/\/awero.ee\/wp-content\/uploads\/2025\/04\/Icon-Tube-200-haagisel_eest_kattega.jpg","type":"image\/jpeg"}],"twitter_card":"summary_large_image","twitter_misc":{"Est. reading time":"1 minute"},"schema":{"@context":"https:\/\/schema.org","@graph":[{"@type":"WebPage","@id":"https:\/\/awero.ee\/lv\/toode\/icon-tub-200-uz-piekabes\/","url":"https:\/\/awero.ee\/lv\/toode\/icon-tub-200-uz-piekabes\/","name":"Icon Tub 200 uz piekabes - Awero - S\u00fcdamega L\u00f5una-Eestist","isPartOf":{"@id":"https:\/\/awero.ee\/lv\/#website"},"primaryImageOfPage":{"@id":"https:\/\/awero.ee\/lv\/toode\/icon-tub-200-uz-piekabes\/#primaryimage"},"image":{"@id":"https:\/\/awero.ee\/lv\/toode\/icon-tub-200-uz-piekabes\/#primaryimage"},"thumbnailUrl":"https:\/\/awero.ee\/wp-content\/uploads\/2025\/04\/Icon-Tube-200-haagisel_eest_kattega.jpg","datePublished":"2025-04-13T17:20:32+00:00","dateModified":"2026-04-01T12:31:54+00:00","breadcrumb":{"@id":"https:\/\/awero.ee\/lv\/toode\/icon-tub-200-uz-piekabes\/#breadcrumb"},"inLanguage":"lv-LV","potentialAction":[{"@type":"ReadAction","target":["https:\/\/awero.ee\/lv\/toode\/icon-tub-200-uz-piekabes\/"]}]},{"@type":"ImageObject","inLanguage":"lv-LV","@id":"https:\/\/awero.ee\/lv\/toode\/icon-tub-200-uz-piekabes\/#primaryimage","url":"https:\/\/awero.ee\/wp-content\/uploads\/2025\/04\/Icon-Tube-200-haagisel_eest_kattega.jpg","contentUrl":"https:\/\/awero.ee\/wp-content\/uploads\/2025\/04\/Icon-Tube-200-haagisel_eest_kattega.jpg","width":1920,"height":1280},{"@type":"BreadcrumbList","@id":"https:\/\/awero.ee\/lv\/toode\/icon-tub-200-uz-piekabes\/#breadcrumb","itemListElement":[{"@type":"ListItem","position":1,"name":"Home","item":"https:\/\/awero.ee\/lv\/sakums\/"},{"@type":"ListItem","position":2,"name":"Veikals","item":"https:\/\/awero.ee\/lv\/veikals\/"},{"@type":"ListItem","position":3,"name":"Icon Tub 200 uz piekabes"}]},{"@type":"WebSite","@id":"https:\/\/awero.ee\/lv\/#website","url":"https:\/\/awero.ee\/lv\/","name":"Awero - S\u00fcdamega L\u00f5una Eestist","description":"","publisher":{"@id":"https:\/\/awero.ee\/lv\/#organization"},"potentialAction":[{"@type":"SearchAction","target":{"@type":"EntryPoint","urlTemplate":"https:\/\/awero.ee\/lv\/?s={search_term_string}"},"query-input":{"@type":"PropertyValueSpecification","valueRequired":true,"valueName":"search_term_string"}}],"inLanguage":"lv-LV"},{"@type":"Organization","@id":"https:\/\/awero.ee\/lv\/#organization","name":"Awero - S\u00fcdamega L\u00f5una Eestist","url":"https:\/\/awero.ee\/lv\/","logo":{"@type":"ImageObject","inLanguage":"lv-LV","@id":"https:\/\/awero.ee\/lv\/#\/schema\/logo\/image\/","url":"https:\/\/awero.ee\/wp-content\/uploads\/2024\/07\/aweroplaceholder.jpg","contentUrl":"https:\/\/awero.ee\/wp-content\/uploads\/2024\/07\/aweroplaceholder.jpg","width":1250,"height":834,"caption":"Awero - S\u00fcdamega L\u00f5una Eestist"},"image":{"@id":"https:\/\/awero.ee\/lv\/#\/schema\/logo\/image\/"}}]}},"_links":{"self":[{"href":"https:\/\/awero.ee\/lv\/wp-json\/wp\/v2\/product\/12322","targetHints":{"allow":["GET"]}}],"collection":[{"href":"https:\/\/awero.ee\/lv\/wp-json\/wp\/v2\/product"}],"about":[{"href":"https:\/\/awero.ee\/lv\/wp-json\/wp\/v2\/types\/product"}],"wp:featuredmedia":[{"embeddable":true,"href":"https:\/\/awero.ee\/lv\/wp-json\/wp\/v2\/media\/12323"}],"wp:attachment":[{"href":"https:\/\/awero.ee\/lv\/wp-json\/wp\/v2\/media?parent=12322"}],"wp:term":[{"taxonomy":"product_brand","embeddable":true,"href":"https:\/\/awero.ee\/lv\/wp-json\/wp\/v2\/product_brand?post=12322"},{"taxonomy":"product_cat","embeddable":true,"href":"https:\/\/awero.ee\/lv\/wp-json\/wp\/v2\/product_cat?post=12322"},{"taxonomy":"product_tag","embeddable":true,"href":"https:\/\/awero.ee\/lv\/wp-json\/wp\/v2\/product_tag?post=12322"}],"curies":[{"name":"wp","href":"https:\/\/api.w.org\/{rel}","templated":true}]}}