{"id":12314,"date":"2025-06-05T10:10:20","date_gmt":"2025-06-05T10:10:20","guid":{"rendered":"https:\/\/awero.ee\/toode\/vanna-kajam\/"},"modified":"2026-04-01T12:31:37","modified_gmt":"2026-04-01T12:31:37","slug":"vanna-kajam","status":"publish","type":"product","link":"https:\/\/awero.ee\/lv\/toode\/vanna-kajam\/","title":{"rendered":"Vanna k\u0101j\u0101m"},"content":{"rendered":"<p>Materi\u0101ls: egle<br \/>\nApdare: impregn\u0113ts rieksts<br \/>\nIzm\u0113ri: diametrs 550 mm, augstums 280 mm.<\/p>\n","protected":false},"excerpt":{"rendered":"<p>Stil\u012bg\u0101 un praktisk\u0101 k\u0101ju vanna pal\u012bdz uztur\u0113t j\u016bsu kubla \u016bdeni t\u012bru un pied\u0101v\u0101 \u0113rtu risin\u0101jumu \u0101trai p\u0113du nomazg\u0101\u0161anai pirms iek\u0101p\u0161anas vann\u0101. K\u0101ju vanna, kas izgatavota no kvalitat\u012bva impregn\u0113ta egles koka, ir dab\u012bgs, iztur\u012bgs un skaists papildin\u0101jums j\u016bsu peld\u0113\u0161an\u0101s ritu\u0101lam. <\/p>\n","protected":false},"featured_media":12315,"template":"","meta":{"_acf_changed":false},"product_brand":[],"product_cat":[1617],"product_tag":[],"class_list":{"0":"post-12314","1":"product","2":"type-product","3":"status-publish","4":"has-post-thumbnail","6":"product_cat-papildaprikojums","8":"first","9":"instock","10":"shipping-taxable","11":"product-type-simple"},"acf":[],"yoast_head":"<!-- This site is optimized with the Yoast SEO plugin v26.8 - https:\/\/yoast.com\/product\/yoast-seo-wordpress\/ -->\n<title>Vanna k\u0101j\u0101m - Awero - S\u00fcdamega L\u00f5una-Eestist<\/title>\n<meta name=\"robots\" content=\"index, follow, max-snippet:-1, max-image-preview:large, max-video-preview:-1\" \/>\n<link rel=\"canonical\" href=\"https:\/\/awero.ee\/lv\/toode\/vanna-kajam\/\" \/>\n<meta property=\"og:locale\" content=\"lv_LV\" \/>\n<meta property=\"og:type\" content=\"article\" \/>\n<meta property=\"og:title\" content=\"Vanna k\u0101j\u0101m - Awero - S\u00fcdamega L\u00f5una-Eestist\" \/>\n<meta property=\"og:description\" content=\"Stil\u012bg\u0101 un praktisk\u0101 k\u0101ju vanna pal\u012bdz uztur\u0113t j\u016bsu kubla \u016bdeni t\u012bru un pied\u0101v\u0101 \u0113rtu risin\u0101jumu \u0101trai p\u0113du nomazg\u0101\u0161anai pirms iek\u0101p\u0161anas vann\u0101. K\u0101ju vanna, kas izgatavota no kvalitat\u012bva impregn\u0113ta egles koka, ir dab\u012bgs, iztur\u012bgs un skaists papildin\u0101jums j\u016bsu peld\u0113\u0161an\u0101s ritu\u0101lam.\" \/>\n<meta property=\"og:url\" content=\"https:\/\/awero.ee\/lv\/toode\/vanna-kajam\/\" \/>\n<meta property=\"og:site_name\" content=\"Awero - S\u00fcdamega L\u00f5una-Eestist\" \/>\n<meta property=\"article:modified_time\" content=\"2026-04-01T12:31:37+00:00\" \/>\n<meta property=\"og:image\" content=\"https:\/\/awero.ee\/wp-content\/uploads\/2025\/06\/jalavann-taustata.png\" \/>\n\t<meta property=\"og:image:width\" content=\"1024\" \/>\n\t<meta property=\"og:image:height\" content=\"1536\" \/>\n\t<meta property=\"og:image:type\" content=\"image\/png\" \/>\n<meta name=\"twitter:card\" content=\"summary_large_image\" \/>\n<script type=\"application\/ld+json\" class=\"yoast-schema-graph\">{\"@context\":\"https:\/\/schema.org\",\"@graph\":[{\"@type\":\"WebPage\",\"@id\":\"https:\/\/awero.ee\/lv\/toode\/vanna-kajam\/\",\"url\":\"https:\/\/awero.ee\/lv\/toode\/vanna-kajam\/\",\"name\":\"Vanna k\u0101j\u0101m - Awero - S\u00fcdamega L\u00f5una-Eestist\",\"isPartOf\":{\"@id\":\"https:\/\/awero.ee\/lv\/#website\"},\"primaryImageOfPage\":{\"@id\":\"https:\/\/awero.ee\/lv\/toode\/vanna-kajam\/#primaryimage\"},\"image\":{\"@id\":\"https:\/\/awero.ee\/lv\/toode\/vanna-kajam\/#primaryimage\"},\"thumbnailUrl\":\"https:\/\/awero.ee\/wp-content\/uploads\/2025\/06\/jalavann-taustata.png\",\"datePublished\":\"2025-06-05T10:10:20+00:00\",\"dateModified\":\"2026-04-01T12:31:37+00:00\",\"breadcrumb\":{\"@id\":\"https:\/\/awero.ee\/lv\/toode\/vanna-kajam\/#breadcrumb\"},\"inLanguage\":\"lv-LV\",\"potentialAction\":[{\"@type\":\"ReadAction\",\"target\":[\"https:\/\/awero.ee\/lv\/toode\/vanna-kajam\/\"]}]},{\"@type\":\"ImageObject\",\"inLanguage\":\"lv-LV\",\"@id\":\"https:\/\/awero.ee\/lv\/toode\/vanna-kajam\/#primaryimage\",\"url\":\"https:\/\/awero.ee\/wp-content\/uploads\/2025\/06\/jalavann-taustata.png\",\"contentUrl\":\"https:\/\/awero.ee\/wp-content\/uploads\/2025\/06\/jalavann-taustata.png\",\"width\":1024,\"height\":1536},{\"@type\":\"BreadcrumbList\",\"@id\":\"https:\/\/awero.ee\/lv\/toode\/vanna-kajam\/#breadcrumb\",\"itemListElement\":[{\"@type\":\"ListItem\",\"position\":1,\"name\":\"Home\",\"item\":\"https:\/\/awero.ee\/lv\/sakums\/\"},{\"@type\":\"ListItem\",\"position\":2,\"name\":\"Veikals\",\"item\":\"https:\/\/awero.ee\/lv\/veikals\/\"},{\"@type\":\"ListItem\",\"position\":3,\"name\":\"Vanna k\u0101j\u0101m\"}]},{\"@type\":\"WebSite\",\"@id\":\"https:\/\/awero.ee\/lv\/#website\",\"url\":\"https:\/\/awero.ee\/lv\/\",\"name\":\"Awero - S\u00fcdamega L\u00f5una Eestist\",\"description\":\"\",\"publisher\":{\"@id\":\"https:\/\/awero.ee\/lv\/#organization\"},\"potentialAction\":[{\"@type\":\"SearchAction\",\"target\":{\"@type\":\"EntryPoint\",\"urlTemplate\":\"https:\/\/awero.ee\/lv\/?s={search_term_string}\"},\"query-input\":{\"@type\":\"PropertyValueSpecification\",\"valueRequired\":true,\"valueName\":\"search_term_string\"}}],\"inLanguage\":\"lv-LV\"},{\"@type\":\"Organization\",\"@id\":\"https:\/\/awero.ee\/lv\/#organization\",\"name\":\"Awero - S\u00fcdamega L\u00f5una Eestist\",\"url\":\"https:\/\/awero.ee\/lv\/\",\"logo\":{\"@type\":\"ImageObject\",\"inLanguage\":\"lv-LV\",\"@id\":\"https:\/\/awero.ee\/lv\/#\/schema\/logo\/image\/\",\"url\":\"https:\/\/awero.ee\/wp-content\/uploads\/2024\/07\/aweroplaceholder.jpg\",\"contentUrl\":\"https:\/\/awero.ee\/wp-content\/uploads\/2024\/07\/aweroplaceholder.jpg\",\"width\":1250,\"height\":834,\"caption\":\"Awero - S\u00fcdamega L\u00f5una Eestist\"},\"image\":{\"@id\":\"https:\/\/awero.ee\/lv\/#\/schema\/logo\/image\/\"}}]}<\/script>\n<!-- \/ Yoast SEO plugin. -->","yoast_head_json":{"title":"Vanna k\u0101j\u0101m - Awero - S\u00fcdamega L\u00f5una-Eestist","robots":{"index":"index","follow":"follow","max-snippet":"max-snippet:-1","max-image-preview":"max-image-preview:large","max-video-preview":"max-video-preview:-1"},"canonical":"https:\/\/awero.ee\/lv\/toode\/vanna-kajam\/","og_locale":"lv_LV","og_type":"article","og_title":"Vanna k\u0101j\u0101m - Awero - S\u00fcdamega L\u00f5una-Eestist","og_description":"Stil\u012bg\u0101 un praktisk\u0101 k\u0101ju vanna pal\u012bdz uztur\u0113t j\u016bsu kubla \u016bdeni t\u012bru un pied\u0101v\u0101 \u0113rtu risin\u0101jumu \u0101trai p\u0113du nomazg\u0101\u0161anai pirms iek\u0101p\u0161anas vann\u0101. K\u0101ju vanna, kas izgatavota no kvalitat\u012bva impregn\u0113ta egles koka, ir dab\u012bgs, iztur\u012bgs un skaists papildin\u0101jums j\u016bsu peld\u0113\u0161an\u0101s ritu\u0101lam.","og_url":"https:\/\/awero.ee\/lv\/toode\/vanna-kajam\/","og_site_name":"Awero - S\u00fcdamega L\u00f5una-Eestist","article_modified_time":"2026-04-01T12:31:37+00:00","og_image":[{"width":1024,"height":1536,"url":"https:\/\/awero.ee\/wp-content\/uploads\/2025\/06\/jalavann-taustata.png","type":"image\/png"}],"twitter_card":"summary_large_image","schema":{"@context":"https:\/\/schema.org","@graph":[{"@type":"WebPage","@id":"https:\/\/awero.ee\/lv\/toode\/vanna-kajam\/","url":"https:\/\/awero.ee\/lv\/toode\/vanna-kajam\/","name":"Vanna k\u0101j\u0101m - Awero - S\u00fcdamega L\u00f5una-Eestist","isPartOf":{"@id":"https:\/\/awero.ee\/lv\/#website"},"primaryImageOfPage":{"@id":"https:\/\/awero.ee\/lv\/toode\/vanna-kajam\/#primaryimage"},"image":{"@id":"https:\/\/awero.ee\/lv\/toode\/vanna-kajam\/#primaryimage"},"thumbnailUrl":"https:\/\/awero.ee\/wp-content\/uploads\/2025\/06\/jalavann-taustata.png","datePublished":"2025-06-05T10:10:20+00:00","dateModified":"2026-04-01T12:31:37+00:00","breadcrumb":{"@id":"https:\/\/awero.ee\/lv\/toode\/vanna-kajam\/#breadcrumb"},"inLanguage":"lv-LV","potentialAction":[{"@type":"ReadAction","target":["https:\/\/awero.ee\/lv\/toode\/vanna-kajam\/"]}]},{"@type":"ImageObject","inLanguage":"lv-LV","@id":"https:\/\/awero.ee\/lv\/toode\/vanna-kajam\/#primaryimage","url":"https:\/\/awero.ee\/wp-content\/uploads\/2025\/06\/jalavann-taustata.png","contentUrl":"https:\/\/awero.ee\/wp-content\/uploads\/2025\/06\/jalavann-taustata.png","width":1024,"height":1536},{"@type":"BreadcrumbList","@id":"https:\/\/awero.ee\/lv\/toode\/vanna-kajam\/#breadcrumb","itemListElement":[{"@type":"ListItem","position":1,"name":"Home","item":"https:\/\/awero.ee\/lv\/sakums\/"},{"@type":"ListItem","position":2,"name":"Veikals","item":"https:\/\/awero.ee\/lv\/veikals\/"},{"@type":"ListItem","position":3,"name":"Vanna k\u0101j\u0101m"}]},{"@type":"WebSite","@id":"https:\/\/awero.ee\/lv\/#website","url":"https:\/\/awero.ee\/lv\/","name":"Awero - S\u00fcdamega L\u00f5una Eestist","description":"","publisher":{"@id":"https:\/\/awero.ee\/lv\/#organization"},"potentialAction":[{"@type":"SearchAction","target":{"@type":"EntryPoint","urlTemplate":"https:\/\/awero.ee\/lv\/?s={search_term_string}"},"query-input":{"@type":"PropertyValueSpecification","valueRequired":true,"valueName":"search_term_string"}}],"inLanguage":"lv-LV"},{"@type":"Organization","@id":"https:\/\/awero.ee\/lv\/#organization","name":"Awero - S\u00fcdamega L\u00f5una Eestist","url":"https:\/\/awero.ee\/lv\/","logo":{"@type":"ImageObject","inLanguage":"lv-LV","@id":"https:\/\/awero.ee\/lv\/#\/schema\/logo\/image\/","url":"https:\/\/awero.ee\/wp-content\/uploads\/2024\/07\/aweroplaceholder.jpg","contentUrl":"https:\/\/awero.ee\/wp-content\/uploads\/2024\/07\/aweroplaceholder.jpg","width":1250,"height":834,"caption":"Awero - S\u00fcdamega L\u00f5una Eestist"},"image":{"@id":"https:\/\/awero.ee\/lv\/#\/schema\/logo\/image\/"}}]}},"_links":{"self":[{"href":"https:\/\/awero.ee\/lv\/wp-json\/wp\/v2\/product\/12314","targetHints":{"allow":["GET"]}}],"collection":[{"href":"https:\/\/awero.ee\/lv\/wp-json\/wp\/v2\/product"}],"about":[{"href":"https:\/\/awero.ee\/lv\/wp-json\/wp\/v2\/types\/product"}],"wp:featuredmedia":[{"embeddable":true,"href":"https:\/\/awero.ee\/lv\/wp-json\/wp\/v2\/media\/12315"}],"wp:attachment":[{"href":"https:\/\/awero.ee\/lv\/wp-json\/wp\/v2\/media?parent=12314"}],"wp:term":[{"taxonomy":"product_brand","embeddable":true,"href":"https:\/\/awero.ee\/lv\/wp-json\/wp\/v2\/product_brand?post=12314"},{"taxonomy":"product_cat","embeddable":true,"href":"https:\/\/awero.ee\/lv\/wp-json\/wp\/v2\/product_cat?post=12314"},{"taxonomy":"product_tag","embeddable":true,"href":"https:\/\/awero.ee\/lv\/wp-json\/wp\/v2\/product_tag?post=12314"}],"curies":[{"name":"wp","href":"https:\/\/api.w.org\/{rel}","templated":true}]}}