{"id":12312,"date":"2025-05-14T12:53:16","date_gmt":"2025-05-14T12:53:16","guid":{"rendered":"https:\/\/awero.ee\/toode\/biolan-sausa-tualete-komplet\/"},"modified":"2026-04-01T12:31:37","modified_gmt":"2026-04-01T12:31:37","slug":"biolan-sausa-tualete-komplet","status":"publish","type":"product","link":"https:\/\/awero.ee\/lv\/toode\/biolan-sausa-tualete-komplet\/","title":{"rendered":"Biolan saus\u0101 tualete KOMPLET"},"content":{"rendered":"<p><span class=\"\">Biolan saus\u0101 tualete KOMPLET nerada arom\u0101tu un ir \u0113rti lietojama tualete lauku m\u0101j\u0101s un vasarn\u012bc\u0101s. To ir viegli uzst\u0101d\u012bt uz m\u0101j\u0101 izb\u016bv\u0113tas tualetes gr\u012bdas, un to var izmantot gan k\u0101 atsevi\u0161\u0137u \u0101ra tualeti, gan dz\u012bvojam\u0101 \u0113k\u0101, gan ar\u012b laik\u0101, kad renov\u0113jat veco \u0101ra tualeti. Ikdien\u0101 lietojot Biolan sauso tualeti KOMPLET, t\u0101 ir t\u012bra un pat\u012bkama. T\u0101s darb\u012bbai nav nepiecie\u0161ams \u016bdens vai elektr\u012bba. Viss, kas jums nepiecie\u0161ams, ir Biolan komposts un saus\u0101s tualetes k\u016bdra.   <\/span><\/p>\n","protected":false},"excerpt":{"rendered":"<h4>Komforts laukos un vasarn\u012bc\u0101s.<\/h4>\n<ul>\n<li>T\u012bra un lietot\u0101jam draudz\u012bga saus\u0101 tualete<\/li>\n<li>Pateicoties ventil\u0101cijas caurulei no tualetes tvertnes uz jumtu, telp\u0101 nav nepat\u012bkamu arom\u0101tu<\/li>\n<li>\u0112rts un higi\u0113nisks siltin\u0101ts poda v\u0101ks<\/li>\n<li>Viegli t\u012br\u0101ms<\/li>\n<li>Uzst\u0101d\u0101ms uz gr\u012bdas<\/li>\n<\/ul>\n","protected":false},"featured_media":3213,"template":"","meta":{"_acf_changed":false},"product_brand":[],"product_cat":[1617],"product_tag":[],"class_list":{"0":"post-12312","1":"product","2":"type-product","3":"status-publish","4":"has-post-thumbnail","6":"product_cat-papildaprikojums","8":"first","9":"instock","10":"shipping-taxable","11":"product-type-simple"},"acf":[],"yoast_head":"<!-- This site is optimized with the Yoast SEO plugin v26.8 - https:\/\/yoast.com\/product\/yoast-seo-wordpress\/ -->\n<title>Biolan saus\u0101 tualete KOMPLET - Awero - S\u00fcdamega L\u00f5una-Eestist<\/title>\n<meta name=\"robots\" content=\"index, follow, max-snippet:-1, max-image-preview:large, max-video-preview:-1\" \/>\n<link rel=\"canonical\" href=\"https:\/\/awero.ee\/lv\/toode\/biolan-sausa-tualete-komplet\/\" \/>\n<meta property=\"og:locale\" content=\"lv_LV\" \/>\n<meta property=\"og:type\" content=\"article\" \/>\n<meta property=\"og:title\" content=\"Biolan saus\u0101 tualete KOMPLET - Awero - S\u00fcdamega L\u00f5una-Eestist\" \/>\n<meta property=\"og:description\" content=\"Komforts laukos un vasarn\u012bc\u0101s.  T\u012bra un lietot\u0101jam draudz\u012bga saus\u0101 tualete  Pateicoties ventil\u0101cijas caurulei no tualetes tvertnes uz jumtu, telp\u0101 nav nepat\u012bkamu arom\u0101tu  \u0112rts un higi\u0113nisks siltin\u0101ts poda v\u0101ks  Viegli t\u012br\u0101ms  Uzst\u0101d\u0101ms uz gr\u012bdas\" \/>\n<meta property=\"og:url\" content=\"https:\/\/awero.ee\/lv\/toode\/biolan-sausa-tualete-komplet\/\" \/>\n<meta property=\"og:site_name\" content=\"Awero - S\u00fcdamega L\u00f5una-Eestist\" \/>\n<meta property=\"article:modified_time\" content=\"2026-04-01T12:31:37+00:00\" \/>\n<meta property=\"og:image\" content=\"https:\/\/awero.ee\/wp-content\/uploads\/2025\/05\/biolan_kuivikekaymala_tummanharmaa-1120x500q85.jpg\" \/>\n\t<meta property=\"og:image:width\" content=\"373\" \/>\n\t<meta property=\"og:image:height\" content=\"500\" \/>\n\t<meta property=\"og:image:type\" content=\"image\/jpeg\" \/>\n<meta name=\"twitter:card\" content=\"summary_large_image\" \/>\n<script type=\"application\/ld+json\" class=\"yoast-schema-graph\">{\"@context\":\"https:\/\/schema.org\",\"@graph\":[{\"@type\":\"WebPage\",\"@id\":\"https:\/\/awero.ee\/lv\/toode\/biolan-sausa-tualete-komplet\/\",\"url\":\"https:\/\/awero.ee\/lv\/toode\/biolan-sausa-tualete-komplet\/\",\"name\":\"Biolan saus\u0101 tualete KOMPLET - Awero - S\u00fcdamega L\u00f5una-Eestist\",\"isPartOf\":{\"@id\":\"https:\/\/awero.ee\/lv\/#website\"},\"primaryImageOfPage\":{\"@id\":\"https:\/\/awero.ee\/lv\/toode\/biolan-sausa-tualete-komplet\/#primaryimage\"},\"image\":{\"@id\":\"https:\/\/awero.ee\/lv\/toode\/biolan-sausa-tualete-komplet\/#primaryimage\"},\"thumbnailUrl\":\"https:\/\/awero.ee\/wp-content\/uploads\/2025\/05\/biolan_kuivikekaymala_tummanharmaa-1120x500q85.jpg\",\"datePublished\":\"2025-05-14T12:53:16+00:00\",\"dateModified\":\"2026-04-01T12:31:37+00:00\",\"breadcrumb\":{\"@id\":\"https:\/\/awero.ee\/lv\/toode\/biolan-sausa-tualete-komplet\/#breadcrumb\"},\"inLanguage\":\"lv-LV\",\"potentialAction\":[{\"@type\":\"ReadAction\",\"target\":[\"https:\/\/awero.ee\/lv\/toode\/biolan-sausa-tualete-komplet\/\"]}]},{\"@type\":\"ImageObject\",\"inLanguage\":\"lv-LV\",\"@id\":\"https:\/\/awero.ee\/lv\/toode\/biolan-sausa-tualete-komplet\/#primaryimage\",\"url\":\"https:\/\/awero.ee\/wp-content\/uploads\/2025\/05\/biolan_kuivikekaymala_tummanharmaa-1120x500q85.jpg\",\"contentUrl\":\"https:\/\/awero.ee\/wp-content\/uploads\/2025\/05\/biolan_kuivikekaymala_tummanharmaa-1120x500q85.jpg\",\"width\":373,\"height\":500},{\"@type\":\"BreadcrumbList\",\"@id\":\"https:\/\/awero.ee\/lv\/toode\/biolan-sausa-tualete-komplet\/#breadcrumb\",\"itemListElement\":[{\"@type\":\"ListItem\",\"position\":1,\"name\":\"Home\",\"item\":\"https:\/\/awero.ee\/lv\/sakums\/\"},{\"@type\":\"ListItem\",\"position\":2,\"name\":\"Veikals\",\"item\":\"https:\/\/awero.ee\/lv\/veikals\/\"},{\"@type\":\"ListItem\",\"position\":3,\"name\":\"Biolan saus\u0101 tualete KOMPLET\"}]},{\"@type\":\"WebSite\",\"@id\":\"https:\/\/awero.ee\/lv\/#website\",\"url\":\"https:\/\/awero.ee\/lv\/\",\"name\":\"Awero - S\u00fcdamega L\u00f5una Eestist\",\"description\":\"\",\"publisher\":{\"@id\":\"https:\/\/awero.ee\/lv\/#organization\"},\"potentialAction\":[{\"@type\":\"SearchAction\",\"target\":{\"@type\":\"EntryPoint\",\"urlTemplate\":\"https:\/\/awero.ee\/lv\/?s={search_term_string}\"},\"query-input\":{\"@type\":\"PropertyValueSpecification\",\"valueRequired\":true,\"valueName\":\"search_term_string\"}}],\"inLanguage\":\"lv-LV\"},{\"@type\":\"Organization\",\"@id\":\"https:\/\/awero.ee\/lv\/#organization\",\"name\":\"Awero - S\u00fcdamega L\u00f5una Eestist\",\"url\":\"https:\/\/awero.ee\/lv\/\",\"logo\":{\"@type\":\"ImageObject\",\"inLanguage\":\"lv-LV\",\"@id\":\"https:\/\/awero.ee\/lv\/#\/schema\/logo\/image\/\",\"url\":\"https:\/\/awero.ee\/wp-content\/uploads\/2024\/07\/aweroplaceholder.jpg\",\"contentUrl\":\"https:\/\/awero.ee\/wp-content\/uploads\/2024\/07\/aweroplaceholder.jpg\",\"width\":1250,\"height\":834,\"caption\":\"Awero - S\u00fcdamega L\u00f5una Eestist\"},\"image\":{\"@id\":\"https:\/\/awero.ee\/lv\/#\/schema\/logo\/image\/\"}}]}<\/script>\n<!-- \/ Yoast SEO plugin. -->","yoast_head_json":{"title":"Biolan saus\u0101 tualete KOMPLET - Awero - S\u00fcdamega L\u00f5una-Eestist","robots":{"index":"index","follow":"follow","max-snippet":"max-snippet:-1","max-image-preview":"max-image-preview:large","max-video-preview":"max-video-preview:-1"},"canonical":"https:\/\/awero.ee\/lv\/toode\/biolan-sausa-tualete-komplet\/","og_locale":"lv_LV","og_type":"article","og_title":"Biolan saus\u0101 tualete KOMPLET - Awero - S\u00fcdamega L\u00f5una-Eestist","og_description":"Komforts laukos un vasarn\u012bc\u0101s.  T\u012bra un lietot\u0101jam draudz\u012bga saus\u0101 tualete  Pateicoties ventil\u0101cijas caurulei no tualetes tvertnes uz jumtu, telp\u0101 nav nepat\u012bkamu arom\u0101tu  \u0112rts un higi\u0113nisks siltin\u0101ts poda v\u0101ks  Viegli t\u012br\u0101ms  Uzst\u0101d\u0101ms uz gr\u012bdas","og_url":"https:\/\/awero.ee\/lv\/toode\/biolan-sausa-tualete-komplet\/","og_site_name":"Awero - S\u00fcdamega L\u00f5una-Eestist","article_modified_time":"2026-04-01T12:31:37+00:00","og_image":[{"width":373,"height":500,"url":"https:\/\/awero.ee\/wp-content\/uploads\/2025\/05\/biolan_kuivikekaymala_tummanharmaa-1120x500q85.jpg","type":"image\/jpeg"}],"twitter_card":"summary_large_image","schema":{"@context":"https:\/\/schema.org","@graph":[{"@type":"WebPage","@id":"https:\/\/awero.ee\/lv\/toode\/biolan-sausa-tualete-komplet\/","url":"https:\/\/awero.ee\/lv\/toode\/biolan-sausa-tualete-komplet\/","name":"Biolan saus\u0101 tualete KOMPLET - Awero - S\u00fcdamega L\u00f5una-Eestist","isPartOf":{"@id":"https:\/\/awero.ee\/lv\/#website"},"primaryImageOfPage":{"@id":"https:\/\/awero.ee\/lv\/toode\/biolan-sausa-tualete-komplet\/#primaryimage"},"image":{"@id":"https:\/\/awero.ee\/lv\/toode\/biolan-sausa-tualete-komplet\/#primaryimage"},"thumbnailUrl":"https:\/\/awero.ee\/wp-content\/uploads\/2025\/05\/biolan_kuivikekaymala_tummanharmaa-1120x500q85.jpg","datePublished":"2025-05-14T12:53:16+00:00","dateModified":"2026-04-01T12:31:37+00:00","breadcrumb":{"@id":"https:\/\/awero.ee\/lv\/toode\/biolan-sausa-tualete-komplet\/#breadcrumb"},"inLanguage":"lv-LV","potentialAction":[{"@type":"ReadAction","target":["https:\/\/awero.ee\/lv\/toode\/biolan-sausa-tualete-komplet\/"]}]},{"@type":"ImageObject","inLanguage":"lv-LV","@id":"https:\/\/awero.ee\/lv\/toode\/biolan-sausa-tualete-komplet\/#primaryimage","url":"https:\/\/awero.ee\/wp-content\/uploads\/2025\/05\/biolan_kuivikekaymala_tummanharmaa-1120x500q85.jpg","contentUrl":"https:\/\/awero.ee\/wp-content\/uploads\/2025\/05\/biolan_kuivikekaymala_tummanharmaa-1120x500q85.jpg","width":373,"height":500},{"@type":"BreadcrumbList","@id":"https:\/\/awero.ee\/lv\/toode\/biolan-sausa-tualete-komplet\/#breadcrumb","itemListElement":[{"@type":"ListItem","position":1,"name":"Home","item":"https:\/\/awero.ee\/lv\/sakums\/"},{"@type":"ListItem","position":2,"name":"Veikals","item":"https:\/\/awero.ee\/lv\/veikals\/"},{"@type":"ListItem","position":3,"name":"Biolan saus\u0101 tualete KOMPLET"}]},{"@type":"WebSite","@id":"https:\/\/awero.ee\/lv\/#website","url":"https:\/\/awero.ee\/lv\/","name":"Awero - S\u00fcdamega L\u00f5una Eestist","description":"","publisher":{"@id":"https:\/\/awero.ee\/lv\/#organization"},"potentialAction":[{"@type":"SearchAction","target":{"@type":"EntryPoint","urlTemplate":"https:\/\/awero.ee\/lv\/?s={search_term_string}"},"query-input":{"@type":"PropertyValueSpecification","valueRequired":true,"valueName":"search_term_string"}}],"inLanguage":"lv-LV"},{"@type":"Organization","@id":"https:\/\/awero.ee\/lv\/#organization","name":"Awero - S\u00fcdamega L\u00f5una Eestist","url":"https:\/\/awero.ee\/lv\/","logo":{"@type":"ImageObject","inLanguage":"lv-LV","@id":"https:\/\/awero.ee\/lv\/#\/schema\/logo\/image\/","url":"https:\/\/awero.ee\/wp-content\/uploads\/2024\/07\/aweroplaceholder.jpg","contentUrl":"https:\/\/awero.ee\/wp-content\/uploads\/2024\/07\/aweroplaceholder.jpg","width":1250,"height":834,"caption":"Awero - S\u00fcdamega L\u00f5una Eestist"},"image":{"@id":"https:\/\/awero.ee\/lv\/#\/schema\/logo\/image\/"}}]}},"_links":{"self":[{"href":"https:\/\/awero.ee\/lv\/wp-json\/wp\/v2\/product\/12312","targetHints":{"allow":["GET"]}}],"collection":[{"href":"https:\/\/awero.ee\/lv\/wp-json\/wp\/v2\/product"}],"about":[{"href":"https:\/\/awero.ee\/lv\/wp-json\/wp\/v2\/types\/product"}],"wp:featuredmedia":[{"embeddable":true,"href":"https:\/\/awero.ee\/lv\/wp-json\/wp\/v2\/media\/3213"}],"wp:attachment":[{"href":"https:\/\/awero.ee\/lv\/wp-json\/wp\/v2\/media?parent=12312"}],"wp:term":[{"taxonomy":"product_brand","embeddable":true,"href":"https:\/\/awero.ee\/lv\/wp-json\/wp\/v2\/product_brand?post=12312"},{"taxonomy":"product_cat","embeddable":true,"href":"https:\/\/awero.ee\/lv\/wp-json\/wp\/v2\/product_cat?post=12312"},{"taxonomy":"product_tag","embeddable":true,"href":"https:\/\/awero.ee\/lv\/wp-json\/wp\/v2\/product_tag?post=12312"}],"curies":[{"name":"wp","href":"https:\/\/api.w.org\/{rel}","templated":true}]}}