{"id":12297,"date":"2025-04-25T05:48:37","date_gmt":"2025-04-25T05:48:37","guid":{"rendered":"https:\/\/awero.ee\/toode\/terases-vanna-250\/"},"modified":"2026-04-01T12:32:23","modified_gmt":"2026-04-01T12:32:23","slug":"terases-vanna-250","status":"publish","type":"product","link":"https:\/\/awero.ee\/lv\/toode\/terases-vanna-250\/","title":{"rendered":"Terases vanna 250"},"content":{"rendered":"<div class=\"p-rich_text_section\"><b data-stringify-type=\"bold\">Awero Terases vanna 250 <\/b>nav vienk\u0101r\u0161i kubls \u2013 t\u0101 ir pieredze, ko varat iek\u0101rtot atbilsto\u0161i sav\u0101m v\u0113lm\u0113m. Izv\u0113lieties papildu piederumus, kas komfortu un luksusu pace\u013c jaun\u0101 l\u012bmen\u012b.<br \/>\nVair\u0101k baudas, maz\u0101k rai\u017eu! <\/div>\n<ul class=\"p-rich_text_list p-rich_text_list__bullet p-rich_text_list--nested\" data-stringify-type=\"unordered-list\" data-list-tree=\"true\" data-indent=\"0\" data-border=\"0\">\n<li data-stringify-indent=\"0\" data-stringify-border=\"0\"><b data-stringify-type=\"bold\">LED apgaismojums <\/b>\u2013 rada omul\u012bgu un romantisku atmosf\u0113ru, \u012bpa\u0161i vakara stund\u0101s.<\/li>\n<li data-stringify-indent=\"0\" data-stringify-border=\"0\"><b data-stringify-type=\"bold\">Burbu\u013cu sist\u0113ma un mas\u0101\u017eas funkcijas <\/b>\u2013 \u013caujiet \u0137ermenim atsl\u0101bin\u0101ties k\u0101 \u012bst\u0101 luksusa spa!<\/li>\n<li data-stringify-indent=\"0\" data-stringify-border=\"0\"><b data-stringify-type=\"bold\">M\u012bksti galvas balsti \u2013<\/b> lai katrs mirklis b\u016btu p\u0113c iesp\u0113jas \u0113rt\u0101ks.<\/li>\n<li data-stringify-indent=\"0\" data-stringify-border=\"0\"><b data-stringify-type=\"bold\">Elektrisk\u0101 apkure ar filtr\u0101cijas sist\u0113mu <\/b>\u2013 nodro\u0161ina, ka \u016bdens vienm\u0113r ir pareiz\u0101 temperat\u016br\u0101 un krist\u0101ldzidrs \u2013 visu diennakti.<\/li>\n<\/ul>\n<div class=\"p-rich_text_section\"><b data-stringify-type=\"bold\">Vai v\u0113laties pilno risin\u0101jumu?<\/b><br \/>\nSazinieties ar mums, lai sa\u0146emtu profesion\u0101las uzst\u0101d\u012b\u0161anas cenas \u2013 pal\u012bdz\u0113sim jums izveidot j\u016bsu sap\u0146u relaks\u0101cijas zonu j\u016bsu m\u0101j\u0101s.<\/div>\n","protected":false},"excerpt":{"rendered":"<p>Iedom\u0101jieties mirkli, kad dien\u0101 uzkr\u0101ju\u0161\u0101s raizes vienk\u0101r\u0161i izk\u016bst&#8230; silts \u016bdens gl\u0101sta j\u016bsu \u0137ermeni, maiga gaisma uzbur mier\u012bgu noska\u0146u, un viss p\u0101r\u0113jais \u0161\u0137iet nenoz\u012bm\u012bgs. <b data-stringify-type=\"bold\"><span style=\"unicode-bidi: embed;\">Awero <\/span>Terases vanna 250<\/b> ir rad\u012bta, lai ienestu \u0161\u0101du mieru un grezn\u012bbu tie\u0161i j\u016bsu m\u0101j\u0101s \u2013 neatkar\u012bgi no t\u0101, vai t\u0101s atrodas pils\u0113tas sird\u012b vai klus\u0101 lauku apvid\u016b. Cen\u0101: <a href=\"https:\/\/awero.ee\/tootekategooria\/kumblustunni-sisud\/\">stikla \u0161\u0137iedras \u010daula,<\/a> <a href=\"https:\/\/awero.ee\/toode\/soojustatud-termokate-kumblustunnile\/\">termov\u0101ks<\/a>, <a href=\"https:\/\/awero.ee\/toode\/kumblustunni-soojustus-pur-vahuga\/\">PUR siltin\u0101jums <\/a><\/p>\n","protected":false},"featured_media":12306,"template":"","meta":{"_acf_changed":false},"product_brand":[],"product_cat":[1620,1631],"product_tag":[],"class_list":{"0":"post-12297","1":"product","2":"type-product","3":"status-publish","4":"has-post-thumbnail","6":"product_cat-kubli","7":"product_cat-terases-vannas","9":"first","10":"instock","11":"sale","12":"shipping-taxable","13":"product-type-variable"},"acf":[],"yoast_head":"<!-- This site is optimized with the Yoast SEO plugin v26.8 - https:\/\/yoast.com\/product\/yoast-seo-wordpress\/ -->\n<title>Terases vanna 250 - Awero - S\u00fcdamega L\u00f5una-Eestist<\/title>\n<meta name=\"robots\" content=\"index, follow, max-snippet:-1, max-image-preview:large, max-video-preview:-1\" \/>\n<link rel=\"canonical\" href=\"https:\/\/awero.ee\/lv\/toode\/terases-vanna-250\/\" \/>\n<meta property=\"og:locale\" content=\"lv_LV\" \/>\n<meta property=\"og:type\" content=\"article\" \/>\n<meta property=\"og:title\" content=\"Terases vanna 250 - Awero - S\u00fcdamega L\u00f5una-Eestist\" \/>\n<meta property=\"og:description\" content=\"Iedom\u0101jieties mirkli, kad dien\u0101 uzkr\u0101ju\u0161\u0101s raizes vienk\u0101r\u0161i izk\u016bst... silts \u016bdens gl\u0101sta j\u016bsu \u0137ermeni, maiga gaisma uzbur mier\u012bgu noska\u0146u, un viss p\u0101r\u0113jais \u0161\u0137iet nenoz\u012bm\u012bgs. Awero Terases vanna 250 ir rad\u012bta, lai ienestu \u0161\u0101du mieru un grezn\u012bbu tie\u0161i j\u016bsu m\u0101j\u0101s \u2013 neatkar\u012bgi no t\u0101, vai t\u0101s atrodas pils\u0113tas sird\u012b vai klus\u0101 lauku apvid\u016b. Cen\u0101: stikla \u0161\u0137iedras \u010daula, termov\u0101ks, PUR siltin\u0101jums\" \/>\n<meta property=\"og:url\" content=\"https:\/\/awero.ee\/lv\/toode\/terases-vanna-250\/\" \/>\n<meta property=\"og:site_name\" content=\"Awero - S\u00fcdamega L\u00f5una-Eestist\" \/>\n<meta property=\"article:modified_time\" content=\"2026-04-01T12:32:23+00:00\" \/>\n<meta property=\"og:image\" content=\"https:\/\/awero.ee\/wp-content\/uploads\/2025\/04\/3f-scaled.jpg\" \/>\n\t<meta property=\"og:image:width\" content=\"2560\" \/>\n\t<meta property=\"og:image:height\" content=\"1600\" \/>\n\t<meta property=\"og:image:type\" content=\"image\/jpeg\" \/>\n<meta name=\"twitter:card\" content=\"summary_large_image\" \/>\n<meta name=\"twitter:label1\" content=\"Est. reading time\" \/>\n\t<meta name=\"twitter:data1\" content=\"1 minute\" \/>\n<script type=\"application\/ld+json\" class=\"yoast-schema-graph\">{\"@context\":\"https:\/\/schema.org\",\"@graph\":[{\"@type\":\"WebPage\",\"@id\":\"https:\/\/awero.ee\/lv\/toode\/terases-vanna-250\/\",\"url\":\"https:\/\/awero.ee\/lv\/toode\/terases-vanna-250\/\",\"name\":\"Terases vanna 250 - Awero - S\u00fcdamega L\u00f5una-Eestist\",\"isPartOf\":{\"@id\":\"https:\/\/awero.ee\/lv\/#website\"},\"primaryImageOfPage\":{\"@id\":\"https:\/\/awero.ee\/lv\/toode\/terases-vanna-250\/#primaryimage\"},\"image\":{\"@id\":\"https:\/\/awero.ee\/lv\/toode\/terases-vanna-250\/#primaryimage\"},\"thumbnailUrl\":\"https:\/\/awero.ee\/wp-content\/uploads\/2025\/04\/3f-scaled.jpg\",\"datePublished\":\"2025-04-25T05:48:37+00:00\",\"dateModified\":\"2026-04-01T12:32:23+00:00\",\"breadcrumb\":{\"@id\":\"https:\/\/awero.ee\/lv\/toode\/terases-vanna-250\/#breadcrumb\"},\"inLanguage\":\"lv-LV\",\"potentialAction\":[{\"@type\":\"ReadAction\",\"target\":[\"https:\/\/awero.ee\/lv\/toode\/terases-vanna-250\/\"]}]},{\"@type\":\"ImageObject\",\"inLanguage\":\"lv-LV\",\"@id\":\"https:\/\/awero.ee\/lv\/toode\/terases-vanna-250\/#primaryimage\",\"url\":\"https:\/\/awero.ee\/wp-content\/uploads\/2025\/04\/3f-scaled.jpg\",\"contentUrl\":\"https:\/\/awero.ee\/wp-content\/uploads\/2025\/04\/3f-scaled.jpg\",\"width\":2560,\"height\":1600},{\"@type\":\"BreadcrumbList\",\"@id\":\"https:\/\/awero.ee\/lv\/toode\/terases-vanna-250\/#breadcrumb\",\"itemListElement\":[{\"@type\":\"ListItem\",\"position\":1,\"name\":\"Home\",\"item\":\"https:\/\/awero.ee\/lv\/sakums\/\"},{\"@type\":\"ListItem\",\"position\":2,\"name\":\"Veikals\",\"item\":\"https:\/\/awero.ee\/lv\/veikals\/\"},{\"@type\":\"ListItem\",\"position\":3,\"name\":\"Terases vanna 250\"}]},{\"@type\":\"WebSite\",\"@id\":\"https:\/\/awero.ee\/lv\/#website\",\"url\":\"https:\/\/awero.ee\/lv\/\",\"name\":\"Awero - S\u00fcdamega L\u00f5una Eestist\",\"description\":\"\",\"publisher\":{\"@id\":\"https:\/\/awero.ee\/lv\/#organization\"},\"potentialAction\":[{\"@type\":\"SearchAction\",\"target\":{\"@type\":\"EntryPoint\",\"urlTemplate\":\"https:\/\/awero.ee\/lv\/?s={search_term_string}\"},\"query-input\":{\"@type\":\"PropertyValueSpecification\",\"valueRequired\":true,\"valueName\":\"search_term_string\"}}],\"inLanguage\":\"lv-LV\"},{\"@type\":\"Organization\",\"@id\":\"https:\/\/awero.ee\/lv\/#organization\",\"name\":\"Awero - S\u00fcdamega L\u00f5una Eestist\",\"url\":\"https:\/\/awero.ee\/lv\/\",\"logo\":{\"@type\":\"ImageObject\",\"inLanguage\":\"lv-LV\",\"@id\":\"https:\/\/awero.ee\/lv\/#\/schema\/logo\/image\/\",\"url\":\"https:\/\/awero.ee\/wp-content\/uploads\/2024\/07\/aweroplaceholder.jpg\",\"contentUrl\":\"https:\/\/awero.ee\/wp-content\/uploads\/2024\/07\/aweroplaceholder.jpg\",\"width\":1250,\"height\":834,\"caption\":\"Awero - S\u00fcdamega L\u00f5una Eestist\"},\"image\":{\"@id\":\"https:\/\/awero.ee\/lv\/#\/schema\/logo\/image\/\"}}]}<\/script>\n<!-- \/ Yoast SEO plugin. -->","yoast_head_json":{"title":"Terases vanna 250 - Awero - S\u00fcdamega L\u00f5una-Eestist","robots":{"index":"index","follow":"follow","max-snippet":"max-snippet:-1","max-image-preview":"max-image-preview:large","max-video-preview":"max-video-preview:-1"},"canonical":"https:\/\/awero.ee\/lv\/toode\/terases-vanna-250\/","og_locale":"lv_LV","og_type":"article","og_title":"Terases vanna 250 - Awero - S\u00fcdamega L\u00f5una-Eestist","og_description":"Iedom\u0101jieties mirkli, kad dien\u0101 uzkr\u0101ju\u0161\u0101s raizes vienk\u0101r\u0161i izk\u016bst... silts \u016bdens gl\u0101sta j\u016bsu \u0137ermeni, maiga gaisma uzbur mier\u012bgu noska\u0146u, un viss p\u0101r\u0113jais \u0161\u0137iet nenoz\u012bm\u012bgs. Awero Terases vanna 250 ir rad\u012bta, lai ienestu \u0161\u0101du mieru un grezn\u012bbu tie\u0161i j\u016bsu m\u0101j\u0101s \u2013 neatkar\u012bgi no t\u0101, vai t\u0101s atrodas pils\u0113tas sird\u012b vai klus\u0101 lauku apvid\u016b. Cen\u0101: stikla \u0161\u0137iedras \u010daula, termov\u0101ks, PUR siltin\u0101jums","og_url":"https:\/\/awero.ee\/lv\/toode\/terases-vanna-250\/","og_site_name":"Awero - S\u00fcdamega L\u00f5una-Eestist","article_modified_time":"2026-04-01T12:32:23+00:00","og_image":[{"width":2560,"height":1600,"url":"https:\/\/awero.ee\/wp-content\/uploads\/2025\/04\/3f-scaled.jpg","type":"image\/jpeg"}],"twitter_card":"summary_large_image","twitter_misc":{"Est. reading time":"1 minute"},"schema":{"@context":"https:\/\/schema.org","@graph":[{"@type":"WebPage","@id":"https:\/\/awero.ee\/lv\/toode\/terases-vanna-250\/","url":"https:\/\/awero.ee\/lv\/toode\/terases-vanna-250\/","name":"Terases vanna 250 - Awero - S\u00fcdamega L\u00f5una-Eestist","isPartOf":{"@id":"https:\/\/awero.ee\/lv\/#website"},"primaryImageOfPage":{"@id":"https:\/\/awero.ee\/lv\/toode\/terases-vanna-250\/#primaryimage"},"image":{"@id":"https:\/\/awero.ee\/lv\/toode\/terases-vanna-250\/#primaryimage"},"thumbnailUrl":"https:\/\/awero.ee\/wp-content\/uploads\/2025\/04\/3f-scaled.jpg","datePublished":"2025-04-25T05:48:37+00:00","dateModified":"2026-04-01T12:32:23+00:00","breadcrumb":{"@id":"https:\/\/awero.ee\/lv\/toode\/terases-vanna-250\/#breadcrumb"},"inLanguage":"lv-LV","potentialAction":[{"@type":"ReadAction","target":["https:\/\/awero.ee\/lv\/toode\/terases-vanna-250\/"]}]},{"@type":"ImageObject","inLanguage":"lv-LV","@id":"https:\/\/awero.ee\/lv\/toode\/terases-vanna-250\/#primaryimage","url":"https:\/\/awero.ee\/wp-content\/uploads\/2025\/04\/3f-scaled.jpg","contentUrl":"https:\/\/awero.ee\/wp-content\/uploads\/2025\/04\/3f-scaled.jpg","width":2560,"height":1600},{"@type":"BreadcrumbList","@id":"https:\/\/awero.ee\/lv\/toode\/terases-vanna-250\/#breadcrumb","itemListElement":[{"@type":"ListItem","position":1,"name":"Home","item":"https:\/\/awero.ee\/lv\/sakums\/"},{"@type":"ListItem","position":2,"name":"Veikals","item":"https:\/\/awero.ee\/lv\/veikals\/"},{"@type":"ListItem","position":3,"name":"Terases vanna 250"}]},{"@type":"WebSite","@id":"https:\/\/awero.ee\/lv\/#website","url":"https:\/\/awero.ee\/lv\/","name":"Awero - S\u00fcdamega L\u00f5una Eestist","description":"","publisher":{"@id":"https:\/\/awero.ee\/lv\/#organization"},"potentialAction":[{"@type":"SearchAction","target":{"@type":"EntryPoint","urlTemplate":"https:\/\/awero.ee\/lv\/?s={search_term_string}"},"query-input":{"@type":"PropertyValueSpecification","valueRequired":true,"valueName":"search_term_string"}}],"inLanguage":"lv-LV"},{"@type":"Organization","@id":"https:\/\/awero.ee\/lv\/#organization","name":"Awero - S\u00fcdamega L\u00f5una Eestist","url":"https:\/\/awero.ee\/lv\/","logo":{"@type":"ImageObject","inLanguage":"lv-LV","@id":"https:\/\/awero.ee\/lv\/#\/schema\/logo\/image\/","url":"https:\/\/awero.ee\/wp-content\/uploads\/2024\/07\/aweroplaceholder.jpg","contentUrl":"https:\/\/awero.ee\/wp-content\/uploads\/2024\/07\/aweroplaceholder.jpg","width":1250,"height":834,"caption":"Awero - S\u00fcdamega L\u00f5una Eestist"},"image":{"@id":"https:\/\/awero.ee\/lv\/#\/schema\/logo\/image\/"}}]}},"_links":{"self":[{"href":"https:\/\/awero.ee\/lv\/wp-json\/wp\/v2\/product\/12297","targetHints":{"allow":["GET"]}}],"collection":[{"href":"https:\/\/awero.ee\/lv\/wp-json\/wp\/v2\/product"}],"about":[{"href":"https:\/\/awero.ee\/lv\/wp-json\/wp\/v2\/types\/product"}],"wp:featuredmedia":[{"embeddable":true,"href":"https:\/\/awero.ee\/lv\/wp-json\/wp\/v2\/media\/12306"}],"wp:attachment":[{"href":"https:\/\/awero.ee\/lv\/wp-json\/wp\/v2\/media?parent=12297"}],"wp:term":[{"taxonomy":"product_brand","embeddable":true,"href":"https:\/\/awero.ee\/lv\/wp-json\/wp\/v2\/product_brand?post=12297"},{"taxonomy":"product_cat","embeddable":true,"href":"https:\/\/awero.ee\/lv\/wp-json\/wp\/v2\/product_cat?post=12297"},{"taxonomy":"product_tag","embeddable":true,"href":"https:\/\/awero.ee\/lv\/wp-json\/wp\/v2\/product_tag?post=12297"}],"curies":[{"name":"wp","href":"https:\/\/api.w.org\/{rel}","templated":true}]}}