{"id":12249,"date":"2025-04-11T06:29:45","date_gmt":"2025-04-11T06:29:45","guid":{"rendered":"https:\/\/awero.ee\/toode\/augu-kaste-30-l\/"},"modified":"2026-04-01T12:31:54","modified_gmt":"2026-04-01T12:31:54","slug":"augu-kaste-30-l","status":"publish","type":"product","link":"https:\/\/awero.ee\/lv\/toode\/augu-kaste-30-l\/","title":{"rendered":"Augu kaste 30 l"},"content":{"rendered":"<div class=\"container single-product-description-text\">\n<p><strong>Komplekt\u0101cij\u0101:<\/strong><\/p>\n<ul>\n<li>termiski apstr\u0101d\u0101ti d\u0113\u013ci 18 mm biezum\u0101<\/li>\n<li>stiprin\u0101jumi<\/li>\n<li>salik\u0161anas pam\u0101c\u012bba.<\/li>\n<\/ul>\n<p><strong>Izstr\u0101d\u0101juma koka da\u013cas t\u016bl\u012bt p\u0113c izstr\u0101d\u0101juma salik\u0161anas ieteicams apstr\u0101d\u0101t ar koksnes aizsargl\u012bdzekli, lai koksni pasarg\u0101tu no mitruma un citiem to ietekm\u0113jo\u0161iem faktoriem.<\/strong> Speci\u0101lie koksnes aizsargl\u012bdzek\u013ci pieejami labi apg\u0101d\u0101tos b\u016bvmateri\u0101lu veikalos.<\/p>\n<p>NB! S\u016bt\u012bjuma izm\u0113ra d\u0113\u013c preci nevar pas\u016bt\u012bt uz pakom\u0101tu. Prece klientam j\u0101iz\u0146em uz vietas vai ar\u012b j\u0101sazin\u0101s pa t\u0101lruni +372 516 0518 ar m\u016bsu p\u0101rdo\u0161anas speci\u0101listu, kur\u0161 var noform\u0113t pieg\u0101di ar kurjeru. <\/p>\n<\/div>\n","protected":false},"excerpt":{"rendered":"<div class=\"woocommerce-product-details__short-description\">\n<p>Augu kaste no termiski apstr\u0101d\u0101ta koka ir skaists un praktisks papildin\u0101jums j\u016bsu d\u0101rz\u0101 vai balkon\u0101. Augu kast\u0113 var st\u0101d\u012bt pu\u0137es, gar\u0161augus, ogas un d\u0101rze\u0146us. Pavasar\u012b augsne pu\u0137u kast\u0113 \u0101tr\u0101k sasilst, t\u0101p\u0113c v\u0113lamos augus var iest\u0101d\u012bt nedaudz agr\u0101k.  <\/p>\n<p>Augu kaste tiek pieg\u0101d\u0101ta nesalikt\u0101 veid\u0101.<\/p>\n<\/div>\n","protected":false},"featured_media":2712,"template":"","meta":{"_acf_changed":false},"product_brand":[],"product_cat":[1618],"product_tag":[],"class_list":{"0":"post-12249","1":"product","2":"type-product","3":"status-publish","4":"has-post-thumbnail","6":"product_cat-darza-preces","8":"first","9":"instock","10":"shipping-taxable","11":"product-type-simple"},"acf":[],"yoast_head":"<!-- This site is optimized with the Yoast SEO plugin v26.8 - https:\/\/yoast.com\/product\/yoast-seo-wordpress\/ -->\n<title>Augu kaste 30 l - Awero - S\u00fcdamega L\u00f5una-Eestist<\/title>\n<meta name=\"robots\" content=\"index, follow, max-snippet:-1, max-image-preview:large, max-video-preview:-1\" \/>\n<link rel=\"canonical\" href=\"https:\/\/awero.ee\/lv\/toode\/augu-kaste-30-l\/\" \/>\n<meta property=\"og:locale\" content=\"lv_LV\" \/>\n<meta property=\"og:type\" content=\"article\" \/>\n<meta property=\"og:title\" content=\"Augu kaste 30 l - Awero - S\u00fcdamega L\u00f5una-Eestist\" \/>\n<meta property=\"og:description\" content=\"Augu kaste no termiski apstr\u0101d\u0101ta koka ir skaists un praktisks papildin\u0101jums j\u016bsu d\u0101rz\u0101 vai balkon\u0101. Augu kast\u0113 var st\u0101d\u012bt pu\u0137es, gar\u0161augus, ogas un d\u0101rze\u0146us. Pavasar\u012b augsne pu\u0137u kast\u0113 \u0101tr\u0101k sasilst, t\u0101p\u0113c v\u0113lamos augus var iest\u0101d\u012bt nedaudz agr\u0101k.  Augu kaste tiek pieg\u0101d\u0101ta nesalikt\u0101 veid\u0101.\" \/>\n<meta property=\"og:url\" content=\"https:\/\/awero.ee\/lv\/toode\/augu-kaste-30-l\/\" \/>\n<meta property=\"og:site_name\" content=\"Awero - S\u00fcdamega L\u00f5una-Eestist\" \/>\n<meta property=\"article:modified_time\" content=\"2026-04-01T12:31:54+00:00\" \/>\n<meta property=\"og:image\" content=\"https:\/\/awero.ee\/wp-content\/uploads\/2025\/04\/Taimekast_vaike.jpg\" \/>\n\t<meta property=\"og:image:width\" content=\"1868\" \/>\n\t<meta property=\"og:image:height\" content=\"1246\" \/>\n\t<meta property=\"og:image:type\" content=\"image\/jpeg\" \/>\n<meta name=\"twitter:card\" content=\"summary_large_image\" \/>\n<meta name=\"twitter:label1\" content=\"Est. reading time\" \/>\n\t<meta name=\"twitter:data1\" content=\"1 minute\" \/>\n<script type=\"application\/ld+json\" class=\"yoast-schema-graph\">{\"@context\":\"https:\/\/schema.org\",\"@graph\":[{\"@type\":\"WebPage\",\"@id\":\"https:\/\/awero.ee\/lv\/toode\/augu-kaste-30-l\/\",\"url\":\"https:\/\/awero.ee\/lv\/toode\/augu-kaste-30-l\/\",\"name\":\"Augu kaste 30 l - Awero - S\u00fcdamega L\u00f5una-Eestist\",\"isPartOf\":{\"@id\":\"https:\/\/awero.ee\/lv\/#website\"},\"primaryImageOfPage\":{\"@id\":\"https:\/\/awero.ee\/lv\/toode\/augu-kaste-30-l\/#primaryimage\"},\"image\":{\"@id\":\"https:\/\/awero.ee\/lv\/toode\/augu-kaste-30-l\/#primaryimage\"},\"thumbnailUrl\":\"https:\/\/awero.ee\/wp-content\/uploads\/2025\/04\/Taimekast_vaike.jpg\",\"datePublished\":\"2025-04-11T06:29:45+00:00\",\"dateModified\":\"2026-04-01T12:31:54+00:00\",\"breadcrumb\":{\"@id\":\"https:\/\/awero.ee\/lv\/toode\/augu-kaste-30-l\/#breadcrumb\"},\"inLanguage\":\"lv-LV\",\"potentialAction\":[{\"@type\":\"ReadAction\",\"target\":[\"https:\/\/awero.ee\/lv\/toode\/augu-kaste-30-l\/\"]}]},{\"@type\":\"ImageObject\",\"inLanguage\":\"lv-LV\",\"@id\":\"https:\/\/awero.ee\/lv\/toode\/augu-kaste-30-l\/#primaryimage\",\"url\":\"https:\/\/awero.ee\/wp-content\/uploads\/2025\/04\/Taimekast_vaike.jpg\",\"contentUrl\":\"https:\/\/awero.ee\/wp-content\/uploads\/2025\/04\/Taimekast_vaike.jpg\",\"width\":1868,\"height\":1246},{\"@type\":\"BreadcrumbList\",\"@id\":\"https:\/\/awero.ee\/lv\/toode\/augu-kaste-30-l\/#breadcrumb\",\"itemListElement\":[{\"@type\":\"ListItem\",\"position\":1,\"name\":\"Home\",\"item\":\"https:\/\/awero.ee\/lv\/sakums\/\"},{\"@type\":\"ListItem\",\"position\":2,\"name\":\"Veikals\",\"item\":\"https:\/\/awero.ee\/lv\/veikals\/\"},{\"@type\":\"ListItem\",\"position\":3,\"name\":\"Augu kaste 30 l\"}]},{\"@type\":\"WebSite\",\"@id\":\"https:\/\/awero.ee\/lv\/#website\",\"url\":\"https:\/\/awero.ee\/lv\/\",\"name\":\"Awero - S\u00fcdamega L\u00f5una Eestist\",\"description\":\"\",\"publisher\":{\"@id\":\"https:\/\/awero.ee\/lv\/#organization\"},\"potentialAction\":[{\"@type\":\"SearchAction\",\"target\":{\"@type\":\"EntryPoint\",\"urlTemplate\":\"https:\/\/awero.ee\/lv\/?s={search_term_string}\"},\"query-input\":{\"@type\":\"PropertyValueSpecification\",\"valueRequired\":true,\"valueName\":\"search_term_string\"}}],\"inLanguage\":\"lv-LV\"},{\"@type\":\"Organization\",\"@id\":\"https:\/\/awero.ee\/lv\/#organization\",\"name\":\"Awero - S\u00fcdamega L\u00f5una Eestist\",\"url\":\"https:\/\/awero.ee\/lv\/\",\"logo\":{\"@type\":\"ImageObject\",\"inLanguage\":\"lv-LV\",\"@id\":\"https:\/\/awero.ee\/lv\/#\/schema\/logo\/image\/\",\"url\":\"https:\/\/awero.ee\/wp-content\/uploads\/2024\/07\/aweroplaceholder.jpg\",\"contentUrl\":\"https:\/\/awero.ee\/wp-content\/uploads\/2024\/07\/aweroplaceholder.jpg\",\"width\":1250,\"height\":834,\"caption\":\"Awero - S\u00fcdamega L\u00f5una Eestist\"},\"image\":{\"@id\":\"https:\/\/awero.ee\/lv\/#\/schema\/logo\/image\/\"}}]}<\/script>\n<!-- \/ Yoast SEO plugin. -->","yoast_head_json":{"title":"Augu kaste 30 l - Awero - S\u00fcdamega L\u00f5una-Eestist","robots":{"index":"index","follow":"follow","max-snippet":"max-snippet:-1","max-image-preview":"max-image-preview:large","max-video-preview":"max-video-preview:-1"},"canonical":"https:\/\/awero.ee\/lv\/toode\/augu-kaste-30-l\/","og_locale":"lv_LV","og_type":"article","og_title":"Augu kaste 30 l - Awero - S\u00fcdamega L\u00f5una-Eestist","og_description":"Augu kaste no termiski apstr\u0101d\u0101ta koka ir skaists un praktisks papildin\u0101jums j\u016bsu d\u0101rz\u0101 vai balkon\u0101. Augu kast\u0113 var st\u0101d\u012bt pu\u0137es, gar\u0161augus, ogas un d\u0101rze\u0146us. Pavasar\u012b augsne pu\u0137u kast\u0113 \u0101tr\u0101k sasilst, t\u0101p\u0113c v\u0113lamos augus var iest\u0101d\u012bt nedaudz agr\u0101k.  Augu kaste tiek pieg\u0101d\u0101ta nesalikt\u0101 veid\u0101.","og_url":"https:\/\/awero.ee\/lv\/toode\/augu-kaste-30-l\/","og_site_name":"Awero - S\u00fcdamega L\u00f5una-Eestist","article_modified_time":"2026-04-01T12:31:54+00:00","og_image":[{"width":1868,"height":1246,"url":"https:\/\/awero.ee\/wp-content\/uploads\/2025\/04\/Taimekast_vaike.jpg","type":"image\/jpeg"}],"twitter_card":"summary_large_image","twitter_misc":{"Est. reading time":"1 minute"},"schema":{"@context":"https:\/\/schema.org","@graph":[{"@type":"WebPage","@id":"https:\/\/awero.ee\/lv\/toode\/augu-kaste-30-l\/","url":"https:\/\/awero.ee\/lv\/toode\/augu-kaste-30-l\/","name":"Augu kaste 30 l - Awero - S\u00fcdamega L\u00f5una-Eestist","isPartOf":{"@id":"https:\/\/awero.ee\/lv\/#website"},"primaryImageOfPage":{"@id":"https:\/\/awero.ee\/lv\/toode\/augu-kaste-30-l\/#primaryimage"},"image":{"@id":"https:\/\/awero.ee\/lv\/toode\/augu-kaste-30-l\/#primaryimage"},"thumbnailUrl":"https:\/\/awero.ee\/wp-content\/uploads\/2025\/04\/Taimekast_vaike.jpg","datePublished":"2025-04-11T06:29:45+00:00","dateModified":"2026-04-01T12:31:54+00:00","breadcrumb":{"@id":"https:\/\/awero.ee\/lv\/toode\/augu-kaste-30-l\/#breadcrumb"},"inLanguage":"lv-LV","potentialAction":[{"@type":"ReadAction","target":["https:\/\/awero.ee\/lv\/toode\/augu-kaste-30-l\/"]}]},{"@type":"ImageObject","inLanguage":"lv-LV","@id":"https:\/\/awero.ee\/lv\/toode\/augu-kaste-30-l\/#primaryimage","url":"https:\/\/awero.ee\/wp-content\/uploads\/2025\/04\/Taimekast_vaike.jpg","contentUrl":"https:\/\/awero.ee\/wp-content\/uploads\/2025\/04\/Taimekast_vaike.jpg","width":1868,"height":1246},{"@type":"BreadcrumbList","@id":"https:\/\/awero.ee\/lv\/toode\/augu-kaste-30-l\/#breadcrumb","itemListElement":[{"@type":"ListItem","position":1,"name":"Home","item":"https:\/\/awero.ee\/lv\/sakums\/"},{"@type":"ListItem","position":2,"name":"Veikals","item":"https:\/\/awero.ee\/lv\/veikals\/"},{"@type":"ListItem","position":3,"name":"Augu kaste 30 l"}]},{"@type":"WebSite","@id":"https:\/\/awero.ee\/lv\/#website","url":"https:\/\/awero.ee\/lv\/","name":"Awero - S\u00fcdamega L\u00f5una Eestist","description":"","publisher":{"@id":"https:\/\/awero.ee\/lv\/#organization"},"potentialAction":[{"@type":"SearchAction","target":{"@type":"EntryPoint","urlTemplate":"https:\/\/awero.ee\/lv\/?s={search_term_string}"},"query-input":{"@type":"PropertyValueSpecification","valueRequired":true,"valueName":"search_term_string"}}],"inLanguage":"lv-LV"},{"@type":"Organization","@id":"https:\/\/awero.ee\/lv\/#organization","name":"Awero - S\u00fcdamega L\u00f5una Eestist","url":"https:\/\/awero.ee\/lv\/","logo":{"@type":"ImageObject","inLanguage":"lv-LV","@id":"https:\/\/awero.ee\/lv\/#\/schema\/logo\/image\/","url":"https:\/\/awero.ee\/wp-content\/uploads\/2024\/07\/aweroplaceholder.jpg","contentUrl":"https:\/\/awero.ee\/wp-content\/uploads\/2024\/07\/aweroplaceholder.jpg","width":1250,"height":834,"caption":"Awero - S\u00fcdamega L\u00f5una Eestist"},"image":{"@id":"https:\/\/awero.ee\/lv\/#\/schema\/logo\/image\/"}}]}},"_links":{"self":[{"href":"https:\/\/awero.ee\/lv\/wp-json\/wp\/v2\/product\/12249","targetHints":{"allow":["GET"]}}],"collection":[{"href":"https:\/\/awero.ee\/lv\/wp-json\/wp\/v2\/product"}],"about":[{"href":"https:\/\/awero.ee\/lv\/wp-json\/wp\/v2\/types\/product"}],"wp:featuredmedia":[{"embeddable":true,"href":"https:\/\/awero.ee\/lv\/wp-json\/wp\/v2\/media\/2712"}],"wp:attachment":[{"href":"https:\/\/awero.ee\/lv\/wp-json\/wp\/v2\/media?parent=12249"}],"wp:term":[{"taxonomy":"product_brand","embeddable":true,"href":"https:\/\/awero.ee\/lv\/wp-json\/wp\/v2\/product_brand?post=12249"},{"taxonomy":"product_cat","embeddable":true,"href":"https:\/\/awero.ee\/lv\/wp-json\/wp\/v2\/product_cat?post=12249"},{"taxonomy":"product_tag","embeddable":true,"href":"https:\/\/awero.ee\/lv\/wp-json\/wp\/v2\/product_tag?post=12249"}],"curies":[{"name":"wp","href":"https:\/\/api.w.org\/{rel}","templated":true}]}}