{"id":12147,"date":"2025-04-01T09:47:01","date_gmt":"2025-04-01T09:47:01","guid":{"rendered":"https:\/\/awero.ee\/toode\/kubls-delux-220-ar-integreto-krasninu\/"},"modified":"2026-03-10T07:59:09","modified_gmt":"2026-03-10T07:59:09","slug":"kubls-delux-220-ar-integreto-krasninu","status":"publish","type":"product","link":"https:\/\/awero.ee\/lv\/toode\/kubls-delux-220-ar-integreto-krasninu\/","title":{"rendered":"Kubls DeLux 220 ar integr\u0113to kr\u0101sni\u0146u"},"content":{"rendered":"<div class=\"container single-product-description-text\">\n<p>Kublu par \u012bpa\u0161u padara t\u0101 ergonomisk\u0101 un viegli kopjam\u0101 <strong>stikla \u0161\u0137iedras <\/strong>\u010daula, luksusa l\u012bme\u0146a termiski apstr\u0101d\u0101t\u0101 koka apdare un no kvalitat\u012bva <strong>(AISI 304)<\/strong> t\u0113rauda integr\u0113t\u0101 kr\u0101sni\u0146a. Kubl\u0101 eso\u0161\u0101 \u016bdens uzsild\u012b\u0161ana prasa maz\u0101k laika un malkas, t\u0101p\u0113c baud\u012bt kubla sniegto harmoniju un pat\u012bkamos mirk\u013cus var\u0113siet s\u0101kt \u0101tr\u0101k. <\/p>\n<p><strong>Komplekt\u0101cij\u0101:<\/strong><\/p>\n<ul>\n<li>integr\u0113ta ner\u016bs\u0113jo\u0161\u0101 t\u0113rauda kr\u0101sni\u0146a (30 kW)<\/li>\n<li>2 m d\u016bmvads ar aizsargre\u017e\u0123i un d\u016bmvada v\u0101ci\u0146u<\/li>\n<li>termokoka \u0101r\u0113jais apvalks (apstr\u0101d\u0101ts ar koksnes aizsargl\u012bdzekli)<\/li>\n<li>divda\u013c\u012bgs apa\u013c\u0161 pak\u0101piens<\/li>\n<li>ergonomiska stikla \u0161\u0137iedras \u010daula (kr\u0101su iesp\u0113jas: pel\u0113ka, balta, zila).<\/li>\n<\/ul>\n<p>Kubla komplekt\u0101ciju iesp\u0113jams papildin\u0101t ar pla\u0161u <strong><a href=\"http:\/\/tootekategooria\/lisavarustus\/\">papildu apr\u012bkojumu<\/a><\/strong>: LED apgaismojumu (RGB), burbu\u013cu sist\u0113mu, digit\u0101lo \u016bdens termometru, stereo sist\u0113mu, gl\u0101\u017eu tur\u0113t\u0101ju, filtru sist\u0113mu, stikla \u0161\u0137iedras v\u0101ku, izol\u0113tu termov\u0101ku un betona pamatni.<\/p>\n<\/div>\n","protected":false},"excerpt":{"rendered":"<p><strong>DeLux 220 <\/strong>kubls ar <strong>AISI 304 integr\u0113to kr\u0101sni\u0146u<\/strong> ir kvalitat\u012bvs un l\u012bdz deta\u013c\u0101m p\u0101rdom\u0101ts liel\u0101ks un ietilp\u012bg\u0101ks m\u0101jas spa, kas lietojams visu gadu, turkl\u0101t tas ir viegli kopjams. Kubla komplekt\u0101cijai iesp\u0113jams pievienot da\u017e\u0101du papildu apr\u012bkojumu. <\/p>\n","protected":false},"featured_media":12157,"template":"","meta":{"_acf_changed":false},"product_brand":[],"product_cat":[1620,1623],"product_tag":[],"class_list":{"0":"post-12147","1":"product","2":"type-product","3":"status-publish","4":"has-post-thumbnail","6":"product_cat-kubli","7":"product_cat-ar-integreto-krasninu","9":"first","10":"instock","11":"sale","12":"shipping-taxable","13":"product-type-variable"},"acf":[],"yoast_head":"<!-- This site is optimized with the Yoast SEO plugin v26.8 - https:\/\/yoast.com\/product\/yoast-seo-wordpress\/ -->\n<title>Kubls DeLux 220 ar integr\u0113to kr\u0101sni\u0146u - Awero - S\u00fcdamega L\u00f5una-Eestist<\/title>\n<meta name=\"robots\" content=\"index, follow, max-snippet:-1, max-image-preview:large, max-video-preview:-1\" \/>\n<link rel=\"canonical\" href=\"https:\/\/awero.ee\/lv\/toode\/kubls-delux-220-ar-integreto-krasninu\/\" \/>\n<meta property=\"og:locale\" content=\"lv_LV\" \/>\n<meta property=\"og:type\" content=\"article\" \/>\n<meta property=\"og:title\" content=\"Kubls DeLux 220 ar integr\u0113to kr\u0101sni\u0146u - Awero - S\u00fcdamega L\u00f5una-Eestist\" \/>\n<meta property=\"og:description\" content=\"DeLux 220 kubls ar AISI 304 integr\u0113to kr\u0101sni\u0146u ir kvalitat\u012bvs un l\u012bdz deta\u013c\u0101m p\u0101rdom\u0101ts liel\u0101ks un ietilp\u012bg\u0101ks m\u0101jas spa, kas lietojams visu gadu, turkl\u0101t tas ir viegli kopjams. Kubla komplekt\u0101cijai iesp\u0113jams pievienot da\u017e\u0101du papildu apr\u012bkojumu.\" \/>\n<meta property=\"og:url\" content=\"https:\/\/awero.ee\/lv\/toode\/kubls-delux-220-ar-integreto-krasninu\/\" \/>\n<meta property=\"og:site_name\" content=\"Awero - S\u00fcdamega L\u00f5una-Eestist\" \/>\n<meta property=\"article:modified_time\" content=\"2026-03-10T07:59:09+00:00\" \/>\n<meta property=\"og:image\" content=\"https:\/\/awero.ee\/wp-content\/uploads\/2025\/04\/taust-scaled.jpg\" \/>\n\t<meta property=\"og:image:width\" content=\"2560\" \/>\n\t<meta property=\"og:image:height\" content=\"1840\" \/>\n\t<meta property=\"og:image:type\" content=\"image\/jpeg\" \/>\n<meta name=\"twitter:card\" content=\"summary_large_image\" \/>\n<meta name=\"twitter:label1\" content=\"Est. reading time\" \/>\n\t<meta name=\"twitter:data1\" content=\"1 minute\" \/>\n<script type=\"application\/ld+json\" class=\"yoast-schema-graph\">{\"@context\":\"https:\/\/schema.org\",\"@graph\":[{\"@type\":\"WebPage\",\"@id\":\"https:\/\/awero.ee\/lv\/toode\/kubls-delux-220-ar-integreto-krasninu\/\",\"url\":\"https:\/\/awero.ee\/lv\/toode\/kubls-delux-220-ar-integreto-krasninu\/\",\"name\":\"Kubls DeLux 220 ar integr\u0113to kr\u0101sni\u0146u - Awero - S\u00fcdamega L\u00f5una-Eestist\",\"isPartOf\":{\"@id\":\"https:\/\/awero.ee\/lv\/#website\"},\"primaryImageOfPage\":{\"@id\":\"https:\/\/awero.ee\/lv\/toode\/kubls-delux-220-ar-integreto-krasninu\/#primaryimage\"},\"image\":{\"@id\":\"https:\/\/awero.ee\/lv\/toode\/kubls-delux-220-ar-integreto-krasninu\/#primaryimage\"},\"thumbnailUrl\":\"https:\/\/awero.ee\/wp-content\/uploads\/2025\/04\/taust-scaled.jpg\",\"datePublished\":\"2025-04-01T09:47:01+00:00\",\"dateModified\":\"2026-03-10T07:59:09+00:00\",\"breadcrumb\":{\"@id\":\"https:\/\/awero.ee\/lv\/toode\/kubls-delux-220-ar-integreto-krasninu\/#breadcrumb\"},\"inLanguage\":\"lv-LV\",\"potentialAction\":[{\"@type\":\"ReadAction\",\"target\":[\"https:\/\/awero.ee\/lv\/toode\/kubls-delux-220-ar-integreto-krasninu\/\"]}]},{\"@type\":\"ImageObject\",\"inLanguage\":\"lv-LV\",\"@id\":\"https:\/\/awero.ee\/lv\/toode\/kubls-delux-220-ar-integreto-krasninu\/#primaryimage\",\"url\":\"https:\/\/awero.ee\/wp-content\/uploads\/2025\/04\/taust-scaled.jpg\",\"contentUrl\":\"https:\/\/awero.ee\/wp-content\/uploads\/2025\/04\/taust-scaled.jpg\",\"width\":2560,\"height\":1840},{\"@type\":\"BreadcrumbList\",\"@id\":\"https:\/\/awero.ee\/lv\/toode\/kubls-delux-220-ar-integreto-krasninu\/#breadcrumb\",\"itemListElement\":[{\"@type\":\"ListItem\",\"position\":1,\"name\":\"Home\",\"item\":\"https:\/\/awero.ee\/lv\/sakums\/\"},{\"@type\":\"ListItem\",\"position\":2,\"name\":\"Veikals\",\"item\":\"https:\/\/awero.ee\/lv\/veikals\/\"},{\"@type\":\"ListItem\",\"position\":3,\"name\":\"Kubls DeLux 220 ar integr\u0113to kr\u0101sni\u0146u\"}]},{\"@type\":\"WebSite\",\"@id\":\"https:\/\/awero.ee\/lv\/#website\",\"url\":\"https:\/\/awero.ee\/lv\/\",\"name\":\"Awero - S\u00fcdamega L\u00f5una Eestist\",\"description\":\"\",\"publisher\":{\"@id\":\"https:\/\/awero.ee\/lv\/#organization\"},\"potentialAction\":[{\"@type\":\"SearchAction\",\"target\":{\"@type\":\"EntryPoint\",\"urlTemplate\":\"https:\/\/awero.ee\/lv\/?s={search_term_string}\"},\"query-input\":{\"@type\":\"PropertyValueSpecification\",\"valueRequired\":true,\"valueName\":\"search_term_string\"}}],\"inLanguage\":\"lv-LV\"},{\"@type\":\"Organization\",\"@id\":\"https:\/\/awero.ee\/lv\/#organization\",\"name\":\"Awero - S\u00fcdamega L\u00f5una Eestist\",\"url\":\"https:\/\/awero.ee\/lv\/\",\"logo\":{\"@type\":\"ImageObject\",\"inLanguage\":\"lv-LV\",\"@id\":\"https:\/\/awero.ee\/lv\/#\/schema\/logo\/image\/\",\"url\":\"https:\/\/awero.ee\/wp-content\/uploads\/2024\/07\/aweroplaceholder.jpg\",\"contentUrl\":\"https:\/\/awero.ee\/wp-content\/uploads\/2024\/07\/aweroplaceholder.jpg\",\"width\":1250,\"height\":834,\"caption\":\"Awero - S\u00fcdamega L\u00f5una Eestist\"},\"image\":{\"@id\":\"https:\/\/awero.ee\/lv\/#\/schema\/logo\/image\/\"}}]}<\/script>\n<!-- \/ Yoast SEO plugin. -->","yoast_head_json":{"title":"Kubls DeLux 220 ar integr\u0113to kr\u0101sni\u0146u - Awero - S\u00fcdamega L\u00f5una-Eestist","robots":{"index":"index","follow":"follow","max-snippet":"max-snippet:-1","max-image-preview":"max-image-preview:large","max-video-preview":"max-video-preview:-1"},"canonical":"https:\/\/awero.ee\/lv\/toode\/kubls-delux-220-ar-integreto-krasninu\/","og_locale":"lv_LV","og_type":"article","og_title":"Kubls DeLux 220 ar integr\u0113to kr\u0101sni\u0146u - Awero - S\u00fcdamega L\u00f5una-Eestist","og_description":"DeLux 220 kubls ar AISI 304 integr\u0113to kr\u0101sni\u0146u ir kvalitat\u012bvs un l\u012bdz deta\u013c\u0101m p\u0101rdom\u0101ts liel\u0101ks un ietilp\u012bg\u0101ks m\u0101jas spa, kas lietojams visu gadu, turkl\u0101t tas ir viegli kopjams. Kubla komplekt\u0101cijai iesp\u0113jams pievienot da\u017e\u0101du papildu apr\u012bkojumu.","og_url":"https:\/\/awero.ee\/lv\/toode\/kubls-delux-220-ar-integreto-krasninu\/","og_site_name":"Awero - S\u00fcdamega L\u00f5una-Eestist","article_modified_time":"2026-03-10T07:59:09+00:00","og_image":[{"width":2560,"height":1840,"url":"https:\/\/awero.ee\/wp-content\/uploads\/2025\/04\/taust-scaled.jpg","type":"image\/jpeg"}],"twitter_card":"summary_large_image","twitter_misc":{"Est. reading time":"1 minute"},"schema":{"@context":"https:\/\/schema.org","@graph":[{"@type":"WebPage","@id":"https:\/\/awero.ee\/lv\/toode\/kubls-delux-220-ar-integreto-krasninu\/","url":"https:\/\/awero.ee\/lv\/toode\/kubls-delux-220-ar-integreto-krasninu\/","name":"Kubls DeLux 220 ar integr\u0113to kr\u0101sni\u0146u - Awero - S\u00fcdamega L\u00f5una-Eestist","isPartOf":{"@id":"https:\/\/awero.ee\/lv\/#website"},"primaryImageOfPage":{"@id":"https:\/\/awero.ee\/lv\/toode\/kubls-delux-220-ar-integreto-krasninu\/#primaryimage"},"image":{"@id":"https:\/\/awero.ee\/lv\/toode\/kubls-delux-220-ar-integreto-krasninu\/#primaryimage"},"thumbnailUrl":"https:\/\/awero.ee\/wp-content\/uploads\/2025\/04\/taust-scaled.jpg","datePublished":"2025-04-01T09:47:01+00:00","dateModified":"2026-03-10T07:59:09+00:00","breadcrumb":{"@id":"https:\/\/awero.ee\/lv\/toode\/kubls-delux-220-ar-integreto-krasninu\/#breadcrumb"},"inLanguage":"lv-LV","potentialAction":[{"@type":"ReadAction","target":["https:\/\/awero.ee\/lv\/toode\/kubls-delux-220-ar-integreto-krasninu\/"]}]},{"@type":"ImageObject","inLanguage":"lv-LV","@id":"https:\/\/awero.ee\/lv\/toode\/kubls-delux-220-ar-integreto-krasninu\/#primaryimage","url":"https:\/\/awero.ee\/wp-content\/uploads\/2025\/04\/taust-scaled.jpg","contentUrl":"https:\/\/awero.ee\/wp-content\/uploads\/2025\/04\/taust-scaled.jpg","width":2560,"height":1840},{"@type":"BreadcrumbList","@id":"https:\/\/awero.ee\/lv\/toode\/kubls-delux-220-ar-integreto-krasninu\/#breadcrumb","itemListElement":[{"@type":"ListItem","position":1,"name":"Home","item":"https:\/\/awero.ee\/lv\/sakums\/"},{"@type":"ListItem","position":2,"name":"Veikals","item":"https:\/\/awero.ee\/lv\/veikals\/"},{"@type":"ListItem","position":3,"name":"Kubls DeLux 220 ar integr\u0113to kr\u0101sni\u0146u"}]},{"@type":"WebSite","@id":"https:\/\/awero.ee\/lv\/#website","url":"https:\/\/awero.ee\/lv\/","name":"Awero - S\u00fcdamega L\u00f5una Eestist","description":"","publisher":{"@id":"https:\/\/awero.ee\/lv\/#organization"},"potentialAction":[{"@type":"SearchAction","target":{"@type":"EntryPoint","urlTemplate":"https:\/\/awero.ee\/lv\/?s={search_term_string}"},"query-input":{"@type":"PropertyValueSpecification","valueRequired":true,"valueName":"search_term_string"}}],"inLanguage":"lv-LV"},{"@type":"Organization","@id":"https:\/\/awero.ee\/lv\/#organization","name":"Awero - S\u00fcdamega L\u00f5una Eestist","url":"https:\/\/awero.ee\/lv\/","logo":{"@type":"ImageObject","inLanguage":"lv-LV","@id":"https:\/\/awero.ee\/lv\/#\/schema\/logo\/image\/","url":"https:\/\/awero.ee\/wp-content\/uploads\/2024\/07\/aweroplaceholder.jpg","contentUrl":"https:\/\/awero.ee\/wp-content\/uploads\/2024\/07\/aweroplaceholder.jpg","width":1250,"height":834,"caption":"Awero - S\u00fcdamega L\u00f5una Eestist"},"image":{"@id":"https:\/\/awero.ee\/lv\/#\/schema\/logo\/image\/"}}]}},"_links":{"self":[{"href":"https:\/\/awero.ee\/lv\/wp-json\/wp\/v2\/product\/12147","targetHints":{"allow":["GET"]}}],"collection":[{"href":"https:\/\/awero.ee\/lv\/wp-json\/wp\/v2\/product"}],"about":[{"href":"https:\/\/awero.ee\/lv\/wp-json\/wp\/v2\/types\/product"}],"wp:featuredmedia":[{"embeddable":true,"href":"https:\/\/awero.ee\/lv\/wp-json\/wp\/v2\/media\/12157"}],"wp:attachment":[{"href":"https:\/\/awero.ee\/lv\/wp-json\/wp\/v2\/media?parent=12147"}],"wp:term":[{"taxonomy":"product_brand","embeddable":true,"href":"https:\/\/awero.ee\/lv\/wp-json\/wp\/v2\/product_brand?post=12147"},{"taxonomy":"product_cat","embeddable":true,"href":"https:\/\/awero.ee\/lv\/wp-json\/wp\/v2\/product_cat?post=12147"},{"taxonomy":"product_tag","embeddable":true,"href":"https:\/\/awero.ee\/lv\/wp-json\/wp\/v2\/product_tag?post=12147"}],"curies":[{"name":"wp","href":"https:\/\/api.w.org\/{rel}","templated":true}]}}