{"id":11988,"date":"2025-02-19T09:10:34","date_gmt":"2025-02-19T09:10:34","guid":{"rendered":"https:\/\/awero.ee\/toode\/ofuro-aukstais-kubls\/"},"modified":"2026-04-01T12:32:21","modified_gmt":"2026-04-01T12:32:21","slug":"ofuro-aukstais-kubls","status":"publish","type":"product","link":"https:\/\/awero.ee\/lv\/toode\/ofuro-aukstais-kubls\/","title":{"rendered":"Ofuro aukstais kubls"},"content":{"rendered":"<div class=\"container single-product-description-text\">\n<div class=\"container single-product-description-text\">\n<p><strong>Komplekt\u0101cij\u0101:<\/strong><\/p>\n<ul>\n<li><strong>stikla \u0161\u0137iedras <\/strong>\u010daula (kr\u0101su iesp\u0113jas: pel\u0113ka, balta, melna, gai\u0161i zila, zila)<\/li>\n<li>termokoka \u0101r\u0113jais apvalks (apstr\u0101d\u0101ts ar koksnes aizsargl\u012bdzekli)<\/li>\n<li>apa\u013c\u0161 pak\u0101piens (apstr\u0101d\u0101ts ar koksnes aizsargl\u012bdzekli).<\/li>\n<\/ul>\n<p>Papildus iesp\u0113jams pas\u016bt\u012bt izol\u0113tu p\u0101rsegu un \u016bdens dzes\u0113t\u0101ju-sild\u012bt\u0101ju, kas auksto kublu \u013cauj izmantot gan aukstuma, gan siltuma terapijai. T\u0101pat kublu iesp\u0113jams no \u0101rpuses izol\u0113t ar PUR put\u0101m, lai nodro\u0161in\u0101tu l\u0113n\u0101kas \u016bdens temperat\u016bras izmai\u0146as. K\u0101 papildu apr\u012bkojums ir pieejams ar\u012b LED apgaismojums un termometrs.<\/p>\n<p>Komplekt\u0101 nav iek\u013cauts termokoka v\u0101ks dzes\u0113\u0161anas ier\u012bcei<\/p>\n<\/div>\n<\/div>\n","protected":false},"excerpt":{"rendered":"<p>M\u016bsu produktu kl\u0101sts ir papildin\u0101ts ar jauno auksto <strong>kublu Ofuro IceTub,<\/strong> kas piem\u0113rots r\u016bdo\u0161ai peldei un paredz\u0113ts div\u0101m person\u0101m. Aukstajam kublam ir viegli kopjama<strong> stikla \u0161\u0137iedras<\/strong> \u010daula, ergonomisks s\u0113deklis, ov\u0101la forma un iztur\u012bga termokoka apdare.<\/p>\n","protected":false},"featured_media":11990,"template":"","meta":{"_acf_changed":false},"product_brand":[],"product_cat":[1620,1624],"product_tag":[],"class_list":{"0":"post-11988","1":"product","2":"type-product","3":"status-publish","4":"has-post-thumbnail","6":"product_cat-kubli","7":"product_cat-aukstie-kubli","9":"first","10":"instock","11":"sale","12":"shipping-taxable","13":"product-type-variable"},"acf":[],"yoast_head":"<!-- This site is optimized with the Yoast SEO plugin v26.8 - https:\/\/yoast.com\/product\/yoast-seo-wordpress\/ -->\n<title>Ofuro aukstais kubls - Awero - S\u00fcdamega L\u00f5una-Eestist<\/title>\n<meta name=\"robots\" content=\"index, follow, max-snippet:-1, max-image-preview:large, max-video-preview:-1\" \/>\n<link rel=\"canonical\" href=\"https:\/\/awero.ee\/lv\/toode\/ofuro-aukstais-kubls\/\" \/>\n<meta property=\"og:locale\" content=\"lv_LV\" \/>\n<meta property=\"og:type\" content=\"article\" \/>\n<meta property=\"og:title\" content=\"Ofuro aukstais kubls - Awero - S\u00fcdamega L\u00f5una-Eestist\" \/>\n<meta property=\"og:description\" content=\"M\u016bsu produktu kl\u0101sts ir papildin\u0101ts ar jauno auksto kublu Ofuro IceTub, kas piem\u0113rots r\u016bdo\u0161ai peldei un paredz\u0113ts div\u0101m person\u0101m. Aukstajam kublam ir viegli kopjama stikla \u0161\u0137iedras \u010daula, ergonomisks s\u0113deklis, ov\u0101la forma un iztur\u012bga termokoka apdare.\" \/>\n<meta property=\"og:url\" content=\"https:\/\/awero.ee\/lv\/toode\/ofuro-aukstais-kubls\/\" \/>\n<meta property=\"og:site_name\" content=\"Awero - S\u00fcdamega L\u00f5una-Eestist\" \/>\n<meta property=\"article:modified_time\" content=\"2026-04-01T12:32:21+00:00\" \/>\n<meta property=\"og:image\" content=\"https:\/\/awero.ee\/wp-content\/uploads\/2025\/02\/Ofuro-termo-chiller.jpg\" \/>\n\t<meta property=\"og:image:width\" content=\"2500\" \/>\n\t<meta property=\"og:image:height\" content=\"1667\" \/>\n\t<meta property=\"og:image:type\" content=\"image\/jpeg\" \/>\n<meta name=\"twitter:card\" content=\"summary_large_image\" \/>\n<meta name=\"twitter:label1\" content=\"Est. reading time\" \/>\n\t<meta name=\"twitter:data1\" content=\"1 minute\" \/>\n<script type=\"application\/ld+json\" class=\"yoast-schema-graph\">{\"@context\":\"https:\/\/schema.org\",\"@graph\":[{\"@type\":\"WebPage\",\"@id\":\"https:\/\/awero.ee\/lv\/toode\/ofuro-aukstais-kubls\/\",\"url\":\"https:\/\/awero.ee\/lv\/toode\/ofuro-aukstais-kubls\/\",\"name\":\"Ofuro aukstais kubls - Awero - S\u00fcdamega L\u00f5una-Eestist\",\"isPartOf\":{\"@id\":\"https:\/\/awero.ee\/lv\/#website\"},\"primaryImageOfPage\":{\"@id\":\"https:\/\/awero.ee\/lv\/toode\/ofuro-aukstais-kubls\/#primaryimage\"},\"image\":{\"@id\":\"https:\/\/awero.ee\/lv\/toode\/ofuro-aukstais-kubls\/#primaryimage\"},\"thumbnailUrl\":\"https:\/\/awero.ee\/wp-content\/uploads\/2025\/02\/Ofuro-termo-chiller.jpg\",\"datePublished\":\"2025-02-19T09:10:34+00:00\",\"dateModified\":\"2026-04-01T12:32:21+00:00\",\"breadcrumb\":{\"@id\":\"https:\/\/awero.ee\/lv\/toode\/ofuro-aukstais-kubls\/#breadcrumb\"},\"inLanguage\":\"lv-LV\",\"potentialAction\":[{\"@type\":\"ReadAction\",\"target\":[\"https:\/\/awero.ee\/lv\/toode\/ofuro-aukstais-kubls\/\"]}]},{\"@type\":\"ImageObject\",\"inLanguage\":\"lv-LV\",\"@id\":\"https:\/\/awero.ee\/lv\/toode\/ofuro-aukstais-kubls\/#primaryimage\",\"url\":\"https:\/\/awero.ee\/wp-content\/uploads\/2025\/02\/Ofuro-termo-chiller.jpg\",\"contentUrl\":\"https:\/\/awero.ee\/wp-content\/uploads\/2025\/02\/Ofuro-termo-chiller.jpg\",\"width\":2500,\"height\":1667},{\"@type\":\"BreadcrumbList\",\"@id\":\"https:\/\/awero.ee\/lv\/toode\/ofuro-aukstais-kubls\/#breadcrumb\",\"itemListElement\":[{\"@type\":\"ListItem\",\"position\":1,\"name\":\"Home\",\"item\":\"https:\/\/awero.ee\/lv\/sakums\/\"},{\"@type\":\"ListItem\",\"position\":2,\"name\":\"Veikals\",\"item\":\"https:\/\/awero.ee\/lv\/veikals\/\"},{\"@type\":\"ListItem\",\"position\":3,\"name\":\"Ofuro aukstais kubls\"}]},{\"@type\":\"WebSite\",\"@id\":\"https:\/\/awero.ee\/lv\/#website\",\"url\":\"https:\/\/awero.ee\/lv\/\",\"name\":\"Awero - S\u00fcdamega L\u00f5una Eestist\",\"description\":\"\",\"publisher\":{\"@id\":\"https:\/\/awero.ee\/lv\/#organization\"},\"potentialAction\":[{\"@type\":\"SearchAction\",\"target\":{\"@type\":\"EntryPoint\",\"urlTemplate\":\"https:\/\/awero.ee\/lv\/?s={search_term_string}\"},\"query-input\":{\"@type\":\"PropertyValueSpecification\",\"valueRequired\":true,\"valueName\":\"search_term_string\"}}],\"inLanguage\":\"lv-LV\"},{\"@type\":\"Organization\",\"@id\":\"https:\/\/awero.ee\/lv\/#organization\",\"name\":\"Awero - S\u00fcdamega L\u00f5una Eestist\",\"url\":\"https:\/\/awero.ee\/lv\/\",\"logo\":{\"@type\":\"ImageObject\",\"inLanguage\":\"lv-LV\",\"@id\":\"https:\/\/awero.ee\/lv\/#\/schema\/logo\/image\/\",\"url\":\"https:\/\/awero.ee\/wp-content\/uploads\/2024\/07\/aweroplaceholder.jpg\",\"contentUrl\":\"https:\/\/awero.ee\/wp-content\/uploads\/2024\/07\/aweroplaceholder.jpg\",\"width\":1250,\"height\":834,\"caption\":\"Awero - S\u00fcdamega L\u00f5una Eestist\"},\"image\":{\"@id\":\"https:\/\/awero.ee\/lv\/#\/schema\/logo\/image\/\"}}]}<\/script>\n<!-- \/ Yoast SEO plugin. -->","yoast_head_json":{"title":"Ofuro aukstais kubls - Awero - S\u00fcdamega L\u00f5una-Eestist","robots":{"index":"index","follow":"follow","max-snippet":"max-snippet:-1","max-image-preview":"max-image-preview:large","max-video-preview":"max-video-preview:-1"},"canonical":"https:\/\/awero.ee\/lv\/toode\/ofuro-aukstais-kubls\/","og_locale":"lv_LV","og_type":"article","og_title":"Ofuro aukstais kubls - Awero - S\u00fcdamega L\u00f5una-Eestist","og_description":"M\u016bsu produktu kl\u0101sts ir papildin\u0101ts ar jauno auksto kublu Ofuro IceTub, kas piem\u0113rots r\u016bdo\u0161ai peldei un paredz\u0113ts div\u0101m person\u0101m. Aukstajam kublam ir viegli kopjama stikla \u0161\u0137iedras \u010daula, ergonomisks s\u0113deklis, ov\u0101la forma un iztur\u012bga termokoka apdare.","og_url":"https:\/\/awero.ee\/lv\/toode\/ofuro-aukstais-kubls\/","og_site_name":"Awero - S\u00fcdamega L\u00f5una-Eestist","article_modified_time":"2026-04-01T12:32:21+00:00","og_image":[{"width":2500,"height":1667,"url":"https:\/\/awero.ee\/wp-content\/uploads\/2025\/02\/Ofuro-termo-chiller.jpg","type":"image\/jpeg"}],"twitter_card":"summary_large_image","twitter_misc":{"Est. reading time":"1 minute"},"schema":{"@context":"https:\/\/schema.org","@graph":[{"@type":"WebPage","@id":"https:\/\/awero.ee\/lv\/toode\/ofuro-aukstais-kubls\/","url":"https:\/\/awero.ee\/lv\/toode\/ofuro-aukstais-kubls\/","name":"Ofuro aukstais kubls - Awero - S\u00fcdamega L\u00f5una-Eestist","isPartOf":{"@id":"https:\/\/awero.ee\/lv\/#website"},"primaryImageOfPage":{"@id":"https:\/\/awero.ee\/lv\/toode\/ofuro-aukstais-kubls\/#primaryimage"},"image":{"@id":"https:\/\/awero.ee\/lv\/toode\/ofuro-aukstais-kubls\/#primaryimage"},"thumbnailUrl":"https:\/\/awero.ee\/wp-content\/uploads\/2025\/02\/Ofuro-termo-chiller.jpg","datePublished":"2025-02-19T09:10:34+00:00","dateModified":"2026-04-01T12:32:21+00:00","breadcrumb":{"@id":"https:\/\/awero.ee\/lv\/toode\/ofuro-aukstais-kubls\/#breadcrumb"},"inLanguage":"lv-LV","potentialAction":[{"@type":"ReadAction","target":["https:\/\/awero.ee\/lv\/toode\/ofuro-aukstais-kubls\/"]}]},{"@type":"ImageObject","inLanguage":"lv-LV","@id":"https:\/\/awero.ee\/lv\/toode\/ofuro-aukstais-kubls\/#primaryimage","url":"https:\/\/awero.ee\/wp-content\/uploads\/2025\/02\/Ofuro-termo-chiller.jpg","contentUrl":"https:\/\/awero.ee\/wp-content\/uploads\/2025\/02\/Ofuro-termo-chiller.jpg","width":2500,"height":1667},{"@type":"BreadcrumbList","@id":"https:\/\/awero.ee\/lv\/toode\/ofuro-aukstais-kubls\/#breadcrumb","itemListElement":[{"@type":"ListItem","position":1,"name":"Home","item":"https:\/\/awero.ee\/lv\/sakums\/"},{"@type":"ListItem","position":2,"name":"Veikals","item":"https:\/\/awero.ee\/lv\/veikals\/"},{"@type":"ListItem","position":3,"name":"Ofuro aukstais kubls"}]},{"@type":"WebSite","@id":"https:\/\/awero.ee\/lv\/#website","url":"https:\/\/awero.ee\/lv\/","name":"Awero - S\u00fcdamega L\u00f5una Eestist","description":"","publisher":{"@id":"https:\/\/awero.ee\/lv\/#organization"},"potentialAction":[{"@type":"SearchAction","target":{"@type":"EntryPoint","urlTemplate":"https:\/\/awero.ee\/lv\/?s={search_term_string}"},"query-input":{"@type":"PropertyValueSpecification","valueRequired":true,"valueName":"search_term_string"}}],"inLanguage":"lv-LV"},{"@type":"Organization","@id":"https:\/\/awero.ee\/lv\/#organization","name":"Awero - S\u00fcdamega L\u00f5una Eestist","url":"https:\/\/awero.ee\/lv\/","logo":{"@type":"ImageObject","inLanguage":"lv-LV","@id":"https:\/\/awero.ee\/lv\/#\/schema\/logo\/image\/","url":"https:\/\/awero.ee\/wp-content\/uploads\/2024\/07\/aweroplaceholder.jpg","contentUrl":"https:\/\/awero.ee\/wp-content\/uploads\/2024\/07\/aweroplaceholder.jpg","width":1250,"height":834,"caption":"Awero - S\u00fcdamega L\u00f5una Eestist"},"image":{"@id":"https:\/\/awero.ee\/lv\/#\/schema\/logo\/image\/"}}]}},"_links":{"self":[{"href":"https:\/\/awero.ee\/lv\/wp-json\/wp\/v2\/product\/11988","targetHints":{"allow":["GET"]}}],"collection":[{"href":"https:\/\/awero.ee\/lv\/wp-json\/wp\/v2\/product"}],"about":[{"href":"https:\/\/awero.ee\/lv\/wp-json\/wp\/v2\/types\/product"}],"wp:featuredmedia":[{"embeddable":true,"href":"https:\/\/awero.ee\/lv\/wp-json\/wp\/v2\/media\/11990"}],"wp:attachment":[{"href":"https:\/\/awero.ee\/lv\/wp-json\/wp\/v2\/media?parent=11988"}],"wp:term":[{"taxonomy":"product_brand","embeddable":true,"href":"https:\/\/awero.ee\/lv\/wp-json\/wp\/v2\/product_brand?post=11988"},{"taxonomy":"product_cat","embeddable":true,"href":"https:\/\/awero.ee\/lv\/wp-json\/wp\/v2\/product_cat?post=11988"},{"taxonomy":"product_tag","embeddable":true,"href":"https:\/\/awero.ee\/lv\/wp-json\/wp\/v2\/product_tag?post=11988"}],"curies":[{"name":"wp","href":"https:\/\/api.w.org\/{rel}","templated":true}]}}