{"id":11648,"date":"2024-12-12T12:07:18","date_gmt":"2024-12-12T12:07:18","guid":{"rendered":"https:\/\/awero.ee\/toode\/kubla-siltinasana-ar-pur-putam\/"},"modified":"2026-04-01T12:32:24","modified_gmt":"2026-04-01T12:32:24","slug":"kubla-siltinasana-ar-pur-putam","status":"publish","type":"product","link":"https:\/\/awero.ee\/lv\/toode\/kubla-siltinasana-ar-pur-putam\/","title":{"rendered":"Kubla siltin\u0101\u0161ana ar PUR put\u0101m"},"content":{"rendered":"<p>Poliuret\u0101na putu izol\u0101cijas sl\u0101nis nodro\u0161ina ilgsto\u0161u siltuma saglab\u0101\u0161anu, pateicoties herm\u0113tiskajai izol\u0101cijai. Izol\u0101cijas risin\u0101jums \u016bdenim kubl\u0101 \u013cauj saglab\u0101ties siltam, t\u0101d\u0113j\u0101di nodro\u0161inot ilg\u0101ku un pat\u012bkam\u0101ku peldi. Pateicoties samazin\u0101tajiem siltuma zudumiem, samazin\u0101s ar\u012b kurin\u0101\u0161anas izmaksas un pelde k\u013c\u016bst videi  <\/p>\n<p>Ide\u0101li piem\u0113rots gan iek\u0161telp\u0101s, gan \u0101r\u0101.<\/p>\n","protected":false},"excerpt":{"rendered":"<p>J\u016bsu kubla poliuret\u0101na putu (PUR putu) izol\u0101cijas sl\u0101nis nodro\u0161in\u0101s vienk\u0101r\u0161u veidu, k\u0101 ilg\u0101k baud\u012bt relaks\u0113jo\u0161u peldi. Poliuret\u0101na putas pal\u012bdz uztur\u0113t \u016bdens temperat\u016bru un samazin\u0101t <br \/>ener\u0123ijas izmaksas. Laipni l\u016bdzam n\u0101kam\u0101s paaudzes kublu pasaul\u0113, kur satiekas siltums un komforts!  <\/p>\n","protected":false},"featured_media":11650,"template":"","meta":{"_acf_changed":false},"product_brand":[],"product_cat":[1617],"product_tag":[],"class_list":{"0":"post-11648","1":"product","2":"type-product","3":"status-publish","4":"has-post-thumbnail","6":"product_cat-papildaprikojums","8":"first","9":"instock","10":"shipping-taxable","11":"product-type-variable"},"acf":[],"yoast_head":"<!-- This site is optimized with the Yoast SEO plugin v26.8 - https:\/\/yoast.com\/product\/yoast-seo-wordpress\/ -->\n<title>Kubla siltin\u0101\u0161ana ar PUR put\u0101m - Awero - S\u00fcdamega L\u00f5una-Eestist<\/title>\n<meta name=\"robots\" content=\"index, follow, max-snippet:-1, max-image-preview:large, max-video-preview:-1\" \/>\n<link rel=\"canonical\" href=\"https:\/\/awero.ee\/lv\/toode\/kubla-siltinasana-ar-pur-putam\/\" \/>\n<meta property=\"og:locale\" content=\"lv_LV\" \/>\n<meta property=\"og:type\" content=\"article\" \/>\n<meta property=\"og:title\" content=\"Kubla siltin\u0101\u0161ana ar PUR put\u0101m - Awero - S\u00fcdamega L\u00f5una-Eestist\" \/>\n<meta property=\"og:description\" content=\"J\u016bsu kubla poliuret\u0101na putu (PUR putu) izol\u0101cijas sl\u0101nis nodro\u0161in\u0101s vienk\u0101r\u0161u veidu, k\u0101 ilg\u0101k baud\u012bt relaks\u0113jo\u0161u peldi. Poliuret\u0101na putas pal\u012bdz uztur\u0113t \u016bdens temperat\u016bru un samazin\u0101t ener\u0123ijas izmaksas. Laipni l\u016bdzam n\u0101kam\u0101s paaudzes kublu pasaul\u0113, kur satiekas siltums un komforts!\" \/>\n<meta property=\"og:url\" content=\"https:\/\/awero.ee\/lv\/toode\/kubla-siltinasana-ar-pur-putam\/\" \/>\n<meta property=\"og:site_name\" content=\"Awero - S\u00fcdamega L\u00f5una-Eestist\" \/>\n<meta property=\"article:modified_time\" content=\"2026-04-01T12:32:24+00:00\" \/>\n<meta property=\"og:image\" content=\"https:\/\/awero.ee\/wp-content\/uploads\/2024\/12\/PUR-vahuga-soojustamine.jpg\" \/>\n\t<meta property=\"og:image:width\" content=\"1600\" \/>\n\t<meta property=\"og:image:height\" content=\"1600\" \/>\n\t<meta property=\"og:image:type\" content=\"image\/jpeg\" \/>\n<meta name=\"twitter:card\" content=\"summary_large_image\" \/>\n<script type=\"application\/ld+json\" class=\"yoast-schema-graph\">{\"@context\":\"https:\/\/schema.org\",\"@graph\":[{\"@type\":\"WebPage\",\"@id\":\"https:\/\/awero.ee\/lv\/toode\/kubla-siltinasana-ar-pur-putam\/\",\"url\":\"https:\/\/awero.ee\/lv\/toode\/kubla-siltinasana-ar-pur-putam\/\",\"name\":\"Kubla siltin\u0101\u0161ana ar PUR put\u0101m - Awero - S\u00fcdamega L\u00f5una-Eestist\",\"isPartOf\":{\"@id\":\"https:\/\/awero.ee\/lv\/#website\"},\"primaryImageOfPage\":{\"@id\":\"https:\/\/awero.ee\/lv\/toode\/kubla-siltinasana-ar-pur-putam\/#primaryimage\"},\"image\":{\"@id\":\"https:\/\/awero.ee\/lv\/toode\/kubla-siltinasana-ar-pur-putam\/#primaryimage\"},\"thumbnailUrl\":\"https:\/\/awero.ee\/wp-content\/uploads\/2024\/12\/PUR-vahuga-soojustamine.jpg\",\"datePublished\":\"2024-12-12T12:07:18+00:00\",\"dateModified\":\"2026-04-01T12:32:24+00:00\",\"breadcrumb\":{\"@id\":\"https:\/\/awero.ee\/lv\/toode\/kubla-siltinasana-ar-pur-putam\/#breadcrumb\"},\"inLanguage\":\"lv-LV\",\"potentialAction\":[{\"@type\":\"ReadAction\",\"target\":[\"https:\/\/awero.ee\/lv\/toode\/kubla-siltinasana-ar-pur-putam\/\"]}]},{\"@type\":\"ImageObject\",\"inLanguage\":\"lv-LV\",\"@id\":\"https:\/\/awero.ee\/lv\/toode\/kubla-siltinasana-ar-pur-putam\/#primaryimage\",\"url\":\"https:\/\/awero.ee\/wp-content\/uploads\/2024\/12\/PUR-vahuga-soojustamine.jpg\",\"contentUrl\":\"https:\/\/awero.ee\/wp-content\/uploads\/2024\/12\/PUR-vahuga-soojustamine.jpg\",\"width\":1600,\"height\":1600},{\"@type\":\"BreadcrumbList\",\"@id\":\"https:\/\/awero.ee\/lv\/toode\/kubla-siltinasana-ar-pur-putam\/#breadcrumb\",\"itemListElement\":[{\"@type\":\"ListItem\",\"position\":1,\"name\":\"Home\",\"item\":\"https:\/\/awero.ee\/lv\/sakums\/\"},{\"@type\":\"ListItem\",\"position\":2,\"name\":\"Veikals\",\"item\":\"https:\/\/awero.ee\/lv\/veikals\/\"},{\"@type\":\"ListItem\",\"position\":3,\"name\":\"Kubla siltin\u0101\u0161ana ar PUR put\u0101m\"}]},{\"@type\":\"WebSite\",\"@id\":\"https:\/\/awero.ee\/lv\/#website\",\"url\":\"https:\/\/awero.ee\/lv\/\",\"name\":\"Awero - S\u00fcdamega L\u00f5una Eestist\",\"description\":\"\",\"publisher\":{\"@id\":\"https:\/\/awero.ee\/lv\/#organization\"},\"potentialAction\":[{\"@type\":\"SearchAction\",\"target\":{\"@type\":\"EntryPoint\",\"urlTemplate\":\"https:\/\/awero.ee\/lv\/?s={search_term_string}\"},\"query-input\":{\"@type\":\"PropertyValueSpecification\",\"valueRequired\":true,\"valueName\":\"search_term_string\"}}],\"inLanguage\":\"lv-LV\"},{\"@type\":\"Organization\",\"@id\":\"https:\/\/awero.ee\/lv\/#organization\",\"name\":\"Awero - S\u00fcdamega L\u00f5una Eestist\",\"url\":\"https:\/\/awero.ee\/lv\/\",\"logo\":{\"@type\":\"ImageObject\",\"inLanguage\":\"lv-LV\",\"@id\":\"https:\/\/awero.ee\/lv\/#\/schema\/logo\/image\/\",\"url\":\"https:\/\/awero.ee\/wp-content\/uploads\/2024\/07\/aweroplaceholder.jpg\",\"contentUrl\":\"https:\/\/awero.ee\/wp-content\/uploads\/2024\/07\/aweroplaceholder.jpg\",\"width\":1250,\"height\":834,\"caption\":\"Awero - S\u00fcdamega L\u00f5una Eestist\"},\"image\":{\"@id\":\"https:\/\/awero.ee\/lv\/#\/schema\/logo\/image\/\"}}]}<\/script>\n<!-- \/ Yoast SEO plugin. -->","yoast_head_json":{"title":"Kubla siltin\u0101\u0161ana ar PUR put\u0101m - Awero - S\u00fcdamega L\u00f5una-Eestist","robots":{"index":"index","follow":"follow","max-snippet":"max-snippet:-1","max-image-preview":"max-image-preview:large","max-video-preview":"max-video-preview:-1"},"canonical":"https:\/\/awero.ee\/lv\/toode\/kubla-siltinasana-ar-pur-putam\/","og_locale":"lv_LV","og_type":"article","og_title":"Kubla siltin\u0101\u0161ana ar PUR put\u0101m - Awero - S\u00fcdamega L\u00f5una-Eestist","og_description":"J\u016bsu kubla poliuret\u0101na putu (PUR putu) izol\u0101cijas sl\u0101nis nodro\u0161in\u0101s vienk\u0101r\u0161u veidu, k\u0101 ilg\u0101k baud\u012bt relaks\u0113jo\u0161u peldi. Poliuret\u0101na putas pal\u012bdz uztur\u0113t \u016bdens temperat\u016bru un samazin\u0101t ener\u0123ijas izmaksas. Laipni l\u016bdzam n\u0101kam\u0101s paaudzes kublu pasaul\u0113, kur satiekas siltums un komforts!","og_url":"https:\/\/awero.ee\/lv\/toode\/kubla-siltinasana-ar-pur-putam\/","og_site_name":"Awero - S\u00fcdamega L\u00f5una-Eestist","article_modified_time":"2026-04-01T12:32:24+00:00","og_image":[{"width":1600,"height":1600,"url":"https:\/\/awero.ee\/wp-content\/uploads\/2024\/12\/PUR-vahuga-soojustamine.jpg","type":"image\/jpeg"}],"twitter_card":"summary_large_image","schema":{"@context":"https:\/\/schema.org","@graph":[{"@type":"WebPage","@id":"https:\/\/awero.ee\/lv\/toode\/kubla-siltinasana-ar-pur-putam\/","url":"https:\/\/awero.ee\/lv\/toode\/kubla-siltinasana-ar-pur-putam\/","name":"Kubla siltin\u0101\u0161ana ar PUR put\u0101m - Awero - S\u00fcdamega L\u00f5una-Eestist","isPartOf":{"@id":"https:\/\/awero.ee\/lv\/#website"},"primaryImageOfPage":{"@id":"https:\/\/awero.ee\/lv\/toode\/kubla-siltinasana-ar-pur-putam\/#primaryimage"},"image":{"@id":"https:\/\/awero.ee\/lv\/toode\/kubla-siltinasana-ar-pur-putam\/#primaryimage"},"thumbnailUrl":"https:\/\/awero.ee\/wp-content\/uploads\/2024\/12\/PUR-vahuga-soojustamine.jpg","datePublished":"2024-12-12T12:07:18+00:00","dateModified":"2026-04-01T12:32:24+00:00","breadcrumb":{"@id":"https:\/\/awero.ee\/lv\/toode\/kubla-siltinasana-ar-pur-putam\/#breadcrumb"},"inLanguage":"lv-LV","potentialAction":[{"@type":"ReadAction","target":["https:\/\/awero.ee\/lv\/toode\/kubla-siltinasana-ar-pur-putam\/"]}]},{"@type":"ImageObject","inLanguage":"lv-LV","@id":"https:\/\/awero.ee\/lv\/toode\/kubla-siltinasana-ar-pur-putam\/#primaryimage","url":"https:\/\/awero.ee\/wp-content\/uploads\/2024\/12\/PUR-vahuga-soojustamine.jpg","contentUrl":"https:\/\/awero.ee\/wp-content\/uploads\/2024\/12\/PUR-vahuga-soojustamine.jpg","width":1600,"height":1600},{"@type":"BreadcrumbList","@id":"https:\/\/awero.ee\/lv\/toode\/kubla-siltinasana-ar-pur-putam\/#breadcrumb","itemListElement":[{"@type":"ListItem","position":1,"name":"Home","item":"https:\/\/awero.ee\/lv\/sakums\/"},{"@type":"ListItem","position":2,"name":"Veikals","item":"https:\/\/awero.ee\/lv\/veikals\/"},{"@type":"ListItem","position":3,"name":"Kubla siltin\u0101\u0161ana ar PUR put\u0101m"}]},{"@type":"WebSite","@id":"https:\/\/awero.ee\/lv\/#website","url":"https:\/\/awero.ee\/lv\/","name":"Awero - S\u00fcdamega L\u00f5una Eestist","description":"","publisher":{"@id":"https:\/\/awero.ee\/lv\/#organization"},"potentialAction":[{"@type":"SearchAction","target":{"@type":"EntryPoint","urlTemplate":"https:\/\/awero.ee\/lv\/?s={search_term_string}"},"query-input":{"@type":"PropertyValueSpecification","valueRequired":true,"valueName":"search_term_string"}}],"inLanguage":"lv-LV"},{"@type":"Organization","@id":"https:\/\/awero.ee\/lv\/#organization","name":"Awero - S\u00fcdamega L\u00f5una Eestist","url":"https:\/\/awero.ee\/lv\/","logo":{"@type":"ImageObject","inLanguage":"lv-LV","@id":"https:\/\/awero.ee\/lv\/#\/schema\/logo\/image\/","url":"https:\/\/awero.ee\/wp-content\/uploads\/2024\/07\/aweroplaceholder.jpg","contentUrl":"https:\/\/awero.ee\/wp-content\/uploads\/2024\/07\/aweroplaceholder.jpg","width":1250,"height":834,"caption":"Awero - S\u00fcdamega L\u00f5una Eestist"},"image":{"@id":"https:\/\/awero.ee\/lv\/#\/schema\/logo\/image\/"}}]}},"_links":{"self":[{"href":"https:\/\/awero.ee\/lv\/wp-json\/wp\/v2\/product\/11648","targetHints":{"allow":["GET"]}}],"collection":[{"href":"https:\/\/awero.ee\/lv\/wp-json\/wp\/v2\/product"}],"about":[{"href":"https:\/\/awero.ee\/lv\/wp-json\/wp\/v2\/types\/product"}],"wp:featuredmedia":[{"embeddable":true,"href":"https:\/\/awero.ee\/lv\/wp-json\/wp\/v2\/media\/11650"}],"wp:attachment":[{"href":"https:\/\/awero.ee\/lv\/wp-json\/wp\/v2\/media?parent=11648"}],"wp:term":[{"taxonomy":"product_brand","embeddable":true,"href":"https:\/\/awero.ee\/lv\/wp-json\/wp\/v2\/product_brand?post=11648"},{"taxonomy":"product_cat","embeddable":true,"href":"https:\/\/awero.ee\/lv\/wp-json\/wp\/v2\/product_cat?post=11648"},{"taxonomy":"product_tag","embeddable":true,"href":"https:\/\/awero.ee\/lv\/wp-json\/wp\/v2\/product_tag?post=11648"}],"curies":[{"name":"wp","href":"https:\/\/api.w.org\/{rel}","templated":true}]}}