{"id":11638,"date":"2024-12-12T12:06:56","date_gmt":"2024-12-12T12:06:56","guid":{"rendered":"https:\/\/awero.ee\/toode\/peldosais-termometrs-ar-bluetooth-savienojumu\/"},"modified":"2026-03-10T07:59:00","modified_gmt":"2026-03-10T07:59:00","slug":"peldosais-termometrs-ar-bluetooth-savienojumu","status":"publish","type":"product","link":"https:\/\/awero.ee\/lv\/toode\/peldosais-termometrs-ar-bluetooth-savienojumu\/","title":{"rendered":"Peldo\u0161ais termometrs ar Bluetooth savienojumu"},"content":{"rendered":"<div align=\"justify\">\n<p>Peldo\u0161ais termometrs ir ier\u012bce, kas peld \u016bden\u012b un ir savienojams ar mobilo t\u0101lruni, izmantojot<em> Bluetooth.<\/em> Ier\u012bce m\u0113ra re\u0101l\u0101 br\u012b\u017ea \u016bdens temperat\u016bru un par\u0101da maksim\u0101lo un minim\u0101lo temperat\u016bru, kas izm\u0113r\u012bta p\u0113d\u0113jo 24 stundu laik\u0101. Temperat\u016bras diapazons, ko ier\u012bce m\u0113ra, ir no \u201340 \u00b0C l\u012bdz 70 \u00b0C.  <\/p>\n<p>Termometrs ir kompakts un viegli lietojams, nodro\u0161inot prec\u012bzu un uzticamu temperat\u016bras inform\u0101ciju. Darbojas ar AAA baterij\u0101m (nav iek\u013cautas komplekt\u0101). <\/p>\n<p>NB! Pirms lieto\u0161anas p\u0101rliecinieties, vai ier\u012bce ir uzst\u0101d\u012bta un pievienota saska\u0146\u0101 ar ra\u017eot\u0101ja nor\u0101d\u012bjumiem. Turiet termometru t\u012bru un izvairieties no tie\u0161iem saules stariem, lai nodro\u0161in\u0101tu t\u0101 ilgu kalpo\u0161anas laiku. <\/p>\n<\/div>\n","protected":false},"excerpt":{"rendered":"<div align=\"justify\">\n<p data-start=\"213\" data-end=\"417\">Peldo\u0161ais termometrs ar Bluetooth savienojumu ir praktisks papildu piederums, kas padara \u016bdens temperat\u016bras uzraudz\u012bbu vienk\u0101r\u0161u un \u0113rtu gan no ier\u012bces, gan mobil\u0101s lietotnes. <\/p>\n<p data-start=\"419\" data-end=\"588\">Ier\u012bce ir \u016bdensiztur\u012bga un <strong data-start=\"428\" data-end=\"460\">notur\u012bga <\/strong>pret laikapst\u0101k\u013ciem, padarot to piem\u0113rotu lieto\u0161anai da\u017e\u0101dos laika apst\u0101k\u013cos. Vienk\u0101r\u0161ais un gudrais dizains nodro\u0161ina \u0101tru temperat\u016bras kontroli jebkur\u0101 laik\u0101. <\/p>\n<\/div>\n","protected":false},"featured_media":11646,"template":"","meta":{"_acf_changed":false},"product_brand":[],"product_cat":[1617],"product_tag":[],"class_list":{"0":"post-11638","1":"product","2":"type-product","3":"status-publish","4":"has-post-thumbnail","6":"product_cat-papildaprikojums","8":"first","9":"instock","10":"shipping-taxable","11":"product-type-simple"},"acf":[],"yoast_head":"<!-- This site is optimized with the Yoast SEO plugin v26.8 - https:\/\/yoast.com\/product\/yoast-seo-wordpress\/ -->\n<title>Peldo\u0161ais termometrs ar Bluetooth savienojumu - Awero - S\u00fcdamega L\u00f5una-Eestist<\/title>\n<meta name=\"robots\" content=\"index, follow, max-snippet:-1, max-image-preview:large, max-video-preview:-1\" \/>\n<link rel=\"canonical\" href=\"https:\/\/awero.ee\/lv\/toode\/peldosais-termometrs-ar-bluetooth-savienojumu\/\" \/>\n<meta property=\"og:locale\" content=\"lv_LV\" \/>\n<meta property=\"og:type\" content=\"article\" \/>\n<meta property=\"og:title\" content=\"Peldo\u0161ais termometrs ar Bluetooth savienojumu - Awero - S\u00fcdamega L\u00f5una-Eestist\" \/>\n<meta property=\"og:description\" content=\"Peldo\u0161ais termometrs ar Bluetooth savienojumu ir praktisks papildu piederums, kas padara \u016bdens temperat\u016bras uzraudz\u012bbu vienk\u0101r\u0161u un \u0113rtu gan no ier\u012bces, gan mobil\u0101s lietotnes. Ier\u012bce ir \u016bdensiztur\u012bga un notur\u012bga pret laikapst\u0101k\u013ciem, padarot to piem\u0113rotu lieto\u0161anai da\u017e\u0101dos laika apst\u0101k\u013cos. Vienk\u0101r\u0161ais un gudrais dizains nodro\u0161ina \u0101tru temperat\u016bras kontroli jebkur\u0101 laik\u0101.\" \/>\n<meta property=\"og:url\" content=\"https:\/\/awero.ee\/lv\/toode\/peldosais-termometrs-ar-bluetooth-savienojumu\/\" \/>\n<meta property=\"og:site_name\" content=\"Awero - S\u00fcdamega L\u00f5una-Eestist\" \/>\n<meta property=\"article:modified_time\" content=\"2026-03-10T07:59:00+00:00\" \/>\n<meta property=\"og:image\" content=\"https:\/\/awero.ee\/wp-content\/uploads\/2024\/12\/Ujuv-termomeeter-1.jpg\" \/>\n\t<meta property=\"og:image:width\" content=\"1172\" \/>\n\t<meta property=\"og:image:height\" content=\"1177\" \/>\n\t<meta property=\"og:image:type\" content=\"image\/jpeg\" \/>\n<meta name=\"twitter:card\" content=\"summary_large_image\" \/>\n<meta name=\"twitter:label1\" content=\"Est. reading time\" \/>\n\t<meta name=\"twitter:data1\" content=\"1 minute\" \/>\n<script type=\"application\/ld+json\" class=\"yoast-schema-graph\">{\"@context\":\"https:\/\/schema.org\",\"@graph\":[{\"@type\":\"WebPage\",\"@id\":\"https:\/\/awero.ee\/lv\/toode\/peldosais-termometrs-ar-bluetooth-savienojumu\/\",\"url\":\"https:\/\/awero.ee\/lv\/toode\/peldosais-termometrs-ar-bluetooth-savienojumu\/\",\"name\":\"Peldo\u0161ais termometrs ar Bluetooth savienojumu - Awero - S\u00fcdamega L\u00f5una-Eestist\",\"isPartOf\":{\"@id\":\"https:\/\/awero.ee\/lv\/#website\"},\"primaryImageOfPage\":{\"@id\":\"https:\/\/awero.ee\/lv\/toode\/peldosais-termometrs-ar-bluetooth-savienojumu\/#primaryimage\"},\"image\":{\"@id\":\"https:\/\/awero.ee\/lv\/toode\/peldosais-termometrs-ar-bluetooth-savienojumu\/#primaryimage\"},\"thumbnailUrl\":\"https:\/\/awero.ee\/wp-content\/uploads\/2024\/12\/Ujuv-termomeeter-1.jpg\",\"datePublished\":\"2024-12-12T12:06:56+00:00\",\"dateModified\":\"2026-03-10T07:59:00+00:00\",\"breadcrumb\":{\"@id\":\"https:\/\/awero.ee\/lv\/toode\/peldosais-termometrs-ar-bluetooth-savienojumu\/#breadcrumb\"},\"inLanguage\":\"lv-LV\",\"potentialAction\":[{\"@type\":\"ReadAction\",\"target\":[\"https:\/\/awero.ee\/lv\/toode\/peldosais-termometrs-ar-bluetooth-savienojumu\/\"]}]},{\"@type\":\"ImageObject\",\"inLanguage\":\"lv-LV\",\"@id\":\"https:\/\/awero.ee\/lv\/toode\/peldosais-termometrs-ar-bluetooth-savienojumu\/#primaryimage\",\"url\":\"https:\/\/awero.ee\/wp-content\/uploads\/2024\/12\/Ujuv-termomeeter-1.jpg\",\"contentUrl\":\"https:\/\/awero.ee\/wp-content\/uploads\/2024\/12\/Ujuv-termomeeter-1.jpg\",\"width\":1172,\"height\":1177},{\"@type\":\"BreadcrumbList\",\"@id\":\"https:\/\/awero.ee\/lv\/toode\/peldosais-termometrs-ar-bluetooth-savienojumu\/#breadcrumb\",\"itemListElement\":[{\"@type\":\"ListItem\",\"position\":1,\"name\":\"Home\",\"item\":\"https:\/\/awero.ee\/lv\/sakums\/\"},{\"@type\":\"ListItem\",\"position\":2,\"name\":\"Veikals\",\"item\":\"https:\/\/awero.ee\/lv\/veikals\/\"},{\"@type\":\"ListItem\",\"position\":3,\"name\":\"Peldo\u0161ais termometrs ar Bluetooth savienojumu\"}]},{\"@type\":\"WebSite\",\"@id\":\"https:\/\/awero.ee\/lv\/#website\",\"url\":\"https:\/\/awero.ee\/lv\/\",\"name\":\"Awero - S\u00fcdamega L\u00f5una Eestist\",\"description\":\"\",\"publisher\":{\"@id\":\"https:\/\/awero.ee\/lv\/#organization\"},\"potentialAction\":[{\"@type\":\"SearchAction\",\"target\":{\"@type\":\"EntryPoint\",\"urlTemplate\":\"https:\/\/awero.ee\/lv\/?s={search_term_string}\"},\"query-input\":{\"@type\":\"PropertyValueSpecification\",\"valueRequired\":true,\"valueName\":\"search_term_string\"}}],\"inLanguage\":\"lv-LV\"},{\"@type\":\"Organization\",\"@id\":\"https:\/\/awero.ee\/lv\/#organization\",\"name\":\"Awero - S\u00fcdamega L\u00f5una Eestist\",\"url\":\"https:\/\/awero.ee\/lv\/\",\"logo\":{\"@type\":\"ImageObject\",\"inLanguage\":\"lv-LV\",\"@id\":\"https:\/\/awero.ee\/lv\/#\/schema\/logo\/image\/\",\"url\":\"https:\/\/awero.ee\/wp-content\/uploads\/2024\/07\/aweroplaceholder.jpg\",\"contentUrl\":\"https:\/\/awero.ee\/wp-content\/uploads\/2024\/07\/aweroplaceholder.jpg\",\"width\":1250,\"height\":834,\"caption\":\"Awero - S\u00fcdamega L\u00f5una Eestist\"},\"image\":{\"@id\":\"https:\/\/awero.ee\/lv\/#\/schema\/logo\/image\/\"}}]}<\/script>\n<!-- \/ Yoast SEO plugin. -->","yoast_head_json":{"title":"Peldo\u0161ais termometrs ar Bluetooth savienojumu - Awero - S\u00fcdamega L\u00f5una-Eestist","robots":{"index":"index","follow":"follow","max-snippet":"max-snippet:-1","max-image-preview":"max-image-preview:large","max-video-preview":"max-video-preview:-1"},"canonical":"https:\/\/awero.ee\/lv\/toode\/peldosais-termometrs-ar-bluetooth-savienojumu\/","og_locale":"lv_LV","og_type":"article","og_title":"Peldo\u0161ais termometrs ar Bluetooth savienojumu - Awero - S\u00fcdamega L\u00f5una-Eestist","og_description":"Peldo\u0161ais termometrs ar Bluetooth savienojumu ir praktisks papildu piederums, kas padara \u016bdens temperat\u016bras uzraudz\u012bbu vienk\u0101r\u0161u un \u0113rtu gan no ier\u012bces, gan mobil\u0101s lietotnes. Ier\u012bce ir \u016bdensiztur\u012bga un notur\u012bga pret laikapst\u0101k\u013ciem, padarot to piem\u0113rotu lieto\u0161anai da\u017e\u0101dos laika apst\u0101k\u013cos. Vienk\u0101r\u0161ais un gudrais dizains nodro\u0161ina \u0101tru temperat\u016bras kontroli jebkur\u0101 laik\u0101.","og_url":"https:\/\/awero.ee\/lv\/toode\/peldosais-termometrs-ar-bluetooth-savienojumu\/","og_site_name":"Awero - S\u00fcdamega L\u00f5una-Eestist","article_modified_time":"2026-03-10T07:59:00+00:00","og_image":[{"width":1172,"height":1177,"url":"https:\/\/awero.ee\/wp-content\/uploads\/2024\/12\/Ujuv-termomeeter-1.jpg","type":"image\/jpeg"}],"twitter_card":"summary_large_image","twitter_misc":{"Est. reading time":"1 minute"},"schema":{"@context":"https:\/\/schema.org","@graph":[{"@type":"WebPage","@id":"https:\/\/awero.ee\/lv\/toode\/peldosais-termometrs-ar-bluetooth-savienojumu\/","url":"https:\/\/awero.ee\/lv\/toode\/peldosais-termometrs-ar-bluetooth-savienojumu\/","name":"Peldo\u0161ais termometrs ar Bluetooth savienojumu - Awero - S\u00fcdamega L\u00f5una-Eestist","isPartOf":{"@id":"https:\/\/awero.ee\/lv\/#website"},"primaryImageOfPage":{"@id":"https:\/\/awero.ee\/lv\/toode\/peldosais-termometrs-ar-bluetooth-savienojumu\/#primaryimage"},"image":{"@id":"https:\/\/awero.ee\/lv\/toode\/peldosais-termometrs-ar-bluetooth-savienojumu\/#primaryimage"},"thumbnailUrl":"https:\/\/awero.ee\/wp-content\/uploads\/2024\/12\/Ujuv-termomeeter-1.jpg","datePublished":"2024-12-12T12:06:56+00:00","dateModified":"2026-03-10T07:59:00+00:00","breadcrumb":{"@id":"https:\/\/awero.ee\/lv\/toode\/peldosais-termometrs-ar-bluetooth-savienojumu\/#breadcrumb"},"inLanguage":"lv-LV","potentialAction":[{"@type":"ReadAction","target":["https:\/\/awero.ee\/lv\/toode\/peldosais-termometrs-ar-bluetooth-savienojumu\/"]}]},{"@type":"ImageObject","inLanguage":"lv-LV","@id":"https:\/\/awero.ee\/lv\/toode\/peldosais-termometrs-ar-bluetooth-savienojumu\/#primaryimage","url":"https:\/\/awero.ee\/wp-content\/uploads\/2024\/12\/Ujuv-termomeeter-1.jpg","contentUrl":"https:\/\/awero.ee\/wp-content\/uploads\/2024\/12\/Ujuv-termomeeter-1.jpg","width":1172,"height":1177},{"@type":"BreadcrumbList","@id":"https:\/\/awero.ee\/lv\/toode\/peldosais-termometrs-ar-bluetooth-savienojumu\/#breadcrumb","itemListElement":[{"@type":"ListItem","position":1,"name":"Home","item":"https:\/\/awero.ee\/lv\/sakums\/"},{"@type":"ListItem","position":2,"name":"Veikals","item":"https:\/\/awero.ee\/lv\/veikals\/"},{"@type":"ListItem","position":3,"name":"Peldo\u0161ais termometrs ar Bluetooth savienojumu"}]},{"@type":"WebSite","@id":"https:\/\/awero.ee\/lv\/#website","url":"https:\/\/awero.ee\/lv\/","name":"Awero - S\u00fcdamega L\u00f5una Eestist","description":"","publisher":{"@id":"https:\/\/awero.ee\/lv\/#organization"},"potentialAction":[{"@type":"SearchAction","target":{"@type":"EntryPoint","urlTemplate":"https:\/\/awero.ee\/lv\/?s={search_term_string}"},"query-input":{"@type":"PropertyValueSpecification","valueRequired":true,"valueName":"search_term_string"}}],"inLanguage":"lv-LV"},{"@type":"Organization","@id":"https:\/\/awero.ee\/lv\/#organization","name":"Awero - S\u00fcdamega L\u00f5una Eestist","url":"https:\/\/awero.ee\/lv\/","logo":{"@type":"ImageObject","inLanguage":"lv-LV","@id":"https:\/\/awero.ee\/lv\/#\/schema\/logo\/image\/","url":"https:\/\/awero.ee\/wp-content\/uploads\/2024\/07\/aweroplaceholder.jpg","contentUrl":"https:\/\/awero.ee\/wp-content\/uploads\/2024\/07\/aweroplaceholder.jpg","width":1250,"height":834,"caption":"Awero - S\u00fcdamega L\u00f5una Eestist"},"image":{"@id":"https:\/\/awero.ee\/lv\/#\/schema\/logo\/image\/"}}]}},"_links":{"self":[{"href":"https:\/\/awero.ee\/lv\/wp-json\/wp\/v2\/product\/11638","targetHints":{"allow":["GET"]}}],"collection":[{"href":"https:\/\/awero.ee\/lv\/wp-json\/wp\/v2\/product"}],"about":[{"href":"https:\/\/awero.ee\/lv\/wp-json\/wp\/v2\/types\/product"}],"wp:featuredmedia":[{"embeddable":true,"href":"https:\/\/awero.ee\/lv\/wp-json\/wp\/v2\/media\/11646"}],"wp:attachment":[{"href":"https:\/\/awero.ee\/lv\/wp-json\/wp\/v2\/media?parent=11638"}],"wp:term":[{"taxonomy":"product_brand","embeddable":true,"href":"https:\/\/awero.ee\/lv\/wp-json\/wp\/v2\/product_brand?post=11638"},{"taxonomy":"product_cat","embeddable":true,"href":"https:\/\/awero.ee\/lv\/wp-json\/wp\/v2\/product_cat?post=11638"},{"taxonomy":"product_tag","embeddable":true,"href":"https:\/\/awero.ee\/lv\/wp-json\/wp\/v2\/product_tag?post=11638"}],"curies":[{"name":"wp","href":"https:\/\/api.w.org\/{rel}","templated":true}]}}