{"id":11635,"date":"2024-12-12T12:06:56","date_gmt":"2024-12-12T12:06:56","guid":{"rendered":"https:\/\/awero.ee\/toode\/dozators-combitab-udens-attirisanas-tabletem\/"},"modified":"2026-03-10T07:59:00","modified_gmt":"2026-03-10T07:59:00","slug":"dozators-combitab-udens-attirisanas-tabletem","status":"publish","type":"product","link":"https:\/\/awero.ee\/lv\/toode\/dozators-combitab-udens-attirisanas-tabletem\/","title":{"rendered":"Dozators CombiTab \u016bdens att\u012br\u012b\u0161anas tablet\u0113m"},"content":{"rendered":"<p>Dozators \u016bdens att\u012br\u012b\u0161anas tablet\u0113m ir izstr\u0101d\u0101ts, lai vienk\u0101r\u0161otu \u016bdens att\u012br\u012b\u0161anas l\u012bdzek\u013cu lieto\u0161anu un nodro\u0161in\u0101tu \u016bdens kvalit\u0101tes saglab\u0101\u0161anu kubl\u0101. Dozators \u013cauj doz\u0113t pareizo att\u012br\u012b\u0161anas table\u0161u daudzumu atbilsto\u0161i \u016bdens tilpumam un vajadz\u012bb\u0101m. Turkl\u0101t tas pal\u012bdz nodro\u0161in\u0101t \u016bdens att\u012br\u012b\u0161anas procesa efektivit\u0101ti un samazin\u0101t \u016bdens att\u012br\u012b\u0161anas l\u012bdzek\u013cu iz\u0161\u0137\u0113rd\u0113\u0161anu. Dozatora dizains ir vienk\u0101r\u0161s un lietot\u0101jam draudz\u012bgs.   <\/p>\n<p>Dozators \u016bdens att\u012br\u012b\u0161anas tablet\u0113m lieliski sader ar \u016bdens att\u012br\u012b\u0161anas tablet\u0113m, nodro\u0161inot to prec\u012bzu un \u0113rtu doz\u0113\u0161anu. Lai piel\u0101gotu un uztur\u0113tu dozatoru, r\u016bp\u012bgi iev\u0113rojiet nor\u0101d\u012bjumus un ieteikumus uz produkta iepakojuma! Dozatoru glab\u0101t b\u0113rniem nepieejam\u0101 viet\u0101.  <\/p>\n","protected":false},"excerpt":{"rendered":"<p>Dozators \u016bdens att\u012br\u012b\u0161anas tablet\u0113m ir \u0113rta un praktiska ier\u012bce, kas \u013cauj prec\u012bzi doz\u0113t \u016bdens att\u012br\u012b\u0161anas l\u012bdzek\u013cus. Tas ir \u0113rts r\u012bks, kas nodro\u0161ina optim\u0101lu \u016bdens att\u012br\u012b\u0161anas l\u012bdzek\u013cu izmanto\u0161anu un \u016bdens kvalit\u0101tes uztur\u0113\u0161anu. <\/p>\n","protected":false},"featured_media":11637,"template":"","meta":{"_acf_changed":false},"product_brand":[],"product_cat":[1617],"product_tag":[],"class_list":{"0":"post-11635","1":"product","2":"type-product","3":"status-publish","4":"has-post-thumbnail","6":"product_cat-papildaprikojums","8":"first","9":"outofstock","10":"shipping-taxable","11":"product-type-simple"},"acf":[],"yoast_head":"<!-- This site is optimized with the Yoast SEO plugin v26.8 - https:\/\/yoast.com\/product\/yoast-seo-wordpress\/ -->\n<title>Dozators CombiTab \u016bdens att\u012br\u012b\u0161anas tablet\u0113m - Awero - S\u00fcdamega L\u00f5una-Eestist<\/title>\n<meta name=\"robots\" content=\"index, follow, max-snippet:-1, max-image-preview:large, max-video-preview:-1\" \/>\n<link rel=\"canonical\" href=\"https:\/\/awero.ee\/lv\/toode\/dozators-combitab-udens-attirisanas-tabletem\/\" \/>\n<meta property=\"og:locale\" content=\"lv_LV\" \/>\n<meta property=\"og:type\" content=\"article\" \/>\n<meta property=\"og:title\" content=\"Dozators CombiTab \u016bdens att\u012br\u012b\u0161anas tablet\u0113m - Awero - S\u00fcdamega L\u00f5una-Eestist\" \/>\n<meta property=\"og:description\" content=\"Dozators \u016bdens att\u012br\u012b\u0161anas tablet\u0113m ir \u0113rta un praktiska ier\u012bce, kas \u013cauj prec\u012bzi doz\u0113t \u016bdens att\u012br\u012b\u0161anas l\u012bdzek\u013cus. Tas ir \u0113rts r\u012bks, kas nodro\u0161ina optim\u0101lu \u016bdens att\u012br\u012b\u0161anas l\u012bdzek\u013cu izmanto\u0161anu un \u016bdens kvalit\u0101tes uztur\u0113\u0161anu.\" \/>\n<meta property=\"og:url\" content=\"https:\/\/awero.ee\/lv\/toode\/dozators-combitab-udens-attirisanas-tabletem\/\" \/>\n<meta property=\"og:site_name\" content=\"Awero - S\u00fcdamega L\u00f5una-Eestist\" \/>\n<meta property=\"article:modified_time\" content=\"2026-03-10T07:59:00+00:00\" \/>\n<meta property=\"og:image\" content=\"https:\/\/awero.ee\/wp-content\/uploads\/2024\/12\/Dosaator.jpg\" \/>\n\t<meta property=\"og:image:width\" content=\"780\" \/>\n\t<meta property=\"og:image:height\" content=\"708\" \/>\n\t<meta property=\"og:image:type\" content=\"image\/jpeg\" \/>\n<meta name=\"twitter:card\" content=\"summary_large_image\" \/>\n<meta name=\"twitter:label1\" content=\"Est. reading time\" \/>\n\t<meta name=\"twitter:data1\" content=\"1 minute\" \/>\n<script type=\"application\/ld+json\" class=\"yoast-schema-graph\">{\"@context\":\"https:\/\/schema.org\",\"@graph\":[{\"@type\":\"WebPage\",\"@id\":\"https:\/\/awero.ee\/lv\/toode\/dozators-combitab-udens-attirisanas-tabletem\/\",\"url\":\"https:\/\/awero.ee\/lv\/toode\/dozators-combitab-udens-attirisanas-tabletem\/\",\"name\":\"Dozators CombiTab \u016bdens att\u012br\u012b\u0161anas tablet\u0113m - Awero - S\u00fcdamega L\u00f5una-Eestist\",\"isPartOf\":{\"@id\":\"https:\/\/awero.ee\/lv\/#website\"},\"primaryImageOfPage\":{\"@id\":\"https:\/\/awero.ee\/lv\/toode\/dozators-combitab-udens-attirisanas-tabletem\/#primaryimage\"},\"image\":{\"@id\":\"https:\/\/awero.ee\/lv\/toode\/dozators-combitab-udens-attirisanas-tabletem\/#primaryimage\"},\"thumbnailUrl\":\"https:\/\/awero.ee\/wp-content\/uploads\/2024\/12\/Dosaator.jpg\",\"datePublished\":\"2024-12-12T12:06:56+00:00\",\"dateModified\":\"2026-03-10T07:59:00+00:00\",\"breadcrumb\":{\"@id\":\"https:\/\/awero.ee\/lv\/toode\/dozators-combitab-udens-attirisanas-tabletem\/#breadcrumb\"},\"inLanguage\":\"lv-LV\",\"potentialAction\":[{\"@type\":\"ReadAction\",\"target\":[\"https:\/\/awero.ee\/lv\/toode\/dozators-combitab-udens-attirisanas-tabletem\/\"]}]},{\"@type\":\"ImageObject\",\"inLanguage\":\"lv-LV\",\"@id\":\"https:\/\/awero.ee\/lv\/toode\/dozators-combitab-udens-attirisanas-tabletem\/#primaryimage\",\"url\":\"https:\/\/awero.ee\/wp-content\/uploads\/2024\/12\/Dosaator.jpg\",\"contentUrl\":\"https:\/\/awero.ee\/wp-content\/uploads\/2024\/12\/Dosaator.jpg\",\"width\":780,\"height\":708},{\"@type\":\"BreadcrumbList\",\"@id\":\"https:\/\/awero.ee\/lv\/toode\/dozators-combitab-udens-attirisanas-tabletem\/#breadcrumb\",\"itemListElement\":[{\"@type\":\"ListItem\",\"position\":1,\"name\":\"Home\",\"item\":\"https:\/\/awero.ee\/lv\/sakums\/\"},{\"@type\":\"ListItem\",\"position\":2,\"name\":\"Veikals\",\"item\":\"https:\/\/awero.ee\/lv\/veikals\/\"},{\"@type\":\"ListItem\",\"position\":3,\"name\":\"Dozators CombiTab \u016bdens att\u012br\u012b\u0161anas tablet\u0113m\"}]},{\"@type\":\"WebSite\",\"@id\":\"https:\/\/awero.ee\/lv\/#website\",\"url\":\"https:\/\/awero.ee\/lv\/\",\"name\":\"Awero - S\u00fcdamega L\u00f5una Eestist\",\"description\":\"\",\"publisher\":{\"@id\":\"https:\/\/awero.ee\/lv\/#organization\"},\"potentialAction\":[{\"@type\":\"SearchAction\",\"target\":{\"@type\":\"EntryPoint\",\"urlTemplate\":\"https:\/\/awero.ee\/lv\/?s={search_term_string}\"},\"query-input\":{\"@type\":\"PropertyValueSpecification\",\"valueRequired\":true,\"valueName\":\"search_term_string\"}}],\"inLanguage\":\"lv-LV\"},{\"@type\":\"Organization\",\"@id\":\"https:\/\/awero.ee\/lv\/#organization\",\"name\":\"Awero - S\u00fcdamega L\u00f5una Eestist\",\"url\":\"https:\/\/awero.ee\/lv\/\",\"logo\":{\"@type\":\"ImageObject\",\"inLanguage\":\"lv-LV\",\"@id\":\"https:\/\/awero.ee\/lv\/#\/schema\/logo\/image\/\",\"url\":\"https:\/\/awero.ee\/wp-content\/uploads\/2024\/07\/aweroplaceholder.jpg\",\"contentUrl\":\"https:\/\/awero.ee\/wp-content\/uploads\/2024\/07\/aweroplaceholder.jpg\",\"width\":1250,\"height\":834,\"caption\":\"Awero - S\u00fcdamega L\u00f5una Eestist\"},\"image\":{\"@id\":\"https:\/\/awero.ee\/lv\/#\/schema\/logo\/image\/\"}}]}<\/script>\n<!-- \/ Yoast SEO plugin. -->","yoast_head_json":{"title":"Dozators CombiTab \u016bdens att\u012br\u012b\u0161anas tablet\u0113m - Awero - S\u00fcdamega L\u00f5una-Eestist","robots":{"index":"index","follow":"follow","max-snippet":"max-snippet:-1","max-image-preview":"max-image-preview:large","max-video-preview":"max-video-preview:-1"},"canonical":"https:\/\/awero.ee\/lv\/toode\/dozators-combitab-udens-attirisanas-tabletem\/","og_locale":"lv_LV","og_type":"article","og_title":"Dozators CombiTab \u016bdens att\u012br\u012b\u0161anas tablet\u0113m - Awero - S\u00fcdamega L\u00f5una-Eestist","og_description":"Dozators \u016bdens att\u012br\u012b\u0161anas tablet\u0113m ir \u0113rta un praktiska ier\u012bce, kas \u013cauj prec\u012bzi doz\u0113t \u016bdens att\u012br\u012b\u0161anas l\u012bdzek\u013cus. Tas ir \u0113rts r\u012bks, kas nodro\u0161ina optim\u0101lu \u016bdens att\u012br\u012b\u0161anas l\u012bdzek\u013cu izmanto\u0161anu un \u016bdens kvalit\u0101tes uztur\u0113\u0161anu.","og_url":"https:\/\/awero.ee\/lv\/toode\/dozators-combitab-udens-attirisanas-tabletem\/","og_site_name":"Awero - S\u00fcdamega L\u00f5una-Eestist","article_modified_time":"2026-03-10T07:59:00+00:00","og_image":[{"width":780,"height":708,"url":"https:\/\/awero.ee\/wp-content\/uploads\/2024\/12\/Dosaator.jpg","type":"image\/jpeg"}],"twitter_card":"summary_large_image","twitter_misc":{"Est. reading time":"1 minute"},"schema":{"@context":"https:\/\/schema.org","@graph":[{"@type":"WebPage","@id":"https:\/\/awero.ee\/lv\/toode\/dozators-combitab-udens-attirisanas-tabletem\/","url":"https:\/\/awero.ee\/lv\/toode\/dozators-combitab-udens-attirisanas-tabletem\/","name":"Dozators CombiTab \u016bdens att\u012br\u012b\u0161anas tablet\u0113m - Awero - S\u00fcdamega L\u00f5una-Eestist","isPartOf":{"@id":"https:\/\/awero.ee\/lv\/#website"},"primaryImageOfPage":{"@id":"https:\/\/awero.ee\/lv\/toode\/dozators-combitab-udens-attirisanas-tabletem\/#primaryimage"},"image":{"@id":"https:\/\/awero.ee\/lv\/toode\/dozators-combitab-udens-attirisanas-tabletem\/#primaryimage"},"thumbnailUrl":"https:\/\/awero.ee\/wp-content\/uploads\/2024\/12\/Dosaator.jpg","datePublished":"2024-12-12T12:06:56+00:00","dateModified":"2026-03-10T07:59:00+00:00","breadcrumb":{"@id":"https:\/\/awero.ee\/lv\/toode\/dozators-combitab-udens-attirisanas-tabletem\/#breadcrumb"},"inLanguage":"lv-LV","potentialAction":[{"@type":"ReadAction","target":["https:\/\/awero.ee\/lv\/toode\/dozators-combitab-udens-attirisanas-tabletem\/"]}]},{"@type":"ImageObject","inLanguage":"lv-LV","@id":"https:\/\/awero.ee\/lv\/toode\/dozators-combitab-udens-attirisanas-tabletem\/#primaryimage","url":"https:\/\/awero.ee\/wp-content\/uploads\/2024\/12\/Dosaator.jpg","contentUrl":"https:\/\/awero.ee\/wp-content\/uploads\/2024\/12\/Dosaator.jpg","width":780,"height":708},{"@type":"BreadcrumbList","@id":"https:\/\/awero.ee\/lv\/toode\/dozators-combitab-udens-attirisanas-tabletem\/#breadcrumb","itemListElement":[{"@type":"ListItem","position":1,"name":"Home","item":"https:\/\/awero.ee\/lv\/sakums\/"},{"@type":"ListItem","position":2,"name":"Veikals","item":"https:\/\/awero.ee\/lv\/veikals\/"},{"@type":"ListItem","position":3,"name":"Dozators CombiTab \u016bdens att\u012br\u012b\u0161anas tablet\u0113m"}]},{"@type":"WebSite","@id":"https:\/\/awero.ee\/lv\/#website","url":"https:\/\/awero.ee\/lv\/","name":"Awero - S\u00fcdamega L\u00f5una Eestist","description":"","publisher":{"@id":"https:\/\/awero.ee\/lv\/#organization"},"potentialAction":[{"@type":"SearchAction","target":{"@type":"EntryPoint","urlTemplate":"https:\/\/awero.ee\/lv\/?s={search_term_string}"},"query-input":{"@type":"PropertyValueSpecification","valueRequired":true,"valueName":"search_term_string"}}],"inLanguage":"lv-LV"},{"@type":"Organization","@id":"https:\/\/awero.ee\/lv\/#organization","name":"Awero - S\u00fcdamega L\u00f5una Eestist","url":"https:\/\/awero.ee\/lv\/","logo":{"@type":"ImageObject","inLanguage":"lv-LV","@id":"https:\/\/awero.ee\/lv\/#\/schema\/logo\/image\/","url":"https:\/\/awero.ee\/wp-content\/uploads\/2024\/07\/aweroplaceholder.jpg","contentUrl":"https:\/\/awero.ee\/wp-content\/uploads\/2024\/07\/aweroplaceholder.jpg","width":1250,"height":834,"caption":"Awero - S\u00fcdamega L\u00f5una Eestist"},"image":{"@id":"https:\/\/awero.ee\/lv\/#\/schema\/logo\/image\/"}}]}},"_links":{"self":[{"href":"https:\/\/awero.ee\/lv\/wp-json\/wp\/v2\/product\/11635","targetHints":{"allow":["GET"]}}],"collection":[{"href":"https:\/\/awero.ee\/lv\/wp-json\/wp\/v2\/product"}],"about":[{"href":"https:\/\/awero.ee\/lv\/wp-json\/wp\/v2\/types\/product"}],"wp:featuredmedia":[{"embeddable":true,"href":"https:\/\/awero.ee\/lv\/wp-json\/wp\/v2\/media\/11637"}],"wp:attachment":[{"href":"https:\/\/awero.ee\/lv\/wp-json\/wp\/v2\/media?parent=11635"}],"wp:term":[{"taxonomy":"product_brand","embeddable":true,"href":"https:\/\/awero.ee\/lv\/wp-json\/wp\/v2\/product_brand?post=11635"},{"taxonomy":"product_cat","embeddable":true,"href":"https:\/\/awero.ee\/lv\/wp-json\/wp\/v2\/product_cat?post=11635"},{"taxonomy":"product_tag","embeddable":true,"href":"https:\/\/awero.ee\/lv\/wp-json\/wp\/v2\/product_tag?post=11635"}],"curies":[{"name":"wp","href":"https:\/\/api.w.org\/{rel}","templated":true}]}}