{"id":11630,"date":"2024-12-12T12:06:56","date_gmt":"2024-12-12T12:06:56","guid":{"rendered":"https:\/\/awero.ee\/toode\/udens-attirisanas-tabletes-combitab-800-g\/"},"modified":"2026-03-10T07:59:00","modified_gmt":"2026-03-10T07:59:00","slug":"udens-attirisanas-tabletes-combitab-800-g","status":"publish","type":"product","link":"https:\/\/awero.ee\/lv\/toode\/udens-attirisanas-tabletes-combitab-800-g\/","title":{"rendered":"\u016adens att\u012br\u012b\u0161anas tabletes CombiTab (800 g)"},"content":{"rendered":"<div align=\"justify\">\n<p>CombiTab \u016bdens att\u012br\u012b\u0161anas tabletes ir paredz\u0113tas, lai nodro\u0161in\u0101tu kubl\u0101 eso\u0161\u0101 \u016bdens t\u012br\u012bbu un dzidrumu, vienlaikus samazinot ar hlora lieto\u0161anu saist\u012bt\u0101s ne\u0113rt\u012bbas un arom\u0101tu. \u0160\u012bs tabletes nesatur hloru, padarot t\u0101s draudz\u012bgas \u0101dai un dro\u0161as gan lietot\u0101jiem, gan videi. Akt\u012bvais sk\u0101beklis darbojas \u0101tri un efekt\u012bvi, izn\u012bcinot bakt\u0113rijas, v\u012brusus un citus mikroorganismus. CombiTab nerada nepat\u012bkamu arom\u0101tu un nekairina \u0101du vai acis.   <\/p>\n<p><strong>Izmanto\u0161ana:<\/strong><\/p>\n<p>Vien\u0101 iepakojum\u0101 ir 800 g \u016bdens att\u012br\u012b\u0161anas table\u0161u (1 tablete 20 g). CombiTab tabletes ir viegli lietojamas: pievienojiet tabletes kubl\u0101 eso\u0161ajam \u016bdenim saska\u0146\u0101 ar nor\u0101d\u012bjumiem uz iepakojuma un \u013caujiet, lai t\u0101s pilda savu funkciju. <\/p>\n<p>Peldbaseiniem pievienojiet 1 CombiTab tableti uz katriem 3000 litriem baseina \u016bdens katru dienu. Deva j\u0101palielina augstas \u016bdens temperat\u016bras un bie\u017eas peld\u0113\u0161an\u0101s gad\u012bjum\u0101. Lietojot CombiTab burbu\u013cvann\u0101s\/kublos ar karstu \u016bdeni (l\u012bdz 1000 litriem), pievienojiet 1 tableti ik p\u0113c 3 dien\u0101m (bie\u017eas lieto\u0161anas gad\u012bjum\u0101 ik p\u0113c 2 dien\u0101m). P\u0113c peldes \u013caujiet filtra sist\u0113mai darboties vismaz 2 stundas. P\u0101rliecinieties, ka CombiTab tabletes uzglab\u0101\u0161anas laik\u0101 ir pasarg\u0101tas no mitruma. Produkts j\u0101uzglab\u0101 ori\u0123in\u0101laj\u0101 iepakojum\u0101, b\u0113rniem nepieejam\u0101 viet\u0101 un j\u0101sarg\u0101 no tie\u0161iem saules stariem. Pirms lieto\u0161anas vienm\u0113r izlasiet eti\u0137eti un produkta inform\u0101ciju!      <\/p>\n<\/div>\n","protected":false},"excerpt":{"rendered":"<div align=\"justify\">\n<p>CombiTab \u016bdens att\u012br\u012b\u0161anas tabletes ir efekt\u012bvs un \u0113rts veids, k\u0101 uztur\u0113t kubla \u016bdeni t\u012bru, padarot peldi pat\u012bkamu un bezr\u016bp\u012bgu. \u0160\u012bs tabletes nesatur hloru un satur akt\u012bvo sk\u0101bekli, kas nodro\u0161ina efekt\u012bvu \u016bdens att\u012br\u012b\u0161anu un dezinfekciju. Pl\u0101nots, ka produkti non\u0101ks m\u016bsu noliktav\u0101 j\u016bnija vid\u016b. <\/p>\n<\/div>\n","protected":false},"featured_media":11633,"template":"","meta":{"_acf_changed":false},"product_brand":[],"product_cat":[1617],"product_tag":[],"class_list":{"0":"post-11630","1":"product","2":"type-product","3":"status-publish","4":"has-post-thumbnail","6":"product_cat-papildaprikojums","8":"first","9":"instock","10":"shipping-taxable","11":"product-type-simple"},"acf":[],"yoast_head":"<!-- This site is optimized with the Yoast SEO plugin v26.8 - https:\/\/yoast.com\/product\/yoast-seo-wordpress\/ -->\n<title>\u016adens att\u012br\u012b\u0161anas tabletes CombiTab (800 g) - Awero - S\u00fcdamega L\u00f5una-Eestist<\/title>\n<meta name=\"robots\" content=\"index, follow, max-snippet:-1, max-image-preview:large, max-video-preview:-1\" \/>\n<link rel=\"canonical\" href=\"https:\/\/awero.ee\/lv\/toode\/udens-attirisanas-tabletes-combitab-800-g\/\" \/>\n<meta property=\"og:locale\" content=\"lv_LV\" \/>\n<meta property=\"og:type\" content=\"article\" \/>\n<meta property=\"og:title\" content=\"\u016adens att\u012br\u012b\u0161anas tabletes CombiTab (800 g) - Awero - S\u00fcdamega L\u00f5una-Eestist\" \/>\n<meta property=\"og:description\" content=\"CombiTab \u016bdens att\u012br\u012b\u0161anas tabletes ir efekt\u012bvs un \u0113rts veids, k\u0101 uztur\u0113t kubla \u016bdeni t\u012bru, padarot peldi pat\u012bkamu un bezr\u016bp\u012bgu. \u0160\u012bs tabletes nesatur hloru un satur akt\u012bvo sk\u0101bekli, kas nodro\u0161ina efekt\u012bvu \u016bdens att\u012br\u012b\u0161anu un dezinfekciju. Pl\u0101nots, ka produkti non\u0101ks m\u016bsu noliktav\u0101 j\u016bnija vid\u016b.\" \/>\n<meta property=\"og:url\" content=\"https:\/\/awero.ee\/lv\/toode\/udens-attirisanas-tabletes-combitab-800-g\/\" \/>\n<meta property=\"og:site_name\" content=\"Awero - S\u00fcdamega L\u00f5una-Eestist\" \/>\n<meta property=\"article:modified_time\" content=\"2026-03-10T07:59:00+00:00\" \/>\n<meta property=\"og:image\" content=\"https:\/\/awero.ee\/wp-content\/uploads\/2024\/12\/CombiTab-veepuhastustabletid.jpg\" \/>\n\t<meta property=\"og:image:width\" content=\"816\" \/>\n\t<meta property=\"og:image:height\" content=\"826\" \/>\n\t<meta property=\"og:image:type\" content=\"image\/jpeg\" \/>\n<meta name=\"twitter:card\" content=\"summary_large_image\" \/>\n<meta name=\"twitter:label1\" content=\"Est. reading time\" \/>\n\t<meta name=\"twitter:data1\" content=\"1 minute\" \/>\n<script type=\"application\/ld+json\" class=\"yoast-schema-graph\">{\"@context\":\"https:\/\/schema.org\",\"@graph\":[{\"@type\":\"WebPage\",\"@id\":\"https:\/\/awero.ee\/lv\/toode\/udens-attirisanas-tabletes-combitab-800-g\/\",\"url\":\"https:\/\/awero.ee\/lv\/toode\/udens-attirisanas-tabletes-combitab-800-g\/\",\"name\":\"\u016adens att\u012br\u012b\u0161anas tabletes CombiTab (800 g) - Awero - S\u00fcdamega L\u00f5una-Eestist\",\"isPartOf\":{\"@id\":\"https:\/\/awero.ee\/lv\/#website\"},\"primaryImageOfPage\":{\"@id\":\"https:\/\/awero.ee\/lv\/toode\/udens-attirisanas-tabletes-combitab-800-g\/#primaryimage\"},\"image\":{\"@id\":\"https:\/\/awero.ee\/lv\/toode\/udens-attirisanas-tabletes-combitab-800-g\/#primaryimage\"},\"thumbnailUrl\":\"https:\/\/awero.ee\/wp-content\/uploads\/2024\/12\/CombiTab-veepuhastustabletid.jpg\",\"datePublished\":\"2024-12-12T12:06:56+00:00\",\"dateModified\":\"2026-03-10T07:59:00+00:00\",\"breadcrumb\":{\"@id\":\"https:\/\/awero.ee\/lv\/toode\/udens-attirisanas-tabletes-combitab-800-g\/#breadcrumb\"},\"inLanguage\":\"lv-LV\",\"potentialAction\":[{\"@type\":\"ReadAction\",\"target\":[\"https:\/\/awero.ee\/lv\/toode\/udens-attirisanas-tabletes-combitab-800-g\/\"]}]},{\"@type\":\"ImageObject\",\"inLanguage\":\"lv-LV\",\"@id\":\"https:\/\/awero.ee\/lv\/toode\/udens-attirisanas-tabletes-combitab-800-g\/#primaryimage\",\"url\":\"https:\/\/awero.ee\/wp-content\/uploads\/2024\/12\/CombiTab-veepuhastustabletid.jpg\",\"contentUrl\":\"https:\/\/awero.ee\/wp-content\/uploads\/2024\/12\/CombiTab-veepuhastustabletid.jpg\",\"width\":816,\"height\":826},{\"@type\":\"BreadcrumbList\",\"@id\":\"https:\/\/awero.ee\/lv\/toode\/udens-attirisanas-tabletes-combitab-800-g\/#breadcrumb\",\"itemListElement\":[{\"@type\":\"ListItem\",\"position\":1,\"name\":\"Home\",\"item\":\"https:\/\/awero.ee\/lv\/sakums\/\"},{\"@type\":\"ListItem\",\"position\":2,\"name\":\"Veikals\",\"item\":\"https:\/\/awero.ee\/lv\/veikals\/\"},{\"@type\":\"ListItem\",\"position\":3,\"name\":\"\u016adens att\u012br\u012b\u0161anas tabletes CombiTab (800 g)\"}]},{\"@type\":\"WebSite\",\"@id\":\"https:\/\/awero.ee\/lv\/#website\",\"url\":\"https:\/\/awero.ee\/lv\/\",\"name\":\"Awero - S\u00fcdamega L\u00f5una Eestist\",\"description\":\"\",\"publisher\":{\"@id\":\"https:\/\/awero.ee\/lv\/#organization\"},\"potentialAction\":[{\"@type\":\"SearchAction\",\"target\":{\"@type\":\"EntryPoint\",\"urlTemplate\":\"https:\/\/awero.ee\/lv\/?s={search_term_string}\"},\"query-input\":{\"@type\":\"PropertyValueSpecification\",\"valueRequired\":true,\"valueName\":\"search_term_string\"}}],\"inLanguage\":\"lv-LV\"},{\"@type\":\"Organization\",\"@id\":\"https:\/\/awero.ee\/lv\/#organization\",\"name\":\"Awero - S\u00fcdamega L\u00f5una Eestist\",\"url\":\"https:\/\/awero.ee\/lv\/\",\"logo\":{\"@type\":\"ImageObject\",\"inLanguage\":\"lv-LV\",\"@id\":\"https:\/\/awero.ee\/lv\/#\/schema\/logo\/image\/\",\"url\":\"https:\/\/awero.ee\/wp-content\/uploads\/2024\/07\/aweroplaceholder.jpg\",\"contentUrl\":\"https:\/\/awero.ee\/wp-content\/uploads\/2024\/07\/aweroplaceholder.jpg\",\"width\":1250,\"height\":834,\"caption\":\"Awero - S\u00fcdamega L\u00f5una Eestist\"},\"image\":{\"@id\":\"https:\/\/awero.ee\/lv\/#\/schema\/logo\/image\/\"}}]}<\/script>\n<!-- \/ Yoast SEO plugin. -->","yoast_head_json":{"title":"\u016adens att\u012br\u012b\u0161anas tabletes CombiTab (800 g) - Awero - S\u00fcdamega L\u00f5una-Eestist","robots":{"index":"index","follow":"follow","max-snippet":"max-snippet:-1","max-image-preview":"max-image-preview:large","max-video-preview":"max-video-preview:-1"},"canonical":"https:\/\/awero.ee\/lv\/toode\/udens-attirisanas-tabletes-combitab-800-g\/","og_locale":"lv_LV","og_type":"article","og_title":"\u016adens att\u012br\u012b\u0161anas tabletes CombiTab (800 g) - Awero - S\u00fcdamega L\u00f5una-Eestist","og_description":"CombiTab \u016bdens att\u012br\u012b\u0161anas tabletes ir efekt\u012bvs un \u0113rts veids, k\u0101 uztur\u0113t kubla \u016bdeni t\u012bru, padarot peldi pat\u012bkamu un bezr\u016bp\u012bgu. \u0160\u012bs tabletes nesatur hloru un satur akt\u012bvo sk\u0101bekli, kas nodro\u0161ina efekt\u012bvu \u016bdens att\u012br\u012b\u0161anu un dezinfekciju. Pl\u0101nots, ka produkti non\u0101ks m\u016bsu noliktav\u0101 j\u016bnija vid\u016b.","og_url":"https:\/\/awero.ee\/lv\/toode\/udens-attirisanas-tabletes-combitab-800-g\/","og_site_name":"Awero - S\u00fcdamega L\u00f5una-Eestist","article_modified_time":"2026-03-10T07:59:00+00:00","og_image":[{"width":816,"height":826,"url":"https:\/\/awero.ee\/wp-content\/uploads\/2024\/12\/CombiTab-veepuhastustabletid.jpg","type":"image\/jpeg"}],"twitter_card":"summary_large_image","twitter_misc":{"Est. reading time":"1 minute"},"schema":{"@context":"https:\/\/schema.org","@graph":[{"@type":"WebPage","@id":"https:\/\/awero.ee\/lv\/toode\/udens-attirisanas-tabletes-combitab-800-g\/","url":"https:\/\/awero.ee\/lv\/toode\/udens-attirisanas-tabletes-combitab-800-g\/","name":"\u016adens att\u012br\u012b\u0161anas tabletes CombiTab (800 g) - Awero - S\u00fcdamega L\u00f5una-Eestist","isPartOf":{"@id":"https:\/\/awero.ee\/lv\/#website"},"primaryImageOfPage":{"@id":"https:\/\/awero.ee\/lv\/toode\/udens-attirisanas-tabletes-combitab-800-g\/#primaryimage"},"image":{"@id":"https:\/\/awero.ee\/lv\/toode\/udens-attirisanas-tabletes-combitab-800-g\/#primaryimage"},"thumbnailUrl":"https:\/\/awero.ee\/wp-content\/uploads\/2024\/12\/CombiTab-veepuhastustabletid.jpg","datePublished":"2024-12-12T12:06:56+00:00","dateModified":"2026-03-10T07:59:00+00:00","breadcrumb":{"@id":"https:\/\/awero.ee\/lv\/toode\/udens-attirisanas-tabletes-combitab-800-g\/#breadcrumb"},"inLanguage":"lv-LV","potentialAction":[{"@type":"ReadAction","target":["https:\/\/awero.ee\/lv\/toode\/udens-attirisanas-tabletes-combitab-800-g\/"]}]},{"@type":"ImageObject","inLanguage":"lv-LV","@id":"https:\/\/awero.ee\/lv\/toode\/udens-attirisanas-tabletes-combitab-800-g\/#primaryimage","url":"https:\/\/awero.ee\/wp-content\/uploads\/2024\/12\/CombiTab-veepuhastustabletid.jpg","contentUrl":"https:\/\/awero.ee\/wp-content\/uploads\/2024\/12\/CombiTab-veepuhastustabletid.jpg","width":816,"height":826},{"@type":"BreadcrumbList","@id":"https:\/\/awero.ee\/lv\/toode\/udens-attirisanas-tabletes-combitab-800-g\/#breadcrumb","itemListElement":[{"@type":"ListItem","position":1,"name":"Home","item":"https:\/\/awero.ee\/lv\/sakums\/"},{"@type":"ListItem","position":2,"name":"Veikals","item":"https:\/\/awero.ee\/lv\/veikals\/"},{"@type":"ListItem","position":3,"name":"\u016adens att\u012br\u012b\u0161anas tabletes CombiTab (800 g)"}]},{"@type":"WebSite","@id":"https:\/\/awero.ee\/lv\/#website","url":"https:\/\/awero.ee\/lv\/","name":"Awero - S\u00fcdamega L\u00f5una Eestist","description":"","publisher":{"@id":"https:\/\/awero.ee\/lv\/#organization"},"potentialAction":[{"@type":"SearchAction","target":{"@type":"EntryPoint","urlTemplate":"https:\/\/awero.ee\/lv\/?s={search_term_string}"},"query-input":{"@type":"PropertyValueSpecification","valueRequired":true,"valueName":"search_term_string"}}],"inLanguage":"lv-LV"},{"@type":"Organization","@id":"https:\/\/awero.ee\/lv\/#organization","name":"Awero - S\u00fcdamega L\u00f5una Eestist","url":"https:\/\/awero.ee\/lv\/","logo":{"@type":"ImageObject","inLanguage":"lv-LV","@id":"https:\/\/awero.ee\/lv\/#\/schema\/logo\/image\/","url":"https:\/\/awero.ee\/wp-content\/uploads\/2024\/07\/aweroplaceholder.jpg","contentUrl":"https:\/\/awero.ee\/wp-content\/uploads\/2024\/07\/aweroplaceholder.jpg","width":1250,"height":834,"caption":"Awero - S\u00fcdamega L\u00f5una Eestist"},"image":{"@id":"https:\/\/awero.ee\/lv\/#\/schema\/logo\/image\/"}}]}},"_links":{"self":[{"href":"https:\/\/awero.ee\/lv\/wp-json\/wp\/v2\/product\/11630","targetHints":{"allow":["GET"]}}],"collection":[{"href":"https:\/\/awero.ee\/lv\/wp-json\/wp\/v2\/product"}],"about":[{"href":"https:\/\/awero.ee\/lv\/wp-json\/wp\/v2\/types\/product"}],"wp:featuredmedia":[{"embeddable":true,"href":"https:\/\/awero.ee\/lv\/wp-json\/wp\/v2\/media\/11633"}],"wp:attachment":[{"href":"https:\/\/awero.ee\/lv\/wp-json\/wp\/v2\/media?parent=11630"}],"wp:term":[{"taxonomy":"product_brand","embeddable":true,"href":"https:\/\/awero.ee\/lv\/wp-json\/wp\/v2\/product_brand?post=11630"},{"taxonomy":"product_cat","embeddable":true,"href":"https:\/\/awero.ee\/lv\/wp-json\/wp\/v2\/product_cat?post=11630"},{"taxonomy":"product_tag","embeddable":true,"href":"https:\/\/awero.ee\/lv\/wp-json\/wp\/v2\/product_tag?post=11630"}],"curies":[{"name":"wp","href":"https:\/\/api.w.org\/{rel}","templated":true}]}}