{"id":11624,"date":"2024-12-12T12:00:46","date_gmt":"2024-12-12T12:00:46","guid":{"rendered":"https:\/\/awero.ee\/toode\/galvas-balsts\/"},"modified":"2026-03-10T07:59:00","modified_gmt":"2026-03-10T07:59:00","slug":"galvas-balsts","status":"publish","type":"product","link":"https:\/\/awero.ee\/lv\/toode\/galvas-balsts\/","title":{"rendered":"Galvas balsts"},"content":{"rendered":"<p>Galvas balsts izgatavots no m\u012bksta, \u016bdensnecaurlaid\u012bga materi\u0101la, kas nodro\u0161ina \u0113rtu atbalstu galvai un kaklam. Ergonomiskais dizains pal\u012bdz mazin\u0101t spiedienu un sasprindzin\u0101jumu, k\u0101 ar\u012b \u013cauj piln\u012bb\u0101 izbaud\u012bt pat\u012bkamo peldi kubl\u0101. Turkl\u0101t galvas balsts kublam pie\u0161\u0137ir est\u0113tisku v\u0113rt\u012bbu, radot pat\u012bkamu un greznu atmosf\u0113ru. Galvas balsts pie \u010daulas piestiprin\u0101s ar pies\u016bcek\u0146iem.   <\/p>\n<p><strong>Papildu inform\u0101cija: <\/strong><\/p>\n<p>Piem\u0113rots liel\u0101kajai da\u013cai kublu, viegli uzst\u0101d\u0101ms un no\u0146emams atbilsto\u0161i nepiecie\u0161am\u012bbai. Galvas balsts ir viegli t\u012br\u0101ms ar \u016bdeni, tas ir piem\u0113rots lieto\u0161anai gan iek\u0161telp\u0101s, gan \u0101r\u0101. <\/p>\n","protected":false},"excerpt":{"rendered":"<p><strong>Cen\u0101 iek\u013cauts PVN<\/strong><\/p>\n<p>Galvas balsts ir lielisks papildu aksesu\u0101rs kubliem. Tas nodro\u0161ina \u0113rtu un pat\u012bkamu pieredzi un kalpo ar\u012b k\u0101 stil\u012bgs elements. Neatkar\u012bgi no t\u0101, vai tas ir relaks\u0113jo\u0161s vakars ar draugiem vai priv\u0101ts br\u012bdis pa\u0161am sev, \u0161is galvas balsts pal\u012bdz\u0113s peldi padar\u012bt pat\u012bkam\u0101ku un \u0113rt\u0101ku.  <\/p>\n","protected":false},"featured_media":2237,"template":"","meta":{"_acf_changed":false},"product_brand":[],"product_cat":[1617],"product_tag":[1632],"class_list":{"0":"post-11624","1":"product","2":"type-product","3":"status-publish","4":"has-post-thumbnail","6":"product_cat-papildaprikojums","7":"product_tag-etkumblustunni_lisad","9":"first","10":"instock","11":"shipping-taxable","12":"product-type-simple"},"acf":[],"yoast_head":"<!-- This site is optimized with the Yoast SEO plugin v26.8 - https:\/\/yoast.com\/product\/yoast-seo-wordpress\/ -->\n<title>Galvas balsts - Awero - S\u00fcdamega L\u00f5una-Eestist<\/title>\n<meta name=\"robots\" content=\"index, follow, max-snippet:-1, max-image-preview:large, max-video-preview:-1\" \/>\n<link rel=\"canonical\" href=\"https:\/\/awero.ee\/lv\/toode\/galvas-balsts\/\" \/>\n<meta property=\"og:locale\" content=\"lv_LV\" \/>\n<meta property=\"og:type\" content=\"article\" \/>\n<meta property=\"og:title\" content=\"Galvas balsts - Awero - S\u00fcdamega L\u00f5una-Eestist\" \/>\n<meta property=\"og:description\" content=\"Cen\u0101 iek\u013cauts PVN Galvas balsts ir lielisks papildu aksesu\u0101rs kubliem. Tas nodro\u0161ina \u0113rtu un pat\u012bkamu pieredzi un kalpo ar\u012b k\u0101 stil\u012bgs elements. Neatkar\u012bgi no t\u0101, vai tas ir relaks\u0113jo\u0161s vakars ar draugiem vai priv\u0101ts br\u012bdis pa\u0161am sev, \u0161is galvas balsts pal\u012bdz\u0113s peldi padar\u012bt pat\u012bkam\u0101ku un \u0113rt\u0101ku.\" \/>\n<meta property=\"og:url\" content=\"https:\/\/awero.ee\/lv\/toode\/galvas-balsts\/\" \/>\n<meta property=\"og:site_name\" content=\"Awero - S\u00fcdamega L\u00f5una-Eestist\" \/>\n<meta property=\"article:modified_time\" content=\"2026-03-10T07:59:00+00:00\" \/>\n<meta property=\"og:image\" content=\"https:\/\/awero.ee\/wp-content\/uploads\/2024\/12\/Peapadi.jpg\" \/>\n\t<meta property=\"og:image:width\" content=\"339\" \/>\n\t<meta property=\"og:image:height\" content=\"320\" \/>\n\t<meta property=\"og:image:type\" content=\"image\/jpeg\" \/>\n<meta name=\"twitter:card\" content=\"summary_large_image\" \/>\n<meta name=\"twitter:label1\" content=\"Est. reading time\" \/>\n\t<meta name=\"twitter:data1\" content=\"1 minute\" \/>\n<script type=\"application\/ld+json\" class=\"yoast-schema-graph\">{\"@context\":\"https:\/\/schema.org\",\"@graph\":[{\"@type\":\"WebPage\",\"@id\":\"https:\/\/awero.ee\/lv\/toode\/galvas-balsts\/\",\"url\":\"https:\/\/awero.ee\/lv\/toode\/galvas-balsts\/\",\"name\":\"Galvas balsts - Awero - S\u00fcdamega L\u00f5una-Eestist\",\"isPartOf\":{\"@id\":\"https:\/\/awero.ee\/lv\/#website\"},\"primaryImageOfPage\":{\"@id\":\"https:\/\/awero.ee\/lv\/toode\/galvas-balsts\/#primaryimage\"},\"image\":{\"@id\":\"https:\/\/awero.ee\/lv\/toode\/galvas-balsts\/#primaryimage\"},\"thumbnailUrl\":\"https:\/\/awero.ee\/wp-content\/uploads\/2024\/12\/Peapadi.jpg\",\"datePublished\":\"2024-12-12T12:00:46+00:00\",\"dateModified\":\"2026-03-10T07:59:00+00:00\",\"breadcrumb\":{\"@id\":\"https:\/\/awero.ee\/lv\/toode\/galvas-balsts\/#breadcrumb\"},\"inLanguage\":\"lv-LV\",\"potentialAction\":[{\"@type\":\"ReadAction\",\"target\":[\"https:\/\/awero.ee\/lv\/toode\/galvas-balsts\/\"]}]},{\"@type\":\"ImageObject\",\"inLanguage\":\"lv-LV\",\"@id\":\"https:\/\/awero.ee\/lv\/toode\/galvas-balsts\/#primaryimage\",\"url\":\"https:\/\/awero.ee\/wp-content\/uploads\/2024\/12\/Peapadi.jpg\",\"contentUrl\":\"https:\/\/awero.ee\/wp-content\/uploads\/2024\/12\/Peapadi.jpg\",\"width\":339,\"height\":320},{\"@type\":\"BreadcrumbList\",\"@id\":\"https:\/\/awero.ee\/lv\/toode\/galvas-balsts\/#breadcrumb\",\"itemListElement\":[{\"@type\":\"ListItem\",\"position\":1,\"name\":\"Home\",\"item\":\"https:\/\/awero.ee\/lv\/sakums\/\"},{\"@type\":\"ListItem\",\"position\":2,\"name\":\"Veikals\",\"item\":\"https:\/\/awero.ee\/lv\/veikals\/\"},{\"@type\":\"ListItem\",\"position\":3,\"name\":\"Galvas balsts\"}]},{\"@type\":\"WebSite\",\"@id\":\"https:\/\/awero.ee\/lv\/#website\",\"url\":\"https:\/\/awero.ee\/lv\/\",\"name\":\"Awero - S\u00fcdamega L\u00f5una Eestist\",\"description\":\"\",\"publisher\":{\"@id\":\"https:\/\/awero.ee\/lv\/#organization\"},\"potentialAction\":[{\"@type\":\"SearchAction\",\"target\":{\"@type\":\"EntryPoint\",\"urlTemplate\":\"https:\/\/awero.ee\/lv\/?s={search_term_string}\"},\"query-input\":{\"@type\":\"PropertyValueSpecification\",\"valueRequired\":true,\"valueName\":\"search_term_string\"}}],\"inLanguage\":\"lv-LV\"},{\"@type\":\"Organization\",\"@id\":\"https:\/\/awero.ee\/lv\/#organization\",\"name\":\"Awero - S\u00fcdamega L\u00f5una Eestist\",\"url\":\"https:\/\/awero.ee\/lv\/\",\"logo\":{\"@type\":\"ImageObject\",\"inLanguage\":\"lv-LV\",\"@id\":\"https:\/\/awero.ee\/lv\/#\/schema\/logo\/image\/\",\"url\":\"https:\/\/awero.ee\/wp-content\/uploads\/2024\/07\/aweroplaceholder.jpg\",\"contentUrl\":\"https:\/\/awero.ee\/wp-content\/uploads\/2024\/07\/aweroplaceholder.jpg\",\"width\":1250,\"height\":834,\"caption\":\"Awero - S\u00fcdamega L\u00f5una Eestist\"},\"image\":{\"@id\":\"https:\/\/awero.ee\/lv\/#\/schema\/logo\/image\/\"}}]}<\/script>\n<!-- \/ Yoast SEO plugin. -->","yoast_head_json":{"title":"Galvas balsts - Awero - S\u00fcdamega L\u00f5una-Eestist","robots":{"index":"index","follow":"follow","max-snippet":"max-snippet:-1","max-image-preview":"max-image-preview:large","max-video-preview":"max-video-preview:-1"},"canonical":"https:\/\/awero.ee\/lv\/toode\/galvas-balsts\/","og_locale":"lv_LV","og_type":"article","og_title":"Galvas balsts - Awero - S\u00fcdamega L\u00f5una-Eestist","og_description":"Cen\u0101 iek\u013cauts PVN Galvas balsts ir lielisks papildu aksesu\u0101rs kubliem. Tas nodro\u0161ina \u0113rtu un pat\u012bkamu pieredzi un kalpo ar\u012b k\u0101 stil\u012bgs elements. Neatkar\u012bgi no t\u0101, vai tas ir relaks\u0113jo\u0161s vakars ar draugiem vai priv\u0101ts br\u012bdis pa\u0161am sev, \u0161is galvas balsts pal\u012bdz\u0113s peldi padar\u012bt pat\u012bkam\u0101ku un \u0113rt\u0101ku.","og_url":"https:\/\/awero.ee\/lv\/toode\/galvas-balsts\/","og_site_name":"Awero - S\u00fcdamega L\u00f5una-Eestist","article_modified_time":"2026-03-10T07:59:00+00:00","og_image":[{"width":339,"height":320,"url":"https:\/\/awero.ee\/wp-content\/uploads\/2024\/12\/Peapadi.jpg","type":"image\/jpeg"}],"twitter_card":"summary_large_image","twitter_misc":{"Est. reading time":"1 minute"},"schema":{"@context":"https:\/\/schema.org","@graph":[{"@type":"WebPage","@id":"https:\/\/awero.ee\/lv\/toode\/galvas-balsts\/","url":"https:\/\/awero.ee\/lv\/toode\/galvas-balsts\/","name":"Galvas balsts - Awero - S\u00fcdamega L\u00f5una-Eestist","isPartOf":{"@id":"https:\/\/awero.ee\/lv\/#website"},"primaryImageOfPage":{"@id":"https:\/\/awero.ee\/lv\/toode\/galvas-balsts\/#primaryimage"},"image":{"@id":"https:\/\/awero.ee\/lv\/toode\/galvas-balsts\/#primaryimage"},"thumbnailUrl":"https:\/\/awero.ee\/wp-content\/uploads\/2024\/12\/Peapadi.jpg","datePublished":"2024-12-12T12:00:46+00:00","dateModified":"2026-03-10T07:59:00+00:00","breadcrumb":{"@id":"https:\/\/awero.ee\/lv\/toode\/galvas-balsts\/#breadcrumb"},"inLanguage":"lv-LV","potentialAction":[{"@type":"ReadAction","target":["https:\/\/awero.ee\/lv\/toode\/galvas-balsts\/"]}]},{"@type":"ImageObject","inLanguage":"lv-LV","@id":"https:\/\/awero.ee\/lv\/toode\/galvas-balsts\/#primaryimage","url":"https:\/\/awero.ee\/wp-content\/uploads\/2024\/12\/Peapadi.jpg","contentUrl":"https:\/\/awero.ee\/wp-content\/uploads\/2024\/12\/Peapadi.jpg","width":339,"height":320},{"@type":"BreadcrumbList","@id":"https:\/\/awero.ee\/lv\/toode\/galvas-balsts\/#breadcrumb","itemListElement":[{"@type":"ListItem","position":1,"name":"Home","item":"https:\/\/awero.ee\/lv\/sakums\/"},{"@type":"ListItem","position":2,"name":"Veikals","item":"https:\/\/awero.ee\/lv\/veikals\/"},{"@type":"ListItem","position":3,"name":"Galvas balsts"}]},{"@type":"WebSite","@id":"https:\/\/awero.ee\/lv\/#website","url":"https:\/\/awero.ee\/lv\/","name":"Awero - S\u00fcdamega L\u00f5una Eestist","description":"","publisher":{"@id":"https:\/\/awero.ee\/lv\/#organization"},"potentialAction":[{"@type":"SearchAction","target":{"@type":"EntryPoint","urlTemplate":"https:\/\/awero.ee\/lv\/?s={search_term_string}"},"query-input":{"@type":"PropertyValueSpecification","valueRequired":true,"valueName":"search_term_string"}}],"inLanguage":"lv-LV"},{"@type":"Organization","@id":"https:\/\/awero.ee\/lv\/#organization","name":"Awero - S\u00fcdamega L\u00f5una Eestist","url":"https:\/\/awero.ee\/lv\/","logo":{"@type":"ImageObject","inLanguage":"lv-LV","@id":"https:\/\/awero.ee\/lv\/#\/schema\/logo\/image\/","url":"https:\/\/awero.ee\/wp-content\/uploads\/2024\/07\/aweroplaceholder.jpg","contentUrl":"https:\/\/awero.ee\/wp-content\/uploads\/2024\/07\/aweroplaceholder.jpg","width":1250,"height":834,"caption":"Awero - S\u00fcdamega L\u00f5una Eestist"},"image":{"@id":"https:\/\/awero.ee\/lv\/#\/schema\/logo\/image\/"}}]}},"_links":{"self":[{"href":"https:\/\/awero.ee\/lv\/wp-json\/wp\/v2\/product\/11624","targetHints":{"allow":["GET"]}}],"collection":[{"href":"https:\/\/awero.ee\/lv\/wp-json\/wp\/v2\/product"}],"about":[{"href":"https:\/\/awero.ee\/lv\/wp-json\/wp\/v2\/types\/product"}],"wp:featuredmedia":[{"embeddable":true,"href":"https:\/\/awero.ee\/lv\/wp-json\/wp\/v2\/media\/2237"}],"wp:attachment":[{"href":"https:\/\/awero.ee\/lv\/wp-json\/wp\/v2\/media?parent=11624"}],"wp:term":[{"taxonomy":"product_brand","embeddable":true,"href":"https:\/\/awero.ee\/lv\/wp-json\/wp\/v2\/product_brand?post=11624"},{"taxonomy":"product_cat","embeddable":true,"href":"https:\/\/awero.ee\/lv\/wp-json\/wp\/v2\/product_cat?post=11624"},{"taxonomy":"product_tag","embeddable":true,"href":"https:\/\/awero.ee\/lv\/wp-json\/wp\/v2\/product_tag?post=11624"}],"curies":[{"name":"wp","href":"https:\/\/api.w.org\/{rel}","templated":true}]}}