{"id":11615,"date":"2024-12-12T12:00:46","date_gmt":"2024-12-12T12:00:46","guid":{"rendered":"https:\/\/awero.ee\/toode\/apalas-kapnes-ar-diviem-pakapieniem\/"},"modified":"2026-03-10T07:59:00","modified_gmt":"2026-03-10T07:59:00","slug":"apalas-kapnes-ar-diviem-pakapieniem","status":"publish","type":"product","link":"https:\/\/awero.ee\/lv\/toode\/apalas-kapnes-ar-diviem-pakapieniem\/","title":{"rendered":"Apa\u013cas k\u0101pnes ar diviem pak\u0101pieniem"},"content":{"rendered":"<p>K\u0101pnes sast\u0101v no diviem da\u017e\u0101da izm\u0113ra pak\u0101pieniem, kas ir novietoti viens virs otra, un, ja nepiecie\u0161ams, tos var sastiprin\u0101t kop\u0101.<\/p>\n<p><strong>Liel\u0101k\u0101 k\u0101p\u0146u da\u013ca:<\/strong> 835 mm (platums) \u00d7 440 mm (dzi\u013cums) \u00d7 310 mm (augstums)<\/p>\n<p><strong>Maz\u0101k\u0101 k\u0101p\u0146u da\u013ca:<\/strong> 500 mm (platums) \u00d7 275 mm (dzi\u013cums) \u00d7 310 mm (augstums)<\/p>\n<p>Ja k\u0101pnes nav apstr\u0101d\u0101tas, iesak\u0101m t\u0101s nokr\u0101sot vai iee\u013c\u013cot ar speci\u0101lu koksnes aizsargl\u012bdzekli. Tas pal\u012bdz saglab\u0101t koksnes skaistumu un iztur\u012bbu, k\u0101 ar\u012b aizsarg\u0101 to no mitruma un UV starojuma. K\u0101pnes katru gadu ieteicams atjaunot ar apdares materi\u0101lu.  <\/p>\n<p>Regul\u0101ri t\u012briet k\u0101pnes ar m\u012bkstu birsti vai dr\u0101nu, lai no\u0146emtu putek\u013cus, net\u012brumus un citus pies\u0101r\u0146ot\u0101jus.<\/p>\n<p><strong>NB!<\/strong> <strong>Prece izm\u0113ra d\u0113\u013c neietilpst pakom\u0101t\u0101.<\/strong> K\u0101pnes varam nos\u016bt\u012bt ar kurjeru. Pirms pas\u016bt\u012bjuma veik\u0161anas, l\u016bdzu, sazinieties ar m\u016bsu p\u0101rdo\u0161anas speci\u0101listu!<\/p>\n","protected":false},"excerpt":{"rendered":"<p><strong>Cen\u0101 iek\u013cauts PVN<\/strong><\/p>\n<p>K\u0101pnes padar\u012bs iek\u0101p\u0161anu kubl\u0101 un izk\u0101p\u0161anu no t\u0101 \u0113rtu un dro\u0161u. M\u016bsu pied\u0101v\u0101t\u0101s k\u0101pnes izgatavotas no iztur\u012bga un ilgm\u016b\u017e\u012bga termokoka. Ieg\u0101d\u0101jieties savas k\u0101pnes jau \u0161odien un speriet soli tuv\u0101k \u012bstai parad\u012bzei!  <\/p>\n","protected":false},"featured_media":2641,"template":"","meta":{"_acf_changed":false},"product_brand":[],"product_cat":[1617],"product_tag":[1632],"class_list":{"0":"post-11615","1":"product","2":"type-product","3":"status-publish","4":"has-post-thumbnail","6":"product_cat-papildaprikojums","7":"product_tag-etkumblustunni_lisad","9":"first","10":"instock","11":"shipping-taxable","12":"product-type-simple"},"acf":[],"yoast_head":"<!-- This site is optimized with the Yoast SEO plugin v27.5 - https:\/\/yoast.com\/product\/yoast-seo-wordpress\/ -->\n<title>Apa\u013cas k\u0101pnes ar diviem pak\u0101pieniem - Awero - S\u00fcdamega L\u00f5una-Eestist<\/title>\n<meta name=\"robots\" content=\"index, follow, max-snippet:-1, max-image-preview:large, max-video-preview:-1\" \/>\n<link rel=\"canonical\" href=\"https:\/\/awero.ee\/lv\/toode\/apalas-kapnes-ar-diviem-pakapieniem\/\" \/>\n<meta property=\"og:locale\" content=\"lv_LV\" \/>\n<meta property=\"og:type\" content=\"article\" \/>\n<meta property=\"og:title\" content=\"Apa\u013cas k\u0101pnes ar diviem pak\u0101pieniem - Awero - S\u00fcdamega L\u00f5una-Eestist\" \/>\n<meta property=\"og:description\" content=\"Cen\u0101 iek\u013cauts PVN K\u0101pnes padar\u012bs iek\u0101p\u0161anu kubl\u0101 un izk\u0101p\u0161anu no t\u0101 \u0113rtu un dro\u0161u. M\u016bsu pied\u0101v\u0101t\u0101s k\u0101pnes izgatavotas no iztur\u012bga un ilgm\u016b\u017e\u012bga termokoka. Ieg\u0101d\u0101jieties savas k\u0101pnes jau \u0161odien un speriet soli tuv\u0101k \u012bstai parad\u012bzei!\" \/>\n<meta property=\"og:url\" content=\"https:\/\/awero.ee\/lv\/toode\/apalas-kapnes-ar-diviem-pakapieniem\/\" \/>\n<meta property=\"og:site_name\" content=\"Awero - S\u00fcdamega L\u00f5una-Eestist\" \/>\n<meta property=\"article:modified_time\" content=\"2026-03-10T07:59:00+00:00\" \/>\n<meta property=\"og:image\" content=\"https:\/\/awero.ee\/wp-content\/uploads\/2024\/12\/Trepp_2_w.png\" \/>\n\t<meta property=\"og:image:width\" content=\"969\" \/>\n\t<meta property=\"og:image:height\" content=\"646\" \/>\n\t<meta property=\"og:image:type\" content=\"image\/png\" \/>\n<meta name=\"twitter:card\" content=\"summary_large_image\" \/>\n<meta name=\"twitter:label1\" content=\"Est. reading time\" \/>\n\t<meta name=\"twitter:data1\" content=\"1 minute\" \/>\n<script type=\"application\/ld+json\" class=\"yoast-schema-graph\">{\"@context\":\"https:\\\/\\\/schema.org\",\"@graph\":[{\"@type\":\"WebPage\",\"@id\":\"https:\\\/\\\/awero.ee\\\/lv\\\/toode\\\/apalas-kapnes-ar-diviem-pakapieniem\\\/\",\"url\":\"https:\\\/\\\/awero.ee\\\/lv\\\/toode\\\/apalas-kapnes-ar-diviem-pakapieniem\\\/\",\"name\":\"Apa\u013cas k\u0101pnes ar diviem pak\u0101pieniem - Awero - S\u00fcdamega L\u00f5una-Eestist\",\"isPartOf\":{\"@id\":\"https:\\\/\\\/awero.ee\\\/lv\\\/#website\"},\"primaryImageOfPage\":{\"@id\":\"https:\\\/\\\/awero.ee\\\/lv\\\/toode\\\/apalas-kapnes-ar-diviem-pakapieniem\\\/#primaryimage\"},\"image\":{\"@id\":\"https:\\\/\\\/awero.ee\\\/lv\\\/toode\\\/apalas-kapnes-ar-diviem-pakapieniem\\\/#primaryimage\"},\"thumbnailUrl\":\"https:\\\/\\\/awero.ee\\\/wp-content\\\/uploads\\\/2024\\\/12\\\/Trepp_2_w.png\",\"datePublished\":\"2024-12-12T12:00:46+00:00\",\"dateModified\":\"2026-03-10T07:59:00+00:00\",\"breadcrumb\":{\"@id\":\"https:\\\/\\\/awero.ee\\\/lv\\\/toode\\\/apalas-kapnes-ar-diviem-pakapieniem\\\/#breadcrumb\"},\"inLanguage\":\"lv-LV\",\"potentialAction\":[{\"@type\":\"ReadAction\",\"target\":[\"https:\\\/\\\/awero.ee\\\/lv\\\/toode\\\/apalas-kapnes-ar-diviem-pakapieniem\\\/\"]}]},{\"@type\":\"ImageObject\",\"inLanguage\":\"lv-LV\",\"@id\":\"https:\\\/\\\/awero.ee\\\/lv\\\/toode\\\/apalas-kapnes-ar-diviem-pakapieniem\\\/#primaryimage\",\"url\":\"https:\\\/\\\/awero.ee\\\/wp-content\\\/uploads\\\/2024\\\/12\\\/Trepp_2_w.png\",\"contentUrl\":\"https:\\\/\\\/awero.ee\\\/wp-content\\\/uploads\\\/2024\\\/12\\\/Trepp_2_w.png\",\"width\":969,\"height\":646},{\"@type\":\"BreadcrumbList\",\"@id\":\"https:\\\/\\\/awero.ee\\\/lv\\\/toode\\\/apalas-kapnes-ar-diviem-pakapieniem\\\/#breadcrumb\",\"itemListElement\":[{\"@type\":\"ListItem\",\"position\":1,\"name\":\"Home\",\"item\":\"https:\\\/\\\/awero.ee\\\/lv\\\/sakums\\\/\"},{\"@type\":\"ListItem\",\"position\":2,\"name\":\"Veikals\",\"item\":\"https:\\\/\\\/awero.ee\\\/lv\\\/veikals\\\/\"},{\"@type\":\"ListItem\",\"position\":3,\"name\":\"Apa\u013cas k\u0101pnes ar diviem pak\u0101pieniem\"}]},{\"@type\":\"WebSite\",\"@id\":\"https:\\\/\\\/awero.ee\\\/lv\\\/#website\",\"url\":\"https:\\\/\\\/awero.ee\\\/lv\\\/\",\"name\":\"Awero - S\u00fcdamega L\u00f5una Eestist\",\"description\":\"\",\"publisher\":{\"@id\":\"https:\\\/\\\/awero.ee\\\/lv\\\/#organization\"},\"potentialAction\":[{\"@type\":\"SearchAction\",\"target\":{\"@type\":\"EntryPoint\",\"urlTemplate\":\"https:\\\/\\\/awero.ee\\\/lv\\\/?s={search_term_string}\"},\"query-input\":{\"@type\":\"PropertyValueSpecification\",\"valueRequired\":true,\"valueName\":\"search_term_string\"}}],\"inLanguage\":\"lv-LV\"},{\"@type\":\"Organization\",\"@id\":\"https:\\\/\\\/awero.ee\\\/lv\\\/#organization\",\"name\":\"Awero - S\u00fcdamega L\u00f5una Eestist\",\"url\":\"https:\\\/\\\/awero.ee\\\/lv\\\/\",\"logo\":{\"@type\":\"ImageObject\",\"inLanguage\":\"lv-LV\",\"@id\":\"https:\\\/\\\/awero.ee\\\/lv\\\/#\\\/schema\\\/logo\\\/image\\\/\",\"url\":\"https:\\\/\\\/awero.ee\\\/wp-content\\\/uploads\\\/2024\\\/07\\\/aweroplaceholder.jpg\",\"contentUrl\":\"https:\\\/\\\/awero.ee\\\/wp-content\\\/uploads\\\/2024\\\/07\\\/aweroplaceholder.jpg\",\"width\":1250,\"height\":834,\"caption\":\"Awero - S\u00fcdamega L\u00f5una Eestist\"},\"image\":{\"@id\":\"https:\\\/\\\/awero.ee\\\/lv\\\/#\\\/schema\\\/logo\\\/image\\\/\"}}]}<\/script>\n<!-- \/ Yoast SEO plugin. -->","yoast_head_json":{"title":"Apa\u013cas k\u0101pnes ar diviem pak\u0101pieniem - Awero - S\u00fcdamega L\u00f5una-Eestist","robots":{"index":"index","follow":"follow","max-snippet":"max-snippet:-1","max-image-preview":"max-image-preview:large","max-video-preview":"max-video-preview:-1"},"canonical":"https:\/\/awero.ee\/lv\/toode\/apalas-kapnes-ar-diviem-pakapieniem\/","og_locale":"lv_LV","og_type":"article","og_title":"Apa\u013cas k\u0101pnes ar diviem pak\u0101pieniem - Awero - S\u00fcdamega L\u00f5una-Eestist","og_description":"Cen\u0101 iek\u013cauts PVN K\u0101pnes padar\u012bs iek\u0101p\u0161anu kubl\u0101 un izk\u0101p\u0161anu no t\u0101 \u0113rtu un dro\u0161u. M\u016bsu pied\u0101v\u0101t\u0101s k\u0101pnes izgatavotas no iztur\u012bga un ilgm\u016b\u017e\u012bga termokoka. Ieg\u0101d\u0101jieties savas k\u0101pnes jau \u0161odien un speriet soli tuv\u0101k \u012bstai parad\u012bzei!","og_url":"https:\/\/awero.ee\/lv\/toode\/apalas-kapnes-ar-diviem-pakapieniem\/","og_site_name":"Awero - S\u00fcdamega L\u00f5una-Eestist","article_modified_time":"2026-03-10T07:59:00+00:00","og_image":[{"width":969,"height":646,"url":"https:\/\/awero.ee\/wp-content\/uploads\/2024\/12\/Trepp_2_w.png","type":"image\/png"}],"twitter_card":"summary_large_image","twitter_misc":{"Est. reading time":"1 minute"},"schema":{"@context":"https:\/\/schema.org","@graph":[{"@type":"WebPage","@id":"https:\/\/awero.ee\/lv\/toode\/apalas-kapnes-ar-diviem-pakapieniem\/","url":"https:\/\/awero.ee\/lv\/toode\/apalas-kapnes-ar-diviem-pakapieniem\/","name":"Apa\u013cas k\u0101pnes ar diviem pak\u0101pieniem - Awero - S\u00fcdamega L\u00f5una-Eestist","isPartOf":{"@id":"https:\/\/awero.ee\/lv\/#website"},"primaryImageOfPage":{"@id":"https:\/\/awero.ee\/lv\/toode\/apalas-kapnes-ar-diviem-pakapieniem\/#primaryimage"},"image":{"@id":"https:\/\/awero.ee\/lv\/toode\/apalas-kapnes-ar-diviem-pakapieniem\/#primaryimage"},"thumbnailUrl":"https:\/\/awero.ee\/wp-content\/uploads\/2024\/12\/Trepp_2_w.png","datePublished":"2024-12-12T12:00:46+00:00","dateModified":"2026-03-10T07:59:00+00:00","breadcrumb":{"@id":"https:\/\/awero.ee\/lv\/toode\/apalas-kapnes-ar-diviem-pakapieniem\/#breadcrumb"},"inLanguage":"lv-LV","potentialAction":[{"@type":"ReadAction","target":["https:\/\/awero.ee\/lv\/toode\/apalas-kapnes-ar-diviem-pakapieniem\/"]}]},{"@type":"ImageObject","inLanguage":"lv-LV","@id":"https:\/\/awero.ee\/lv\/toode\/apalas-kapnes-ar-diviem-pakapieniem\/#primaryimage","url":"https:\/\/awero.ee\/wp-content\/uploads\/2024\/12\/Trepp_2_w.png","contentUrl":"https:\/\/awero.ee\/wp-content\/uploads\/2024\/12\/Trepp_2_w.png","width":969,"height":646},{"@type":"BreadcrumbList","@id":"https:\/\/awero.ee\/lv\/toode\/apalas-kapnes-ar-diviem-pakapieniem\/#breadcrumb","itemListElement":[{"@type":"ListItem","position":1,"name":"Home","item":"https:\/\/awero.ee\/lv\/sakums\/"},{"@type":"ListItem","position":2,"name":"Veikals","item":"https:\/\/awero.ee\/lv\/veikals\/"},{"@type":"ListItem","position":3,"name":"Apa\u013cas k\u0101pnes ar diviem pak\u0101pieniem"}]},{"@type":"WebSite","@id":"https:\/\/awero.ee\/lv\/#website","url":"https:\/\/awero.ee\/lv\/","name":"Awero - S\u00fcdamega L\u00f5una Eestist","description":"","publisher":{"@id":"https:\/\/awero.ee\/lv\/#organization"},"potentialAction":[{"@type":"SearchAction","target":{"@type":"EntryPoint","urlTemplate":"https:\/\/awero.ee\/lv\/?s={search_term_string}"},"query-input":{"@type":"PropertyValueSpecification","valueRequired":true,"valueName":"search_term_string"}}],"inLanguage":"lv-LV"},{"@type":"Organization","@id":"https:\/\/awero.ee\/lv\/#organization","name":"Awero - S\u00fcdamega L\u00f5una Eestist","url":"https:\/\/awero.ee\/lv\/","logo":{"@type":"ImageObject","inLanguage":"lv-LV","@id":"https:\/\/awero.ee\/lv\/#\/schema\/logo\/image\/","url":"https:\/\/awero.ee\/wp-content\/uploads\/2024\/07\/aweroplaceholder.jpg","contentUrl":"https:\/\/awero.ee\/wp-content\/uploads\/2024\/07\/aweroplaceholder.jpg","width":1250,"height":834,"caption":"Awero - S\u00fcdamega L\u00f5una Eestist"},"image":{"@id":"https:\/\/awero.ee\/lv\/#\/schema\/logo\/image\/"}}]}},"_links":{"self":[{"href":"https:\/\/awero.ee\/lv\/wp-json\/wp\/v2\/product\/11615","targetHints":{"allow":["GET"]}}],"collection":[{"href":"https:\/\/awero.ee\/lv\/wp-json\/wp\/v2\/product"}],"about":[{"href":"https:\/\/awero.ee\/lv\/wp-json\/wp\/v2\/types\/product"}],"wp:featuredmedia":[{"embeddable":true,"href":"https:\/\/awero.ee\/lv\/wp-json\/wp\/v2\/media\/2641"}],"wp:attachment":[{"href":"https:\/\/awero.ee\/lv\/wp-json\/wp\/v2\/media?parent=11615"}],"wp:term":[{"taxonomy":"product_brand","embeddable":true,"href":"https:\/\/awero.ee\/lv\/wp-json\/wp\/v2\/product_brand?post=11615"},{"taxonomy":"product_cat","embeddable":true,"href":"https:\/\/awero.ee\/lv\/wp-json\/wp\/v2\/product_cat?post=11615"},{"taxonomy":"product_tag","embeddable":true,"href":"https:\/\/awero.ee\/lv\/wp-json\/wp\/v2\/product_tag?post=11615"}],"curies":[{"name":"wp","href":"https:\/\/api.w.org\/{rel}","templated":true}]}}