{"id":11575,"date":"2024-12-12T12:00:46","date_gmt":"2024-12-12T12:00:46","guid":{"rendered":"https:\/\/awero.ee\/toode\/led-apgaismojums\/"},"modified":"2026-03-10T07:59:11","modified_gmt":"2026-03-10T07:59:11","slug":"led-apgaismojums","status":"publish","type":"product","link":"https:\/\/awero.ee\/lv\/toode\/led-apgaismojums\/","title":{"rendered":"LED apgaismojums"},"content":{"rendered":"<p>LED apgaismes \u0137erme\u0146i izgatavoti no materi\u0101liem, kas nodro\u0161ina iztur\u012bbu \u0101ra apst\u0101k\u013cos. Tie apr\u012bkoti ar daudzkr\u0101sain\u0101m LED spuldz\u0113m (RGB), kas \u013cauj izv\u0113l\u0113ties da\u017e\u0101dus gaismas re\u017e\u012bmus un kr\u0101su to\u0146us atbilsto\u0161i j\u016bsu noska\u0146ojumam. LED apgaismojumu var uzst\u0101d\u012bt kubliem ar plastmasas \u010daulu.  <\/p>\n<p>Mode\u013cu kl\u0101st\u0101:<\/p>\n<ul>\n<li>IconTub \u2013 apgaismes \u0137ermenis ar 2 spuldz\u0113m + 1 poga<\/li>\n<li>Ofuro \u2013 apgaismes \u0137ermenis ar 1 spuldzi + 1 poga<\/li>\n<li>Diametrs 200 cm \u2013 apgaismes \u0137ermenis ar 1 spuldzi + 1 poga<\/li>\n<li>Diametrs 220 cm \u2013 apgaismes \u0137ermenis ar 2 spuldz\u0113m + 1 poga<\/li>\n<li>MulliXKing \u2013 apgaismes \u0137ermenis ar 3 spuldz\u0113m + 1 poga<\/li>\n<\/ul>\n<p>LED tehnolo\u0123ija nodro\u0161ina zemu ener\u0123ijas pat\u0113ri\u0146u un ilgm\u016b\u017e\u012bbu sal\u012bdzin\u0101jum\u0101 ar tradicion\u0101lajiem apgaismes \u0137erme\u0146iem.<\/p>\n","protected":false},"excerpt":{"rendered":"<p>LED apgaismojums ir lielisks papildu aksesu\u0101rs, kas padar\u012bs j\u016bsu peldi v\u0113l pat\u012bkam\u0101ku un neatk\u0101rtojam\u0101ku. Neatkar\u012bgi no t\u0101, vai dodat priek\u0161roku romantiskai vakara gaismai vai jautrai kr\u0101su kombin\u0101cijai, \u0161is apgaismojums \u013caus jums rad\u012bt tie\u0161i jums piem\u0113rotu atmosf\u0113ru j\u016bsu kubl\u0101. <\/p>\n","protected":false},"featured_media":11586,"template":"","meta":{"_acf_changed":false},"product_brand":[],"product_cat":[1617],"product_tag":[],"class_list":{"0":"post-11575","1":"product","2":"type-product","3":"status-publish","4":"has-post-thumbnail","6":"product_cat-papildaprikojums","8":"first","9":"instock","10":"shipping-taxable","11":"product-type-variable"},"acf":[],"yoast_head":"<!-- This site is optimized with the Yoast SEO plugin v26.8 - https:\/\/yoast.com\/product\/yoast-seo-wordpress\/ -->\n<title>LED apgaismojums - Awero - S\u00fcdamega L\u00f5una-Eestist<\/title>\n<meta name=\"robots\" content=\"index, follow, max-snippet:-1, max-image-preview:large, max-video-preview:-1\" \/>\n<link rel=\"canonical\" href=\"https:\/\/awero.ee\/lv\/toode\/led-apgaismojums\/\" \/>\n<meta property=\"og:locale\" content=\"lv_LV\" \/>\n<meta property=\"og:type\" content=\"article\" \/>\n<meta property=\"og:title\" content=\"LED apgaismojums - Awero - S\u00fcdamega L\u00f5una-Eestist\" \/>\n<meta property=\"og:description\" content=\"LED apgaismojums ir lielisks papildu aksesu\u0101rs, kas padar\u012bs j\u016bsu peldi v\u0113l pat\u012bkam\u0101ku un neatk\u0101rtojam\u0101ku. Neatkar\u012bgi no t\u0101, vai dodat priek\u0161roku romantiskai vakara gaismai vai jautrai kr\u0101su kombin\u0101cijai, \u0161is apgaismojums \u013caus jums rad\u012bt tie\u0161i jums piem\u0113rotu atmosf\u0113ru j\u016bsu kubl\u0101.\" \/>\n<meta property=\"og:url\" content=\"https:\/\/awero.ee\/lv\/toode\/led-apgaismojums\/\" \/>\n<meta property=\"og:site_name\" content=\"Awero - S\u00fcdamega L\u00f5una-Eestist\" \/>\n<meta property=\"article:modified_time\" content=\"2026-03-10T07:59:11+00:00\" \/>\n<meta property=\"og:image\" content=\"https:\/\/awero.ee\/wp-content\/uploads\/2024\/12\/LED-valgustus-1.jpg\" \/>\n\t<meta property=\"og:image:width\" content=\"1080\" \/>\n\t<meta property=\"og:image:height\" content=\"809\" \/>\n\t<meta property=\"og:image:type\" content=\"image\/jpeg\" \/>\n<meta name=\"twitter:card\" content=\"summary_large_image\" \/>\n<meta name=\"twitter:label1\" content=\"Est. reading time\" \/>\n\t<meta name=\"twitter:data1\" content=\"1 minute\" \/>\n<script type=\"application\/ld+json\" class=\"yoast-schema-graph\">{\"@context\":\"https:\/\/schema.org\",\"@graph\":[{\"@type\":\"WebPage\",\"@id\":\"https:\/\/awero.ee\/lv\/toode\/led-apgaismojums\/\",\"url\":\"https:\/\/awero.ee\/lv\/toode\/led-apgaismojums\/\",\"name\":\"LED apgaismojums - Awero - S\u00fcdamega L\u00f5una-Eestist\",\"isPartOf\":{\"@id\":\"https:\/\/awero.ee\/lv\/#website\"},\"primaryImageOfPage\":{\"@id\":\"https:\/\/awero.ee\/lv\/toode\/led-apgaismojums\/#primaryimage\"},\"image\":{\"@id\":\"https:\/\/awero.ee\/lv\/toode\/led-apgaismojums\/#primaryimage\"},\"thumbnailUrl\":\"https:\/\/awero.ee\/wp-content\/uploads\/2024\/12\/LED-valgustus-1.jpg\",\"datePublished\":\"2024-12-12T12:00:46+00:00\",\"dateModified\":\"2026-03-10T07:59:11+00:00\",\"breadcrumb\":{\"@id\":\"https:\/\/awero.ee\/lv\/toode\/led-apgaismojums\/#breadcrumb\"},\"inLanguage\":\"lv-LV\",\"potentialAction\":[{\"@type\":\"ReadAction\",\"target\":[\"https:\/\/awero.ee\/lv\/toode\/led-apgaismojums\/\"]}]},{\"@type\":\"ImageObject\",\"inLanguage\":\"lv-LV\",\"@id\":\"https:\/\/awero.ee\/lv\/toode\/led-apgaismojums\/#primaryimage\",\"url\":\"https:\/\/awero.ee\/wp-content\/uploads\/2024\/12\/LED-valgustus-1.jpg\",\"contentUrl\":\"https:\/\/awero.ee\/wp-content\/uploads\/2024\/12\/LED-valgustus-1.jpg\",\"width\":1080,\"height\":809},{\"@type\":\"BreadcrumbList\",\"@id\":\"https:\/\/awero.ee\/lv\/toode\/led-apgaismojums\/#breadcrumb\",\"itemListElement\":[{\"@type\":\"ListItem\",\"position\":1,\"name\":\"Home\",\"item\":\"https:\/\/awero.ee\/lv\/sakums\/\"},{\"@type\":\"ListItem\",\"position\":2,\"name\":\"Veikals\",\"item\":\"https:\/\/awero.ee\/lv\/veikals\/\"},{\"@type\":\"ListItem\",\"position\":3,\"name\":\"LED apgaismojums\"}]},{\"@type\":\"WebSite\",\"@id\":\"https:\/\/awero.ee\/lv\/#website\",\"url\":\"https:\/\/awero.ee\/lv\/\",\"name\":\"Awero - S\u00fcdamega L\u00f5una Eestist\",\"description\":\"\",\"publisher\":{\"@id\":\"https:\/\/awero.ee\/lv\/#organization\"},\"potentialAction\":[{\"@type\":\"SearchAction\",\"target\":{\"@type\":\"EntryPoint\",\"urlTemplate\":\"https:\/\/awero.ee\/lv\/?s={search_term_string}\"},\"query-input\":{\"@type\":\"PropertyValueSpecification\",\"valueRequired\":true,\"valueName\":\"search_term_string\"}}],\"inLanguage\":\"lv-LV\"},{\"@type\":\"Organization\",\"@id\":\"https:\/\/awero.ee\/lv\/#organization\",\"name\":\"Awero - S\u00fcdamega L\u00f5una Eestist\",\"url\":\"https:\/\/awero.ee\/lv\/\",\"logo\":{\"@type\":\"ImageObject\",\"inLanguage\":\"lv-LV\",\"@id\":\"https:\/\/awero.ee\/lv\/#\/schema\/logo\/image\/\",\"url\":\"https:\/\/awero.ee\/wp-content\/uploads\/2024\/07\/aweroplaceholder.jpg\",\"contentUrl\":\"https:\/\/awero.ee\/wp-content\/uploads\/2024\/07\/aweroplaceholder.jpg\",\"width\":1250,\"height\":834,\"caption\":\"Awero - S\u00fcdamega L\u00f5una Eestist\"},\"image\":{\"@id\":\"https:\/\/awero.ee\/lv\/#\/schema\/logo\/image\/\"}}]}<\/script>\n<!-- \/ Yoast SEO plugin. -->","yoast_head_json":{"title":"LED apgaismojums - Awero - S\u00fcdamega L\u00f5una-Eestist","robots":{"index":"index","follow":"follow","max-snippet":"max-snippet:-1","max-image-preview":"max-image-preview:large","max-video-preview":"max-video-preview:-1"},"canonical":"https:\/\/awero.ee\/lv\/toode\/led-apgaismojums\/","og_locale":"lv_LV","og_type":"article","og_title":"LED apgaismojums - Awero - S\u00fcdamega L\u00f5una-Eestist","og_description":"LED apgaismojums ir lielisks papildu aksesu\u0101rs, kas padar\u012bs j\u016bsu peldi v\u0113l pat\u012bkam\u0101ku un neatk\u0101rtojam\u0101ku. Neatkar\u012bgi no t\u0101, vai dodat priek\u0161roku romantiskai vakara gaismai vai jautrai kr\u0101su kombin\u0101cijai, \u0161is apgaismojums \u013caus jums rad\u012bt tie\u0161i jums piem\u0113rotu atmosf\u0113ru j\u016bsu kubl\u0101.","og_url":"https:\/\/awero.ee\/lv\/toode\/led-apgaismojums\/","og_site_name":"Awero - S\u00fcdamega L\u00f5una-Eestist","article_modified_time":"2026-03-10T07:59:11+00:00","og_image":[{"width":1080,"height":809,"url":"https:\/\/awero.ee\/wp-content\/uploads\/2024\/12\/LED-valgustus-1.jpg","type":"image\/jpeg"}],"twitter_card":"summary_large_image","twitter_misc":{"Est. reading time":"1 minute"},"schema":{"@context":"https:\/\/schema.org","@graph":[{"@type":"WebPage","@id":"https:\/\/awero.ee\/lv\/toode\/led-apgaismojums\/","url":"https:\/\/awero.ee\/lv\/toode\/led-apgaismojums\/","name":"LED apgaismojums - Awero - S\u00fcdamega L\u00f5una-Eestist","isPartOf":{"@id":"https:\/\/awero.ee\/lv\/#website"},"primaryImageOfPage":{"@id":"https:\/\/awero.ee\/lv\/toode\/led-apgaismojums\/#primaryimage"},"image":{"@id":"https:\/\/awero.ee\/lv\/toode\/led-apgaismojums\/#primaryimage"},"thumbnailUrl":"https:\/\/awero.ee\/wp-content\/uploads\/2024\/12\/LED-valgustus-1.jpg","datePublished":"2024-12-12T12:00:46+00:00","dateModified":"2026-03-10T07:59:11+00:00","breadcrumb":{"@id":"https:\/\/awero.ee\/lv\/toode\/led-apgaismojums\/#breadcrumb"},"inLanguage":"lv-LV","potentialAction":[{"@type":"ReadAction","target":["https:\/\/awero.ee\/lv\/toode\/led-apgaismojums\/"]}]},{"@type":"ImageObject","inLanguage":"lv-LV","@id":"https:\/\/awero.ee\/lv\/toode\/led-apgaismojums\/#primaryimage","url":"https:\/\/awero.ee\/wp-content\/uploads\/2024\/12\/LED-valgustus-1.jpg","contentUrl":"https:\/\/awero.ee\/wp-content\/uploads\/2024\/12\/LED-valgustus-1.jpg","width":1080,"height":809},{"@type":"BreadcrumbList","@id":"https:\/\/awero.ee\/lv\/toode\/led-apgaismojums\/#breadcrumb","itemListElement":[{"@type":"ListItem","position":1,"name":"Home","item":"https:\/\/awero.ee\/lv\/sakums\/"},{"@type":"ListItem","position":2,"name":"Veikals","item":"https:\/\/awero.ee\/lv\/veikals\/"},{"@type":"ListItem","position":3,"name":"LED apgaismojums"}]},{"@type":"WebSite","@id":"https:\/\/awero.ee\/lv\/#website","url":"https:\/\/awero.ee\/lv\/","name":"Awero - S\u00fcdamega L\u00f5una Eestist","description":"","publisher":{"@id":"https:\/\/awero.ee\/lv\/#organization"},"potentialAction":[{"@type":"SearchAction","target":{"@type":"EntryPoint","urlTemplate":"https:\/\/awero.ee\/lv\/?s={search_term_string}"},"query-input":{"@type":"PropertyValueSpecification","valueRequired":true,"valueName":"search_term_string"}}],"inLanguage":"lv-LV"},{"@type":"Organization","@id":"https:\/\/awero.ee\/lv\/#organization","name":"Awero - S\u00fcdamega L\u00f5una Eestist","url":"https:\/\/awero.ee\/lv\/","logo":{"@type":"ImageObject","inLanguage":"lv-LV","@id":"https:\/\/awero.ee\/lv\/#\/schema\/logo\/image\/","url":"https:\/\/awero.ee\/wp-content\/uploads\/2024\/07\/aweroplaceholder.jpg","contentUrl":"https:\/\/awero.ee\/wp-content\/uploads\/2024\/07\/aweroplaceholder.jpg","width":1250,"height":834,"caption":"Awero - S\u00fcdamega L\u00f5una Eestist"},"image":{"@id":"https:\/\/awero.ee\/lv\/#\/schema\/logo\/image\/"}}]}},"_links":{"self":[{"href":"https:\/\/awero.ee\/lv\/wp-json\/wp\/v2\/product\/11575","targetHints":{"allow":["GET"]}}],"collection":[{"href":"https:\/\/awero.ee\/lv\/wp-json\/wp\/v2\/product"}],"about":[{"href":"https:\/\/awero.ee\/lv\/wp-json\/wp\/v2\/types\/product"}],"wp:featuredmedia":[{"embeddable":true,"href":"https:\/\/awero.ee\/lv\/wp-json\/wp\/v2\/media\/11586"}],"wp:attachment":[{"href":"https:\/\/awero.ee\/lv\/wp-json\/wp\/v2\/media?parent=11575"}],"wp:term":[{"taxonomy":"product_brand","embeddable":true,"href":"https:\/\/awero.ee\/lv\/wp-json\/wp\/v2\/product_brand?post=11575"},{"taxonomy":"product_cat","embeddable":true,"href":"https:\/\/awero.ee\/lv\/wp-json\/wp\/v2\/product_cat?post=11575"},{"taxonomy":"product_tag","embeddable":true,"href":"https:\/\/awero.ee\/lv\/wp-json\/wp\/v2\/product_tag?post=11575"}],"curies":[{"name":"wp","href":"https:\/\/api.w.org\/{rel}","templated":true}]}}